{"id":10180,"date":"2015-11-10T12:43:04","date_gmt":"2015-11-10T12:43:04","guid":{"rendered":"https:\/\/bice.org\/fr\/?page_id=10180"},"modified":"2024-04-16T10:27:45","modified_gmt":"2024-04-16T08:27:45","slug":"nous-soutenir","status":"publish","type":"page","link":"https:\/\/bice.org\/fr\/nous-soutenir\/","title":{"rendered":"Nous soutenir"},"content":{"rendered":"\n<p><strong>A titre personnel<\/strong>, vous pouvez manifester votre soutien \u00e0 notre cause de multiples mani\u00e8res. <\/p>\n\n\n\n<p><strong><em><a href=\"https:\/\/bice.org\/fr\/nous-soutenir\/faire-un-don\/\">Par un don<\/a>, <\/em><\/strong>bien s\u00fbr. Cette source de revenus repr\u00e9sente la majorit\u00e9 de nos ressources : elle est donc essentielle pour mener \u00e0 bien nos projets, avec nos partenaires, au service des enfants. Que vous optiez pour un don ponctuel ou r\u00e9gulier, vous b\u00e9n\u00e9ficierez, si vous \u00eates imposable, d\u2019une r\u00e9duction de 66 % sur la totalit\u00e9 de son montant.<\/p>\n\n\n\n<p><strong><em><a href=\"https:\/\/bice.org\/fr\/nous-soutenir\/faire-un-legs-assurance-vie-donation\/\">Par une donation, une assurance-vie ou un legs.<\/a><\/em><\/strong> Ces actes forts permettent de prolonger le partage, de son vivant ou apr\u00e8s la vie. Ils p\u00e9rennisent concr\u00e8tement l\u2019engagement profond du c\u0153ur pour la cause des enfants.<\/p>\n\n\n\n<p>Enfin, nous vous invitons \u00e0 nous contacter si vous souhaitez organiser un \u00e9v\u00e9nement de collecte pour le BICE, faire conna\u00eetre notre association dans votre paroisse, votre cin\u00e9-club ou autre, nous proposer \u00e0 titre gracieux, vos talents de maquettiste, de photographe, etc. Toutes les id\u00e9es sont les bienvenues pour faire grandir et rayonner la communaut\u00e9 du BICE !<\/p>\n\n\n\n<p><strong>Vous \u00eates une entreprise ?<\/strong> <a href=\"https:\/\/bice.org\/fr\/nous-soutenir\/entreprises\/\">D\u00e9couvrez comment vous engager \u00e0 nos c\u00f4t\u00e9s<\/a>.<\/p>\n","protected":false},"excerpt":{"rendered":"<p>Choisir de soutenir le BICE, c\u2019est faire le choix de s\u2019engager aupr\u00e8s d\u2019une association, catholique, qui \u0153uvre depuis 75 ans pour la dignit\u00e9 et les droits des enfants vuln\u00e9rables \u00e0 travers le monde.<\/p>\n","protected":false},"author":1,"featured_media":146100,"parent":0,"menu_order":0,"comment_status":"closed","ping_status":"closed","template":"views\/page-node.blade.php","meta":{"_acf_changed":false,"footnotes":""},"class_list":["post-10180","page","type-page","status-publish","has-post-thumbnail","hentry"],"acf":[],"yoast_head":"<!-- This site is optimized with the Yoast SEO plugin v27.2 - https:\/\/yoast.com\/product\/yoast-seo-wordpress\/ -->\n<title>Nous soutenir - Le BICE<\/title>\n<meta name=\"description\" content=\"Soutenir le BICE, c\u2019est faire le choix de s\u2019engager pour une association qui \u0153uvre pour la dignit\u00e9 et les droits des enfants dans le monde.\" \/>\n<meta name=\"robots\" content=\"index, follow, max-snippet:-1, max-image-preview:large, max-video-preview:-1\" \/>\n<link rel=\"canonical\" href=\"https:\/\/bice.org\/fr\/wp-json\/wp\/v2\/pages\/10180\" \/>\n<meta property=\"og:locale\" content=\"fr_FR\" \/>\n<meta property=\"og:type\" content=\"article\" \/>\n<meta property=\"og:title\" content=\"Nous soutenir - Le BICE\" \/>\n<meta property=\"og:description\" content=\"Soutenir le BICE, c\u2019est faire le choix de s\u2019engager pour une association qui \u0153uvre pour la dignit\u00e9 et les droits des enfants dans le monde.\" \/>\n<meta property=\"og:url\" content=\"https:\/\/bice.org\/fr\/nous-soutenir\/\" \/>\n<meta property=\"og:site_name\" content=\"BICE - ONG de protection des droits de l&#039;enfant\" \/>\n<meta property=\"article:modified_time\" content=\"2024-04-16T08:27:45+00:00\" \/>\n<meta property=\"og:image\" content=\"https:\/\/i0.wp.com\/bice.org\/app\/uploads\/2023\/05\/Visuel-Don-imposition.png?fit=996%2C576&ssl=1\" \/>\n\t<meta property=\"og:image:width\" content=\"996\" \/>\n\t<meta property=\"og:image:height\" content=\"576\" \/>\n\t<meta property=\"og:image:type\" content=\"image\/png\" \/>\n<meta name=\"twitter:card\" content=\"summary_large_image\" \/>\n<meta name=\"twitter:label1\" content=\"Dur\u00e9e de lecture estim\u00e9e\" \/>\n\t<meta name=\"twitter:data1\" content=\"1 minute\" \/>\n<!-- \/ Yoast SEO plugin. -->","yoast_head_json":{"title":"Nous soutenir - Le BICE","description":"Soutenir le BICE, c\u2019est faire le choix de s\u2019engager pour une association qui \u0153uvre pour la dignit\u00e9 et les droits des enfants dans le monde.","robots":{"index":"index","follow":"follow","max-snippet":"max-snippet:-1","max-image-preview":"max-image-preview:large","max-video-preview":"max-video-preview:-1"},"canonical":"https:\/\/bice.org\/fr\/wp-json\/wp\/v2\/pages\/10180","og_locale":"fr_FR","og_type":"article","og_title":"Nous soutenir - Le BICE","og_description":"Soutenir le BICE, c\u2019est faire le choix de s\u2019engager pour une association qui \u0153uvre pour la dignit\u00e9 et les droits des enfants dans le monde.","og_url":"https:\/\/bice.org\/fr\/nous-soutenir\/","og_site_name":"BICE - ONG de protection des droits de l&#039;enfant","article_modified_time":"2024-04-16T08:27:45+00:00","og_image":[{"width":996,"height":576,"url":"https:\/\/i0.wp.com\/bice.org\/app\/uploads\/2023\/05\/Visuel-Don-imposition.png?fit=996%2C576&ssl=1","type":"image\/png"}],"twitter_card":"summary_large_image","twitter_misc":{"Dur\u00e9e de lecture estim\u00e9e":"1 minute"},"schema":{"@context":"https:\/\/schema.org","@graph":[{"@type":"WebPage","@id":"https:\/\/bice.org\/fr\/nous-soutenir\/","url":"https:\/\/bice.org\/fr\/nous-soutenir\/","name":"Nous soutenir - Le BICE","isPartOf":{"@id":"https:\/\/bice.org\/fr\/#website"},"primaryImageOfPage":{"@id":"https:\/\/bice.org\/fr\/nous-soutenir\/#primaryimage"},"image":{"@id":"https:\/\/bice.org\/fr\/nous-soutenir\/#primaryimage"},"thumbnailUrl":"https:\/\/i0.wp.com\/bice.org\/app\/uploads\/2023\/05\/Visuel-Don-imposition.png?fit=996%2C576&ssl=1","datePublished":"2015-11-10T12:43:04+00:00","dateModified":"2024-04-16T08:27:45+00:00","description":"Soutenir le BICE, c\u2019est faire le choix de s\u2019engager pour une association qui \u0153uvre pour la dignit\u00e9 et les droits des enfants dans le monde.","breadcrumb":{"@id":"https:\/\/bice.org\/fr\/nous-soutenir\/#breadcrumb"},"inLanguage":"fr-FR","potentialAction":[{"@type":"ReadAction","target":["https:\/\/bice.org\/fr\/nous-soutenir\/"]}]},{"@type":"ImageObject","inLanguage":"fr-FR","@id":"https:\/\/bice.org\/fr\/nous-soutenir\/#primaryimage","url":"https:\/\/i0.wp.com\/bice.org\/app\/uploads\/2023\/05\/Visuel-Don-imposition.png?fit=996%2C576&ssl=1","contentUrl":"https:\/\/i0.wp.com\/bice.org\/app\/uploads\/2023\/05\/Visuel-Don-imposition.png?fit=996%2C576&ssl=1","width":996,"height":576,"caption":"Soutenir le BICE : enfants au Liban"},{"@type":"BreadcrumbList","@id":"https:\/\/bice.org\/fr\/nous-soutenir\/#breadcrumb","itemListElement":[{"@type":"ListItem","position":1,"name":"Accueil","item":"https:\/\/bice.org\/fr\/"},{"@type":"ListItem","position":2,"name":"Nous soutenir"}]},{"@type":"WebSite","@id":"https:\/\/bice.org\/fr\/#website","url":"https:\/\/bice.org\/fr\/","name":"BICE - ONG de protection des droits de l&#039;enfant","description":"Notre mission : D\u00e9fendre les droits et la dignit\u00e9 des enfants partout dans le monde","publisher":{"@id":"https:\/\/bice.org\/fr\/#organization"},"potentialAction":[{"@type":"SearchAction","target":{"@type":"EntryPoint","urlTemplate":"https:\/\/bice.org\/fr\/?s={search_term_string}"},"query-input":{"@type":"PropertyValueSpecification","valueRequired":true,"valueName":"search_term_string"}}],"inLanguage":"fr-FR"},{"@type":"Organization","@id":"https:\/\/bice.org\/fr\/#organization","name":"BICE","url":"https:\/\/bice.org\/fr\/","logo":{"@type":"ImageObject","inLanguage":"fr-FR","@id":"https:\/\/bice.org\/fr\/#\/schema\/logo\/image\/","url":"https:\/\/bice.org\/app\/uploads\/2022\/06\/favicon.ico","contentUrl":"https:\/\/bice.org\/app\/uploads\/2022\/06\/favicon.ico","width":64,"height":64,"caption":"BICE"},"image":{"@id":"https:\/\/bice.org\/fr\/#\/schema\/logo\/image\/"}}]}},"jetpack_sharing_enabled":true,"_links":{"self":[{"href":"https:\/\/bice.org\/fr\/wp-json\/wp\/v2\/pages\/10180","targetHints":{"allow":["GET"]}}],"collection":[{"href":"https:\/\/bice.org\/fr\/wp-json\/wp\/v2\/pages"}],"about":[{"href":"https:\/\/bice.org\/fr\/wp-json\/wp\/v2\/types\/page"}],"author":[{"embeddable":true,"href":"https:\/\/bice.org\/fr\/wp-json\/wp\/v2\/users\/1"}],"replies":[{"embeddable":true,"href":"https:\/\/bice.org\/fr\/wp-json\/wp\/v2\/comments?post=10180"}],"version-history":[{"count":0,"href":"https:\/\/bice.org\/fr\/wp-json\/wp\/v2\/pages\/10180\/revisions"}],"wp:featuredmedia":[{"embeddable":true,"href":"https:\/\/bice.org\/fr\/wp-json\/wp\/v2\/media\/146100"}],"wp:attachment":[{"href":"https:\/\/bice.org\/fr\/wp-json\/wp\/v2\/media?parent=10180"}],"curies":[{"name":"wp","href":"https:\/\/api.w.org\/{rel}","templated":true}]}}