{"id":10191,"date":"2015-11-10T12:46:34","date_gmt":"2015-11-10T12:46:34","guid":{"rendered":"https:\/\/bice.org\/fr\/?page_id=10191"},"modified":"2025-07-17T13:47:03","modified_gmt":"2025-07-17T11:47:03","slug":"faire-un-don","status":"publish","type":"page","link":"https:\/\/bice.org\/fr\/nous-soutenir\/faire-un-don\/","title":{"rendered":"Faire un don"},"content":{"rendered":"\n<h2 class=\"wp-block-heading\">Les diff\u00e9rents types de dons<\/h2>\n\n\n\n<p>Vous pouvez opter pour un don ponctuel ou un don r\u00e9gulier.<\/p>\n\n\n\n<h3 class=\"wp-block-heading\">Le don ponctuel<\/h3>\n\n\n\n<p>Avec le don ponctuel, vous choisissez d\u2019apporter, \u00e0 un moment donn\u00e9, votre soutien \u00e0 nos actions de protection en faveur des enfants. Vous pouvez r\u00e9aliser ce don quand vous le souhaitez&nbsp;: il ne vous engage en aucune fa\u00e7on pour la suite. Vous \u00eates enti\u00e8rement libre de d\u00e9cider de son montant&nbsp;: soyez assur\u00e9 que tout contribution est pr\u00e9cieuse et qu\u2019elle fera la diff\u00e9rence dans la vie de ces enfants.<\/p>\n\n\n\n<p>Pour votre don ponctuel, nous mettons \u00e0 votre disposition diff\u00e9rentes modalit\u00e9s de r\u00e8glement : par courrier avec l\u2019envoi d\u2019un ch\u00e8que, en ligne pour un paiement par carte bancaire, par virement\u2026 Chaque don est d\u00e9ductible de votre imp\u00f4t sur le revenu (si vous \u00eates imposable), \u00e0 hauteur de <strong>66 %<\/strong> de son montant (dans les limites fix\u00e9es par la loi en France). Nous vous adressons votre re\u00e7u fiscal d\u00e8s r\u00e9ception de votre don, par courrier ou mail, selon votre choix.<\/p>\n\n\n\n<p><strong><a href=\"https:\/\/bice.org\/fr\/nous-soutenir\/\">Pour en savoir plus sur le don ponctuel au BICE<\/a><\/strong><\/p>\n\n\n\n<div class=\"wp-block-buttons is-content-justification-center is-layout-flex wp-container-core-buttons-is-layout-16018d1d wp-block-buttons-is-layout-flex\">\n<div class=\"wp-block-button\"><a class=\"wp-block-button__link has-text-align-center wp-element-button\" href=\"https:\/\/donner.bice.org\/mon-soutien\/\">Je fais un don ponctuel au BICE<\/a><\/div>\n<\/div>\n\n\n\n<h3 class=\"wp-block-heading\">Le don r\u00e9gulier<\/h3>\n\n\n\n<p>Avec le don r\u00e9gulier, vous choisissez de soutenir r\u00e9guli\u00e8rement et dans la dur\u00e9e l\u2019action du BICE et de ses partenaires pour les enfants. Ce type de soutien est essentiel pour notre organisation et pour les enfants que nous aidons. Il nous permet en effet de leur garantir un accompagnement personnalis\u00e9 et de qualit\u00e9 pendant tout le temps dont ils ont besoin pour se reconstruire.<\/p>\n\n\n\n<p>Votre don r\u00e9gulier se fait par pr\u00e9l\u00e8vement automatique. Ce pr\u00e9l\u00e8vement peut \u00eatre mis en place sur votre compte bancaire ou sur votre carte bancaire. Ce dernier mode de soutien est disponible uniquement en ligne. Une fois votre autorisation de pr\u00e9l\u00e8vement enregistr\u00e9e, vous \u00eates pr\u00e9lev\u00e9 chaque d\u00e9but de mois du montant que vous aurez choisi. <strong>Vous restez bien s\u00fbr libre de modifier \u00e0 tout moment le montant de votre pr\u00e9l\u00e8vement, mais aussi de le suspendre ou de l\u2019arr\u00eater, sur simple demande<\/strong>.<\/p>\n\n\n\n<p>L\u2019ensemble des dons effectu\u00e9s est d\u00e9ductible de votre imp\u00f4t sur le revenu (si vous \u00eates imposable), \u00e0 hauteur de <strong>66 %<\/strong> de leur montant (dans les limites fix\u00e9es par la loi en France). Vous recevez, par courrier en mars, un re\u00e7u fiscal unique pour l\u2019ensemble des dons effectu\u00e9s l\u2019ann\u00e9e pr\u00e9c\u00e9dente.<\/p>\n\n\n\n<p><a href=\"https:\/\/bice.org\/fr\/quelle-est-la-difference-entre-don-regulier-et-don-ponctuel\/\" target=\"_blank\" rel=\"noopener\"><strong>Pour en savoir plus sur le don r\u00e9gulier au BICE<\/strong><\/a><\/p>\n\n\n\n<div class=\"wp-block-buttons is-content-justification-center is-layout-flex wp-container-core-buttons-is-layout-16018d1d wp-block-buttons-is-layout-flex\">\n<div class=\"wp-block-button\"><a class=\"wp-block-button__link wp-element-button\" href=\"https:\/\/donner.bice.org\/mon-soutien\/#regular\">Je fais un don r\u00e9gulier au BICE<\/a><\/div>\n<\/div>\n\n\n\n<h3 class=\"wp-block-heading\">Le don in memoriam<\/h3>\n\n\n\n<p>Un don in memoriam est un don r\u00e9alis\u00e9 en hommage \u00e0 une personne d\u00e9c\u00e9d\u00e9e. Il t\u00e9moigne d\u2019un engagement qui ne s\u2019\u00e9teint pas avec la mort. Il porte, souvent en silence, une volont\u00e9 : que la vie continue, plus juste, plus humaine.<\/p>\n\n\n\n<p>Ce type de soutien apport\u00e9 au BICE contribue \u00e0 d\u00e9fendre la dignit\u00e9 et les droits de l\u2019enfant, en particulier les plus vuln\u00e9rables.<\/p>\n\n\n\n<p><a href=\"https:\/\/bice.org\/fr\/le-don-in-memoriam\/\"><strong>Pour en savoir plus sur le don in memoriam au BICE<\/strong><\/a><\/p>\n\n\n\n<div class=\"wp-block-buttons is-content-justification-center is-layout-flex wp-container-core-buttons-is-layout-16018d1d wp-block-buttons-is-layout-flex\">\n<div class=\"wp-block-button\"><a class=\"wp-block-button__link wp-element-button\" href=\"https:\/\/donner.bice.org\/in-memoriam\/\" target=\"_blank\" rel=\"noreferrer noopener\">Je fais un don in memoriam au BICE<\/a><\/div>\n<\/div>\n\n\n\n<h3 class=\"wp-block-heading\">Le m\u00e9c\u00e9nat d&#8217;entreprise<\/h3>\n\n\n\n<p>Votre entreprise peut aussi r\u00e9aliser des dons en faveur du BICE. Ces dons ouvrent droit \u00e0 une r\u00e9duction d\u2019imp\u00f4t, sous certaines conditions, sur l\u2019imp\u00f4t sur les soci\u00e9t\u00e9s (IS) ou l\u2019imp\u00f4t sur le revenu (IR).<\/p>\n\n\n\n<p><a href=\"https:\/\/bice.org\/fr\/nous-soutenir\/entreprises-et-fondations\/\" target=\"_blank\" rel=\"noopener\"><strong>Pour en savoir plus sur les dons des entreprises<\/strong><\/a><\/p>\n\n\n\n<p><span style=\"font-size: revert; color: initial;\">Enfin, le BICE n\u2019a pas vocation \u00e0 recevoir des dons en nature. Nous travaillons en effet aupr\u00e8s des enfants \u00e0 travers notre r\u00e9seau d\u2019organisations sur le terrain. Ce sont elles qui tentent de r\u00e9pondre au mieux \u00e0 leurs besoins, dans le respect de leur culture, avec des produits locaux issus des communaut\u00e9s.<\/span><\/p>\n\n\n\n<h2 class=\"wp-block-heading\">Les avantages fiscaux du don<\/h2>\n\n\n\n<p>Le BICE est une Association d\u00e9clar\u00e9e le 25.05.55 (insertion au J.O. le 16.07.55), dont le \u00ab caract\u00e8re d\u2019int\u00e9r\u00eat g\u00e9n\u00e9ral \u00bb est reconnu par d\u00e9cision pr\u00e9fectorale du 10 mai 2023. A ce titre, les dons qu\u2019elle re\u00e7oit ouvrent droit \u00e0 la r\u00e9duction d\u2019imp\u00f4t pr\u00e9vue aux articles 200 et 238 bis du CGI.<\/p>\n\n\n\n<p>Vos dons, qu\u2019ils s\u2019agissent de don ponctuel ou de dons r\u00e9guliers sont ainsi d\u00e9ductibles de votre imp\u00f4t sur le revenu \u00e0 la hauteur de 66 % de leur montant et dans la limite de 20 % du revenu net imposable de votre foyer.<\/p>\n\n\n\n<p>Les dons r\u00e9alis\u00e9s au titre de l\u2019IFI et les dons des entreprises ouvrent droit \u00e0 d\u2019autres types de r\u00e9duction fiscale.<\/p>\n\n\n\n<h2 class=\"wp-block-heading\">\u00c0 vous de jouer !<\/h2>\n\n\n\n<p>Le BICE m\u00e8ne tout au long de l\u2019ann\u00e9e de nombreuses op\u00e9rations de collecte aupr\u00e8s de ses donateurs et du grand public pour financer ses projets aupr\u00e8s des enfants.<\/p>\n\n\n\n<p>Vous \u00eates un particulier, un \u00e9tablissement scolaire, une association, une paroisse&nbsp;? Vous pouvez devenir ambassadeur du BICE et participer activement \u00e0 notre action en lan\u00e7ant un appel \u00e0 g\u00e9n\u00e9rosit\u00e9 \u00e0 l\u2019occasion d\u2019un \u00e9v\u00e9nement.<\/p>\n\n\n\n<p>Course sponsoris\u00e9e, cagnotte d\u2019anniversaire, qu\u00eate, vente de g\u00e2teaux, &#8230; vous avez une id\u00e9e&nbsp;? N\u2019h\u00e9sitez pas \u00e0 nous contacter. Notre \u00e9quipe sera tr\u00e8s heureuse de vous accompagner dans l\u2019organisation et l\u2019animation de votre projet&nbsp;!<\/p>\n\n\n\n<p>Contact du BICE : 01 53 35 01 00 \u2013 <a href=\"mailto:contact@bice.org\">contact@bice.org<\/a><\/p>\n","protected":false},"excerpt":{"rendered":"<p>Faire un don \u00e0 une association humanitaire, c\u2019est contribuer, chacun \u00e0 son \u00e9chelle, \u00e0 cr\u00e9er un monde meilleur, pour aujourd\u2019hui et pour l\u2019avenir. En vous engageant aupr\u00e8s du BICE, vous rejoignez la communaut\u00e9 des donateurs qui \u0153uvre pour la dignit\u00e9 et les droits des enfants les plus vuln\u00e9rables, sur 4 continents. Votre g\u00e9n\u00e9rosit\u00e9 peut prendre des formes multiples.<\/p>\n","protected":false},"author":1,"featured_media":82699,"parent":10180,"menu_order":0,"comment_status":"closed","ping_status":"closed","template":"views\/page-node.blade.php","meta":{"_acf_changed":false,"footnotes":""},"class_list":["post-10191","page","type-page","status-publish","has-post-thumbnail","hentry"],"acf":[],"yoast_head":"<!-- This site is optimized with the Yoast SEO plugin v27.2 - https:\/\/yoast.com\/product\/yoast-seo-wordpress\/ -->\n<title>Faire un don | ONG BICE | Respect des droits de l&#039;enfant<\/title>\n<meta name=\"description\" content=\"Faire un don \u00e0 une association humanitaire, c\u2019est contribuer, chacun \u00e0 son \u00e9chelle, \u00e0 cr\u00e9er un monde meilleur, pour aujourd\u2019hui et demain.\" \/>\n<meta name=\"robots\" content=\"index, follow, max-snippet:-1, max-image-preview:large, max-video-preview:-1\" \/>\n<link rel=\"canonical\" href=\"https:\/\/bice.org\/fr\/wp-json\/wp\/v2\/pages\/10191\" \/>\n<meta property=\"og:locale\" content=\"fr_FR\" \/>\n<meta property=\"og:type\" content=\"article\" \/>\n<meta property=\"og:title\" content=\"Faire un don | ONG BICE | Respect des droits de l&#039;enfant\" \/>\n<meta property=\"og:description\" content=\"Faire un don \u00e0 une association humanitaire, c\u2019est contribuer, chacun \u00e0 son \u00e9chelle, \u00e0 cr\u00e9er un monde meilleur, pour aujourd\u2019hui et demain.\" \/>\n<meta property=\"og:url\" content=\"https:\/\/bice.org\/fr\/nous-soutenir\/faire-un-don\/\" \/>\n<meta property=\"og:site_name\" content=\"BICE - ONG de protection des droits de l&#039;enfant\" \/>\n<meta property=\"article:modified_time\" content=\"2025-07-17T11:47:03+00:00\" \/>\n<meta property=\"og:image\" content=\"https:\/\/i0.wp.com\/bice.org\/app\/uploads\/2022\/11\/visuel-page-faireundon.jpg?fit=1000%2C580&ssl=1\" \/>\n\t<meta property=\"og:image:width\" content=\"1000\" \/>\n\t<meta property=\"og:image:height\" content=\"580\" \/>\n\t<meta property=\"og:image:type\" content=\"image\/jpeg\" \/>\n<meta name=\"twitter:card\" content=\"summary_large_image\" \/>\n<meta name=\"twitter:label1\" content=\"Dur\u00e9e de lecture estim\u00e9e\" \/>\n\t<meta name=\"twitter:data1\" content=\"5 minutes\" \/>\n<!-- \/ Yoast SEO plugin. -->","yoast_head_json":{"title":"Faire un don | ONG BICE | Respect des droits de l'enfant","description":"Faire un don \u00e0 une association humanitaire, c\u2019est contribuer, chacun \u00e0 son \u00e9chelle, \u00e0 cr\u00e9er un monde meilleur, pour aujourd\u2019hui et demain.","robots":{"index":"index","follow":"follow","max-snippet":"max-snippet:-1","max-image-preview":"max-image-preview:large","max-video-preview":"max-video-preview:-1"},"canonical":"https:\/\/bice.org\/fr\/wp-json\/wp\/v2\/pages\/10191","og_locale":"fr_FR","og_type":"article","og_title":"Faire un don | ONG BICE | Respect des droits de l'enfant","og_description":"Faire un don \u00e0 une association humanitaire, c\u2019est contribuer, chacun \u00e0 son \u00e9chelle, \u00e0 cr\u00e9er un monde meilleur, pour aujourd\u2019hui et demain.","og_url":"https:\/\/bice.org\/fr\/nous-soutenir\/faire-un-don\/","og_site_name":"BICE - ONG de protection des droits de l&#039;enfant","article_modified_time":"2025-07-17T11:47:03+00:00","og_image":[{"width":1000,"height":580,"url":"https:\/\/i0.wp.com\/bice.org\/app\/uploads\/2022\/11\/visuel-page-faireundon.jpg?fit=1000%2C580&ssl=1","type":"image\/jpeg"}],"twitter_card":"summary_large_image","twitter_misc":{"Dur\u00e9e de lecture estim\u00e9e":"5 minutes"},"schema":{"@context":"https:\/\/schema.org","@graph":[{"@type":"WebPage","@id":"https:\/\/bice.org\/fr\/nous-soutenir\/faire-un-don\/","url":"https:\/\/bice.org\/fr\/nous-soutenir\/faire-un-don\/","name":"Faire un don | ONG BICE | Respect des droits de l'enfant","isPartOf":{"@id":"https:\/\/bice.org\/fr\/#website"},"primaryImageOfPage":{"@id":"https:\/\/bice.org\/fr\/nous-soutenir\/faire-un-don\/#primaryimage"},"image":{"@id":"https:\/\/bice.org\/fr\/nous-soutenir\/faire-un-don\/#primaryimage"},"thumbnailUrl":"https:\/\/i0.wp.com\/bice.org\/app\/uploads\/2022\/11\/visuel-page-faireundon.jpg?fit=1000%2C580&ssl=1","datePublished":"2015-11-10T12:46:34+00:00","dateModified":"2025-07-17T11:47:03+00:00","description":"Faire un don \u00e0 une association humanitaire, c\u2019est contribuer, chacun \u00e0 son \u00e9chelle, \u00e0 cr\u00e9er un monde meilleur, pour aujourd\u2019hui et demain.","breadcrumb":{"@id":"https:\/\/bice.org\/fr\/nous-soutenir\/faire-un-don\/#breadcrumb"},"inLanguage":"fr-FR","potentialAction":[{"@type":"ReadAction","target":["https:\/\/bice.org\/fr\/nous-soutenir\/faire-un-don\/"]}]},{"@type":"ImageObject","inLanguage":"fr-FR","@id":"https:\/\/bice.org\/fr\/nous-soutenir\/faire-un-don\/#primaryimage","url":"https:\/\/i0.wp.com\/bice.org\/app\/uploads\/2022\/11\/visuel-page-faireundon.jpg?fit=1000%2C580&ssl=1","contentUrl":"https:\/\/i0.wp.com\/bice.org\/app\/uploads\/2022\/11\/visuel-page-faireundon.jpg?fit=1000%2C580&ssl=1","width":1000,"height":580,"caption":"Faire un don au BICE. Jeune fille au Guatemala"},{"@type":"BreadcrumbList","@id":"https:\/\/bice.org\/fr\/nous-soutenir\/faire-un-don\/#breadcrumb","itemListElement":[{"@type":"ListItem","position":1,"name":"Accueil","item":"https:\/\/bice.org\/fr\/"},{"@type":"ListItem","position":2,"name":"Nous soutenir","item":"https:\/\/bice.org\/fr\/nous-soutenir\/"},{"@type":"ListItem","position":3,"name":"Faire un don"}]},{"@type":"WebSite","@id":"https:\/\/bice.org\/fr\/#website","url":"https:\/\/bice.org\/fr\/","name":"BICE - ONG de protection des droits de l&#039;enfant","description":"Notre mission : D\u00e9fendre les droits et la dignit\u00e9 des enfants partout dans le monde","publisher":{"@id":"https:\/\/bice.org\/fr\/#organization"},"potentialAction":[{"@type":"SearchAction","target":{"@type":"EntryPoint","urlTemplate":"https:\/\/bice.org\/fr\/?s={search_term_string}"},"query-input":{"@type":"PropertyValueSpecification","valueRequired":true,"valueName":"search_term_string"}}],"inLanguage":"fr-FR"},{"@type":"Organization","@id":"https:\/\/bice.org\/fr\/#organization","name":"BICE","url":"https:\/\/bice.org\/fr\/","logo":{"@type":"ImageObject","inLanguage":"fr-FR","@id":"https:\/\/bice.org\/fr\/#\/schema\/logo\/image\/","url":"https:\/\/bice.org\/app\/uploads\/2022\/06\/favicon.ico","contentUrl":"https:\/\/bice.org\/app\/uploads\/2022\/06\/favicon.ico","width":64,"height":64,"caption":"BICE"},"image":{"@id":"https:\/\/bice.org\/fr\/#\/schema\/logo\/image\/"}}]}},"jetpack_sharing_enabled":true,"_links":{"self":[{"href":"https:\/\/bice.org\/fr\/wp-json\/wp\/v2\/pages\/10191","targetHints":{"allow":["GET"]}}],"collection":[{"href":"https:\/\/bice.org\/fr\/wp-json\/wp\/v2\/pages"}],"about":[{"href":"https:\/\/bice.org\/fr\/wp-json\/wp\/v2\/types\/page"}],"author":[{"embeddable":true,"href":"https:\/\/bice.org\/fr\/wp-json\/wp\/v2\/users\/1"}],"replies":[{"embeddable":true,"href":"https:\/\/bice.org\/fr\/wp-json\/wp\/v2\/comments?post=10191"}],"version-history":[{"count":6,"href":"https:\/\/bice.org\/fr\/wp-json\/wp\/v2\/pages\/10191\/revisions"}],"predecessor-version":[{"id":307551,"href":"https:\/\/bice.org\/fr\/wp-json\/wp\/v2\/pages\/10191\/revisions\/307551"}],"up":[{"embeddable":true,"href":"https:\/\/bice.org\/fr\/wp-json\/wp\/v2\/pages\/10180"}],"wp:featuredmedia":[{"embeddable":true,"href":"https:\/\/bice.org\/fr\/wp-json\/wp\/v2\/media\/82699"}],"wp:attachment":[{"href":"https:\/\/bice.org\/fr\/wp-json\/wp\/v2\/media?parent=10191"}],"curies":[{"name":"wp","href":"https:\/\/api.w.org\/{rel}","templated":true}]}}