{"id":10198,"date":"2015-11-10T12:49:25","date_gmt":"2015-11-10T12:49:25","guid":{"rendered":"https:\/\/bice.org\/fr\/?page_id=10198"},"modified":"2024-09-10T09:54:02","modified_gmt":"2024-09-10T07:54:02","slug":"faire-un-legs-assurance-vie-donation","status":"publish","type":"page","link":"https:\/\/bice.org\/fr\/nous-soutenir\/faire-un-legs-assurance-vie-donation\/","title":{"rendered":"Transmettre son patrimoine"},"content":{"rendered":"<p>Faire un legs, une assurance-vie ou une donation au BICE, c\u2019est un moyen de soutenir notre <a href=\"https:\/\/bice.org\/fr\/le-bice\/qui-sommes-nous\/\">association catholique<\/a> sur le long terme. Reconnu &#8220;Caract\u00e8re exclusif de Bienfaisance&#8221; par arr\u00eat\u00e9 pr\u00e9fectoral du 1er juillet 2003, le BICE est habilit\u00e9 \u00e0 recevoir legs, donations et assurances-vie exempts de droits de succession. Si vous souhaitez obtenir des renseignements compl\u00e9mentaires, le BICE vous guide dans votre d\u00e9marche.<\/p>\n","protected":false},"excerpt":{"rendered":"<p>Faire un legs, une assurance-vie ou une donation au BICE, c\u2019est un moyen de soutenir notre association catholique sur le long terme. Reconnu &#8220;Caract\u00e8re exclusif de Bienfaisance&#8221; par arr\u00eat\u00e9 pr\u00e9fectoral du 1er juillet 2003, le BICE est habilit\u00e9 \u00e0 recevoir legs, donations et assurances-vie exempts de droits de succession. Si vous souhaitez obtenir des renseignements compl\u00e9mentaires, le BICE vous guide dans votre d\u00e9marche.<\/p>\n","protected":false},"author":1,"featured_media":101040,"parent":10180,"menu_order":0,"comment_status":"closed","ping_status":"closed","template":"views\/page-node.blade.php","meta":{"_acf_changed":false,"footnotes":""},"class_list":["post-10198","page","type-page","status-publish","has-post-thumbnail","hentry"],"acf":[],"yoast_head":"<!-- This site is optimized with the Yoast SEO plugin v27.2 - https:\/\/yoast.com\/product\/yoast-seo-wordpress\/ -->\n<title>Transmettre son patrimoine - le BICE<\/title>\n<meta name=\"description\" content=\"Faire un legs, une assurance-vie ou une donation au BICE, c\u2019est un moyen de soutenir notre association catholique sur le long terme.\" \/>\n<meta name=\"robots\" content=\"index, follow, max-snippet:-1, max-image-preview:large, max-video-preview:-1\" \/>\n<link rel=\"canonical\" href=\"https:\/\/bice.org\/fr\/wp-json\/wp\/v2\/pages\/10198\" \/>\n<meta property=\"og:locale\" content=\"fr_FR\" \/>\n<meta property=\"og:type\" content=\"article\" \/>\n<meta property=\"og:title\" content=\"Transmettre son patrimoine - le BICE\" \/>\n<meta property=\"og:description\" content=\"Faire un legs, une assurance-vie ou une donation au BICE, c\u2019est un moyen de soutenir notre association catholique sur le long terme.\" \/>\n<meta property=\"og:url\" content=\"https:\/\/bice.org\/fr\/nous-soutenir\/faire-un-legs-assurance-vie-donation\/\" \/>\n<meta property=\"og:site_name\" content=\"BICE - ONG de protection des droits de l&#039;enfant\" \/>\n<meta property=\"article:modified_time\" content=\"2024-09-10T07:54:02+00:00\" \/>\n<meta property=\"og:image\" content=\"https:\/\/i0.wp.com\/bice.org\/app\/uploads\/2023\/03\/Visuel-Don-8-transmettre.webp?fit=1000%2C580&ssl=1\" \/>\n\t<meta property=\"og:image:width\" content=\"1000\" \/>\n\t<meta property=\"og:image:height\" content=\"580\" \/>\n\t<meta property=\"og:image:type\" content=\"image\/webp\" \/>\n<meta name=\"twitter:card\" content=\"summary_large_image\" \/>\n<meta name=\"twitter:label1\" content=\"Dur\u00e9e de lecture estim\u00e9e\" \/>\n\t<meta name=\"twitter:data1\" content=\"1 minute\" \/>\n<!-- \/ Yoast SEO plugin. -->","yoast_head_json":{"title":"Transmettre son patrimoine - le BICE","description":"Faire un legs, une assurance-vie ou une donation au BICE, c\u2019est un moyen de soutenir notre association catholique sur le long terme.","robots":{"index":"index","follow":"follow","max-snippet":"max-snippet:-1","max-image-preview":"max-image-preview:large","max-video-preview":"max-video-preview:-1"},"canonical":"https:\/\/bice.org\/fr\/wp-json\/wp\/v2\/pages\/10198","og_locale":"fr_FR","og_type":"article","og_title":"Transmettre son patrimoine - le BICE","og_description":"Faire un legs, une assurance-vie ou une donation au BICE, c\u2019est un moyen de soutenir notre association catholique sur le long terme.","og_url":"https:\/\/bice.org\/fr\/nous-soutenir\/faire-un-legs-assurance-vie-donation\/","og_site_name":"BICE - ONG de protection des droits de l&#039;enfant","article_modified_time":"2024-09-10T07:54:02+00:00","og_image":[{"width":1000,"height":580,"url":"https:\/\/i0.wp.com\/bice.org\/app\/uploads\/2023\/03\/Visuel-Don-8-transmettre.webp?fit=1000%2C580&ssl=1","type":"image\/webp"}],"twitter_card":"summary_large_image","twitter_misc":{"Dur\u00e9e de lecture estim\u00e9e":"1 minute"},"schema":{"@context":"https:\/\/schema.org","@graph":[{"@type":"WebPage","@id":"https:\/\/bice.org\/fr\/nous-soutenir\/faire-un-legs-assurance-vie-donation\/","url":"https:\/\/bice.org\/fr\/nous-soutenir\/faire-un-legs-assurance-vie-donation\/","name":"Transmettre son patrimoine - le BICE","isPartOf":{"@id":"https:\/\/bice.org\/fr\/#website"},"primaryImageOfPage":{"@id":"https:\/\/bice.org\/fr\/nous-soutenir\/faire-un-legs-assurance-vie-donation\/#primaryimage"},"image":{"@id":"https:\/\/bice.org\/fr\/nous-soutenir\/faire-un-legs-assurance-vie-donation\/#primaryimage"},"thumbnailUrl":"https:\/\/i0.wp.com\/bice.org\/app\/uploads\/2023\/03\/Visuel-Don-8-transmettre.webp?fit=1000%2C580&ssl=1","datePublished":"2015-11-10T12:49:25+00:00","dateModified":"2024-09-10T07:54:02+00:00","description":"Faire un legs, une assurance-vie ou une donation au BICE, c\u2019est un moyen de soutenir notre association catholique sur le long terme.","breadcrumb":{"@id":"https:\/\/bice.org\/fr\/nous-soutenir\/faire-un-legs-assurance-vie-donation\/#breadcrumb"},"inLanguage":"fr-FR","potentialAction":[{"@type":"ReadAction","target":["https:\/\/bice.org\/fr\/nous-soutenir\/faire-un-legs-assurance-vie-donation\/"]}]},{"@type":"ImageObject","inLanguage":"fr-FR","@id":"https:\/\/bice.org\/fr\/nous-soutenir\/faire-un-legs-assurance-vie-donation\/#primaryimage","url":"https:\/\/i0.wp.com\/bice.org\/app\/uploads\/2023\/03\/Visuel-Don-8-transmettre.webp?fit=1000%2C580&ssl=1","contentUrl":"https:\/\/i0.wp.com\/bice.org\/app\/uploads\/2023\/03\/Visuel-Don-8-transmettre.webp?fit=1000%2C580&ssl=1","width":1000,"height":580,"caption":"Lien parent enfant pour illustrer un article sur le don"},{"@type":"BreadcrumbList","@id":"https:\/\/bice.org\/fr\/nous-soutenir\/faire-un-legs-assurance-vie-donation\/#breadcrumb","itemListElement":[{"@type":"ListItem","position":1,"name":"Accueil","item":"https:\/\/bice.org\/fr\/"},{"@type":"ListItem","position":2,"name":"Nous soutenir","item":"https:\/\/bice.org\/fr\/nous-soutenir\/"},{"@type":"ListItem","position":3,"name":"Transmettre son patrimoine"}]},{"@type":"WebSite","@id":"https:\/\/bice.org\/fr\/#website","url":"https:\/\/bice.org\/fr\/","name":"BICE - ONG de protection des droits de l&#039;enfant","description":"Notre mission : D\u00e9fendre les droits et la dignit\u00e9 des enfants partout dans le monde","publisher":{"@id":"https:\/\/bice.org\/fr\/#organization"},"potentialAction":[{"@type":"SearchAction","target":{"@type":"EntryPoint","urlTemplate":"https:\/\/bice.org\/fr\/?s={search_term_string}"},"query-input":{"@type":"PropertyValueSpecification","valueRequired":true,"valueName":"search_term_string"}}],"inLanguage":"fr-FR"},{"@type":"Organization","@id":"https:\/\/bice.org\/fr\/#organization","name":"BICE","url":"https:\/\/bice.org\/fr\/","logo":{"@type":"ImageObject","inLanguage":"fr-FR","@id":"https:\/\/bice.org\/fr\/#\/schema\/logo\/image\/","url":"https:\/\/bice.org\/app\/uploads\/2022\/06\/favicon.ico","contentUrl":"https:\/\/bice.org\/app\/uploads\/2022\/06\/favicon.ico","width":64,"height":64,"caption":"BICE"},"image":{"@id":"https:\/\/bice.org\/fr\/#\/schema\/logo\/image\/"}}]}},"jetpack_sharing_enabled":true,"_links":{"self":[{"href":"https:\/\/bice.org\/fr\/wp-json\/wp\/v2\/pages\/10198","targetHints":{"allow":["GET"]}}],"collection":[{"href":"https:\/\/bice.org\/fr\/wp-json\/wp\/v2\/pages"}],"about":[{"href":"https:\/\/bice.org\/fr\/wp-json\/wp\/v2\/types\/page"}],"author":[{"embeddable":true,"href":"https:\/\/bice.org\/fr\/wp-json\/wp\/v2\/users\/1"}],"replies":[{"embeddable":true,"href":"https:\/\/bice.org\/fr\/wp-json\/wp\/v2\/comments?post=10198"}],"version-history":[{"count":0,"href":"https:\/\/bice.org\/fr\/wp-json\/wp\/v2\/pages\/10198\/revisions"}],"up":[{"embeddable":true,"href":"https:\/\/bice.org\/fr\/wp-json\/wp\/v2\/pages\/10180"}],"wp:featuredmedia":[{"embeddable":true,"href":"https:\/\/bice.org\/fr\/wp-json\/wp\/v2\/media\/101040"}],"wp:attachment":[{"href":"https:\/\/bice.org\/fr\/wp-json\/wp\/v2\/media?parent=10198"}],"curies":[{"name":"wp","href":"https:\/\/api.w.org\/{rel}","templated":true}]}}