{"id":10207,"date":"2015-11-10T13:20:27","date_gmt":"2015-11-10T13:20:27","guid":{"rendered":"https:\/\/bice.org\/fr\/?page_id=10207"},"modified":"2026-01-20T15:57:30","modified_gmt":"2026-01-20T14:57:30","slug":"entreprises","status":"publish","type":"page","link":"https:\/\/bice.org\/fr\/nous-soutenir\/entreprises\/","title":{"rendered":"S\u2019engager en tant qu\u2019entreprise"},"content":{"rendered":"\n<p><\/p>\n\n\n\n<h2 class=\"wp-block-heading\">Pourquoi s&#8217;engager par un don ou un partenariat avec le BICE<\/h2>\n\n\n\n<p>Le BICE est une association loi 1901 reconnue d\u2019int\u00e9r\u00eat g\u00e9n\u00e9ral ayant un caract\u00e8re social et humanitaire, qui \u0153uvre depuis 75 ans en faveur des enfants les plus vuln\u00e9rables \u00e0 travers le monde. Son action sur le terrain s\u2019appuie sur un r\u00e9seau de partenaires locaux de confiance, pr\u00e9sents dans une trentaine de pays. Ces organisations professionnelles de la protection de l\u2019enfance sont en effet les mieux \u00e0 m\u00eame de r\u00e9pondre aux besoins sp\u00e9cifiques de chaque enfant. <\/p>\n\n\n\n<p>Le BICE b\u00e9n\u00e9ficie \u00e9galement d\u2019une repr\u00e9sentation permanente \u00e0 l\u2019<a href=\"https:\/\/www.un.org\/fr\/\" target=\"_blank\" rel=\"noreferrer noopener\">ONU<\/a>, l\u2019<a href=\"https:\/\/www.unesco.org\/fr\" target=\"_blank\" rel=\"noreferrer noopener\">UNESCO<\/a>, au <a href=\"https:\/\/www.coe.int\/fr\/web\/portal\/home\" target=\"_blank\" rel=\"noreferrer noopener\">Conseil de l\u2019Europe<\/a>, \u00e0 l\u2019<a href=\"https:\/\/www.francophonie.org\/\" target=\"_blank\" rel=\"noreferrer noopener\">Organisation internationale de la Francophonie<\/a> (Paris, France). Il plaide dans chacune de ces instances pour le droit de chaque enfant \u00e0 grandir et \u00e0 se construire dans la dignit\u00e9.<\/p>\n\n\n\n<h3 class=\"wp-block-heading\">Une action globale pour la protection de l\u2019enfance<\/h3>\n\n\n\n<p>Le BICE, avec ses partenaires, organise son action aupr\u00e8s des enfants autour de 6 grands domaines :<\/p>\n\n\n\n<ul class=\"wp-block-list\">\n<li><a href=\"https:\/\/bice.org\/fr\/actions-de-terrain\/domaines-daction\/association-violence-enfance\/\" target=\"_blank\" rel=\"noreferrer noopener\">La lutte contre les violences \u00e0 l\u2019encontre des enfants (y compris de nature sexuelle)<\/a><\/li>\n\n\n\n<li><a href=\"https:\/\/bice.org\/fr\/actions-de-terrain\/domaines-daction\/le-bice-une-association-qui-agit-pour-le-droit-a-leducation-de-tous-les-enfants\/\" target=\"_blank\" rel=\"noreferrer noopener\">L\u2019acc\u00e8s \u00e0 une \u00e9ducation et une formation de qualit\u00e9 pour tous<\/a><\/li>\n\n\n\n<li><a href=\"https:\/\/bice.org\/fr\/actions-de-terrain\/domaines-daction\/le-bice-aide-les-familles-a-se-reconstruire-face-aux-crises\/\" target=\"_blank\" rel=\"noreferrer noopener\">Le soutien humanitaire aux enfants et \u00e0 leur famille en situation de crises<\/a><\/li>\n\n\n\n<li><a href=\"https:\/\/bice.org\/fr\/actions-de-terrain\/domaines-daction\/le-bice-oeuvre-pour-le-developpement-dune-justice-reparatrice\/\" target=\"_blank\" rel=\"noreferrer noopener\">La promotion d\u2019une justice r\u00e9paratrice pour les enfants en conflit avec la loi<\/a><\/li>\n\n\n\n<li><a href=\"https:\/\/bice.org\/fr\/actions-de-terrain\/domaines-daction\/handicap\/\" target=\"_blank\" rel=\"noreferrer noopener\">Le d\u00e9veloppement int\u00e9gral des enfants porteurs de handicap<\/a><\/li>\n\n\n\n<li><a href=\"https:\/\/bice.org\/fr\/actions-de-terrain\/domaines-daction\/tuteurs-de-resilience\/\" target=\"_blank\" rel=\"noreferrer noopener\">L\u2019aide \u00e0 la r\u00e9silience aupr\u00e8s des enfants victimes de traumatismes<\/a><\/li>\n<\/ul>\n\n\n\n<p>Au total, en 2025, plus de 50 600 enfants ont ainsi pu \u00eatre secourus.<\/p>\n\n\n\n<h3 class=\"wp-block-heading\">Une action dans la dur\u00e9e<\/h3>\n\n\n\n<blockquote class=\"wp-block-quote is-layout-flow wp-block-quote-is-layout-flow\">\n<p>\u00ab Il faut du temps \u00e0 un enfant pour se construire. \u00bb<\/p>\n<\/blockquote>\n\n\n\n<p>Un enfant doit pouvoir disposer du temps et de l\u2019accompagnement n\u00e9cessaires pour se remettre de ses blessures, apprendre, s\u2019ouvrir aux autres\u2026 Au BICE, nous privil\u00e9gions toujours les actions men\u00e9es dans la dur\u00e9e, avec des partenaires bien implant\u00e9s dans chaque r\u00e9gion et chaque culture et qui restent aupr\u00e8s de l\u2019enfant le temps dont il a besoin.<\/p>\n\n\n\n<h3 class=\"wp-block-heading\">Des comptes g\u00e9r\u00e9s rigoureusement<\/h3>\n\n\n\n<p>Rigueur, transparence et s\u00e9rieux font partie de nos exigences quotidiennes.<br>Le BICE est une association Don en Confiance depuis 2008. Don en Confiance est un organisme ind\u00e9pendant qui contr\u00f4le la bonne utilisation des dons. Il attribue sa reconnaissance apr\u00e8s avoir \u00e9valu\u00e9 les organisations qui s\u2019engagent \u00e0 respecter son r\u00e9f\u00e9rentiel d\u00e9ontologique.<br>Les comptes du BICE sont certifi\u00e9s tous les ans par les Commissaires aux comptes du Cabinet Deloitte. Retrouvez l\u2019int\u00e9gralit\u00e9 des <a href=\"https:\/\/bice.org\/fr\/le-bice\/ressources-et-emploi-des-fonds\/#comptescertifies\" target=\"_blank\" rel=\"noreferrer noopener\">comptes certifi\u00e9s ici<\/a>.<\/p>\n\n\n\n<h3 class=\"wp-block-heading\">Les avantages pour mon entreprise<\/h3>\n\n\n\n<p>En choisissant de mener une action de m\u00e9c\u00e9nat avec le BICE, vous associez votre entreprise \u00e0 une organisation qui porte des valeurs fortes, m\u00e8ne une action solidaire aupr\u00e8s des enfants et des familles les plus d\u00e9munis et vous permet de b\u00e9n\u00e9ficier d\u2019avantages fiscaux.<\/p>\n\n\n\n<h4 class=\"wp-block-heading\">Les avantages fiscaux<\/h4>\n\n\n\n<p>En tant qu\u2019entreprise, vous b\u00e9n\u00e9ficiez d\u2019<strong>une r\u00e9duction fiscale de 60 % sur le montant de votre don pour la fraction inf\u00e9rieure ou \u00e9gale \u00e0 2 000 000 \u20ac<\/strong> et de 40 % pour la part du don au-del\u00e0 de ce seuil. Toutefois, le montant du don pris en compte pour le calcul de la r\u00e9duction est limit\u00e9 sur un m\u00eame exercice \u00e0 20 000 \u20ac ou 0,5 % du chiffre d\u2019affaires annuel hors taxes, si ce dernier est plus \u00e9lev\u00e9. Lorsque le plafond est d\u00e9pass\u00e9, il est alors possible de reporter l\u2019exc\u00e9dent du don, au maximum sur les 5 exercices suivants.<\/p>\n\n\n\n<p>La r\u00e9duction d\u2019imp\u00f4t peut porter sur l\u2019imp\u00f4t sur les soci\u00e9t\u00e9s (IS) ou sur l\u2019imp\u00f4t sur le revenu (IR) de l\u2019ann\u00e9e de r\u00e9alisation du don selon l\u2019imp\u00f4t auquel l\u2019entreprise est soumise.<\/p>\n\n\n\n<p><em>Exemple 1<\/em><br>La soci\u00e9t\u00e9 Ami r\u00e9alise un don de 6 000 \u20ac au profit du BICE en ann\u00e9e N.<br>Elle est soumise \u00e0 l\u2019imp\u00f4t sur le revenu et r\u00e9alise en ann\u00e9e N un CA de 500 000 \u20ac HT.<br>Le plafond applicable \u00e0 cet exercice est de 20 000 \u20ac (montant plus \u00e9lev\u00e9 que 0,5 % du CA), les 6 000 \u20ac peuvent donc int\u00e9gralement \u00eatre pris en compte en ann\u00e9e N.<br>Elle peut d\u00e9duire du montant de son imp\u00f4t en ann\u00e9e N : 6 000 x 0,6 = 3 600 \u20ac<br>Son don lui reviendra au final \u00e0 2 400 \u20ac.<\/p>\n\n\n\n<p><em>Exemple 2<\/em><br>La soci\u00e9t\u00e9 Support r\u00e9alise un don de 40 000 \u20ac au profit du BICE en ann\u00e9e N.<br>Elle est soumise \u00e0 l\u2019imp\u00f4t sur les soci\u00e9t\u00e9s et r\u00e9alise en ann\u00e9e N un CA de 4,5 millions d\u2019euros HT.<br>Le plafond applicable \u00e0 cet exercice est de 22 500 \u20ac (0,5 % du CA).<br>Elle peut d\u00e9duire du montant de son imp\u00f4t de l\u2019ann\u00e9e N :<br>22 500 x 0,6 = 13 500 \u20ac<br>L\u2019exc\u00e9dent de don de 17 500 \u20ac pourra \u00eatre report\u00e9 au maximum sur les 5 ann\u00e9es suivantes, toujours dans le respect du plafond de 0,5 % du CAHT annuel.<br>Son don lui reviendra au final \u00e0 16 000 \u20ac.<\/p>\n\n\n\n<h4 class=\"wp-block-heading\">Un moteur de coh\u00e9sion en interne<\/h4>\n\n\n\n<p>A travers le soutien de votre entreprise au BICE, vous exprimez votre adh\u00e9sion \u00e0 des valeurs fortes et le d\u00e9sir de mener une action concr\u00e8te en faveur des enfants.<br><strong>Solidarit\u00e9 :<\/strong> Vous renforcez l\u2019action citoyenne et solidaire de votre entreprise.<br><strong>Proximit\u00e9 :<\/strong> Vous accompagnez des projets \u00e0 taille humaine, men\u00e9s dans la dur\u00e9e et g\u00e9r\u00e9s par les acteurs locaux.<br><strong>Avenir :<\/strong> Vous investissez dans l\u2019avenir en venant en aide aux enfants les plus fragilis\u00e9s.<br><strong>Ouverture :<\/strong> Vous soutenez des projets \u00e0 l\u2019international, dans une r\u00e9gion ou un pays de votre choix.<br><strong>Valeurs :<\/strong> Vous manifestez concr\u00e8tement l\u2019adh\u00e9sion de vos \u00e9quipes au respect de la dignit\u00e9 et des droits de l\u2019enfant.<br>Ce soutien peut \u00eatre un outil de communication puissant aupr\u00e8s de vos \u00e9quipes, pour renforcer leur coh\u00e9sion et leur engagement professionnel. Nous nous tenons \u00e0 votre disposition pour mettre en place, avec vous, les moyens de faire rayonner cet engagement en interne.<\/p>\n\n\n\n<h4 class=\"wp-block-heading\">Un vecteur de communication externe<\/h4>\n\n\n\n<p>L\u2019engagement soci\u00e9tal est aujourd\u2019hui un marqueur important pour les entreprises, vis-\u00e0-vis de leurs clients et de leurs fournisseurs et prestataires. Votre soutien \u00e0 la cause des enfants, \u00e0 la d\u00e9fense de leur dignit\u00e9 et de leurs droits \u00e0 travers le monde, peut vous permettre de vous d\u00e9marquer autour d\u2019actions concr\u00e8tes cibl\u00e9es et de valeurs universelles, porteuses d\u2019esp\u00e9rance.<br>Nos \u00e9quipes sont l\u00e0 pour vous aider \u00e0 organiser communication et \u00e9v\u00e9nements autour des actions que vous soutenez.<\/p>\n\n\n\n<h2 class=\"wp-block-heading\">Quelles formes de partenariats avec le BICE ?<\/h2>\n\n\n\n<p>En tant qu\u2019entreprise, vous pouvez soutenir le BICE de multiples fa\u00e7ons. Nous nous tenons \u00e0 votre \u00e9coute pour \u00e9laborer, ensemble, un projet de m\u00e9c\u00e9nat qui r\u00e9ponde tant \u00e0 vos attentes qu\u2019\u00e0 nos besoins.<\/p>\n\n\n\n<h3 class=\"wp-block-heading\">Le m\u00e9c\u00e9nat financier<\/h3>\n\n\n\n<p>Vous pouvez choisir de soutenir le BICE par un don num\u00e9raire.<br>Ce don, ponctuel ou r\u00e9gulier, peut \u00eatre affect\u00e9 \u00e0 l\u2019ensemble des missions du BICE ou \u00e0 une cause ou un pays importants pour votre structure. Un suivi, sous forme de rapports et de rencontres, peut alors \u00eatre mis en place pour vous tenir r\u00e9guli\u00e8rement inform\u00e9s, ainsi que vos salari\u00e9s, de l\u2019avanc\u00e9e du projet.<br>N\u2019h\u00e9sitez pas dans ce dernier cas \u00e0 nous contacter : 01 53 35 01 00 ou <a href=\"mailto:contact@bice.org\" target=\"_blank\" rel=\"noreferrer noopener\">contact@bice.org<\/a><br>Quel que soit votre choix, votre don b\u00e9n\u00e9ficiera d\u2019une r\u00e9duction fiscale de 60 %, selon les modalit\u00e9s pr\u00e9vues par la loi (cf. plus haut). Nous vous adresserons votre re\u00e7u fiscal d\u00e8s r\u00e9ception de votre don.<\/p>\n\n\n\n<div class=\"wp-block-buttons is-content-justification-center is-layout-flex wp-container-core-buttons-is-layout-16018d1d wp-block-buttons-is-layout-flex\">\n<div class=\"wp-block-button\"><a class=\"wp-block-button__link wp-element-button\" href=\"https:\/\/donner.bice.org\/mecenat-entreprise\/~mon-don\">Je fais un don au titre de mon entreprise<\/a><\/div>\n<\/div>\n\n\n\n<h3 class=\"wp-block-heading\">Le m\u00e9c\u00e9nat de comp\u00e9tences<\/h3>\n\n\n\n<p>Avec le m\u00e9c\u00e9nat de comp\u00e9tences, vous impliquez directement vos salari\u00e9s dans votre action en faveur du BICE. Ce m\u00e9c\u00e9nat peut prendre la forme d\u2019une prestation de service ou d\u2019une mise \u00e0 disposition de personnel pour la r\u00e9alisation d\u2019une mission sp\u00e9cifique.<br><em>Exemples de missions possibles : Conception et r\u00e9alisation de maquette, conseil en strat\u00e9gie digitale, traduction, tri et rangement, \u00e9tude de march\u00e9, etc.<br><\/em>Il ne s\u2019agit pas de b\u00e9n\u00e9volat. Cette contribution volontaire est valoris\u00e9e \u00e0 son co\u00fbt de revient. Ce co\u00fbt correspond au montant du don et donne droit \u00e0 une r\u00e9duction fiscale, selon les m\u00eames modalit\u00e9s et conditions qu\u2019un don num\u00e9raire. Il donne lieu \u00e0 un re\u00e7u fiscal.<\/p>\n\n\n\n<h3 class=\"wp-block-heading\">Le m\u00e9c\u00e9nat en nature pour la m\u00e9diatisation<\/h3>\n\n\n\n<p>Salle de cin\u00e9ma ou de conf\u00e9rence, imprimeur, support m\u00e9dias ? Vous pouvez nous aider \u00e0 relayer nos actions de sensibilisation pour les droits de l\u2019enfant.<br><em>Exemples de dons en nature possibles : mise en disposition de locaux, de salles de cin\u00e9ma, d\u2019espaces publicitaires, de papier, etc.<br><\/em>Ce m\u00e9c\u00e9nat de nature prend en compte la valeur du bien donn\u00e9 ou lou\u00e9 et donne droit \u00e0 une r\u00e9duction fiscale, selon les m\u00eames modalit\u00e9s et conditions qu\u2019un don num\u00e9raire. Un re\u00e7u fiscal vous sera adress\u00e9.<\/p>\n\n\n\n<h3 class=\"wp-block-heading\">Ils ont choisi le BICE<\/h3>\n\n\n\n<p>Des dizaines d\u2019entreprises ont d\u00e9j\u00e0 choisi de s\u2019associer de mani\u00e8re r\u00e9guli\u00e8re ou ponctuelle au BICE. Parmi elles :<\/p>\n\n\n\n<ul class=\"wp-block-list\">\n<li><a href=\"https:\/\/www.bayard-jeunesse.com\/\" target=\"_blank\" rel=\"noreferrer noopener\">Bayard<\/a> : r\u00e9alisation de la plaquette institutionnelle<\/li>\n\n\n\n<li><a href=\"https:\/\/fondation.airfrance.com\/\" target=\"_blank\" rel=\"noreferrer noopener\">Fondation Air France<\/a>, <a href=\"https:\/\/corporate.idkids.com\/\" target=\"_blank\" rel=\"noreferrer noopener\">Fondation d\u2019entreprise \u00cfDKIDS<\/a> : partenariats financiers pour des actions de terrain<\/li>\n\n\n\n<li><a href=\"https:\/\/www.cfrt.tv\/\" target=\"_blank\" rel=\"noreferrer noopener\">CFRT<\/a> <a href=\"https:\/\/www.lejourduseigneur.com\/\" target=\"_blank\" rel=\"noreferrer noopener\">Le Jour du Seigneur<\/a>, <a href=\"https:\/\/www.telerama.fr\/\" target=\"_blank\" rel=\"noreferrer noopener\">T\u00e9l\u00e9rama<\/a> : partenariat m\u00e9diatiques autour du festival Enfances dans le monde<\/li>\n\n\n\n<li><a href=\"https:\/\/www.noiise.com\/\" target=\"_blank\" rel=\"noreferrer noopener\">Open Noiise<\/a> : m\u00e9c\u00e9nat de comp\u00e9tences pour l\u2019accompagnement digital.<\/li>\n<\/ul>\n\n\n\n<p>Vous souhaitez les rejoindre ? N\u2019h\u00e9sitez pas \u00e0 nous contacter : <a href=\"mailto:contact@bice.org\" target=\"_blank\" rel=\"noreferrer noopener\">contact@bice.org<\/a> ou 01 53 35 01 00<\/p>\n","protected":false},"excerpt":{"rendered":"<p>S\u2019engager en tant qu\u2019entreprise aupr\u00e8s du BICE, par un don ou tout autre forme de m\u00e9c\u00e9nat, c\u2019est placer la promotion des droits et de la dignit\u00e9 des enfants au c\u0153ur de son engagement.\u00a0<\/p>\n","protected":false},"author":1,"featured_media":101042,"parent":10180,"menu_order":0,"comment_status":"closed","ping_status":"closed","template":"","meta":{"_acf_changed":false,"footnotes":""},"class_list":["post-10207","page","type-page","status-publish","has-post-thumbnail","hentry"],"acf":[],"yoast_head":"<!-- This site is optimized with the Yoast SEO plugin v27.2 - https:\/\/yoast.com\/product\/yoast-seo-wordpress\/ -->\n<title>Entreprises : faire un don - le BICE<\/title>\n<meta name=\"description\" content=\"En tant qu\u2019entreprise, faire un don au BICE, c\u2019est placer la promotion des droits et de la dignit\u00e9 des enfants au c\u0153ur de son engagement.\u00a0\" \/>\n<meta name=\"robots\" content=\"index, follow, max-snippet:-1, max-image-preview:large, max-video-preview:-1\" \/>\n<link rel=\"canonical\" href=\"https:\/\/bice.org\/fr\/wp-json\/wp\/v2\/pages\/10207\" \/>\n<meta property=\"og:locale\" content=\"fr_FR\" \/>\n<meta property=\"og:type\" content=\"article\" \/>\n<meta property=\"og:title\" content=\"Entreprises : faire un don - le BICE\" \/>\n<meta property=\"og:description\" content=\"En tant qu\u2019entreprise, faire un don au BICE, c\u2019est placer la promotion des droits et de la dignit\u00e9 des enfants au c\u0153ur de son engagement.\u00a0\" \/>\n<meta property=\"og:url\" content=\"https:\/\/bice.org\/fr\/nous-soutenir\/entreprises\/\" \/>\n<meta property=\"og:site_name\" content=\"BICE - ONG de protection des droits de l&#039;enfant\" \/>\n<meta property=\"article:modified_time\" content=\"2026-01-20T14:57:30+00:00\" \/>\n<meta property=\"og:image\" content=\"https:\/\/i0.wp.com\/bice.org\/app\/uploads\/2023\/03\/Visuel-Don-5-entreprise-et-fondation.webp?fit=1000%2C580&ssl=1\" \/>\n\t<meta property=\"og:image:width\" content=\"1000\" \/>\n\t<meta property=\"og:image:height\" content=\"580\" \/>\n\t<meta property=\"og:image:type\" content=\"image\/webp\" \/>\n<meta name=\"twitter:card\" content=\"summary_large_image\" \/>\n<meta name=\"twitter:label1\" content=\"Dur\u00e9e de lecture estim\u00e9e\" \/>\n\t<meta name=\"twitter:data1\" content=\"8 minutes\" \/>\n<!-- \/ Yoast SEO plugin. -->","yoast_head_json":{"title":"Entreprises : faire un don - le BICE","description":"En tant qu\u2019entreprise, faire un don au BICE, c\u2019est placer la promotion des droits et de la dignit\u00e9 des enfants au c\u0153ur de son engagement.\u00a0","robots":{"index":"index","follow":"follow","max-snippet":"max-snippet:-1","max-image-preview":"max-image-preview:large","max-video-preview":"max-video-preview:-1"},"canonical":"https:\/\/bice.org\/fr\/wp-json\/wp\/v2\/pages\/10207","og_locale":"fr_FR","og_type":"article","og_title":"Entreprises : faire un don - le BICE","og_description":"En tant qu\u2019entreprise, faire un don au BICE, c\u2019est placer la promotion des droits et de la dignit\u00e9 des enfants au c\u0153ur de son engagement.\u00a0","og_url":"https:\/\/bice.org\/fr\/nous-soutenir\/entreprises\/","og_site_name":"BICE - ONG de protection des droits de l&#039;enfant","article_modified_time":"2026-01-20T14:57:30+00:00","og_image":[{"width":1000,"height":580,"url":"https:\/\/i0.wp.com\/bice.org\/app\/uploads\/2023\/03\/Visuel-Don-5-entreprise-et-fondation.webp?fit=1000%2C580&ssl=1","type":"image\/webp"}],"twitter_card":"summary_large_image","twitter_misc":{"Dur\u00e9e de lecture estim\u00e9e":"8 minutes"},"schema":{"@context":"https:\/\/schema.org","@graph":[{"@type":"WebPage","@id":"https:\/\/bice.org\/fr\/nous-soutenir\/entreprises\/","url":"https:\/\/bice.org\/fr\/nous-soutenir\/entreprises\/","name":"Entreprises : faire un don - le BICE","isPartOf":{"@id":"https:\/\/bice.org\/fr\/#website"},"primaryImageOfPage":{"@id":"https:\/\/bice.org\/fr\/nous-soutenir\/entreprises\/#primaryimage"},"image":{"@id":"https:\/\/bice.org\/fr\/nous-soutenir\/entreprises\/#primaryimage"},"thumbnailUrl":"https:\/\/i0.wp.com\/bice.org\/app\/uploads\/2023\/03\/Visuel-Don-5-entreprise-et-fondation.webp?fit=1000%2C580&ssl=1","datePublished":"2015-11-10T13:20:27+00:00","dateModified":"2026-01-20T14:57:30+00:00","description":"En tant qu\u2019entreprise, faire un don au BICE, c\u2019est placer la promotion des droits et de la dignit\u00e9 des enfants au c\u0153ur de son engagement.\u00a0","breadcrumb":{"@id":"https:\/\/bice.org\/fr\/nous-soutenir\/entreprises\/#breadcrumb"},"inLanguage":"fr-FR","potentialAction":[{"@type":"ReadAction","target":["https:\/\/bice.org\/fr\/nous-soutenir\/entreprises\/"]}]},{"@type":"ImageObject","inLanguage":"fr-FR","@id":"https:\/\/bice.org\/fr\/nous-soutenir\/entreprises\/#primaryimage","url":"https:\/\/i0.wp.com\/bice.org\/app\/uploads\/2023\/03\/Visuel-Don-5-entreprise-et-fondation.webp?fit=1000%2C580&ssl=1","contentUrl":"https:\/\/i0.wp.com\/bice.org\/app\/uploads\/2023\/03\/Visuel-Don-5-entreprise-et-fondation.webp?fit=1000%2C580&ssl=1","width":1000,"height":580,"caption":"Entreprise : faites un don avec le BICE"},{"@type":"BreadcrumbList","@id":"https:\/\/bice.org\/fr\/nous-soutenir\/entreprises\/#breadcrumb","itemListElement":[{"@type":"ListItem","position":1,"name":"Accueil","item":"https:\/\/bice.org\/fr\/"},{"@type":"ListItem","position":2,"name":"Nous soutenir","item":"https:\/\/bice.org\/fr\/nous-soutenir\/"},{"@type":"ListItem","position":3,"name":"S\u2019engager en tant qu\u2019entreprise"}]},{"@type":"WebSite","@id":"https:\/\/bice.org\/fr\/#website","url":"https:\/\/bice.org\/fr\/","name":"BICE - ONG de protection des droits de l&#039;enfant","description":"Notre mission : D\u00e9fendre les droits et la dignit\u00e9 des enfants partout dans le monde","publisher":{"@id":"https:\/\/bice.org\/fr\/#organization"},"potentialAction":[{"@type":"SearchAction","target":{"@type":"EntryPoint","urlTemplate":"https:\/\/bice.org\/fr\/?s={search_term_string}"},"query-input":{"@type":"PropertyValueSpecification","valueRequired":true,"valueName":"search_term_string"}}],"inLanguage":"fr-FR"},{"@type":"Organization","@id":"https:\/\/bice.org\/fr\/#organization","name":"BICE","url":"https:\/\/bice.org\/fr\/","logo":{"@type":"ImageObject","inLanguage":"fr-FR","@id":"https:\/\/bice.org\/fr\/#\/schema\/logo\/image\/","url":"https:\/\/bice.org\/app\/uploads\/2022\/06\/favicon.ico","contentUrl":"https:\/\/bice.org\/app\/uploads\/2022\/06\/favicon.ico","width":64,"height":64,"caption":"BICE"},"image":{"@id":"https:\/\/bice.org\/fr\/#\/schema\/logo\/image\/"}}]}},"jetpack_sharing_enabled":true,"_links":{"self":[{"href":"https:\/\/bice.org\/fr\/wp-json\/wp\/v2\/pages\/10207","targetHints":{"allow":["GET"]}}],"collection":[{"href":"https:\/\/bice.org\/fr\/wp-json\/wp\/v2\/pages"}],"about":[{"href":"https:\/\/bice.org\/fr\/wp-json\/wp\/v2\/types\/page"}],"author":[{"embeddable":true,"href":"https:\/\/bice.org\/fr\/wp-json\/wp\/v2\/users\/1"}],"replies":[{"embeddable":true,"href":"https:\/\/bice.org\/fr\/wp-json\/wp\/v2\/comments?post=10207"}],"version-history":[{"count":5,"href":"https:\/\/bice.org\/fr\/wp-json\/wp\/v2\/pages\/10207\/revisions"}],"predecessor-version":[{"id":315948,"href":"https:\/\/bice.org\/fr\/wp-json\/wp\/v2\/pages\/10207\/revisions\/315948"}],"up":[{"embeddable":true,"href":"https:\/\/bice.org\/fr\/wp-json\/wp\/v2\/pages\/10180"}],"wp:featuredmedia":[{"embeddable":true,"href":"https:\/\/bice.org\/fr\/wp-json\/wp\/v2\/media\/101042"}],"wp:attachment":[{"href":"https:\/\/bice.org\/fr\/wp-json\/wp\/v2\/media?parent=10207"}],"curies":[{"name":"wp","href":"https:\/\/api.w.org\/{rel}","templated":true}]}}