{"id":10214,"date":"2015-11-10T13:22:27","date_gmt":"2015-11-10T13:22:27","guid":{"rendered":"https:\/\/bice.org\/fr\/?page_id=10214"},"modified":"2024-04-16T14:56:57","modified_gmt":"2024-04-16T12:56:57","slug":"nous-rejoindre","status":"publish","type":"page","link":"https:\/\/bice.org\/fr\/nous-soutenir\/nous-rejoindre\/","title":{"rendered":"Nous rejoindre"},"content":{"rendered":"<p>Notre bureau sur Paris publie r\u00e9guli\u00e8rement des offres de postes en CDI ou CDD, stages et alternances dans les domaines de la communication, la gestion de la relation donateurs, la collecte de fonds ou encore la mise en place de partenariats. Vous pouvez retrouver les offres actuelles <a href=\"https:\/\/bice.org\/fr\/nous-soutenir\/nous-rejoindre\/emploi-associatio\/\">sur cette page<\/a>.<\/p>\n<p>Nous sommes \u00e9galement heureux d\u2019accueillir des b\u00e9n\u00e9voles sur des missions ponctuelles ou r\u00e9guli\u00e8res. Vous trouverez plus de renseignements <a href=\"https:\/\/bice.org\/fr\/nous-soutenir\/nous-rejoindre\/benevolat\/\">sur cette page<\/a>.<\/p>\n","protected":false},"excerpt":{"rendered":"<p>Vous souhaitez vous engager concr\u00e8tement \u00e0 nos c\u00f4t\u00e9s ? Le BICE est toujours \u00e0 la recherche de nouvelles comp\u00e9tences pour d\u00e9fendre et faire rayonner la cause des enfants. Venez rejoindre notre \u00e9quipe !<\/p>\n","protected":false},"author":1,"featured_media":101044,"parent":10180,"menu_order":0,"comment_status":"closed","ping_status":"closed","template":"views\/page-node.blade.php","meta":{"_acf_changed":false,"footnotes":""},"class_list":["post-10214","page","type-page","status-publish","has-post-thumbnail","hentry"],"acf":[],"yoast_head":"<!-- This site is optimized with the Yoast SEO plugin v27.2 - https:\/\/yoast.com\/product\/yoast-seo-wordpress\/ -->\n<title>Rejoindre l&#039;\u00e9quipe du BICE<\/title>\n<meta name=\"description\" content=\"Engagez-vous aux c\u00f4t\u00e9s du BICE pour travailler ou faire du b\u00e9n\u00e9volat tout en contribuant \u00e0 faire avancer les droits de l\u2019enfant.\" \/>\n<meta name=\"robots\" content=\"index, follow, max-snippet:-1, max-image-preview:large, max-video-preview:-1\" \/>\n<link rel=\"canonical\" href=\"https:\/\/bice.org\/fr\/wp-json\/wp\/v2\/pages\/10214\" \/>\n<meta property=\"og:locale\" content=\"fr_FR\" \/>\n<meta property=\"og:type\" content=\"article\" \/>\n<meta property=\"og:title\" content=\"Rejoindre l&#039;\u00e9quipe du BICE\" \/>\n<meta property=\"og:description\" content=\"Engagez-vous aux c\u00f4t\u00e9s du BICE pour travailler ou faire du b\u00e9n\u00e9volat tout en contribuant \u00e0 faire avancer les droits de l\u2019enfant.\" \/>\n<meta property=\"og:url\" content=\"https:\/\/bice.org\/fr\/nous-soutenir\/nous-rejoindre\/\" \/>\n<meta property=\"og:site_name\" content=\"BICE - ONG de protection des droits de l&#039;enfant\" \/>\n<meta property=\"article:modified_time\" content=\"2024-04-16T12:56:57+00:00\" \/>\n<meta property=\"og:image\" content=\"https:\/\/i0.wp.com\/bice.org\/app\/uploads\/2023\/03\/Visuel-Don-6-nous-rejoindre.webp?fit=1000%2C580&ssl=1\" \/>\n\t<meta property=\"og:image:width\" content=\"1000\" \/>\n\t<meta property=\"og:image:height\" content=\"580\" \/>\n\t<meta property=\"og:image:type\" content=\"image\/webp\" \/>\n<meta name=\"twitter:card\" content=\"summary_large_image\" \/>\n<meta name=\"twitter:label1\" content=\"Dur\u00e9e de lecture estim\u00e9e\" \/>\n\t<meta name=\"twitter:data1\" content=\"1 minute\" \/>\n<!-- \/ Yoast SEO plugin. -->","yoast_head_json":{"title":"Rejoindre l'\u00e9quipe du BICE","description":"Engagez-vous aux c\u00f4t\u00e9s du BICE pour travailler ou faire du b\u00e9n\u00e9volat tout en contribuant \u00e0 faire avancer les droits de l\u2019enfant.","robots":{"index":"index","follow":"follow","max-snippet":"max-snippet:-1","max-image-preview":"max-image-preview:large","max-video-preview":"max-video-preview:-1"},"canonical":"https:\/\/bice.org\/fr\/wp-json\/wp\/v2\/pages\/10214","og_locale":"fr_FR","og_type":"article","og_title":"Rejoindre l'\u00e9quipe du BICE","og_description":"Engagez-vous aux c\u00f4t\u00e9s du BICE pour travailler ou faire du b\u00e9n\u00e9volat tout en contribuant \u00e0 faire avancer les droits de l\u2019enfant.","og_url":"https:\/\/bice.org\/fr\/nous-soutenir\/nous-rejoindre\/","og_site_name":"BICE - ONG de protection des droits de l&#039;enfant","article_modified_time":"2024-04-16T12:56:57+00:00","og_image":[{"width":1000,"height":580,"url":"https:\/\/i0.wp.com\/bice.org\/app\/uploads\/2023\/03\/Visuel-Don-6-nous-rejoindre.webp?fit=1000%2C580&ssl=1","type":"image\/webp"}],"twitter_card":"summary_large_image","twitter_misc":{"Dur\u00e9e de lecture estim\u00e9e":"1 minute"},"schema":{"@context":"https:\/\/schema.org","@graph":[{"@type":"WebPage","@id":"https:\/\/bice.org\/fr\/nous-soutenir\/nous-rejoindre\/","url":"https:\/\/bice.org\/fr\/nous-soutenir\/nous-rejoindre\/","name":"Rejoindre l'\u00e9quipe du BICE","isPartOf":{"@id":"https:\/\/bice.org\/fr\/#website"},"primaryImageOfPage":{"@id":"https:\/\/bice.org\/fr\/nous-soutenir\/nous-rejoindre\/#primaryimage"},"image":{"@id":"https:\/\/bice.org\/fr\/nous-soutenir\/nous-rejoindre\/#primaryimage"},"thumbnailUrl":"https:\/\/i0.wp.com\/bice.org\/app\/uploads\/2023\/03\/Visuel-Don-6-nous-rejoindre.webp?fit=1000%2C580&ssl=1","datePublished":"2015-11-10T13:22:27+00:00","dateModified":"2024-04-16T12:56:57+00:00","description":"Engagez-vous aux c\u00f4t\u00e9s du BICE pour travailler ou faire du b\u00e9n\u00e9volat tout en contribuant \u00e0 faire avancer les droits de l\u2019enfant.","breadcrumb":{"@id":"https:\/\/bice.org\/fr\/nous-soutenir\/nous-rejoindre\/#breadcrumb"},"inLanguage":"fr-FR","potentialAction":[{"@type":"ReadAction","target":["https:\/\/bice.org\/fr\/nous-soutenir\/nous-rejoindre\/"]}]},{"@type":"ImageObject","inLanguage":"fr-FR","@id":"https:\/\/bice.org\/fr\/nous-soutenir\/nous-rejoindre\/#primaryimage","url":"https:\/\/i0.wp.com\/bice.org\/app\/uploads\/2023\/03\/Visuel-Don-6-nous-rejoindre.webp?fit=1000%2C580&ssl=1","contentUrl":"https:\/\/i0.wp.com\/bice.org\/app\/uploads\/2023\/03\/Visuel-Don-6-nous-rejoindre.webp?fit=1000%2C580&ssl=1","width":1000,"height":580,"caption":"B\u00e9n\u00e9volat ou emploi : Engagez-vous avec le BICE pour faire progresser les droits de l'enfant."},{"@type":"BreadcrumbList","@id":"https:\/\/bice.org\/fr\/nous-soutenir\/nous-rejoindre\/#breadcrumb","itemListElement":[{"@type":"ListItem","position":1,"name":"Accueil","item":"https:\/\/bice.org\/fr\/"},{"@type":"ListItem","position":2,"name":"Nous soutenir","item":"https:\/\/bice.org\/fr\/nous-soutenir\/"},{"@type":"ListItem","position":3,"name":"Nous rejoindre"}]},{"@type":"WebSite","@id":"https:\/\/bice.org\/fr\/#website","url":"https:\/\/bice.org\/fr\/","name":"BICE - ONG de protection des droits de l&#039;enfant","description":"Notre mission : D\u00e9fendre les droits et la dignit\u00e9 des enfants partout dans le monde","publisher":{"@id":"https:\/\/bice.org\/fr\/#organization"},"potentialAction":[{"@type":"SearchAction","target":{"@type":"EntryPoint","urlTemplate":"https:\/\/bice.org\/fr\/?s={search_term_string}"},"query-input":{"@type":"PropertyValueSpecification","valueRequired":true,"valueName":"search_term_string"}}],"inLanguage":"fr-FR"},{"@type":"Organization","@id":"https:\/\/bice.org\/fr\/#organization","name":"BICE","url":"https:\/\/bice.org\/fr\/","logo":{"@type":"ImageObject","inLanguage":"fr-FR","@id":"https:\/\/bice.org\/fr\/#\/schema\/logo\/image\/","url":"https:\/\/bice.org\/app\/uploads\/2022\/06\/favicon.ico","contentUrl":"https:\/\/bice.org\/app\/uploads\/2022\/06\/favicon.ico","width":64,"height":64,"caption":"BICE"},"image":{"@id":"https:\/\/bice.org\/fr\/#\/schema\/logo\/image\/"}}]}},"jetpack_sharing_enabled":true,"_links":{"self":[{"href":"https:\/\/bice.org\/fr\/wp-json\/wp\/v2\/pages\/10214","targetHints":{"allow":["GET"]}}],"collection":[{"href":"https:\/\/bice.org\/fr\/wp-json\/wp\/v2\/pages"}],"about":[{"href":"https:\/\/bice.org\/fr\/wp-json\/wp\/v2\/types\/page"}],"author":[{"embeddable":true,"href":"https:\/\/bice.org\/fr\/wp-json\/wp\/v2\/users\/1"}],"replies":[{"embeddable":true,"href":"https:\/\/bice.org\/fr\/wp-json\/wp\/v2\/comments?post=10214"}],"version-history":[{"count":0,"href":"https:\/\/bice.org\/fr\/wp-json\/wp\/v2\/pages\/10214\/revisions"}],"up":[{"embeddable":true,"href":"https:\/\/bice.org\/fr\/wp-json\/wp\/v2\/pages\/10180"}],"wp:featuredmedia":[{"embeddable":true,"href":"https:\/\/bice.org\/fr\/wp-json\/wp\/v2\/media\/101044"}],"wp:attachment":[{"href":"https:\/\/bice.org\/fr\/wp-json\/wp\/v2\/media?parent=10214"}],"curies":[{"name":"wp","href":"https:\/\/api.w.org\/{rel}","templated":true}]}}