{"id":10253,"date":"2015-11-10T14:03:37","date_gmt":"2015-11-10T14:03:37","guid":{"rendered":"https:\/\/bice.org\/fr\/?page_id=10253"},"modified":"2026-01-29T10:46:30","modified_gmt":"2026-01-29T09:46:30","slug":"pourquoi-faire-un-don-au-bice","status":"publish","type":"page","link":"https:\/\/bice.org\/fr\/nous-soutenir\/faire-un-don\/pourquoi-faire-un-don-au-bice\/","title":{"rendered":"Faites un don pour les droits de l&#8217;enfant au BICE"},"content":{"rendered":"\n<h2 class=\"wp-block-heading\">Pourquoi faire un don au BICE<\/h2>\n\n\n\n<h3 class=\"wp-block-heading\">Une association qui prot\u00e8ge l&#8217;enfance<\/h3>\n\n\n\n<p>Le BICE (Bureau International Catholique de l\u2019enfance) est une association qui rassemble et anime un <a href=\"https:\/\/bice.org\/fr\/le-bice\/reseau-droits-de-l-enfant\/\">r\u00e9seau d\u2019organisations partenaires<\/a>, professionnelles et engag\u00e9es dans la d\u00e9fense et la promotion de la dignit\u00e9 et des droits des enfants.<br>Ces 80 organisations \u0153uvrent sur 4 continents (Afrique, Asie, Am\u00e9rique latine et Europe de l\u2019Est), dans des r\u00e9gions o\u00f9 trop d\u2019enfants sont encore victimes des pires fl\u00e9aux. Les actions du BICE et de ses partenaires portent sur 6 grands domaines.<\/p>\n\n\n\n<ul class=\"wp-block-list\">\n<li><a href=\"https:\/\/bice.org\/fr\/actions-de-terrain\/domaines-daction\/association-violence-enfance\/\" target=\"_blank\" rel=\"noopener\">La lutte contre les violences<\/a> \u00e0 l\u2019encontre des enfants<\/li>\n\n\n\n<li><a href=\"https:\/\/bice.org\/fr\/actions-de-terrain\/domaines-daction\/le-bice-une-association-qui-agit-pour-le-droit-a-leducation-de-tous-les-enfants\/\" target=\"_blank\" rel=\"noopener\">L\u2019acc\u00e8s \u00e0 une \u00e9ducation inclusive et de qualit\u00e9<\/a> pour tous les enfants<\/li>\n\n\n\n<li><a href=\"https:\/\/bice.org\/fr\/actions-de-terrain\/domaines-daction\/tuteurs-de-resilience\/\" target=\"_blank\" rel=\"noopener\">Le soutien \u00e0 la r\u00e9silience<\/a> pour les enfants souffrant de traumatismes<\/li>\n\n\n\n<li><a href=\"https:\/\/bice.org\/fr\/actions-de-terrain\/domaines-daction\/handicap\/\" target=\"_blank\" rel=\"noopener\">La croissance int\u00e9grale des enfants en situation de handicap<\/a><\/li>\n\n\n\n<li><a href=\"https:\/\/bice.org\/fr\/actions-de-terrain\/domaines-daction\/le-bice-oeuvre-pour-le-developpement-dune-justice-reparatrice\/\" target=\"_blank\" rel=\"noopener\">La r\u00e9insertion des enfants et des jeunes en conflit avec la loi<\/a><\/li>\n\n\n\n<li><a href=\"https:\/\/bice.org\/fr\/actions-de-terrain\/domaines-daction\/le-bice-aide-les-familles-a-se-reconstruire-face-aux-crises\/\" target=\"_blank\" rel=\"noopener\">L\u2019aide humanitaire et au d\u00e9veloppement<\/a> pour les enfants et leurs familles victimes des crises<\/li>\n<\/ul>\n\n\n\n<p>Au total, en 2025, gr\u00e2ce au soutien de nos donateurs, plus de 50 600 enfants vuln\u00e9rables ont ainsi pu \u00eatre accompagn\u00e9s et plus de de 9100 parents et proches accompagn\u00e9s.<\/p>\n\n\n\n<p>En compl\u00e9ment des projets de terrain, le BICE m\u00e8ne des actions de plaidoyer aux niveaux national et international (Unesco, ONU, Conseil de l\u2019Europe) pour faire respecter et progresser les politiques en faveur de l\u2019enfance.<\/p>\n\n\n\n<p>L\u2019association d\u00e9veloppe \u00e9galement des travaux de recherche et d\u00e9veloppement pour identifier, \u00e0 partir des exp\u00e9riences de terrain de ses partenaires, les meilleures pratiques aupr\u00e8s des enfants. Elle veille ensuite \u00e0 les diffuser en les adaptant \u00e0 chaque contexte et \u00e0 chaque culture.<\/p>\n\n\n\n<p>En vous engageant avec le <a href=\"https:\/\/bice.org\/fr\/le-bice\/\">BICE<\/a> pour la protection des enfants, vous b\u00e9n\u00e9ficiez d\u2019une r\u00e9duction fiscale de 66 % du montant de votre don (dans la limite de 20 % du revenu imposable).<\/p>\n\n\n\n<div class=\"wp-block-buttons is-content-justification-center is-layout-flex wp-container-core-buttons-is-layout-16018d1d wp-block-buttons-is-layout-flex\">\n<div class=\"wp-block-button has-custom-width wp-block-button__width-100\"><a class=\"wp-block-button__link has-text-align-center wp-element-button\" href=\"https:\/\/donner.bice.org\/mon-soutien\/\">JE FAIS UN DON AU BICE POUR LA PROTECTION DE L\u2019ENFANCE<\/a><\/div>\n<\/div>\n\n\n\n<h3 class=\"wp-block-heading\">Une association catholique<\/h3>\n\n\n\n<p>Fond\u00e9 en 1948, en r\u00e9ponse \u00e0 l\u2019appel du Pape Pie XII pour venir en aide aux enfants bris\u00e9s par la Seconde Guerre mondiale, le BICE est une association catholique internationale reconnue par le Saint-Si\u00e8ge.<\/p>\n\n\n\n<p>Si le BICE intervient aupr\u00e8s d\u2019enfants de tout pays et de toute religion, sans pros\u00e9lytisme ni discrimination, son action s\u2019appuie sur des valeurs profond\u00e9ment chr\u00e9tiennes.<\/p>\n\n\n\n<blockquote class=\"wp-block-quote is-layout-flow wp-block-quote-is-layout-flow\">\n<p class=\"has-large-font-size\">Un enfant est une promesse d&#8217;esp\u00e9rance<\/p>\n<\/blockquote>\n\n\n\n<p>Chaque enfant est cr\u00e9\u00e9 \u00e0 l\u2019image de Dieu. Sa vie, sa dignit\u00e9 et ses droits doivent \u00eatre d\u00e9fendus et respect\u00e9s.<\/p>\n\n\n\n<p>Chaque enfant bless\u00e9 est capable, s\u2019il est aid\u00e9, de trouver, en lui et autour de lui, les ressources n\u00e9cessaires pour cicatriser ses blessures et reprendre le chemin de sa vie. C\u2019est le message d\u2019esp\u00e9rance du BICE.<\/p>\n\n\n\n<p>Chaque enfant est pr\u00e9cieux et unique. Son accompagnement doit \u00eatre adapt\u00e9 \u00e0 son histoire, son contexte et sa culture.<\/p>\n\n\n\n<p>Chaque enfant est acteur de sa vie et dans la soci\u00e9t\u00e9. Tout doit \u00eatre mis en \u0153uvre pour assurer son d\u00e9veloppement int\u00e9gral sur les plans mat\u00e9riel, intellectuel, psychologique et spirituel et sa participation valoris\u00e9e.<\/p>\n\n\n\n<h2 class=\"wp-block-heading\">Vos dons en action<\/h2>\n\n\n\n<h3 class=\"wp-block-heading\">Vos dons au service des enfants<\/h3>\n\n\n\n<div class=\"wp-block-columns is-layout-flex wp-container-core-columns-is-layout-9d6595d7 wp-block-columns-is-layout-flex\">\n<div class=\"wp-block-column is-vertically-aligned-center is-layout-flow wp-block-column-is-layout-flow\" style=\"flex-basis:66.66%\">\n<p>Le BICE est une association qui d\u00e9pend \u00e0 73 % des dons et legs issus de la g\u00e9n\u00e9rosit\u00e9 du public. Votre soutien est donc essentiel \u00e0 nos actions aupr\u00e8s des enfants.<\/p>\n<\/div>\n\n\n\n<div class=\"wp-block-column is-layout-flow wp-block-column-is-layout-flow\" style=\"flex-basis:33.33%\">\n<figure class=\"wp-block-image size-full\"><img data-recalc-dims=\"1\" decoding=\"async\" width=\"452\" height=\"288\" src=\"https:\/\/i0.wp.com\/bice.org\/app\/uploads\/2025\/06\/ressources2024.jpg?resize=452%2C288&#038;ssl=1\" alt=\"\" class=\"wp-image-305834\" srcset=\"https:\/\/i0.wp.com\/bice.org\/app\/uploads\/2025\/06\/ressources2024.jpg?w=452&amp;ssl=1 452w, https:\/\/i0.wp.com\/bice.org\/app\/uploads\/2025\/06\/ressources2024.jpg?resize=300%2C191&amp;ssl=1 300w\" sizes=\"(max-width: 452px) 100vw, 452px\" \/><\/figure>\n<\/div>\n<\/div>\n\n\n\n<p class=\"has-text-align-left\"><\/p>\n\n\n\n<h3 class=\"wp-block-heading\">Une r\u00e9duction fiscale de 66 %<\/h3>\n\n\n\n<p>Association reconnue d\u2019int\u00e9r\u00eat g\u00e9n\u00e9ral, le BICE fait b\u00e9n\u00e9ficier ses donateurs d\u2019<strong>une r\u00e9duction fiscale de 66 %<\/strong> sur chaque don re\u00e7u (dans la limite de 20 % du revenu imposable). Ainsi, un don de 100 \u20ac ne vous co\u00fbte en r\u00e9alit\u00e9 que 34 \u20ac.<\/p>\n\n\n\n<h3 class=\"wp-block-heading\">Reconnaissance \u00ab Don en Confiance \u00bb<\/h3>\n\n\n\n<div class=\"wp-block-columns is-layout-flex wp-container-core-columns-is-layout-9d6595d7 wp-block-columns-is-layout-flex\">\n<div class=\"wp-block-column is-layout-flow wp-block-column-is-layout-flow\" style=\"flex-basis:66.66%\">\n<p><span style=\"font-size: inherit;\">Le BICE est une association Don en Confiance depuis 2008. Don en confiance est un organisme ind\u00e9pendant qui contr\u00f4le la bonne utilisation des dons. Le BICE a choisi de se soumettre volontairement et annuellement \u00e0 ce contr\u00f4le afin d\u2019obtenir la reconnaissance \u00ab Don en Confiance \u00bb qui implique le respect de cinq principes fondamentaux : Respect du donateur \u2013 Transparence \u2013 Recherche d\u2019efficacit\u00e9 \u2013 Probit\u00e9 et d\u00e9sint\u00e9ressement \u2013 \u00c9thique et responsabilit\u00e9 soci\u00e9tale et environnementale.<\/span><\/p>\n\n\n\n<\/p>\n<p>Gage de transparence et de probit\u00e9, nos comptes annuels son<span style=\"font-size: inherit;\">t certifi\u00e9s par le cabinet de commissaires aux comptes Deloitte. Vous pouvez les consulter <\/span><a style=\"font-size: inherit; background-color: #fefefe;\" href=\"https:\/\/bice.org\/fr\/le-bice\/ressources-et-emploi-des-fonds\/#comptescertifies\" target=\"_blank\" rel=\"noopener\">ici<\/a><span style=\"font-size: inherit;\">.<\/span><\/p>\n<\/div>\n\n\n\n<div class=\"wp-block-column is-layout-flow wp-block-column-is-layout-flow\" style=\"flex-basis:33.33%\">\n<figure class=\"wp-block-image alignright size-full\"><img data-recalc-dims=\"1\" decoding=\"async\" width=\"220\" height=\"219\" src=\"https:\/\/i0.wp.com\/bice.org\/app\/uploads\/2025\/06\/DonEnConfiance-couleur-2025-1.jpg?resize=220%2C219&#038;ssl=1\" alt=\"\" class=\"wp-image-305847\" srcset=\"https:\/\/i0.wp.com\/bice.org\/app\/uploads\/2025\/06\/DonEnConfiance-couleur-2025-1.jpg?w=220&amp;ssl=1 220w, https:\/\/i0.wp.com\/bice.org\/app\/uploads\/2025\/06\/DonEnConfiance-couleur-2025-1.jpg?resize=150%2C150&amp;ssl=1 150w, https:\/\/i0.wp.com\/bice.org\/app\/uploads\/2025\/06\/DonEnConfiance-couleur-2025-1.jpg?resize=100%2C100&amp;ssl=1 100w\" sizes=\"(max-width: 220px) 100vw, 220px\" \/><\/figure>\n<\/div>\n<\/div>\n\n\n\n<p><\/p>\n","protected":false},"excerpt":{"rendered":"<p>Partout dans le monde, les violences, l\u2019extr\u00eame pauvret\u00e9, les guerres, les discriminations mettent en danger les enfants et bafouent leur dignit\u00e9 et leurs droits fondamentaux. En soutenant le BICE, vous vous associez \u00e0 une organisation internationale catholique engag\u00e9e dans la d\u00e9fense et le respect de l&#8217;enfance.<\/p>\n","protected":false},"author":1,"featured_media":101037,"parent":10191,"menu_order":0,"comment_status":"closed","ping_status":"closed","template":"","meta":{"_acf_changed":false,"footnotes":""},"class_list":["post-10253","page","type-page","status-publish","has-post-thumbnail","hentry"],"acf":[],"yoast_head":"<!-- This site is optimized with the Yoast SEO plugin v27.2 - https:\/\/yoast.com\/product\/yoast-seo-wordpress\/ -->\n<title>Faire un don pour l&#039;enfance : association BICE<\/title>\n<meta name=\"description\" content=\"Le BICE est une association catholique qui oeuvre, avec des partenaires locaux, pour les droits et la dignit\u00e9 des enfants dans le monde.\" \/>\n<meta name=\"robots\" content=\"index, follow, max-snippet:-1, max-image-preview:large, max-video-preview:-1\" \/>\n<link rel=\"canonical\" href=\"https:\/\/bice.org\/fr\/wp-json\/wp\/v2\/pages\/10253\" \/>\n<meta property=\"og:locale\" content=\"fr_FR\" \/>\n<meta property=\"og:type\" content=\"article\" \/>\n<meta property=\"og:title\" content=\"Faire un don pour l&#039;enfance : association BICE\" \/>\n<meta property=\"og:description\" content=\"Le BICE est une association catholique qui oeuvre, avec des partenaires locaux, pour les droits et la dignit\u00e9 des enfants dans le monde.\" \/>\n<meta property=\"og:url\" content=\"https:\/\/bice.org\/fr\/nous-soutenir\/faire-un-don\/pourquoi-faire-un-don-au-bice\/\" \/>\n<meta property=\"og:site_name\" content=\"BICE - ONG de protection des droits de l&#039;enfant\" \/>\n<meta property=\"article:modified_time\" content=\"2026-01-29T09:46:30+00:00\" \/>\n<meta property=\"og:image\" content=\"https:\/\/bice.org\/app\/uploads\/2023\/03\/Visuel-Don-4-pourquoi-faire-un-don.webp\" \/>\n\t<meta property=\"og:image:width\" content=\"1000\" \/>\n\t<meta property=\"og:image:height\" content=\"580\" \/>\n\t<meta property=\"og:image:type\" content=\"image\/webp\" \/>\n<meta name=\"twitter:card\" content=\"summary_large_image\" \/>\n<meta name=\"twitter:label1\" content=\"Dur\u00e9e de lecture estim\u00e9e\" \/>\n\t<meta name=\"twitter:data1\" content=\"4 minutes\" \/>\n<!-- \/ Yoast SEO plugin. -->","yoast_head_json":{"title":"Faire un don pour l'enfance : association BICE","description":"Le BICE est une association catholique qui oeuvre, avec des partenaires locaux, pour les droits et la dignit\u00e9 des enfants dans le monde.","robots":{"index":"index","follow":"follow","max-snippet":"max-snippet:-1","max-image-preview":"max-image-preview:large","max-video-preview":"max-video-preview:-1"},"canonical":"https:\/\/bice.org\/fr\/wp-json\/wp\/v2\/pages\/10253","og_locale":"fr_FR","og_type":"article","og_title":"Faire un don pour l'enfance : association BICE","og_description":"Le BICE est une association catholique qui oeuvre, avec des partenaires locaux, pour les droits et la dignit\u00e9 des enfants dans le monde.","og_url":"https:\/\/bice.org\/fr\/nous-soutenir\/faire-un-don\/pourquoi-faire-un-don-au-bice\/","og_site_name":"BICE - ONG de protection des droits de l&#039;enfant","article_modified_time":"2026-01-29T09:46:30+00:00","og_image":[{"width":1000,"height":580,"url":"https:\/\/bice.org\/app\/uploads\/2023\/03\/Visuel-Don-4-pourquoi-faire-un-don.webp","type":"image\/webp"}],"twitter_card":"summary_large_image","twitter_misc":{"Dur\u00e9e de lecture estim\u00e9e":"4 minutes"},"schema":{"@context":"https:\/\/schema.org","@graph":[{"@type":"WebPage","@id":"https:\/\/bice.org\/fr\/nous-soutenir\/faire-un-don\/pourquoi-faire-un-don-au-bice\/","url":"https:\/\/bice.org\/fr\/nous-soutenir\/faire-un-don\/pourquoi-faire-un-don-au-bice\/","name":"Faire un don pour l'enfance : association BICE","isPartOf":{"@id":"https:\/\/bice.org\/fr\/#website"},"primaryImageOfPage":{"@id":"https:\/\/bice.org\/fr\/nous-soutenir\/faire-un-don\/pourquoi-faire-un-don-au-bice\/#primaryimage"},"image":{"@id":"https:\/\/bice.org\/fr\/nous-soutenir\/faire-un-don\/pourquoi-faire-un-don-au-bice\/#primaryimage"},"thumbnailUrl":"https:\/\/i0.wp.com\/bice.org\/app\/uploads\/2023\/03\/Visuel-Don-4-pourquoi-faire-un-don.webp?fit=1000%2C580&ssl=1","datePublished":"2015-11-10T14:03:37+00:00","dateModified":"2026-01-29T09:46:30+00:00","description":"Le BICE est une association catholique qui oeuvre, avec des partenaires locaux, pour les droits et la dignit\u00e9 des enfants dans le monde.","breadcrumb":{"@id":"https:\/\/bice.org\/fr\/nous-soutenir\/faire-un-don\/pourquoi-faire-un-don-au-bice\/#breadcrumb"},"inLanguage":"fr-FR","potentialAction":[{"@type":"ReadAction","target":["https:\/\/bice.org\/fr\/nous-soutenir\/faire-un-don\/pourquoi-faire-un-don-au-bice\/"]}]},{"@type":"ImageObject","inLanguage":"fr-FR","@id":"https:\/\/bice.org\/fr\/nous-soutenir\/faire-un-don\/pourquoi-faire-un-don-au-bice\/#primaryimage","url":"https:\/\/i0.wp.com\/bice.org\/app\/uploads\/2023\/03\/Visuel-Don-4-pourquoi-faire-un-don.webp?fit=1000%2C580&ssl=1","contentUrl":"https:\/\/i0.wp.com\/bice.org\/app\/uploads\/2023\/03\/Visuel-Don-4-pourquoi-faire-un-don.webp?fit=1000%2C580&ssl=1","width":1000,"height":580,"caption":"Faire un don au BICE, association catholique pour les droits et la dignit\u00e9 des enfants."},{"@type":"BreadcrumbList","@id":"https:\/\/bice.org\/fr\/nous-soutenir\/faire-un-don\/pourquoi-faire-un-don-au-bice\/#breadcrumb","itemListElement":[{"@type":"ListItem","position":1,"name":"Accueil","item":"https:\/\/bice.org\/fr\/"},{"@type":"ListItem","position":2,"name":"Nous soutenir","item":"https:\/\/bice.org\/fr\/nous-soutenir\/"},{"@type":"ListItem","position":3,"name":"Faire un don","item":"https:\/\/bice.org\/fr\/nous-soutenir\/faire-un-don\/"},{"@type":"ListItem","position":4,"name":"Faites un don pour les droits de l&#8217;enfant au BICE"}]},{"@type":"WebSite","@id":"https:\/\/bice.org\/fr\/#website","url":"https:\/\/bice.org\/fr\/","name":"BICE - ONG de protection des droits de l&#039;enfant","description":"Notre mission : D\u00e9fendre les droits et la dignit\u00e9 des enfants partout dans le monde","publisher":{"@id":"https:\/\/bice.org\/fr\/#organization"},"potentialAction":[{"@type":"SearchAction","target":{"@type":"EntryPoint","urlTemplate":"https:\/\/bice.org\/fr\/?s={search_term_string}"},"query-input":{"@type":"PropertyValueSpecification","valueRequired":true,"valueName":"search_term_string"}}],"inLanguage":"fr-FR"},{"@type":"Organization","@id":"https:\/\/bice.org\/fr\/#organization","name":"BICE","url":"https:\/\/bice.org\/fr\/","logo":{"@type":"ImageObject","inLanguage":"fr-FR","@id":"https:\/\/bice.org\/fr\/#\/schema\/logo\/image\/","url":"https:\/\/bice.org\/app\/uploads\/2022\/06\/favicon.ico","contentUrl":"https:\/\/bice.org\/app\/uploads\/2022\/06\/favicon.ico","width":64,"height":64,"caption":"BICE"},"image":{"@id":"https:\/\/bice.org\/fr\/#\/schema\/logo\/image\/"}}]}},"jetpack_sharing_enabled":true,"_links":{"self":[{"href":"https:\/\/bice.org\/fr\/wp-json\/wp\/v2\/pages\/10253","targetHints":{"allow":["GET"]}}],"collection":[{"href":"https:\/\/bice.org\/fr\/wp-json\/wp\/v2\/pages"}],"about":[{"href":"https:\/\/bice.org\/fr\/wp-json\/wp\/v2\/types\/page"}],"author":[{"embeddable":true,"href":"https:\/\/bice.org\/fr\/wp-json\/wp\/v2\/users\/1"}],"replies":[{"embeddable":true,"href":"https:\/\/bice.org\/fr\/wp-json\/wp\/v2\/comments?post=10253"}],"version-history":[{"count":9,"href":"https:\/\/bice.org\/fr\/wp-json\/wp\/v2\/pages\/10253\/revisions"}],"predecessor-version":[{"id":316082,"href":"https:\/\/bice.org\/fr\/wp-json\/wp\/v2\/pages\/10253\/revisions\/316082"}],"up":[{"embeddable":true,"href":"https:\/\/bice.org\/fr\/wp-json\/wp\/v2\/pages\/10191"}],"wp:featuredmedia":[{"embeddable":true,"href":"https:\/\/bice.org\/fr\/wp-json\/wp\/v2\/media\/101037"}],"wp:attachment":[{"href":"https:\/\/bice.org\/fr\/wp-json\/wp\/v2\/media?parent=10253"}],"curies":[{"name":"wp","href":"https:\/\/api.w.org\/{rel}","templated":true}]}}