{"id":14141,"date":"2016-01-19T14:59:45","date_gmt":"2016-01-19T14:59:45","guid":{"rendered":"https:\/\/bice.org\/fr\/?page_id=14141"},"modified":"2026-04-09T14:29:04","modified_gmt":"2026-04-09T12:29:04","slug":"newsletter","status":"publish","type":"page","link":"https:\/\/bice.org\/fr\/actualites\/newsletter\/","title":{"rendered":"Inscrivez-vous \u00e0 notre newsletter !"},"content":{"rendered":"\n<div class=\"wp-block-columns is-layout-flex wp-container-core-columns-is-layout-9d6595d7 wp-block-columns-is-layout-flex\">\n<div class=\"wp-block-column is-layout-flow wp-block-column-is-layout-flow\">\n<h2 class=\"wp-block-heading\">Formulaire d&#8217;inscription<\/h2>\n\n\n\n<div class=\"wp-block-contact-form-7-contact-form-selector\">\n<div class=\"wpcf7 no-js\" id=\"wpcf7-f7621-o1\" lang=\"fr-FR\" dir=\"ltr\" data-wpcf7-id=\"7621\">\n<div class=\"screen-reader-response\"><p role=\"status\" aria-live=\"polite\" aria-atomic=\"true\"><\/p> <ul><\/ul><\/div>\n<form action=\"\/fr\/wp-json\/wp\/v2\/pages\/14141#wpcf7-f7621-o1\" method=\"post\" class=\"wpcf7-form init\" aria-label=\"Formulaire de contact\" novalidate=\"novalidate\" data-status=\"init\">\n<fieldset class=\"hidden-fields-container\"><input type=\"hidden\" name=\"_wpcf7\" value=\"7621\" \/><input type=\"hidden\" name=\"_wpcf7_version\" value=\"6.1.5\" \/><input type=\"hidden\" name=\"_wpcf7_locale\" value=\"fr_FR\" \/><input type=\"hidden\" name=\"_wpcf7_unit_tag\" value=\"wpcf7-f7621-o1\" \/><input type=\"hidden\" name=\"_wpcf7_container_post\" value=\"0\" \/><input type=\"hidden\" name=\"_wpcf7_posted_data_hash\" value=\"\" \/><input type=\"hidden\" name=\"_wpcf7_recaptcha_response\" value=\"\" \/>\n<\/fieldset>\n<div class=\"inline-forms\">\n\t<div class=\"email\">\n\t\t<p><span class=\"wpcf7-form-control-wrap\" data-name=\"email\"><input size=\"40\" maxlength=\"400\" class=\"wpcf7-form-control wpcf7-email wpcf7-validates-as-required wpcf7-text wpcf7-validates-as-email\" aria-required=\"true\" aria-invalid=\"false\" placeholder=\"Votre email\" value=\"\" type=\"email\" name=\"email\" \/><\/span>\n\t\t<\/p>\n\t<\/div>\n\t<div class=\"submit\">\n\t\t<p><input class=\"wpcf7-form-control wpcf7-submit has-spinner button\" type=\"submit\" value=\"Ok\" \/>\n\t\t<\/p>\n\t<\/div>\n<\/div><div class=\"wpcf7-response-output\" aria-hidden=\"true\"><\/div>\n<\/form>\n<\/div>\n<\/div>\n\n\n\n<h2 class=\"wp-block-heading\">D\u00e9couvrez nos pr\u00e9c\u00e9dentes newsletters<\/h2>\n\n\n\n<ul class=\"wp-block-list\">\n<li><a href=\"https:\/\/public.message-business.com\/emailing\/34321\/10852\/emailing.aspx\" target=\"_blank\" rel=\"noreferrer noopener\">Newsletter AVRIL 2026<\/a><\/li>\n\n\n\n<li><a href=\"https:\/\/public.message-business.com\/emailing\/34321\/10767\/emailing.aspx\" target=\"_blank\" rel=\"noreferrer noopener\">Newsletter MARS 2026<\/a><\/li>\n\n\n\n<li><a href=\"https:\/\/public.message-business.com\/emailing\/34321\/10722\/emailing.aspx\" target=\"_blank\" rel=\"noreferrer noopener\">Newsletter FEVRIER 2026<\/a><\/li>\n\n\n\n<li><a href=\"https:\/\/public.message-business.com\/emailing\/34321\/10671\/emailing.aspx\" target=\"_blank\" rel=\"noreferrer noopener\">Newsletter JANVIER 2026<\/a><\/li>\n\n\n\n<li><a href=\"https:\/\/public.message-business.com\/emailing\/34321\/10583\/emailing.aspx\" target=\"_blank\" rel=\"noreferrer noopener\">Newsletter DECEMBRE 2025<\/a><\/li>\n\n\n\n<li><a href=\"https:\/\/public.message-business.com\/emailing\/34321\/10553\/emailing.aspx\" target=\"_blank\" rel=\"noreferrer noopener\">Newsletter NOVEMBRE 2025<\/a><\/li>\n\n\n\n<li><a href=\"https:\/\/public.message-business.com\/emailing\/34321\/10536\/emailing.aspx\" target=\"_blank\" rel=\"noreferrer noopener\">Newsletter OCTOBRE 2025<\/a><\/li>\n\n\n\n<li><a href=\"https:\/\/public.message-business.com\/emailing\/34321\/10490\/emailing.aspx\" target=\"_blank\" rel=\"noreferrer noopener\">Newsletter SEPTEMBRE 2025<\/a><\/li>\n\n\n\n<li><a href=\"https:\/\/public.message-business.com\/emailing\/34321\/10469\/emailing.aspx\" target=\"_blank\" rel=\"noreferrer noopener\">Newsletter JUILLET\/AO\u00dbT 2025<\/a><\/li>\n\n\n\n<li><a href=\"https:\/\/public.message-business.com\/emailing\/34321\/10436\/emailing.aspx\" target=\"_blank\" rel=\"noreferrer noopener\">Newsletter JUIN 2025<\/a><\/li>\n\n\n\n<li><a href=\"https:\/\/public.message-business.com\/emailing\/34321\/10195\/emailing.aspx\" target=\"_blank\" rel=\"noreferrer noopener\">Newsletter MAI 2025<\/a><\/li>\n<\/ul>\n<\/div>\n\n\n\n<div class=\"wp-block-column is-layout-flow wp-block-column-is-layout-flow\">\n<h2 class=\"wp-block-heading\">Un exemple de notre Newsletter<\/h2>\n\n\n\n<figure class=\"wp-block-image size-full\"><a href=\"https:\/\/public.message-business.com\/emailing\/34321\/10852\/emailing.aspx\" target=\"_blank\" rel=\" noreferrer noopener\"><img data-recalc-dims=\"1\" decoding=\"async\" width=\"620\" height=\"860\" src=\"https:\/\/i0.wp.com\/bice.org\/app\/uploads\/2026\/04\/NLavril26.jpg?resize=620%2C860&#038;ssl=1\" alt=\"Newsletter avril 2026\" class=\"wp-image-317251\" srcset=\"https:\/\/i0.wp.com\/bice.org\/app\/uploads\/2026\/04\/NLavril26.jpg?w=620&amp;ssl=1 620w, https:\/\/i0.wp.com\/bice.org\/app\/uploads\/2026\/04\/NLavril26.jpg?resize=216%2C300&amp;ssl=1 216w, https:\/\/i0.wp.com\/bice.org\/app\/uploads\/2026\/04\/NLavril26.jpg?resize=418%2C580&amp;ssl=1 418w, https:\/\/i0.wp.com\/bice.org\/app\/uploads\/2026\/04\/NLavril26.jpg?resize=300%2C416&amp;ssl=1 300w, https:\/\/i0.wp.com\/bice.org\/app\/uploads\/2026\/04\/NLavril26.jpg?resize=600%2C832&amp;ssl=1 600w\" sizes=\"(max-width: 620px) 100vw, 620px\" \/><\/a><\/figure>\n\n\n\n<p>Cliquez sur l\u2019image pour voir la newsletter en entier<\/p>\n<\/div>\n<\/div>\n\n\n\n<p><\/p>\n","protected":false},"excerpt":{"rendered":"<p>Suivez notre actualit\u00e9 gr\u00e2ce \u00e0 notre newsletter envoy\u00e9e chaque 1er samedi du mois. Y sont compil\u00e9s, pour vous, cinq articles sur l\u2019enfance, les droits de l\u2019enfant et nos actions.<\/p>\n","protected":false},"author":1,"featured_media":205069,"parent":9294,"menu_order":6,"comment_status":"closed","ping_status":"closed","template":"","meta":{"_acf_changed":false,"footnotes":""},"class_list":["post-14141","page","type-page","status-publish","has-post-thumbnail","hentry"],"acf":[],"yoast_head":"<!-- This site is optimized with the Yoast SEO plugin v27.2 - https:\/\/yoast.com\/product\/yoast-seo-wordpress\/ -->\n<title>Recevoir la newsletter mensuelle - le BICE<\/title>\n<meta name=\"description\" content=\"Recevez chaque mois toute l&#039;actu du BICE dans votre bo\u00eete email ! Dans cette newsletter, nous compilons cinq articles et une photo-l\u00e9gende.\" \/>\n<meta name=\"robots\" content=\"index, follow, max-snippet:-1, max-image-preview:large, max-video-preview:-1\" \/>\n<link rel=\"canonical\" href=\"https:\/\/bice.org\/fr\/wp-json\/wp\/v2\/pages\/14141\" \/>\n<meta property=\"og:locale\" content=\"fr_FR\" \/>\n<meta property=\"og:type\" content=\"article\" \/>\n<meta property=\"og:title\" content=\"Recevoir la newsletter mensuelle - le BICE\" \/>\n<meta property=\"og:description\" content=\"Recevez chaque mois toute l&#039;actu du BICE dans votre bo\u00eete email ! Dans cette newsletter, nous compilons cinq articles et une photo-l\u00e9gende.\" \/>\n<meta property=\"og:url\" content=\"https:\/\/bice.org\/fr\/actualites\/newsletter\/\" \/>\n<meta property=\"og:site_name\" content=\"BICE - ONG de protection des droits de l&#039;enfant\" \/>\n<meta property=\"article:modified_time\" content=\"2026-04-09T12:29:04+00:00\" \/>\n<meta property=\"og:image\" content=\"https:\/\/bice.org\/app\/uploads\/2024\/10\/visuel-une-newsletter.jpg\" \/>\n\t<meta property=\"og:image:width\" content=\"1000\" \/>\n\t<meta property=\"og:image:height\" content=\"580\" \/>\n\t<meta property=\"og:image:type\" content=\"image\/jpeg\" \/>\n<meta name=\"twitter:card\" content=\"summary_large_image\" \/>\n<meta name=\"twitter:label1\" content=\"Dur\u00e9e de lecture estim\u00e9e\" \/>\n\t<meta name=\"twitter:data1\" content=\"1 minute\" \/>\n<!-- \/ Yoast SEO plugin. -->","yoast_head_json":{"title":"Recevoir la newsletter mensuelle - le BICE","description":"Recevez chaque mois toute l'actu du BICE dans votre bo\u00eete email ! Dans cette newsletter, nous compilons cinq articles et une photo-l\u00e9gende.","robots":{"index":"index","follow":"follow","max-snippet":"max-snippet:-1","max-image-preview":"max-image-preview:large","max-video-preview":"max-video-preview:-1"},"canonical":"https:\/\/bice.org\/fr\/wp-json\/wp\/v2\/pages\/14141","og_locale":"fr_FR","og_type":"article","og_title":"Recevoir la newsletter mensuelle - le BICE","og_description":"Recevez chaque mois toute l'actu du BICE dans votre bo\u00eete email ! Dans cette newsletter, nous compilons cinq articles et une photo-l\u00e9gende.","og_url":"https:\/\/bice.org\/fr\/actualites\/newsletter\/","og_site_name":"BICE - ONG de protection des droits de l&#039;enfant","article_modified_time":"2026-04-09T12:29:04+00:00","og_image":[{"width":1000,"height":580,"url":"https:\/\/bice.org\/app\/uploads\/2024\/10\/visuel-une-newsletter.jpg","type":"image\/jpeg"}],"twitter_card":"summary_large_image","twitter_misc":{"Dur\u00e9e de lecture estim\u00e9e":"1 minute"},"schema":{"@context":"https:\/\/schema.org","@graph":[{"@type":"WebPage","@id":"https:\/\/bice.org\/fr\/actualites\/newsletter\/","url":"https:\/\/bice.org\/fr\/actualites\/newsletter\/","name":"Recevoir la newsletter mensuelle - le BICE","isPartOf":{"@id":"https:\/\/bice.org\/fr\/#website"},"primaryImageOfPage":{"@id":"https:\/\/bice.org\/fr\/actualites\/newsletter\/#primaryimage"},"image":{"@id":"https:\/\/bice.org\/fr\/actualites\/newsletter\/#primaryimage"},"thumbnailUrl":"https:\/\/i0.wp.com\/bice.org\/app\/uploads\/2024\/10\/visuel-une-newsletter.jpg?fit=1000%2C580&ssl=1","datePublished":"2016-01-19T14:59:45+00:00","dateModified":"2026-04-09T12:29:04+00:00","description":"Recevez chaque mois toute l'actu du BICE dans votre bo\u00eete email ! Dans cette newsletter, nous compilons cinq articles et une photo-l\u00e9gende.","breadcrumb":{"@id":"https:\/\/bice.org\/fr\/actualites\/newsletter\/#breadcrumb"},"inLanguage":"fr-FR","potentialAction":[{"@type":"ReadAction","target":["https:\/\/bice.org\/fr\/actualites\/newsletter\/"]}]},{"@type":"ImageObject","inLanguage":"fr-FR","@id":"https:\/\/bice.org\/fr\/actualites\/newsletter\/#primaryimage","url":"https:\/\/i0.wp.com\/bice.org\/app\/uploads\/2024\/10\/visuel-une-newsletter.jpg?fit=1000%2C580&ssl=1","contentUrl":"https:\/\/i0.wp.com\/bice.org\/app\/uploads\/2024\/10\/visuel-une-newsletter.jpg?fit=1000%2C580&ssl=1","width":1000,"height":580,"caption":"newsletter du BICE"},{"@type":"BreadcrumbList","@id":"https:\/\/bice.org\/fr\/actualites\/newsletter\/#breadcrumb","itemListElement":[{"@type":"ListItem","position":1,"name":"Accueil","item":"https:\/\/bice.org\/fr\/"},{"@type":"ListItem","position":2,"name":"Actualit\u00e9s du BICE","item":"https:\/\/bice.org\/fr\/actualites\/"},{"@type":"ListItem","position":3,"name":"Inscrivez-vous \u00e0 notre newsletter !"}]},{"@type":"WebSite","@id":"https:\/\/bice.org\/fr\/#website","url":"https:\/\/bice.org\/fr\/","name":"BICE - ONG de protection des droits de l&#039;enfant","description":"Notre mission : D\u00e9fendre les droits et la dignit\u00e9 des enfants partout dans le monde","publisher":{"@id":"https:\/\/bice.org\/fr\/#organization"},"potentialAction":[{"@type":"SearchAction","target":{"@type":"EntryPoint","urlTemplate":"https:\/\/bice.org\/fr\/?s={search_term_string}"},"query-input":{"@type":"PropertyValueSpecification","valueRequired":true,"valueName":"search_term_string"}}],"inLanguage":"fr-FR"},{"@type":"Organization","@id":"https:\/\/bice.org\/fr\/#organization","name":"BICE","url":"https:\/\/bice.org\/fr\/","logo":{"@type":"ImageObject","inLanguage":"fr-FR","@id":"https:\/\/bice.org\/fr\/#\/schema\/logo\/image\/","url":"https:\/\/bice.org\/app\/uploads\/2022\/06\/favicon.ico","contentUrl":"https:\/\/bice.org\/app\/uploads\/2022\/06\/favicon.ico","width":64,"height":64,"caption":"BICE"},"image":{"@id":"https:\/\/bice.org\/fr\/#\/schema\/logo\/image\/"}}]}},"jetpack_sharing_enabled":true,"_links":{"self":[{"href":"https:\/\/bice.org\/fr\/wp-json\/wp\/v2\/pages\/14141","targetHints":{"allow":["GET"]}}],"collection":[{"href":"https:\/\/bice.org\/fr\/wp-json\/wp\/v2\/pages"}],"about":[{"href":"https:\/\/bice.org\/fr\/wp-json\/wp\/v2\/types\/page"}],"author":[{"embeddable":true,"href":"https:\/\/bice.org\/fr\/wp-json\/wp\/v2\/users\/1"}],"replies":[{"embeddable":true,"href":"https:\/\/bice.org\/fr\/wp-json\/wp\/v2\/comments?post=14141"}],"version-history":[{"count":9,"href":"https:\/\/bice.org\/fr\/wp-json\/wp\/v2\/pages\/14141\/revisions"}],"predecessor-version":[{"id":317254,"href":"https:\/\/bice.org\/fr\/wp-json\/wp\/v2\/pages\/14141\/revisions\/317254"}],"up":[{"embeddable":true,"href":"https:\/\/bice.org\/fr\/wp-json\/wp\/v2\/pages\/9294"}],"wp:featuredmedia":[{"embeddable":true,"href":"https:\/\/bice.org\/fr\/wp-json\/wp\/v2\/media\/205069"}],"wp:attachment":[{"href":"https:\/\/bice.org\/fr\/wp-json\/wp\/v2\/media?parent=14141"}],"curies":[{"name":"wp","href":"https:\/\/api.w.org\/{rel}","templated":true}]}}