{"id":153785,"date":"2023-07-21T18:05:43","date_gmt":"2023-07-21T16:05:43","guid":{"rendered":"https:\/\/bice.org\/?page_id=153785"},"modified":"2024-03-12T13:48:47","modified_gmt":"2024-03-12T12:48:47","slug":"justice-reparatrice-juvenile-programme-enfance-sans-barreaux-3","status":"publish","type":"page","link":"https:\/\/bice.org\/fr\/actions-de-terrain\/domaines-daction\/le-bice-oeuvre-pour-le-developpement-dune-justice-reparatrice\/justice-reparatrice-juvenile-programme-enfance-sans-barreaux-3\/","title":{"rendered":"Justice r\u00e9paratrice juv\u00e9nile. Programme Enfance sans Barreaux 3"},"content":{"rendered":"\n<p>En C\u00f4te d\u2019Ivoire, en R\u00e9publique d\u00e9mocratique du Congo et au Togo, les programmes Enfance sans Barreaux 1 et 2 ont particip\u00e9 \u00e0 la prise de conscience par les instances nationales de la situation des enfants en conflit avec la loi et de la n\u00e9cessit\u00e9 de garantir plus efficacement leurs droits.<\/p>\n\n\n\n<p>Toutefois, la r\u00e9insertion sociale et \u00e9conomique de ces jeunes, apr\u00e8s qu\u2019ils ont purg\u00e9 leur peine, reste un enjeu consid\u00e9rable. Le processus de r\u00e9habilitation, encore faible aujourd\u2019hui, requiert plus d\u2019investissements financiers et humains. \u00c0 cela s\u2019ajoute l\u2019augmentation de la pr\u00e9carit\u00e9 des familles des enfants en conflit avec la loi en raison de la crise \u00e9conomique li\u00e9e \u00e0 la pand\u00e9mie de covid-19 et de l\u2019augmentation des prix de l\u2019alimentation et de l\u2019\u00e9nergie cons\u00e9quence de la guerre en Ukraine. Un contexte international qui renforce encore la n\u00e9cessit\u00e9 d\u2019aider ces adolescents \u00e0 se r\u00e9ins\u00e9rer sur les plans familial et professionnel.<\/p>\n\n\n\n<p>Ainsi, ce nouveau programme vise \u00e0 garantir \u00e0 835 jeunes un soutien post-lib\u00e9ration gr\u00e2ce \u00e0 des pratiques socio-\u00e9ducatives r\u00e9paratrices en associant \u00e0 ce processus les services sociaux \u00e9tatiques et les parents. Mais aussi gr\u00e2ce au d\u00e9veloppement d\u2019activit\u00e9s g\u00e9n\u00e9ratrices de revenus.<\/p>\n\n\n\n<p>En parall\u00e8le, les partenaires locaux du BICE, reconnus pour leurs comp\u00e9tences et savoir-faire au niveau national, formeront des acteurs de la justice \u00e0 l\u2019application de dispositifs l\u00e9gaux et de pratiques socio-\u00e9ducatives pr\u00e9voyant la r\u00e9insertion des enfants ayant \u00e9t\u00e9 en conflit avec la loi. Ils porteront \u00e9galement des sujets de plaidoyer aupr\u00e8s des autorit\u00e9s publiques avec 30 autres organisations de la soci\u00e9t\u00e9 civile. Une Conf\u00e9rence \u00e0 Lom\u00e9 en 2026 marquera le partage des r\u00e9sultats des trois phases d\u2019Enfance sans Barreaux et le passage formel de relai aux organes \u00e9tatiques.<\/p>\n\n\n\n<h2 class=\"wp-block-heading\">Le programme multipays Enfance sans Barreaux 3<\/h2>\n\n\n\n<h3 class=\"wp-block-heading\">Les pays d\u2019intervention et partenaires <\/h3>\n\n\n\n<figure class=\"wp-block-table\"><table><tbody><tr><td><strong>Pays &nbsp;&nbsp;<\/strong><\/td><td><strong>Partenaires<\/strong><\/td><td><strong>Lieux de mise en \u0153uvre<\/strong><\/td><\/tr><tr><td>C\u00f4te d\u2019Ivoire&nbsp;&nbsp;&nbsp;&nbsp;<\/td><td>DDE-CI&nbsp;&nbsp;&nbsp;&nbsp;&nbsp;&nbsp;&nbsp;&nbsp;&nbsp;<\/td><td>Abidjan, Bouak\u00e9, Dabou<\/td><\/tr><tr><td>RD Congo<\/td><td>BNCE-RDC&nbsp;&nbsp;<\/td><td>Kinshasa<\/td><\/tr><tr><td>Togo&nbsp;<\/td><td>BNCE-Togo<\/td><td>Lom\u00e9, Atakpam\u00e9<\/td><\/tr><\/tbody><\/table><\/figure>\n\n\n\n<h3 class=\"wp-block-heading\">Les b\u00e9n\u00e9ficiaires<\/h3>\n\n\n\n<h4 class=\"wp-block-heading\">B\u00e9n\u00e9ficiaires directs&nbsp;:<\/h4>\n\n\n\n<ul class=\"wp-block-list\">\n<li>835 enfants ayant \u00e9t\u00e9 en conflit avec la loi (dont environ 10&nbsp;% de filles) soutenus lors de leur r\u00e9insertion (190 par le travail d\u2019int\u00e9r\u00eat g\u00e9n\u00e9ral (TIG) 520 par des activit\u00e9s socio-\u00e9ducatives et 125 par une activit\u00e9 g\u00e9n\u00e9ratrice de revenus) dont 20 jeunes de 18-21 ans b\u00e9n\u00e9ficiaires du programme pr\u00e9c\u00e9dent (Enfance sans Barreaux 2) en fin de formation et soutenus pour d\u00e9velopper leur activit\u00e9 au Togo<\/li>\n\n\n\n<li>520 parents d\u2019enfants ayant \u00e9t\u00e9 ou en conflit avec la loi soutenus dans leur parentalit\u00e9 et 218 parmi eux \u00e9galement dans l\u2019approche r\u00e9silience<\/li>\n\n\n\n<li>45 autorit\u00e9s publiques sollicit\u00e9es par le plaidoyer<\/li>\n\n\n\n<li>30 organisations de la soci\u00e9t\u00e9 civile sensibilis\u00e9es et renforc\u00e9es lors du plaidoyer<\/li>\n\n\n\n<li>101 acteurs de la justice renforc\u00e9s dans leur technique de TIG (24), dans le soutien \u00e0 la parentalit\u00e9, \u00e0 la psycho-\u00e9ducation et \u00e0 l\u2019approche r\u00e9silience (67) et \u00e0 la gestion des activit\u00e9s g\u00e9n\u00e9ratrices de revenus (10)<\/li>\n\n\n\n<li>10 leaders communautaires renforc\u00e9s et accompagn\u00e9s dans le soutien \u00e0 la parentalit\u00e9 et \u00e0 la psycho-\u00e9ducation<\/li>\n\n\n\n<li>30 \u00e9tudiants-fonctionnaires de l\u2019Institut national de formation judiciaire de C\u00f4te d\u2019Ivoire (INFJ) sensibilis\u00e9s \u00e0 l\u2019utilisation de l\u2019approche r\u00e9silience dans le cadre de la justice r\u00e9paratrice.<\/li>\n<\/ul>\n\n\n\n<h4 class=\"wp-block-heading\">B\u00e9n\u00e9ficiaires indirects&nbsp;:<\/h4>\n\n\n\n<ul class=\"wp-block-list\">\n<li>700 membres de l\u2019entourage des enfants&nbsp;sensibilis\u00e9s \u00e0 leur tour via les parents b\u00e9n\u00e9ficiaires<\/li>\n\n\n\n<li>1 700 personnes du grand public sensibilis\u00e9es lors de la couverture des \u00e9v\u00e9nements par les m\u00e9dias et par le centre de documentation et la page web sur la justice juv\u00e9nile<\/li>\n\n\n\n<li>200 \u00e9tudiants renforc\u00e9s gr\u00e2ce \u00e0 la coop\u00e9ration avec l\u2019INFJ<\/li>\n\n\n\n<li>75 fonctionnaires inform\u00e9s des avanc\u00e9es du programme via des restitutions.<\/li>\n<\/ul>\n\n\n\n<h3 class=\"wp-block-heading\"><strong>Les objectifs du programme Enfance sans Barreaux 3<\/strong><\/h3>\n\n\n\n<p>L\u2019objectif global est de contribuer \u00e0 l\u2019application de politiques en mati\u00e8re de justice juv\u00e9nile respectueuses de la Convention relative aux droits de l\u2019enfant. Des politiques qui int\u00e8grent la mise en place d\u2019une justice r\u00e9paratrice dans le traitement et la r\u00e9insertion des enfants.<\/p>\n\n\n\n<p>Un objectif sp\u00e9cifique a \u00e9t\u00e9 \u00e9tabli&nbsp;:<strong> <\/strong>Favoriser la r\u00e9insertion durable des enfants ayant \u00e9t\u00e9 en conflit avec la loi par le d\u00e9veloppement de politiques et de pratiques socio-\u00e9ducativesr\u00e9paratrices.<\/p>\n\n\n\n<h3 class=\"wp-block-heading\">Les r\u00e9sultats attendus et les activit\u00e9s correspondantes<\/h3>\n\n\n\n<h4 class=\"wp-block-heading\">R\u00e9sultat 1&nbsp;: Les actions de plaidoyer aux niveaux national et international ont permis une meilleure prise en compte des droits des enfants en conflit avec la loi dans les politiques publiques<\/h4>\n\n\n\n<p>Pour atteindre ce r\u00e9sultat, le BICE et ses partenaires mettent en place les activit\u00e9s suivantes :<\/p>\n\n\n\n<ul class=\"wp-block-list\">\n<li><strong>Formation <\/strong><strong>sur le plaidoyer participatif men\u00e9e par le BICE<\/strong>. Les partenaires feront ensuite une restitution des enseignements re\u00e7us aux acteurs de la justice et aux organisations de leurs pays respectifs afin d\u2019harmoniser les diverses d\u00e9marches de plaidoyer local, les syst\u00e9matiser et les mutualiser.<\/li>\n<\/ul>\n\n\n\n<ul class=\"wp-block-list\">\n<li><strong>Diffusion de sept publications r\u00e9alis\u00e9es lors d\u2019Enfance sans Barreaux 2<\/strong>. L\u2019objectif est de renforcer les acquis des formations de la phase pr\u00e9c\u00e9dente aupr\u00e8s des autorit\u00e9s \u00e9tatiques, des institutions de formation des travailleurs sociaux et des acteurs de la justice charg\u00e9s du suivi des d\u00e9cisions.<\/li>\n\n\n\n<li><strong>Approfondissement du plaidoyer national<\/strong> sur des th\u00e9matiques telles que&nbsp;:<ul><li>le d\u00e9veloppement d\u2019une coordination efficiente entre les acteurs intervenants pour les travaux d\u2019int\u00e9r\u00eat g\u00e9n\u00e9ral (TIG) (CI et RDC).l\u2019adoption du d\u00e9cret de mise en \u0153uvre des \u00c9tablissements de garde et d\u2019\u00e9ducation de l\u2019\u00c9tat (EGEE) et l\u2019am\u00e9lioration de l\u2019avancement de la carri\u00e8re des juges pour enfants (RDC).la pr\u00e9cision du champ des comp\u00e9tences et des attributions du <strong>Centre d\u2019acc\u00e8s au droit et \u00e0 la justice pour enfants (<\/strong>CADJE) (Togo).l\u2019acc\u00e8s \u00e0 la scolarisation gratuite et \u00e0 la formation professionnelle des enfants ayant \u00e9t\u00e9 en conflit avec la loi \u2013 filles et gar\u00e7ons \u2013 sans discrimination aucune (CI, RDC et Togo)<\/li><\/ul>\n<ul class=\"wp-block-list\">\n<li>l\u2019exon\u00e9ration de taxes des jeunes entrepreneurs (CI, RDC et Togo).<\/li>\n<\/ul>\n<\/li>\n\n\n\n<li><strong>Accompagnement \u00e0 l\u2019autonomisation des partenaires dans les initiatives de plaidoyer international. <\/strong>Parmi les actions men\u00e9es, la r\u00e9daction par chaque partenaire, avec le soutien du BICE, d\u2019un rapport alternatif ax\u00e9 sur la justice pour enfants pour l\u2019Examen p\u00e9riodique universel (CI et RDC) et le Comit\u00e9 des droits de l\u2019enfant (Togo).<\/li>\n<\/ul>\n\n\n\n<ul class=\"wp-block-list\">\n<li><strong>Mise \u00e0 jour r\u00e9guli\u00e8re du centre de documentation en ligne sur la justice juv\u00e9nile du BICE.<\/strong> Ce centre rassemble des modules de formation, les publications du BICE et de ses partenaires, ainsi que les textes internationaux et nationaux, et les politiques publiques pertinentes des trois pays.<\/li>\n<\/ul>\n\n\n\n<ul class=\"wp-block-list\">\n<li><strong>D\u00e9veloppement d\u2019une page web <\/strong>(Togo) pour une meilleure visibilit\u00e9 et connaissance nationale de la probl\u00e9matique.<\/li>\n<\/ul>\n\n\n\n<h4 class=\"wp-block-heading\">R\u00e9sultat 2&nbsp;: La r\u00e9insertion des enfants ayant \u00e9t\u00e9 en conflit avec la loi est accompagn\u00e9e par les services sociaux \u00e9tatiques en milieu ouvert pour p\u00e9renniser les m\u00e9canismes et processus.<\/h4>\n\n\n\n<p>Pour atteindre ce r\u00e9sultat, le BICE et ses partenaires mettent en place les activit\u00e9s suivantes :<\/p>\n\n\n\n<ul class=\"wp-block-list\">\n<li><strong>D\u00e9veloppement des TIG <\/strong>(CI et RDC).Dans ces deux pays, il s\u2019agit d\u2019une pratique peu ou non exp\u00e9riment\u00e9e. Cette action est men\u00e9e main dans la main avec les autorit\u00e9s et services publics. 190 enfants seront accompagn\u00e9s par ce biais. Un travail en partenariat avec les tribunaux est n\u00e9cessaire en amont pour d\u00e9velopper la m\u00e9thodologie.<\/li>\n<\/ul>\n\n\n\n<ul class=\"wp-block-list\">\n<li><strong>Partage d\u2019exp\u00e9riences, comp\u00e9tences et bonnes pratiques de membres du r\u00e9seau BICE et des partenaires d\u2019Enfance sans Barreaux 3 <\/strong>concernant la r\u00e9silience (PEDER), les groupes de parole (DDE-CI), la masculinit\u00e9 positive et la gestion \u00e9conomique des AGR (Ghovodi), le soutien \u00e0 la parentalit\u00e9 (tous) ou encore le genre (BNCE-Togo).<\/li>\n<\/ul>\n\n\n\n<ul class=\"wp-block-list\">\n<li><strong>Accompagnement de 250 enfants et 520 parents sur le plan socio-\u00e9ducatif.<\/strong><\/li>\n<\/ul>\n\n\n\n<ul class=\"wp-block-list\">\n<li><strong>Mutualisation et capitalisation des pratiques socio-\u00e9ducatives de r\u00e9insertion des enfants ayant \u00e9t\u00e9 en conflit avec la loi <\/strong>(CI, RDC et Togo).Rappelons qu\u2019au cours des deux phases pr\u00e9c\u00e9dentes d\u2019Enfance sans Barreaux, les partenaires ont accompagn\u00e9 environ 7 000 enfants dans leur r\u00e9insertion. Ils ont soutenu 6 300 parents lors du renouement des liens et du retour de leur enfant. Et ont suivi environ 1 000 enfants apr\u00e8s leur lib\u00e9ration. Lors cette nouvelle phase, l\u2019accompagnement psychosocial des enfants est renforc\u00e9 et mutualis\u00e9 avec les acteurs \u00e9tatiques. Puis mis en \u0153uvre conjointement et capitalis\u00e9 avec eux. L\u2019objectif est qu\u2019au terme de ce programme, les actions de suivi post lib\u00e9ration soient men\u00e9es par les \u00e9quipes de fonctionnaires. Pour cela, les partenaires partageront leurs comp\u00e9tences et pratiques (ateliers parentalit\u00e9 responsable, groupe de parole, suivi \u00e0 domicile, ateliers r\u00e9silience\u2026) avec des acteurs \u00e9tatiques.<\/li>\n<\/ul>\n\n\n\n<ul class=\"wp-block-list\">\n<li><strong>Soutien au lancement d\u2019activit\u00e9s g\u00e9n\u00e9ratrices de revenus <\/strong>(RDC et Togo)<strong> et d\u00e9veloppement de groupements d\u2019adolescents entrepreneurs <\/strong>(CI, RDC et Togo). En raison des difficult\u00e9s li\u00e9es au contexte local, il avait \u00e9t\u00e9 constat\u00e9 \u00e0 la fin d\u2019Enfance sans Barreaux 2 le manque d\u2019opportunit\u00e9s professionnelles pour les jeunes apr\u00e8s la d\u00e9tention. Ainsi, parall\u00e8lement au plaidoyer qui poursuit sa requ\u00eate de gratuit\u00e9 de l\u2019\u00e9cole et de non-discrimination des enfants ayant \u00e9t\u00e9 en confit avec la loi, notamment \u00e0 l\u2019\u00e9gard des filles voulant r\u00e9int\u00e9grer le syst\u00e8me \u00e9ducatif, le programme accompagne ceux et celles qui s\u2019orientent vers une activit\u00e9 professionnelle.<\/li>\n\n\n\n<li><strong>Formation de 135 jeunes \u00e0 la gestion \u00e9conomique, \u00e0 l\u2019\u00e9pargne et au microcr\u00e9dit et lanceront une activit\u00e9, notamment agricole. <\/strong>Ils seront r\u00e9unis en groupes solidaires pour renforcer la p\u00e9rennisation de leur activit\u00e9 et suivis avec la nouvelle m\u00e9thodologie.<\/li>\n<\/ul>\n\n\n\n<p>Une commission justice r\u00e9paratrice compos\u00e9e de quatre experts internationaux sollicit\u00e9s par le BICE est cr\u00e9\u00e9e comme dispositif de suivi du programme tout au long de sa mise en \u0153uvre.<\/p>\n\n\n\n<h2 class=\"wp-block-heading\">Avec le soutien de&nbsp;<\/h2>\n\n\n\n<div class=\"wp-block-columns is-layout-flex wp-container-core-columns-is-layout-9d6595d7 wp-block-columns-is-layout-flex\">\n<div class=\"wp-block-column is-layout-flow wp-block-column-is-layout-flow\">\n<figure class=\"wp-block-image alignleft size-large is-resized\"><img data-recalc-dims=\"1\" decoding=\"async\" width=\"1024\" height=\"596\" src=\"https:\/\/i0.wp.com\/bice.org\/app\/uploads\/2023\/06\/AFD_Logo_RVB-VALIDE%E2%95%A0u.png?resize=1024%2C596&#038;ssl=1\" alt=\"Logo AFD Agence fran\u00e7aise de d\u00e9veloppement\" class=\"wp-image-152565\" style=\"width:318px;height:auto\" srcset=\"https:\/\/i0.wp.com\/bice.org\/app\/uploads\/2023\/06\/AFD_Logo_RVB-VALIDE%E2%95%A0u.png?resize=1024%2C596&amp;ssl=1 1024w, https:\/\/i0.wp.com\/bice.org\/app\/uploads\/2023\/06\/AFD_Logo_RVB-VALIDE%E2%95%A0u.png?resize=300%2C175&amp;ssl=1 300w, https:\/\/i0.wp.com\/bice.org\/app\/uploads\/2023\/06\/AFD_Logo_RVB-VALIDE%E2%95%A0u.png?resize=768%2C447&amp;ssl=1 768w, https:\/\/i0.wp.com\/bice.org\/app\/uploads\/2023\/06\/AFD_Logo_RVB-VALIDE%E2%95%A0u.png?resize=1536%2C895&amp;ssl=1 1536w, https:\/\/i0.wp.com\/bice.org\/app\/uploads\/2023\/06\/AFD_Logo_RVB-VALIDE%E2%95%A0u.png?resize=2048%2C1193&amp;ssl=1 2048w, https:\/\/i0.wp.com\/bice.org\/app\/uploads\/2023\/06\/AFD_Logo_RVB-VALIDE%E2%95%A0u.png?resize=996%2C580&amp;ssl=1 996w, https:\/\/i0.wp.com\/bice.org\/app\/uploads\/2023\/06\/AFD_Logo_RVB-VALIDE%E2%95%A0u.png?resize=600%2C350&amp;ssl=1 600w\" sizes=\"(max-width: 1000px) 100vw, 1000px\" \/><\/figure>\n<\/div>\n\n\n\n<div class=\"wp-block-column is-layout-flow wp-block-column-is-layout-flow\">\n<figure class=\"wp-block-image aligncenter size-full is-resized\"><img data-recalc-dims=\"1\" decoding=\"async\" width=\"259\" height=\"194\" src=\"https:\/\/i0.wp.com\/bice.org\/app\/uploads\/2020\/01\/geneve.png?resize=259%2C194&#038;ssl=1\" alt=\"Logo r\u00e9publique et canton de Gen\u00e8ve\" class=\"wp-image-43063\" style=\"width:198px;height:auto\"\/><\/figure>\n<\/div>\n<\/div>\n\n\n\n<div style=\"height:41px\" aria-hidden=\"true\" class=\"wp-block-spacer\"><\/div>\n\n\n<div class=\"grid-blueblocks section-children-categories \">\n\n        <article class=\"blueblocks\">\n        <a href=\"#\" class=\"project-list\" data-cid=\"-1\">            <img decoding=\"async\" width=\"1000\" height=\"580\" src=\"https:\/\/i0.wp.com\/bice.org\/app\/uploads\/2023\/08\/esb3-ci.jpg?fit=1000%2C580&amp;ssl=1\" class=\"attachment-full size-full\" alt=\"Enfance sans barreaux 3 projet de r\u00e9insertion professionnelle des enfants en conflit avec la loi en C\u00f4te d&#039;Ivoire\" srcset=\"https:\/\/i0.wp.com\/bice.org\/app\/uploads\/2023\/08\/esb3-ci.jpg?w=1000&amp;ssl=1 1000w, https:\/\/i0.wp.com\/bice.org\/app\/uploads\/2023\/08\/esb3-ci.jpg?resize=300%2C174&amp;ssl=1 300w, https:\/\/i0.wp.com\/bice.org\/app\/uploads\/2023\/08\/esb3-ci.jpg?resize=768%2C445&amp;ssl=1 768w, https:\/\/i0.wp.com\/bice.org\/app\/uploads\/2023\/08\/esb3-ci.jpg?resize=600%2C348&amp;ssl=1 600w\" sizes=\"(max-width: 1000px) 100vw, 1000px\" \/>            <header>\n                <h3>Le projet par pays<\/h3>\n                <i class=\"icon-plus\" id=\"projets_icon_-1\"><\/i>                <div class=\"projets_ul \" id=\"projets_-1\"><p><a href=\"https:\/\/bice.org\/fr\/enfance-sans-barreaux-3-le-travail-mene-en-cote-divoire\/\">EsB 3 en C\u00f4te d&#8217;Ivoire : les actions<\/a><\/p>\n<p><a href=\"https:\/\/bice.org\/fr\/enfance-sans-barreaux-3-le-travail-mene-en-rd-congo\/\">EsB 3 en RD Congo : les actions<\/a><\/p>\n<p><a href=\"https:\/\/bice.org\/fr\/enfance-sans-barreaux-3-le-travail-mene-au-togo\/\">EsB 3 au Togo : les actions<\/a><\/p>\n<p>&nbsp;<\/p>\n<\/div>            <\/header>\n                    <\/a>    <\/article>\n    \n<\/div>\n","protected":false},"excerpt":{"rendered":"<p>Pendant trois ans, la phase 3 du programme Enfance sans Barreaux d\u00e9but\u00e9e en juillet 2023 se d\u00e9ploiera en C\u00f4te d\u2019Ivoire, R\u00e9publique d\u00e9mocratique du Congo et au Togo.  Elle se concentre sur la r\u00e9insertion durable des enfants ayant \u00e9t\u00e9 en conflit avec la loi.<\/p>\n","protected":false},"author":19,"featured_media":153786,"parent":81599,"menu_order":1,"comment_status":"closed","ping_status":"closed","template":"","meta":{"_acf_changed":false,"footnotes":""},"class_list":["post-153785","page","type-page","status-publish","has-post-thumbnail","hentry"],"acf":[],"yoast_head":"<!-- This site is optimized with the Yoast SEO plugin v27.2 - https:\/\/yoast.com\/product\/yoast-seo-wordpress\/ -->\n<title>R\u00e9insertion des enfants en conflit avec la loi | BICE<\/title>\n<meta name=\"description\" content=\"La phase 3 d&#039;Enfance sans Barreaux d\u00e9but\u00e9e en juillet 2023 se d\u00e9ploiera en C\u00f4te d\u2019Ivoire, R\u00e9publique d\u00e9mocratique du Congo et au Togo.\" \/>\n<meta name=\"robots\" content=\"index, follow, max-snippet:-1, max-image-preview:large, max-video-preview:-1\" \/>\n<link rel=\"canonical\" href=\"https:\/\/bice.org\/fr\/wp-json\/wp\/v2\/pages\/153785\" \/>\n<meta property=\"og:locale\" content=\"fr_FR\" \/>\n<meta property=\"og:type\" content=\"article\" \/>\n<meta property=\"og:title\" content=\"R\u00e9insertion des enfants en conflit avec la loi | BICE\" \/>\n<meta property=\"og:description\" content=\"La phase 3 d&#039;Enfance sans Barreaux d\u00e9but\u00e9e en juillet 2023 se d\u00e9ploiera en C\u00f4te d\u2019Ivoire, R\u00e9publique d\u00e9mocratique du Congo et au Togo.\" \/>\n<meta property=\"og:url\" content=\"https:\/\/bice.org\/fr\/actions-de-terrain\/domaines-daction\/le-bice-oeuvre-pour-le-developpement-dune-justice-reparatrice\/justice-reparatrice-juvenile-programme-enfance-sans-barreaux-3\/\" \/>\n<meta property=\"og:site_name\" content=\"BICE - ONG de protection des droits de l&#039;enfant\" \/>\n<meta property=\"article:modified_time\" content=\"2024-03-12T12:48:47+00:00\" \/>\n<meta property=\"og:image\" content=\"https:\/\/i0.wp.com\/bice.org\/app\/uploads\/2023\/07\/EsB-3-page.jpg?fit=1000%2C580&ssl=1\" \/>\n\t<meta property=\"og:image:width\" content=\"1000\" \/>\n\t<meta property=\"og:image:height\" content=\"580\" \/>\n\t<meta property=\"og:image:type\" content=\"image\/jpeg\" \/>\n<meta name=\"twitter:card\" content=\"summary_large_image\" \/>\n<meta name=\"twitter:label1\" content=\"Dur\u00e9e de lecture estim\u00e9e\" \/>\n\t<meta name=\"twitter:data1\" content=\"9 minutes\" \/>\n<!-- \/ Yoast SEO plugin. -->","yoast_head_json":{"title":"R\u00e9insertion des enfants en conflit avec la loi | BICE","description":"La phase 3 d'Enfance sans Barreaux d\u00e9but\u00e9e en juillet 2023 se d\u00e9ploiera en C\u00f4te d\u2019Ivoire, R\u00e9publique d\u00e9mocratique du Congo et au Togo.","robots":{"index":"index","follow":"follow","max-snippet":"max-snippet:-1","max-image-preview":"max-image-preview:large","max-video-preview":"max-video-preview:-1"},"canonical":"https:\/\/bice.org\/fr\/wp-json\/wp\/v2\/pages\/153785","og_locale":"fr_FR","og_type":"article","og_title":"R\u00e9insertion des enfants en conflit avec la loi | BICE","og_description":"La phase 3 d'Enfance sans Barreaux d\u00e9but\u00e9e en juillet 2023 se d\u00e9ploiera en C\u00f4te d\u2019Ivoire, R\u00e9publique d\u00e9mocratique du Congo et au Togo.","og_url":"https:\/\/bice.org\/fr\/actions-de-terrain\/domaines-daction\/le-bice-oeuvre-pour-le-developpement-dune-justice-reparatrice\/justice-reparatrice-juvenile-programme-enfance-sans-barreaux-3\/","og_site_name":"BICE - ONG de protection des droits de l&#039;enfant","article_modified_time":"2024-03-12T12:48:47+00:00","og_image":[{"width":1000,"height":580,"url":"https:\/\/i0.wp.com\/bice.org\/app\/uploads\/2023\/07\/EsB-3-page.jpg?fit=1000%2C580&ssl=1","type":"image\/jpeg"}],"twitter_card":"summary_large_image","twitter_misc":{"Dur\u00e9e de lecture estim\u00e9e":"9 minutes"},"schema":{"@context":"https:\/\/schema.org","@graph":[{"@type":"WebPage","@id":"https:\/\/bice.org\/fr\/actions-de-terrain\/domaines-daction\/le-bice-oeuvre-pour-le-developpement-dune-justice-reparatrice\/justice-reparatrice-juvenile-programme-enfance-sans-barreaux-3\/","url":"https:\/\/bice.org\/fr\/actions-de-terrain\/domaines-daction\/le-bice-oeuvre-pour-le-developpement-dune-justice-reparatrice\/justice-reparatrice-juvenile-programme-enfance-sans-barreaux-3\/","name":"R\u00e9insertion des enfants en conflit avec la loi | BICE","isPartOf":{"@id":"https:\/\/bice.org\/fr\/#website"},"primaryImageOfPage":{"@id":"https:\/\/bice.org\/fr\/actions-de-terrain\/domaines-daction\/le-bice-oeuvre-pour-le-developpement-dune-justice-reparatrice\/justice-reparatrice-juvenile-programme-enfance-sans-barreaux-3\/#primaryimage"},"image":{"@id":"https:\/\/bice.org\/fr\/actions-de-terrain\/domaines-daction\/le-bice-oeuvre-pour-le-developpement-dune-justice-reparatrice\/justice-reparatrice-juvenile-programme-enfance-sans-barreaux-3\/#primaryimage"},"thumbnailUrl":"https:\/\/i0.wp.com\/bice.org\/app\/uploads\/2023\/07\/EsB-3-page.jpg?fit=1000%2C580&ssl=1","datePublished":"2023-07-21T16:05:43+00:00","dateModified":"2024-03-12T12:48:47+00:00","description":"La phase 3 d'Enfance sans Barreaux d\u00e9but\u00e9e en juillet 2023 se d\u00e9ploiera en C\u00f4te d\u2019Ivoire, R\u00e9publique d\u00e9mocratique du Congo et au Togo.","breadcrumb":{"@id":"https:\/\/bice.org\/fr\/actions-de-terrain\/domaines-daction\/le-bice-oeuvre-pour-le-developpement-dune-justice-reparatrice\/justice-reparatrice-juvenile-programme-enfance-sans-barreaux-3\/#breadcrumb"},"inLanguage":"fr-FR","potentialAction":[{"@type":"ReadAction","target":["https:\/\/bice.org\/fr\/actions-de-terrain\/domaines-daction\/le-bice-oeuvre-pour-le-developpement-dune-justice-reparatrice\/justice-reparatrice-juvenile-programme-enfance-sans-barreaux-3\/"]}]},{"@type":"ImageObject","inLanguage":"fr-FR","@id":"https:\/\/bice.org\/fr\/actions-de-terrain\/domaines-daction\/le-bice-oeuvre-pour-le-developpement-dune-justice-reparatrice\/justice-reparatrice-juvenile-programme-enfance-sans-barreaux-3\/#primaryimage","url":"https:\/\/i0.wp.com\/bice.org\/app\/uploads\/2023\/07\/EsB-3-page.jpg?fit=1000%2C580&ssl=1","contentUrl":"https:\/\/i0.wp.com\/bice.org\/app\/uploads\/2023\/07\/EsB-3-page.jpg?fit=1000%2C580&ssl=1","width":1000,"height":580,"caption":"\u00a9 T.P. \/ BICE"},{"@type":"BreadcrumbList","@id":"https:\/\/bice.org\/fr\/actions-de-terrain\/domaines-daction\/le-bice-oeuvre-pour-le-developpement-dune-justice-reparatrice\/justice-reparatrice-juvenile-programme-enfance-sans-barreaux-3\/#breadcrumb","itemListElement":[{"@type":"ListItem","position":1,"name":"Accueil","item":"https:\/\/bice.org\/fr\/"},{"@type":"ListItem","position":2,"name":"Nos actions de terrain","item":"https:\/\/bice.org\/fr\/actions-de-terrain\/"},{"@type":"ListItem","position":3,"name":"Domaines d&#8217;action","item":"https:\/\/bice.org\/fr\/actions-de-terrain\/domaines-daction\/"},{"@type":"ListItem","position":4,"name":"Le BICE \u0153uvre pour le d\u00e9veloppement d\u2019une justice r\u00e9paratrice pour les enfants","item":"https:\/\/bice.org\/fr\/actions-de-terrain\/domaines-daction\/le-bice-oeuvre-pour-le-developpement-dune-justice-reparatrice\/"},{"@type":"ListItem","position":5,"name":"Justice r\u00e9paratrice juv\u00e9nile. Programme Enfance sans Barreaux 3"}]},{"@type":"WebSite","@id":"https:\/\/bice.org\/fr\/#website","url":"https:\/\/bice.org\/fr\/","name":"BICE - ONG de protection des droits de l&#039;enfant","description":"Notre mission : D\u00e9fendre les droits et la dignit\u00e9 des enfants partout dans le monde","publisher":{"@id":"https:\/\/bice.org\/fr\/#organization"},"potentialAction":[{"@type":"SearchAction","target":{"@type":"EntryPoint","urlTemplate":"https:\/\/bice.org\/fr\/?s={search_term_string}"},"query-input":{"@type":"PropertyValueSpecification","valueRequired":true,"valueName":"search_term_string"}}],"inLanguage":"fr-FR"},{"@type":"Organization","@id":"https:\/\/bice.org\/fr\/#organization","name":"BICE","url":"https:\/\/bice.org\/fr\/","logo":{"@type":"ImageObject","inLanguage":"fr-FR","@id":"https:\/\/bice.org\/fr\/#\/schema\/logo\/image\/","url":"https:\/\/bice.org\/app\/uploads\/2022\/06\/favicon.ico","contentUrl":"https:\/\/bice.org\/app\/uploads\/2022\/06\/favicon.ico","width":64,"height":64,"caption":"BICE"},"image":{"@id":"https:\/\/bice.org\/fr\/#\/schema\/logo\/image\/"}}]}},"jetpack_sharing_enabled":true,"_links":{"self":[{"href":"https:\/\/bice.org\/fr\/wp-json\/wp\/v2\/pages\/153785","targetHints":{"allow":["GET"]}}],"collection":[{"href":"https:\/\/bice.org\/fr\/wp-json\/wp\/v2\/pages"}],"about":[{"href":"https:\/\/bice.org\/fr\/wp-json\/wp\/v2\/types\/page"}],"author":[{"embeddable":true,"href":"https:\/\/bice.org\/fr\/wp-json\/wp\/v2\/users\/19"}],"replies":[{"embeddable":true,"href":"https:\/\/bice.org\/fr\/wp-json\/wp\/v2\/comments?post=153785"}],"version-history":[{"count":0,"href":"https:\/\/bice.org\/fr\/wp-json\/wp\/v2\/pages\/153785\/revisions"}],"up":[{"embeddable":true,"href":"https:\/\/bice.org\/fr\/wp-json\/wp\/v2\/pages\/81599"}],"wp:featuredmedia":[{"embeddable":true,"href":"https:\/\/bice.org\/fr\/wp-json\/wp\/v2\/media\/153786"}],"wp:attachment":[{"href":"https:\/\/bice.org\/fr\/wp-json\/wp\/v2\/media?parent=153785"}],"curies":[{"name":"wp","href":"https:\/\/api.w.org\/{rel}","templated":true}]}}