{"id":1744,"date":"2014-05-27T10:25:12","date_gmt":"2014-05-27T08:25:12","guid":{"rendered":"https:\/\/bice.org\/fr\/qui-sommes-nous\/"},"modified":"2025-11-04T15:24:12","modified_gmt":"2025-11-04T14:24:12","slug":"qui-sommes-nous","status":"publish","type":"page","link":"https:\/\/bice.org\/fr\/le-bice\/qui-sommes-nous\/","title":{"rendered":"Qui sommes-nous ?"},"content":{"rendered":"\n<p>Le BICE f\u00e9d\u00e8re et anime un\u00a0<a href=\"https:\/\/bice.org\/fr\/le-bice\/reseau-droits-de-l-enfant\/\">r\u00e9seau <\/a>compos\u00e9 de 80 membres du monde entier engag\u00e9s pour la d\u00e9fense de la dignit\u00e9 et des droits de l\u2019enfant.<\/p>\n\n\n\n<p>Dans toutes nos actions et missions, nous nous appuyons sur la <a href=\"https:\/\/bice.org\/fr\/droits-de-lenfant\/convention-relative-aux-droits-de-l-enfant\/\">Convention relative aux droits de l&#8217;enfant (CDE)<\/a>, que notre association a contribu\u00e9 \u00e0 \u00e9laborer et dont nous soutenons la mise en application.<\/p>\n\n\n\n<p>Le BICE est une association d&#8217;inspiration catholique reconnue par le Saint-Si\u00e8ge. Nous travaillons au service de tous les enfants, sans discrimination ni pros\u00e9lytisme, quelle que soit leur origine, leur culture, leur nationalit\u00e9 ou leur religion.<\/p>\n\n\n\n<figure class=\"wp-block-embed is-type-video is-provider-youtube wp-block-embed-youtube wp-embed-aspect-16-9 wp-has-aspect-ratio\"><div class=\"wp-block-embed__wrapper\">\n<iframe title=\"Le BICE : Agir pour la dignit\u00e9 et les droits de l\u2019enfant dans le monde\" width=\"500\" height=\"281\" src=\"https:\/\/www.youtube.com\/embed\/ZV30hJOAt6k?wmode=transparent&amp;rel=0&amp;feature=oembed\" frameborder=\"0\" allow=\"accelerometer; autoplay; clipboard-write; encrypted-media; gyroscope; picture-in-picture; web-share\" referrerpolicy=\"strict-origin-when-cross-origin\" allowfullscreen><\/iframe>\n<\/div><\/figure>\n\n\n\n<h2 class=\"wp-block-heading\">Nos axes d\u2019action pour prot\u00e9ger les droits de l\u2019enfant<\/h2>\n\n\n\n<h4 class=\"wp-block-heading\">1. Programmes et projets de terrain<\/h4>\n\n\n\n<p>Partout dans le monde, des enfants sont victimes de la violence, de la pauvret\u00e9, de discriminations, de la guerre, des d\u00e9placements forc\u00e9s. Et leurs droits sont bafou\u00e9s.<\/p>\n\n\n\n<p>Pour lutter contre ces violations, nous \u00e9laborons des programmes et projets touchant des milliers d\u2019enfants, qui sont op\u00e9r\u00e9s localement par nos membres et partenaires en <a title=\"Afrique\" href=\"https:\/\/bice.org\/fr\/actions-de-terrain\/programmes-et-projets\/afrique\/\" target=\"\" rel=\"noopener noreferrer\">Afrique<\/a>, <a title=\"Asie et Moyen-Orient\" href=\"https:\/\/bice.org\/fr\/actions-de-terrain\/programmes-et-projets\/asie-et-moyen-orient\/\" rel=\"noopener noreferrer\" target=\"\">Asie et Proche-Orient<\/a>, <a title=\"Am\u00e9rique latine\" href=\"https:\/\/bice.org\/fr\/actions-de-terrain\/programmes-et-projets\/amerique-latine-et-caraibes\/\" target=\"\" rel=\"noopener noreferrer\">Am\u00e9rique latine<\/a> et <a href=\"https:\/\/bice.org\/fr\/actions-de-terrain\/programmes-et-projets\/europe-et-cei\/\" target=\"_blank\" rel=\"noopener noreferrer\">Europe<\/a>. Ils visent \u00e0 susciter des changements en profondeur dans chaque pays et s\u2019inscrivent dans une perspective de long terme.<\/p>\n\n\n\n<h4 class=\"wp-block-heading\">2. Plaidoyer<\/h4>\n\n\n\n<p>Le plaidoyer permet de d\u00e9fendre plus efficacement les droits des enfants aupr\u00e8s des institutions nationales et internationales, notamment aux Nations unies (ONU).<\/p>\n\n\n\n<p>Gr\u00e2ce \u00e0 son statut consultatif, le BICE participe par exemple activement au <a href=\"https:\/\/bice.org\/fr\/droits-de-lenfant\/conseil-des-droits-de-l-homme\/\">Conseil des droits de l\u2019homme<\/a> et au <a href=\"https:\/\/bice.org\/fr\/droits-de-lenfant\/comite-des-droits-de-l-enfant\/\">Comit\u00e9 des droits de l\u2019enfant<\/a>.<\/p>\n\n\n\n<h4 class=\"wp-block-heading\">3. Recherche et formation<\/h4>\n\n\n\n<p>Le BICE pilote des travaux de <a href=\"https:\/\/bice.org\/fr\/la-resilience-au-coeur-de-notre-action\/\">recherche sur la r\u00e9silience<\/a> et son lien avec les droits de l\u2019enfant et la spiritualit\u00e9. En outre, d\u2019autres <a href=\"https:\/\/bice.org\/fr\/le-bice\/publications-du-bice\/\">publications<\/a> permettent de diffuser des bonnes pratiques et des outils de r\u00e9flexion sur <a href=\"https:\/\/bice.org\/fr\/actions-de-terrain\/\">les domaines d\u2019actions <\/a>du BICE.<\/p>\n\n\n\n<p>Nos travaux de recherche contribuent \u00e0 alimenter des guides et outils\u00a0sp\u00e9cifiques et approfondis, qui servent de supports aux nombreuses formations en pr\u00e9sentiel et en ligne que nous dispensons \u00e0 nos membres et partenaires, afin d&#8217;accro\u00eetre leurs capacit\u00e9s sur le terrain.<\/p>\n\n\n\n<h4 class=\"wp-block-heading\">4. Sensibilisation du grand public<\/h4>\n\n\n\n<p>Pour sensibiliser le grand public et les jeunes aux droits de l\u2019enfant, le BICE r\u00e9alise, \u00e0 la demande, des interventions tout au long de l&#8217;ann\u00e9e dans les \u00e9tablissements scolaires, les paroisses et autres lieux de rencontres.<\/p>\n\n\n\n<h2 class=\"wp-block-heading\">Nos statuts<\/h2>\n\n\n\n<p>Les statuts constituent l\u2019acte fondateur d\u2019une association en France. Ils se r\u00e9digent de mani\u00e8re libre, en respectant les lois en vigueur. Les statuts sont modifiables et chaque association doit d\u00e9terminer la proc\u00e9dure pour ent\u00e9riner des changements. Au BICE, les modifications peuvent \u00eatre propos\u00e9es par le Conseil d\u2019administration ou un tiers des membres effectifs. L\u2019Assembl\u00e9e g\u00e9n\u00e9rale arbitre sur les modifications propos\u00e9es.<\/p>\n\n\n\n<p>Les&nbsp;<a href=\"https:\/\/bice.org\/app\/uploads\/2025\/10\/Statuts-BICE-2025.pdf\" target=\"_blank\" rel=\"noreferrer noopener\">statuts en vigueur du BICE<\/a>, adopt\u00e9s en 2025, pr\u00e9cisent le cadre d\u2019exercice de notre association sur tous les plans. Ils mettent particuli\u00e8rement en avant :<\/p>\n\n\n\n<ul class=\"wp-block-list\">\n<li>la forme juridique ;<\/li>\n\n\n\n<li>l\u2019objet de l\u2019association ;<\/li>\n\n\n\n<li><a href=\"https:\/\/bice.org\/fr\/le-bice\/reseau-droits-de-l-enfant\/les-organisations-membres-du-bice\/\">le r\u00e9seau de membre<\/a><a href=\"https:\/\/bice.org\/fr\/le-bice\/reseau-droits-de-l-enfant\/\">s<\/a> ;<\/li>\n\n\n\n<li>les organes statutaires<\/li>\n\n\n\n<li><a href=\"https:\/\/bice.org\/fr\/le-bice\/ressources-et-emploi-des-fonds\/\">la gestion des ressources<\/a>.<\/li>\n<\/ul>\n\n\n\n<p>Le r\u00e8glement int\u00e9rieur peut \u00eatre obtenu sur simple demande aupr\u00e8s du BICE.<\/p>\n\n\n\n<h2 class=\"wp-block-heading\">Notre charte<\/h2>\n\n\n\n<h4 class=\"wp-block-heading\">Croire en l&#8217;enfant<\/h4>\n\n\n\n<p>Le BICE s&#8217;appuie sur la Convention relative aux droits de l\u2019enfant (CDE). Il est guid\u00e9 constamment par la recherche de l\u2019int\u00e9r\u00eat sup\u00e9rieur de l\u2019enfant. Dans la Charte du BICE, sont regroup\u00e9s les grands principes auxquels nous croyons et pour lesquels nous nous mobilisons :<\/p>\n\n\n\n<ul class=\"wp-block-list\">\n<li>d\u00e9fendre ses droits fondamentaux inali\u00e9nables ;<\/li>\n\n\n\n<li>favoriser le \u201cdynamisme de vie\u201d propre \u00e0 chaque enfant, la <a href=\"https:\/\/bice.org\/fr\/la-resilience-au-coeur-de-notre-action\/quest-ce-que-la-resilience\/\">r\u00e9silience<\/a> qui lui permet de se reconstruire ;<\/li>\n\n\n\n<li>veiller au d\u00e9veloppement de l\u2019enfant dans toutes ses dimensions.<\/li>\n<\/ul>\n\n\n\n<div style=\"height:62px\" aria-hidden=\"true\" class=\"wp-block-spacer\"><\/div>\n\n\n\n<blockquote class=\"wp-block-quote is-style-default is-layout-flow wp-block-quote-is-layout-flow\">\n<p><em>Tout enfant qui na\u00eet est un signe que Dieu n\u2019a pas encore d\u00e9sesp\u00e9r\u00e9 de l\u2019humanit\u00e9.<\/em><\/p>\n<cite>Rabindranath Tagore, po\u00e8te indien, prix Nobel de litt\u00e9rature en 1913.<\/cite><\/blockquote>\n\n\n\n<div style=\"height:64px\" aria-hidden=\"true\" class=\"wp-block-spacer\"><\/div>\n\n\n\n<h4 class=\"wp-block-heading\">Mobiliser les comp\u00e9tences pour que tous les enfants vivent dignement<\/h4>\n\n\n\n<p>Le BICE engage ainsi toutes ses forces pour promouvoir la dignit\u00e9 de tous les enfants et faire appliquer leurs droits fondamentaux, encore trop souvent bafou\u00e9s.<\/p>\n\n\n\n<ul class=\"wp-block-list\">\n<li><a href=\"https:\/\/bice.org\/fr\/actions-de-terrain\/programmes-et-projets\/afrique\/\">En Afrique<\/a>,&nbsp;<a href=\"https:\/\/bice.org\/fr\/actions-de-terrain\/programmes-et-projets\/amerique-latine-et-caraibes\/\">en Am\u00e9rique latine<\/a>,&nbsp;<a href=\"https:\/\/bice.org\/fr\/actions-de-terrain\/programmes-et-projets\/asie-et-moyen-orient\/\">en Asie et au Proche-Orient<\/a>,&nbsp;<a href=\"https:\/\/bice.org\/fr\/actions-de-terrain\/programmes-et-projets\/europe-et-cei\/\">en Europe<\/a>, le BICE s\u2019engage avec des partenaires locaux \u00e0 pr\u00e9venir les violences et \u00e0 promouvoir sans rel\u00e2che les droits des enfants. La participation des enfants est au centre de son action.<\/li>\n<\/ul>\n\n\n\n<ul class=\"wp-block-list\">\n<li>Le BICE fait le lien entre l\u2019exp\u00e9rience acquise sur le terrain et la recherche scientifique concernant l\u2019enfance, pour que chacune nourrisse l\u2019autre. Il est un espace de r\u00e9flexion et de remise en question permanente. Gr\u00e2ce \u00e0&nbsp;<a href=\"https:\/\/bice.org\/fr\/le-bice\/publications-du-bice\/\">ses publications<\/a>, aux formations qu\u2019il propose, il mutualise id\u00e9es, savoir-faire et bonnes pratiques.<\/li>\n<\/ul>\n\n\n\n<ul class=\"wp-block-list\">\n<li>Le BICE porte la voix des enfants aupr\u00e8s de la soci\u00e9t\u00e9 civile, des gouvernements et des instances internationales : agences des Nations unies, Conseil de l\u2019Europe,&nbsp;OIF\u2026 F\u00e9d\u00e9rant les comp\u00e9tences de plusieurs organisations engag\u00e9es au service des enfants, il a \u00e9t\u00e9 un des initiateurs de la Convention relative aux droits de l\u2019enfant. Il veille aujourd\u2019hui avec d\u2019autres ONG \u00e0 son application et \u00e0 son \u00e9volution.<\/li>\n<\/ul>\n\n\n\n<p><a href=\"https:\/\/bice.org\/app\/uploads\/2021\/05\/Charte_Bice_juin_2007.pdf\">La Charte du BICE en PDF<\/a><\/p>\n\n\n\n<div style=\"height:51px\" aria-hidden=\"true\" class=\"wp-block-spacer\"><\/div>\n\n\n\n<h2 class=\"wp-block-heading\" id=\"protectiondelenfance\">Notre politique de protection de l&#8217;enfance<\/h2>\n\n\n\n<p>Consid\u00e9rant que l\u2019enfant est un \u00eatre humain \u00e0 part enti\u00e8re et sujet de droit, le BICE est mobilis\u00e9 pour pr\u00e9venir, rep\u00e9rer et combattre toutes les formes de violence \u00e0 l\u2019\u00e9gard des enfants et d\u00e9velopper un environnement bientraitant en mesure de garantir la croissance int\u00e9grale de tout enfant.<\/p>\n\n\n\n<p>Depuis 2004, le BICE a formalis\u00e9 cet engagement \u00e0 travers l\u2019adoption d\u2019une Politique interne de Protection de l\u2019Enfant qui pr\u00f4ne une tol\u00e9rance z\u00e9ro face \u00e0 la violence contre les enfants. Le document de 2021 en reprend les principes fondamentaux et les adapte dans le but de r\u00e9pondre aux nouvelles exigences qui ont surgi en la mati\u00e8re.<\/p>\n\n\n\n<p><a href=\"https:\/\/bice.org\/app\/uploads\/2021\/10\/BICE-PPE-2021.pdf\">La Politique de Protection de l\u2019Enfant du BICE<\/a><\/p>\n\n\n\n<p><\/p>\n","protected":false},"excerpt":{"rendered":"<p>Cr\u00e9\u00e9 en 1948, le Bureau international Catholique de l\u2019Enfance est une ONG de protection de l\u2019enfance de droit fran\u00e7ais (loi 1901).<\/p>\n","protected":false},"author":1,"featured_media":178529,"parent":8898,"menu_order":1,"comment_status":"closed","ping_status":"closed","template":"","meta":{"_acf_changed":false,"footnotes":""},"class_list":["post-1744","page","type-page","status-publish","has-post-thumbnail","hentry"],"acf":[],"yoast_head":"<!-- This site is optimized with the Yoast SEO plugin v27.2 - https:\/\/yoast.com\/product\/yoast-seo-wordpress\/ -->\n<title>Association catholique d\u00e9fense droits de l&#039;enfant | BICE<\/title>\n<meta name=\"description\" content=\"ONG de protection de l&#039;enfance, le BICE est une association catholique fran\u00e7aise de d\u00e9fense des droits de l&#039;enfant.\" \/>\n<meta name=\"robots\" content=\"index, follow, max-snippet:-1, max-image-preview:large, max-video-preview:-1\" \/>\n<link rel=\"canonical\" href=\"https:\/\/bice.org\/fr\/wp-json\/wp\/v2\/pages\/1744\" \/>\n<meta property=\"og:locale\" content=\"fr_FR\" \/>\n<meta property=\"og:type\" content=\"article\" \/>\n<meta property=\"og:title\" content=\"Association catholique d\u00e9fense droits de l&#039;enfant | BICE\" \/>\n<meta property=\"og:description\" content=\"ONG de protection de l&#039;enfance, le BICE est une association catholique fran\u00e7aise de d\u00e9fense des droits de l&#039;enfant.\" \/>\n<meta property=\"og:url\" content=\"https:\/\/bice.org\/fr\/le-bice\/qui-sommes-nous\/\" \/>\n<meta property=\"og:site_name\" content=\"BICE - ONG de protection des droits de l&#039;enfant\" \/>\n<meta property=\"article:modified_time\" content=\"2025-11-04T14:24:12+00:00\" \/>\n<meta property=\"og:image\" content=\"https:\/\/i0.wp.com\/bice.org\/app\/uploads\/2024\/06\/pic232.jpg?fit=1000%2C580&ssl=1\" \/>\n\t<meta property=\"og:image:width\" content=\"1000\" \/>\n\t<meta property=\"og:image:height\" content=\"580\" \/>\n\t<meta property=\"og:image:type\" content=\"image\/jpeg\" \/>\n<meta name=\"twitter:card\" content=\"summary_large_image\" \/>\n<meta name=\"twitter:label1\" content=\"Dur\u00e9e de lecture estim\u00e9e\" \/>\n\t<meta name=\"twitter:data1\" content=\"5 minutes\" \/>\n<!-- \/ Yoast SEO plugin. -->","yoast_head_json":{"title":"Association catholique d\u00e9fense droits de l'enfant | BICE","description":"ONG de protection de l'enfance, le BICE est une association catholique fran\u00e7aise de d\u00e9fense des droits de l'enfant.","robots":{"index":"index","follow":"follow","max-snippet":"max-snippet:-1","max-image-preview":"max-image-preview:large","max-video-preview":"max-video-preview:-1"},"canonical":"https:\/\/bice.org\/fr\/wp-json\/wp\/v2\/pages\/1744","og_locale":"fr_FR","og_type":"article","og_title":"Association catholique d\u00e9fense droits de l'enfant | BICE","og_description":"ONG de protection de l'enfance, le BICE est une association catholique fran\u00e7aise de d\u00e9fense des droits de l'enfant.","og_url":"https:\/\/bice.org\/fr\/le-bice\/qui-sommes-nous\/","og_site_name":"BICE - ONG de protection des droits de l&#039;enfant","article_modified_time":"2025-11-04T14:24:12+00:00","og_image":[{"width":1000,"height":580,"url":"https:\/\/i0.wp.com\/bice.org\/app\/uploads\/2024\/06\/pic232.jpg?fit=1000%2C580&ssl=1","type":"image\/jpeg"}],"twitter_card":"summary_large_image","twitter_misc":{"Dur\u00e9e de lecture estim\u00e9e":"5 minutes"},"schema":{"@context":"https:\/\/schema.org","@graph":[{"@type":"WebPage","@id":"https:\/\/bice.org\/fr\/le-bice\/qui-sommes-nous\/","url":"https:\/\/bice.org\/fr\/le-bice\/qui-sommes-nous\/","name":"Association catholique d\u00e9fense droits de l'enfant | BICE","isPartOf":{"@id":"https:\/\/bice.org\/fr\/#website"},"primaryImageOfPage":{"@id":"https:\/\/bice.org\/fr\/le-bice\/qui-sommes-nous\/#primaryimage"},"image":{"@id":"https:\/\/bice.org\/fr\/le-bice\/qui-sommes-nous\/#primaryimage"},"thumbnailUrl":"https:\/\/i0.wp.com\/bice.org\/app\/uploads\/2024\/06\/pic232.jpg?fit=1000%2C580&ssl=1","datePublished":"2014-05-27T08:25:12+00:00","dateModified":"2025-11-04T14:24:12+00:00","description":"ONG de protection de l'enfance, le BICE est une association catholique fran\u00e7aise de d\u00e9fense des droits de l'enfant.","breadcrumb":{"@id":"https:\/\/bice.org\/fr\/le-bice\/qui-sommes-nous\/#breadcrumb"},"inLanguage":"fr-FR","potentialAction":[{"@type":"ReadAction","target":["https:\/\/bice.org\/fr\/le-bice\/qui-sommes-nous\/"]}]},{"@type":"ImageObject","inLanguage":"fr-FR","@id":"https:\/\/bice.org\/fr\/le-bice\/qui-sommes-nous\/#primaryimage","url":"https:\/\/i0.wp.com\/bice.org\/app\/uploads\/2024\/06\/pic232.jpg?fit=1000%2C580&ssl=1","contentUrl":"https:\/\/i0.wp.com\/bice.org\/app\/uploads\/2024\/06\/pic232.jpg?fit=1000%2C580&ssl=1","width":1000,"height":580,"caption":"\u00a9 OEC"},{"@type":"BreadcrumbList","@id":"https:\/\/bice.org\/fr\/le-bice\/qui-sommes-nous\/#breadcrumb","itemListElement":[{"@type":"ListItem","position":1,"name":"Accueil","item":"https:\/\/bice.org\/fr\/"},{"@type":"ListItem","position":2,"name":"Le BICE, une ONG de protection des droits de l&#8217;enfant","item":"https:\/\/bice.org\/fr\/le-bice\/"},{"@type":"ListItem","position":3,"name":"Qui sommes-nous ?"}]},{"@type":"WebSite","@id":"https:\/\/bice.org\/fr\/#website","url":"https:\/\/bice.org\/fr\/","name":"BICE - ONG de protection des droits de l&#039;enfant","description":"Notre mission : D\u00e9fendre les droits et la dignit\u00e9 des enfants partout dans le monde","publisher":{"@id":"https:\/\/bice.org\/fr\/#organization"},"potentialAction":[{"@type":"SearchAction","target":{"@type":"EntryPoint","urlTemplate":"https:\/\/bice.org\/fr\/?s={search_term_string}"},"query-input":{"@type":"PropertyValueSpecification","valueRequired":true,"valueName":"search_term_string"}}],"inLanguage":"fr-FR"},{"@type":"Organization","@id":"https:\/\/bice.org\/fr\/#organization","name":"BICE","url":"https:\/\/bice.org\/fr\/","logo":{"@type":"ImageObject","inLanguage":"fr-FR","@id":"https:\/\/bice.org\/fr\/#\/schema\/logo\/image\/","url":"https:\/\/bice.org\/app\/uploads\/2022\/06\/favicon.ico","contentUrl":"https:\/\/bice.org\/app\/uploads\/2022\/06\/favicon.ico","width":64,"height":64,"caption":"BICE"},"image":{"@id":"https:\/\/bice.org\/fr\/#\/schema\/logo\/image\/"}}]}},"jetpack_sharing_enabled":true,"_links":{"self":[{"href":"https:\/\/bice.org\/fr\/wp-json\/wp\/v2\/pages\/1744","targetHints":{"allow":["GET"]}}],"collection":[{"href":"https:\/\/bice.org\/fr\/wp-json\/wp\/v2\/pages"}],"about":[{"href":"https:\/\/bice.org\/fr\/wp-json\/wp\/v2\/types\/page"}],"author":[{"embeddable":true,"href":"https:\/\/bice.org\/fr\/wp-json\/wp\/v2\/users\/1"}],"replies":[{"embeddable":true,"href":"https:\/\/bice.org\/fr\/wp-json\/wp\/v2\/comments?post=1744"}],"version-history":[{"count":9,"href":"https:\/\/bice.org\/fr\/wp-json\/wp\/v2\/pages\/1744\/revisions"}],"predecessor-version":[{"id":314432,"href":"https:\/\/bice.org\/fr\/wp-json\/wp\/v2\/pages\/1744\/revisions\/314432"}],"up":[{"embeddable":true,"href":"https:\/\/bice.org\/fr\/wp-json\/wp\/v2\/pages\/8898"}],"wp:featuredmedia":[{"embeddable":true,"href":"https:\/\/bice.org\/fr\/wp-json\/wp\/v2\/media\/178529"}],"wp:attachment":[{"href":"https:\/\/bice.org\/fr\/wp-json\/wp\/v2\/media?parent=1744"}],"curies":[{"name":"wp","href":"https:\/\/api.w.org\/{rel}","templated":true}]}}