{"id":1751,"date":"2014-05-27T14:45:41","date_gmt":"2014-05-27T12:45:41","guid":{"rendered":"https:\/\/bice.org\/fr\/reseau-droits-de-lenfant\/"},"modified":"2024-10-17T10:22:08","modified_gmt":"2024-10-17T08:22:08","slug":"reseau-droits-de-l-enfant","status":"publish","type":"page","link":"https:\/\/bice.org\/fr\/le-bice\/reseau-droits-de-l-enfant\/","title":{"rendered":"Le r\u00e9seau du BICE : un r\u00e9seau des droits de l&#8217;enfant"},"content":{"rendered":"<h2>Pourquoi un r\u00e9seau des droits de l&#8217;enfant ?<\/h2>\n<h4>Pour partager des expertises entre associations de protection de l\u2019enfance<\/h4>\n<p>Le r\u00e9seau du BICE permet \u00e0 chacun des membres d\u2019\u00e9changer des informations, de partager connaissances et bonnes pratiques lors de\u00a0<a href=\"https:\/\/bice.org\/fr\/actualites\/des-congres-pour-mutualiser-les-bonnes-pratiques-et-stimuler-la-reflexion\/\">Congr\u00e8s internationaux<\/a>, de s\u00e9minaires th\u00e9matiques ou de la <a title=\"journ\u00e9e mondiale des droits de l'enfant\" href=\"https:\/\/bice.org\/fr\/journee-mondiale-des-droits-de-l-enfant\/\" target=\"\" rel=\"noopener noreferrer\">Journ\u00e9e mondiale de l\u2019enfance<\/a>. L&#8217;objectif de ce r\u00e9seau est d&#8217;agir toujours plus efficacement en faveur de la promotion de la dignit\u00e9 et des droits des enfants.<\/p>\n<h4>Pour acc\u00e9der aux formations du BICE<\/h4>\n<p>Le BICE organise pour les <a href=\"https:\/\/bice.org\/fr\/le-bice\/reseau-droits-de-l-enfant\/les-organisations-membres-du-bice\/\">membres de son r\u00e9seau<\/a>\u00a0des formations sur diff\u00e9rents th\u00e8mes :<\/p>\n<ul>\n<li>Tuteurs de r\u00e9silience<\/li>\n<li>Accompagnement th\u00e9rapeutique et soutien des enfants victimes de violence<\/li>\n<li>Politique de Protection de l\u2019Enfant (PPE)<\/li>\n<li>Le syst\u00e8me international (ONU) des droits de l\u2019enfant<\/li>\n<\/ul>\n<p><a href=\"https:\/\/bice.org\/fr\/contact\/\">Contactez-nous pour en savoir plus<\/a><\/p>\n<h4>Pour mieux d\u00e9fendre les droits de l\u2019enfant au niveau institutionnel<\/h4>\n<p>Notre r\u00e9seau des droits de l&#8217;enfant est largement engag\u00e9 dans un plaidoyer national, r\u00e9gional et international. Gr\u00e2ce \u00e0 sa pr\u00e9sence active aupr\u00e8s de diff\u00e9rentes instances (ONU, UNESCO, Conseil de l\u2019Europe, Organisation internationale de la Francophonie), le BICE peut relayer efficacement les constats et exp\u00e9riences de terrain transmises par ses membres. Ces derniers profitent \u00e0 leur tour de l\u2019expertise internationale du BICE pour leurs actions de plaidoyer.<\/p>\n<h4>Pour participer \u00e0 la politique de protection de l\u2019enfance du BICE<\/h4>\n<p>Toutes les associations de protection de l\u2019enfance ou institutions accueillant des enfants doivent promouvoir la bientraitance. Elles doivent tout mettre en \u0153uvre pour se pr\u00e9munir contre <a href=\"https:\/\/bice.org\/fr\/actions-de-terrain\/domaines-daction\/association-violence-enfance\/\">toutes les formes de maltraitance physique, psychologique et sexuelle<\/a>. Les membres du r\u00e9seau des droits de l&#8217;enfant du BICE peuvent \u00eatre accompagn\u00e9s dans la mise en \u0153uvre d\u2019un code de conduite et le d\u00e9ploiement d\u2019une politique de protection de l\u2019enfant conforme \u00e0 <a href=\"https:\/\/bice.org\/app\/uploads\/2021\/10\/BICE-PPE-2021.pdf\" target=\"_blank\" rel=\"noopener\">celle du BICE<\/a>.<\/p>\n<h4>Pour augmenter sa visibilit\u00e9 avec le logo &#8220;membre du r\u00e9seau BICE&#8221;<\/h4>\n<p><img data-recalc-dims=\"1\" decoding=\"async\" class=\" alignleft size-full wp-image-4765\" style=\"margin-right: 10px; float: left;\" src=\"https:\/\/i0.wp.com\/bice.org\/app\/uploads\/2014\/05\/logo_membre_reseau_bice_droits_enfant.jpg?resize=105%2C74&#038;ssl=1\" alt=\"logo membre reseau bice droits enfant\" width=\"105\" height=\"74\" \/>Nous encourageons chaque association de protection de l\u2019enfance membre \u00e0 utiliser notre logo &#8220;membre du r\u00e9seau BICE&#8221; afin de gagner en visibilit\u00e9 et en efficacit\u00e9 de communication.<\/p>\n<p><a href=\"https:\/\/bice.org\/fr\/le-bice\/reseau-droits-de-l-enfant\/les-organisations-membres-du-bice\/\">Liste des organisations membres du r\u00e9seau BICE<\/a><\/p>\n","protected":false},"excerpt":{"rendered":"<p>Le Bureau International Catholique de l\u2019Enfance est le seul r\u00e9seau des droits de l\u2019enfant qui regroupe \u00e0 la fois des organismes nationaux, r\u00e9gionaux et internationaux et des congr\u00e9gations religieuses engag\u00e9s dans la protection de l\u2019enfance. 80 organisations issues de quatre continents sont aujourd\u2019hui membres du r\u00e9seau du BICE.<\/p>\n","protected":false},"author":1,"featured_media":58308,"parent":8898,"menu_order":6,"comment_status":"closed","ping_status":"closed","template":"","meta":{"_acf_changed":false,"footnotes":""},"class_list":["post-1751","page","type-page","status-publish","has-post-thumbnail","hentry"],"acf":[],"yoast_head":"<!-- This site is optimized with the Yoast SEO plugin v27.2 - https:\/\/yoast.com\/product\/yoast-seo-wordpress\/ -->\n<title>Un r\u00e9seau pour les droits de l&#039;enfant | Le BICE<\/title>\n<meta name=\"description\" content=\"Le r\u00e9seau du BICE regroupe des organismes nationaux, r\u00e9gionaux et internationaux, qui travaillent dans le domaine des droits de l&#039;enfant.\" \/>\n<meta name=\"robots\" content=\"index, follow, max-snippet:-1, max-image-preview:large, max-video-preview:-1\" \/>\n<link rel=\"canonical\" href=\"https:\/\/bice.org\/fr\/wp-json\/wp\/v2\/pages\/1751\" \/>\n<meta property=\"og:locale\" content=\"fr_FR\" \/>\n<meta property=\"og:type\" content=\"article\" \/>\n<meta property=\"og:title\" content=\"Un r\u00e9seau pour les droits de l&#039;enfant | Le BICE\" \/>\n<meta property=\"og:description\" content=\"Le r\u00e9seau du BICE regroupe des organismes nationaux, r\u00e9gionaux et internationaux, qui travaillent dans le domaine des droits de l&#039;enfant.\" \/>\n<meta property=\"og:url\" content=\"https:\/\/bice.org\/fr\/le-bice\/reseau-droits-de-l-enfant\/\" \/>\n<meta property=\"og:site_name\" content=\"BICE - ONG de protection des droits de l&#039;enfant\" \/>\n<meta property=\"article:modified_time\" content=\"2024-10-17T08:22:08+00:00\" \/>\n<meta property=\"og:image\" content=\"https:\/\/i0.wp.com\/bice.org\/app\/uploads\/2021\/05\/pageconvention-scaled.jpg?fit=2560%2C1484&ssl=1\" \/>\n\t<meta property=\"og:image:width\" content=\"2560\" \/>\n\t<meta property=\"og:image:height\" content=\"1484\" \/>\n\t<meta property=\"og:image:type\" content=\"image\/jpeg\" \/>\n<meta name=\"twitter:card\" content=\"summary_large_image\" \/>\n<meta name=\"twitter:label1\" content=\"Dur\u00e9e de lecture estim\u00e9e\" \/>\n\t<meta name=\"twitter:data1\" content=\"3 minutes\" \/>\n<!-- \/ Yoast SEO plugin. -->","yoast_head_json":{"title":"Un r\u00e9seau pour les droits de l'enfant | Le BICE","description":"Le r\u00e9seau du BICE regroupe des organismes nationaux, r\u00e9gionaux et internationaux, qui travaillent dans le domaine des droits de l'enfant.","robots":{"index":"index","follow":"follow","max-snippet":"max-snippet:-1","max-image-preview":"max-image-preview:large","max-video-preview":"max-video-preview:-1"},"canonical":"https:\/\/bice.org\/fr\/wp-json\/wp\/v2\/pages\/1751","og_locale":"fr_FR","og_type":"article","og_title":"Un r\u00e9seau pour les droits de l'enfant | Le BICE","og_description":"Le r\u00e9seau du BICE regroupe des organismes nationaux, r\u00e9gionaux et internationaux, qui travaillent dans le domaine des droits de l'enfant.","og_url":"https:\/\/bice.org\/fr\/le-bice\/reseau-droits-de-l-enfant\/","og_site_name":"BICE - ONG de protection des droits de l&#039;enfant","article_modified_time":"2024-10-17T08:22:08+00:00","og_image":[{"width":2560,"height":1484,"url":"https:\/\/i0.wp.com\/bice.org\/app\/uploads\/2021\/05\/pageconvention-scaled.jpg?fit=2560%2C1484&ssl=1","type":"image\/jpeg"}],"twitter_card":"summary_large_image","twitter_misc":{"Dur\u00e9e de lecture estim\u00e9e":"3 minutes"},"schema":{"@context":"https:\/\/schema.org","@graph":[{"@type":"WebPage","@id":"https:\/\/bice.org\/fr\/le-bice\/reseau-droits-de-l-enfant\/","url":"https:\/\/bice.org\/fr\/le-bice\/reseau-droits-de-l-enfant\/","name":"Un r\u00e9seau pour les droits de l'enfant | Le BICE","isPartOf":{"@id":"https:\/\/bice.org\/fr\/#website"},"primaryImageOfPage":{"@id":"https:\/\/bice.org\/fr\/le-bice\/reseau-droits-de-l-enfant\/#primaryimage"},"image":{"@id":"https:\/\/bice.org\/fr\/le-bice\/reseau-droits-de-l-enfant\/#primaryimage"},"thumbnailUrl":"https:\/\/i0.wp.com\/bice.org\/app\/uploads\/2021\/05\/pageconvention-scaled.jpg?fit=2560%2C1484&ssl=1","datePublished":"2014-05-27T12:45:41+00:00","dateModified":"2024-10-17T08:22:08+00:00","description":"Le r\u00e9seau du BICE regroupe des organismes nationaux, r\u00e9gionaux et internationaux, qui travaillent dans le domaine des droits de l'enfant.","breadcrumb":{"@id":"https:\/\/bice.org\/fr\/le-bice\/reseau-droits-de-l-enfant\/#breadcrumb"},"inLanguage":"fr-FR","potentialAction":[{"@type":"ReadAction","target":["https:\/\/bice.org\/fr\/le-bice\/reseau-droits-de-l-enfant\/"]}]},{"@type":"ImageObject","inLanguage":"fr-FR","@id":"https:\/\/bice.org\/fr\/le-bice\/reseau-droits-de-l-enfant\/#primaryimage","url":"https:\/\/i0.wp.com\/bice.org\/app\/uploads\/2021\/05\/pageconvention-scaled.jpg?fit=2560%2C1484&ssl=1","contentUrl":"https:\/\/i0.wp.com\/bice.org\/app\/uploads\/2021\/05\/pageconvention-scaled.jpg?fit=2560%2C1484&ssl=1","width":2560,"height":1484,"caption":"\u00a9 T. Louapre"},{"@type":"BreadcrumbList","@id":"https:\/\/bice.org\/fr\/le-bice\/reseau-droits-de-l-enfant\/#breadcrumb","itemListElement":[{"@type":"ListItem","position":1,"name":"Accueil","item":"https:\/\/bice.org\/fr\/"},{"@type":"ListItem","position":2,"name":"Le BICE, une ONG de protection des droits de l&#8217;enfant","item":"https:\/\/bice.org\/fr\/le-bice\/"},{"@type":"ListItem","position":3,"name":"Le r\u00e9seau du BICE : un r\u00e9seau des droits de l&#8217;enfant"}]},{"@type":"WebSite","@id":"https:\/\/bice.org\/fr\/#website","url":"https:\/\/bice.org\/fr\/","name":"BICE - ONG de protection des droits de l&#039;enfant","description":"Notre mission : D\u00e9fendre les droits et la dignit\u00e9 des enfants partout dans le monde","publisher":{"@id":"https:\/\/bice.org\/fr\/#organization"},"potentialAction":[{"@type":"SearchAction","target":{"@type":"EntryPoint","urlTemplate":"https:\/\/bice.org\/fr\/?s={search_term_string}"},"query-input":{"@type":"PropertyValueSpecification","valueRequired":true,"valueName":"search_term_string"}}],"inLanguage":"fr-FR"},{"@type":"Organization","@id":"https:\/\/bice.org\/fr\/#organization","name":"BICE","url":"https:\/\/bice.org\/fr\/","logo":{"@type":"ImageObject","inLanguage":"fr-FR","@id":"https:\/\/bice.org\/fr\/#\/schema\/logo\/image\/","url":"https:\/\/bice.org\/app\/uploads\/2022\/06\/favicon.ico","contentUrl":"https:\/\/bice.org\/app\/uploads\/2022\/06\/favicon.ico","width":64,"height":64,"caption":"BICE"},"image":{"@id":"https:\/\/bice.org\/fr\/#\/schema\/logo\/image\/"}}]}},"jetpack_sharing_enabled":true,"_links":{"self":[{"href":"https:\/\/bice.org\/fr\/wp-json\/wp\/v2\/pages\/1751","targetHints":{"allow":["GET"]}}],"collection":[{"href":"https:\/\/bice.org\/fr\/wp-json\/wp\/v2\/pages"}],"about":[{"href":"https:\/\/bice.org\/fr\/wp-json\/wp\/v2\/types\/page"}],"author":[{"embeddable":true,"href":"https:\/\/bice.org\/fr\/wp-json\/wp\/v2\/users\/1"}],"replies":[{"embeddable":true,"href":"https:\/\/bice.org\/fr\/wp-json\/wp\/v2\/comments?post=1751"}],"version-history":[{"count":0,"href":"https:\/\/bice.org\/fr\/wp-json\/wp\/v2\/pages\/1751\/revisions"}],"up":[{"embeddable":true,"href":"https:\/\/bice.org\/fr\/wp-json\/wp\/v2\/pages\/8898"}],"wp:featuredmedia":[{"embeddable":true,"href":"https:\/\/bice.org\/fr\/wp-json\/wp\/v2\/media\/58308"}],"wp:attachment":[{"href":"https:\/\/bice.org\/fr\/wp-json\/wp\/v2\/media?parent=1751"}],"curies":[{"name":"wp","href":"https:\/\/api.w.org\/{rel}","templated":true}]}}