{"id":175184,"date":"2024-03-12T11:28:52","date_gmt":"2024-03-12T10:28:52","guid":{"rendered":"https:\/\/bice.org\/?page_id=175184"},"modified":"2024-03-12T11:28:59","modified_gmt":"2024-03-12T10:28:59","slug":"perou-renforcer-le-systeme-devaluation-pour-les-adolescents-ayant-des-comportements-sexuellement-abusifs","status":"publish","type":"page","link":"https:\/\/bice.org\/fr\/actions-de-terrain\/domaines-daction\/le-bice-oeuvre-pour-le-developpement-dune-justice-reparatrice\/perou-renforcer-le-systeme-devaluation-pour-les-adolescents-ayant-des-comportements-sexuellement-abusifs\/","title":{"rendered":"P\u00e9rou. Renforcer le syst\u00e8me d&#8217;\u00e9valuation pour les adolescents ayant des comportements sexuellement abusifs"},"content":{"rendered":"\n<p>Adopt\u00e9e par l&#8217;\u00c9tat p\u00e9ruvien en 1990, la Convention relative aux droits de l&#8217;enfant \u00e9tablit le droit de tout enfant, d\u00e9fini comme \u00e9tant \u00e2g\u00e9 de moins de 18 ans, \u00e0 \u00eatre trait\u00e9 avec dignit\u00e9 et respect dans le domaine p\u00e9nal. Cela vise non seulement \u00e0 rendre justice, mais aussi \u00e0 \u00e9duquer les adolescents au respect des droits de l&#8217;homme et des libert\u00e9s fondamentales des autres, favorisant ainsi leur int\u00e9gration constructive dans la soci\u00e9t\u00e9.<\/p>\n\n\n\n<p>L&#8217;objectif du droit p\u00e9nal des mineurs est donc de parvenir \u00e0 l\u2019abandon de la conduite d\u00e9lictueuse chez les adolescents en conflit avec la loi, gr\u00e2ce \u00e0 une prise en charge adapt\u00e9e \u00e0 chacun et \u00e0 chaque situation. Pour y parvenir, il semble crucial de disposer d&#8217;outils d&#8217;\u00e9valuation permettant de conna\u00eetre le profil de l&#8217;adolescent, de planifier son traitement et d&#8217;orienter sa r\u00e9insertion sociale.<\/p>\n\n\n\n<h2 class=\"wp-block-heading\">Le cas des adolescents ayant commis des violences sexuelles<\/h2>\n\n\n\n<p>Selon le Programme national des centres de jeunes (PRONACEJ), en janvier 2023, 24,3 % des adolescents priv\u00e9s de libert\u00e9 au niveau national l\u2019\u00e9taient pour avoir commis des violences sexuelles. Ce qui constitue la deuxi\u00e8me infraction la plus courante apr\u00e8s le vol qualifi\u00e9 (47 % des cas).<\/p>\n\n\n\n<p>Une \u00e9tude pilote r\u00e9alis\u00e9e par <a href=\"https:\/\/bice.org\/fr\/cometa\/\">Cometa<\/a>, en 2018, sur un \u00e9chantillon de 100 adolescents ayant eu des comportements sexuellement abusifs et ex\u00e9cutant des mesures socio-\u00e9ducatives dans des centres \u00e0 Lima, Piura, Huancayo et Pucallpa, a r\u00e9v\u00e9l\u00e9 que 93 % pr\u00e9sentaient un faible risque de r\u00e9cidive, 5 % un risque mod\u00e9r\u00e9 et seulement 2 % un risque \u00e9lev\u00e9. Pour l&#8217;\u00e9valuation, le protocole ERASOR, sp\u00e9cialement con\u00e7u \u00e0 cet effet, a \u00e9t\u00e9 utilis\u00e9.<\/p>\n\n\n\n<p>Selon le mod\u00e8le de gestion des risques, des niveaux de r\u00e9cidive faibles n\u00e9cessitent des interventions br\u00e8ves et de faible intensit\u00e9. Pourtant, pour des d\u00e9lits de cette nature, les p\u00e9riodes de privation de libert\u00e9 sont prolong\u00e9es, avec une dur\u00e9e moyenne de 38 \u00e0 54 mois, selon les donn\u00e9es officielles du PRONACEJ.<\/p>\n\n\n\n<p>Au regard de ces donn\u00e9es, il semble imp\u00e9ratif de disposer d&#8217;un syst\u00e8me d&#8217;\u00e9valuation ad\u00e9quat permettant de d\u00e9terminer les profils des adolescents selon les niveaux de risque identifi\u00e9s. Et ce, afin de mettre en \u0153uvre des traitements appropri\u00e9s contribuant \u00e0 l\u2019abandon de la conduite d\u00e9lictueuse et \u00e0 leur r\u00e9habilitation.<\/p>\n\n\n\n<h2 class=\"wp-block-heading\">Description du projet de 8 mois (ao\u00fbt 2023-mars 2024)<\/h2>\n\n\n\n<h3 class=\"wp-block-heading\">B\u00e9n\u00e9ficiaires<\/h3>\n\n\n\n<ul class=\"wp-block-list\">\n<li>24 professionnels des \u00e9quipes techniques du si\u00e8ge central et des centres pour mineurs du PRONACEJ (milieu ouvert et ferm\u00e9) qui contribuent \u00e0 d\u00e9terminer les profils des adolescents, leur traitement et prise en charge, leur \u00e9valuation continue.<\/li>\n<\/ul>\n\n\n\n<ul class=\"wp-block-list\">\n<li>120 adolescents de sexe masculin des Centres de jeunes du PRONACEJ qui ont commis un d\u00e9lit de violence sexuelle et qui font l&#8217;objet d&#8217;une mesure socio-\u00e9ducative.<\/li>\n<\/ul>\n\n\n\n<h3 class=\"wp-block-heading\">Activit\u00e9s et r\u00e9sultats attendus<\/h3>\n\n\n\n<h4 class=\"wp-block-heading\">R\u00e9sultat 1 : Validation du syst\u00e8me d&#8217;\u00e9valuation des risques<\/h4>\n\n\n\n<p>Pour atteindre ce r\u00e9sultat, plusieurs actions sont mises en place&nbsp;:<\/p>\n\n\n\n<ul class=\"wp-block-list\">\n<li>R\u00e9vision et adaptation linguistique du syst\u00e8me \u00e0 appliquer. Un outil utilis\u00e9 dans d\u2019autres pays avec succ\u00e8s.<\/li>\n\n\n\n<li>Application du syst\u00e8me d\u2019\u00e9valuation \u00e0 l&#8217;\u00e9chantillon s\u00e9lectionn\u00e9 d&#8217;adolescents et de jeunes.<\/li>\n\n\n\n<li>Analyse des informations collect\u00e9es et identification des facteurs de risques communs susceptibles d\u2019influencer les comportements d\u00e9linquants.<\/li>\n\n\n\n<li>\u00c9laboration du rapport de validation de l\u2019outil d\u2019\u00e9valuation.<\/li>\n<\/ul>\n\n\n\n<p>Avec toutes les informations recueillies, un rapport sera pr\u00e9par\u00e9 indiquant les r\u00e9sultats de l&#8217;analyse et les modifications mises en place pour adapter le syst\u00e8me d\u2019\u00e9valuation \u00e0 la r\u00e9alit\u00e9 p\u00e9ruvienne.<\/p>\n\n\n\n<h4 class=\"wp-block-heading\">R\u00e9sultat 2 : Formation des professionnels \u00e0 l&#8217;\u00e9valuation des adolescents et des jeunes ayant un comportement sexuellement abusif<\/h4>\n\n\n\n<p>Pour atteindre ce r\u00e9sultat, plusieurs actions sont mises en place&nbsp;:<\/p>\n\n\n\n<ul class=\"wp-block-list\">\n<li>Conception d&#8217;une proposition de formation<\/li>\n\n\n\n<li>Formation des professionnels des centres de jeunes qui r\u00e9aliseront les \u00e9valuations. Elle comprend des aspects th\u00e9oriques et pratiques pour une utilisation ad\u00e9quate du protocole.<\/li>\n\n\n\n<li>Suivi de l&#8217;application de l\u2019outil d\u2019\u00e9valuation par les professionnels form\u00e9s. Apr\u00e8s la formation, les professionnels appliqueront les protocoles aux adolescents et aux jeunes identifi\u00e9s dans l&#8217;\u00e9chantillon. Le suivi est assur\u00e9 par des r\u00e9unions r\u00e9guli\u00e8res avec les professionnels.<\/li>\n\n\n\n<li>R\u00e9alisation d\u2019un rapport identifiant les r\u00e9alisations et les difficult\u00e9s rencontr\u00e9es dans le processus.<\/li>\n<\/ul>\n\n\n\n<h4 class=\"wp-block-heading\">R\u00e9sultat 3 : Profils d&#8217;adolescents et de jeunes ayant des comportements sexuels abusifs adapt\u00e9s \u00e0 la r\u00e9alit\u00e9 p\u00e9ruvienne.<\/h4>\n\n\n\n<p>Pour atteindre ce r\u00e9sultat, plusieurs actions sont mises en place&nbsp;:<\/p>\n\n\n\n<ul class=\"wp-block-list\">\n<li>Recherches bibliographiques sur le sujet afin d&#8217;apporter un soutien th\u00e9orique et m\u00e9thodologique \u00e0 la validation du syst\u00e8me d\u2019\u00e9valuation.<\/li>\n\n\n\n<li>Comparaison des r\u00e9sultats de l\u2019\u00e9tude bibliographique et des donn\u00e9es obtenues lors de l&#8217;\u00e9valuation des adolescents, afin d&#8217;\u00e9tayer la validation de l&#8217;outil d\u2019\u00e9valuation.<\/li>\n\n\n\n<li>\u00c9laboration d&#8217;un document avec l&#8217;analyse des profils des adolescents et des jeunes ayant des comportements sexuellement abusifs sur la base de l&#8217;\u00e9chantillon s\u00e9lectionn\u00e9.<\/li>\n\n\n\n<li>Pr\u00e9sentation des r\u00e9sultats du projet lors d&#8217;un \u00e9v\u00e9nement public organis\u00e9 avec le PRONACEJ et la Direction g\u00e9n\u00e9rale des affaires criminologiques du minist\u00e8re de la Justice et des Droits de l&#8217;homme.<\/li>\n<\/ul>\n\n\n\n<p class=\"has-small-font-size\">*Apr\u00e8s 12 ans d\u2019implication au sein du <a href=\"https:\/\/bice.org\/fr\/justice-juvenile-bilan-positif-du-programme-enfance-sans-barreaux\/\">programme Enfance sans Barreaux<\/a> (2009-2021) du BICE, Cometa d\u00e9veloppe d\u00e9sormais des activit\u00e9s en accord avec le Programme national des centres pour mineurs (PRONACEJ), responsable de l&#8217;administration des centres de prise en charge des adolescents d\u00e9linquants dans tout le pays. Ainsi qu\u2019avec le secteur de formation de la Direction g\u00e9n\u00e9rale des affaires criminologiques du minist\u00e8re de la Justice et des Droits de l&#8217;homme, responsable de la politique p\u00e9nale.<\/p>\n","protected":false},"excerpt":{"rendered":"<p>Partenaire du BICE depuis 2009 dans des projets sur la justice juv\u00e9nile, l\u2019association p\u00e9ruvienne Cometa* b\u00e9n\u00e9ficie de notre soutien pour mettre en place un outil d\u2019\u00e9valuation adapt\u00e9 aux adolescents ayant commis des violences sexuelles. Et ce, afin de favoriser l\u2019abandon de la conduite d\u00e9lictueuse et leur r\u00e9insertion sociale.<\/p>\n","protected":false},"author":19,"featured_media":175185,"parent":81599,"menu_order":0,"comment_status":"closed","ping_status":"closed","template":"","meta":{"_acf_changed":false,"footnotes":""},"class_list":["post-175184","page","type-page","status-publish","has-post-thumbnail","hentry"],"acf":[],"yoast_head":"<!-- This site is optimized with the Yoast SEO plugin v27.2 - https:\/\/yoast.com\/product\/yoast-seo-wordpress\/ -->\n<title>P\u00e9rou : un outil pour am\u00e9liorer la justice juv\u00e9nile<\/title>\n<meta name=\"description\" content=\"Au P\u00e9rou, Cometa, soutenu par le BICE, d\u00e9veloppe un outil d\u2019\u00e9valuation permettant une prise en charge adapt\u00e9e des adolescents ayant commis des violences sexuelles.\" \/>\n<meta name=\"robots\" content=\"index, follow, max-snippet:-1, max-image-preview:large, max-video-preview:-1\" \/>\n<link rel=\"canonical\" href=\"https:\/\/bice.org\/fr\/wp-json\/wp\/v2\/pages\/175184\" \/>\n<meta property=\"og:locale\" content=\"fr_FR\" \/>\n<meta property=\"og:type\" content=\"article\" \/>\n<meta property=\"og:title\" content=\"P\u00e9rou : un outil pour am\u00e9liorer la justice juv\u00e9nile\" \/>\n<meta property=\"og:description\" content=\"Au P\u00e9rou, Cometa, soutenu par le BICE, d\u00e9veloppe un outil d\u2019\u00e9valuation permettant une prise en charge adapt\u00e9e des adolescents ayant commis des violences sexuelles.\" \/>\n<meta property=\"og:url\" content=\"https:\/\/bice.org\/fr\/actions-de-terrain\/domaines-daction\/le-bice-oeuvre-pour-le-developpement-dune-justice-reparatrice\/perou-renforcer-le-systeme-devaluation-pour-les-adolescents-ayant-des-comportements-sexuellement-abusifs\/\" \/>\n<meta property=\"og:site_name\" content=\"BICE - ONG de protection des droits de l&#039;enfant\" \/>\n<meta property=\"article:modified_time\" content=\"2024-03-12T10:28:59+00:00\" \/>\n<meta property=\"og:image\" content=\"https:\/\/i0.wp.com\/bice.org\/app\/uploads\/2024\/03\/travail-mene-avec-les-professionnels-Perou.webp?fit=1000%2C580&ssl=1\" \/>\n\t<meta property=\"og:image:width\" content=\"1000\" \/>\n\t<meta property=\"og:image:height\" content=\"580\" \/>\n\t<meta property=\"og:image:type\" content=\"image\/webp\" \/>\n<meta name=\"twitter:card\" content=\"summary_large_image\" \/>\n<meta name=\"twitter:label1\" content=\"Dur\u00e9e de lecture estim\u00e9e\" \/>\n\t<meta name=\"twitter:data1\" content=\"5 minutes\" \/>\n<!-- \/ Yoast SEO plugin. -->","yoast_head_json":{"title":"P\u00e9rou : un outil pour am\u00e9liorer la justice juv\u00e9nile","description":"Au P\u00e9rou, Cometa, soutenu par le BICE, d\u00e9veloppe un outil d\u2019\u00e9valuation permettant une prise en charge adapt\u00e9e des adolescents ayant commis des violences sexuelles.","robots":{"index":"index","follow":"follow","max-snippet":"max-snippet:-1","max-image-preview":"max-image-preview:large","max-video-preview":"max-video-preview:-1"},"canonical":"https:\/\/bice.org\/fr\/wp-json\/wp\/v2\/pages\/175184","og_locale":"fr_FR","og_type":"article","og_title":"P\u00e9rou : un outil pour am\u00e9liorer la justice juv\u00e9nile","og_description":"Au P\u00e9rou, Cometa, soutenu par le BICE, d\u00e9veloppe un outil d\u2019\u00e9valuation permettant une prise en charge adapt\u00e9e des adolescents ayant commis des violences sexuelles.","og_url":"https:\/\/bice.org\/fr\/actions-de-terrain\/domaines-daction\/le-bice-oeuvre-pour-le-developpement-dune-justice-reparatrice\/perou-renforcer-le-systeme-devaluation-pour-les-adolescents-ayant-des-comportements-sexuellement-abusifs\/","og_site_name":"BICE - ONG de protection des droits de l&#039;enfant","article_modified_time":"2024-03-12T10:28:59+00:00","og_image":[{"width":1000,"height":580,"url":"https:\/\/i0.wp.com\/bice.org\/app\/uploads\/2024\/03\/travail-mene-avec-les-professionnels-Perou.webp?fit=1000%2C580&ssl=1","type":"image\/webp"}],"twitter_card":"summary_large_image","twitter_misc":{"Dur\u00e9e de lecture estim\u00e9e":"5 minutes"},"schema":{"@context":"https:\/\/schema.org","@graph":[{"@type":"WebPage","@id":"https:\/\/bice.org\/fr\/actions-de-terrain\/domaines-daction\/le-bice-oeuvre-pour-le-developpement-dune-justice-reparatrice\/perou-renforcer-le-systeme-devaluation-pour-les-adolescents-ayant-des-comportements-sexuellement-abusifs\/","url":"https:\/\/bice.org\/fr\/actions-de-terrain\/domaines-daction\/le-bice-oeuvre-pour-le-developpement-dune-justice-reparatrice\/perou-renforcer-le-systeme-devaluation-pour-les-adolescents-ayant-des-comportements-sexuellement-abusifs\/","name":"P\u00e9rou : un outil pour am\u00e9liorer la justice juv\u00e9nile","isPartOf":{"@id":"https:\/\/bice.org\/fr\/#website"},"primaryImageOfPage":{"@id":"https:\/\/bice.org\/fr\/actions-de-terrain\/domaines-daction\/le-bice-oeuvre-pour-le-developpement-dune-justice-reparatrice\/perou-renforcer-le-systeme-devaluation-pour-les-adolescents-ayant-des-comportements-sexuellement-abusifs\/#primaryimage"},"image":{"@id":"https:\/\/bice.org\/fr\/actions-de-terrain\/domaines-daction\/le-bice-oeuvre-pour-le-developpement-dune-justice-reparatrice\/perou-renforcer-le-systeme-devaluation-pour-les-adolescents-ayant-des-comportements-sexuellement-abusifs\/#primaryimage"},"thumbnailUrl":"https:\/\/i0.wp.com\/bice.org\/app\/uploads\/2024\/03\/travail-mene-avec-les-professionnels-Perou.webp?fit=1000%2C580&ssl=1","datePublished":"2024-03-12T10:28:52+00:00","dateModified":"2024-03-12T10:28:59+00:00","description":"Au P\u00e9rou, Cometa, soutenu par le BICE, d\u00e9veloppe un outil d\u2019\u00e9valuation permettant une prise en charge adapt\u00e9e des adolescents ayant commis des violences sexuelles.","breadcrumb":{"@id":"https:\/\/bice.org\/fr\/actions-de-terrain\/domaines-daction\/le-bice-oeuvre-pour-le-developpement-dune-justice-reparatrice\/perou-renforcer-le-systeme-devaluation-pour-les-adolescents-ayant-des-comportements-sexuellement-abusifs\/#breadcrumb"},"inLanguage":"fr-FR","potentialAction":[{"@type":"ReadAction","target":["https:\/\/bice.org\/fr\/actions-de-terrain\/domaines-daction\/le-bice-oeuvre-pour-le-developpement-dune-justice-reparatrice\/perou-renforcer-le-systeme-devaluation-pour-les-adolescents-ayant-des-comportements-sexuellement-abusifs\/"]}]},{"@type":"ImageObject","inLanguage":"fr-FR","@id":"https:\/\/bice.org\/fr\/actions-de-terrain\/domaines-daction\/le-bice-oeuvre-pour-le-developpement-dune-justice-reparatrice\/perou-renforcer-le-systeme-devaluation-pour-les-adolescents-ayant-des-comportements-sexuellement-abusifs\/#primaryimage","url":"https:\/\/i0.wp.com\/bice.org\/app\/uploads\/2024\/03\/travail-mene-avec-les-professionnels-Perou.webp?fit=1000%2C580&ssl=1","contentUrl":"https:\/\/i0.wp.com\/bice.org\/app\/uploads\/2024\/03\/travail-mene-avec-les-professionnels-Perou.webp?fit=1000%2C580&ssl=1","width":1000,"height":580,"caption":"Des professionnels travaillent sur l'outil d'\u00e9valuation."},{"@type":"BreadcrumbList","@id":"https:\/\/bice.org\/fr\/actions-de-terrain\/domaines-daction\/le-bice-oeuvre-pour-le-developpement-dune-justice-reparatrice\/perou-renforcer-le-systeme-devaluation-pour-les-adolescents-ayant-des-comportements-sexuellement-abusifs\/#breadcrumb","itemListElement":[{"@type":"ListItem","position":1,"name":"Accueil","item":"https:\/\/bice.org\/fr\/"},{"@type":"ListItem","position":2,"name":"Nos actions de terrain","item":"https:\/\/bice.org\/fr\/actions-de-terrain\/"},{"@type":"ListItem","position":3,"name":"Domaines d&#8217;action","item":"https:\/\/bice.org\/fr\/actions-de-terrain\/domaines-daction\/"},{"@type":"ListItem","position":4,"name":"Le BICE \u0153uvre pour le d\u00e9veloppement d\u2019une justice r\u00e9paratrice pour les enfants","item":"https:\/\/bice.org\/fr\/actions-de-terrain\/domaines-daction\/le-bice-oeuvre-pour-le-developpement-dune-justice-reparatrice\/"},{"@type":"ListItem","position":5,"name":"P\u00e9rou. Renforcer le syst\u00e8me d&#8217;\u00e9valuation pour les adolescents ayant des comportements sexuellement abusifs"}]},{"@type":"WebSite","@id":"https:\/\/bice.org\/fr\/#website","url":"https:\/\/bice.org\/fr\/","name":"BICE - ONG de protection des droits de l&#039;enfant","description":"Notre mission : D\u00e9fendre les droits et la dignit\u00e9 des enfants partout dans le monde","publisher":{"@id":"https:\/\/bice.org\/fr\/#organization"},"potentialAction":[{"@type":"SearchAction","target":{"@type":"EntryPoint","urlTemplate":"https:\/\/bice.org\/fr\/?s={search_term_string}"},"query-input":{"@type":"PropertyValueSpecification","valueRequired":true,"valueName":"search_term_string"}}],"inLanguage":"fr-FR"},{"@type":"Organization","@id":"https:\/\/bice.org\/fr\/#organization","name":"BICE","url":"https:\/\/bice.org\/fr\/","logo":{"@type":"ImageObject","inLanguage":"fr-FR","@id":"https:\/\/bice.org\/fr\/#\/schema\/logo\/image\/","url":"https:\/\/bice.org\/app\/uploads\/2022\/06\/favicon.ico","contentUrl":"https:\/\/bice.org\/app\/uploads\/2022\/06\/favicon.ico","width":64,"height":64,"caption":"BICE"},"image":{"@id":"https:\/\/bice.org\/fr\/#\/schema\/logo\/image\/"}}]}},"jetpack_sharing_enabled":true,"_links":{"self":[{"href":"https:\/\/bice.org\/fr\/wp-json\/wp\/v2\/pages\/175184","targetHints":{"allow":["GET"]}}],"collection":[{"href":"https:\/\/bice.org\/fr\/wp-json\/wp\/v2\/pages"}],"about":[{"href":"https:\/\/bice.org\/fr\/wp-json\/wp\/v2\/types\/page"}],"author":[{"embeddable":true,"href":"https:\/\/bice.org\/fr\/wp-json\/wp\/v2\/users\/19"}],"replies":[{"embeddable":true,"href":"https:\/\/bice.org\/fr\/wp-json\/wp\/v2\/comments?post=175184"}],"version-history":[{"count":0,"href":"https:\/\/bice.org\/fr\/wp-json\/wp\/v2\/pages\/175184\/revisions"}],"up":[{"embeddable":true,"href":"https:\/\/bice.org\/fr\/wp-json\/wp\/v2\/pages\/81599"}],"wp:featuredmedia":[{"embeddable":true,"href":"https:\/\/bice.org\/fr\/wp-json\/wp\/v2\/media\/175185"}],"wp:attachment":[{"href":"https:\/\/bice.org\/fr\/wp-json\/wp\/v2\/media?parent=175184"}],"curies":[{"name":"wp","href":"https:\/\/api.w.org\/{rel}","templated":true}]}}