{"id":1757,"date":"2014-05-30T09:23:56","date_gmt":"2014-05-30T09:23:56","guid":{"rendered":"https:\/\/bice.org\/fr\/gouvernance\/"},"modified":"2026-03-27T10:30:09","modified_gmt":"2026-03-27T09:30:09","slug":"gouvernance","status":"publish","type":"page","link":"https:\/\/bice.org\/fr\/le-bice\/organisation\/gouvernance\/","title":{"rendered":"Gouvernance"},"content":{"rendered":"<h2 style=\"text-align: justify;\">Organes statutaires<\/h2>\n<h3 style=\"text-align: justify;\">Assembl\u00e9e g\u00e9n\u00e9rale<\/h3>\n<p style=\"text-align: justify;\"><strong>P\u00e9riodicit\u00e9 : \u00a0<\/strong>Une fois par an<\/p>\n<p style=\"text-align: justify;\"><strong>Composition<\/strong><\/p>\n<p>L&#8217;Assembl\u00e9e g\u00e9n\u00e9rale se compose des membres effectifs et des membres adh\u00e9rents, du Pr\u00e9sident et du Tr\u00e9sorier.<\/p>\n<p style=\"text-align: justify;\"><strong>Mission principale<\/strong><\/p>\n<p style=\"text-align: justify;\">L&#8217;Assembl\u00e9e g\u00e9n\u00e9rale se prononce sur toute question relative \u00e0 la vie de l&#8217;association.<br \/>\nElle d\u00e9termine les orientations g\u00e9n\u00e9rales de l&#8217;association dans le cadre d&#8217;un plan strat\u00e9gique \u00e9tabli pour quatre ans.<br \/>\nElle statue en particulier sur les orientations, les comptes et le budget du BICE ainsi que sur les relations avec le r\u00e9seau des membres du BICE.<\/p>\n<h3 style=\"text-align: justify;\">Conseil d&#8217;administration<\/h3>\n<p style=\"text-align: justify;\"><strong>P\u00e9riodicit\u00e9 : \u00a0<\/strong>Deux fois par an<\/p>\n<p style=\"text-align: justify;\"><strong>Composition\u00a0<\/strong><\/p>\n<ul style=\"text-align: justify;\">\n<li>Avec voix d\u00e9lib\u00e9rative : Pr\u00e9sident, Tr\u00e9sorier et Repr\u00e9sentants des organisations membres effectifs du r\u00e9seau BICE \u00e9lus au Conseil.<\/li>\n<li>Avec voix consultative : Assistant eccl\u00e9siastique, Secr\u00e9taire g\u00e9n\u00e9ral, 2 \u00e0 4 repr\u00e9sentants des organisations membres adh\u00e9rents du r\u00e9seau BICE.<\/li>\n<\/ul>\n<p>Pour prendre connaissance de la liste des Membres du Conseil d&#8217;administration, <a href=\"https:\/\/bice.org\/app\/uploads\/2025\/11\/Conseil-administration-BICE-2025.pdf\" target=\"_blank\" rel=\"noopener\">cliquez ici.<\/a><\/p>\n<p style=\"text-align: justify;\"><strong>Dur\u00e9e du mandat : \u00a0<\/strong>4 ans renouvelable 3 fois<\/p>\n<p style=\"text-align: justify;\"><strong>Mission principale : \u00a0<\/strong>Veiller \u00e0 la mise en \u0153uvre des orientations du BICE<\/p>\n<h3 style=\"text-align: justify;\">Bureau<\/h3>\n<p style=\"text-align: justify;\"><strong>P\u00e9riodicit\u00e9 : \u00a0<\/strong>Selon besoin<\/p>\n<p style=\"text-align: justify;\"><strong>Composition<\/strong><\/p>\n<ul style=\"text-align: justify;\">\n<li>Avec voix d\u00e9lib\u00e9rative : Pr\u00e9sident, 2 Vice-pr\u00e9sidents et Tr\u00e9sorier<\/li>\n<li>Avec voix consultative : Assistant eccl\u00e9siastique et Secr\u00e9taire g\u00e9n\u00e9ral<br \/>\nMission principale : Superviser l\u2019administration et la gestion du BICE<\/li>\n<\/ul>\n<h3 style=\"text-align: justify;\">Pr\u00e9sident<\/h3>\n<p style=\"text-align: justify;\"><strong>Dur\u00e9e du mandat : \u00a0<\/strong>4 ans renouvelable 3 fois<\/p>\n<p style=\"text-align: justify;\"><strong>Mission principale : \u00a0<\/strong>Superviser la gestion et l\u2019administration du BICE<\/p>\n<h3 style=\"text-align: justify;\">Tr\u00e9sorier<\/h3>\n<p style=\"text-align: justify;\"><strong>Dur\u00e9e du mandat : \u00a0<\/strong>4 ans renouvelable 3 fois<\/p>\n<p style=\"text-align: justify;\"><strong>Mission principale : \u00a0<\/strong>Superviser la gestion des finances du BICE<\/p>\n<h3 style=\"text-align: justify;\">Assistant eccl\u00e9siastique<\/h3>\n<p style=\"text-align: justify;\"><strong>Dur\u00e9e du mandat : \u00a0<\/strong>4 ans renouvelable<\/p>\n<p style=\"text-align: justify;\"><strong>Mission principale : \u00a0<\/strong>Conseiller le BICE sur des questions doctrinales et faciliter la r\u00e9flexion th\u00e9ologique et l\u2019animation spirituelle du BICE<\/p>\n<h3 style=\"text-align: justify;\">Secr\u00e9taire g\u00e9n\u00e9ral<\/h3>\n<p style=\"text-align: justify;\"><strong>Dur\u00e9e du mandat : \u00a0<\/strong>4 ans renouvelable<\/p>\n<p style=\"text-align: justify;\"><strong>Mission principale : \u00a0<\/strong>Assurer la direction op\u00e9rationnelle du BICE<\/p>\n<h2 style=\"text-align: justify;\">Organes externes<\/h2>\n<h3 style=\"text-align: justify;\">Commissaire aux comptes<\/h3>\n<p style=\"text-align: justify;\"><strong>Mission principale :<\/strong> Certifier, conform\u00e9ment \u00e0 la loi, les comptes annuels du BICE. Le cabinet Deloitte exerce actuellement cette fonction<\/p>\n<h3 style=\"text-align: justify;\">Don en Confiance<\/h3>\n<p>Le BICE est une association Don en Confiance depuis 2008. Don en Confiance est un organisme ind\u00e9pendant qui contr\u00f4le la bonne utilisation des dons. \u00c0 ce titre, le BICE se soumet volontairement et annuellement au contr\u00f4le de cet organisme qui implique le respect de cinq principes fondamentaux : Respect du donateur \u2013 Transparence \u2013 Recherche d\u2019efficacit\u00e9 \u2013 Probit\u00e9 et d\u00e9sint\u00e9ressement \u2013 \u00c9thique et responsabilit\u00e9 soci\u00e9tale et environnementale.<br \/>\nLa reconnaissance \u00ab Don en confiance \u00bb du BICE a \u00e9t\u00e9 renouvel\u00e9e en 2026 pour une dur\u00e9e de 3 ans.<\/p>\n","protected":false},"excerpt":{"rendered":"<p>Retrouvez dans cette page les organes de gouvernance (statutaires et externes) du Bureau International Catholique de l&#8217;Enfance.<\/p>\n","protected":false},"author":1,"featured_media":0,"parent":8934,"menu_order":2,"comment_status":"closed","ping_status":"closed","template":"","meta":{"_acf_changed":false,"footnotes":""},"class_list":["post-1757","page","type-page","status-publish","hentry"],"acf":[],"yoast_head":"<!-- This site is optimized with the Yoast SEO plugin v27.2 - https:\/\/yoast.com\/product\/yoast-seo-wordpress\/ -->\n<title>Nos organes de fonctionnement - Gouvernance du BICE<\/title>\n<meta name=\"description\" content=\"Explication et proc\u00e9d\u00e9 de la gouvernance du Bureau International Catholique de l&#039;Enfance, ONG pour les droits de l&#039;enfant.\" \/>\n<meta name=\"robots\" content=\"index, follow, max-snippet:-1, max-image-preview:large, max-video-preview:-1\" \/>\n<link rel=\"canonical\" href=\"https:\/\/bice.org\/fr\/wp-json\/wp\/v2\/pages\/1757\" \/>\n<meta property=\"og:locale\" content=\"fr_FR\" \/>\n<meta property=\"og:type\" content=\"article\" \/>\n<meta property=\"og:title\" content=\"Nos organes de fonctionnement - Gouvernance du BICE\" \/>\n<meta property=\"og:description\" content=\"Explication et proc\u00e9d\u00e9 de la gouvernance du Bureau International Catholique de l&#039;Enfance, ONG pour les droits de l&#039;enfant.\" \/>\n<meta property=\"og:url\" content=\"https:\/\/bice.org\/fr\/le-bice\/organisation\/gouvernance\/\" \/>\n<meta property=\"og:site_name\" content=\"BICE - ONG de protection des droits de l&#039;enfant\" \/>\n<meta property=\"article:modified_time\" content=\"2026-03-27T09:30:09+00:00\" \/>\n<meta name=\"twitter:card\" content=\"summary_large_image\" \/>\n<meta name=\"twitter:label1\" content=\"Dur\u00e9e de lecture estim\u00e9e\" \/>\n\t<meta name=\"twitter:data1\" content=\"2 minutes\" \/>\n<!-- \/ Yoast SEO plugin. -->","yoast_head_json":{"title":"Nos organes de fonctionnement - Gouvernance du BICE","description":"Explication et proc\u00e9d\u00e9 de la gouvernance du Bureau International Catholique de l'Enfance, ONG pour les droits de l'enfant.","robots":{"index":"index","follow":"follow","max-snippet":"max-snippet:-1","max-image-preview":"max-image-preview:large","max-video-preview":"max-video-preview:-1"},"canonical":"https:\/\/bice.org\/fr\/wp-json\/wp\/v2\/pages\/1757","og_locale":"fr_FR","og_type":"article","og_title":"Nos organes de fonctionnement - Gouvernance du BICE","og_description":"Explication et proc\u00e9d\u00e9 de la gouvernance du Bureau International Catholique de l'Enfance, ONG pour les droits de l'enfant.","og_url":"https:\/\/bice.org\/fr\/le-bice\/organisation\/gouvernance\/","og_site_name":"BICE - ONG de protection des droits de l&#039;enfant","article_modified_time":"2026-03-27T09:30:09+00:00","twitter_card":"summary_large_image","twitter_misc":{"Dur\u00e9e de lecture estim\u00e9e":"2 minutes"},"schema":{"@context":"https:\/\/schema.org","@graph":[{"@type":"WebPage","@id":"https:\/\/bice.org\/fr\/le-bice\/organisation\/gouvernance\/","url":"https:\/\/bice.org\/fr\/le-bice\/organisation\/gouvernance\/","name":"Nos organes de fonctionnement - Gouvernance du BICE","isPartOf":{"@id":"https:\/\/bice.org\/fr\/#website"},"datePublished":"2014-05-30T09:23:56+00:00","dateModified":"2026-03-27T09:30:09+00:00","description":"Explication et proc\u00e9d\u00e9 de la gouvernance du Bureau International Catholique de l'Enfance, ONG pour les droits de l'enfant.","breadcrumb":{"@id":"https:\/\/bice.org\/fr\/le-bice\/organisation\/gouvernance\/#breadcrumb"},"inLanguage":"fr-FR","potentialAction":[{"@type":"ReadAction","target":["https:\/\/bice.org\/fr\/le-bice\/organisation\/gouvernance\/"]}]},{"@type":"BreadcrumbList","@id":"https:\/\/bice.org\/fr\/le-bice\/organisation\/gouvernance\/#breadcrumb","itemListElement":[{"@type":"ListItem","position":1,"name":"Accueil","item":"https:\/\/bice.org\/fr\/"},{"@type":"ListItem","position":2,"name":"Le BICE, une ONG de protection des droits de l&#8217;enfant","item":"https:\/\/bice.org\/fr\/le-bice\/"},{"@type":"ListItem","position":3,"name":"Notre organisation","item":"https:\/\/bice.org\/fr\/le-bice\/organisation\/"},{"@type":"ListItem","position":4,"name":"Gouvernance"}]},{"@type":"WebSite","@id":"https:\/\/bice.org\/fr\/#website","url":"https:\/\/bice.org\/fr\/","name":"BICE - ONG de protection des droits de l&#039;enfant","description":"Notre mission : D\u00e9fendre les droits et la dignit\u00e9 des enfants partout dans le monde","publisher":{"@id":"https:\/\/bice.org\/fr\/#organization"},"potentialAction":[{"@type":"SearchAction","target":{"@type":"EntryPoint","urlTemplate":"https:\/\/bice.org\/fr\/?s={search_term_string}"},"query-input":{"@type":"PropertyValueSpecification","valueRequired":true,"valueName":"search_term_string"}}],"inLanguage":"fr-FR"},{"@type":"Organization","@id":"https:\/\/bice.org\/fr\/#organization","name":"BICE","url":"https:\/\/bice.org\/fr\/","logo":{"@type":"ImageObject","inLanguage":"fr-FR","@id":"https:\/\/bice.org\/fr\/#\/schema\/logo\/image\/","url":"https:\/\/bice.org\/app\/uploads\/2022\/06\/favicon.ico","contentUrl":"https:\/\/bice.org\/app\/uploads\/2022\/06\/favicon.ico","width":64,"height":64,"caption":"BICE"},"image":{"@id":"https:\/\/bice.org\/fr\/#\/schema\/logo\/image\/"}}]}},"jetpack_sharing_enabled":true,"_links":{"self":[{"href":"https:\/\/bice.org\/fr\/wp-json\/wp\/v2\/pages\/1757","targetHints":{"allow":["GET"]}}],"collection":[{"href":"https:\/\/bice.org\/fr\/wp-json\/wp\/v2\/pages"}],"about":[{"href":"https:\/\/bice.org\/fr\/wp-json\/wp\/v2\/types\/page"}],"author":[{"embeddable":true,"href":"https:\/\/bice.org\/fr\/wp-json\/wp\/v2\/users\/1"}],"replies":[{"embeddable":true,"href":"https:\/\/bice.org\/fr\/wp-json\/wp\/v2\/comments?post=1757"}],"version-history":[{"count":4,"href":"https:\/\/bice.org\/fr\/wp-json\/wp\/v2\/pages\/1757\/revisions"}],"predecessor-version":[{"id":317015,"href":"https:\/\/bice.org\/fr\/wp-json\/wp\/v2\/pages\/1757\/revisions\/317015"}],"up":[{"embeddable":true,"href":"https:\/\/bice.org\/fr\/wp-json\/wp\/v2\/pages\/8934"}],"wp:attachment":[{"href":"https:\/\/bice.org\/fr\/wp-json\/wp\/v2\/media?parent=1757"}],"curies":[{"name":"wp","href":"https:\/\/api.w.org\/{rel}","templated":true}]}}