{"id":176090,"date":"2024-04-11T15:50:38","date_gmt":"2024-04-11T13:50:38","guid":{"rendered":"https:\/\/bice.org\/?page_id=176090"},"modified":"2024-08-14T11:12:07","modified_gmt":"2024-08-14T09:12:07","slug":"nos-actions-de-sensibilisation-en-france","status":"publish","type":"page","link":"https:\/\/bice.org\/fr\/actualites\/nos-actions-de-sensibilisation-en-france\/","title":{"rendered":"Nos actions de sensibilisation en France"},"content":{"rendered":"\n<h2 class=\"wp-block-heading\">Interventions dans les \u00e9tablissements scolaires<\/h2>\n\n\n\n<p>LE BICE se tient \u00e0 la disposition des professeurs ou animateurs en pastorale pour mettre en place dans leurs \u00e9tablissements diverses actions de <a href=\"https:\/\/bice.org\/fr\/le-bice\/qui-sommes-nous\/\">sensibilisation<\/a>. Des activit\u00e9s permettant aux \u00e9l\u00e8ves de s\u2019ouvrir au monde, de d\u00e9couvrir les r\u00e9alit\u00e9s v\u00e9cues par d\u2019autres enfants, de d\u00e9velopper un sentiment de solidarit\u00e9 et pourquoi pas d\u2019agir \u00e0 leur niveau pour aider leurs pairs.<\/p>\n\n\n\n<p>Voici un catalogue de ce que nous proposons&nbsp;pour les coll\u00e9giens et lyc\u00e9ens :<\/p>\n\n\n\n<ul class=\"wp-block-list\">\n<li>conf\u00e9rence sur les droits de l\u2019enfant et les actions du BICE, avec projection de vid\u00e9os et \u00e9changes<\/li>\n\n\n\n<li>projection de films documentaires de qualit\u00e9, mettant en exergue des th\u00e9matiques li\u00e9es aux droits de l\u2019enfant<\/li>\n\n\n\n<li>op\u00e9ration bol de riz<\/li>\n\n\n\n<li>course \u00e0 pieds parrain\u00e9e<\/li>\n\n\n\n<li>vente de cartes de v\u0153ux\u2026<\/li>\n<\/ul>\n\n\n\n<p>Il est \u00e9galement possible d\u2019organiser une conf\u00e9rence pour les parents autour de sujets comme les droits de l\u2019enfant ou la r\u00e9silience.<\/p>\n\n\n\n<p>Ces diff\u00e9rentes initiatives repr\u00e9sentent pour les <a href=\"https:\/\/www.facebook.com\/share\/p\/Zg8tq6daDAnHefWr\/?mibextid=WC7FNe\" target=\"_blank\" rel=\"noreferrer noopener\">\u00e9tablissements scolaires<\/a> des occasions de f\u00e9d\u00e9rer les \u00e9l\u00e8ves, leurs parents autour d\u2019animations et de temps forts, dans un esprit de solidarit\u00e9 internationale.<\/p>\n\n\n\n<h2 class=\"wp-block-heading\">Actions dans les paroisses et autres lieux de rencontre<\/h2>\n\n\n\n<p>Le BICE propose \u00e9galement \u00e0 des paroisses (pour les enfants, lors de la cat\u00e9ch\u00e8se par exemple, et les adultes), \u00e0 des \u00e9tablissements d\u2019accueil de personnes \u00e2g\u00e9es ou autres lieux d\u2019animer des soir\u00e9es ou rencontres autour des th\u00e8mes suivants&nbsp;:<\/p>\n\n\n\n<ul class=\"wp-block-list\">\n<li>les projets du BICE en mati\u00e8re d\u2019acc\u00e8s \u00e0 l\u2019\u00e9ducation, de lutte contre les violences, d\u2019inclusion des enfants en situation de handicap\u2026<\/li>\n\n\n\n<li>les droits de l\u2019enfant et le r\u00f4le du BICE dans la r\u00e9daction de la Convention relative aux droits de l\u2019enfant. Par exemple, la prise en compte de l\u2019enfant dans toutes ses dimensions, y compris spirituelle.<\/li>\n\n\n\n<li>la r\u00e9silience et les moyens de la favoriser.<\/li>\n<\/ul>\n\n\n\n<p>Une collecte en faveur du BICE peut, bien entendu, \u00eatre organis\u00e9e en parall\u00e8le.<\/p>\n\n\n\n<p>Les interventions sont possibles dans toute la France.<\/p>\n\n\n\n<p><strong>Pour toute information, appelez le BICE au 01 53 35 01 00 ou \u00e9crivez \u00e0 <a href=\"mailto:contact@bice.org\">contact@bice.org<\/a>.<\/strong><\/p>\n","protected":false},"excerpt":{"rendered":"<p>Dans le cadre de sa mission de sensibilisation au respect de la dignit\u00e9 et des droits de l\u2019enfant, le BICE peut se rendre \u00e0 la demande dans un \u00e9tablissement scolaire, une paroisse, une maison de retraite\u2026<\/p>\n","protected":false},"author":18,"featured_media":176092,"parent":9294,"menu_order":4,"comment_status":"closed","ping_status":"closed","template":"","meta":{"_acf_changed":false,"footnotes":""},"class_list":["post-176090","page","type-page","status-publish","has-post-thumbnail","hentry"],"acf":[],"yoast_head":"<!-- This site is optimized with the Yoast SEO plugin v27.2 - https:\/\/yoast.com\/product\/yoast-seo-wordpress\/ -->\n<title>Actions de sensibilisation du BICE en France<\/title>\n<meta name=\"description\" content=\"Le BICE peut intervenir, \u00e0 la demande, dans des \u00e9tablissements scolaires, paroisses et autres lieux pour sensibiliser aux droits de l&#039;enfant.\" \/>\n<meta name=\"robots\" content=\"index, follow, max-snippet:-1, max-image-preview:large, max-video-preview:-1\" \/>\n<link rel=\"canonical\" href=\"https:\/\/bice.org\/fr\/wp-json\/wp\/v2\/pages\/176090\" \/>\n<meta property=\"og:locale\" content=\"fr_FR\" \/>\n<meta property=\"og:type\" content=\"article\" \/>\n<meta property=\"og:title\" content=\"Actions de sensibilisation du BICE en France\" \/>\n<meta property=\"og:description\" content=\"Le BICE peut intervenir, \u00e0 la demande, dans des \u00e9tablissements scolaires, paroisses et autres lieux pour sensibiliser aux droits de l&#039;enfant.\" \/>\n<meta property=\"og:url\" content=\"https:\/\/bice.org\/fr\/actualites\/nos-actions-de-sensibilisation-en-france\/\" \/>\n<meta property=\"og:site_name\" content=\"BICE - ONG de protection des droits de l&#039;enfant\" \/>\n<meta property=\"article:modified_time\" content=\"2024-08-14T09:12:07+00:00\" \/>\n<meta property=\"og:image\" content=\"https:\/\/i0.wp.com\/bice.org\/app\/uploads\/2024\/04\/illustration-sensibilisation.jpg?fit=640%2C367&ssl=1\" \/>\n\t<meta property=\"og:image:width\" content=\"640\" \/>\n\t<meta property=\"og:image:height\" content=\"367\" \/>\n\t<meta property=\"og:image:type\" content=\"image\/jpeg\" \/>\n<meta name=\"twitter:card\" content=\"summary_large_image\" \/>\n<meta name=\"twitter:label1\" content=\"Dur\u00e9e de lecture estim\u00e9e\" \/>\n\t<meta name=\"twitter:data1\" content=\"2 minutes\" \/>\n<!-- \/ Yoast SEO plugin. -->","yoast_head_json":{"title":"Actions de sensibilisation du BICE en France","description":"Le BICE peut intervenir, \u00e0 la demande, dans des \u00e9tablissements scolaires, paroisses et autres lieux pour sensibiliser aux droits de l'enfant.","robots":{"index":"index","follow":"follow","max-snippet":"max-snippet:-1","max-image-preview":"max-image-preview:large","max-video-preview":"max-video-preview:-1"},"canonical":"https:\/\/bice.org\/fr\/wp-json\/wp\/v2\/pages\/176090","og_locale":"fr_FR","og_type":"article","og_title":"Actions de sensibilisation du BICE en France","og_description":"Le BICE peut intervenir, \u00e0 la demande, dans des \u00e9tablissements scolaires, paroisses et autres lieux pour sensibiliser aux droits de l'enfant.","og_url":"https:\/\/bice.org\/fr\/actualites\/nos-actions-de-sensibilisation-en-france\/","og_site_name":"BICE - ONG de protection des droits de l&#039;enfant","article_modified_time":"2024-08-14T09:12:07+00:00","og_image":[{"width":640,"height":367,"url":"https:\/\/i0.wp.com\/bice.org\/app\/uploads\/2024\/04\/illustration-sensibilisation.jpg?fit=640%2C367&ssl=1","type":"image\/jpeg"}],"twitter_card":"summary_large_image","twitter_misc":{"Dur\u00e9e de lecture estim\u00e9e":"2 minutes"},"schema":{"@context":"https:\/\/schema.org","@graph":[{"@type":"WebPage","@id":"https:\/\/bice.org\/fr\/actualites\/nos-actions-de-sensibilisation-en-france\/","url":"https:\/\/bice.org\/fr\/actualites\/nos-actions-de-sensibilisation-en-france\/","name":"Actions de sensibilisation du BICE en France","isPartOf":{"@id":"https:\/\/bice.org\/fr\/#website"},"primaryImageOfPage":{"@id":"https:\/\/bice.org\/fr\/actualites\/nos-actions-de-sensibilisation-en-france\/#primaryimage"},"image":{"@id":"https:\/\/bice.org\/fr\/actualites\/nos-actions-de-sensibilisation-en-france\/#primaryimage"},"thumbnailUrl":"https:\/\/i0.wp.com\/bice.org\/app\/uploads\/2024\/04\/illustration-sensibilisation.jpg?fit=640%2C367&ssl=1","datePublished":"2024-04-11T13:50:38+00:00","dateModified":"2024-08-14T09:12:07+00:00","description":"Le BICE peut intervenir, \u00e0 la demande, dans des \u00e9tablissements scolaires, paroisses et autres lieux pour sensibiliser aux droits de l'enfant.","breadcrumb":{"@id":"https:\/\/bice.org\/fr\/actualites\/nos-actions-de-sensibilisation-en-france\/#breadcrumb"},"inLanguage":"fr-FR","potentialAction":[{"@type":"ReadAction","target":["https:\/\/bice.org\/fr\/actualites\/nos-actions-de-sensibilisation-en-france\/"]}]},{"@type":"ImageObject","inLanguage":"fr-FR","@id":"https:\/\/bice.org\/fr\/actualites\/nos-actions-de-sensibilisation-en-france\/#primaryimage","url":"https:\/\/i0.wp.com\/bice.org\/app\/uploads\/2024\/04\/illustration-sensibilisation.jpg?fit=640%2C367&ssl=1","contentUrl":"https:\/\/i0.wp.com\/bice.org\/app\/uploads\/2024\/04\/illustration-sensibilisation.jpg?fit=640%2C367&ssl=1","width":640,"height":367,"caption":"Intervention du BICE dans un \u00e9tablissement scolaire en mars 2024"},{"@type":"BreadcrumbList","@id":"https:\/\/bice.org\/fr\/actualites\/nos-actions-de-sensibilisation-en-france\/#breadcrumb","itemListElement":[{"@type":"ListItem","position":1,"name":"Accueil","item":"https:\/\/bice.org\/fr\/"},{"@type":"ListItem","position":2,"name":"Actualit\u00e9s du BICE","item":"https:\/\/bice.org\/fr\/actualites\/"},{"@type":"ListItem","position":3,"name":"Nos actions de sensibilisation en France"}]},{"@type":"WebSite","@id":"https:\/\/bice.org\/fr\/#website","url":"https:\/\/bice.org\/fr\/","name":"BICE - ONG de protection des droits de l&#039;enfant","description":"Notre mission : D\u00e9fendre les droits et la dignit\u00e9 des enfants partout dans le monde","publisher":{"@id":"https:\/\/bice.org\/fr\/#organization"},"potentialAction":[{"@type":"SearchAction","target":{"@type":"EntryPoint","urlTemplate":"https:\/\/bice.org\/fr\/?s={search_term_string}"},"query-input":{"@type":"PropertyValueSpecification","valueRequired":true,"valueName":"search_term_string"}}],"inLanguage":"fr-FR"},{"@type":"Organization","@id":"https:\/\/bice.org\/fr\/#organization","name":"BICE","url":"https:\/\/bice.org\/fr\/","logo":{"@type":"ImageObject","inLanguage":"fr-FR","@id":"https:\/\/bice.org\/fr\/#\/schema\/logo\/image\/","url":"https:\/\/bice.org\/app\/uploads\/2022\/06\/favicon.ico","contentUrl":"https:\/\/bice.org\/app\/uploads\/2022\/06\/favicon.ico","width":64,"height":64,"caption":"BICE"},"image":{"@id":"https:\/\/bice.org\/fr\/#\/schema\/logo\/image\/"}}]}},"jetpack_sharing_enabled":true,"_links":{"self":[{"href":"https:\/\/bice.org\/fr\/wp-json\/wp\/v2\/pages\/176090","targetHints":{"allow":["GET"]}}],"collection":[{"href":"https:\/\/bice.org\/fr\/wp-json\/wp\/v2\/pages"}],"about":[{"href":"https:\/\/bice.org\/fr\/wp-json\/wp\/v2\/types\/page"}],"author":[{"embeddable":true,"href":"https:\/\/bice.org\/fr\/wp-json\/wp\/v2\/users\/18"}],"replies":[{"embeddable":true,"href":"https:\/\/bice.org\/fr\/wp-json\/wp\/v2\/comments?post=176090"}],"version-history":[{"count":0,"href":"https:\/\/bice.org\/fr\/wp-json\/wp\/v2\/pages\/176090\/revisions"}],"up":[{"embeddable":true,"href":"https:\/\/bice.org\/fr\/wp-json\/wp\/v2\/pages\/9294"}],"wp:featuredmedia":[{"embeddable":true,"href":"https:\/\/bice.org\/fr\/wp-json\/wp\/v2\/media\/176092"}],"wp:attachment":[{"href":"https:\/\/bice.org\/fr\/wp-json\/wp\/v2\/media?parent=176090"}],"curies":[{"name":"wp","href":"https:\/\/api.w.org\/{rel}","templated":true}]}}