{"id":1761,"date":"2014-05-30T09:56:15","date_gmt":"2014-05-30T07:56:15","guid":{"rendered":"https:\/\/bice.org\/fr\/gestion-financiere-du-bice\/"},"modified":"2026-03-27T10:26:13","modified_gmt":"2026-03-27T09:26:13","slug":"ressources-et-emploi-des-fonds","status":"publish","type":"page","link":"https:\/\/bice.org\/fr\/le-bice\/ressources-et-emploi-des-fonds\/","title":{"rendered":"Ressources et emploi des fonds"},"content":{"rendered":"<h2 style=\"text-align: justify;\">Des actions amplifi\u00e9es gr\u00e2ce au r\u00e9seau BICE<\/h2>\n<p style=\"text-align: justify;\">Les missions sociales du BICE se d\u00e9clinent en quatre axes :<\/p>\n<ol>\n<li><a href=\"https:\/\/bice.org\/fr\/actions-de-terrain\/domaines-daction\/\">Programmes et projets de terrain<\/a><\/li>\n<li><a href=\"https:\/\/bice.org\/fr\/droits-de-lenfant\/conseil-des-droits-de-l-homme\/\">Plaidoyer<\/a><\/li>\n<li><a href=\"https:\/\/bice.org\/fr\/plaidoyer\/recherche-et-reflexion\/\">Recherche et r\u00e9flexion sur l\u2019enfance<\/a><\/li>\n<li><a href=\"https:\/\/bice.org\/fr\/actualites\/nos-actions-de-sensibilisation-en-france\/\">Sensibilisation du grand public<\/a><\/li>\n<\/ol>\n<p style=\"text-align: justify;\">Le r\u00f4le du BICE est de constituer un r\u00e9seau d\u2019organisations auxquelles il apporte ses exp\u00e9riences et r\u00e9flexions sur les droits de l\u2019enfant, et avec lesquelles il met en \u0153uvre des programmes qu\u2019il con\u00e7oit et coordonne.<\/p>\n<p style=\"text-align: justify;\">Localement, les membres et partenaires du BICE mettent ainsi leurs moyens humains et mat\u00e9riels au service du programme concern\u00e9, en lien constant avec l\u2019\u00e9quipe du BICE qui en assure la responsabilit\u00e9 globale.<\/p>\n<p id=\"rapportsfinanciers\" style=\"text-align: justify;\">Le co\u00fbt global des programmes et projets coordonn\u00e9s par le BICE n\u2019appara\u00eet donc pas int\u00e9gralement dans les comptes. En effet, ceux-ci n\u2019int\u00e8grent ni les subventions collect\u00e9es en direct par les membres ou partenaires pour ces programmes, ni leurs co\u00fbts internes.<\/p>\n<h2 style=\"text-align: justify;\">La gestion financi\u00e8re du BICE : le mod\u00e8le \u00e9conomique de l\u2019association<\/h2>\n<p style=\"text-align: justify;\">Le financement du BICE est assur\u00e9 par des donateurs priv\u00e9s, garants de son ind\u00e9pendance, et par des bailleurs de fonds publics ou priv\u00e9s. C&#8217;est gr\u00e2ce \u00e0 ces soutiens que, depuis plus de 75 ans, notre association peut maintenir sa pr\u00e9sence aupr\u00e8s des enfants \u00e0 travers le monde en d\u00e9veloppant des projets \u00e0 long terme.<\/p>\n<p style=\"text-align: justify;\">Ce mod\u00e8le \u00e9conomique garantit l\u2019ind\u00e9pendance financi\u00e8re du BICE. Nous conservons ainsi le choix de nos missions et de nos actions de d\u00e9fense des droits des enfants, ind\u00e9pendamment de toute pression.<\/p>\n<p style=\"text-align: justify;\">Sur l&#8217;ann\u00e9e 2024, nos ressources se r\u00e9partissent de la mani\u00e8re suivante : la g\u00e9n\u00e9rosit\u00e9 du public, \u00e0 hauteur de 73% et les bailleurs de fonds, \u00e0 hauteur de 27%.<\/p>\n<h3 style=\"text-align: justify;\"><strong>T\u00e9l\u00e9chargez les rapports financiers du BICE<\/strong><\/h3>\n<ul style=\"text-align: justify;\">\n<li><a href=\"https:\/\/bice.org\/app\/uploads\/2025\/06\/Bice-Rapport-financier-2024.pdf\" target=\"_blank\" rel=\"noopener\">Rapport financier 2024<\/a><\/li>\n<li><a href=\"https:\/\/bice.org\/app\/uploads\/2024\/06\/Bice-Rapport-financier-2023.pdf\" target=\"_blank\" rel=\"noopener\">Rapport financier 2023<\/a><\/li>\n<li><a href=\"https:\/\/bice.org\/app\/uploads\/2023\/06\/Bice-Rapport-financier-2022.pdf\" target=\"_blank\" rel=\"noopener\">Rapport financier 2022<\/a><\/li>\n<li><a href=\"https:\/\/bice.org\/app\/uploads\/2022\/06\/Bice-Rapport-financier-2021.pdf\" target=\"_blank\" rel=\"noopener\">Rapport financier 2021<\/a><\/li>\n<li><a href=\"https:\/\/bice.org\/app\/uploads\/2021\/06\/Bice-Rapport-financier-2020.pdf\" target=\"_blank\" rel=\"noopener\">Rapport financier 2020<\/a><\/li>\n<\/ul>\n<h2 id=\"Essentiel\" style=\"text-align: justify;\">Le contr\u00f4le du Don en Confiance<\/h2>\n<p style=\"text-align: justify; background: #FEFEFE;\"><span style=\"font-family: 'Arial',sans-serif; color: #383838;\"><a href=\"https:\/\/www.donenconfiance.org\/\" target=\"_blank\" rel=\"noopener\"><span style=\"color: #0054a0;\">Don en Confiance<\/span><\/a> est un organisme ind\u00e9pendant qui contr\u00f4le la bonne utilisation des dons. La reconnaissance \u00ab Don en Confiance \u00bb implique le respect de cinq principes fondamentaux : Respect du donateur \u2013 Transparence \u2013 Recherche d\u2019efficacit\u00e9 \u2013 Probit\u00e9 et d\u00e9sint\u00e9ressement \u2013 \u00c9thique et responsabilit\u00e9 soci\u00e9tale et environnementale.<\/span><\/p>\n<p style=\"text-align: justify; background: #FEFEFE;\"><span style=\"font-family: 'Arial',sans-serif; color: #383838;\">Depuis 2008, le BICE a choisi de se soumettre volontairement et annuellement \u00e0 ce contr\u00f4le afin d\u2019obtenir la reconnaissance \u00ab Don en Confiance \u00bb.<\/span><\/p>\n<p style=\"text-align: justify; background: #FEFEFE;\"><strong><span style=\"font-family: 'Arial',sans-serif; color: #383838;\">Celle ci a \u00e9t\u00e9 renouvel\u00e9e en 2026 pour une dur\u00e9e de 3 ans.<\/span><\/strong><\/p>\n<p style=\"text-align: justify; background: #FEFEFE;\">Chaque ann\u00e9e, conform\u00e9ment \u00e0 nos engagements, nous publions un document synth\u00e9tique appel\u00e9 <strong>L\u2019Essentiel.<\/strong> Il est diffus\u00e9 en ao\u00fbt via notre revue trimestrielle <a title=\"enfants de partout\" href=\"https:\/\/bice.org\/fr\/actualites\/enfants-de-partout\/\" target=\"\" rel=\"noopener noreferrer\">Enfants de Partout<\/a> et pr\u00e9sente un \u00e9tat des lieux de l\u2019ann\u00e9e \u00e9coul\u00e9e : qui nous sommes, ce que nous faisons, comment nous utilisons les fonds re\u00e7us\u2026<\/p>\n<h3 id=\"comptescertifies\" style=\"text-align: justify;\"><strong>T\u00e9l\u00e9chargez L\u2019Essentiel du BICE<\/strong><\/h3>\n<ul style=\"text-align: justify;\">\n<li><a href=\"https:\/\/bice.org\/app\/uploads\/2025\/06\/LESSENTIEL-2024.pdf\" target=\"_blank\" rel=\"noopener\">L&#8217;Essentiel 2024<\/a><\/li>\n<li><a href=\"https:\/\/bice.org\/app\/uploads\/2024\/06\/LESSENTIEL-2023.pdf\" target=\"_blank\" rel=\"noopener\">L&#8217;Essentiel 2023<\/a><\/li>\n<li><a href=\"https:\/\/bice.org\/app\/uploads\/2023\/07\/LESSENTIEL-2022.pdf\" target=\"_blank\" rel=\"noopener\">L&#8217;Essentiel 2022<\/a><\/li>\n<li><a href=\"https:\/\/bice.org\/app\/uploads\/2022\/06\/LESSENTIEL2021.pdf\" target=\"_blank\" rel=\"noopener\">L&#8217;Essentiel 2021<\/a><\/li>\n<li><a href=\"https:\/\/bice.org\/app\/uploads\/2021\/06\/LESSENTIEL2020.pdf\">L&#8217;Essentiel 2020<\/a><\/li>\n<\/ul>\n<h2>Conflits d\u2019int\u00e9r\u00eat<\/h2>\n<p>Le BICE s\u2019est dot\u00e9 d\u2019une proc\u00e9dure afin d\u2019identifier, pr\u00e9venir et g\u00e9rer les situations de conflits d\u2019int\u00e9r\u00eats.<br \/>T\u00e9l\u00e9chargez un <a href=\"https:\/\/bice.org\/app\/uploads\/2025\/10\/Procedure-gestion-des-conflits-BICE-2025.pdf\" target=\"_blank\" rel=\"noopener\">r\u00e9sum\u00e9 de la proc\u00e9dure<\/a>.<\/p>\n<h2 style=\"text-align: justify;\">Des comptes certifi\u00e9s par les Commissaires aux Comptes<\/h2>\n<p style=\"text-align: justify;\">Conform\u00e9ment \u00e0 la loi, les comptes du BICE sont certifi\u00e9s par notre Commissaire aux comptes, le <a href=\"http:\/\/www.deloitte.com\/view\/fr_FR\/fr\/index.htm\" target=\"_blank\" rel=\"noopener noreferrer\">Cabinet Deloitte<\/a>.<\/p>\n<p id=\"rapportsmoraux\" style=\"text-align: justify;\"><strong>T\u00e9l\u00e9chargez les comptes annuels et le rapport des Commissaires aux comptes (PDF) :<\/strong><\/p>\n<ul style=\"text-align: justify;\">\n<li><a href=\"https:\/\/bice.org\/app\/uploads\/2025\/06\/Bice-rapport-cac-2024.pdf\" target=\"_blank\" rel=\"noopener\">Rapport Commissaire aux Comptes 2024<\/a><\/li>\n<li><a href=\"https:\/\/bice.org\/app\/uploads\/2024\/06\/Bice-rapport-cac-2023.pdf\" target=\"_blank\" rel=\"noopener\">Rapport Commissaire aux Comptes 2023<\/a><\/li>\n<li><a href=\"https:\/\/bice.org\/app\/uploads\/2023\/06\/BICE-rapport-cac-comptes-annuels-2022.pdf\" target=\"_blank\" rel=\"noopener\">Rapport Commissaire aux Comptes 2022<\/a><\/li>\n<li><a href=\"https:\/\/bice.org\/app\/uploads\/2022\/06\/BICE-rapport-cac-comptes-annuels-2021.pdf\" target=\"_blank\" rel=\"noopener\">Rapport Commissaire aux Comptes 2021<\/a><\/li>\n<li><a href=\"https:\/\/bice.org\/app\/uploads\/2021\/06\/BICE-rapport-cac-comptes-annuels-2020.pdf\" target=\"_blank\" rel=\"noopener\">Rapport Commissaire aux Comptes 2020<\/a><\/li>\n<\/ul>\n\n\n<h2 class=\"wp-block-heading\">T\u00e9l\u00e9chargez les rapports moraux et d\u2019activit\u00e9s du BICE<\/h2>\n\n\n\n<ul class=\"wp-block-list\">\n<li><a href=\"https:\/\/bice.org\/app\/uploads\/2025\/06\/BICE-RAPPORT-DACTIVITES-2024-WEB_VF.pdf\" target=\"_blank\" rel=\"noreferrer noopener\">Rapport d\u2019activit\u00e9s du BICE 2024<\/a><\/li>\n\n\n\n<li><a href=\"https:\/\/bice.org\/app\/uploads\/2024\/07\/BICE-RAPPORT-MORAL-2023-WEB_VF.pdf\" target=\"_blank\" rel=\"noreferrer noopener\">Rapport moral du BICE 2023<\/a><\/li>\n\n\n\n<li><a href=\"https:\/\/bice.org\/app\/uploads\/2023\/06\/Rapport-moral-2022.pdf\" target=\"_blank\" rel=\"noreferrer noopener\">Rapport moral du BICE 2022<\/a><\/li>\n\n\n\n<li><a href=\"https:\/\/bice.org\/app\/uploads\/2022\/06\/Rapport-moral-2021.pdf\" target=\"_blank\" rel=\"noreferrer noopener\">Rapport moral du BICE 2021<\/a><\/li>\n\n\n\n<li><a href=\"https:\/\/bice.org\/app\/uploads\/2021\/06\/Rapport-moral-2020.pdf\" target=\"_blank\" rel=\"noreferrer noopener\">Rapport moral du BICE 2020<\/a><\/li>\n<\/ul>\n\n\n\n<p>&nbsp;<\/p>\n\n\n\n<p><\/p>\n","protected":false},"excerpt":{"rendered":"<p>Retrouvez ci-dessous des informations sur la gestion financi\u00e8re du BICE, ainsi que diff\u00e9rents rapports (financier, moral, des Commissaires aux comptes et L&#8217;Essentiel). <\/p>\n","protected":false},"author":1,"featured_media":59275,"parent":8898,"menu_order":5,"comment_status":"closed","ping_status":"closed","template":"","meta":{"_acf_changed":false,"footnotes":""},"class_list":["post-1761","page","type-page","status-publish","has-post-thumbnail","hentry"],"acf":[],"yoast_head":"<!-- This site is optimized with the Yoast SEO plugin v27.2 - https:\/\/yoast.com\/product\/yoast-seo-wordpress\/ -->\n<title>Gestion financi\u00e8re du BICE<\/title>\n<meta name=\"description\" content=\"Le Bureau International Catholique de l&#039;Enfance est agr\u00e9\u00e9 par le Comit\u00e9 de la Charte du don en confiance pour sa bonne gestion financi\u00e8re.\" \/>\n<meta name=\"robots\" content=\"index, follow, max-snippet:-1, max-image-preview:large, max-video-preview:-1\" \/>\n<link rel=\"canonical\" href=\"https:\/\/bice.org\/fr\/wp-json\/wp\/v2\/pages\/1761\" \/>\n<meta property=\"og:locale\" content=\"fr_FR\" \/>\n<meta property=\"og:type\" content=\"article\" \/>\n<meta property=\"og:title\" content=\"Gestion financi\u00e8re du BICE\" \/>\n<meta property=\"og:description\" content=\"Le Bureau International Catholique de l&#039;Enfance est agr\u00e9\u00e9 par le Comit\u00e9 de la Charte du don en confiance pour sa bonne gestion financi\u00e8re.\" \/>\n<meta property=\"og:url\" content=\"https:\/\/bice.org\/fr\/le-bice\/ressources-et-emploi-des-fonds\/\" \/>\n<meta property=\"og:site_name\" content=\"BICE - ONG de protection des droits de l&#039;enfant\" \/>\n<meta property=\"article:modified_time\" content=\"2026-03-27T09:26:13+00:00\" \/>\n<meta property=\"og:image\" content=\"https:\/\/bice.org\/app\/uploads\/2021\/06\/TL_ciokapi_050612_7414-e1623754219432.jpg\" \/>\n\t<meta property=\"og:image:width\" content=\"1000\" \/>\n\t<meta property=\"og:image:height\" content=\"580\" \/>\n\t<meta property=\"og:image:type\" content=\"image\/jpeg\" \/>\n<meta name=\"twitter:card\" content=\"summary_large_image\" \/>\n<meta name=\"twitter:label1\" content=\"Dur\u00e9e de lecture estim\u00e9e\" \/>\n\t<meta name=\"twitter:data1\" content=\"3 minutes\" \/>\n<!-- \/ Yoast SEO plugin. -->","yoast_head_json":{"title":"Gestion financi\u00e8re du BICE","description":"Le Bureau International Catholique de l'Enfance est agr\u00e9\u00e9 par le Comit\u00e9 de la Charte du don en confiance pour sa bonne gestion financi\u00e8re.","robots":{"index":"index","follow":"follow","max-snippet":"max-snippet:-1","max-image-preview":"max-image-preview:large","max-video-preview":"max-video-preview:-1"},"canonical":"https:\/\/bice.org\/fr\/wp-json\/wp\/v2\/pages\/1761","og_locale":"fr_FR","og_type":"article","og_title":"Gestion financi\u00e8re du BICE","og_description":"Le Bureau International Catholique de l'Enfance est agr\u00e9\u00e9 par le Comit\u00e9 de la Charte du don en confiance pour sa bonne gestion financi\u00e8re.","og_url":"https:\/\/bice.org\/fr\/le-bice\/ressources-et-emploi-des-fonds\/","og_site_name":"BICE - ONG de protection des droits de l&#039;enfant","article_modified_time":"2026-03-27T09:26:13+00:00","og_image":[{"width":1000,"height":580,"url":"https:\/\/bice.org\/app\/uploads\/2021\/06\/TL_ciokapi_050612_7414-e1623754219432.jpg","type":"image\/jpeg"}],"twitter_card":"summary_large_image","twitter_misc":{"Dur\u00e9e de lecture estim\u00e9e":"3 minutes"},"schema":{"@context":"https:\/\/schema.org","@graph":[{"@type":"WebPage","@id":"https:\/\/bice.org\/fr\/le-bice\/ressources-et-emploi-des-fonds\/","url":"https:\/\/bice.org\/fr\/le-bice\/ressources-et-emploi-des-fonds\/","name":"Gestion financi\u00e8re du BICE","isPartOf":{"@id":"https:\/\/bice.org\/fr\/#website"},"primaryImageOfPage":{"@id":"https:\/\/bice.org\/fr\/le-bice\/ressources-et-emploi-des-fonds\/#primaryimage"},"image":{"@id":"https:\/\/bice.org\/fr\/le-bice\/ressources-et-emploi-des-fonds\/#primaryimage"},"thumbnailUrl":"https:\/\/i0.wp.com\/bice.org\/app\/uploads\/2021\/06\/TL_ciokapi_050612_7414-e1623754219432.jpg?fit=1000%2C580&ssl=1","datePublished":"2014-05-30T07:56:15+00:00","dateModified":"2026-03-27T09:26:13+00:00","description":"Le Bureau International Catholique de l'Enfance est agr\u00e9\u00e9 par le Comit\u00e9 de la Charte du don en confiance pour sa bonne gestion financi\u00e8re.","breadcrumb":{"@id":"https:\/\/bice.org\/fr\/le-bice\/ressources-et-emploi-des-fonds\/#breadcrumb"},"inLanguage":"fr-FR","potentialAction":[{"@type":"ReadAction","target":["https:\/\/bice.org\/fr\/le-bice\/ressources-et-emploi-des-fonds\/"]}]},{"@type":"ImageObject","inLanguage":"fr-FR","@id":"https:\/\/bice.org\/fr\/le-bice\/ressources-et-emploi-des-fonds\/#primaryimage","url":"https:\/\/i0.wp.com\/bice.org\/app\/uploads\/2021\/06\/TL_ciokapi_050612_7414-e1623754219432.jpg?fit=1000%2C580&ssl=1","contentUrl":"https:\/\/i0.wp.com\/bice.org\/app\/uploads\/2021\/06\/TL_ciokapi_050612_7414-e1623754219432.jpg?fit=1000%2C580&ssl=1","width":1000,"height":580,"caption":"\u00a9 Thomas Louapre"},{"@type":"BreadcrumbList","@id":"https:\/\/bice.org\/fr\/le-bice\/ressources-et-emploi-des-fonds\/#breadcrumb","itemListElement":[{"@type":"ListItem","position":1,"name":"Accueil","item":"https:\/\/bice.org\/fr\/"},{"@type":"ListItem","position":2,"name":"Le BICE, une ONG de protection des droits de l&#8217;enfant","item":"https:\/\/bice.org\/fr\/le-bice\/"},{"@type":"ListItem","position":3,"name":"Ressources et emploi des fonds"}]},{"@type":"WebSite","@id":"https:\/\/bice.org\/fr\/#website","url":"https:\/\/bice.org\/fr\/","name":"BICE - ONG de protection des droits de l&#039;enfant","description":"Notre mission : D\u00e9fendre les droits et la dignit\u00e9 des enfants partout dans le monde","publisher":{"@id":"https:\/\/bice.org\/fr\/#organization"},"potentialAction":[{"@type":"SearchAction","target":{"@type":"EntryPoint","urlTemplate":"https:\/\/bice.org\/fr\/?s={search_term_string}"},"query-input":{"@type":"PropertyValueSpecification","valueRequired":true,"valueName":"search_term_string"}}],"inLanguage":"fr-FR"},{"@type":"Organization","@id":"https:\/\/bice.org\/fr\/#organization","name":"BICE","url":"https:\/\/bice.org\/fr\/","logo":{"@type":"ImageObject","inLanguage":"fr-FR","@id":"https:\/\/bice.org\/fr\/#\/schema\/logo\/image\/","url":"https:\/\/bice.org\/app\/uploads\/2022\/06\/favicon.ico","contentUrl":"https:\/\/bice.org\/app\/uploads\/2022\/06\/favicon.ico","width":64,"height":64,"caption":"BICE"},"image":{"@id":"https:\/\/bice.org\/fr\/#\/schema\/logo\/image\/"}}]}},"jetpack_sharing_enabled":true,"_links":{"self":[{"href":"https:\/\/bice.org\/fr\/wp-json\/wp\/v2\/pages\/1761","targetHints":{"allow":["GET"]}}],"collection":[{"href":"https:\/\/bice.org\/fr\/wp-json\/wp\/v2\/pages"}],"about":[{"href":"https:\/\/bice.org\/fr\/wp-json\/wp\/v2\/types\/page"}],"author":[{"embeddable":true,"href":"https:\/\/bice.org\/fr\/wp-json\/wp\/v2\/users\/1"}],"replies":[{"embeddable":true,"href":"https:\/\/bice.org\/fr\/wp-json\/wp\/v2\/comments?post=1761"}],"version-history":[{"count":10,"href":"https:\/\/bice.org\/fr\/wp-json\/wp\/v2\/pages\/1761\/revisions"}],"predecessor-version":[{"id":317014,"href":"https:\/\/bice.org\/fr\/wp-json\/wp\/v2\/pages\/1761\/revisions\/317014"}],"up":[{"embeddable":true,"href":"https:\/\/bice.org\/fr\/wp-json\/wp\/v2\/pages\/8898"}],"wp:featuredmedia":[{"embeddable":true,"href":"https:\/\/bice.org\/fr\/wp-json\/wp\/v2\/media\/59275"}],"wp:attachment":[{"href":"https:\/\/bice.org\/fr\/wp-json\/wp\/v2\/media?parent=1761"}],"curies":[{"name":"wp","href":"https:\/\/api.w.org\/{rel}","templated":true}]}}