{"id":176127,"date":"2024-04-11T17:22:56","date_gmt":"2024-04-11T15:22:56","guid":{"rendered":"https:\/\/bice.org\/?page_id=176127"},"modified":"2025-11-18T16:03:51","modified_gmt":"2025-11-18T15:03:51","slug":"revue-de-presse","status":"publish","type":"page","link":"https:\/\/bice.org\/fr\/actualites\/on-parle-de-nous\/revue-de-presse\/","title":{"rendered":"Revue de presse"},"content":{"rendered":"\n<p>Pour toute information compl\u00e9mentaire, n\u2019h\u00e9sitez pas \u00e0 nous contacter.<br>T\u00e9l : 01 53 35 01 00<\/p>\n\n\n\n<h2 class=\"wp-block-heading\">2025<\/h2>\n\n\n\n<p><strong>Radio Notre Dame <\/strong>\u2013 F\u00e9vrier 2025<br>Interview d\u2019Alessandra Aula, Secr\u00e9taire g\u00e9n\u00e9rale du BICE, au sujet de la crise humanitaire et des combats au Nord-Kivu, \u00e0 l\u2019est de la R\u00e9publique d\u00e9mocratique du Congo, o\u00f9 le BICE agit avec trois partenaires locaux.<br><a href=\"https:\/\/radionotredame.net\/podcasts\/RND170\" target=\"_blank\" rel=\"noreferrer noopener\">Portrait en direct ou podcast &#8211; Radio Notre Dame<\/a><\/p>\n\n\n\n<p><strong>KTO Radio \/ L&#8217;invit\u00e9 de la Matinale <\/strong>\u2013 F\u00e9vrier 2025<br>Interview d\u2019Alessandra Aula, Secr\u00e9taire g\u00e9n\u00e9rale du BICE, sur les droits de l\u2019enfant et l\u2019engagement de l\u2019\u00c9glise, \u00e0 l\u2019occasion du sommet international sur le droit des enfants organis\u00e9 \u00e0 l\u2019appel du pape Fran\u00e7ois.<br><a href=\"https:\/\/www.youtube.com\/watch?v=gpYq80KWsuY\" target=\"_blank\" rel=\"noreferrer noopener\">https:\/\/www.youtube.com\/watch?v=gpYq80KWsuY<\/a><\/p>\n\n\n\n<p><strong>KTO \u2013<\/strong> Janvier 2025<br>Reportage sur les actions men\u00e9es au Togo, avec notre partenaire local le BNCE-Togo ,dans le cadre du projet de r\u00e9insertion sociale des enfants ayant \u00e9t\u00e9 en conflit avec la loi Enfance sans Barreaux.<br><a href=\"https:\/\/www.ktotv.com\/video\/00443115\/reportage-du-30-janvier-2025\" target=\"_blank\" rel=\"noreferrer noopener\">https:\/\/www.ktotv.com\/video\/00443115\/reportage-du-30-janvier-2025<\/a><\/p>\n\n\n\n<h2 class=\"wp-block-heading\">2024<\/h2>\n\n\n\n<p><strong>Radio Cit\u00e9 Gen\u00e8ve<\/strong> \u2013 Septembre 2024<br>Interview de B\u00e9atrice Bitenda Ciunza du BNCE RD Congo, membre du r\u00e9seau BICE, au sujet de la justice juv\u00e9nile et de l&#8217;acc\u00e8s \u00e0 l&#8217;\u00e9ducation \u00e0 l&#8217;approche de l&#8217;Examen p\u00e9riodique universel de ce pays.<\/p>\n\n\n\n<p><strong>Radio Cit\u00e9 Gen\u00e8ve<\/strong> \u2013 Septembre 2024<br>Interview d&#8217;\u00c9ric Memel Digbe de DDE-CI, membre du r\u00e9seau BICE, sur une action de plaidoyer en faveur d&#8217;une am\u00e9lioration du syst\u00e8me judiciaire pour mineurs lors de la 47e pr\u00e9-session de l&#8217;EPU de la C\u00f4te d&#8217;Ivoire.<\/p>\n\n\n\n<p id=\"block-a0cc16c0-90e9-42dc-b4c4-5c7767ac5321\"><strong>Patapon<\/strong>&nbsp;\u2013 Juillet-Ao\u00fbt 2024<br>Article sur la vaccination des enfants au Togo.<br><a href=\"https:\/\/www.librairietequi.com\/magazine-patapon-n-519-juillet-aout-2024.html\" target=\"_blank\" rel=\"noreferrer noopener\">https:\/\/www.librairietequi.com\/magazine-patapon-n-519-juillet-aout-2024.html<\/a><\/p>\n\n\n\n<p><strong>KTO Radio<\/strong> \u2013 Mai 2024<br>Interview d\u2019Emmanuel Kazige, directeur de Ghovodi &#8211; R\u00e9publique d\u00e9mocratique du Congo &#8211; membre du r\u00e9seau BICE \u2013 au sujet de l\u2019explosion d\u00e9mographique en Afrique et de la protection des enfants \u00e0 l\u2019occasion de la Journ\u00e9e mondiale de l\u2019enfance.<br><a href=\"https:\/\/www.ktoradio.com\/podcasts\/linvite-de-la-matinale\" target=\"_blank\" rel=\"noreferrer noopener\">https:\/\/www.ktoradio.com\/podcasts\/linvite-de-la-matinale<\/a><\/p>\n\n\n\n<p><strong>La Vie<\/strong>&nbsp;\u2013 Mai 2024<br>Article sur&nbsp;l\u2019acc\u00e8s \u00e0 l\u2019\u00e9ducation des enfants des rues en Inde citant la directrice d\u2019Aina Trust, membre du r\u00e9seau du BICE.<br>Dans le magazine :<br><a href=\"https:\/\/kiosque.lavie.fr\/reader\/preview\/fa855b97-c999-4e95-a4b7-22c67677c349\" target=\"_blank\" rel=\"noreferrer noopener\">https:\/\/kiosque.lavie.fr\/reader\/preview\/fa855b97-c999-4e95-a4b7-22c67677c349<\/a><br>Et sur le site :<br><a href=\"https:\/\/www.lavie.fr\/actualite\/solidarite\/inde-avec-lassociation-les-galopins-de-calcutta-les-enfants-des-rues-retrouvent-de-lespoir-94164.php\" target=\"_blank\" rel=\"noreferrer noopener\">https:\/\/www.lavie.fr\/actualite\/solidarite\/inde-avec-lassociation-les-galopins-de-calcutta-les-enfants-des-rues-retrouvent-de-lespoir-94164.php<\/a><\/p>\n\n\n\n<p><strong>Patapon<\/strong> \u2013 Mars 2024<br>Article sur les enfants en situation d&#8217;extr\u00eame pauvret\u00e9 au Liban.<br><a href=\"https:\/\/www.librairietequi.com\/magazine-patapon-n-515-mars-2024.html\" target=\"_blank\" rel=\"noreferrer noopener\">https:\/\/www.librairietequi.com\/magazine-patapon-n-515-mars-2024.html<\/a><\/p>\n\n\n\n<p><\/p>\n\n\n\n<h2 class=\"wp-block-heading\">2023<\/h2>\n\n\n\n<p><strong>KTO<\/strong> \u2013 Novembre 2023<br>Reportage sur le projet <a href=\"https:\/\/bice.org\/fr\/handicap-projet-faire-tomber-les-barrieres-en-georgie\/\">Faire tomber les barri\u00e8res<\/a> en G\u00e9orgie.<br><a href=\"https:\/\/www.ktotv.com\/video\/00430341\/georgie-un-projet-pour-soutenir-les-enfants-en-situation-de-handicap\" target=\"_blank\" rel=\"noreferrer noopener\">https:\/\/www.ktotv.com\/video\/00430341\/georgie-un-projet-pour-soutenir-les-enfants-en-situation-de-handicap<\/a><\/p>\n\n\n\n<p><strong>La Vie<\/strong> \u2013 Novembre 2023<br>Article sur <a href=\"https:\/\/bice.org\/fr\/resilience-offrir-des-perspectives-davenir-aux-enfants-deplaces-en-armenie-projet-2024-2025\/\">l\u2019accompagnement des d\u00e9plac\u00e9s de force du Haut-Karabakh<\/a> par le partenaire du BICE en Arm\u00e9nie.<br>Dans le magazine :<br><a href=\"https:\/\/kiosque.lavie.fr\/reader\/preview\/93402f45-18b2-4731-8e27-c88715f6b75d\" target=\"_blank\" rel=\"noreferrer noopener\">https:\/\/kiosque.lavie.fr\/reader\/preview\/93402f45-18b2-4731-8e27-c88715f6b75d<\/a><br>Et sur le site :<br><a href=\"https:\/\/www.lavie.fr\/actualite\/geopolitique\/en-armenie-ils-aident-les-enfants-a-soigner-leurs-traumatismes-91151.php\" target=\"_blank\" rel=\"noreferrer noopener\">https:\/\/www.lavie.fr\/actualite\/geopolitique\/en-armenie-ils-aident-les-enfants-a-soigner-leurs-traumatismes-91151.php<\/a><\/p>\n\n\n\n<p><strong>France catholique<\/strong> \u2013 Septembre 2023<br>Mention du BICE dans le num\u00e9ro du 08\/09\/2023 sur le P\u00e8re Courtois, fondateur du BICE.<br><a href=\"https:\/\/www.france-catholique.fr\/gaston-courtois-modele-deducateur-chretien.html\" target=\"_blank\" rel=\"noreferrer noopener\">https:\/\/www.france-catholique.fr\/gaston-courtois-modele-deducateur-chretien.html<\/a><br>Interview de V\u00e9ronique Brossier du BICE sur le site :<br><a href=\"https:\/\/www.france-catholique.fr\/le-bice-defendre-la-dignite-des-enfants.html\" target=\"_blank\" rel=\"noreferrer noopener\">https:\/\/www.france-catholique.fr\/le-bice-defendre-la-dignite-des-enfants.html<\/a><\/p>\n\n\n\n<p><strong>Patapon<\/strong> \u2013 Mars 2023 et septembre 2023<br>Article sur l\u2019Arm\u00e9nie dans le num\u00e9ro de mars et sur le soutien scolaire au Guatemala dans le num\u00e9ro de septembre.<br><a href=\"https:\/\/www.librairietequi.com\/?view=selection&amp;code=Anciens_numeros\" target=\"_blank\" rel=\"noreferrer noopener\">https:\/\/www.librairietequi.com\/?view=selection&amp;code=Anciens_numeros<\/a><\/p>\n\n\n\n<p><\/p>\n\n\n\n<h2 class=\"wp-block-heading\">2022<\/h2>\n\n\n\n<p><strong>Patapon<\/strong> \u2013 Mai et d\u00e9cembre 2022<br>Article sur le droit \u00e0 l\u2019\u00e9ducation au Cambodge dans le num\u00e9ro de mai et sur le droit \u00e0 l\u2019identit\u00e9 au Togo dans le num\u00e9ro de d\u00e9cembre.<br><a href=\"https:\/\/www.librairietequi.com\/?view=selection&amp;code=Anciens_numeros\" target=\"_blank\" rel=\"noreferrer noopener\">https:\/\/www.librairietequi.com\/?view=selection&amp;code=Anciens_numeros<\/a><\/p>\n\n\n\n<p><strong>Radio Notre Dame<\/strong> \u2013 Novembre 2022<br>Participation de Thomas d\u2019Aquin Rubambura de Peder (RDC) et de V\u00e9ronique Brossier du BICE \u00e0 l\u2019\u00e9mission Philantropia du 15 novembre.<\/p>\n\n\n\n<p><strong>KTO<\/strong> \u2013Novembre 2022<br>Interview d\u2019Alessandra Aula \u00e0 l\u2019occasion de la Journ\u00e9e mondiale de l\u2019enfance.<br><a href=\"https:\/\/www.ktotv.com\/video\/00417880\/eglises-du-monde-du-17-novembre-2022\" target=\"_blank\" rel=\"noreferrer noopener\">https:\/\/www.ktotv.com\/video\/00417880\/eglises-du-monde-du-17-novembre-2022<\/a><\/p>\n\n\n\n<p><strong>Zenith<\/strong> \u2013 Mars 2022<br>Article mentionnant la contribution du BICE \u00e0 l\u2019initiative \u00ab Femmes docteurs de l\u2019\u00c9glise et patronnes de l\u2019Europe en dialogue avec le monde d\u2019aujourd\u2019hui \u00bb.<\/p>\n\n\n\n<p><\/p>\n\n\n\n<p><a href=\"https:\/\/bice.org\/fr\/revue-de-presse-2021\/\">Retrouvez la revue de presse 2021<\/a><br><a href=\"https:\/\/bice.org\/fr\/revues-de-presse-2020\/\">Retrouvez la revue de presse 2020<\/a><br><a href=\"https:\/\/bice.org\/fr\/revues-de-presse-2019\/\">Retrouvez la revue de presse 2019<\/a><\/p>\n","protected":false},"excerpt":{"rendered":"<p>ON PARLE DU BICE\u2026 Vous trouverez ci-dessous les revues de presse annuelles li\u00e9es aux actualit\u00e9s et aux projets du BICE.<\/p>\n","protected":false},"author":18,"featured_media":46813,"parent":9376,"menu_order":0,"comment_status":"closed","ping_status":"closed","template":"","meta":{"_acf_changed":false,"footnotes":""},"class_list":["post-176127","page","type-page","status-publish","has-post-thumbnail","hentry"],"acf":[],"yoast_head":"<!-- This site is optimized with the Yoast SEO plugin v27.2 - https:\/\/yoast.com\/product\/yoast-seo-wordpress\/ -->\n<title>Revue de presse - BICE - ONG de protection des droits de l&#039;enfant<\/title>\n<meta name=\"description\" content=\"R\u00e9capitulatif des articles citant le BICE dans les m\u00e9dias de presse \u00e9crite et audiovisuels en 2022, 2023 et 2024\" \/>\n<meta name=\"robots\" content=\"index, follow, max-snippet:-1, max-image-preview:large, max-video-preview:-1\" \/>\n<link rel=\"canonical\" href=\"https:\/\/bice.org\/fr\/wp-json\/wp\/v2\/pages\/176127\" \/>\n<meta property=\"og:locale\" content=\"fr_FR\" \/>\n<meta property=\"og:type\" content=\"article\" \/>\n<meta property=\"og:title\" content=\"Revue de presse - BICE - ONG de protection des droits de l&#039;enfant\" \/>\n<meta property=\"og:description\" content=\"R\u00e9capitulatif des articles citant le BICE dans les m\u00e9dias de presse \u00e9crite et audiovisuels en 2022, 2023 et 2024\" \/>\n<meta property=\"og:url\" content=\"https:\/\/bice.org\/fr\/actualites\/on-parle-de-nous\/revue-de-presse\/\" \/>\n<meta property=\"og:site_name\" content=\"BICE - ONG de protection des droits de l&#039;enfant\" \/>\n<meta property=\"article:modified_time\" content=\"2025-11-18T15:03:51+00:00\" \/>\n<meta property=\"og:image\" content=\"https:\/\/i0.wp.com\/bice.org\/app\/uploads\/2020\/05\/convention-Lanzarote-e1726056699317.jpg?fit=760%2C432&ssl=1\" \/>\n\t<meta property=\"og:image:width\" content=\"760\" \/>\n\t<meta property=\"og:image:height\" content=\"432\" \/>\n\t<meta property=\"og:image:type\" content=\"image\/jpeg\" \/>\n<meta name=\"twitter:card\" content=\"summary_large_image\" \/>\n<meta name=\"twitter:label1\" content=\"Dur\u00e9e de lecture estim\u00e9e\" \/>\n\t<meta name=\"twitter:data1\" content=\"3 minutes\" \/>\n<!-- \/ Yoast SEO plugin. -->","yoast_head_json":{"title":"Revue de presse - BICE - ONG de protection des droits de l&#039;enfant","description":"R\u00e9capitulatif des articles citant le BICE dans les m\u00e9dias de presse \u00e9crite et audiovisuels en 2022, 2023 et 2024","robots":{"index":"index","follow":"follow","max-snippet":"max-snippet:-1","max-image-preview":"max-image-preview:large","max-video-preview":"max-video-preview:-1"},"canonical":"https:\/\/bice.org\/fr\/wp-json\/wp\/v2\/pages\/176127","og_locale":"fr_FR","og_type":"article","og_title":"Revue de presse - BICE - ONG de protection des droits de l&#039;enfant","og_description":"R\u00e9capitulatif des articles citant le BICE dans les m\u00e9dias de presse \u00e9crite et audiovisuels en 2022, 2023 et 2024","og_url":"https:\/\/bice.org\/fr\/actualites\/on-parle-de-nous\/revue-de-presse\/","og_site_name":"BICE - ONG de protection des droits de l&#039;enfant","article_modified_time":"2025-11-18T15:03:51+00:00","og_image":[{"width":760,"height":432,"url":"https:\/\/i0.wp.com\/bice.org\/app\/uploads\/2020\/05\/convention-Lanzarote-e1726056699317.jpg?fit=760%2C432&ssl=1","type":"image\/jpeg"}],"twitter_card":"summary_large_image","twitter_misc":{"Dur\u00e9e de lecture estim\u00e9e":"3 minutes"},"schema":{"@context":"https:\/\/schema.org","@graph":[{"@type":"WebPage","@id":"https:\/\/bice.org\/fr\/actualites\/on-parle-de-nous\/revue-de-presse\/","url":"https:\/\/bice.org\/fr\/actualites\/on-parle-de-nous\/revue-de-presse\/","name":"Revue de presse - BICE - ONG de protection des droits de l&#039;enfant","isPartOf":{"@id":"https:\/\/bice.org\/fr\/#website"},"primaryImageOfPage":{"@id":"https:\/\/bice.org\/fr\/actualites\/on-parle-de-nous\/revue-de-presse\/#primaryimage"},"image":{"@id":"https:\/\/bice.org\/fr\/actualites\/on-parle-de-nous\/revue-de-presse\/#primaryimage"},"thumbnailUrl":"https:\/\/i0.wp.com\/bice.org\/app\/uploads\/2020\/05\/convention-Lanzarote-e1726056699317.jpg?fit=760%2C432&ssl=1","datePublished":"2024-04-11T15:22:56+00:00","dateModified":"2025-11-18T15:03:51+00:00","description":"R\u00e9capitulatif des articles citant le BICE dans les m\u00e9dias de presse \u00e9crite et audiovisuels en 2022, 2023 et 2024","breadcrumb":{"@id":"https:\/\/bice.org\/fr\/actualites\/on-parle-de-nous\/revue-de-presse\/#breadcrumb"},"inLanguage":"fr-FR","potentialAction":[{"@type":"ReadAction","target":["https:\/\/bice.org\/fr\/actualites\/on-parle-de-nous\/revue-de-presse\/"]}]},{"@type":"ImageObject","inLanguage":"fr-FR","@id":"https:\/\/bice.org\/fr\/actualites\/on-parle-de-nous\/revue-de-presse\/#primaryimage","url":"https:\/\/i0.wp.com\/bice.org\/app\/uploads\/2020\/05\/convention-Lanzarote-e1726056699317.jpg?fit=760%2C432&ssl=1","contentUrl":"https:\/\/i0.wp.com\/bice.org\/app\/uploads\/2020\/05\/convention-Lanzarote-e1726056699317.jpg?fit=760%2C432&ssl=1","width":760,"height":432,"caption":"Convention Lanzarote"},{"@type":"BreadcrumbList","@id":"https:\/\/bice.org\/fr\/actualites\/on-parle-de-nous\/revue-de-presse\/#breadcrumb","itemListElement":[{"@type":"ListItem","position":1,"name":"Accueil","item":"https:\/\/bice.org\/fr\/"},{"@type":"ListItem","position":2,"name":"Actualit\u00e9s du BICE","item":"https:\/\/bice.org\/fr\/actualites\/"},{"@type":"ListItem","position":3,"name":"On parle de nous","item":"https:\/\/bice.org\/fr\/actualites\/on-parle-de-nous\/"},{"@type":"ListItem","position":4,"name":"Revue de presse"}]},{"@type":"WebSite","@id":"https:\/\/bice.org\/fr\/#website","url":"https:\/\/bice.org\/fr\/","name":"BICE - ONG de protection des droits de l&#039;enfant","description":"Notre mission : D\u00e9fendre les droits et la dignit\u00e9 des enfants partout dans le monde","publisher":{"@id":"https:\/\/bice.org\/fr\/#organization"},"potentialAction":[{"@type":"SearchAction","target":{"@type":"EntryPoint","urlTemplate":"https:\/\/bice.org\/fr\/?s={search_term_string}"},"query-input":{"@type":"PropertyValueSpecification","valueRequired":true,"valueName":"search_term_string"}}],"inLanguage":"fr-FR"},{"@type":"Organization","@id":"https:\/\/bice.org\/fr\/#organization","name":"BICE","url":"https:\/\/bice.org\/fr\/","logo":{"@type":"ImageObject","inLanguage":"fr-FR","@id":"https:\/\/bice.org\/fr\/#\/schema\/logo\/image\/","url":"https:\/\/bice.org\/app\/uploads\/2022\/06\/favicon.ico","contentUrl":"https:\/\/bice.org\/app\/uploads\/2022\/06\/favicon.ico","width":64,"height":64,"caption":"BICE"},"image":{"@id":"https:\/\/bice.org\/fr\/#\/schema\/logo\/image\/"}}]}},"jetpack_sharing_enabled":true,"_links":{"self":[{"href":"https:\/\/bice.org\/fr\/wp-json\/wp\/v2\/pages\/176127","targetHints":{"allow":["GET"]}}],"collection":[{"href":"https:\/\/bice.org\/fr\/wp-json\/wp\/v2\/pages"}],"about":[{"href":"https:\/\/bice.org\/fr\/wp-json\/wp\/v2\/types\/page"}],"author":[{"embeddable":true,"href":"https:\/\/bice.org\/fr\/wp-json\/wp\/v2\/users\/18"}],"replies":[{"embeddable":true,"href":"https:\/\/bice.org\/fr\/wp-json\/wp\/v2\/comments?post=176127"}],"version-history":[{"count":10,"href":"https:\/\/bice.org\/fr\/wp-json\/wp\/v2\/pages\/176127\/revisions"}],"predecessor-version":[{"id":314700,"href":"https:\/\/bice.org\/fr\/wp-json\/wp\/v2\/pages\/176127\/revisions\/314700"}],"up":[{"embeddable":true,"href":"https:\/\/bice.org\/fr\/wp-json\/wp\/v2\/pages\/9376"}],"wp:featuredmedia":[{"embeddable":true,"href":"https:\/\/bice.org\/fr\/wp-json\/wp\/v2\/media\/46813"}],"wp:attachment":[{"href":"https:\/\/bice.org\/fr\/wp-json\/wp\/v2\/media?parent=176127"}],"curies":[{"name":"wp","href":"https:\/\/api.w.org\/{rel}","templated":true}]}}