{"id":1776,"date":"2014-05-30T14:07:07","date_gmt":"2014-05-30T14:07:07","guid":{"rendered":"https:\/\/bice.org\/fr\/benevolat\/"},"modified":"2024-04-17T10:37:40","modified_gmt":"2024-04-17T08:37:40","slug":"benevolat","status":"publish","type":"page","link":"https:\/\/bice.org\/fr\/nous-soutenir\/nous-rejoindre\/benevolat\/","title":{"rendered":"Faire du b\u00e9n\u00e9volat avec le BICE"},"content":{"rendered":"\n<h3 class=\"wp-block-heading\">Pourquoi faire du b\u00e9n\u00e9volat avec le BICE ?<\/h3>\n\n\n\n<p>Le Bureau International Catholique de l\u2019Enfance (BICE) est une association \u00e0 but non lucratif, engag\u00e9e pour d\u00e9fendre la dignit\u00e9 et les droits des enfants. Les moyens de notre ONG sont limit\u00e9s. Nous les destinons autant que possible \u00e0 nos missions et cherchons \u00e0 contenir nos frais de fonctionnement. Gr\u00e2ce aux b\u00e9n\u00e9voles, notre association peut se concentrer sur ses objectifs et agir toujours plus efficacement en faveur des enfants.<\/p>\n\n\n\n<h3 class=\"wp-block-heading\">Qu\u2019est-ce que le b\u00e9n\u00e9volat m\u2019apporte ?<\/h3>\n\n\n\n<p>Le BICE vous permet de valoriser ou de d\u00e9velopper vos comp\u00e9tences. Votre engagement associatif sera l\u2019occasion de rencontrer des salari\u00e9s et b\u00e9n\u00e9voles de tous horizons. Nous mettons un point d\u2019honneur \u00e0 vous accueillir chaleureusement \u00e0 chacune de vos venues. Deux fois par an, nous organisons un go\u00fbter des b\u00e9n\u00e9voles, qui permet \u00e0 chacun d\u2019\u00e9changer sur ses missions.<\/p>\n\n\n\n<p>Le b\u00e9n\u00e9volat avec le Bureau International Catholique de l\u2019Enfance vous permettra de d\u00e9couvrir le fonctionnement d\u2019une ONG de protection de l\u2019enfance. Vous serez impliqu\u00e9 au c\u0153ur des missions de l\u2019association.<\/p>\n\n\n\n<h3 class=\"wp-block-heading\">Le b\u00e9n\u00e9volat \u00e0 Paris : quelles seront mes missions ?<\/h3>\n\n\n\n<ul class=\"wp-block-list\">\n<li>Classement de documents<\/li>\n\n\n\n<li>T\u00e2ches administratives, manuelles ou informatiques<\/li>\n\n\n\n<li>Traduction : du fran\u00e7ais vers l\u2019anglais ou l\u2019espagnol.<\/li>\n\n\n\n<li>Appui lors de nos \u00e9v\u00e9nements : accueil des visiteurs, animations, tenue de stand, recherche de mat\u00e9riel, sous-titrage de films\u2026<\/li>\n<\/ul>\n\n\n\n<p>Le b\u00e9n\u00e9volat \u00e0 Paris peut \u00eatre ponctuel ou r\u00e9gulier. Nous adaptons vos missions en fonction du temps que vous pouvez consacrer \u00e0 cet engagement associatif.<\/p>\n\n\n\n<p>Retrouvez les diff\u00e9rentes missions que nous proposons sur le site Espace B\u00e9n\u00e9volat : <a href=\"http:\/\/www.espacebenevolat.org\">www.espacebenevolat.org<\/a><\/p>\n\n\n\n<p>N\u2019h\u00e9sitez pas \u00e0 prendre contact avec nous pour en discuter : <strong>01 53 35 01 00<\/strong> ou par <a href=\"https:\/\/bice.org\/fr\/contact\/\">mail<\/a>.<\/p>\n\n\n\n<h3 class=\"wp-block-heading\">Le b\u00e9n\u00e9volat \u00e0 l\u2019\u00e9tranger est-il possible ?<\/h3>\n\n\n\n<p>Notre association catholique n\u2019envoie de mani\u00e8re r\u00e9guli\u00e8re ni b\u00e9n\u00e9voles ni volontaires de solidarit\u00e9 internationale sur les projets de terrain, qui sont g\u00e9r\u00e9s en direct par des associations locales partenaires. Certaines demandes tr\u00e8s sp\u00e9cifiques peuvent au cas par cas \u00eatre transmises \u00e0 nos partenaires.<\/p>\n\n\n\n<h3 class=\"wp-block-heading\">T\u00e9moignages<\/h3>\n\n\n\n<blockquote class=\"wp-block-quote is-layout-flow wp-block-quote-is-layout-flow\">\n<p>Faire du b\u00e9n\u00e9volat au BICE me permet de contribuer, \u00e0 une \u00e9chelle tr\u00e8s modeste, aux actions faites sur le terrain car nous d\u00e9gageons du temps \u00e0 ceux qui travaillent au sein de l\u2019ONG.<\/p>\n<cite>Anne-Catherine, b\u00e9n\u00e9vole au BICE<\/cite><\/blockquote>\n\n\n\n<h4 class=\"wp-block-heading\">Ludivine, Apolline et Selymata, \u00e9tudiantes et b\u00e9n\u00e9voles au congr\u00e8s organis\u00e9 par le BICE<\/h4>\n\n\n\n<ul class=\"wp-block-list\">\n<li>&#8220;J\u2019avais envie d\u2019aider et d\u2019\u00eatre utile.&#8221;<\/li>\n\n\n\n<li>&#8220;Je suis tr\u00e8s contente, c\u2019est une tr\u00e8s bonne exp\u00e9rience.&#8221;<\/li>\n\n\n\n<li>&#8220;Le b\u00e9n\u00e9volat ? Je le referais sans h\u00e9siter !&#8221;<\/li>\n<\/ul>\n","protected":false},"excerpt":{"rendered":"<p>Pour soutenir les missions de l\u2019association, le BICE est toujours \u00e0 la recherche de b\u00e9n\u00e9voles, notamment \u00e0 Paris. Notre association catholique vous permet de d\u00e9velopper vos comp\u00e9tences (animation, archivage, accueil\u2026), au service de la d\u00e9fense des droits de l\u2019enfant. Si l\u2019engagement associatif vous tente, n\u2019h\u00e9sitez pas \u00e0 prendre contact avec nous !<\/p>\n","protected":false},"author":1,"featured_media":145254,"parent":10214,"menu_order":2,"comment_status":"closed","ping_status":"closed","template":"","meta":{"_acf_changed":false,"footnotes":""},"class_list":["post-1776","page","type-page","status-publish","has-post-thumbnail","hentry"],"acf":[],"yoast_head":"<!-- This site is optimized with the Yoast SEO plugin v27.2 - https:\/\/yoast.com\/product\/yoast-seo-wordpress\/ -->\n<title>Faire du b\u00e9n\u00e9volat avec le BICE<\/title>\n<meta name=\"description\" content=\"S&#039;engager dans une mission de b\u00e9n\u00e9volat au BICE, c&#039;est oeuvrer pour la dignit\u00e9 et les droits de l&#039;enfant \u00e0 travers le monde.\" \/>\n<meta name=\"robots\" content=\"index, follow, max-snippet:-1, max-image-preview:large, max-video-preview:-1\" \/>\n<link rel=\"canonical\" href=\"https:\/\/bice.org\/fr\/wp-json\/wp\/v2\/pages\/1776\" \/>\n<meta property=\"og:locale\" content=\"fr_FR\" \/>\n<meta property=\"og:type\" content=\"article\" \/>\n<meta property=\"og:title\" content=\"Faire du b\u00e9n\u00e9volat avec le BICE\" \/>\n<meta property=\"og:description\" content=\"S&#039;engager dans une mission de b\u00e9n\u00e9volat au BICE, c&#039;est oeuvrer pour la dignit\u00e9 et les droits de l&#039;enfant \u00e0 travers le monde.\" \/>\n<meta property=\"og:url\" content=\"https:\/\/bice.org\/fr\/nous-soutenir\/nous-rejoindre\/benevolat\/\" \/>\n<meta property=\"og:site_name\" content=\"BICE - ONG de protection des droits de l&#039;enfant\" \/>\n<meta property=\"article:modified_time\" content=\"2024-04-17T08:37:40+00:00\" \/>\n<meta property=\"og:image\" content=\"https:\/\/i0.wp.com\/bice.org\/app\/uploads\/2023\/04\/Visuel-Don-benevolat.webp?fit=1000%2C580&ssl=1\" \/>\n\t<meta property=\"og:image:width\" content=\"1000\" \/>\n\t<meta property=\"og:image:height\" content=\"580\" \/>\n\t<meta property=\"og:image:type\" content=\"image\/webp\" \/>\n<meta name=\"twitter:card\" content=\"summary_large_image\" \/>\n<meta name=\"twitter:label1\" content=\"Dur\u00e9e de lecture estim\u00e9e\" \/>\n\t<meta name=\"twitter:data1\" content=\"2 minutes\" \/>\n<!-- \/ Yoast SEO plugin. -->","yoast_head_json":{"title":"Faire du b\u00e9n\u00e9volat avec le BICE","description":"S'engager dans une mission de b\u00e9n\u00e9volat au BICE, c'est oeuvrer pour la dignit\u00e9 et les droits de l'enfant \u00e0 travers le monde.","robots":{"index":"index","follow":"follow","max-snippet":"max-snippet:-1","max-image-preview":"max-image-preview:large","max-video-preview":"max-video-preview:-1"},"canonical":"https:\/\/bice.org\/fr\/wp-json\/wp\/v2\/pages\/1776","og_locale":"fr_FR","og_type":"article","og_title":"Faire du b\u00e9n\u00e9volat avec le BICE","og_description":"S'engager dans une mission de b\u00e9n\u00e9volat au BICE, c'est oeuvrer pour la dignit\u00e9 et les droits de l'enfant \u00e0 travers le monde.","og_url":"https:\/\/bice.org\/fr\/nous-soutenir\/nous-rejoindre\/benevolat\/","og_site_name":"BICE - ONG de protection des droits de l&#039;enfant","article_modified_time":"2024-04-17T08:37:40+00:00","og_image":[{"width":1000,"height":580,"url":"https:\/\/i0.wp.com\/bice.org\/app\/uploads\/2023\/04\/Visuel-Don-benevolat.webp?fit=1000%2C580&ssl=1","type":"image\/webp"}],"twitter_card":"summary_large_image","twitter_misc":{"Dur\u00e9e de lecture estim\u00e9e":"2 minutes"},"schema":{"@context":"https:\/\/schema.org","@graph":[{"@type":"WebPage","@id":"https:\/\/bice.org\/fr\/nous-soutenir\/nous-rejoindre\/benevolat\/","url":"https:\/\/bice.org\/fr\/nous-soutenir\/nous-rejoindre\/benevolat\/","name":"Faire du b\u00e9n\u00e9volat avec le BICE","isPartOf":{"@id":"https:\/\/bice.org\/fr\/#website"},"primaryImageOfPage":{"@id":"https:\/\/bice.org\/fr\/nous-soutenir\/nous-rejoindre\/benevolat\/#primaryimage"},"image":{"@id":"https:\/\/bice.org\/fr\/nous-soutenir\/nous-rejoindre\/benevolat\/#primaryimage"},"thumbnailUrl":"https:\/\/i0.wp.com\/bice.org\/app\/uploads\/2023\/04\/Visuel-Don-benevolat.webp?fit=1000%2C580&ssl=1","datePublished":"2014-05-30T14:07:07+00:00","dateModified":"2024-04-17T08:37:40+00:00","description":"S'engager dans une mission de b\u00e9n\u00e9volat au BICE, c'est oeuvrer pour la dignit\u00e9 et les droits de l'enfant \u00e0 travers le monde.","breadcrumb":{"@id":"https:\/\/bice.org\/fr\/nous-soutenir\/nous-rejoindre\/benevolat\/#breadcrumb"},"inLanguage":"fr-FR","potentialAction":[{"@type":"ReadAction","target":["https:\/\/bice.org\/fr\/nous-soutenir\/nous-rejoindre\/benevolat\/"]}]},{"@type":"ImageObject","inLanguage":"fr-FR","@id":"https:\/\/bice.org\/fr\/nous-soutenir\/nous-rejoindre\/benevolat\/#primaryimage","url":"https:\/\/i0.wp.com\/bice.org\/app\/uploads\/2023\/04\/Visuel-Don-benevolat.webp?fit=1000%2C580&ssl=1","contentUrl":"https:\/\/i0.wp.com\/bice.org\/app\/uploads\/2023\/04\/Visuel-Don-benevolat.webp?fit=1000%2C580&ssl=1","width":1000,"height":580,"caption":"Engagez-vous dans une mission de b\u00e9n\u00e9volat pour le BICE."},{"@type":"BreadcrumbList","@id":"https:\/\/bice.org\/fr\/nous-soutenir\/nous-rejoindre\/benevolat\/#breadcrumb","itemListElement":[{"@type":"ListItem","position":1,"name":"Accueil","item":"https:\/\/bice.org\/fr\/"},{"@type":"ListItem","position":2,"name":"Nous soutenir","item":"https:\/\/bice.org\/fr\/nous-soutenir\/"},{"@type":"ListItem","position":3,"name":"Nous rejoindre","item":"https:\/\/bice.org\/fr\/nous-soutenir\/nous-rejoindre\/"},{"@type":"ListItem","position":4,"name":"Faire du b\u00e9n\u00e9volat avec le BICE"}]},{"@type":"WebSite","@id":"https:\/\/bice.org\/fr\/#website","url":"https:\/\/bice.org\/fr\/","name":"BICE - ONG de protection des droits de l&#039;enfant","description":"Notre mission : D\u00e9fendre les droits et la dignit\u00e9 des enfants partout dans le monde","publisher":{"@id":"https:\/\/bice.org\/fr\/#organization"},"potentialAction":[{"@type":"SearchAction","target":{"@type":"EntryPoint","urlTemplate":"https:\/\/bice.org\/fr\/?s={search_term_string}"},"query-input":{"@type":"PropertyValueSpecification","valueRequired":true,"valueName":"search_term_string"}}],"inLanguage":"fr-FR"},{"@type":"Organization","@id":"https:\/\/bice.org\/fr\/#organization","name":"BICE","url":"https:\/\/bice.org\/fr\/","logo":{"@type":"ImageObject","inLanguage":"fr-FR","@id":"https:\/\/bice.org\/fr\/#\/schema\/logo\/image\/","url":"https:\/\/bice.org\/app\/uploads\/2022\/06\/favicon.ico","contentUrl":"https:\/\/bice.org\/app\/uploads\/2022\/06\/favicon.ico","width":64,"height":64,"caption":"BICE"},"image":{"@id":"https:\/\/bice.org\/fr\/#\/schema\/logo\/image\/"}}]}},"jetpack_sharing_enabled":true,"_links":{"self":[{"href":"https:\/\/bice.org\/fr\/wp-json\/wp\/v2\/pages\/1776","targetHints":{"allow":["GET"]}}],"collection":[{"href":"https:\/\/bice.org\/fr\/wp-json\/wp\/v2\/pages"}],"about":[{"href":"https:\/\/bice.org\/fr\/wp-json\/wp\/v2\/types\/page"}],"author":[{"embeddable":true,"href":"https:\/\/bice.org\/fr\/wp-json\/wp\/v2\/users\/1"}],"replies":[{"embeddable":true,"href":"https:\/\/bice.org\/fr\/wp-json\/wp\/v2\/comments?post=1776"}],"version-history":[{"count":0,"href":"https:\/\/bice.org\/fr\/wp-json\/wp\/v2\/pages\/1776\/revisions"}],"up":[{"embeddable":true,"href":"https:\/\/bice.org\/fr\/wp-json\/wp\/v2\/pages\/10214"}],"wp:featuredmedia":[{"embeddable":true,"href":"https:\/\/bice.org\/fr\/wp-json\/wp\/v2\/media\/145254"}],"wp:attachment":[{"href":"https:\/\/bice.org\/fr\/wp-json\/wp\/v2\/media?parent=1776"}],"curies":[{"name":"wp","href":"https:\/\/api.w.org\/{rel}","templated":true}]}}