{"id":178320,"date":"2024-05-30T12:14:31","date_gmt":"2024-05-30T10:14:31","guid":{"rendered":"https:\/\/bice.org\/?page_id=178320"},"modified":"2024-06-11T09:52:19","modified_gmt":"2024-06-11T07:52:19","slug":"anciens-examens-periodiques-universels","status":"publish","type":"page","link":"https:\/\/bice.org\/fr\/anciens-examens-periodiques-universels\/","title":{"rendered":"Anciens Examens p\u00e9riodiques universels"},"content":{"rendered":"\n<h2 class=\"wp-block-heading\"><strong>EPU en 2020<\/strong><\/h2>\n\n\n\n<h3 class=\"wp-block-heading\"><strong>G\u00e9orgie<\/strong><\/h3>\n\n\n\n<p>Rapport conjoint de suivi sur la G\u00e9orgie au titre de la 37e session, janvier-f\u00e9vrier 2021<\/p>\n\n\n\n<ul class=\"wp-block-list\">\n<li><a href=\"https:\/\/bice.org\/app\/uploads\/2020\/09\/UPR37-Georgia_Joint-BICE-PHF-Follow-Up-Report.pdf\" target=\"_blank\" rel=\"noreferrer noopener\">Rapport de suivi Examen p\u00e9riodique universel (EPU) \u2013 3\u00e8me cycle<\/a><\/li>\n\n\n\n<li>Rapport final + recommandations<\/li>\n\n\n\n<li>R\u00e9actions de l\u2019Etat<\/li>\n\n\n\n<li>Archives de l\u2019examen\n<ul class=\"wp-block-list\">\n<li>Examen<\/li>\n\n\n\n<li>Adoption du rapport au sein du Groupe de travail EPU<\/li>\n\n\n\n<li>Adoption du rapport par le Conseil des droits de l\u2019homme<\/li>\n<\/ul>\n<\/li>\n<\/ul>\n\n\n\n<h2 class=\"wp-block-heading\"><strong>EPU en 2019<\/strong><\/h2>\n\n\n\n<h3 class=\"wp-block-heading\"><strong>R\u00e9publique d\u00e9mocratique du Congo<\/strong><\/h3>\n\n\n\n<p>Rapport conjoint de suivi sur la R\u00e9publique d\u00e9mocratique du Congo au titre de la 33e session, avril-mai 2019<\/p>\n\n\n\n<ul class=\"wp-block-list\">\n<li><a href=\"https:\/\/uprdoc.ohchr.org\/uprweb\/downloadfile.aspx?filename=6556&amp;file=FrenchTranslation\">Examen p\u00e9riodique universel (EPU) \u2013 3\u00e8me cycle<\/a><\/li>\n\n\n\n<li><a href=\"https:\/\/ap.ohchr.org\/documents\/dpage_e.aspx?si=A\/HRC\/42\/5\">Rapport final + recommandations<\/a><\/li>\n\n\n\n<li><a href=\"https:\/\/www.ohchr.org\/EN\/HRBodies\/HRC\/RegularSessions\/session42\/Documents\/A_HRC_42_5_Add.1_AV_Democratic%20Republic%20of%20Congo_F.docx\">R\u00e9actions de l\u2019Etat<\/a><\/li>\n\n\n\n<li>Archives de l\u2019examen\n<ul class=\"wp-block-list\">\n<li>Examen<\/li>\n\n\n\n<li>Adoption du rapport au sein du Groupe de travail EPU<\/li>\n\n\n\n<li>Adoption du rapport par le Conseil des droits de l\u2019homme<\/li>\n<\/ul>\n<\/li>\n<\/ul>\n\n\n\n<h3 class=\"wp-block-heading\"><strong>C\u00f4te d\u2019Ivoire<\/strong><\/h3>\n\n\n\n<p>Rapport conjoint de suivi sur la C\u00f4te d\u2019Ivoire au titre du 33e Examen p\u00e9riodique universel<\/p>\n\n\n\n<ul class=\"wp-block-list\">\n<li><a href=\"https:\/\/bice.org\/app\/uploads\/2019\/07\/EPU33_Cycle3_RCI_RapportSuiviConjoint_BICE_Dominicans_FMSI_DDE-CI.pdf\">Examen p\u00e9riodique universel (EPU) \u2013 3\u00e8me cycle<\/a><\/li>\n\n\n\n<li>Compilation des recommandations EPU-CRC-CEDAW \u00e0 la C\u00f4te d\u2019Ivoire en 2019<\/li>\n\n\n\n<li><a href=\"http:\/\/ap.ohchr.org\/documents\/dpage_e.aspx?si=A\/HRC\/42\/6\">Rapport final + recommandations<\/a><\/li>\n\n\n\n<li><a href=\"https:\/\/www.ohchr.org\/EN\/HRBodies\/HRC\/RegularSessions\/session42\/Documents\/A_HRC_42_6_Add.1_AV_C%C3%B4te%20d%27Ivoire_F.docx\">R\u00e9actions de l\u2019Etat<\/a><\/li>\n\n\n\n<li>Archives de l\u2019examen\n<ul class=\"wp-block-list\">\n<li>Examen<\/li>\n\n\n\n<li>Adoption du rapport au sein du Groupe de travail EPU<\/li>\n\n\n\n<li>Adoption du rapport par le Conseil des droits de l\u2019homme<\/li>\n<\/ul>\n<\/li>\n<\/ul>\n\n\n\n<h2 class=\"wp-block-heading\"><strong>EPU en 2018<\/strong><\/h2>\n\n\n\n<h3 class=\"wp-block-heading\"><strong>Mali<\/strong><\/h3>\n\n\n\n<p>Rapport EPU Mali (en fran\u00e7ais) soumis par le BICE et BNCE-MALI<\/p>\n\n\n\n<ul class=\"wp-block-list\">\n<li><a href=\"https:\/\/bice.org\/app\/uploads\/2018\/05\/Rapport-EPU29-Mali.pdf\">29\u00e8me session, 15 \u2013 26 janvier2018<\/a><\/li>\n\n\n\n<li><a href=\"https:\/\/bice.org\/app\/uploads\/2018\/05\/Rapport-de-synth%C3%A8se-EPU29-Mali.pdf\">Rapport de synth\u00e8se BICE et BNCE-MALI, pr\u00e9-session, d\u00e9cembre 2017<\/a><\/li>\n<\/ul>\n\n\n\n<h3 class=\"wp-block-heading\"><strong>Colombie<\/strong><\/h3>\n\n\n\n<p>Rapport EPU Colombie (en anglais) soumis par le BICE et TCC<\/p>\n\n\n\n<ul class=\"wp-block-list\">\n<li><a href=\"https:\/\/bice.org\/app\/uploads\/2018\/05\/Rapport-EPU30-Colombie.pdf\">30\u00e8me session, 7 \u2013 18 mai 2018<\/a><\/li>\n\n\n\n<li><a href=\"https:\/\/bice.org\/app\/uploads\/2018\/05\/Rapport-de-synth%C3%A8se-EPU30-Colombie.pdf\">Rapport de synth\u00e8se, pr\u00e9-session, avril 2018<\/a><\/li>\n<\/ul>\n\n\n\n<h2 class=\"wp-block-heading\"><strong>EPU en 2017<\/strong><\/h2>\n\n\n\n<h3 class=\"wp-block-heading\"><strong>B\u00e9nin<\/strong><\/h3>\n\n\n\n<p>Rapport EPU B\u00e9nin (en fran\u00e7ais) soumis par le BICE, ESAM et Franciscains B\u00e9nin<\/p>\n\n\n\n<ul class=\"wp-block-list\">\n<li><a href=\"https:\/\/bice.org\/app\/uploads\/2018\/05\/Rapport-EPU28-B%C3%A9nin.pdf\">28\u00e8me session, 6 \u2013 17 novembre 2017<\/a><\/li>\n\n\n\n<li><a href=\"https:\/\/bice.org\/app\/uploads\/2018\/05\/Rapport-de-synth%C3%A8se-EPU28-B%C3%A9nin.pdf\">Rapport de synth\u00e8se BICE\u2013ESAM\u2013Franciscains B\u00e9nin, pr\u00e9-session, octobre 2017<\/a><\/li>\n\n\n\n<li><a href=\"https:\/\/bice.org\/app\/uploads\/2018\/05\/Rapport-dexamen-EPU28-B%C3%A9nin.pdf\">Rapport de l\u2019examen<\/a><\/li>\n<\/ul>\n\n\n\n<h3 class=\"wp-block-heading\"><strong>Guatemala<\/strong><\/h3>\n\n\n\n<p>Rapport EPU Guatemala (en espagnol) soumis par le BICE et ICCPG<\/p>\n\n\n\n<ul class=\"wp-block-list\">\n<li><a href=\"https:\/\/bice.org\/app\/uploads\/2018\/05\/Rapport-EPU28-Guatemala.pdf\">28\u00e8me session, 6 \u2013 17 novembre 2017<\/a><\/li>\n\n\n\n<li><a href=\"https:\/\/bice.org\/app\/uploads\/2018\/05\/Rapport-dexamen-EPU28-Guatemala.pdf\">Rapport de l\u2019examen<\/a><\/li>\n<\/ul>\n\n\n\n<h3 class=\"wp-block-heading\"><strong>Ukraine<\/strong><\/h3>\n\n\n\n<p>Rapport EPU Ukraine (en anglais) soumis par la coalition des ONG \u00ab Droits de l\u2019enfant en Ukraine \u00bb<\/p>\n\n\n\n<ul class=\"wp-block-list\">\n<li><a href=\"https:\/\/bice.org\/app\/uploads\/2018\/05\/Rapport-UPR28-Ukraine.pdf\">28\u00e8me session, 6 \u2013 17 novembre 2017<\/a><\/li>\n\n\n\n<li><a href=\"https:\/\/bice.org\/app\/uploads\/2018\/05\/Rapport-de-synth%C3%A8se-UPR28-Ukraine.pdf\">Rapport de synth\u00e8se, pr\u00e9-session, octobre 2017<\/a><\/li>\n\n\n\n<li><a href=\"https:\/\/bice.org\/app\/uploads\/2018\/05\/Rapport-dexamen-UPR28-Ukraine.pdf\">Rapport de l\u2019examen<\/a><\/li>\n<\/ul>\n\n\n\n<h2 class=\"wp-block-heading\"><strong>EPU en 2016<\/strong><\/h2>\n\n\n\n<p><strong>26e session, 31 octobre \u2013 11 novembre 2016<\/strong><\/p>\n\n\n\n<ul class=\"wp-block-list\">\n<li><a href=\"https:\/\/bice.org\/app\/uploads\/2016\/08\/JSTMP11_UPR26_TGO_F_FR_Rev1.pdf\" target=\"_blank\" rel=\"noreferrer noopener\">Lire le rapport EPU Togo (en fran\u00e7ais) soumis par le BICE, BICE-Togo, ANGE et FIT<\/a><\/li>\n<\/ul>\n\n\n\n<p><strong>Suivi<\/strong><\/p>\n\n\n\n<ul class=\"wp-block-list\">\n<li>Plaidoyer aupr\u00e8s des Missions diplomatiques avant l\u2019examen, septembre 2016<\/li>\n<\/ul>\n\n\n\n<h2 class=\"wp-block-heading\"><strong>EPU en 2014<\/strong><\/h2>\n\n\n\n<p><strong>20e session, 27 octobre \u2013 7 novembre 2014<\/strong><\/p>\n\n\n\n<p><a href=\"https:\/\/bice.org\/app\/uploads\/2014\/06\/BICE-KENES_UPR_Kazakhstan_S20_Nov_2014_EN.pdf\" target=\"_blank\" rel=\"noreferrer noopener\">Lire le rapport EPU Kazakhstan (en anglais) soumis par le BICE et KENES.<\/a><\/p>\n\n\n\n<p><strong>Suivi<\/strong><\/p>\n\n\n\n<ul class=\"wp-block-list\">\n<li><a href=\"https:\/\/bice.org\/app\/uploads\/2016\/05\/HRC31_A-HRC-NGO-135_BICE-WrittenStatement_Kazakhstan.pdf\" target=\"_blank\" rel=\"noreferrer noopener\">Communication \u00e9crite Kazakhstan<\/a>, A\/HRC\/31\/NGO\/135, mars 2016<\/li>\n\n\n\n<li><a href=\"https:\/\/bice.org\/app\/uploads\/2016\/05\/HRC31_Item3_ID-with-SR_Kazakhstan-Russia_ENG-only.pdf\" target=\"_blank\" rel=\"noreferrer noopener\">Communication orale Russie-Kazakhstan<\/a>, mars 2016<\/li>\n\n\n\n<li><a href=\"https:\/\/bice.org\/fr\/nouveau-projet-du-bice-pour-une-meilleure-integration-des-enfants-handicapes-en-europe-de-lest\/\" target=\"_blank\" rel=\"noreferrer noopener\">Projet sur l\u2019int\u00e9gration des enfants avec handicap au Kazakhstan<\/a>, f\u00e9vrier 2016<\/li>\n<\/ul>\n\n\n\n<h2 class=\"wp-block-heading\"><strong>EPU en 2013<\/strong><\/h2>\n\n\n\n<p><strong>18e session, 27 janvier \u2013 7 f\u00e9vrier 2014<\/strong><\/p>\n\n\n\n<p><a href=\"https:\/\/bice.org\/app\/uploads\/2014\/06\/Informe_FMSI-IIMA-BICE-BIDES_EPU_Chile_Feb_2014_ES.pdf\" target=\"_blank\" rel=\"noreferrer noopener\">Lire le Rapport EPU Chili (en espagnol) soumis par le BICE, Fundaci\u00f3n Marista de Solidaridad Internacional (FMSI), Istituto Internazionale Maria Ausiliatrice (IIMA) et International Volunteerism Organisation for Women, Education, Development (VIDES International).<\/a><\/p>\n\n\n\n<p><strong>Suivi<\/strong><\/p>\n\n\n\n<ul class=\"wp-block-list\">\n<li>Intervention orale conjointe du BICE&nbsp;lors de la pr\u00e9-session organis\u00e9e par UPR-Info, 2013.<\/li>\n\n\n\n<li><a href=\"https:\/\/bice.org\/fr\/le-bice-intervient-sur-le-theme-du-droit-a-leducation-et-de-la-justice-juvenile-au-chili\/\" target=\"_blank\" rel=\"noreferrer noopener\">Communication orale<\/a>&nbsp;au Conseil des droits de l\u2019homme, juin 2014<\/li>\n\n\n\n<li><a href=\"http:\/\/tbinternet.ohchr.org\/_layouts\/treatybodyexternal\/SessionDetails1.aspx?SessionID=828&amp;Lang=en\" target=\"_blank\" rel=\"noreferrer noopener\">Rapport alternatif en ES et EN&nbsp;<\/a>et un document annexe soumis notamment avec les Maristes \u00e0 la 70e session du Comit\u00e9 des droits de l\u2019enfant (14 septembre \u2013 2 octobre 2015)<\/li>\n\n\n\n<li><a href=\"https:\/\/bice.org\/fr\/chili-situation-droits-de-l-enfant-examinee-par-comite-droits-de-l-enfant-de-l-onu\/\" target=\"_blank\" rel=\"noreferrer noopener\">Suivi de l\u2019examen par le Comit\u00e9<\/a>, septembre 2015<\/li>\n\n\n\n<li><a href=\"https:\/\/bice.org\/fr\/au-chili-les-enfants-debattent-de-leurs-droits-avec-le-gouvernement\/\" target=\"_blank\" rel=\"noreferrer noopener\">Rencontre de la Mesa pro-BICE avec le Secr\u00e9tariat National de l\u2019Enfance<\/a>, nov. 2015<\/li>\n\n\n\n<li>Plaidoyer national<\/li>\n<\/ul>\n","protected":false},"excerpt":{"rendered":"<p>EPU en 2020 G\u00e9orgie Rapport conjoint de suivi sur la G\u00e9orgie au titre de la 37e session, janvier-f\u00e9vrier 2021 EPU en 2019 R\u00e9publique d\u00e9mocratique du Congo Rapport conjoint de suivi sur la R\u00e9publique d\u00e9mocratique du Congo au titre de la 33e session, avril-mai 2019 C\u00f4te d\u2019Ivoire Rapport conjoint de suivi sur la C\u00f4te d\u2019Ivoire au &hellip; <a href=\"https:\/\/bice.org\/fr\/anciens-examens-periodiques-universels\/\">Suite<\/a><\/p>\n","protected":false},"author":18,"featured_media":0,"parent":0,"menu_order":0,"comment_status":"closed","ping_status":"closed","template":"","meta":{"_acf_changed":false,"footnotes":""},"class_list":["post-178320","page","type-page","status-publish","hentry"],"acf":[],"yoast_head":"<!-- This site is optimized with the Yoast SEO plugin v27.2 - https:\/\/yoast.com\/product\/yoast-seo-wordpress\/ -->\n<title>Anciens Examens p\u00e9riodiques universels - BICE - ONG de protection des droits de l&#039;enfant<\/title>\n<meta name=\"robots\" content=\"noindex, nofollow\" \/>\n<meta property=\"og:locale\" content=\"fr_FR\" \/>\n<meta property=\"og:type\" content=\"article\" \/>\n<meta property=\"og:title\" content=\"Anciens Examens p\u00e9riodiques universels - BICE - ONG de protection des droits de l&#039;enfant\" \/>\n<meta property=\"og:description\" content=\"EPU en 2020 G\u00e9orgie Rapport conjoint de suivi sur la G\u00e9orgie au titre de la 37e session, janvier-f\u00e9vrier 2021 EPU en 2019 R\u00e9publique d\u00e9mocratique du Congo Rapport conjoint de suivi sur la R\u00e9publique d\u00e9mocratique du Congo au titre de la 33e session, avril-mai 2019 C\u00f4te d\u2019Ivoire Rapport conjoint de suivi sur la C\u00f4te d\u2019Ivoire au &hellip; Suite\" \/>\n<meta property=\"og:url\" content=\"https:\/\/bice.org\/fr\/anciens-examens-periodiques-universels\/\" \/>\n<meta property=\"og:site_name\" content=\"BICE - ONG de protection des droits de l&#039;enfant\" \/>\n<meta property=\"article:modified_time\" content=\"2024-06-11T07:52:19+00:00\" \/>\n<meta name=\"twitter:card\" content=\"summary_large_image\" \/>\n<meta name=\"twitter:label1\" content=\"Dur\u00e9e de lecture estim\u00e9e\" \/>\n\t<meta name=\"twitter:data1\" content=\"3 minutes\" \/>\n<!-- \/ Yoast SEO plugin. -->","yoast_head_json":{"title":"Anciens Examens p\u00e9riodiques universels - BICE - ONG de protection des droits de l&#039;enfant","robots":{"index":"noindex","follow":"nofollow"},"og_locale":"fr_FR","og_type":"article","og_title":"Anciens Examens p\u00e9riodiques universels - BICE - ONG de protection des droits de l&#039;enfant","og_description":"EPU en 2020 G\u00e9orgie Rapport conjoint de suivi sur la G\u00e9orgie au titre de la 37e session, janvier-f\u00e9vrier 2021 EPU en 2019 R\u00e9publique d\u00e9mocratique du Congo Rapport conjoint de suivi sur la R\u00e9publique d\u00e9mocratique du Congo au titre de la 33e session, avril-mai 2019 C\u00f4te d\u2019Ivoire Rapport conjoint de suivi sur la C\u00f4te d\u2019Ivoire au &hellip; Suite","og_url":"https:\/\/bice.org\/fr\/anciens-examens-periodiques-universels\/","og_site_name":"BICE - ONG de protection des droits de l&#039;enfant","article_modified_time":"2024-06-11T07:52:19+00:00","twitter_card":"summary_large_image","twitter_misc":{"Dur\u00e9e de lecture estim\u00e9e":"3 minutes"},"schema":{"@context":"https:\/\/schema.org","@graph":[{"@type":"WebPage","@id":"https:\/\/bice.org\/fr\/anciens-examens-periodiques-universels\/","url":"https:\/\/bice.org\/fr\/anciens-examens-periodiques-universels\/","name":"Anciens Examens p\u00e9riodiques universels - BICE - ONG de protection des droits de l&#039;enfant","isPartOf":{"@id":"https:\/\/bice.org\/fr\/#website"},"datePublished":"2024-05-30T10:14:31+00:00","dateModified":"2024-06-11T07:52:19+00:00","breadcrumb":{"@id":"https:\/\/bice.org\/fr\/anciens-examens-periodiques-universels\/#breadcrumb"},"inLanguage":"fr-FR","potentialAction":[{"@type":"ReadAction","target":["https:\/\/bice.org\/fr\/anciens-examens-periodiques-universels\/"]}]},{"@type":"BreadcrumbList","@id":"https:\/\/bice.org\/fr\/anciens-examens-periodiques-universels\/#breadcrumb","itemListElement":[{"@type":"ListItem","position":1,"name":"Accueil","item":"https:\/\/bice.org\/fr\/"},{"@type":"ListItem","position":2,"name":"Anciens Examens p\u00e9riodiques universels"}]},{"@type":"WebSite","@id":"https:\/\/bice.org\/fr\/#website","url":"https:\/\/bice.org\/fr\/","name":"BICE - ONG de protection des droits de l&#039;enfant","description":"Notre mission : D\u00e9fendre les droits et la dignit\u00e9 des enfants partout dans le monde","publisher":{"@id":"https:\/\/bice.org\/fr\/#organization"},"potentialAction":[{"@type":"SearchAction","target":{"@type":"EntryPoint","urlTemplate":"https:\/\/bice.org\/fr\/?s={search_term_string}"},"query-input":{"@type":"PropertyValueSpecification","valueRequired":true,"valueName":"search_term_string"}}],"inLanguage":"fr-FR"},{"@type":"Organization","@id":"https:\/\/bice.org\/fr\/#organization","name":"BICE","url":"https:\/\/bice.org\/fr\/","logo":{"@type":"ImageObject","inLanguage":"fr-FR","@id":"https:\/\/bice.org\/fr\/#\/schema\/logo\/image\/","url":"https:\/\/bice.org\/app\/uploads\/2022\/06\/favicon.ico","contentUrl":"https:\/\/bice.org\/app\/uploads\/2022\/06\/favicon.ico","width":64,"height":64,"caption":"BICE"},"image":{"@id":"https:\/\/bice.org\/fr\/#\/schema\/logo\/image\/"}}]}},"jetpack_sharing_enabled":true,"_links":{"self":[{"href":"https:\/\/bice.org\/fr\/wp-json\/wp\/v2\/pages\/178320","targetHints":{"allow":["GET"]}}],"collection":[{"href":"https:\/\/bice.org\/fr\/wp-json\/wp\/v2\/pages"}],"about":[{"href":"https:\/\/bice.org\/fr\/wp-json\/wp\/v2\/types\/page"}],"author":[{"embeddable":true,"href":"https:\/\/bice.org\/fr\/wp-json\/wp\/v2\/users\/18"}],"replies":[{"embeddable":true,"href":"https:\/\/bice.org\/fr\/wp-json\/wp\/v2\/comments?post=178320"}],"version-history":[{"count":0,"href":"https:\/\/bice.org\/fr\/wp-json\/wp\/v2\/pages\/178320\/revisions"}],"wp:attachment":[{"href":"https:\/\/bice.org\/fr\/wp-json\/wp\/v2\/media?parent=178320"}],"curies":[{"name":"wp","href":"https:\/\/api.w.org\/{rel}","templated":true}]}}