{"id":1784,"date":"2014-06-03T10:17:10","date_gmt":"2014-06-03T10:17:10","guid":{"rendered":"https:\/\/bice.org\/fr\/revues-de-presse\/"},"modified":"2023-02-07T18:39:34","modified_gmt":"2023-02-07T17:39:34","slug":"revues-de-presse","status":"publish","type":"page","link":"https:\/\/bice.org\/fr\/revues-de-presse\/","title":{"rendered":"Revues de presse"},"content":{"rendered":"<p>Pour toute information compl\u00e9mentaire, n\u2019h\u00e9sitez pas \u00e0 nous contacter.<br \/>\nT\u00e9l : 01 53 35 01 00<\/p>\n<p><span style=\"color: #0154a0;\"><strong>Congr\u00e8s International du Bice 2017<\/strong><br \/>\n<\/span>Droit \u00e0 l\u2019\u00e9ducation \u2013 Education aux droits, Pratiques partag\u00e9es<\/p>\n<p><a href=\"https:\/\/i0.wp.com\/bice.org\/app\/uploads\/2014\/06\/logo-RCF-1.png?ssl=1\"><img data-recalc-dims=\"1\" decoding=\"async\" width=\"150\" height=\"75\" class=\" size-full wp-image-25918\" src=\"https:\/\/i0.wp.com\/bice.org\/app\/uploads\/2014\/06\/logo-RCF-1.png?resize=150%2C75&#038;ssl=1\" \/><\/a><br \/>\nMercredi 7 juin 2017<br \/>\nCongr\u00e8s du Bice : faire un \u00e9tat des lieux du droit \u00e0 l\u2019\u00e9ducation (7 mn)<br \/>\nEntretien d\u2019Alessandra Aula par Fran\u00e7ois Ballarin<\/p>\n<p>Mardi 30 mai 2017<br \/>\nDroit \u00e0 l\u2019\u00e9ducation, \u00e9ducation aux droits avec le Bice (55 mn)<br \/>\nEmission Le <em>Temps de le dire<\/em>, anim\u00e9e par St\u00e9phanie Gallet avec Alessandra Aula et Chantal Paisant<\/p>\n<p><a href=\"https:\/\/i0.wp.com\/bice.org\/app\/uploads\/2014\/06\/Logo_KTO-1.jpg?ssl=1\"><img data-recalc-dims=\"1\" decoding=\"async\" width=\"150\" height=\"56\" class=\" size-full wp-image-25925\" src=\"https:\/\/i0.wp.com\/bice.org\/app\/uploads\/2014\/06\/Logo_KTO-1.jpg?resize=150%2C56&#038;ssl=1\" \/><\/a><br \/>\nJeudi 8 juin 2017<br \/>\n<a href=\"http:\/\/www.ktotv.com\/video\/00153758\/pma-legislatives-et-l-actu-de-la-semaine\" target=\"_blank\" rel=\"noopener noreferrer\">Le congr\u00e8s du Bice<\/a> (\u00e0 3\u201950 du d\u00e9but)<br \/>\nEmission <em>A la source<\/em><\/p>\n<p><a href=\"https:\/\/i0.wp.com\/bice.org\/app\/uploads\/2014\/06\/logo-La-Croix.png?ssl=1\"><img data-recalc-dims=\"1\" decoding=\"async\" width=\"150\" height=\"29\" class=\" size-full wp-image-25915\" src=\"https:\/\/i0.wp.com\/bice.org\/app\/uploads\/2014\/06\/logo-La-Croix.png?resize=150%2C29&#038;ssl=1\" \/><\/a><br \/>\nMardi 6 juin 2017<br \/>\n<a href=\"http:\/\/www.la-croix.com\/Famille\/Parents-et-enfants\/Placer-droits-lhomme-coeur-leducation-2017-06-06-1200852832\" target=\"_blank\" rel=\"noopener noreferrer\">Placer les droits de l\u2019homme au c\u0153ur de l\u2019\u00e9ducation<\/a><br \/>\nArticle de Denis Peiron<\/p>\n<p><strong>Radio Vatican<\/strong><br \/>\nMercredi 7 juin 2017<br \/>\n<a href=\"http:\/\/fr.radiovaticana.va\/news\/2017\/06\/07\/long_%C2%ABvoix_du_c%C5%93ur%C2%BB_d%C3%A9fend_le_droit_%C3%A0_l%C3%A9ducation_en_rca\/1317499\" target=\"_blank\" rel=\"noopener noreferrer\">L\u2019ONG Voix du C\u0153ur d\u00e9fend les droits \u00e0 l\u2019\u00e9ducation en RCA<\/a><br \/>\nEntretien avec Ange \u2013 Anatole Ngassenemo, directeur de la voix du C\u0153ur<\/p>\n<p><strong>La Voix de l\u2019enfant<\/strong><br \/>\nLundi 15 mai 2017<br \/>\n<a href=\"http:\/\/www.lavoixdelenfant.org\/actualites\/40168\/\" target=\"_blank\" rel=\"noopener noreferrer\">Droit \u00e0 l\u2019\u00e9ducation \u2013\u00e9ducation aux droits : exp\u00e9riences partag\u00e9es \u2013 Congr\u00e8s international du Bice 2017<\/a><\/p>\n<p><strong><span style=\"color: #0154a0;\">Audience avec le Pape Fran\u00e7ois en 2014<br \/>\n<\/span><\/strong><a href=\"https:\/\/bice.org\/images\/pieces-jointes\/PDFs\/4.actualites\/espace-presse\/bice_audience_du_pape_revue_de_presse.pdf\">Revue de presse globale<\/a><\/p>\n","protected":false},"excerpt":{"rendered":"<p>ON PARLE DU BICE\u2026 Vous trouverez ci-dessous les revues de presse li\u00e9es aux \u00e9v\u00e9nements organis\u00e9s par le Bice ainsi que des articles sur l\u2019actualit\u00e9 de l\u2019organisation.<\/p>\n","protected":false},"author":1,"featured_media":0,"parent":0,"menu_order":1,"comment_status":"closed","ping_status":"closed","template":"","meta":{"_acf_changed":false,"footnotes":""},"class_list":["post-1784","page","type-page","status-publish","hentry"],"acf":[],"yoast_head":"<!-- This site is optimized with the Yoast SEO plugin v27.2 - https:\/\/yoast.com\/product\/yoast-seo-wordpress\/ -->\n<title>Les m\u00e9dias parlent de nous - Revues de presse du BICE<\/title>\n<meta name=\"description\" content=\"Lire les diff\u00e9rentes revues de presse du Bureau International Catholique de l&#039;Enfance : \u00e9v\u00e9nements organis\u00e9s, congr\u00e8s, p\u00e9titions, festivals...\" \/>\n<meta name=\"robots\" content=\"index, follow, max-snippet:-1, max-image-preview:large, max-video-preview:-1\" \/>\n<link rel=\"canonical\" href=\"https:\/\/bice.org\/fr\/wp-json\/wp\/v2\/pages\/1784\" \/>\n<meta property=\"og:locale\" content=\"fr_FR\" \/>\n<meta property=\"og:type\" content=\"article\" \/>\n<meta property=\"og:title\" content=\"Les m\u00e9dias parlent de nous - Revues de presse du BICE\" \/>\n<meta property=\"og:description\" content=\"Lire les diff\u00e9rentes revues de presse du Bureau International Catholique de l&#039;Enfance : \u00e9v\u00e9nements organis\u00e9s, congr\u00e8s, p\u00e9titions, festivals...\" \/>\n<meta property=\"og:url\" content=\"https:\/\/bice.org\/fr\/revues-de-presse\/\" \/>\n<meta property=\"og:site_name\" content=\"BICE - ONG de protection des droits de l&#039;enfant\" \/>\n<meta property=\"article:modified_time\" content=\"2023-02-07T17:39:34+00:00\" \/>\n<meta property=\"og:image\" content=\"https:\/\/bice.org\/app\/uploads\/2014\/06\/logo-RCF-1.png\" \/>\n<meta name=\"twitter:card\" content=\"summary_large_image\" \/>\n<meta name=\"twitter:label1\" content=\"Dur\u00e9e de lecture estim\u00e9e\" \/>\n\t<meta name=\"twitter:data1\" content=\"2 minutes\" \/>\n<!-- \/ Yoast SEO plugin. -->","yoast_head_json":{"title":"Les m\u00e9dias parlent de nous - Revues de presse du BICE","description":"Lire les diff\u00e9rentes revues de presse du Bureau International Catholique de l'Enfance : \u00e9v\u00e9nements organis\u00e9s, congr\u00e8s, p\u00e9titions, festivals...","robots":{"index":"index","follow":"follow","max-snippet":"max-snippet:-1","max-image-preview":"max-image-preview:large","max-video-preview":"max-video-preview:-1"},"canonical":"https:\/\/bice.org\/fr\/wp-json\/wp\/v2\/pages\/1784","og_locale":"fr_FR","og_type":"article","og_title":"Les m\u00e9dias parlent de nous - Revues de presse du BICE","og_description":"Lire les diff\u00e9rentes revues de presse du Bureau International Catholique de l'Enfance : \u00e9v\u00e9nements organis\u00e9s, congr\u00e8s, p\u00e9titions, festivals...","og_url":"https:\/\/bice.org\/fr\/revues-de-presse\/","og_site_name":"BICE - ONG de protection des droits de l&#039;enfant","article_modified_time":"2023-02-07T17:39:34+00:00","og_image":[{"url":"https:\/\/bice.org\/app\/uploads\/2014\/06\/logo-RCF-1.png","type":"","width":"","height":""}],"twitter_card":"summary_large_image","twitter_misc":{"Dur\u00e9e de lecture estim\u00e9e":"2 minutes"},"schema":{"@context":"https:\/\/schema.org","@graph":[{"@type":"WebPage","@id":"https:\/\/bice.org\/fr\/revues-de-presse\/","url":"https:\/\/bice.org\/fr\/revues-de-presse\/","name":"Les m\u00e9dias parlent de nous - Revues de presse du BICE","isPartOf":{"@id":"https:\/\/bice.org\/fr\/#website"},"primaryImageOfPage":{"@id":"https:\/\/bice.org\/fr\/revues-de-presse\/#primaryimage"},"image":{"@id":"https:\/\/bice.org\/fr\/revues-de-presse\/#primaryimage"},"thumbnailUrl":"https:\/\/bice.org\/app\/uploads\/2014\/06\/logo-RCF-1.png","datePublished":"2014-06-03T10:17:10+00:00","dateModified":"2023-02-07T17:39:34+00:00","description":"Lire les diff\u00e9rentes revues de presse du Bureau International Catholique de l'Enfance : \u00e9v\u00e9nements organis\u00e9s, congr\u00e8s, p\u00e9titions, festivals...","breadcrumb":{"@id":"https:\/\/bice.org\/fr\/revues-de-presse\/#breadcrumb"},"inLanguage":"fr-FR","potentialAction":[{"@type":"ReadAction","target":["https:\/\/bice.org\/fr\/revues-de-presse\/"]}]},{"@type":"ImageObject","inLanguage":"fr-FR","@id":"https:\/\/bice.org\/fr\/revues-de-presse\/#primaryimage","url":"https:\/\/bice.org\/app\/uploads\/2014\/06\/logo-RCF-1.png","contentUrl":"https:\/\/bice.org\/app\/uploads\/2014\/06\/logo-RCF-1.png"},{"@type":"BreadcrumbList","@id":"https:\/\/bice.org\/fr\/revues-de-presse\/#breadcrumb","itemListElement":[{"@type":"ListItem","position":1,"name":"Accueil","item":"https:\/\/bice.org\/fr\/"},{"@type":"ListItem","position":2,"name":"Revues de presse"}]},{"@type":"WebSite","@id":"https:\/\/bice.org\/fr\/#website","url":"https:\/\/bice.org\/fr\/","name":"BICE - ONG de protection des droits de l&#039;enfant","description":"Notre mission : D\u00e9fendre les droits et la dignit\u00e9 des enfants partout dans le monde","publisher":{"@id":"https:\/\/bice.org\/fr\/#organization"},"potentialAction":[{"@type":"SearchAction","target":{"@type":"EntryPoint","urlTemplate":"https:\/\/bice.org\/fr\/?s={search_term_string}"},"query-input":{"@type":"PropertyValueSpecification","valueRequired":true,"valueName":"search_term_string"}}],"inLanguage":"fr-FR"},{"@type":"Organization","@id":"https:\/\/bice.org\/fr\/#organization","name":"BICE","url":"https:\/\/bice.org\/fr\/","logo":{"@type":"ImageObject","inLanguage":"fr-FR","@id":"https:\/\/bice.org\/fr\/#\/schema\/logo\/image\/","url":"https:\/\/bice.org\/app\/uploads\/2022\/06\/favicon.ico","contentUrl":"https:\/\/bice.org\/app\/uploads\/2022\/06\/favicon.ico","width":64,"height":64,"caption":"BICE"},"image":{"@id":"https:\/\/bice.org\/fr\/#\/schema\/logo\/image\/"}}]}},"jetpack_sharing_enabled":true,"_links":{"self":[{"href":"https:\/\/bice.org\/fr\/wp-json\/wp\/v2\/pages\/1784","targetHints":{"allow":["GET"]}}],"collection":[{"href":"https:\/\/bice.org\/fr\/wp-json\/wp\/v2\/pages"}],"about":[{"href":"https:\/\/bice.org\/fr\/wp-json\/wp\/v2\/types\/page"}],"author":[{"embeddable":true,"href":"https:\/\/bice.org\/fr\/wp-json\/wp\/v2\/users\/1"}],"replies":[{"embeddable":true,"href":"https:\/\/bice.org\/fr\/wp-json\/wp\/v2\/comments?post=1784"}],"version-history":[{"count":0,"href":"https:\/\/bice.org\/fr\/wp-json\/wp\/v2\/pages\/1784\/revisions"}],"wp:attachment":[{"href":"https:\/\/bice.org\/fr\/wp-json\/wp\/v2\/media?parent=1784"}],"curies":[{"name":"wp","href":"https:\/\/api.w.org\/{rel}","templated":true}]}}