{"id":1788,"date":"2014-06-05T15:07:44","date_gmt":"2014-06-05T15:07:44","guid":{"rendered":"https:\/\/bice.org\/fr\/abus-sexuel\/"},"modified":"2024-02-16T14:59:18","modified_gmt":"2024-02-16T13:59:18","slug":"abus-sexuel","status":"publish","type":"page","link":"https:\/\/bice.org\/fr\/abus-sexuel\/","title":{"rendered":"Abus sexuel : un programme interr\u00e9gional pour lutter contre ce fl\u00e9au"},"content":{"rendered":"<h2 style=\"text-align: justify;\">Abus sexuel : le BICE agit<\/h2>\n<p style=\"text-align: justify;\">En mettant en place un nouveau programme contre l\u2019 abus sexuel des enfants jusqu\u2019en 2017, l\u2019objectif est de diminuer le nombre de cas et de garantir un environnement bientraitant pour tous les enfants dans 18 pays d\u2019Afrique, d\u2019Am\u00e9rique latine, d\u2019Asie et de l\u2019Europe de l\u2019Est.<\/p>\n<p style=\"text-align: justify;\">Les activit\u00e9s d\u00e9velopp\u00e9es font partie de nos actions de protection de l\u2019enfance. Elles visent \u00e0 assurer un impact sur la dur\u00e9e en am\u00e9liorant la formation des professionnels locaux et en accompagnant et sensibilisant des enfants et leurs communaut\u00e9s. Le programme s\u2019articule dans chaque pays autour des piliers suivants :<\/p>\n<h3 style=\"text-align: justify;\">1. Formations et acquisition de savoir-faire fondamentaux sur les violences faites aux enfants<\/h3>\n<p style=\"text-align: justify;\">Le BICE propose aux organisations partenaires du programme des formations pour mieux lutter contre l\u2019abus sexuel. Elles comprennent par exemple<a href=\"https:\/\/bice.org\/fr\/le-bice\/qui-sommes-nous\/#protectiondelenfance\" target=\"\" rel=\"noopener noreferrer\"> l\u2019\u00e9laboration d\u2019une politique de protection de l\u2019enfant<\/a>, l\u2019\u00e9change de bonnes pratiques et d\u2019exp\u00e9riences de lutte contre l\u2019abus sexuel, le d\u00e9veloppement de <a href=\"https:\/\/bice.org\/fr\/la-resilience-au-coeur-de-notre-action\/\" target=\"\" rel=\"noopener noreferrer\">la r\u00e9silience des enfants<\/a> et des parents\u2026<\/p>\n<h3 style=\"text-align: justify;\">2. Abus sexuel : la pr\u00e9vention<\/h3>\n<p style=\"text-align: justify;\">Les sessions de pr\u00e9vention permettent aux enfants d\u2019acqu\u00e9rir des comp\u00e9tences et des r\u00e9flexes qui les prot\u00e8gent contre l\u2019 abus sexuel. Elles ont lieu dans les \u00e9coles, les centres de loisirs, les quartiers o\u00f9 vivent les enfants ou au sein d\u2019\u00e9tablissements partenaires.<\/p>\n<h3 style=\"text-align: justify;\">3. Sensibilisation \u00e0 la protection de l\u2019enfance<\/h3>\n<p style=\"text-align: justify;\">Des \u00e9v\u00e9nements (ateliers, campagnes, rencontres\u2026) permettent de sensibiliser le grand public et l\u2019entourage de l\u2019enfant \u00e0 la gravit\u00e9 et aux cons\u00e9quences de l\u2019 abus sexuel. Ils visent \u00e0 inciter un changement de comportement en profondeur vis-\u00e0-vis des violences \u00e0 l\u2019encontre des sur l\u2019enfants. Des s\u00e9minaires locaux, des formations ou <a href=\"https:\/\/bice.org\/fr\/actualites\/des-congres-pour-mutualiser-les-bonnes-pratiques-et-stimuler-la-reflexion\/\" target=\"_blank\" rel=\"noopener noreferrer\">le congr\u00e8s international du BICE<\/a>\u00a0contribuent \u00e9galement \u00e0 sensibiliser le public.<\/p>\n<h3 style=\"text-align: justify;\">4. Accueil et accompagnement des enfants<\/h3>\n<p style=\"text-align: justify;\">Le BICE et ses partenaires peuvent apporter un soutien direct aux enfants victimes d\u2019 abus sexuel. Les enfants sont accueillis dans des centres sp\u00e9cialis\u00e9s o\u00f9 ils sont soign\u00e9s et accompagn\u00e9s psychologiquement afin de surmonter leurs traumatismes. Dans certains cas, les enfants b\u00e9n\u00e9ficient d\u2019un appui juridique et pour les plus \u00e2g\u00e9s, d\u2019une formation professionnelle en cas de besoin.<\/p>\n<h3 style=\"text-align: justify;\">5. Activit\u00e9s de plaidoyer contre l\u2019abus sexuel<\/h3>\n<p style=\"text-align: justify;\"><a href=\"https:\/\/bice.org\/fr\/droits-de-lenfant\/\" target=\"_blank\" rel=\"noopener noreferrer\">Les activit\u00e9s de plaidoyer<\/a> du BICE et de ses partenaires ont pour but d\u2019influer sur les autorit\u00e9s et institutions locales, nationales et internationales afin que des changements significatifs en mati\u00e8re de l\u00e9gislation et de politiques publiques de protection de l\u2019enfance soient mis en oeuvre.<\/p>\n<h3 style=\"text-align: justify;\">6. Recherches et publications<\/h3>\n<p style=\"text-align: justify;\">Les activit\u00e9s men\u00e9es sur le terrain font l\u2019objet de <a href=\"https:\/\/bice.org\/fr\/publications-du-bice\/\" target=\"\" rel=\"noopener noreferrer\">bonnes pratiques synth\u00e9tis\u00e9es dans des publications<\/a> sur la pr\u00e9vention et l\u2019accompagnement des enfants victimes d\u2019 abus sexuel. Un manuel sur l\u2019application et l\u2019\u00e9valuation de la r\u00e9silience sera \u00e9galement \u00e9labor\u00e9.<\/p>\n<h2 style=\"text-align: justify;\">Abus sexuel : les b\u00e9n\u00e9ficiaires du programme<\/h2>\n<p style=\"text-align: justify;\">Le programme &#8220;lutte contre l\u2019 abus sexuel&#8221; est pr\u00e9vu pour toucher plus de 55 000 personnes en Asie, en Afrique, en Am\u00e9rique Latine et Cara\u00efbes et en Europe \/ CEI, dont 47 000 enfants et pr\u00e8s de 10 000 professionnels de l\u2019enfance et\/ou parents.<\/p>\n<p style=\"text-align: justify;\">\n<table id=\"tablepress-1\" class=\"tablepress tablepress-id-1\">\n<thead>\n<tr class=\"row-1\">\n\t<th class=\"column-1\">Activit\u00e9s<\/th><th class=\"column-2\">Nombre de b\u00e9n\u00e9ficiaires<\/th>\n<\/tr>\n<\/thead>\n<tbody class=\"row-striping row-hover\">\n<tr class=\"row-2\">\n\t<td class=\"column-1\">\u00a0Nombre d'enfants renforc\u00e9s \/ Pr\u00e9vention<\/td><td class=\"column-2\">\u00a027 370<\/td>\n<\/tr>\n<tr class=\"row-3\">\n\t<td class=\"column-1\">Nombre de professionnels form\u00e9s \u00e0 la Politique de protection interne<\/td><td class=\"column-2\">\u00a0410<\/td>\n<\/tr>\n<tr class=\"row-4\">\n\t<td class=\"column-1\">\u00a0Nombre de professionnels form\u00e9s aux techniques de pr\u00e9vention participative<\/td><td class=\"column-2\">\u00a01 070<\/td>\n<\/tr>\n<tr class=\"row-5\">\n\t<td class=\"column-1\">Nombre de parents \/ communaut\u00e9s renforc\u00e9s<\/td><td class=\"column-2\">1 265<\/td>\n<\/tr>\n<tr class=\"row-6\">\n\t<td class=\"column-1\">Nombre de repr\u00e9sentants des autorit\u00e9s locales renforc\u00e9s<\/td><td class=\"column-2\">622<\/td>\n<\/tr>\n<tr class=\"row-7\">\n\t<td class=\"column-1\">Nombres d'enfants victimes \/ survivants d'abus sexuel mieux accompagn\u00e9s<\/td><td class=\"column-2\">19 815<\/td>\n<\/tr>\n<tr class=\"row-8\">\n\t<td class=\"column-1\">Nombre de professionnels form\u00e9s \u00e0 l'accompagnement psychologique des enfants victimes \/ survivants d'abus sexuel<\/td><td class=\"column-2\">2 645<\/td>\n<\/tr>\n<tr class=\"row-9\">\n\t<td class=\"column-1\">Nombre de professionnels judificiaires form\u00e9s au recueil respectueux de la parole de l'enfant<\/td><td class=\"column-2\">2 435<\/td>\n<\/tr>\n<tr class=\"row-10\">\n\t<td class=\"column-1\">Nombre de professionnels form\u00e9s \u00e0 la gestion ad\u00e9quate de projets de protection de l'enfant<\/td><td class=\"column-2\">75<\/td>\n<\/tr>\n<tr class=\"row-11\">\n\t<td class=\"column-1\">Nombre de professionnels form\u00e9s au plaidoyer<\/td><td class=\"column-2\">95<\/td>\n<\/tr>\n<tr class=\"row-12\">\n\t<td class=\"column-1\">Total<\/td><td class=\"column-2\">55 802<\/td>\n<\/tr>\n<\/tbody>\n<\/table>\n<\/p>\n<p><!-- <fw_preview_session>1536919671329<\/fw_preview_session> --><\/p>\n","protected":false},"excerpt":{"rendered":"<p>L\u2019abus sexuel peut \u00eatre d\u00e9fini comme &#8220;toute atteinte sexuelle commise avec force, contrainte ou \u00e0 la faveur d\u2019un rapport in\u00e9gal&#8221; (OMS, groupe de travail de l\u2019ONU et des ONG pour la Protection contre l\u2019EAS, janvier 2010). Les enfants et adolescents sont concern\u00e9s au premier chef par ce &#8220;rapport in\u00e9gal&#8221;.<\/p>\n","protected":false},"author":1,"featured_media":29740,"parent":0,"menu_order":1,"comment_status":"closed","ping_status":"closed","template":"","meta":{"_acf_changed":false,"footnotes":""},"class_list":["post-1788","page","type-page","status-publish","has-post-thumbnail","hentry"],"acf":[],"yoast_head":"<!-- This site is optimized with the Yoast SEO plugin v27.2 - https:\/\/yoast.com\/product\/yoast-seo-wordpress\/ -->\n<title>Abus sexuel : un programme interr\u00e9gional pour lutter contre ce fl\u00e9au<\/title>\n<meta name=\"description\" content=\"Abus sexuel : 1 enfant sur 5 est victime de violences sexuelles. Chiffres cl\u00e9s dans le monde et les actions du BICE pour prot\u00e9ger et d\u00e9fendre les enfants.\" \/>\n<meta name=\"robots\" content=\"index, follow, max-snippet:-1, max-image-preview:large, max-video-preview:-1\" \/>\n<link rel=\"canonical\" href=\"https:\/\/bice.org\/fr\/wp-json\/wp\/v2\/pages\/1788\" \/>\n<meta property=\"og:locale\" content=\"fr_FR\" \/>\n<meta property=\"og:type\" content=\"article\" \/>\n<meta property=\"og:title\" content=\"Abus sexuel : un programme interr\u00e9gional pour lutter contre ce fl\u00e9au\" \/>\n<meta property=\"og:description\" content=\"Abus sexuel : 1 enfant sur 5 est victime de violences sexuelles. Chiffres cl\u00e9s dans le monde et les actions du BICE pour prot\u00e9ger et d\u00e9fendre les enfants.\" \/>\n<meta property=\"og:url\" content=\"https:\/\/bice.org\/fr\/abus-sexuel\/\" \/>\n<meta property=\"og:site_name\" content=\"BICE - ONG de protection des droits de l&#039;enfant\" \/>\n<meta property=\"article:modified_time\" content=\"2024-02-16T13:59:18+00:00\" \/>\n<meta property=\"og:image\" content=\"https:\/\/i0.wp.com\/bice.org\/app\/uploads\/2014\/06\/%C2%A9BICE.jpg?fit=1000%2C435&ssl=1\" \/>\n\t<meta property=\"og:image:width\" content=\"1000\" \/>\n\t<meta property=\"og:image:height\" content=\"435\" \/>\n\t<meta property=\"og:image:type\" content=\"image\/jpeg\" \/>\n<meta name=\"twitter:card\" content=\"summary_large_image\" \/>\n<meta name=\"twitter:label1\" content=\"Dur\u00e9e de lecture estim\u00e9e\" \/>\n\t<meta name=\"twitter:data1\" content=\"3 minutes\" \/>\n<!-- \/ Yoast SEO plugin. -->","yoast_head_json":{"title":"Abus sexuel : un programme interr\u00e9gional pour lutter contre ce fl\u00e9au","description":"Abus sexuel : 1 enfant sur 5 est victime de violences sexuelles. Chiffres cl\u00e9s dans le monde et les actions du BICE pour prot\u00e9ger et d\u00e9fendre les enfants.","robots":{"index":"index","follow":"follow","max-snippet":"max-snippet:-1","max-image-preview":"max-image-preview:large","max-video-preview":"max-video-preview:-1"},"canonical":"https:\/\/bice.org\/fr\/wp-json\/wp\/v2\/pages\/1788","og_locale":"fr_FR","og_type":"article","og_title":"Abus sexuel : un programme interr\u00e9gional pour lutter contre ce fl\u00e9au","og_description":"Abus sexuel : 1 enfant sur 5 est victime de violences sexuelles. Chiffres cl\u00e9s dans le monde et les actions du BICE pour prot\u00e9ger et d\u00e9fendre les enfants.","og_url":"https:\/\/bice.org\/fr\/abus-sexuel\/","og_site_name":"BICE - ONG de protection des droits de l&#039;enfant","article_modified_time":"2024-02-16T13:59:18+00:00","og_image":[{"width":1000,"height":435,"url":"https:\/\/i0.wp.com\/bice.org\/app\/uploads\/2014\/06\/%C2%A9BICE.jpg?fit=1000%2C435&ssl=1","type":"image\/jpeg"}],"twitter_card":"summary_large_image","twitter_misc":{"Dur\u00e9e de lecture estim\u00e9e":"3 minutes"},"schema":{"@context":"https:\/\/schema.org","@graph":[{"@type":"WebPage","@id":"https:\/\/bice.org\/fr\/abus-sexuel\/","url":"https:\/\/bice.org\/fr\/abus-sexuel\/","name":"Abus sexuel : un programme interr\u00e9gional pour lutter contre ce fl\u00e9au","isPartOf":{"@id":"https:\/\/bice.org\/fr\/#website"},"primaryImageOfPage":{"@id":"https:\/\/bice.org\/fr\/abus-sexuel\/#primaryimage"},"image":{"@id":"https:\/\/bice.org\/fr\/abus-sexuel\/#primaryimage"},"thumbnailUrl":"https:\/\/i0.wp.com\/bice.org\/app\/uploads\/2014\/06\/%C2%A9BICE.jpg?fit=1000%2C435&ssl=1","datePublished":"2014-06-05T15:07:44+00:00","dateModified":"2024-02-16T13:59:18+00:00","description":"Abus sexuel : 1 enfant sur 5 est victime de violences sexuelles. Chiffres cl\u00e9s dans le monde et les actions du BICE pour prot\u00e9ger et d\u00e9fendre les enfants.","breadcrumb":{"@id":"https:\/\/bice.org\/fr\/abus-sexuel\/#breadcrumb"},"inLanguage":"fr-FR","potentialAction":[{"@type":"ReadAction","target":["https:\/\/bice.org\/fr\/abus-sexuel\/"]}]},{"@type":"ImageObject","inLanguage":"fr-FR","@id":"https:\/\/bice.org\/fr\/abus-sexuel\/#primaryimage","url":"https:\/\/i0.wp.com\/bice.org\/app\/uploads\/2014\/06\/%C2%A9BICE.jpg?fit=1000%2C435&ssl=1","contentUrl":"https:\/\/i0.wp.com\/bice.org\/app\/uploads\/2014\/06\/%C2%A9BICE.jpg?fit=1000%2C435&ssl=1","width":1000,"height":435,"caption":"\u00a9BICE"},{"@type":"BreadcrumbList","@id":"https:\/\/bice.org\/fr\/abus-sexuel\/#breadcrumb","itemListElement":[{"@type":"ListItem","position":1,"name":"Accueil","item":"https:\/\/bice.org\/fr\/"},{"@type":"ListItem","position":2,"name":"Abus sexuel : un programme interr\u00e9gional pour lutter contre ce fl\u00e9au"}]},{"@type":"WebSite","@id":"https:\/\/bice.org\/fr\/#website","url":"https:\/\/bice.org\/fr\/","name":"BICE - ONG de protection des droits de l&#039;enfant","description":"Notre mission : D\u00e9fendre les droits et la dignit\u00e9 des enfants partout dans le monde","publisher":{"@id":"https:\/\/bice.org\/fr\/#organization"},"potentialAction":[{"@type":"SearchAction","target":{"@type":"EntryPoint","urlTemplate":"https:\/\/bice.org\/fr\/?s={search_term_string}"},"query-input":{"@type":"PropertyValueSpecification","valueRequired":true,"valueName":"search_term_string"}}],"inLanguage":"fr-FR"},{"@type":"Organization","@id":"https:\/\/bice.org\/fr\/#organization","name":"BICE","url":"https:\/\/bice.org\/fr\/","logo":{"@type":"ImageObject","inLanguage":"fr-FR","@id":"https:\/\/bice.org\/fr\/#\/schema\/logo\/image\/","url":"https:\/\/bice.org\/app\/uploads\/2022\/06\/favicon.ico","contentUrl":"https:\/\/bice.org\/app\/uploads\/2022\/06\/favicon.ico","width":64,"height":64,"caption":"BICE"},"image":{"@id":"https:\/\/bice.org\/fr\/#\/schema\/logo\/image\/"}}]}},"jetpack_sharing_enabled":true,"_links":{"self":[{"href":"https:\/\/bice.org\/fr\/wp-json\/wp\/v2\/pages\/1788","targetHints":{"allow":["GET"]}}],"collection":[{"href":"https:\/\/bice.org\/fr\/wp-json\/wp\/v2\/pages"}],"about":[{"href":"https:\/\/bice.org\/fr\/wp-json\/wp\/v2\/types\/page"}],"author":[{"embeddable":true,"href":"https:\/\/bice.org\/fr\/wp-json\/wp\/v2\/users\/1"}],"replies":[{"embeddable":true,"href":"https:\/\/bice.org\/fr\/wp-json\/wp\/v2\/comments?post=1788"}],"version-history":[{"count":0,"href":"https:\/\/bice.org\/fr\/wp-json\/wp\/v2\/pages\/1788\/revisions"}],"wp:featuredmedia":[{"embeddable":true,"href":"https:\/\/bice.org\/fr\/wp-json\/wp\/v2\/media\/29740"}],"wp:attachment":[{"href":"https:\/\/bice.org\/fr\/wp-json\/wp\/v2\/media?parent=1788"}],"curies":[{"name":"wp","href":"https:\/\/api.w.org\/{rel}","templated":true}]}}