{"id":1793,"date":"2014-06-05T15:43:31","date_gmt":"2014-06-05T15:43:31","guid":{"rendered":"https:\/\/bice.org\/fr\/enfants-dans-les-conflits-armes\/"},"modified":"2023-03-10T10:41:14","modified_gmt":"2023-03-10T09:41:14","slug":"enfants-dans-les-conflits-armes","status":"publish","type":"page","link":"https:\/\/bice.org\/fr\/enfants-dans-les-conflits-armes\/","title":{"rendered":"Enfants dans les conflits arm\u00e9s"},"content":{"rendered":"<p>Nos actions sont men\u00e9es soit en parall\u00e8le du conflit soit par la suite, lorsque l\u2019urgence peut faire place \u00e0 la reconstruction.&nbsp;L\u2019objectif du BICE et de ses partenaires est d\u2019aider les enfants \u00e0 retrouver \u00e9quilibre et foi en l\u2019avenir suite aux traumatismes v\u00e9cus.<\/p>\n<h2>Qu\u2019est-ce qu\u2019un enfant victime de conflit ?<\/h2>\n<p>Il existe plusieurs typologies d\u2019enfants victimes de conflit :<\/p>\n<ul>\n<li>Enfants victimes de la guerre : malgr\u00e9 eux, les enfants sont expos\u00e9s pendant et apr\u00e8s le conflit aux cons\u00e9quences des bombardements, des combats, des privations\u2026 Ils font partie des victimes civiles.<\/li>\n<li>Enfants d\u00e9plac\u00e9s\n<ul>\n<li>Enfants r\u00e9fugi\u00e9s : en raison des conflits, des violences, des catastrophes naturelles, les enfants et leurs familles fuient leur pays et se r\u00e9fugient dans les pays voisins. Ils poss\u00e8dent alors des droits sp\u00e9cifiques.<\/li>\n<li>Enfants d\u00e9plac\u00e9s en interne : la plupart du temps, les enfants se d\u00e9placent dans leur pays au gr\u00e9 des combats.<\/li>\n<li>Enfants non accompagn\u00e9s : il s\u2019agit des enfants s\u00e9par\u00e9s de leur famille \u00e0 cause d\u2019un conflit. Ils sont isol\u00e9s mais pas forc\u00e9ment orphelins.<\/li>\n<\/ul>\n<\/li>\n<li>Enfants dans les conflits arm\u00e9s : ce sont les enfants soldats \u00e2g\u00e9s de moins de 18 ans et recrut\u00e9s de force ou enlev\u00e9s, enr\u00f4l\u00e9s pour fuir la pauvret\u00e9, la maltraitance ou la discrimination. Ils sont utilis\u00e9s comme combattants, coursiers, porteurs, cuisiniers et pour fournir des services sexuels.<\/li>\n<\/ul>\n<h2>Le BICE agit pour les enfants victimes de conflit<\/h2>\n<p>Les enfants dans les conflits sont les premi\u00e8res victimes et celles qui conservent les plus traces. Pour tous ces enfants, l\u2019aide d\u2019urgence ne suffit pas. B\u00e2tir la paix est un d\u00e9fi pour les pays en guerre et leurs habitants qui ont souffert de trop nombreuses ann\u00e9es. Les blessures et traumatismes laissent de nombreuses marques \u00e0 vie et d\u00e9truisent des g\u00e9n\u00e9rations enti\u00e8res d\u2019enfants.<\/p>\n<p>Le BICE et ses partenaires sont persuad\u00e9s que construire la paix :<\/p>\n<ul>\n<li>C\u2019est r\u00e9apprendre \u00e0 faire confiance,<\/li>\n<li>C\u2019est retrouver des racines et des valeurs fondamentales qui permettent la vie en commun,<\/li>\n<li>C\u2019est r\u00e9apprendre le respect des lois et reconstruire un Etat de droit.<\/li>\n<\/ul>\n<p>Au cours des 15 derni\u00e8res ann\u00e9es, le BICE et ses partenaires sont intervenus dans plusieurs zones de conflit : Lib\u00e9ria, RDC, C\u00f4te d\u2019Ivoire, Mali, Syrie\u2026 A chaque fois, il s\u2019agissait d\u2019offrir un soutien psychosocial aux enfants.<\/p>\n<p>Dans certaines situations, les projets incluaient \u00e9galement la recherche des familles en cas de d\u00e9placement massif des populations ou encore la pr\u00e9vention sur les risques li\u00e9s aux explosifs encore actifs.<\/p>\n<p><center><iframe src=\"https:\/\/www.youtube.com\/embed\/ensb-rhKm1o\" width=\"560\" height=\"315\" frameborder=\"0\" allowfullscreen=\"allowfullscreen\"><\/iframe><\/center>&nbsp;<\/p>\n","protected":false},"excerpt":{"rendered":"<p>Les enfants victimes de conflit demandent une prise en charge sp\u00e9cifique et \u00e0 long terme. Le BICE n\u2019intervient pas sur des terrains d\u2019urgence et n\u2019apporte pas d\u2019aide humanitaire de premi\u00e8re n\u00e9cessit\u00e9. <\/p>\n","protected":false},"author":1,"featured_media":8741,"parent":0,"menu_order":8,"comment_status":"closed","ping_status":"closed","template":"","meta":{"_acf_changed":false,"footnotes":""},"class_list":["post-1793","page","type-page","status-publish","has-post-thumbnail","hentry"],"acf":[],"yoast_head":"<!-- This site is optimized with the Yoast SEO plugin v27.2 - https:\/\/yoast.com\/product\/yoast-seo-wordpress\/ -->\n<title>Enfants dans les conflits arm\u00e9s| BICE<\/title>\n<meta name=\"description\" content=\"Qu&#039;est-ce qu&#039;un enfant victime de conflit ? Chiffres cl\u00e9s sur les conflits dans le monde\" \/>\n<meta name=\"robots\" content=\"index, follow, max-snippet:-1, max-image-preview:large, max-video-preview:-1\" \/>\n<link rel=\"canonical\" href=\"https:\/\/bice.org\/fr\/wp-json\/wp\/v2\/pages\/1793\" \/>\n<meta property=\"og:locale\" content=\"fr_FR\" \/>\n<meta property=\"og:type\" content=\"article\" \/>\n<meta property=\"og:title\" content=\"Enfants dans les conflits arm\u00e9s| BICE\" \/>\n<meta property=\"og:description\" content=\"Qu&#039;est-ce qu&#039;un enfant victime de conflit ? Chiffres cl\u00e9s sur les conflits dans le monde\" \/>\n<meta property=\"og:url\" content=\"https:\/\/bice.org\/fr\/enfants-dans-les-conflits-armes\/\" \/>\n<meta property=\"og:site_name\" content=\"BICE - ONG de protection des droits de l&#039;enfant\" \/>\n<meta property=\"article:modified_time\" content=\"2023-03-10T09:41:14+00:00\" \/>\n<meta property=\"og:image\" content=\"https:\/\/i0.wp.com\/bice.org\/app\/uploads\/2014\/06\/conflits-thomas-koch-Shutterstockcom.jpg?fit=1000%2C435&ssl=1\" \/>\n\t<meta property=\"og:image:width\" content=\"1000\" \/>\n\t<meta property=\"og:image:height\" content=\"435\" \/>\n\t<meta property=\"og:image:type\" content=\"image\/jpeg\" \/>\n<meta name=\"twitter:card\" content=\"summary_large_image\" \/>\n<meta name=\"twitter:label1\" content=\"Dur\u00e9e de lecture estim\u00e9e\" \/>\n\t<meta name=\"twitter:data1\" content=\"2 minutes\" \/>\n<!-- \/ Yoast SEO plugin. -->","yoast_head_json":{"title":"Enfants dans les conflits arm\u00e9s| BICE","description":"Qu'est-ce qu'un enfant victime de conflit ? Chiffres cl\u00e9s sur les conflits dans le monde","robots":{"index":"index","follow":"follow","max-snippet":"max-snippet:-1","max-image-preview":"max-image-preview:large","max-video-preview":"max-video-preview:-1"},"canonical":"https:\/\/bice.org\/fr\/wp-json\/wp\/v2\/pages\/1793","og_locale":"fr_FR","og_type":"article","og_title":"Enfants dans les conflits arm\u00e9s| BICE","og_description":"Qu'est-ce qu'un enfant victime de conflit ? Chiffres cl\u00e9s sur les conflits dans le monde","og_url":"https:\/\/bice.org\/fr\/enfants-dans-les-conflits-armes\/","og_site_name":"BICE - ONG de protection des droits de l&#039;enfant","article_modified_time":"2023-03-10T09:41:14+00:00","og_image":[{"width":1000,"height":435,"url":"https:\/\/i0.wp.com\/bice.org\/app\/uploads\/2014\/06\/conflits-thomas-koch-Shutterstockcom.jpg?fit=1000%2C435&ssl=1","type":"image\/jpeg"}],"twitter_card":"summary_large_image","twitter_misc":{"Dur\u00e9e de lecture estim\u00e9e":"2 minutes"},"schema":{"@context":"https:\/\/schema.org","@graph":[{"@type":"WebPage","@id":"https:\/\/bice.org\/fr\/enfants-dans-les-conflits-armes\/","url":"https:\/\/bice.org\/fr\/enfants-dans-les-conflits-armes\/","name":"Enfants dans les conflits arm\u00e9s| BICE","isPartOf":{"@id":"https:\/\/bice.org\/fr\/#website"},"primaryImageOfPage":{"@id":"https:\/\/bice.org\/fr\/enfants-dans-les-conflits-armes\/#primaryimage"},"image":{"@id":"https:\/\/bice.org\/fr\/enfants-dans-les-conflits-armes\/#primaryimage"},"thumbnailUrl":"https:\/\/i0.wp.com\/bice.org\/app\/uploads\/2014\/06\/conflits-thomas-koch-Shutterstockcom.jpg?fit=1000%2C435&ssl=1","datePublished":"2014-06-05T15:43:31+00:00","dateModified":"2023-03-10T09:41:14+00:00","description":"Qu'est-ce qu'un enfant victime de conflit ? Chiffres cl\u00e9s sur les conflits dans le monde","breadcrumb":{"@id":"https:\/\/bice.org\/fr\/enfants-dans-les-conflits-armes\/#breadcrumb"},"inLanguage":"fr-FR","potentialAction":[{"@type":"ReadAction","target":["https:\/\/bice.org\/fr\/enfants-dans-les-conflits-armes\/"]}]},{"@type":"ImageObject","inLanguage":"fr-FR","@id":"https:\/\/bice.org\/fr\/enfants-dans-les-conflits-armes\/#primaryimage","url":"https:\/\/i0.wp.com\/bice.org\/app\/uploads\/2014\/06\/conflits-thomas-koch-Shutterstockcom.jpg?fit=1000%2C435&ssl=1","contentUrl":"https:\/\/i0.wp.com\/bice.org\/app\/uploads\/2014\/06\/conflits-thomas-koch-Shutterstockcom.jpg?fit=1000%2C435&ssl=1","width":1000,"height":435,"caption":"\u00a9Thomas Koch - Shutterstock.com"},{"@type":"BreadcrumbList","@id":"https:\/\/bice.org\/fr\/enfants-dans-les-conflits-armes\/#breadcrumb","itemListElement":[{"@type":"ListItem","position":1,"name":"Accueil","item":"https:\/\/bice.org\/fr\/"},{"@type":"ListItem","position":2,"name":"Enfants dans les conflits arm\u00e9s"}]},{"@type":"WebSite","@id":"https:\/\/bice.org\/fr\/#website","url":"https:\/\/bice.org\/fr\/","name":"BICE - ONG de protection des droits de l&#039;enfant","description":"Notre mission : D\u00e9fendre les droits et la dignit\u00e9 des enfants partout dans le monde","publisher":{"@id":"https:\/\/bice.org\/fr\/#organization"},"potentialAction":[{"@type":"SearchAction","target":{"@type":"EntryPoint","urlTemplate":"https:\/\/bice.org\/fr\/?s={search_term_string}"},"query-input":{"@type":"PropertyValueSpecification","valueRequired":true,"valueName":"search_term_string"}}],"inLanguage":"fr-FR"},{"@type":"Organization","@id":"https:\/\/bice.org\/fr\/#organization","name":"BICE","url":"https:\/\/bice.org\/fr\/","logo":{"@type":"ImageObject","inLanguage":"fr-FR","@id":"https:\/\/bice.org\/fr\/#\/schema\/logo\/image\/","url":"https:\/\/bice.org\/app\/uploads\/2022\/06\/favicon.ico","contentUrl":"https:\/\/bice.org\/app\/uploads\/2022\/06\/favicon.ico","width":64,"height":64,"caption":"BICE"},"image":{"@id":"https:\/\/bice.org\/fr\/#\/schema\/logo\/image\/"}}]}},"jetpack_sharing_enabled":true,"_links":{"self":[{"href":"https:\/\/bice.org\/fr\/wp-json\/wp\/v2\/pages\/1793","targetHints":{"allow":["GET"]}}],"collection":[{"href":"https:\/\/bice.org\/fr\/wp-json\/wp\/v2\/pages"}],"about":[{"href":"https:\/\/bice.org\/fr\/wp-json\/wp\/v2\/types\/page"}],"author":[{"embeddable":true,"href":"https:\/\/bice.org\/fr\/wp-json\/wp\/v2\/users\/1"}],"replies":[{"embeddable":true,"href":"https:\/\/bice.org\/fr\/wp-json\/wp\/v2\/comments?post=1793"}],"version-history":[{"count":0,"href":"https:\/\/bice.org\/fr\/wp-json\/wp\/v2\/pages\/1793\/revisions"}],"wp:featuredmedia":[{"embeddable":true,"href":"https:\/\/bice.org\/fr\/wp-json\/wp\/v2\/media\/8741"}],"wp:attachment":[{"href":"https:\/\/bice.org\/fr\/wp-json\/wp\/v2\/media?parent=1793"}],"curies":[{"name":"wp","href":"https:\/\/api.w.org\/{rel}","templated":true}]}}