{"id":1794,"date":"2014-06-06T08:56:34","date_gmt":"2014-06-06T08:56:34","guid":{"rendered":"https:\/\/bice.org\/fr\/handicap\/"},"modified":"2025-12-12T10:19:14","modified_gmt":"2025-12-12T09:19:14","slug":"handicap","status":"publish","type":"page","link":"https:\/\/bice.org\/fr\/actions-de-terrain\/domaines-daction\/handicap\/","title":{"rendered":"Le BICE agit pour l\u2019inclusion des enfants et des jeunes en situation de handicap"},"content":{"rendered":"\n<p>Les personnes en situation de handicap (depuis la naissance ou non) repr\u00e9sentent 15 % de la population mondiale. Soit au moins un milliard de personnes. Pr\u00e8s de 240 millions d&#8217;entre elles sont des enfants.<\/p>\n\n\n\n<p>La <a href=\"https:\/\/bice.org\/fr\/droits-de-lenfant\/convention-relative-aux-droits-de-l-enfant\/\">Convention relative aux&nbsp;droits de l\u2019enfant<\/a>&nbsp;(CDE) ratifi\u00e9e en 1989 est le premier texte international \u00e0 faire explicitement r\u00e9f\u00e9rence aux enfants en situation de handicap en soulignant leurs droits, au m\u00eame titre que tous les enfants. Selon son article 23, \u00ab <em>Les enfants physiquement ou mentalement handicap\u00e9s doivent mener une vie pleine et d\u00e9cente, dans des conditions qui garantissent leur dignit\u00e9, favorisent leur autonomie et facilitent leur participation active \u00e0 la vie de la collectivit\u00e9. <\/em>\u00bb<\/p>\n\n\n\n<h2 class=\"wp-block-heading\">Les droits des enfants en situation de handicap trop souvent bafou\u00e9s<\/h2>\n\n\n\n<h3 class=\"wp-block-heading\">Victimes de stigmatisation, d\u2019exclusion et de violences<\/h3>\n\n\n\n<p>Mais encore aujourd\u2019hui, les enfants en situation de handicap sont particuli\u00e8rement vuln\u00e9rables, et leur prise en charge est souvent peu adapt\u00e9e \u00e0 leurs besoins, voire inexistante. En raison de traditions, croyances ou difficult\u00e9s \u00e9conomiques, certains parents les n\u00e9gligent, allant parfois jusqu\u2019\u00e0 les abandonner. Il arrive encore qu\u2019ils soient accus\u00e9s d\u2019\u00eatre porteurs de mauvais sort. Ils sont alors isol\u00e9s de leur communaut\u00e9 et, dans les pires cas, chass\u00e9s avec leur m\u00e8re ou m\u00eame tu\u00e9s.<\/p>\n\n\n\n<p>Ainsi, selon les Nations unies, dans le monde, les enfants en situation de handicap sont 3 \u00e0 4 fois plus susceptibles d\u2019\u00eatre victimes de violences physiques, sexuelles et de n\u00e9gligence que les autres enfants. Sans oublier que, par peur ou par manque d\u2019information, il est fr\u00e9quent qu\u2019eux et\/ou leurs parents ne soient pas en mesure de porter plainte ou de signaler les violences qu\u2019ils subissent.<\/p>\n\n\n\n<h3 class=\"wp-block-heading\">Un acc\u00e8s \u00e0 l\u2019\u00e9ducation, \u00e0 la formation professionnelle et \u00e0 la sant\u00e9 difficile et peu adapt\u00e9<\/h3>\n\n\n\n<p>Par ailleurs, l\u2019acc\u00e8s \u00e0 l\u2019\u00e9ducation demeure pour eux difficile et peu adapt\u00e9. Beaucoup sont exclus du syst\u00e8me \u00e9ducatif, ne b\u00e9n\u00e9ficient pas d&#8217;une scolarisation adapt\u00e9e \u00e0 leurs besoins et se retrouvent ainsi priv\u00e9s des opportunit\u00e9s d&#8217;apprentissage et de d\u00e9veloppement.<\/p>\n\n\n\n<p>Sur le plan de la sant\u00e9, les enfants en situation de handicap sont souvent confront\u00e9s \u00e0 des difficult\u00e9s d&#8217;acc\u00e8s aux soins et aux services appropri\u00e9s. Alors que certains ont besoin d\u2019une attention m\u00e9dicale sp\u00e9cialis\u00e9e, de th\u00e9rapies et de soutien, ces ressources ne sont pas toujours disponibles ou accessibles. La pauvret\u00e9 et l&#8217;insuffisance des syst\u00e8mes de protection sociale peuvent rendre de surcro\u00eet les soins de sant\u00e9 financi\u00e8rement inabordables.<\/p>\n\n\n\n<h2 class=\"wp-block-heading\">Les actions du BICE et de ses partenaires<\/h2>\n\n\n\n<p>Depuis plus de 30 ans, le BICE et ses partenaires mobilisent leurs forces pour mettre en place ou am\u00e9liorer l\u2019accompagnement sp\u00e9cialis\u00e9 des enfants et adolescents en situation de handicap afin de favoriser leur int\u00e9gration, leur participation active \u00e0 la vie sociale et de lutter contre les discriminations \u00e0 leur encontre.<\/p>\n\n\n\n<p>Nous \u0153uvrons aussi pour une meilleure inclusion professionnelle des adolescents et jeunes adultes dans la mesure de leurs moyens. Et nous sensibilisons les communaut\u00e9s afin de faire \u00e9voluer les mentalit\u00e9s sur le handicap.<\/p>\n\n\n\n<h3 class=\"wp-block-heading\">Des projets dans 5 pays en Afrique, en Asie centrale et en Europe de l\u2019Est<\/h3>\n\n\n\n<p>Actuellement, nous menons, avec nos partenaires locaux, des projets en C\u00f4te d\u2019Ivoire, au Tadjikistan, en Russie, en G\u00e9orgie et en Argentine. Chaque projet est adapt\u00e9 \u00e0 la r\u00e9alit\u00e9 du terrain et aux besoins des populations accompagn\u00e9es.<\/p>\n\n\n\n<ul class=\"wp-block-list\">\n<li>En C\u00f4te d\u2019ivoire, nous soutenons un <a href=\"https:\/\/bice.org\/fr\/cote-divoire-batir-linclusion-par-leducation-la-sante-et-le-sport\/\">centre de jour<\/a> travaillant \u00e0 l\u2019\u00e9veil et \u00e0 la r\u00e9habilitation des enfants porteurs d\u2019un handicap.<\/li>\n<\/ul>\n\n\n\n<ul class=\"wp-block-list\">\n<li>Au Tadjikistan, nous nous concentrons sur l\u2019insertion professionnelle des jeunes. Ainsi que sur l\u2019autonomisation financi\u00e8re des mamans d\u2019enfants en situation de handicap en les aidant \u00e0 lancer une activit\u00e9 g\u00e9n\u00e9ratrice de revenus. En septembre 2023, nous avons \u00e9galement soutenu la <a href=\"https:\/\/bice.org\/fr\/handicap-creation-dune-classe-adaptee-soutenue-par-le-bice\/\">cr\u00e9ation d&#8217;une classe adapt\u00e9e<\/a> pour les enfants atteints d&#8217;autisme.<\/li>\n<\/ul>\n\n\n\n<ul class=\"wp-block-list\">\n<li>En Russie, le BICE et son partenaire Perspektivy favorisent l\u2019acc\u00e8s \u00e0 l\u2019\u00e9ducation inclusive d\u2019enfants en situation de polyhandicap, \u00e2g\u00e9s entre 4 et 18 ans, \u00e0 Saint-P\u00e9tersbourg.<\/li>\n<\/ul>\n\n\n\n<ul class=\"wp-block-list\">\n<li>En G\u00e9orgie, nous travaillons \u00e0 la fois sur l\u2019insertion professionnelle et sur la lutte contre les violences (avec deux volets&nbsp;: pr\u00e9vention et prise en charge).<\/li>\n<\/ul>\n\n\n\n<ul class=\"wp-block-list\">\n<li>En Argentine, au centre Cre-siendo, 56 enfants, porteurs de handicaps moteurs, sensoriels, intellectuels et\/ou psychiatriques, b\u00e9n\u00e9ficient d\u2019une prise en charge globale et interdisciplinaire alliant l\u2019am\u00e9lioration de leur qualit\u00e9 de vie \u00e0 la transmission de divers apprentissages.<\/li>\n<\/ul>\n\n\n<div class=\"grid-blueblocks section-children-categories \">\n\n        <article class=\"blueblocks\">\n        <a href=\"#\" class=\"project-list\" data-cid=\"-1\">            <img decoding=\"async\" width=\"960\" height=\"566\" src=\"https:\/\/i0.wp.com\/bice.org\/app\/uploads\/2022\/02\/tadjikistan-enfant-e1646390921607.jpg?fit=960%2C566&amp;ssl=1\" class=\"attachment-full size-full\" alt=\"Tadjikistan accompagnement handicap\" srcset=\"https:\/\/i0.wp.com\/bice.org\/app\/uploads\/2022\/02\/tadjikistan-enfant-e1646390921607.jpg?w=960&amp;ssl=1 960w, https:\/\/i0.wp.com\/bice.org\/app\/uploads\/2022\/02\/tadjikistan-enfant-e1646390921607.jpg?resize=300%2C177&amp;ssl=1 300w, https:\/\/i0.wp.com\/bice.org\/app\/uploads\/2022\/02\/tadjikistan-enfant-e1646390921607.jpg?resize=768%2C453&amp;ssl=1 768w, https:\/\/i0.wp.com\/bice.org\/app\/uploads\/2022\/02\/tadjikistan-enfant-e1646390921607.jpg?resize=600%2C354&amp;ssl=1 600w\" sizes=\"(max-width: 960px) 100vw, 960px\" \/>            <header>\n                <h3>Les projets du BICE<\/h3>\n                <i class=\"icon-plus\" id=\"projets_icon_-1\"><\/i>                <div class=\"projets_ul \" id=\"projets_-1\"><p><a href=\"https:\/\/bice.org\/fr\/cote-divoire-batir-linclusion-par-leducation-la-sante-et-le-sport\/\">C\u00f4te d&#8217;Ivoire. B\u00e2tir l&#8217;inclusion par l&#8217;\u00e9ducation et le sport (2025-2027)<\/a><\/p>\n<p><a href=\"https:\/\/bice.org\/fr\/accompagner-les-enfants-en-situation-de-handicap-vers-une-inclusion-durable-en-argentine\/\">Argentine. Le BICE soutient le centre Cre-siendo (2026-2027)<\/a><\/p>\n<p><a href=\"https:\/\/bice.org\/fr\/premier-cafe-social-au-tadjikistan-une-belle-initiative-inclusive\/\">Tadjikistan. Cr\u00e9ation d&#8217;un caf\u00e9 social et inclusif (2024-2026)<\/a><\/p>\n<p><a href=\"https:\/\/bice.org\/fr\/handicap-projet-faire-tomber-les-barrieres-en-georgie\/\">G\u00e9orgie. Faire tomber les barri\u00e8re (2023-2026)<\/a><\/p>\n<p><a href=\"https:\/\/bice.org\/fr\/russie-pour-une-inclusion-scolaire-reussie-des-enfants-en-situation-de-polyhandicap\/\">Russie. Favoriser l&#8217;inclusion d&#8217;enfants en situation de polyhandicap (fin 2022-fin 2025)<\/a><\/p>\n<\/div>            <\/header>\n                    <\/a>    <\/article>\n    \n<\/div>\n","protected":false},"excerpt":{"rendered":"<p>Partout dans le monde, les enfants et adolescents en situation de handicap sont plus expos\u00e9s que les autres \u00e0 la discrimination, \u00e0 l\u2019exclusion et \u00e0 la maltraitance. Le BICE et ses partenaires se mobilisent pour favoriser leur int\u00e9gration et lutter contre les discriminations \u00e0 leur encontre.<\/p>\n","protected":false},"author":1,"featured_media":58150,"parent":9558,"menu_order":6,"comment_status":"closed","ping_status":"closed","template":"","meta":{"_acf_changed":false,"footnotes":""},"class_list":["post-1794","page","type-page","status-publish","has-post-thumbnail","hentry"],"acf":[],"yoast_head":"<!-- This site is optimized with the Yoast SEO plugin v27.2 - https:\/\/yoast.com\/product\/yoast-seo-wordpress\/ -->\n<title>Domaines d&#039;action : Enfants en situation de handicap<\/title>\n<meta name=\"description\" content=\"Les enfants en situation de handicap sont plus expos\u00e9s que les autres \u00e0 la maltraitance, \u00e0 l\u2019exclusion et \u00e0 la discrimination.\" \/>\n<meta name=\"robots\" content=\"index, follow, max-snippet:-1, max-image-preview:large, max-video-preview:-1\" \/>\n<link rel=\"canonical\" href=\"https:\/\/bice.org\/fr\/wp-json\/wp\/v2\/pages\/1794\" \/>\n<meta property=\"og:locale\" content=\"fr_FR\" \/>\n<meta property=\"og:type\" content=\"article\" \/>\n<meta property=\"og:title\" content=\"Domaines d&#039;action : Enfants en situation de handicap\" \/>\n<meta property=\"og:description\" content=\"Les enfants en situation de handicap sont plus expos\u00e9s que les autres \u00e0 la maltraitance, \u00e0 l\u2019exclusion et \u00e0 la discrimination.\" \/>\n<meta property=\"og:url\" content=\"https:\/\/bice.org\/fr\/actions-de-terrain\/domaines-daction\/handicap\/\" \/>\n<meta property=\"og:site_name\" content=\"BICE - ONG de protection des droits de l&#039;enfant\" \/>\n<meta property=\"article:modified_time\" content=\"2025-12-12T09:19:14+00:00\" \/>\n<meta property=\"og:image\" content=\"https:\/\/i0.wp.com\/bice.org\/app\/uploads\/2021\/04\/TL_biceabidjan_070612_8899-scaled-e1676448084756.jpg?fit=1600%2C928&ssl=1\" \/>\n\t<meta property=\"og:image:width\" content=\"1600\" \/>\n\t<meta property=\"og:image:height\" content=\"928\" \/>\n\t<meta property=\"og:image:type\" content=\"image\/jpeg\" \/>\n<meta name=\"twitter:card\" content=\"summary_large_image\" \/>\n<meta name=\"twitter:label1\" content=\"Dur\u00e9e de lecture estim\u00e9e\" \/>\n\t<meta name=\"twitter:data1\" content=\"4 minutes\" \/>\n<!-- \/ Yoast SEO plugin. -->","yoast_head_json":{"title":"Domaines d'action : Enfants en situation de handicap","description":"Les enfants en situation de handicap sont plus expos\u00e9s que les autres \u00e0 la maltraitance, \u00e0 l\u2019exclusion et \u00e0 la discrimination.","robots":{"index":"index","follow":"follow","max-snippet":"max-snippet:-1","max-image-preview":"max-image-preview:large","max-video-preview":"max-video-preview:-1"},"canonical":"https:\/\/bice.org\/fr\/wp-json\/wp\/v2\/pages\/1794","og_locale":"fr_FR","og_type":"article","og_title":"Domaines d'action : Enfants en situation de handicap","og_description":"Les enfants en situation de handicap sont plus expos\u00e9s que les autres \u00e0 la maltraitance, \u00e0 l\u2019exclusion et \u00e0 la discrimination.","og_url":"https:\/\/bice.org\/fr\/actions-de-terrain\/domaines-daction\/handicap\/","og_site_name":"BICE - ONG de protection des droits de l&#039;enfant","article_modified_time":"2025-12-12T09:19:14+00:00","og_image":[{"width":1600,"height":928,"url":"https:\/\/i0.wp.com\/bice.org\/app\/uploads\/2021\/04\/TL_biceabidjan_070612_8899-scaled-e1676448084756.jpg?fit=1600%2C928&ssl=1","type":"image\/jpeg"}],"twitter_card":"summary_large_image","twitter_misc":{"Dur\u00e9e de lecture estim\u00e9e":"4 minutes"},"schema":{"@context":"https:\/\/schema.org","@graph":[{"@type":"WebPage","@id":"https:\/\/bice.org\/fr\/actions-de-terrain\/domaines-daction\/handicap\/","url":"https:\/\/bice.org\/fr\/actions-de-terrain\/domaines-daction\/handicap\/","name":"Domaines d'action : Enfants en situation de handicap","isPartOf":{"@id":"https:\/\/bice.org\/fr\/#website"},"primaryImageOfPage":{"@id":"https:\/\/bice.org\/fr\/actions-de-terrain\/domaines-daction\/handicap\/#primaryimage"},"image":{"@id":"https:\/\/bice.org\/fr\/actions-de-terrain\/domaines-daction\/handicap\/#primaryimage"},"thumbnailUrl":"https:\/\/i0.wp.com\/bice.org\/app\/uploads\/2021\/04\/TL_biceabidjan_070612_8899-scaled-e1676448084756.jpg?fit=1600%2C928&ssl=1","datePublished":"2014-06-06T08:56:34+00:00","dateModified":"2025-12-12T09:19:14+00:00","description":"Les enfants en situation de handicap sont plus expos\u00e9s que les autres \u00e0 la maltraitance, \u00e0 l\u2019exclusion et \u00e0 la discrimination.","breadcrumb":{"@id":"https:\/\/bice.org\/fr\/actions-de-terrain\/domaines-daction\/handicap\/#breadcrumb"},"inLanguage":"fr-FR","potentialAction":[{"@type":"ReadAction","target":["https:\/\/bice.org\/fr\/actions-de-terrain\/domaines-daction\/handicap\/"]}]},{"@type":"ImageObject","inLanguage":"fr-FR","@id":"https:\/\/bice.org\/fr\/actions-de-terrain\/domaines-daction\/handicap\/#primaryimage","url":"https:\/\/i0.wp.com\/bice.org\/app\/uploads\/2021\/04\/TL_biceabidjan_070612_8899-scaled-e1676448084756.jpg?fit=1600%2C928&ssl=1","contentUrl":"https:\/\/i0.wp.com\/bice.org\/app\/uploads\/2021\/04\/TL_biceabidjan_070612_8899-scaled-e1676448084756.jpg?fit=1600%2C928&ssl=1","width":1600,"height":928,"caption":"\u00a9 T. Louapre"},{"@type":"BreadcrumbList","@id":"https:\/\/bice.org\/fr\/actions-de-terrain\/domaines-daction\/handicap\/#breadcrumb","itemListElement":[{"@type":"ListItem","position":1,"name":"Accueil","item":"https:\/\/bice.org\/fr\/"},{"@type":"ListItem","position":2,"name":"Nos actions de terrain","item":"https:\/\/bice.org\/fr\/actions-de-terrain\/"},{"@type":"ListItem","position":3,"name":"Domaines d&#8217;action","item":"https:\/\/bice.org\/fr\/actions-de-terrain\/domaines-daction\/"},{"@type":"ListItem","position":4,"name":"Le BICE agit pour l\u2019inclusion des enfants et des jeunes en situation de handicap"}]},{"@type":"WebSite","@id":"https:\/\/bice.org\/fr\/#website","url":"https:\/\/bice.org\/fr\/","name":"BICE - ONG de protection des droits de l&#039;enfant","description":"Notre mission : D\u00e9fendre les droits et la dignit\u00e9 des enfants partout dans le monde","publisher":{"@id":"https:\/\/bice.org\/fr\/#organization"},"potentialAction":[{"@type":"SearchAction","target":{"@type":"EntryPoint","urlTemplate":"https:\/\/bice.org\/fr\/?s={search_term_string}"},"query-input":{"@type":"PropertyValueSpecification","valueRequired":true,"valueName":"search_term_string"}}],"inLanguage":"fr-FR"},{"@type":"Organization","@id":"https:\/\/bice.org\/fr\/#organization","name":"BICE","url":"https:\/\/bice.org\/fr\/","logo":{"@type":"ImageObject","inLanguage":"fr-FR","@id":"https:\/\/bice.org\/fr\/#\/schema\/logo\/image\/","url":"https:\/\/bice.org\/app\/uploads\/2022\/06\/favicon.ico","contentUrl":"https:\/\/bice.org\/app\/uploads\/2022\/06\/favicon.ico","width":64,"height":64,"caption":"BICE"},"image":{"@id":"https:\/\/bice.org\/fr\/#\/schema\/logo\/image\/"}}]}},"jetpack_sharing_enabled":true,"_links":{"self":[{"href":"https:\/\/bice.org\/fr\/wp-json\/wp\/v2\/pages\/1794","targetHints":{"allow":["GET"]}}],"collection":[{"href":"https:\/\/bice.org\/fr\/wp-json\/wp\/v2\/pages"}],"about":[{"href":"https:\/\/bice.org\/fr\/wp-json\/wp\/v2\/types\/page"}],"author":[{"embeddable":true,"href":"https:\/\/bice.org\/fr\/wp-json\/wp\/v2\/users\/1"}],"replies":[{"embeddable":true,"href":"https:\/\/bice.org\/fr\/wp-json\/wp\/v2\/comments?post=1794"}],"version-history":[{"count":3,"href":"https:\/\/bice.org\/fr\/wp-json\/wp\/v2\/pages\/1794\/revisions"}],"predecessor-version":[{"id":315197,"href":"https:\/\/bice.org\/fr\/wp-json\/wp\/v2\/pages\/1794\/revisions\/315197"}],"up":[{"embeddable":true,"href":"https:\/\/bice.org\/fr\/wp-json\/wp\/v2\/pages\/9558"}],"wp:featuredmedia":[{"embeddable":true,"href":"https:\/\/bice.org\/fr\/wp-json\/wp\/v2\/media\/58150"}],"wp:attachment":[{"href":"https:\/\/bice.org\/fr\/wp-json\/wp\/v2\/media?parent=1794"}],"curies":[{"name":"wp","href":"https:\/\/api.w.org\/{rel}","templated":true}]}}