{"id":1795,"date":"2014-06-06T09:12:40","date_gmt":"2014-06-06T09:12:40","guid":{"rendered":"https:\/\/bice.org\/fr\/justice-juvenile\/"},"modified":"2024-09-10T09:40:08","modified_gmt":"2024-09-10T07:40:08","slug":"justice-juvenile","status":"publish","type":"page","link":"https:\/\/bice.org\/fr\/justice-juvenile\/","title":{"rendered":"Justice juv\u00e9nile : le programme &#8220;Enfance sans barreaux&#8221;"},"content":{"rendered":"<p>Le programme pour la justice juv\u00e9nile &#8220;Enfance sans barreaux&#8221; a un double objectif. Il entend favoriser la protection des mineurs en conflit avec la loi. Il oeuvre \u00e9galement pour leur r\u00e9insertion scolaire, socioprofessionnelle et familiale gr\u00e2ce \u00e0 la d\u00e9fense de leurs droits fondamentaux.<\/p>\n<h2>La r\u00e9alit\u00e9 des enfants en conflit avec la loi<\/h2>\n<p>La situation des Enfants en Conflit avec la Loi (ECL) est critique dans bon nombre de pays.<\/p>\n<ul>\n<li>La plupart des enfants d\u00e9tenus n\u2019ont pas commis d\u2019infractions graves. Certains n&#8217;ont m\u00eame commis aucune infraction p\u00e9nale et sont simplement d\u00e9tenus en attente de jugement <em>(source : IDE Institut International des Droits de l\u2019enfant 2010)<\/em><\/li>\n<li>Les nourrissons et petits enfants dont la m\u00e8re est incarc\u00e9r\u00e9e vivent souvent en d\u00e9tention avec elle<em> (source : IDE Institut International des Droits de l\u2019enfant 2010)<\/em><\/li>\n<li>Certains enfants sont en prison pour des motifs discriminatoires comme la religion, la nationalit\u00e9, l\u2019origine ethnique ou les opinions politiques. <em>(source : IDE Institut International des Droits de l\u2019enfant 2010)<\/em><\/li>\n<li>Les jeunes filles, moins nombreuses que les gar\u00e7ons, connaissent bien souvent les conditions de d\u00e9tention les plus d\u00e9plorables.<\/li>\n<\/ul>\n<p>Le programme pour la justice juv\u00e9nile &#8220;Enfance sans barreaux&#8221; soutient le d\u00e9veloppement et la promotion de syst\u00e8mes de justice des mineurs et de pratiques &#8220;r\u00e9paratrices&#8221; conformes aux normes nationales, r\u00e9gionales et internationales et aux droits de l\u2019enfant.<\/p>\n<h2>Qu\u2019est-ce que la justice r\u00e9paratrice ?<\/h2>\n<p>&#8220;La justice r\u00e9paratrice est principalement ax\u00e9e sur la d\u00e9judiciarisation, les alternatives \u00e0 la privation de libert\u00e9 et les mesures de r\u00e9insertion familiale, sociale et professionnelle.<\/p>\n<p>Plusieurs \u00e9tudes ont d\u00e9montr\u00e9 l\u2019inefficacit\u00e9 de la privation de libert\u00e9, surtout pour les enfants en conflit avec la loi. Il est \u00e9galement prouv\u00e9 que la prison ne joue pas, dans la majorit\u00e9 des cas, son r\u00f4le p\u00e9dagogique et que, pire encore, elle abime plus qu\u2019elle ne corrige.<\/p>\n<p>La privation de la libert\u00e9 favorise la r\u00e9cidive, r\u00e9duit le potentiel de r\u00e9silience de l\u2019enfant et compromet ses chances de r\u00e9insertion socioprofessionnelle.<\/p>\n<p>M\u00eame si la privation de libert\u00e9 est pr\u00e9vue par la Convention relative aux droits de l\u2019enfant comme mesure de dernier ressort pour une dur\u00e9e aussi br\u00e8ve que possible, elle devrait \u00eatre une mesure qui rel\u00e8ve de l\u2019exception et non du principe.&#8221; (s<em>ource : <a href=\"https:\/\/bice.org\/fr\/congres-2013-justice-juvenile\/\">Extrait de la d\u00e9claration finale du Congr\u00e8s international du BICE sur la justice juv\u00e9nile en 2013<\/a>)<\/em><\/p>\n<h2>Le BICE agit pour la protection des mineurs<\/h2>\n<p>Le programme &#8220;Enfance sans Barreaux&#8221; comporte cinq axes d&#8217;intervention :<\/p>\n<h3>1. Au niveau politique et l\u00e9gal<\/h3>\n<p>Renforcer l\u2019application des mesures alternatives \u00e0 l\u2019emprisonnement gr\u00e2ce \u00e0 la formation des acteurs de la justice, des agents de l\u2019Etat et des travailleurs sociaux.<\/p>\n<h3>2. Au niveau institutionnel et social<\/h3>\n<p>Encourager les acteurs institutionnels et la soci\u00e9t\u00e9 civile \u00e0 int\u00e9grer une approche r\u00e9paratrice dans les politiques publiques et le syst\u00e8me d\u2019assistance sociale.<\/p>\n<h3>3. Au niveau de l\u2019enfant, de sa famille et de sa communaut\u00e9<\/h3>\n<p>Fournir un appui psychologique, alimentaire et sanitaire ainsi qu\u2019une assistance juridique et <a href=\"https:\/\/bice.org\/fr\/un-accord-entre-le-bnce-mali-et-la-chambre-des-metiers-pour-former-les-enfants-en-conflit-avec-la-loi\/\" target=\"\" rel=\"noopener noreferrer\">favoriser la formation professionnelle en d\u00e9veloppant des partenariats<\/a> pour les mineurs en conflit avec la loi. Ces activit\u00e9s sont r\u00e9alis\u00e9es en lien avec la famille du mineur.<\/p>\n<h3>4. Au niveau des m\u00e9dias<\/h3>\n<p>Faire conna\u00eetre au grand public les b\u00e9n\u00e9fices des mesures alternatives \u00e0 la privation de libert\u00e9 et d\u00e9stigmatiser l\u2019enfant en conflit avec la loi gr\u00e2ce \u00e0 des campagnes de sensibilisation et la r\u00e9alisation d\u2019<a href=\"https:\/\/bice.org\/app\/uploads\/2014\/06\/questionnaire_perception_enfance_sans_barreaux_2013.pdf\" target=\"_blank\" rel=\"noopener noreferrer\">une enqu\u00eate de perception men\u00e9e dans 10 pays.<\/a><\/p>\n<h3>5. Au niveau du plaidoyer r\u00e9gional et international<\/h3>\n<p>Consolider les pratiques de justice r\u00e9paratrice, favoriser l\u2019\u00e9volution des syst\u00e8mes de justice juv\u00e9nile et mieux prot\u00e9ger les mineurs gr\u00e2ce \u00e0 une analyse des diff\u00e9rents syst\u00e8mes judiciaires et des <a href=\"https:\/\/bice.org\/fr\/enfance-sans-barreaux-deux-semaines-d-echanges-entre-l-afrique-et-l-amerique-latine\/\" target=\"\" rel=\"noopener noreferrer\">s\u00e9minaires d\u2019\u00e9change de bonnes pratiques<\/a>.<\/p>\n","protected":false},"excerpt":{"rendered":"<p>La justice juv\u00e9nile est un domaine o\u00f9 les violations des droits de l\u2019enfant sont nombreuses et r\u00e9p\u00e9t\u00e9es. Le BICE a mis en place depuis 2012 le programme &#8220;Enfance sans Barreaux&#8221; dans 9 pays d\u2019Afrique et d\u2019Am\u00e9rique latine. <\/p>\n","protected":false},"author":1,"featured_media":8840,"parent":0,"menu_order":7,"comment_status":"closed","ping_status":"closed","template":"","meta":{"_acf_changed":false,"footnotes":""},"class_list":["post-1795","page","type-page","status-publish","has-post-thumbnail","hentry"],"acf":[],"yoast_head":"<!-- This site is optimized with the Yoast SEO plugin v27.2 - https:\/\/yoast.com\/product\/yoast-seo-wordpress\/ -->\n<title>Justice juv\u00e9nile et Enfance sans Barreaux | BICE<\/title>\n<meta name=\"description\" content=\"Qu&#039;est-ce que le justice juv\u00e9nile ? Chiffres cl\u00e9s sur les enfants en prison dont les droits sont bafou\u00e9s\" \/>\n<meta name=\"robots\" content=\"noindex, nofollow\" \/>\n<meta property=\"og:locale\" content=\"fr_FR\" \/>\n<meta property=\"og:type\" content=\"article\" \/>\n<meta property=\"og:title\" content=\"Justice juv\u00e9nile et Enfance sans Barreaux | BICE\" \/>\n<meta property=\"og:description\" content=\"Qu&#039;est-ce que le justice juv\u00e9nile ? Chiffres cl\u00e9s sur les enfants en prison dont les droits sont bafou\u00e9s\" \/>\n<meta property=\"og:url\" content=\"https:\/\/bice.org\/fr\/justice-juvenile\/\" \/>\n<meta property=\"og:site_name\" content=\"BICE - ONG de protection des droits de l&#039;enfant\" \/>\n<meta property=\"article:modified_time\" content=\"2024-09-10T07:40:08+00:00\" \/>\n<meta property=\"og:image\" content=\"https:\/\/i0.wp.com\/bice.org\/app\/uploads\/2014\/06\/justice-juvenile.jpg?fit=1000%2C435&ssl=1\" \/>\n\t<meta property=\"og:image:width\" content=\"1000\" \/>\n\t<meta property=\"og:image:height\" content=\"435\" \/>\n\t<meta property=\"og:image:type\" content=\"image\/jpeg\" \/>\n<meta name=\"twitter:card\" content=\"summary_large_image\" \/>\n<meta name=\"twitter:label1\" content=\"Dur\u00e9e de lecture estim\u00e9e\" \/>\n\t<meta name=\"twitter:data1\" content=\"4 minutes\" \/>\n<!-- \/ Yoast SEO plugin. -->","yoast_head_json":{"title":"Justice juv\u00e9nile et Enfance sans Barreaux | BICE","description":"Qu'est-ce que le justice juv\u00e9nile ? Chiffres cl\u00e9s sur les enfants en prison dont les droits sont bafou\u00e9s","robots":{"index":"noindex","follow":"nofollow"},"og_locale":"fr_FR","og_type":"article","og_title":"Justice juv\u00e9nile et Enfance sans Barreaux | BICE","og_description":"Qu'est-ce que le justice juv\u00e9nile ? Chiffres cl\u00e9s sur les enfants en prison dont les droits sont bafou\u00e9s","og_url":"https:\/\/bice.org\/fr\/justice-juvenile\/","og_site_name":"BICE - ONG de protection des droits de l&#039;enfant","article_modified_time":"2024-09-10T07:40:08+00:00","og_image":[{"width":1000,"height":435,"url":"https:\/\/i0.wp.com\/bice.org\/app\/uploads\/2014\/06\/justice-juvenile.jpg?fit=1000%2C435&ssl=1","type":"image\/jpeg"}],"twitter_card":"summary_large_image","twitter_misc":{"Dur\u00e9e de lecture estim\u00e9e":"4 minutes"},"schema":{"@context":"https:\/\/schema.org","@graph":[{"@type":"WebPage","@id":"https:\/\/bice.org\/fr\/justice-juvenile\/","url":"https:\/\/bice.org\/fr\/justice-juvenile\/","name":"Justice juv\u00e9nile et Enfance sans Barreaux | BICE","isPartOf":{"@id":"https:\/\/bice.org\/fr\/#website"},"primaryImageOfPage":{"@id":"https:\/\/bice.org\/fr\/justice-juvenile\/#primaryimage"},"image":{"@id":"https:\/\/bice.org\/fr\/justice-juvenile\/#primaryimage"},"thumbnailUrl":"https:\/\/i0.wp.com\/bice.org\/app\/uploads\/2014\/06\/justice-juvenile.jpg?fit=1000%2C435&ssl=1","datePublished":"2014-06-06T09:12:40+00:00","dateModified":"2024-09-10T07:40:08+00:00","description":"Qu'est-ce que le justice juv\u00e9nile ? Chiffres cl\u00e9s sur les enfants en prison dont les droits sont bafou\u00e9s","breadcrumb":{"@id":"https:\/\/bice.org\/fr\/justice-juvenile\/#breadcrumb"},"inLanguage":"fr-FR","potentialAction":[{"@type":"ReadAction","target":["https:\/\/bice.org\/fr\/justice-juvenile\/"]}]},{"@type":"ImageObject","inLanguage":"fr-FR","@id":"https:\/\/bice.org\/fr\/justice-juvenile\/#primaryimage","url":"https:\/\/i0.wp.com\/bice.org\/app\/uploads\/2014\/06\/justice-juvenile.jpg?fit=1000%2C435&ssl=1","contentUrl":"https:\/\/i0.wp.com\/bice.org\/app\/uploads\/2014\/06\/justice-juvenile.jpg?fit=1000%2C435&ssl=1","width":1000,"height":435},{"@type":"BreadcrumbList","@id":"https:\/\/bice.org\/fr\/justice-juvenile\/#breadcrumb","itemListElement":[{"@type":"ListItem","position":1,"name":"Accueil","item":"https:\/\/bice.org\/fr\/"},{"@type":"ListItem","position":2,"name":"Justice juv\u00e9nile : le programme &#8220;Enfance sans barreaux&#8221;"}]},{"@type":"WebSite","@id":"https:\/\/bice.org\/fr\/#website","url":"https:\/\/bice.org\/fr\/","name":"BICE - ONG de protection des droits de l&#039;enfant","description":"Notre mission : D\u00e9fendre les droits et la dignit\u00e9 des enfants partout dans le monde","publisher":{"@id":"https:\/\/bice.org\/fr\/#organization"},"potentialAction":[{"@type":"SearchAction","target":{"@type":"EntryPoint","urlTemplate":"https:\/\/bice.org\/fr\/?s={search_term_string}"},"query-input":{"@type":"PropertyValueSpecification","valueRequired":true,"valueName":"search_term_string"}}],"inLanguage":"fr-FR"},{"@type":"Organization","@id":"https:\/\/bice.org\/fr\/#organization","name":"BICE","url":"https:\/\/bice.org\/fr\/","logo":{"@type":"ImageObject","inLanguage":"fr-FR","@id":"https:\/\/bice.org\/fr\/#\/schema\/logo\/image\/","url":"https:\/\/bice.org\/app\/uploads\/2022\/06\/favicon.ico","contentUrl":"https:\/\/bice.org\/app\/uploads\/2022\/06\/favicon.ico","width":64,"height":64,"caption":"BICE"},"image":{"@id":"https:\/\/bice.org\/fr\/#\/schema\/logo\/image\/"}}]}},"jetpack_sharing_enabled":true,"_links":{"self":[{"href":"https:\/\/bice.org\/fr\/wp-json\/wp\/v2\/pages\/1795","targetHints":{"allow":["GET"]}}],"collection":[{"href":"https:\/\/bice.org\/fr\/wp-json\/wp\/v2\/pages"}],"about":[{"href":"https:\/\/bice.org\/fr\/wp-json\/wp\/v2\/types\/page"}],"author":[{"embeddable":true,"href":"https:\/\/bice.org\/fr\/wp-json\/wp\/v2\/users\/1"}],"replies":[{"embeddable":true,"href":"https:\/\/bice.org\/fr\/wp-json\/wp\/v2\/comments?post=1795"}],"version-history":[{"count":0,"href":"https:\/\/bice.org\/fr\/wp-json\/wp\/v2\/pages\/1795\/revisions"}],"wp:featuredmedia":[{"embeddable":true,"href":"https:\/\/bice.org\/fr\/wp-json\/wp\/v2\/media\/8840"}],"wp:attachment":[{"href":"https:\/\/bice.org\/fr\/wp-json\/wp\/v2\/media?parent=1795"}],"curies":[{"name":"wp","href":"https:\/\/api.w.org\/{rel}","templated":true}]}}