{"id":1797,"date":"2014-06-06T10:47:07","date_gmt":"2014-06-06T10:47:07","guid":{"rendered":"https:\/\/bice.org\/fr\/petite-enfance\/"},"modified":"2024-10-17T10:37:17","modified_gmt":"2024-10-17T08:37:17","slug":"petite-enfance","status":"publish","type":"page","link":"https:\/\/bice.org\/fr\/actions-de-terrain\/domaines-daction\/petite-enfance\/","title":{"rendered":"Les grands enjeux de la petite enfance et de l&#8217;\u00e9veil pr\u00e9coce"},"content":{"rendered":"\n<p>Nous accompagnons plusieurs partenaires dans la mise en \u0153uvre d\u2019activit\u00e9s sp\u00e9cialement con\u00e7ues pour les enfants de moins de cinq ans en\u00a0<a href=\"https:\/\/bice.org\/fr\/favoriser-lindependance-economique-des-familles-essentielle-au-bien-etre-des-enfants\/\">Inde<\/a>, au\u00a0<a href=\"https:\/\/bice.org\/fr\/poursuivre-notre-action-en-faveur-de-leducation\/\">Paraguay<\/a> et au\u00a0<a href=\"https:\/\/bice.org\/fr\/poursuivre-notre-action-en-faveur-de-leducation\/\">Cambodge<\/a>\u00a0notamment.<\/p>\n\n\n\n<h2 class=\"wp-block-heading\">Les enjeux de la petite enfance<\/h2>\n\n\n\n<ul class=\"wp-block-list\">\n<li>La probabilit\u00e9 de mourir avant l\u2019\u00e2ge de 5 ans est 16 fois plus forte pour les enfants des pays \u00e0 faibles revenus<em>&nbsp;(source : OMS)<\/em><\/li>\n\n\n\n<li>La vaccination est un moyen efficace de sauver des millions de vies et de prot\u00e9ger la petite enfance contre les maladies et le handicap<em>&nbsp;(sources : OMS et UNICEF)<\/em><\/li>\n\n\n\n<li>A cause de la d\u00e9nutrition, 38 % des enfants de moins de 5 ans souffrent d\u2019un retard de croissance. Dans certains pays ce taux atteint 50 % des enfants&nbsp;<em>(source : OMS)<\/em><\/li>\n<\/ul>\n\n\n\n<h2 class=\"wp-block-heading\">Le BICE, une association qui prot\u00e8ge la petite enfance<\/h2>\n\n\n\n<p>La petite enfance exige une attention sp\u00e9ciale car les plus petits sont aussi les plus vuln\u00e9rables. Dans les premi\u00e8res ann\u00e9es de la vie, la croissance du nouveau-n\u00e9 est intrins\u00e8quement li\u00e9e \u00e0 ses conditions de vie : un enfant stimul\u00e9 d\u00e9veloppe de meilleures capacit\u00e9s d\u2019apprentissage tout au long de sa vie.<\/p>\n\n\n\n<p>D\u2019o\u00f9 l\u2019importance du travail de pr\u00e9vention de maltraitance infantile aupr\u00e8s des communaut\u00e9s les plus pauvres o\u00f9 les tr\u00e8s jeunes enfants sont parfois d\u00e9laiss\u00e9s par des parents harass\u00e9s et en grande pr\u00e9carit\u00e9.<\/p>\n\n\n\n<p>Les actions mises en place s\u2019appuient sur trois axes fondamentaux :<\/p>\n\n\n\n<h3 class=\"wp-block-heading\">1. Assurer les besoins primaires<\/h3>\n\n\n\n<p>Fournir aux jeunes enfants une alimentation ad\u00e9quate, des conditions d\u2019hygi\u00e8ne convenables et encourager la cr\u00e9ation de centres sp\u00e9cialis\u00e9s pour la petite enfance m\u00eame dans les r\u00e9gions rurales les plus recul\u00e9es.<\/p>\n\n\n\n<h3 class=\"wp-block-heading\">2. Encourager l\u2019\u00e9veil des tout-petits<\/h3>\n\n\n\n<p>Il s\u2019agit de stimuler les enfants gr\u00e2ce \u00e0 des jeux, \u00e0 la vie en groupe\u2026 L\u2019apprentissage de l\u2019autonomie et des r\u00e8gles de vie en soci\u00e9t\u00e9 en fait \u00e9galement partie.<\/p>\n\n\n\n<h3 class=\"wp-block-heading\">3. Formation de professionnels de la petite enfance<\/h3>\n\n\n\n<p>Le BICE contribue \u00e0 la formation continue et sp\u00e9cialis\u00e9e de diff\u00e9rents professionnels de la petite enfance. Il apporte \u00e9galement un soutien personnalis\u00e9 aux familles pour leur apprendre \u00e0 mieux stimuler leurs enfants chez eux. Enfin, la communaut\u00e9 est impliqu\u00e9e pour lui permettre d\u2019identifier les cas de maltraitances infantiles et renforcer la protection de l\u2019enfance.<\/p>\n","protected":false},"excerpt":{"rendered":"<p>Favoriser le d\u00e9veloppement des tout-petits, proposer des structures adapt\u00e9es pour l\u2019accueil des enfants de 2 \u00e0 5 ans et lutter contre la maltraitance infantile font partie des missions du BICE. <\/p>\n","protected":false},"author":1,"featured_media":8861,"parent":9558,"menu_order":9,"comment_status":"closed","ping_status":"closed","template":"","meta":{"_acf_changed":false,"footnotes":""},"class_list":["post-1797","page","type-page","status-publish","has-post-thumbnail","hentry"],"acf":[],"yoast_head":"<!-- This site is optimized with the Yoast SEO plugin v27.2 - https:\/\/yoast.com\/product\/yoast-seo-wordpress\/ -->\n<title>Petite enfance et \u00e9veil pr\u00e9coce | Actions de terrain |BICE, ONG de protection de l&#039;enfance<\/title>\n<meta name=\"description\" content=\"Chiffres cl\u00e9s sur la petite enfance et l&#039;importance de l&#039;\u00e9ducation des tout-petits\" \/>\n<meta name=\"robots\" content=\"index, follow, max-snippet:-1, max-image-preview:large, max-video-preview:-1\" \/>\n<link rel=\"canonical\" href=\"https:\/\/bice.org\/fr\/wp-json\/wp\/v2\/pages\/1797\" \/>\n<meta property=\"og:locale\" content=\"fr_FR\" \/>\n<meta property=\"og:type\" content=\"article\" \/>\n<meta property=\"og:title\" content=\"Petite enfance et \u00e9veil pr\u00e9coce | Actions de terrain |BICE, ONG de protection de l&#039;enfance\" \/>\n<meta property=\"og:description\" content=\"Chiffres cl\u00e9s sur la petite enfance et l&#039;importance de l&#039;\u00e9ducation des tout-petits\" \/>\n<meta property=\"og:url\" content=\"https:\/\/bice.org\/fr\/actions-de-terrain\/domaines-daction\/petite-enfance\/\" \/>\n<meta property=\"og:site_name\" content=\"BICE - ONG de protection des droits de l&#039;enfant\" \/>\n<meta property=\"article:modified_time\" content=\"2024-10-17T08:37:17+00:00\" \/>\n<meta property=\"og:image\" content=\"https:\/\/i0.wp.com\/bice.org\/app\/uploads\/2014\/06\/Petite-enfance.jpg?fit=1000%2C435&ssl=1\" \/>\n\t<meta property=\"og:image:width\" content=\"1000\" \/>\n\t<meta property=\"og:image:height\" content=\"435\" \/>\n\t<meta property=\"og:image:type\" content=\"image\/jpeg\" \/>\n<meta name=\"twitter:card\" content=\"summary_large_image\" \/>\n<meta name=\"twitter:label1\" content=\"Dur\u00e9e de lecture estim\u00e9e\" \/>\n\t<meta name=\"twitter:data1\" content=\"2 minutes\" \/>\n<!-- \/ Yoast SEO plugin. -->","yoast_head_json":{"title":"Petite enfance et \u00e9veil pr\u00e9coce | Actions de terrain |BICE, ONG de protection de l'enfance","description":"Chiffres cl\u00e9s sur la petite enfance et l'importance de l'\u00e9ducation des tout-petits","robots":{"index":"index","follow":"follow","max-snippet":"max-snippet:-1","max-image-preview":"max-image-preview:large","max-video-preview":"max-video-preview:-1"},"canonical":"https:\/\/bice.org\/fr\/wp-json\/wp\/v2\/pages\/1797","og_locale":"fr_FR","og_type":"article","og_title":"Petite enfance et \u00e9veil pr\u00e9coce | Actions de terrain |BICE, ONG de protection de l'enfance","og_description":"Chiffres cl\u00e9s sur la petite enfance et l'importance de l'\u00e9ducation des tout-petits","og_url":"https:\/\/bice.org\/fr\/actions-de-terrain\/domaines-daction\/petite-enfance\/","og_site_name":"BICE - ONG de protection des droits de l&#039;enfant","article_modified_time":"2024-10-17T08:37:17+00:00","og_image":[{"width":1000,"height":435,"url":"https:\/\/i0.wp.com\/bice.org\/app\/uploads\/2014\/06\/Petite-enfance.jpg?fit=1000%2C435&ssl=1","type":"image\/jpeg"}],"twitter_card":"summary_large_image","twitter_misc":{"Dur\u00e9e de lecture estim\u00e9e":"2 minutes"},"schema":{"@context":"https:\/\/schema.org","@graph":[{"@type":"WebPage","@id":"https:\/\/bice.org\/fr\/actions-de-terrain\/domaines-daction\/petite-enfance\/","url":"https:\/\/bice.org\/fr\/actions-de-terrain\/domaines-daction\/petite-enfance\/","name":"Petite enfance et \u00e9veil pr\u00e9coce | Actions de terrain |BICE, ONG de protection de l'enfance","isPartOf":{"@id":"https:\/\/bice.org\/fr\/#website"},"primaryImageOfPage":{"@id":"https:\/\/bice.org\/fr\/actions-de-terrain\/domaines-daction\/petite-enfance\/#primaryimage"},"image":{"@id":"https:\/\/bice.org\/fr\/actions-de-terrain\/domaines-daction\/petite-enfance\/#primaryimage"},"thumbnailUrl":"https:\/\/i0.wp.com\/bice.org\/app\/uploads\/2014\/06\/Petite-enfance.jpg?fit=1000%2C435&ssl=1","datePublished":"2014-06-06T10:47:07+00:00","dateModified":"2024-10-17T08:37:17+00:00","description":"Chiffres cl\u00e9s sur la petite enfance et l'importance de l'\u00e9ducation des tout-petits","breadcrumb":{"@id":"https:\/\/bice.org\/fr\/actions-de-terrain\/domaines-daction\/petite-enfance\/#breadcrumb"},"inLanguage":"fr-FR","potentialAction":[{"@type":"ReadAction","target":["https:\/\/bice.org\/fr\/actions-de-terrain\/domaines-daction\/petite-enfance\/"]}]},{"@type":"ImageObject","inLanguage":"fr-FR","@id":"https:\/\/bice.org\/fr\/actions-de-terrain\/domaines-daction\/petite-enfance\/#primaryimage","url":"https:\/\/i0.wp.com\/bice.org\/app\/uploads\/2014\/06\/Petite-enfance.jpg?fit=1000%2C435&ssl=1","contentUrl":"https:\/\/i0.wp.com\/bice.org\/app\/uploads\/2014\/06\/Petite-enfance.jpg?fit=1000%2C435&ssl=1","width":1000,"height":435,"caption":"\u00a9JJ Nagar, RTUT, Inde, dec 2007."},{"@type":"BreadcrumbList","@id":"https:\/\/bice.org\/fr\/actions-de-terrain\/domaines-daction\/petite-enfance\/#breadcrumb","itemListElement":[{"@type":"ListItem","position":1,"name":"Accueil","item":"https:\/\/bice.org\/fr\/"},{"@type":"ListItem","position":2,"name":"Nos actions de terrain","item":"https:\/\/bice.org\/fr\/actions-de-terrain\/"},{"@type":"ListItem","position":3,"name":"Domaines d&#8217;action","item":"https:\/\/bice.org\/fr\/actions-de-terrain\/domaines-daction\/"},{"@type":"ListItem","position":4,"name":"Les grands enjeux de la petite enfance et de l&#8217;\u00e9veil pr\u00e9coce"}]},{"@type":"WebSite","@id":"https:\/\/bice.org\/fr\/#website","url":"https:\/\/bice.org\/fr\/","name":"BICE - ONG de protection des droits de l&#039;enfant","description":"Notre mission : D\u00e9fendre les droits et la dignit\u00e9 des enfants partout dans le monde","publisher":{"@id":"https:\/\/bice.org\/fr\/#organization"},"potentialAction":[{"@type":"SearchAction","target":{"@type":"EntryPoint","urlTemplate":"https:\/\/bice.org\/fr\/?s={search_term_string}"},"query-input":{"@type":"PropertyValueSpecification","valueRequired":true,"valueName":"search_term_string"}}],"inLanguage":"fr-FR"},{"@type":"Organization","@id":"https:\/\/bice.org\/fr\/#organization","name":"BICE","url":"https:\/\/bice.org\/fr\/","logo":{"@type":"ImageObject","inLanguage":"fr-FR","@id":"https:\/\/bice.org\/fr\/#\/schema\/logo\/image\/","url":"https:\/\/bice.org\/app\/uploads\/2022\/06\/favicon.ico","contentUrl":"https:\/\/bice.org\/app\/uploads\/2022\/06\/favicon.ico","width":64,"height":64,"caption":"BICE"},"image":{"@id":"https:\/\/bice.org\/fr\/#\/schema\/logo\/image\/"}}]}},"jetpack_sharing_enabled":true,"_links":{"self":[{"href":"https:\/\/bice.org\/fr\/wp-json\/wp\/v2\/pages\/1797","targetHints":{"allow":["GET"]}}],"collection":[{"href":"https:\/\/bice.org\/fr\/wp-json\/wp\/v2\/pages"}],"about":[{"href":"https:\/\/bice.org\/fr\/wp-json\/wp\/v2\/types\/page"}],"author":[{"embeddable":true,"href":"https:\/\/bice.org\/fr\/wp-json\/wp\/v2\/users\/1"}],"replies":[{"embeddable":true,"href":"https:\/\/bice.org\/fr\/wp-json\/wp\/v2\/comments?post=1797"}],"version-history":[{"count":0,"href":"https:\/\/bice.org\/fr\/wp-json\/wp\/v2\/pages\/1797\/revisions"}],"up":[{"embeddable":true,"href":"https:\/\/bice.org\/fr\/wp-json\/wp\/v2\/pages\/9558"}],"wp:featuredmedia":[{"embeddable":true,"href":"https:\/\/bice.org\/fr\/wp-json\/wp\/v2\/media\/8861"}],"wp:attachment":[{"href":"https:\/\/bice.org\/fr\/wp-json\/wp\/v2\/media?parent=1797"}],"curies":[{"name":"wp","href":"https:\/\/api.w.org\/{rel}","templated":true}]}}