{"id":1803,"date":"2014-06-10T14:11:32","date_gmt":"2014-06-10T14:11:32","guid":{"rendered":"https:\/\/bice.org\/fr\/nos-engagements-pour-les-legs\/"},"modified":"2023-11-07T09:47:19","modified_gmt":"2023-11-07T08:47:19","slug":"pourquoi-faire-un-legs","status":"publish","type":"page","link":"https:\/\/bice.org\/fr\/nous-soutenir\/faire-un-legs-assurance-vie-donation\/pourquoi-faire-un-legs\/","title":{"rendered":"Faire un legs : tout savoir sur ce mode de transmission"},"content":{"rendered":"\n<h2 class=\"wp-block-heading\">Qu&#8217;est-ce qu&#8217;un legs ?<\/h2>\n\n\n\n<p>Le <strong>legs<\/strong> permet de transmettre tout ou partie de son <strong>patrimoine<\/strong> (argent, titres, biens immobiliers, etc.) \u00e0 un ou plusieurs l\u00e9gataires. Il se concr\u00e9tise par la r\u00e9daction d\u2019un testament, de pr\u00e9f\u00e9rence devant notaire, \u00e9non\u00e7ant l\u2019ensemble des volont\u00e9s de la personne. Il se r\u00e9alise apr\u00e8s le d\u00e9c\u00e8s du testateur.<\/p>\n\n\n\n<h2 class=\"wp-block-heading\">\u00c0 qui transmettre son patrimoine ?<\/h2>\n\n\n\n<p>Les h\u00e9ritiers directs (enfants vivants, ou leurs descendants, ou \u00e0 d\u00e9faut conjoint) sont dits h\u00e9ritiers \u00ab r\u00e9servataires \u00bb. \u00c0 ce titre, ils sont l\u00e9galement b\u00e9n\u00e9ficiaires d\u2019une partie des biens de la succession : c\u2019est la r\u00e9serve h\u00e9r\u00e9ditaire.<br>Cette r\u00e9serve h\u00e9r\u00e9ditaire exclue, reste la part du <strong>patrimoine<\/strong> dont le testateur peut librement disposer : la quotit\u00e9 disponible. C\u2019est sur cette quotit\u00e9 disponible que le testateur peut, s\u2019il le souhaite, instituer une association comme le BICE l\u00e9gataire.<br>En l\u2019absence d\u2019h\u00e9ritiers r\u00e9servataires, le testateur peut r\u00e9partir librement la totalit\u00e9 de son <strong>patrimoine<\/strong>.<\/p>\n\n\n\n<h2 class=\"wp-block-heading\">Quels sont les diff\u00e9rents types de legs ?<\/h2>\n\n\n\n<p>Il existe 3 grands types de <strong>legs<\/strong>.<\/p>\n\n\n\n<h3 class=\"wp-block-heading\">Le legs universel<\/h3>\n\n\n\n<p>Avec le <strong>legs universel<\/strong>, le testateur l\u00e8gue la totalit\u00e9 de son <strong>patrimoine<\/strong> \u00e0 une ou plusieurs personnes ou associations, apr\u00e8s d\u00e9duction de l\u2019\u00e9ventuelle r\u00e9serve h\u00e9r\u00e9ditaire. S\u2019il existe plusieurs l\u00e9gataires universels, ceux-ci recevront une quote-part \u00e9gale.<\/p>\n\n\n\n<h3 class=\"wp-block-heading\">Le legs \u00e0 titre universel<\/h3>\n\n\n\n<p>Le testateur l\u00e8gue une partie de son <strong>patrimoine<\/strong> ou une cat\u00e9gorie de biens \u00e0 une ou plusieurs associations, apr\u00e8s d\u00e9duction de l\u2019\u00e9ventuelle r\u00e9serve h\u00e9r\u00e9ditaire. Les l\u00e9gataires re\u00e7oivent ainsi une quote-part du patrimoine.<br><em>Par exemple : l\u2019int\u00e9gralit\u00e9 du mobilier, un tiers de la r\u00e9sidence principale<\/em><\/p>\n\n\n\n<h3 class=\"wp-block-heading\">Le legs \u00e0 titre particulier<\/h3>\n\n\n\n<p>Le testateur l\u00e8gue un bien d\u00e9termin\u00e9 ou une somme d\u2019argent pr\u00e9cise \u00e0 une personne ou une association, sous r\u00e9serve toujours que les droits des h\u00e9ritiers r\u00e9servataires soient pr\u00e9serv\u00e9s.<br><em>Par exemple : une \u0153uvre d\u2019art, un portefeuille de titres, 10 000 \u20ac<\/em><\/p>\n\n\n\n<h3 class=\"wp-block-heading\">Un legs particulier : le legs universel avec reversement \u00e0 un tiers<\/h3>\n\n\n\n<p>Le testateur d\u00e9signe une association comme l\u00e9gataire universel avec la charge pour celle-ci de d\u00e9livrer des <strong>legs<\/strong> particuliers \u00e0 des personnes choisies par le testateur. L\u2018association s\u2019acquitte alors de l\u2019int\u00e9gralit\u00e9 des frais et droits aff\u00e9rents aux legs particuliers. Dans ce cas pr\u00e9cis, le testament doit bien pr\u00e9ciser que les <strong>legs<\/strong> particuliers sont \u00e0 d\u00e9livrer \u00ab nets de droits et frais \u00bb.<\/p>\n\n\n\n<p>Pour tout savoir sur le<strong> legs<\/strong> et les autres modes de transmission, n&#8217;h\u00e9sitez pas \u00e0 commander notre brochure gratuite et sans aucun engagement.<\/p>\n\n\n\n<div class=\"wp-block-buttons is-content-justification-center is-layout-flex wp-container-core-buttons-is-layout-16018d1d wp-block-buttons-is-layout-flex\">\n<div class=\"wp-block-button has-custom-width wp-block-button__width-100\"><a class=\"wp-block-button__link has-text-align-center wp-element-button\" href=\"https:\/\/bice.org\/fr\/contact\/?why=Recevoir%20la%20brochure%20Legs,%20donations,%20assurances-vie\">JE COMMANDE LA BROCHURE<\/a><\/div>\n<\/div>\n\n\n\n<p><\/p>\n\n\n\n<h2 class=\"wp-block-heading\">Quelles sont les diff\u00e9rences entre un legs et une donation ?<\/h2>\n\n\n\n<p>Le <strong>legs<\/strong> et la donation \u00e0 une association sont deux modes de g\u00e9n\u00e9rosit\u00e9 qui peuvent sembler proches. Si tous deux sont des actes de solidarit\u00e9 forts, ils diff\u00e8rent  pourtant sur de nombreux points.<\/p>\n\n\n\n<h3 class=\"wp-block-heading\">Les sp\u00e9cificit\u00e9s de la donation<\/h3>\n\n\n\n<p>Lors d\u2019une donation, une personne choisit de donner, <strong>de son vivant<\/strong>, tout ou partie de ses biens \u00e0 une association sous r\u00e9serve que l\u2019op\u00e9ration ne porte pas atteinte aux droits des h\u00e9ritiers r\u00e9servataires. Ce choix est <strong>irr\u00e9vocable<\/strong>. <strong>Toute association est habilit\u00e9e \u00e0 recevoir une donation<\/strong>.<\/p>\n\n\n\n<p><a href=\"https:\/\/bice.org\/fr\/nous-soutenir\/faire-un-legs-assurance-vie-donation\/les-differents-types-de-transmission\/\">Pour en savoir plus sur les donations et les autres modes de transmissions<\/a><\/p>\n\n\n\n<h3 class=\"wp-block-heading\">Les sp\u00e9cificit\u00e9s du legs<\/h3>\n\n\n\n<p>Lors d\u2019un legs, une personne choisit de donner, <strong>\u00e0 sa succession<\/strong>, tout ou partie de ses biens \u00e0 une association. Le legs n\u00e9cessite donc la r\u00e9daction d\u2019un testament, qui reste \u00e0 tout moment <strong>r\u00e9vocable<\/strong> du vivant du testateur. <strong>Seules les associations d\u2019utilit\u00e9 publique, d\u2019int\u00e9r\u00eat g\u00e9n\u00e9ral, culturelle ou de bienfaisance<\/strong> peuvent \u00eatre b\u00e9n\u00e9ficiaires d\u2019un legs. C\u2019est le cas du BICE, association reconnue \u00ab d\u2019int\u00e9r\u00eat g\u00e9n\u00e9ral ayant un caract\u00e8re social ou humanitaire \u00bb par d\u00e9cision du 24 ao\u00fbt 2018.<\/p>\n\n\n\n<p>Gr\u00e2ce \u00e0 ce statut, les legs consentis au BICE sont exon\u00e9r\u00e9s de taxes, droits de succession ou de mutation. <strong>L\u2019int\u00e9gralit\u00e9 sommes ou biens destin\u00e9s au BICE b\u00e9n\u00e9ficient donc \u00e0 100 % \u00e0 notre engagement en faveur des enfants<\/strong>.<\/p>\n\n\n\n<h2 class=\"wp-block-heading\">Pourquoi faire appel \u00e0 un notaire<\/h2>\n\n\n\n<p>Un notaire, li\u00e9 par le secret professionnel, garantit une discr\u00e9tion et une confidentialit\u00e9 totales dans les r\u00e9flexions, d\u00e9cisions et d\u00e9marches de <strong>transmission<\/strong>. Il peut aider \u00e0 analyser des situations personnelles et familiales et \u00e0 trouver la solution la plus appropri\u00e9e dans un cadre juridique. Il assure enfin la r\u00e9daction en parfaite conformit\u00e9 et sans ambigu\u00eft\u00e9 du testament afin que les volont\u00e9s du testateur soient, au moment de la succession, pleinement r\u00e9alis\u00e9es.<\/p>\n\n\n\n<p><a href=\"https:\/\/bice.org\/fr\/contact\/?why=Recevoir%20la%20brochure%20Legs,%20donations,%20assurances-vie\">Si vous souhaitez recevoir notre brochure sous format num\u00e9rique ou par courrier, merci de remplir ce formulaire<\/a><\/p>\n\n\n\n<p>Notre charg\u00e9e de relations donateurs et testateurs se tient \u00e0 votre disposition pour r\u00e9pondre \u00e0 toutes vos questions, en toute confidentialit\u00e9. T\u00e9l\u00e9phone : 01 53 35 01 00 &#8211; E-mail : <a href=\"mailto:contact@bice.org\" target=\"_blank\" rel=\"noreferrer noopener\">contact@bice.org<\/a><\/p>\n","protected":false},"excerpt":{"rendered":"<p>Le legs est l\u2019un des actes de transmission les plus fr\u00e9quents pour continuer \u00e0 soutenir, au-del\u00e0 de son vivant, une cause qui vous tient \u00e0 c\u0153ur. Diff\u00e9rents types de legs existent, en fonction de votre situation familiale et de la fa\u00e7on dont vous souhaitez r\u00e9partir votre patrimoine.<\/p>\n","protected":false},"author":1,"featured_media":144942,"parent":10198,"menu_order":0,"comment_status":"closed","ping_status":"closed","template":"","meta":{"_acf_changed":false,"footnotes":""},"class_list":["post-1803","page","type-page","status-publish","has-post-thumbnail","hentry"],"acf":[],"yoast_head":"<!-- This site is optimized with the Yoast SEO plugin v27.2 - https:\/\/yoast.com\/product\/yoast-seo-wordpress\/ -->\n<title>Pourquoi faire un legs au BICE<\/title>\n<meta name=\"description\" content=\"Faire un legs au BICE, c&#039;est choisir de s&#039;engager avec une association catholique qui oeuvre aupr\u00e8s des enfants les plus vuln\u00e9rables.\" \/>\n<meta name=\"robots\" content=\"index, follow, max-snippet:-1, max-image-preview:large, max-video-preview:-1\" \/>\n<link rel=\"canonical\" href=\"https:\/\/bice.org\/fr\/wp-json\/wp\/v2\/pages\/1803\" \/>\n<meta property=\"og:locale\" content=\"fr_FR\" \/>\n<meta property=\"og:type\" content=\"article\" \/>\n<meta property=\"og:title\" content=\"Pourquoi faire un legs au BICE\" \/>\n<meta property=\"og:description\" content=\"Faire un legs au BICE, c&#039;est choisir de s&#039;engager avec une association catholique qui oeuvre aupr\u00e8s des enfants les plus vuln\u00e9rables.\" \/>\n<meta property=\"og:url\" content=\"https:\/\/bice.org\/fr\/nous-soutenir\/faire-un-legs-assurance-vie-donation\/pourquoi-faire-un-legs\/\" \/>\n<meta property=\"og:site_name\" content=\"BICE - ONG de protection des droits de l&#039;enfant\" \/>\n<meta property=\"article:modified_time\" content=\"2023-11-07T08:47:19+00:00\" \/>\n<meta property=\"og:image\" content=\"https:\/\/i0.wp.com\/bice.org\/app\/uploads\/2023\/04\/Visuel-Don-Legs.jpg?fit=1000%2C580&ssl=1\" \/>\n\t<meta property=\"og:image:width\" content=\"1000\" \/>\n\t<meta property=\"og:image:height\" content=\"580\" \/>\n\t<meta property=\"og:image:type\" content=\"image\/jpeg\" \/>\n<meta name=\"twitter:card\" content=\"summary_large_image\" \/>\n<meta name=\"twitter:label1\" content=\"Dur\u00e9e de lecture estim\u00e9e\" \/>\n\t<meta name=\"twitter:data1\" content=\"4 minutes\" \/>\n<!-- \/ Yoast SEO plugin. -->","yoast_head_json":{"title":"Pourquoi faire un legs au BICE","description":"Faire un legs au BICE, c'est choisir de s'engager avec une association catholique qui oeuvre aupr\u00e8s des enfants les plus vuln\u00e9rables.","robots":{"index":"index","follow":"follow","max-snippet":"max-snippet:-1","max-image-preview":"max-image-preview:large","max-video-preview":"max-video-preview:-1"},"canonical":"https:\/\/bice.org\/fr\/wp-json\/wp\/v2\/pages\/1803","og_locale":"fr_FR","og_type":"article","og_title":"Pourquoi faire un legs au BICE","og_description":"Faire un legs au BICE, c'est choisir de s'engager avec une association catholique qui oeuvre aupr\u00e8s des enfants les plus vuln\u00e9rables.","og_url":"https:\/\/bice.org\/fr\/nous-soutenir\/faire-un-legs-assurance-vie-donation\/pourquoi-faire-un-legs\/","og_site_name":"BICE - ONG de protection des droits de l&#039;enfant","article_modified_time":"2023-11-07T08:47:19+00:00","og_image":[{"width":1000,"height":580,"url":"https:\/\/i0.wp.com\/bice.org\/app\/uploads\/2023\/04\/Visuel-Don-Legs.jpg?fit=1000%2C580&ssl=1","type":"image\/jpeg"}],"twitter_card":"summary_large_image","twitter_misc":{"Dur\u00e9e de lecture estim\u00e9e":"4 minutes"},"schema":{"@context":"https:\/\/schema.org","@graph":[{"@type":"WebPage","@id":"https:\/\/bice.org\/fr\/nous-soutenir\/faire-un-legs-assurance-vie-donation\/pourquoi-faire-un-legs\/","url":"https:\/\/bice.org\/fr\/nous-soutenir\/faire-un-legs-assurance-vie-donation\/pourquoi-faire-un-legs\/","name":"Pourquoi faire un legs au BICE","isPartOf":{"@id":"https:\/\/bice.org\/fr\/#website"},"primaryImageOfPage":{"@id":"https:\/\/bice.org\/fr\/nous-soutenir\/faire-un-legs-assurance-vie-donation\/pourquoi-faire-un-legs\/#primaryimage"},"image":{"@id":"https:\/\/bice.org\/fr\/nous-soutenir\/faire-un-legs-assurance-vie-donation\/pourquoi-faire-un-legs\/#primaryimage"},"thumbnailUrl":"https:\/\/i0.wp.com\/bice.org\/app\/uploads\/2023\/04\/Visuel-Don-Legs.jpg?fit=1000%2C580&ssl=1","datePublished":"2014-06-10T14:11:32+00:00","dateModified":"2023-11-07T08:47:19+00:00","description":"Faire un legs au BICE, c'est choisir de s'engager avec une association catholique qui oeuvre aupr\u00e8s des enfants les plus vuln\u00e9rables.","breadcrumb":{"@id":"https:\/\/bice.org\/fr\/nous-soutenir\/faire-un-legs-assurance-vie-donation\/pourquoi-faire-un-legs\/#breadcrumb"},"inLanguage":"fr-FR","potentialAction":[{"@type":"ReadAction","target":["https:\/\/bice.org\/fr\/nous-soutenir\/faire-un-legs-assurance-vie-donation\/pourquoi-faire-un-legs\/"]}]},{"@type":"ImageObject","inLanguage":"fr-FR","@id":"https:\/\/bice.org\/fr\/nous-soutenir\/faire-un-legs-assurance-vie-donation\/pourquoi-faire-un-legs\/#primaryimage","url":"https:\/\/i0.wp.com\/bice.org\/app\/uploads\/2023\/04\/Visuel-Don-Legs.jpg?fit=1000%2C580&ssl=1","contentUrl":"https:\/\/i0.wp.com\/bice.org\/app\/uploads\/2023\/04\/Visuel-Don-Legs.jpg?fit=1000%2C580&ssl=1","width":1000,"height":580,"caption":"FAIRE UN LEGS AU BICE : enfant d'un jeune cambodgien pour illustrer la page"},{"@type":"BreadcrumbList","@id":"https:\/\/bice.org\/fr\/nous-soutenir\/faire-un-legs-assurance-vie-donation\/pourquoi-faire-un-legs\/#breadcrumb","itemListElement":[{"@type":"ListItem","position":1,"name":"Accueil","item":"https:\/\/bice.org\/fr\/"},{"@type":"ListItem","position":2,"name":"Nous soutenir","item":"https:\/\/bice.org\/fr\/nous-soutenir\/"},{"@type":"ListItem","position":3,"name":"Transmettre son patrimoine","item":"https:\/\/bice.org\/fr\/nous-soutenir\/faire-un-legs-assurance-vie-donation\/"},{"@type":"ListItem","position":4,"name":"Faire un legs : tout savoir sur ce mode de transmission"}]},{"@type":"WebSite","@id":"https:\/\/bice.org\/fr\/#website","url":"https:\/\/bice.org\/fr\/","name":"BICE - ONG de protection des droits de l&#039;enfant","description":"Notre mission : D\u00e9fendre les droits et la dignit\u00e9 des enfants partout dans le monde","publisher":{"@id":"https:\/\/bice.org\/fr\/#organization"},"potentialAction":[{"@type":"SearchAction","target":{"@type":"EntryPoint","urlTemplate":"https:\/\/bice.org\/fr\/?s={search_term_string}"},"query-input":{"@type":"PropertyValueSpecification","valueRequired":true,"valueName":"search_term_string"}}],"inLanguage":"fr-FR"},{"@type":"Organization","@id":"https:\/\/bice.org\/fr\/#organization","name":"BICE","url":"https:\/\/bice.org\/fr\/","logo":{"@type":"ImageObject","inLanguage":"fr-FR","@id":"https:\/\/bice.org\/fr\/#\/schema\/logo\/image\/","url":"https:\/\/bice.org\/app\/uploads\/2022\/06\/favicon.ico","contentUrl":"https:\/\/bice.org\/app\/uploads\/2022\/06\/favicon.ico","width":64,"height":64,"caption":"BICE"},"image":{"@id":"https:\/\/bice.org\/fr\/#\/schema\/logo\/image\/"}}]}},"jetpack_sharing_enabled":true,"_links":{"self":[{"href":"https:\/\/bice.org\/fr\/wp-json\/wp\/v2\/pages\/1803","targetHints":{"allow":["GET"]}}],"collection":[{"href":"https:\/\/bice.org\/fr\/wp-json\/wp\/v2\/pages"}],"about":[{"href":"https:\/\/bice.org\/fr\/wp-json\/wp\/v2\/types\/page"}],"author":[{"embeddable":true,"href":"https:\/\/bice.org\/fr\/wp-json\/wp\/v2\/users\/1"}],"replies":[{"embeddable":true,"href":"https:\/\/bice.org\/fr\/wp-json\/wp\/v2\/comments?post=1803"}],"version-history":[{"count":0,"href":"https:\/\/bice.org\/fr\/wp-json\/wp\/v2\/pages\/1803\/revisions"}],"up":[{"embeddable":true,"href":"https:\/\/bice.org\/fr\/wp-json\/wp\/v2\/pages\/10198"}],"wp:featuredmedia":[{"embeddable":true,"href":"https:\/\/bice.org\/fr\/wp-json\/wp\/v2\/media\/144942"}],"wp:attachment":[{"href":"https:\/\/bice.org\/fr\/wp-json\/wp\/v2\/media?parent=1803"}],"curies":[{"name":"wp","href":"https:\/\/api.w.org\/{rel}","templated":true}]}}