{"id":1814,"date":"2014-06-12T13:30:39","date_gmt":"2014-06-12T13:30:39","guid":{"rendered":"https:\/\/bice.org\/fr\/don-en-ligne-securise\/"},"modified":"2024-04-17T10:49:31","modified_gmt":"2024-04-17T08:49:31","slug":"don-en-ligne-securise","status":"publish","type":"page","link":"https:\/\/bice.org\/fr\/nous-soutenir\/faire-un-don\/don-en-ligne-securise\/","title":{"rendered":"Don en ligne s\u00e9curis\u00e9"},"content":{"rendered":"\n<h2 class=\"wp-block-heading\">Qu&#8217;entend-on par don en ligne ?<\/h2>\n\n\n\n<p>Le don en ligne est un don r\u00e9alis\u00e9 sur une plateforme sp\u00e9cialis\u00e9e de collecte de dons sur internet.<br>L\u2019association du BICE collecte l\u2019essentiel de ses dons en ligne \u00e0 partir des formulaires de don g\u00e9r\u00e9s par son prestataire de confiance iRaiser, l\u2019un des acteurs cl\u00e9s du secteur aupr\u00e8s des associations.<\/p>\n\n\n\n<p>Sur ces formulaires, vous avez la possibilit\u00e9 de choisir le type de don que vous souhaitez r\u00e9aliser (don r\u00e9gulier ou don ponctuel). Vous pouvez \u00e9galement s\u00e9lectionner le montant, ainsi que le mode de paiement :<\/p>\n\n\n\n<ul class=\"wp-block-list\">\n<li>pour un don ponctuel : par carte bancaire, Paypal ou ch\u00e8que \u00e0 envoyer<\/li>\n\n\n\n<li>pour un don r\u00e9gulier : par pr\u00e9l\u00e8vement sur carte bancaire, pr\u00e9l\u00e8vement sur compte via l\u2019envoi d\u2019un mandat SEPA par courrier ou la saisie s\u00e9curis\u00e9e en ligne<\/li>\n<\/ul>\n\n\n\n<h2 class=\"wp-block-heading\">Quels sont les avantages du don en ligne 100% s\u00e9curis\u00e9 ?<\/h2>\n\n\n\n<p>Pour vous, donateurs, comme pour nous, association, les avantages d\u2019un don en ligne s\u00e9curis\u00e9 sont multiples.<\/p>\n\n\n\n<p><em><strong>Pour vous, donateur,<\/strong><\/em><br><strong>SIMPLICIT\u00c9 :<\/strong> vous n\u2019avez aucun document papier \u00e0 nous retourner, l\u2019int\u00e9gralit\u00e9 de la transaction peut se faire via notre formulaire en ligne ;<br><strong>DISPONIBILIT\u00c9 :<\/strong> vous pouvez r\u00e9aliser votre don o\u00f9 que vous soyez, 24h\/24, 7j\/7.<br><strong>FIABILIT\u00c9 :<\/strong> pas de risque de perte ou de retard de courrier, vous \u00eates assur\u00e9 que votre don sera transmis et enregistr\u00e9 imm\u00e9diatement et de mani\u00e8re totalement s\u00e9curis\u00e9e.<br><strong>R\u00c9DUCTION : <\/strong>vous b\u00e9n\u00e9ficiez bien s\u00fbr de la m\u00eame r\u00e9duction fiscale : 66 % de votre don en ligne \u00e0 notre association est d\u00e9ductible de votre imp\u00f4t sur le revenu (IR) (dans les limit\u00e9s fix\u00e9es par la loi en France).<\/p>\n\n\n\n<div class=\"wp-block-buttons is-content-justification-center is-layout-flex wp-container-core-buttons-is-layout-16018d1d wp-block-buttons-is-layout-flex\">\n<div class=\"wp-block-button\"><a class=\"wp-block-button__link wp-element-button\" href=\"https:\/\/donner.bice.org\/mon-soutien\/\">JE FAIS MON DON EN LIGNE POUR LE BICE<\/a><\/div>\n<\/div>\n\n\n\n<p><\/p>\n\n\n\n<p>Si vous avez la moindre question ou rencontrer une difficult\u00e9 pour r\u00e9aliser votre don en ligne sur <a href=\"https:\/\/donner.bice.org\/mon-soutien\/~mon-don\" target=\"_blank\" rel=\"noopener\">notre formulaire<\/a>, n\u2019h\u00e9sitez pas \u00e0 contacter notre service Donateurs : 01 53 35 01 00 ou <a href=\"mailto:contact@bice.org\">contact@bice.org<\/a><\/p>\n\n\n\n<p><\/p>\n\n\n\n<p><em><strong>Pour nous, association,<\/strong><\/em><br><strong>RAPIDIT\u00c9 :<\/strong> votre don est enregistr\u00e9 dans les meilleurs d\u00e9lais, gr\u00e2ce \u00e0 des mises \u00e0 jour quotidiennes enti\u00e8rement s\u00e9curis\u00e9es ;<br><strong>R\u00c9ACTIVIT\u00c9 :<\/strong> gr\u00e2ce \u00e0 un formulaire d\u00e9di\u00e9, nous pouvons tr\u00e8s rapidement solliciter votre g\u00e9n\u00e9rosit\u00e9 sur des projets qui requi\u00e8rent une aide d\u2019urgence, \u00e0 travers des campagnes cibl\u00e9es ;<br><strong>\u00c9CONOMIE :<\/strong> l\u2019enregistrement de votre don est automatis\u00e9, ce qui r\u00e9duit les frais d\u2019acheminement postal et de traitement.<\/p>\n\n\n\n<h2 class=\"wp-block-heading\">Faire un don en ligne s\u00e9curis\u00e9 au BICE<\/h2>\n\n\n\n<p>La s\u00e9curit\u00e9 de nos transactions en ligne et la protection des donn\u00e9es de nos donateurs sont au c\u0153ur de nos exigences. Pour cela, nous travaillons avec la plateforme de collecte d\u00e9velopp\u00e9e et g\u00e9r\u00e9e par notre prestataire iRaiser. Cette plateforme, retenue et reconnue par de nombreuses associations, b\u00e9n\u00e9ficie de contr\u00f4le et de mises \u00e0 jour r\u00e9guli\u00e8res afin de vous garantir un excellent niveau de s\u00e9curit\u00e9.<\/p>\n\n\n\n<h2 class=\"wp-block-heading\">La confidentialit\u00e9 des donn\u00e9es<\/h2>\n\n\n\n<p>Les associations doivent respecter le R\u00e8glement G\u00e9n\u00e9ral pour la Protection des Donn\u00e9es (RGPD). applicable en France depuis le 25 mai 2018.<\/p>\n\n\n\n<p>Nos formulaires et proc\u00e9dures de don en ligne sont enti\u00e8rement conformes au RGPD. Chaque formulaire poss\u00e8de une option de consentement qui vous permet d\u2019accepter ou de refuser de recevoir des informations et des appels \u00e0 dons en provenance du BICE. L\u2019h\u00e9bergement des donn\u00e9es n\u00e9cessaires aux traitement a lieu exclusivement en Europe.<\/p>\n\n\n\n<p>Dans le cadre du RGPD, vous b\u00e9n\u00e9ficiez d\u2019un droit d\u2019acc\u00e8s, de rectification, de portabilit\u00e9, d\u2019effacement des donn\u00e9es vous concernant ou une limitation du traitement. Pour en savoir plus sur la politique de confidentialit\u00e9 du BICE, vous pouvez \u00e0 tout moment consulter notre page \u00ab <a href=\"https:\/\/bice.org\/fr\/mentions-legales-cookies\/\">Mentions l\u00e9gales, vie priv\u00e9e et cookies<\/a> \u00bb.<\/p>\n\n\n\n<p>Pour toute demande, vous pouvez nous contacter :<\/p>\n\n\n\n<ul class=\"wp-block-list\">\n<li>par courrier : BICE \u2013 Service Relation Donateurs \u2013 9, rue du Delta \u2013 75009 Paris<\/li>\n\n\n\n<li>par t\u00e9l\u00e9phone : 01 53 35 01 00<\/li>\n\n\n\n<li>par email : <a href=\"mailto:contact@bice.org\">contact@bice.org<\/a><\/li>\n<\/ul>\n\n\n\n<h2 class=\"wp-block-heading\">S\u00e9curit\u00e9 des transactions<\/h2>\n\n\n\n<p>Toutes les transactions en ligne sont r\u00e9alis\u00e9es uniquement avec des plateformes s\u00e9curis\u00e9es et des tiers certifi\u00e9s PCI-DSS, tant pour les terminaux de paiement que les solutions d\u2019h\u00e9bergement : Slimpay, Paypal, Stripe, ovh.com, Amazon Web Service. Les donn\u00e9es collect\u00e9es sont h\u00e9berg\u00e9es sur des datacenters hautement s\u00e9curis\u00e9s, exclusivement situ\u00e9s en Europe.<\/p>\n","protected":false},"excerpt":{"rendered":"<p>Votre soutien \u00e0 notre association est pr\u00e9cieux. Avec nos formulaires de don en ligne, nous mettons tout en \u0153uvre pour simplifier votre acte de g\u00e9n\u00e9rosit\u00e9 envers les enfants en vous garantissant le maximum de s\u00e9curit\u00e9.&nbsp;<\/p>\n","protected":false},"author":1,"featured_media":83278,"parent":10191,"menu_order":1,"comment_status":"closed","ping_status":"closed","template":"","meta":{"_acf_changed":false,"footnotes":""},"class_list":["post-1814","page","type-page","status-publish","has-post-thumbnail","hentry"],"acf":[],"yoast_head":"<!-- This site is optimized with the Yoast SEO plugin v27.2 - https:\/\/yoast.com\/product\/yoast-seo-wordpress\/ -->\n<title>Don en ligne s\u00e9curis\u00e9 - le BICE<\/title>\n<meta name=\"description\" content=\"Faire un don en ligne au BICE, c&#039;est donner de fa\u00e7on efficace et s\u00e9curis\u00e9e pour les enfants vuln\u00e9rables, avec une r\u00e9duction fiscale de 66%.\" \/>\n<meta name=\"robots\" content=\"index, follow, max-snippet:-1, max-image-preview:large, max-video-preview:-1\" \/>\n<link rel=\"canonical\" href=\"https:\/\/bice.org\/fr\/wp-json\/wp\/v2\/pages\/1814\" \/>\n<meta property=\"og:locale\" content=\"fr_FR\" \/>\n<meta property=\"og:type\" content=\"article\" \/>\n<meta property=\"og:title\" content=\"Don en ligne s\u00e9curis\u00e9 - le BICE\" \/>\n<meta property=\"og:description\" content=\"Faire un don en ligne au BICE, c&#039;est donner de fa\u00e7on efficace et s\u00e9curis\u00e9e pour les enfants vuln\u00e9rables, avec une r\u00e9duction fiscale de 66%.\" \/>\n<meta property=\"og:url\" content=\"https:\/\/bice.org\/fr\/nous-soutenir\/faire-un-don\/don-en-ligne-securise\/\" \/>\n<meta property=\"og:site_name\" content=\"BICE - ONG de protection des droits de l&#039;enfant\" \/>\n<meta property=\"article:modified_time\" content=\"2024-04-17T08:49:31+00:00\" \/>\n<meta property=\"og:image\" content=\"https:\/\/i0.wp.com\/bice.org\/app\/uploads\/2022\/11\/Visuel-Don-2-Don-securise.webp?fit=1000%2C580&ssl=1\" \/>\n\t<meta property=\"og:image:width\" content=\"1000\" \/>\n\t<meta property=\"og:image:height\" content=\"580\" \/>\n\t<meta property=\"og:image:type\" content=\"image\/webp\" \/>\n<meta name=\"twitter:card\" content=\"summary_large_image\" \/>\n<meta name=\"twitter:label1\" content=\"Dur\u00e9e de lecture estim\u00e9e\" \/>\n\t<meta name=\"twitter:data1\" content=\"4 minutes\" \/>\n<!-- \/ Yoast SEO plugin. -->","yoast_head_json":{"title":"Don en ligne s\u00e9curis\u00e9 - le BICE","description":"Faire un don en ligne au BICE, c'est donner de fa\u00e7on efficace et s\u00e9curis\u00e9e pour les enfants vuln\u00e9rables, avec une r\u00e9duction fiscale de 66%.","robots":{"index":"index","follow":"follow","max-snippet":"max-snippet:-1","max-image-preview":"max-image-preview:large","max-video-preview":"max-video-preview:-1"},"canonical":"https:\/\/bice.org\/fr\/wp-json\/wp\/v2\/pages\/1814","og_locale":"fr_FR","og_type":"article","og_title":"Don en ligne s\u00e9curis\u00e9 - le BICE","og_description":"Faire un don en ligne au BICE, c'est donner de fa\u00e7on efficace et s\u00e9curis\u00e9e pour les enfants vuln\u00e9rables, avec une r\u00e9duction fiscale de 66%.","og_url":"https:\/\/bice.org\/fr\/nous-soutenir\/faire-un-don\/don-en-ligne-securise\/","og_site_name":"BICE - ONG de protection des droits de l&#039;enfant","article_modified_time":"2024-04-17T08:49:31+00:00","og_image":[{"width":1000,"height":580,"url":"https:\/\/i0.wp.com\/bice.org\/app\/uploads\/2022\/11\/Visuel-Don-2-Don-securise.webp?fit=1000%2C580&ssl=1","type":"image\/webp"}],"twitter_card":"summary_large_image","twitter_misc":{"Dur\u00e9e de lecture estim\u00e9e":"4 minutes"},"schema":{"@context":"https:\/\/schema.org","@graph":[{"@type":"WebPage","@id":"https:\/\/bice.org\/fr\/nous-soutenir\/faire-un-don\/don-en-ligne-securise\/","url":"https:\/\/bice.org\/fr\/nous-soutenir\/faire-un-don\/don-en-ligne-securise\/","name":"Don en ligne s\u00e9curis\u00e9 - le BICE","isPartOf":{"@id":"https:\/\/bice.org\/fr\/#website"},"primaryImageOfPage":{"@id":"https:\/\/bice.org\/fr\/nous-soutenir\/faire-un-don\/don-en-ligne-securise\/#primaryimage"},"image":{"@id":"https:\/\/bice.org\/fr\/nous-soutenir\/faire-un-don\/don-en-ligne-securise\/#primaryimage"},"thumbnailUrl":"https:\/\/i0.wp.com\/bice.org\/app\/uploads\/2022\/11\/Visuel-Don-2-Don-securise.webp?fit=1000%2C580&ssl=1","datePublished":"2014-06-12T13:30:39+00:00","dateModified":"2024-04-17T08:49:31+00:00","description":"Faire un don en ligne au BICE, c'est donner de fa\u00e7on efficace et s\u00e9curis\u00e9e pour les enfants vuln\u00e9rables, avec une r\u00e9duction fiscale de 66%.","breadcrumb":{"@id":"https:\/\/bice.org\/fr\/nous-soutenir\/faire-un-don\/don-en-ligne-securise\/#breadcrumb"},"inLanguage":"fr-FR","potentialAction":[{"@type":"ReadAction","target":["https:\/\/bice.org\/fr\/nous-soutenir\/faire-un-don\/don-en-ligne-securise\/"]}]},{"@type":"ImageObject","inLanguage":"fr-FR","@id":"https:\/\/bice.org\/fr\/nous-soutenir\/faire-un-don\/don-en-ligne-securise\/#primaryimage","url":"https:\/\/i0.wp.com\/bice.org\/app\/uploads\/2022\/11\/Visuel-Don-2-Don-securise.webp?fit=1000%2C580&ssl=1","contentUrl":"https:\/\/i0.wp.com\/bice.org\/app\/uploads\/2022\/11\/Visuel-Don-2-Don-securise.webp?fit=1000%2C580&ssl=1","width":1000,"height":580,"caption":"Vous pouvez faire votre don au BICE sur son site s\u00e9curis\u00e9. Photo de deux fillettes pour illustrer cet article"},{"@type":"BreadcrumbList","@id":"https:\/\/bice.org\/fr\/nous-soutenir\/faire-un-don\/don-en-ligne-securise\/#breadcrumb","itemListElement":[{"@type":"ListItem","position":1,"name":"Accueil","item":"https:\/\/bice.org\/fr\/"},{"@type":"ListItem","position":2,"name":"Nous soutenir","item":"https:\/\/bice.org\/fr\/nous-soutenir\/"},{"@type":"ListItem","position":3,"name":"Faire un don","item":"https:\/\/bice.org\/fr\/nous-soutenir\/faire-un-don\/"},{"@type":"ListItem","position":4,"name":"Don en ligne s\u00e9curis\u00e9"}]},{"@type":"WebSite","@id":"https:\/\/bice.org\/fr\/#website","url":"https:\/\/bice.org\/fr\/","name":"BICE - ONG de protection des droits de l&#039;enfant","description":"Notre mission : D\u00e9fendre les droits et la dignit\u00e9 des enfants partout dans le monde","publisher":{"@id":"https:\/\/bice.org\/fr\/#organization"},"potentialAction":[{"@type":"SearchAction","target":{"@type":"EntryPoint","urlTemplate":"https:\/\/bice.org\/fr\/?s={search_term_string}"},"query-input":{"@type":"PropertyValueSpecification","valueRequired":true,"valueName":"search_term_string"}}],"inLanguage":"fr-FR"},{"@type":"Organization","@id":"https:\/\/bice.org\/fr\/#organization","name":"BICE","url":"https:\/\/bice.org\/fr\/","logo":{"@type":"ImageObject","inLanguage":"fr-FR","@id":"https:\/\/bice.org\/fr\/#\/schema\/logo\/image\/","url":"https:\/\/bice.org\/app\/uploads\/2022\/06\/favicon.ico","contentUrl":"https:\/\/bice.org\/app\/uploads\/2022\/06\/favicon.ico","width":64,"height":64,"caption":"BICE"},"image":{"@id":"https:\/\/bice.org\/fr\/#\/schema\/logo\/image\/"}}]}},"jetpack_sharing_enabled":true,"_links":{"self":[{"href":"https:\/\/bice.org\/fr\/wp-json\/wp\/v2\/pages\/1814","targetHints":{"allow":["GET"]}}],"collection":[{"href":"https:\/\/bice.org\/fr\/wp-json\/wp\/v2\/pages"}],"about":[{"href":"https:\/\/bice.org\/fr\/wp-json\/wp\/v2\/types\/page"}],"author":[{"embeddable":true,"href":"https:\/\/bice.org\/fr\/wp-json\/wp\/v2\/users\/1"}],"replies":[{"embeddable":true,"href":"https:\/\/bice.org\/fr\/wp-json\/wp\/v2\/comments?post=1814"}],"version-history":[{"count":0,"href":"https:\/\/bice.org\/fr\/wp-json\/wp\/v2\/pages\/1814\/revisions"}],"up":[{"embeddable":true,"href":"https:\/\/bice.org\/fr\/wp-json\/wp\/v2\/pages\/10191"}],"wp:featuredmedia":[{"embeddable":true,"href":"https:\/\/bice.org\/fr\/wp-json\/wp\/v2\/media\/83278"}],"wp:attachment":[{"href":"https:\/\/bice.org\/fr\/wp-json\/wp\/v2\/media?parent=1814"}],"curies":[{"name":"wp","href":"https:\/\/api.w.org\/{rel}","templated":true}]}}