{"id":1815,"date":"2014-06-12T13:42:55","date_gmt":"2014-06-12T13:42:55","guid":{"rendered":"https:\/\/bice.org\/fr\/transmission-legs-donations\/"},"modified":"2023-09-13T10:37:46","modified_gmt":"2023-09-13T08:37:46","slug":"les-differents-types-de-transmission","status":"publish","type":"page","link":"https:\/\/bice.org\/fr\/nous-soutenir\/faire-un-legs-assurance-vie-donation\/les-differents-types-de-transmission\/","title":{"rendered":"Les autres modes de transmission"},"content":{"rendered":"\n<h2 class=\"wp-block-heading\">Le legs pour transmettre \u00e0 sa succession<\/h2>\n\n\n\n<p>Avec le legs, le testateur transmet l\u2019int\u00e9gralit\u00e9 de son patrimoine, ou seulement une partie (argent, titres, biens immobiliers, etc.) \u00e0 l\u2019association. Il doit pour cela r\u00e9diger un testament, dans l\u2019id\u00e9al devant notaire. Le legs ne devient effectif qu\u2019apr\u00e8s le d\u00e9c\u00e8s du testateur. Il existe diff\u00e9rentes formes de legs : le legs universel, le legs \u00e0 titre universel, le legs \u00e0 titre particulier.<br>Pour en savoir plus sur les modalit\u00e9s relatives au legs, <a href=\"https:\/\/bice.org\/fr\/nous-soutenir\/faire-un-legs-assurance-vie-donation\/pourquoi-faire-un-legs\/\">vous pouvez consulter cette page.<\/a><\/p>\n\n\n\n<h2 class=\"wp-block-heading\">La donation pour partager d\u00e8s \u00e0 pr\u00e9sent<\/h2>\n\n\n\n<p>Avec la donation, vous choisissez de transmettre de votre vivant \u00e0 une association, un bien dont vous \u00eates propri\u00e9taire, dans le respect des droits des h\u00e9ritiers r\u00e9servataires. La donation doit \u00eatre faite devant notaire. Elle est \u00e0 effet imm\u00e9diat et d\u00e9finitif, sauf dans le cas d\u2019une donation temporaire d\u2019usufruit. Il existe 3 types de donations.<\/p>\n\n\n\n<h3 class=\"wp-block-heading\">La donation en pleine propri\u00e9t\u00e9<\/h3>\n\n\n\n<p>Avec la donation en pleine propri\u00e9t\u00e9, vous transmettez la propri\u00e9t\u00e9 d\u2019un bien mobilier ou immobilier.<br><em>Exemple : des titres, des bijoux, une \u0153uvre d\u2019art, un terrain<\/em><\/p>\n\n\n\n<p>La donation est irr\u00e9vocable. Il faut donc \u00eatre attentif \u00e0 ne pas vous s\u00e9parer d\u2019un bien ou d\u2019une somme d\u2019argent qui vous serait n\u00e9cessaire.<\/p>\n\n\n\n<h3 class=\"wp-block-heading\">La donation en nue-propri\u00e9t\u00e9, avec r\u00e9serve d\u2019usufruit<\/h3>\n\n\n\n<p>Ce type de donation vous permet de transmettre la propri\u00e9t\u00e9 d\u2019un bien tout en en conservant l\u2019usage ou les revenus g\u00e9n\u00e9r\u00e9s jusqu\u2019\u00e0 votre d\u00e9c\u00e8s.<br><em>Exemple : la propri\u00e9t\u00e9 d\u2019un appartement que vous occupez ou dont vous continuez \u00e0 percevoir les loyers<\/em><\/p>\n\n\n\n<h3 class=\"wp-block-heading\">La donation temporaire d\u2019usufruit<\/h3>\n\n\n\n<p>Gr\u00e2ce \u00e0 la donation temporaire d\u2019usufruit, vous c\u00e9dez \u00e0 l\u2019association pour une dur\u00e9e limit\u00e9e, d\u2019au minimum 3 ans, l\u2019usufruit d\u2019un bien g\u00e9n\u00e9rant des revenus.<br><em>Exemple : dividendes d\u2019un portefeuille d\u2019actions, loyer d\u2019un appartement<\/em><\/p>\n\n\n\n<p>A l\u2019issue de la p\u00e9riode fix\u00e9e, vous retrouvez la jouissance int\u00e9grale de votre bien.<\/p>\n\n\n\n<h3 class=\"wp-block-heading\">Les avantages fiscaux d\u2019une donation<\/h3>\n\n\n\n<p>Une donation \u00e0 une association ouvre droit \u00e0 certains avantages fiscaux.<\/p>\n\n\n\n<p><strong><em>Si vous \u00eates imposable \u00e0 l\u2019imp\u00f4t sur le revenu (IR)<\/em>, <\/strong><\/p>\n\n\n\n<p>vous b\u00e9n\u00e9ficiez d\u2019une r\u00e9duction fiscale de 66 % sur la valeur totale de votre donation, dans la limite des 20 % de votre revenu imposable. Si ce plafond est d\u00e9pass\u00e9, vous pouvez \u00e9chelonner l\u2019exc\u00e9dent sur les 5 ann\u00e9es suivantes.<br><em>Exemple : La donation d\u2019un appartement d\u2019une valeur de 120 000 \u20ac vous donne droit \u00e0 une r\u00e9duction fiscale de 79 200 \u20ac<\/em>.<br>Aucun imp\u00f4t sur la plus-value n\u2019est d\u00fb.<\/p>\n\n\n\n<p><strong><em>Si vous \u00eates imposable \u00e0 l\u2019imp\u00f4t sur la fortune immobili\u00e8re (IFI)<\/em>, <\/strong><\/p>\n\n\n\n<p>les biens immobiliers faisant l\u2019objet d\u2019une donation ne rentrent plus dans l\u2019assiette de calcul de votre imp\u00f4t. C\u2019est \u00e9galement vrai pour le cas des biens faisant l\u2019objet d\u2019une donation temporaire d\u2019usufruit, durant toute la p\u00e9riode de cette donation et sous r\u00e9serve que l\u2019int\u00e9gralit\u00e9 des revenus g\u00e9n\u00e9r\u00e9s soient vers\u00e9s \u00e0 l\u2019association.<\/p>\n\n\n\n<p><em>Exemple : la valeur d\u2019un appartement de 500 000 \u20ac dont vous avez c\u00e9d\u00e9 l\u2019int\u00e9gralit\u00e9 des loyers pour une dur\u00e9e de 3 ans au BICE ne rentre pas dans le calcul de votre IFI pendant ces 3 ann\u00e9es.<\/em><\/p>\n\n\n\n<h3 class=\"wp-block-heading\">Comment proc\u00e9der pour effectuer une donation au BICE<\/h3>\n\n\n\n<p>Si vous r\u00e9fl\u00e9chissez \u00e0 effectuer une donation en faveur du BICE, il est n\u00e9cessaire de nous contacter, soit directement soit par l\u2019interm\u00e9diaire de votre notaire. Notre Charg\u00e9e de relations testateurs se tient \u00e0 votre disposition au 01 53 35 01 00 ou sur <a href=\"mailto:contact@bice.org\" target=\"_blank\" rel=\"noopener\">contact@bice.org<\/a>.<\/p>\n\n\n\n<p>Pour tout savoir sur les donations et autres modes de transmission, demandez notre brochure. Elle est gratuite et sans engagement.<\/p>\n\n\n\n<div class=\"wp-block-buttons is-content-justification-center is-layout-flex wp-container-core-buttons-is-layout-16018d1d wp-block-buttons-is-layout-flex\">\n<div class=\"wp-block-button has-custom-width wp-block-button__width-200\"><a class=\"wp-block-button__link has-text-align-center wp-element-button\" href=\"https:\/\/bice.org\/fr\/contact\/?why=Recevoir%20la%20brochure%20Legs,%20donations,%20assurances-vie\">JE COMMANDE MA BROCHURE<\/a><\/div>\n<\/div>\n\n\n<h2>L\u2019assurance-vie, un mode de transmission souple et r\u00e9vocable<\/h2>\n<p>L\u2019assurance-vie est un produit d\u2019\u00e9pargne propos\u00e9 par les banques et les soci\u00e9t\u00e9s d\u2019assurance. Elle vous permet de constituer une \u00e9pargne qui facilement accessible pour r\u00e9aliser vos projets.<\/p>\n<h3>Qui peuvent \u00eatre les b\u00e9n\u00e9ficiaires d\u2019une assurance-vie en cas de d\u00e9c\u00e8s ?<\/h3>\n<p>Vous pouvez choisir en toute libert\u00e9 le ou les b\u00e9n\u00e9ficiaires de votre assurance-vie. Ce peut \u00eatre les personnes de votre choix ou des associations. Il vous suffit d\u2019indiquer leur nom en renseignant la clause b\u00e9n\u00e9ficiaire pr\u00e9vue \u00e0 cet effet. Pour d\u00e9signer le BICE comme b\u00e9n\u00e9ficiaire, vous devez pr\u00e9ciser l\u2019adresse compl\u00e8te :<\/p>\n<p style=\"text-align: center;\"><strong>Bureau International Catholique de l\u2019Enfance (BICE)<\/strong><br \/><strong>9 rue du Delta &#8211; <\/strong><strong>75009 Paris<\/strong><\/p>\n<p>Vous pouvez \u00e0 tout moment modifier cette clause en adressant un courrier \u00e0 l\u2019organisme d\u00e9positaire de votre contrat.<\/p>\n<p>S\u2019il existe plusieurs b\u00e9n\u00e9ficiaires, veillez \u00e0 pr\u00e9ciser le plus clairement possible la r\u00e9partition du capital entre chacun sous forme de pourcentages.<\/p>\n<p>Il est \u00e9galement possible de d\u00e9signer une association comme le BICE comme b\u00e9n\u00e9ficiaire de second rang. Celle-ci ne sera alors b\u00e9n\u00e9ficiaire qu\u2019en cas de d\u00e9c\u00e8s du b\u00e9n\u00e9ficiaire de premier rang.<\/p>\n<h3>Les avantages d\u2019une assurance-vie \u00e0 une association<\/h3>\n<p>Le capital transmis dans le cadre d\u2019une assurance-vie n\u2019est pas int\u00e9gr\u00e9 \u00e0 la succession. Il n\u2019est donc pas soumis \u00e0 la r\u00e8gle de la r\u00e9serve h\u00e9r\u00e9ditaire. Toutefois les h\u00e9ritiers r\u00e9servataires peuvent s\u2019opposer au versement si les primes vers\u00e9es sont jug\u00e9es exag\u00e9r\u00e9es en comparaison de l\u2019ensemble du patrimoine.<br \/>Dans le cadre d\u2019une association b\u00e9n\u00e9ficiaire comme le BICE,<strong> les legs, les donations et les assurances-vie sont exon\u00e9r\u00e9s de taxes, droits de succession ou de mutation<\/strong>. Vous \u00eates ainsi assur\u00e9 que l\u2019int\u00e9gralit\u00e9 de la somme transmise servira la cause qui vous tient \u00e0 c\u0153ur.<\/p>\n<p>Pour tout savoir sur les assurances-vie et autres modes de transmission, demandez notre brochure. Elle est gratuite et sans engagement.<\/p>\n\n\n<div class=\"wp-block-buttons is-content-justification-center is-layout-flex wp-container-core-buttons-is-layout-16018d1d wp-block-buttons-is-layout-flex\">\n<div class=\"wp-block-button has-custom-width wp-block-button__width-200\"><a class=\"wp-block-button__link has-text-align-center wp-element-button\" href=\"https:\/\/bice.org\/fr\/contact\/?why=Recevoir%20la%20brochure%20Legs,%20donations,%20assurances-vie\">JE COMMANDE MA BROCHURE<\/a><\/div>\n<\/div>\n\n\n<h2>Le t\u00e9moignage d\u2019une donatrice<\/h2>\n\n<div class=\"bice-encadres \" style=\"background-color: #7ab1e0\">\n\n  <div class=\"bice-encadres-text\">\n\n    <h2><\/h2>\n\n    <p>\u00ab Il y a quelques ann\u00e9es, j\u2019ai pr\u00e9vu de transmettre le capital de contrats d\u2019assurance-vie \u00e0 des proches. J\u2019ai aussi souhait\u00e9 aider des associations \u00e0 r\u00e9aliser leurs projets. Mon notaire m\u2019a donn\u00e9 un annuaire d\u2019associations et le BICE a retenu mon attention pour son engagement aupr\u00e8s des enfants et sa mobilisation dans la dur\u00e9e pour eux et leurs familles. Les enfants sont l\u2019espoir d\u2019un pays et il faut leur donner un maximum de chances pour construire leur vie\u2026 D\u00e9signer le BICE b\u00e9n\u00e9ficiaire de mon assurance-vie est un moyen simple d\u2019accompagner les enfants \u00e0 ma fa\u00e7on. \u00bb<\/p>\n<p>Brigitte, Pays de la Loire<\/p>\n\n\n  <\/div>\n\n  \n<\/div>\n\n\n<h2>Votre notaire, votre meilleur conseiller<\/h2>\n<p>Vous envisagez de donner une partie de votre patrimoine au BICE ? N\u2019h\u00e9sitez pas \u00e0 consulter votre notaire. Il est le mieux \u00e0 m\u00eame de vous guider dans vos choix en fonction de votre situation personnelle. Il pourra \u00e9galement vous aider pour la r\u00e9daction de votre testament. <strong>Votre notaire est garant du respect des dispositions l\u00e9gales<\/strong>.<br \/>Nous nous tenons bien s\u00fbr \u00e0 sa disposition et \u00e0 la v\u00f4tre pour r\u00e9pondre \u00e0 toute question.<br \/><!--\n\n\n\n\n\n\n\n\n\n\n\n\n\n\n\n\n\n\n\n\n\n\n\n\n\n\n\n\n\n\n\n\n\n\n\n\n<h3>Prenez contact avec notre charg\u00e9e de relations testateurs<\/h3>\n\n\n\n\n\n\n\n\n\n\n\n\n\n\n\n\n\n\n\n\n\n\n\n\n\n\n\n\n\n\n\n\n\n\n\n\n<img decoding=\"async\" class=\"wp-image-11779 alignleft\" style=\"margin-right: 15px; float: left;\" src=\"https:\/\/bice.org\/app\/uploads\/2020\/10\/Ingrid_AUBRY-SARRIOT_faire_un_legs_bice.jpg\" alt=\"\" width=\"67\" height=\"84\" \/>Ingrid Aubry-Sarriot sera \u00e0 vos c\u00f4t\u00e9s pour vous renseigner, en toute confidentialit\u00e9 et sans engagement de votre part. Vous pouvez la contacter selon votre pr\u00e9f\u00e9rence par t\u00e9l\u00e9phone (01 53 35 01 00), par <a href=\"mailto:ingrid.aubry-sarriot@bice.org\">courriel<\/a> ou par courrier postal (BICE, 70 boulevard Magenta, 75010 Paris). Ingrid vous \u00e9coute, vous conseille et se d\u00e9place pour vous rencontrer.--><br \/><!-- \/wp:post-content --><\/p>","protected":false},"excerpt":{"rendered":"<p>Comment choisir entre un legs, une donation et une assurance-vie pour soutenir la cause des enfants avec le BICE ? D\u00e9couvrez les sp\u00e9cificit\u00e9s de chacun de ces modes de transmission afin de trouver celui qui r\u00e9pond le mieux \u00e0 vos souhaits et \u00e0 votre situation.<\/p>\n","protected":false},"author":1,"featured_media":145320,"parent":10198,"menu_order":0,"comment_status":"closed","ping_status":"closed","template":"","meta":{"_acf_changed":false,"footnotes":""},"class_list":["post-1815","page","type-page","status-publish","has-post-thumbnail","hentry"],"acf":[],"yoast_head":"<!-- This site is optimized with the Yoast SEO plugin v27.2 - https:\/\/yoast.com\/product\/yoast-seo-wordpress\/ -->\n<title>Donation, assurance-vie, legs - le BICE<\/title>\n<meta name=\"description\" content=\"Donation, assurance-vie, legs : trouvez le type de transmission qui correspond le mieux \u00e0 vos attentes et \u00e0 votre situation.\" \/>\n<meta name=\"robots\" content=\"index, follow, max-snippet:-1, max-image-preview:large, max-video-preview:-1\" \/>\n<link rel=\"canonical\" href=\"https:\/\/bice.org\/fr\/wp-json\/wp\/v2\/pages\/1815\" \/>\n<meta property=\"og:locale\" content=\"fr_FR\" \/>\n<meta property=\"og:type\" content=\"article\" \/>\n<meta property=\"og:title\" content=\"Donation, assurance-vie, legs - le BICE\" \/>\n<meta property=\"og:description\" content=\"Donation, assurance-vie, legs : trouvez le type de transmission qui correspond le mieux \u00e0 vos attentes et \u00e0 votre situation.\" \/>\n<meta property=\"og:url\" content=\"https:\/\/bice.org\/fr\/nous-soutenir\/faire-un-legs-assurance-vie-donation\/les-differents-types-de-transmission\/\" \/>\n<meta property=\"og:site_name\" content=\"BICE - ONG de protection des droits de l&#039;enfant\" \/>\n<meta property=\"article:modified_time\" content=\"2023-09-13T08:37:46+00:00\" \/>\n<meta property=\"og:image\" content=\"https:\/\/i0.wp.com\/bice.org\/app\/uploads\/2023\/04\/SEO-visuel-12-modes-transmission.jpg?fit=1000%2C580&ssl=1\" \/>\n\t<meta property=\"og:image:width\" content=\"1000\" \/>\n\t<meta property=\"og:image:height\" content=\"580\" \/>\n\t<meta property=\"og:image:type\" content=\"image\/jpeg\" \/>\n<meta name=\"twitter:card\" content=\"summary_large_image\" \/>\n<meta name=\"twitter:label1\" content=\"Dur\u00e9e de lecture estim\u00e9e\" \/>\n\t<meta name=\"twitter:data1\" content=\"5 minutes\" \/>\n<!-- \/ Yoast SEO plugin. -->","yoast_head_json":{"title":"Donation, assurance-vie, legs - le BICE","description":"Donation, assurance-vie, legs : trouvez le type de transmission qui correspond le mieux \u00e0 vos attentes et \u00e0 votre situation.","robots":{"index":"index","follow":"follow","max-snippet":"max-snippet:-1","max-image-preview":"max-image-preview:large","max-video-preview":"max-video-preview:-1"},"canonical":"https:\/\/bice.org\/fr\/wp-json\/wp\/v2\/pages\/1815","og_locale":"fr_FR","og_type":"article","og_title":"Donation, assurance-vie, legs - le BICE","og_description":"Donation, assurance-vie, legs : trouvez le type de transmission qui correspond le mieux \u00e0 vos attentes et \u00e0 votre situation.","og_url":"https:\/\/bice.org\/fr\/nous-soutenir\/faire-un-legs-assurance-vie-donation\/les-differents-types-de-transmission\/","og_site_name":"BICE - ONG de protection des droits de l&#039;enfant","article_modified_time":"2023-09-13T08:37:46+00:00","og_image":[{"width":1000,"height":580,"url":"https:\/\/i0.wp.com\/bice.org\/app\/uploads\/2023\/04\/SEO-visuel-12-modes-transmission.jpg?fit=1000%2C580&ssl=1","type":"image\/jpeg"}],"twitter_card":"summary_large_image","twitter_misc":{"Dur\u00e9e de lecture estim\u00e9e":"5 minutes"},"schema":{"@context":"https:\/\/schema.org","@graph":[{"@type":"WebPage","@id":"https:\/\/bice.org\/fr\/nous-soutenir\/faire-un-legs-assurance-vie-donation\/les-differents-types-de-transmission\/","url":"https:\/\/bice.org\/fr\/nous-soutenir\/faire-un-legs-assurance-vie-donation\/les-differents-types-de-transmission\/","name":"Donation, assurance-vie, legs - le BICE","isPartOf":{"@id":"https:\/\/bice.org\/fr\/#website"},"primaryImageOfPage":{"@id":"https:\/\/bice.org\/fr\/nous-soutenir\/faire-un-legs-assurance-vie-donation\/les-differents-types-de-transmission\/#primaryimage"},"image":{"@id":"https:\/\/bice.org\/fr\/nous-soutenir\/faire-un-legs-assurance-vie-donation\/les-differents-types-de-transmission\/#primaryimage"},"thumbnailUrl":"https:\/\/i0.wp.com\/bice.org\/app\/uploads\/2023\/04\/SEO-visuel-12-modes-transmission.jpg?fit=1000%2C580&ssl=1","datePublished":"2014-06-12T13:42:55+00:00","dateModified":"2023-09-13T08:37:46+00:00","description":"Donation, assurance-vie, legs : trouvez le type de transmission qui correspond le mieux \u00e0 vos attentes et \u00e0 votre situation.","breadcrumb":{"@id":"https:\/\/bice.org\/fr\/nous-soutenir\/faire-un-legs-assurance-vie-donation\/les-differents-types-de-transmission\/#breadcrumb"},"inLanguage":"fr-FR","potentialAction":[{"@type":"ReadAction","target":["https:\/\/bice.org\/fr\/nous-soutenir\/faire-un-legs-assurance-vie-donation\/les-differents-types-de-transmission\/"]}]},{"@type":"ImageObject","inLanguage":"fr-FR","@id":"https:\/\/bice.org\/fr\/nous-soutenir\/faire-un-legs-assurance-vie-donation\/les-differents-types-de-transmission\/#primaryimage","url":"https:\/\/i0.wp.com\/bice.org\/app\/uploads\/2023\/04\/SEO-visuel-12-modes-transmission.jpg?fit=1000%2C580&ssl=1","contentUrl":"https:\/\/i0.wp.com\/bice.org\/app\/uploads\/2023\/04\/SEO-visuel-12-modes-transmission.jpg?fit=1000%2C580&ssl=1","width":1000,"height":580,"caption":"Legs, donations, assurances-vie : d\u00e9couvrez diff\u00e9rents modes de transmission"},{"@type":"BreadcrumbList","@id":"https:\/\/bice.org\/fr\/nous-soutenir\/faire-un-legs-assurance-vie-donation\/les-differents-types-de-transmission\/#breadcrumb","itemListElement":[{"@type":"ListItem","position":1,"name":"Accueil","item":"https:\/\/bice.org\/fr\/"},{"@type":"ListItem","position":2,"name":"Nous soutenir","item":"https:\/\/bice.org\/fr\/nous-soutenir\/"},{"@type":"ListItem","position":3,"name":"Transmettre son patrimoine","item":"https:\/\/bice.org\/fr\/nous-soutenir\/faire-un-legs-assurance-vie-donation\/"},{"@type":"ListItem","position":4,"name":"Les diff\u00e9rents type de transmission"}]},{"@type":"WebSite","@id":"https:\/\/bice.org\/fr\/#website","url":"https:\/\/bice.org\/fr\/","name":"BICE - ONG de protection des droits de l&#039;enfant","description":"Notre mission : D\u00e9fendre les droits et la dignit\u00e9 des enfants partout dans le monde","publisher":{"@id":"https:\/\/bice.org\/fr\/#organization"},"potentialAction":[{"@type":"SearchAction","target":{"@type":"EntryPoint","urlTemplate":"https:\/\/bice.org\/fr\/?s={search_term_string}"},"query-input":{"@type":"PropertyValueSpecification","valueRequired":true,"valueName":"search_term_string"}}],"inLanguage":"fr-FR"},{"@type":"Organization","@id":"https:\/\/bice.org\/fr\/#organization","name":"BICE","url":"https:\/\/bice.org\/fr\/","logo":{"@type":"ImageObject","inLanguage":"fr-FR","@id":"https:\/\/bice.org\/fr\/#\/schema\/logo\/image\/","url":"https:\/\/bice.org\/app\/uploads\/2022\/06\/favicon.ico","contentUrl":"https:\/\/bice.org\/app\/uploads\/2022\/06\/favicon.ico","width":64,"height":64,"caption":"BICE"},"image":{"@id":"https:\/\/bice.org\/fr\/#\/schema\/logo\/image\/"}}]}},"jetpack_sharing_enabled":true,"_links":{"self":[{"href":"https:\/\/bice.org\/fr\/wp-json\/wp\/v2\/pages\/1815","targetHints":{"allow":["GET"]}}],"collection":[{"href":"https:\/\/bice.org\/fr\/wp-json\/wp\/v2\/pages"}],"about":[{"href":"https:\/\/bice.org\/fr\/wp-json\/wp\/v2\/types\/page"}],"author":[{"embeddable":true,"href":"https:\/\/bice.org\/fr\/wp-json\/wp\/v2\/users\/1"}],"replies":[{"embeddable":true,"href":"https:\/\/bice.org\/fr\/wp-json\/wp\/v2\/comments?post=1815"}],"version-history":[{"count":0,"href":"https:\/\/bice.org\/fr\/wp-json\/wp\/v2\/pages\/1815\/revisions"}],"up":[{"embeddable":true,"href":"https:\/\/bice.org\/fr\/wp-json\/wp\/v2\/pages\/10198"}],"wp:featuredmedia":[{"embeddable":true,"href":"https:\/\/bice.org\/fr\/wp-json\/wp\/v2\/media\/145320"}],"wp:attachment":[{"href":"https:\/\/bice.org\/fr\/wp-json\/wp\/v2\/media?parent=1815"}],"curies":[{"name":"wp","href":"https:\/\/api.w.org\/{rel}","templated":true}]}}