{"id":1835,"date":"2014-06-13T08:04:23","date_gmt":"2014-06-13T08:04:23","guid":{"rendered":"https:\/\/bice.org\/fr\/emploi\/"},"modified":"2026-02-27T14:01:41","modified_gmt":"2026-02-27T13:01:41","slug":"emploi-associatio","status":"publish","type":"page","link":"https:\/\/bice.org\/fr\/nous-soutenir\/nous-rejoindre\/emploi-associatio\/","title":{"rendered":"Offres d&#8217;emploi ou de stage"},"content":{"rendered":"\n<h2 class=\"wp-block-heading\">UN(E) ASSISTANT(E) COLLECTE<\/h2>\n\n\n\n<p>Rattach\u00e9(e) \u00e0 la Directrice de la collecte et de la communication du BICE, l\u2019assistant(e) collecte <strong>recueille et traite les demandes des donateurs, testateurs potentiels et amis du BICE, avec un souci constant de qualit\u00e9 de la relation, et participe \u00e0 la mise en \u0153uvre des op\u00e9rations de collecte grand public. <\/strong><\/p>\n\n\n\n<h3 class=\"wp-block-heading\"><strong>MISSIONS<\/strong><\/h3>\n\n\n\n<h4 class=\"wp-block-heading\">1- Relations donateurs<\/h4>\n\n\n\n<ul class=\"wp-block-list\">\n<li>Assurer l\u2019accueil t\u00e9l\u00e9phonique.<\/li>\n\n\n\n<li>Recevoir et traiter les appels t\u00e9l\u00e9phoniques, les e-mails et les courriers des donateurs et amis du BICE et renforcer leur adh\u00e9sion \u00e0 la mission du BICE au service des enfants les plus vuln\u00e9rables.<\/li>\n\n\n\n<li>Assurer le suivi des dossiers (\u00e9mission des duplicatas de re\u00e7us fiscaux, saisie des NPAI, mise \u00e0 jour ou v\u00e9rification des donn\u00e9es personnelles ou des dons via l\u2019interface utilisateur de la base de donn\u00e9es, une demande aupr\u00e8s du gestionnaire de la base, le back office du module de dons en ligne\u2026).<\/li>\n\n\n\n<li>V\u00e9rifier le respect des proc\u00e9dures de saisie des dons et contribuer \u00e0 leur \u00e9volution si n\u00e9cessaire.<\/li>\n\n\n\n<li>Garantir une excellente qualit\u00e9 de relation avec les donateurs et amis, par l\u2019accueil qui leur est r\u00e9serv\u00e9, la rapidit\u00e9 et la pr\u00e9cision des r\u00e9ponses apport\u00e9es et contribuer ainsi \u00e0 promouvoir l\u2019image du BICE.<\/li>\n\n\n\n<li>Assurer un reporting quantitatif et qualitatif de l\u2019activit\u00e9, partag\u00e9 avec l\u2019\u00e9quipe.<\/li>\n<\/ul>\n\n\n\n<h4 class=\"wp-block-heading\">2- Relations testateurs<\/h4>\n\n\n\n<ul class=\"wp-block-list\">\n<li>Recueillir et traiter les demandes d\u2019informations relatives aux legs, donations et assurances-vie (envoi de la plaquette avec courrier personnalis\u00e9, contact t\u00e9l\u00e9phonique\u2026).<\/li>\n\n\n\n<li>\u00c9tablir et cultiver une relation de qualit\u00e9 avec les personnes entrant en contact avec l\u2019association sur ces questions (courriers, t\u00e9l\u00e9phone, visite \u00e9ventuelle).<\/li>\n\n\n\n<li>Assurer le suivi administratif de l\u2019ex\u00e9cution des legs.<\/li>\n\n\n\n<li>Participer \u00e0 l\u2019\u00e9laboration des mat\u00e9riels de communication et de la documentation.<\/li>\n<\/ul>\n\n\n\n<h4 class=\"wp-block-heading\">3- Collecte grand public<\/h4>\n\n\n\n<ul class=\"wp-block-list\">\n<li>Recueillir les informations n\u00e9cessaires \u00e0 la r\u00e9alisation des supports de collecte (t\u00e9moignages, photos\u2026).<\/li>\n\n\n\n<li>Participer \u00e0 la mise en \u0153uvre des op\u00e9rations de collecte multicanales, de la cr\u00e9ation et \u00e0 la r\u00e9daction jusqu\u2019\u00e0 la personnalisation et au routage, puis au suivi des r\u00e9sultats, en lien avec les prestataires et conform\u00e9ment aux consignes de la responsable collecte.<\/li>\n<\/ul>\n\n\n\n<h4 class=\"wp-block-heading\">4- Autres<\/h4>\n\n\n\n<ul class=\"wp-block-list\">\n<li>Apporter un soutien ponctuel \u00e0 l\u2019\u00e9quipe en cas de besoin<\/li>\n<\/ul>\n\n\n\n<h3 class=\"wp-block-heading\">PROFIL<\/h3>\n\n\n\n<p>De formation Bac+2 minimum, vous justifiez d\u2019une exp\u00e9rience d\u2019au moins 2 ans dans un poste similaire en relations donateurs ou clients et\/ou collecte.<\/p>\n\n\n\n<ul class=\"wp-block-list\">\n<li>Vous avez un <strong>excellent relationnel<\/strong>, faites preuve de patience, d\u2019une grande capacit\u00e9 d\u2019<strong>\u00e9coute<\/strong>, \u00eates parfaitement \u00e0 l\u2019aise au <strong>t\u00e9l\u00e9phone et savez vous adapter \u00e0 votre interlocuteur.<\/strong><\/li>\n\n\n\n<li>Vous \u00eates <strong>discret(e) et savez conserver des informations confidentielles.<\/strong><\/li>\n\n\n\n<li>Vous avez une grande <strong>aisance r\u00e9dactionnelle<\/strong> et une <strong>orthographe irr\u00e9prochable.<\/strong><\/li>\n\n\n\n<li>Vous \u00eates dynamique et avez de grandes qualit\u00e9s de <strong>rigueur, de pr\u00e9cision <\/strong>et un bon sens de l\u2019<strong>organisation<\/strong>.<\/li>\n\n\n\n<li>Vous savez <strong>vous adapter<\/strong> \u00e0 des t\u00e2ches diverses.<\/li>\n\n\n\n<li>Vous avez le sens du <strong>travail en \u00e9quipe<\/strong> mais savez g\u00e9rer vos dossiers de fa\u00e7on autonome.<\/li>\n\n\n\n<li>Vous adh\u00e9rez aux <strong>valeurs du BICE<\/strong> et \u00eates sensible \u00e0 la cause que nous d\u00e9fendons.<\/li>\n\n\n\n<li>Vous avez une bonne <strong>culture g\u00e9n\u00e9rale.<\/strong><\/li>\n\n\n\n<li>Vous avez une bonne ma\u00eetrise de <strong>Word <\/strong>et connaissez <strong>Excel<\/strong>. La connaissance d\u2019un logiciel de <strong>PAO<\/strong> est un plus de m\u00eame que celle des <strong>outils CRM et de dons en ligne.<\/strong><\/li>\n<\/ul>\n\n\n\n<h3 class=\"wp-block-heading\">POSTE<\/h3>\n\n\n\n<ul class=\"wp-block-list\">\n<li>Contrat \u00e0 dur\u00e9e ind\u00e9termin\u00e9e, \u00e0 temps plein.<\/li>\n\n\n\n<li>A pourvoir d\u00e8s que possible.<\/li>\n\n\n\n<li>Lieu de travail&nbsp;: Paris 75009, possibilit\u00e9 de t\u00e9l\u00e9travail ponctuel.<\/li>\n<\/ul>\n\n\n\n<p>Si vous \u00eates int\u00e9ress\u00e9(e) par cette offre, nous vous remercions d\u2019envoyer votre curriculum vitae et votre lettre de motivation \u00e0 l\u2019adresse suivante&nbsp;: <a href=\"mailto:emploi@bice.org\">emploi@bice.org<\/a> en mentionnant dans l\u2019objet la r\u00e9f\u00e9rence \u00ab&nbsp;ASSCOL&nbsp;\u00bb.<\/p>\n\n\n\n<p class=\"has-text-align-center\"><strong>Merci de noter que seules les candidatures retenues pour un premier entretien feront l\u2019objet d\u2019une r\u00e9ponse.<\/strong><\/p>\n\n\n\n<p><\/p>\n\n\n\n<p><\/p>\n\n\n\n<h2 class=\"wp-block-heading\">UN.E STAGIAIRE EN COMMUNICATION DIGITALE<\/h2>\n\n\n\n<p><strong>Vous \u00eates sensible \u00e0 la cause des enfants ? Vous avez des comp\u00e9tences en communication et souhaitez les d\u00e9velopper&nbsp;? Le community management vous motive ? Rejoignez le Bureau International Catholique de l\u2019Enfance ! Nous serons heureux de vous accueillir.<\/strong><\/p>\n\n\n\n<p>Rattach\u00e9.e \u00e0 la charg\u00e9e de communication, <strong>votre mission sera de contribuer \u00e0 l\u2019animation de nos r\u00e9seaux sociaux ainsi qu\u2019\u00e0 la cr\u00e9ation de contenus pour le site internet du BICE et sa newsletter :<\/strong><\/p>\n\n\n\n<ul class=\"wp-block-list\">\n<li><strong>Contribuer \u00e0 l\u2019animation des comptes Facebook, Instagram, Twitter et LinkedIn du BICE :<\/strong>\n<ul class=\"wp-block-list\">\n<li>Participation \u00e0 l\u2019\u00e9laboration du calendrier \u00e9ditorial<\/li>\n\n\n\n<li>R\u00e9daction et publication de posts<\/li>\n\n\n\n<li>D\u00e9veloppement de la visibilit\u00e9 des comptes<\/li>\n\n\n\n<li>Recherche de partenariats<\/li>\n\n\n\n<li>Contribution aux actions de collecte<\/li>\n\n\n\n<li>Reportings<\/li>\n<\/ul>\n<\/li>\n\n\n\n<li><strong>R\u00e9diger des contenus, r\u00e9aliser des montages vid\u00e9os et des animations<\/strong> pour le sit ewww.bice.org et la newsletter mensuelle.<\/li>\n\n\n\n<li><strong>Contribuer \u00e0 l\u2019animation du compte Google grants.<\/strong><\/li>\n\n\n\n<li><strong>Assurer une veille<\/strong> sectorielle.<\/li>\n<\/ul>\n\n\n\n<p>Vous serez en relation avec divers interlocuteurs internes (charg\u00e9es de programmes, charg\u00e9 de projets techniques digitaux\u2026) et des prestataires externes (d\u00e9veloppeur web, agences\u2026).<\/p>\n\n\n\n<h3 class=\"wp-block-heading\">PROFIL<\/h3>\n\n\n\n<ul class=\"wp-block-list\">\n<li>Vous \u00eates en formation Bac+3 et + en <strong>communication, journalisme ou lettres<\/strong>, et \u00eates \u00e0 la recherche d\u2019un stage.<\/li>\n\n\n\n<li>Vous \u00eates curieux.se et passionn\u00e9.e par les enjeux des r\u00e9seaux sociaux et de la communication digitale ; une premi\u00e8re exp\u00e9rience dans ce domaine (en agence, chez l\u2019annonceur) serait un atout.<\/li>\n\n\n\n<li>Vous \u00eates actif.ve, rigoureux.se, organis\u00e9.e, \u00eates force de proposition et avez des qualit\u00e9s relationnelles. <strong>Vous aimez et savez r\u00e9diger<\/strong>, avez la ma\u00eetrise de Photoshop et d\u2019un logiciel de montage vid\u00e9o.<\/li>\n\n\n\n<li>Bien s\u00fbr, vous adh\u00e9rez aux valeurs du BICE et \u00eates sensible \u00e0 la cause des enfants.<\/li>\n<\/ul>\n\n\n\n<h3 class=\"wp-block-heading\">POSTE<\/h3>\n\n\n\n<ul class=\"wp-block-list\">\n<li>Type de contrat : Stage<\/li>\n\n\n\n<li>Lieu de travail : Paris 9e. T\u00e9l\u00e9travail ponctuel possible.<\/li>\n<\/ul>\n\n\n\n<p>Nous vous remercions d\u2019envoyer votre curriculum vitae et votre lettre de motivation \u00e0 l\u2019adresse suivante : emploi@bice.org en mentionnant dans l\u2019objet la r\u00e9f\u00e9rence \u00ab STAGECOM \u00bb ; seules les candidatures retenues feront l\u2019objet d\u2019un retour de notre part.<\/p>\n\n\n\n<p>Pour plus d\u2019information concernant notre vision, notre mission, nos valeurs, vous pouvez consulter&nbsp;<a href=\"https:\/\/bice.org\/fr\/le-bice\/mission-vision-valeurs\/\" target=\"_blank\" rel=\"noreferrer noopener\">cette page<\/a>.<br><\/p>\n\n\n\n<p><\/p>\n","protected":false},"excerpt":{"rendered":"<p>Vous trouverez ci-dessous les offres d\u2019emploi  et de stage actuellement ouvertes au sein de notre association. Ces offres concernent les bureaux de Paris ou de Gen\u00e8ve. Le BICE travaille uniquement avec des partenaires locaux et ne propose de ce fait ni poste ni mission sur le terrain.<\/p>\n","protected":false},"author":1,"featured_media":145249,"parent":10214,"menu_order":1,"comment_status":"closed","ping_status":"closed","template":"","meta":{"_acf_changed":false,"footnotes":""},"class_list":["post-1835","page","type-page","status-publish","has-post-thumbnail","hentry"],"acf":[],"yoast_head":"<!-- This site is optimized with the Yoast SEO plugin v27.2 - https:\/\/yoast.com\/product\/yoast-seo-wordpress\/ -->\n<title>Offres d&#039;emploi association - Travailler au BICE<\/title>\n<meta name=\"description\" content=\"Retrouvez les offres d&#039;emplois au sein de notre association. Le BICE oeuvre pour la dignit\u00e9 et les droits de l&#039;enfant dans le monde.\" \/>\n<meta name=\"robots\" content=\"index, follow, max-snippet:-1, max-image-preview:large, max-video-preview:-1\" \/>\n<link rel=\"canonical\" href=\"https:\/\/bice.org\/fr\/wp-json\/wp\/v2\/pages\/1835\" \/>\n<meta property=\"og:locale\" content=\"fr_FR\" \/>\n<meta property=\"og:type\" content=\"article\" \/>\n<meta property=\"og:title\" content=\"Offres d&#039;emploi association - Travailler au BICE\" \/>\n<meta property=\"og:description\" content=\"Retrouvez les offres d&#039;emplois au sein de notre association. Le BICE oeuvre pour la dignit\u00e9 et les droits de l&#039;enfant dans le monde.\" \/>\n<meta property=\"og:url\" content=\"https:\/\/bice.org\/fr\/nous-soutenir\/nous-rejoindre\/emploi-associatio\/\" \/>\n<meta property=\"og:site_name\" content=\"BICE - ONG de protection des droits de l&#039;enfant\" \/>\n<meta property=\"article:modified_time\" content=\"2026-02-27T13:01:41+00:00\" \/>\n<meta property=\"og:image\" content=\"https:\/\/bice.org\/app\/uploads\/2023\/03\/rejoignez-notre-equipe.jpg\" \/>\n\t<meta property=\"og:image:width\" content=\"1000\" \/>\n\t<meta property=\"og:image:height\" content=\"580\" \/>\n\t<meta property=\"og:image:type\" content=\"image\/jpeg\" \/>\n<meta name=\"twitter:card\" content=\"summary_large_image\" \/>\n<meta name=\"twitter:label1\" content=\"Dur\u00e9e de lecture estim\u00e9e\" \/>\n\t<meta name=\"twitter:data1\" content=\"5 minutes\" \/>\n<!-- \/ Yoast SEO plugin. -->","yoast_head_json":{"title":"Offres d'emploi association - Travailler au BICE","description":"Retrouvez les offres d'emplois au sein de notre association. Le BICE oeuvre pour la dignit\u00e9 et les droits de l'enfant dans le monde.","robots":{"index":"index","follow":"follow","max-snippet":"max-snippet:-1","max-image-preview":"max-image-preview:large","max-video-preview":"max-video-preview:-1"},"canonical":"https:\/\/bice.org\/fr\/wp-json\/wp\/v2\/pages\/1835","og_locale":"fr_FR","og_type":"article","og_title":"Offres d'emploi association - Travailler au BICE","og_description":"Retrouvez les offres d'emplois au sein de notre association. Le BICE oeuvre pour la dignit\u00e9 et les droits de l'enfant dans le monde.","og_url":"https:\/\/bice.org\/fr\/nous-soutenir\/nous-rejoindre\/emploi-associatio\/","og_site_name":"BICE - ONG de protection des droits de l&#039;enfant","article_modified_time":"2026-02-27T13:01:41+00:00","og_image":[{"width":1000,"height":580,"url":"https:\/\/bice.org\/app\/uploads\/2023\/03\/rejoignez-notre-equipe.jpg","type":"image\/jpeg"}],"twitter_card":"summary_large_image","twitter_misc":{"Dur\u00e9e de lecture estim\u00e9e":"5 minutes"},"schema":{"@context":"https:\/\/schema.org","@graph":[{"@type":"WebPage","@id":"https:\/\/bice.org\/fr\/nous-soutenir\/nous-rejoindre\/emploi-associatio\/","url":"https:\/\/bice.org\/fr\/nous-soutenir\/nous-rejoindre\/emploi-associatio\/","name":"Offres d'emploi association - Travailler au BICE","isPartOf":{"@id":"https:\/\/bice.org\/fr\/#website"},"primaryImageOfPage":{"@id":"https:\/\/bice.org\/fr\/nous-soutenir\/nous-rejoindre\/emploi-associatio\/#primaryimage"},"image":{"@id":"https:\/\/bice.org\/fr\/nous-soutenir\/nous-rejoindre\/emploi-associatio\/#primaryimage"},"thumbnailUrl":"https:\/\/i0.wp.com\/bice.org\/app\/uploads\/2023\/04\/Visuel-Don-emploi.webp?fit=1000%2C580&ssl=1","datePublished":"2014-06-13T08:04:23+00:00","dateModified":"2026-02-27T13:01:41+00:00","description":"Retrouvez les offres d'emplois au sein de notre association. Le BICE oeuvre pour la dignit\u00e9 et les droits de l'enfant dans le monde.","breadcrumb":{"@id":"https:\/\/bice.org\/fr\/nous-soutenir\/nous-rejoindre\/emploi-associatio\/#breadcrumb"},"inLanguage":"fr-FR","potentialAction":[{"@type":"ReadAction","target":["https:\/\/bice.org\/fr\/nous-soutenir\/nous-rejoindre\/emploi-associatio\/"]}]},{"@type":"ImageObject","inLanguage":"fr-FR","@id":"https:\/\/bice.org\/fr\/nous-soutenir\/nous-rejoindre\/emploi-associatio\/#primaryimage","url":"https:\/\/i0.wp.com\/bice.org\/app\/uploads\/2023\/04\/Visuel-Don-emploi.webp?fit=1000%2C580&ssl=1","contentUrl":"https:\/\/i0.wp.com\/bice.org\/app\/uploads\/2023\/04\/Visuel-Don-emploi.webp?fit=1000%2C580&ssl=1","width":1000,"height":580,"caption":"Retrouvez ici les offres d'emploi de l'association BICE"},{"@type":"BreadcrumbList","@id":"https:\/\/bice.org\/fr\/nous-soutenir\/nous-rejoindre\/emploi-associatio\/#breadcrumb","itemListElement":[{"@type":"ListItem","position":1,"name":"Accueil","item":"https:\/\/bice.org\/fr\/"},{"@type":"ListItem","position":2,"name":"Nous soutenir","item":"https:\/\/bice.org\/fr\/nous-soutenir\/"},{"@type":"ListItem","position":3,"name":"Nous rejoindre","item":"https:\/\/bice.org\/fr\/nous-soutenir\/nous-rejoindre\/"},{"@type":"ListItem","position":4,"name":"Offres d&#8217;emploi ou de stage"}]},{"@type":"WebSite","@id":"https:\/\/bice.org\/fr\/#website","url":"https:\/\/bice.org\/fr\/","name":"BICE - ONG de protection des droits de l&#039;enfant","description":"Notre mission : D\u00e9fendre les droits et la dignit\u00e9 des enfants partout dans le monde","publisher":{"@id":"https:\/\/bice.org\/fr\/#organization"},"potentialAction":[{"@type":"SearchAction","target":{"@type":"EntryPoint","urlTemplate":"https:\/\/bice.org\/fr\/?s={search_term_string}"},"query-input":{"@type":"PropertyValueSpecification","valueRequired":true,"valueName":"search_term_string"}}],"inLanguage":"fr-FR"},{"@type":"Organization","@id":"https:\/\/bice.org\/fr\/#organization","name":"BICE","url":"https:\/\/bice.org\/fr\/","logo":{"@type":"ImageObject","inLanguage":"fr-FR","@id":"https:\/\/bice.org\/fr\/#\/schema\/logo\/image\/","url":"https:\/\/bice.org\/app\/uploads\/2022\/06\/favicon.ico","contentUrl":"https:\/\/bice.org\/app\/uploads\/2022\/06\/favicon.ico","width":64,"height":64,"caption":"BICE"},"image":{"@id":"https:\/\/bice.org\/fr\/#\/schema\/logo\/image\/"}}]}},"jetpack_sharing_enabled":true,"_links":{"self":[{"href":"https:\/\/bice.org\/fr\/wp-json\/wp\/v2\/pages\/1835","targetHints":{"allow":["GET"]}}],"collection":[{"href":"https:\/\/bice.org\/fr\/wp-json\/wp\/v2\/pages"}],"about":[{"href":"https:\/\/bice.org\/fr\/wp-json\/wp\/v2\/types\/page"}],"author":[{"embeddable":true,"href":"https:\/\/bice.org\/fr\/wp-json\/wp\/v2\/users\/1"}],"replies":[{"embeddable":true,"href":"https:\/\/bice.org\/fr\/wp-json\/wp\/v2\/comments?post=1835"}],"version-history":[{"count":7,"href":"https:\/\/bice.org\/fr\/wp-json\/wp\/v2\/pages\/1835\/revisions"}],"predecessor-version":[{"id":316608,"href":"https:\/\/bice.org\/fr\/wp-json\/wp\/v2\/pages\/1835\/revisions\/316608"}],"up":[{"embeddable":true,"href":"https:\/\/bice.org\/fr\/wp-json\/wp\/v2\/pages\/10214"}],"wp:featuredmedia":[{"embeddable":true,"href":"https:\/\/bice.org\/fr\/wp-json\/wp\/v2\/media\/145249"}],"wp:attachment":[{"href":"https:\/\/bice.org\/fr\/wp-json\/wp\/v2\/media?parent=1835"}],"curies":[{"name":"wp","href":"https:\/\/api.w.org\/{rel}","templated":true}]}}