{"id":1949,"date":"2014-06-20T08:20:48","date_gmt":"2014-06-20T06:20:48","guid":{"rendered":"https:\/\/bice.org\/fr\/publications-de-bice\/"},"modified":"2024-10-17T10:44:13","modified_gmt":"2024-10-17T08:44:13","slug":"publications-du-bice","status":"publish","type":"page","link":"https:\/\/bice.org\/fr\/le-bice\/publications-du-bice\/","title":{"rendered":"Publications du BICE"},"content":{"rendered":"<p>Elles proposent une approche pratique ou th\u00e9orique de ces th\u00e9matiques. Une attention toute particuli\u00e8re est port\u00e9e \u00e0 la recherche sur la r\u00e9silience des enfants. Stefan Vanistendael, sociologue et chercheur associ\u00e9 au BICE jusqu&#8217;en 2016, y a largement contribu\u00e9. Il a notamment approfondi les liens existants avec les droits de l\u2019enfant et la spiritualit\u00e9. Parmi ses derniers travaux : <a href=\"https:\/\/bice.org\/fr\/produit\/la-resilience-ou-le-realisme-de-lesperance\/\"><em><strong>La r\u00e9silience ou le r\u00e9alisme de l\u2019esp\u00e9rance<\/strong><\/em><\/a> ;\u00a0<a href=\"https:\/\/bice.org\/fr\/produit\/resilience-et-spiritualite\/\"><strong><em>R\u00e9silience et spiritualit\u00e9<\/em><\/strong><\/a> ;\u00a0<strong><em><a href=\"https:\/\/bice.org\/fr\/produit\/droits-de-lenfant-et-resilience\/\">Droit de l\u2019enfant et r\u00e9silience<\/a> <\/em><\/strong>; <a href=\"https:\/\/bice.org\/fr\/la-resilience-dans-la-bible-exploree-par-stefan-vanistendael\/\"><strong><em>La r\u00e9silience dans la Bible<\/em><\/strong><\/a><strong><em>.<\/em><\/strong><\/p>\n<p>Retrouvez ci-dessous la liste des publications du BICE :<\/p>\n<ul>\n<li><a href=\"https:\/\/bice.org\/fr\/le-bice\/publications-du-bice\/#francais\">en fran\u00e7ais<\/a><\/li>\n<li><a href=\"https:\/\/bice.org\/fr\/le-bice\/publications-du-bice\/#espagnol\">en espagnol<\/a><\/li>\n<li><a href=\"https:\/\/bice.org\/fr\/le-bice\/publications-du-bice\/#anglais\">en anglais<\/a><\/li>\n<li><a href=\"https:\/\/bice.org\/fr\/le-bice\/publications-du-bice\/#russe\">en russe<\/a><\/li>\n<li><a href=\"https:\/\/bice.org\/fr\/le-bice\/publications-du-bice\/#polonais\">en polonais<\/a><\/li>\n<li><a href=\"https:\/\/bice.org\/fr\/le-bice\/publications-du-bice\/#portugais\">en portugais<\/a><\/li>\n<\/ul>\n<p>Elles sont soit \u00e0 vendre dans <a href=\"https:\/\/bice.org\/fr\/nous-soutenir\/boutique\/\" target=\"_blank\" rel=\"noopener\">notre boutique en ligne<\/a> soit en t\u00e9l\u00e9chargement libre.<\/p>\n<p>Pour toute question, <span id=\"cloak55054\"><a href=\"https:\/\/bice.org\/fr\/contact\/\">contactez-nous<\/a>.<\/span><\/p>\n<div id=\"cck337\" class=\"cck publication\">\n<div class=\"position mainbody pull-left\">\n<div class=\"field page_attachment wysiwyg_editor text\">\n<h2 class=\"title\">DOCUMENTS \u00c0 COMMANDER OU T\u00c9L\u00c9CHARGER<\/h2>\n<div class=\"value\">\n<h3><a id=\"francais\"><\/a>Publications en fran\u00e7ais<\/h3>\n<p>Ouvrages en vente sur notre <a href=\"https:\/\/bice.org\/fr\/categorie-produit\/publications-editoriales\/\">boutique en ligne<\/a> :<\/p>\n<ul>\n<li style=\"list-style-type: none;\">\n<ul>\n<li><strong>La r\u00e9silience ou le r\u00e9alisme de l&#8217;esp\u00e9rance : bless\u00e9, mais pas vaincu<br \/>\n<\/strong>Paris-Gen\u00e8ve, 2015 (5e ed.), fran\u00e7ais<br \/>\n<a href=\"https:\/\/bice.org\/fr\/produit\/la-resilience-ou-le-realisme-de-lesperance\/\" target=\"_blank\" rel=\"noopener\">Commander en ligne<\/a><\/li>\n<li><strong>R\u00e9silience et spiritualit\u00e9 : le r\u00e9alisme de la foi<\/strong><br \/>\nParis, 2012 (2e ed.), fran\u00e7ais<br \/>\n<a href=\"https:\/\/bice.org\/fr\/produit\/resilience-et-spiritualite\/\" target=\"_blank\" rel=\"noopener\">Commander en ligne<\/a><\/li>\n<li><strong>Droits de l\u2019enfant et r\u00e9silience : deux approches f\u00e9condes qui s&#8217;enrichissent mutuellement<br \/>\n<\/strong>Gen\u00e8ve, 2009, fran\u00e7ais<br \/>\n<a href=\"https:\/\/bice.org\/fr\/produit\/droits-de-lenfant-et-resilience\/\" target=\"_blank\" rel=\"noopener\">Commander en ligne<\/a><\/li>\n<\/ul>\n<\/li>\n<\/ul>\n<p>Ouvrages t\u00e9l\u00e9chargeables :<\/p>\n<ul>\n<li><a href=\"https:\/\/bice.org\/images\/pieces-jointes\/PDFs\/4.actualites\/2.publications\/Bonnes-pratiques-FR.pdf\" target=\"_blank\" rel=\"noopener\"><strong>Pr\u00e9venir la maltraitance et l\u2019abus sexuel \u00e0 l\u2019encontre des enfants. Bonnes pratiques de pr\u00e9vention et recommandations.<\/strong><br \/>\n<\/a>Bruxelles, 2013, fran\u00e7ais<\/li>\n<li><strong><a href=\"https:\/\/bice.org\/images\/pieces-jointes\/PDFs\/4.actualites\/2.publications\/cles_pour_devenir_5_approches_droits_enfant_FR.pdf\" target=\"_blank\" rel=\"noopener\">Cl\u00e9s pour devenir : cinq approches pour s\u2019engager avec les enfants<\/a><\/strong><br \/>\nGen\u00e8ve, 2001, fran\u00e7ais<\/li>\n<li><strong><a href=\"https:\/\/bice.org\/images\/pieces-jointes\/PDFs\/4.actualites\/2.publications\/Enfants_prostitution_le_droit_au_bonheur_FR.pdf\" target=\"_blank\" rel=\"noopener\">Enfants et prostitution : le droit au bonheur<\/a><\/strong><br \/>\nParis, 1998, fran\u00e7ais<\/li>\n<li><strong><a href=\"https:\/\/bice.org\/images\/pieces-jointes\/PDFs\/4.actualites\/2.publications\/le_bice_et_la_convention_des_droits_de_l_enfant_FR.pdf\" target=\"_blank\" rel=\"noopener\">Le BICE et la Convention des Droits de l\u2019Enfant<\/a><\/strong><br \/>\nParis, 1998, fran\u00e7ais<\/li>\n<li><strong><a href=\"https:\/\/bice.org\/images\/pieces-jointes\/PDFs\/4.actualites\/2.publications\/enfants_handicapes_en_europe_de_l_est_FR.pdf\" target=\"_blank\" rel=\"noopener\">Enfants handicap\u00e9s en Europe de l\u2019Est : de la honte \u00e0 l\u2019amour<\/a><\/strong><br \/>\nParis, 1998, fran\u00e7ais<\/li>\n<li><strong><a href=\"https:\/\/bice.org\/images\/pieces-jointes\/PDFs\/4.actualites\/2.publications\/enfants_de_la_rue_probleme_ou_personne_FR.pdf\" target=\"_blank\" rel=\"noopener\">Les enfants de la rue : probl\u00e8mes ou personnes ?<\/a><\/strong><br \/>\nGen\u00e8ve, 1995, fran\u00e7ais<\/li>\n<li><strong><a href=\"https:\/\/bice.org\/images\/pieces-jointes\/PDFs\/4.actualites\/2.publications\/jeunes_handicapes_mentaux_en_afrique_FR.pdf\" target=\"_blank\" rel=\"noopener\">Jeunes handicap\u00e9s mentaux en Afrique : comment sont-ils accept\u00e9s ?<\/a><\/strong><br \/>\nGen\u00e8ve, 1993, fran\u00e7ais<\/li>\n<\/ul>\n<h3><a id=\"espagnol\"><\/a>Publications en espagnol<\/h3>\n<p>Ouvrages en vente sur notre boutique en ligne :<\/p>\n<ul>\n<li><strong>La resiliencia o el realismo de la esperanza<\/strong><br \/>\nParis-Gen\u00e8ve, 2016 (3e ed.), espagnol<\/li>\n<li><strong>Derechos del ni\u00f1o y resiliencia<\/strong><br \/>\nBruxelles, 2010, espagnol<\/li>\n<\/ul>\n<p>Ouvrages t\u00e9l\u00e9chargeables :<\/p>\n<ul>\n<li><strong><a href=\"https:\/\/bice.org\/images\/pieces-jointes\/PDFs\/4.actualites\/2.publications\/Bonnes-pratiques-ESP.pdf\" target=\"_blank\" rel=\"noopener\">Derecho a la participaci\u00f3n de ni\u00f1as, ni\u00f1os, adolescentes y j\u00f3venes. Metodolog\u00edas y pr\u00e1cticas para la formaci\u00f3n de educadores. <\/a><\/strong><br \/>\nBruselas, 2013, espa\u00f1ol<\/li>\n<li><strong><a href=\"https:\/\/bice.org\/images\/pieces-jointes\/PDFs\/4.actualites\/2.publications\/ninos_en_la_calle_problemas_o_personas_ES.pdf\" target=\"_blank\" rel=\"noopener\">Los ninos de la calle : problemas o personas ?<\/a><\/strong><br \/>\nGen\u00e8ve, 1995, espagnol<\/li>\n<\/ul>\n<h3><a id=\"anglais\"><\/a>Publications en anglais<\/h3>\n<ul>\n<li><strong>Resilience and spirituality\u00a0: the realism of faith<\/strong><br \/>\nGeneva, 2014, anglais<\/li>\n<li><strong>The rights of the child and resilience : two mutually enriching approaches<br \/>\n<\/strong>Paris, 2014, anglais<\/li>\n<li><strong>Resilience or the realism of hope\u00a0:\u00a0wounded but not defeated<br \/>\n<\/strong>anglais<\/li>\n<\/ul>\n<p>Ouvrages t\u00e9l\u00e9chargeables :<\/p>\n<ul>\n<li><a href=\"https:\/\/bice.org\/images\/pieces-jointes\/PDFs\/4.actualites\/2.publications\/Bonnes-pratiques-GB.pdf\" target=\"_blank\" rel=\"noopener\"><strong>Preventing ill-Treatment and sexuel abuse against children<\/strong><br \/>\n<\/a>Bruxelles, 2013, anglais<\/li>\n<li><strong><a href=\"https:\/\/bice.org\/images\/pieces-jointes\/PDFs\/4.actualites\/2.publications\/BICE_promoting_parental_skills_resilience_english.pdf\" target=\"_blank\" rel=\"noopener\">Promoting Parental Skills and Resilience<\/a><\/strong><br \/>\nBruxelles, 2013, anglais<\/li>\n<li><strong>Growth in the muddle of life. Resilience : building on people\u2019s strengths<\/strong><br \/>\nGen\u00e8ve, 1998, anglais<\/li>\n<li><strong><a href=\"https:\/\/bice.org\/images\/pieces-jointes\/PDFs\/4.actualites\/2.publications\/when_we_are_parents_of_a_disabled_child_EN.pdf\" target=\"_blank\" rel=\"noopener\">When we are parents of a disabled child<\/a><\/strong><br \/>\nGen\u00e8ve, 1998, anglais<\/li>\n<li><strong><a href=\"https:\/\/bice.org\/images\/pieces-jointes\/PDFs\/4.actualites\/2.publications\/street_children_problems_or_persons_EN.pdf\" target=\"_blank\" rel=\"noopener\">Street children : problems or persons ?<\/a><\/strong><br \/>\nGen\u00e8ve, 1995, anglais. street children<\/li>\n<\/ul>\n<h3><a id=\"russe\"><\/a>Publications en Russe<\/h3>\n<p>Ouvrages t\u00e9l\u00e9chargeables :<\/p>\n<ul>\n<li><strong><a href=\"https:\/\/bice.org\/images\/pieces-jointes\/PDFs\/4.actualites\/2.publications\/Bonnes-pratiques-RU2.pdf\" target=\"_blank\" rel=\"noopener\">Pr\u00e9venir la maltraitance et l\u2019abus sexuel \u00e0 l\u2019encontre des enfants. Bonnes pratiques de pr\u00e9vention et recommandations<\/a>.<\/strong><br \/>\nBruxelles, 2013, russe<\/li>\n<li><a title=\"Droits de l'enfant et r\u00e9silience\" href=\"https:\/\/bice.org\/images\/pieces-jointes\/PDFs\/4.actualites\/2.publications\/Droits_et_Resilience_RU.pdf\" target=\"_blank\" rel=\"noopener\"><strong>Droits de l\u2019enfant et r\u00e9silience<\/strong><\/a><br \/>\nGen\u00e8ve, 2013, russe.<\/li>\n<li><strong><a href=\"https:\/\/bice.org\/images\/pieces-jointes\/PDFs\/4.actualites\/2.publications\/when_we_are_parents_of_a_disabled_child_RU.pdf\" target=\"_blank\" rel=\"noopener\">When we are parents of a disabled child<\/a><\/strong><br \/>\nGen\u00e8ve, 1998, russe<\/li>\n<\/ul>\n<h3><a id=\"polonais\"><\/a>Publications en Polonais<\/h3>\n<p>Ouvrages t\u00e9l\u00e9chargeables :<\/p>\n<ul>\n<li><strong><a href=\"https:\/\/bice.org\/images\/pieces-jointes\/PDFs\/4.actualites\/2.publications\/support_to_families_of_children_with_disabilities_POL.pdf\" target=\"_blank\" rel=\"noopener\">Support to families of children with disabilities in Eastern and Central Europe<\/a><\/strong><br \/>\nGen\u00e8ve, 1996, polonais<\/li>\n<\/ul>\n<h3><a id=\"portugais\"><\/a>Publications en Portugais<\/h3>\n<p>Ouvrages t\u00e9l\u00e9chargeables :<\/p>\n<ul>\n<li><a title=\"Droits de l'enfant et r\u00e9silience\" href=\"https:\/\/bice.org\/images\/pieces-jointes\/PDFs\/4.actualites\/2.publications\/droits_et_resilience_portugais.pdf\" target=\"_blank\" rel=\"noopener\"><strong>Droits de l\u2019enfant et r\u00e9silience<\/strong><\/a><br \/>\nGen\u00e8ve, 2013, portugais<\/li>\n<\/ul>\n<\/div>\n<\/div>\n<\/div>\n<\/div>\n","protected":false},"excerpt":{"rendered":"<p>Depuis 1991, les publications du BICE pr\u00e9sentent dans plusieurs langues des \u00e9tudes et des recherches document\u00e9es sur la maltraitance, la r\u00e9silience ou autres sujets li\u00e9s aux droits de l\u2019enfant.<\/p>\n","protected":false},"author":1,"featured_media":61470,"parent":8898,"menu_order":9,"comment_status":"closed","ping_status":"closed","template":"","meta":{"_acf_changed":false,"footnotes":""},"class_list":["post-1949","page","type-page","status-publish","has-post-thumbnail","hentry"],"acf":[],"yoast_head":"<!-- This site is optimized with the Yoast SEO plugin v27.2 - https:\/\/yoast.com\/product\/yoast-seo-wordpress\/ -->\n<title>Publications du BICE | Plaidoyer | BICE<\/title>\n<meta name=\"description\" content=\"Publications du BICE : retrouvez toutes les publications du BICE sur les droits de l\u2019enfant, la maltraitance, la r\u00e9silience et la spiritualit\u00e9.\" \/>\n<meta name=\"robots\" content=\"index, follow, max-snippet:-1, max-image-preview:large, max-video-preview:-1\" \/>\n<link rel=\"canonical\" href=\"https:\/\/bice.org\/fr\/wp-json\/wp\/v2\/pages\/1949\" \/>\n<meta property=\"og:locale\" content=\"fr_FR\" \/>\n<meta property=\"og:type\" content=\"article\" \/>\n<meta property=\"og:title\" content=\"Publications du BICE | Plaidoyer | BICE\" \/>\n<meta property=\"og:description\" content=\"Publications du BICE : retrouvez toutes les publications du BICE sur les droits de l\u2019enfant, la maltraitance, la r\u00e9silience et la spiritualit\u00e9.\" \/>\n<meta property=\"og:url\" content=\"https:\/\/bice.org\/fr\/le-bice\/publications-du-bice\/\" \/>\n<meta property=\"og:site_name\" content=\"BICE - ONG de protection des droits de l&#039;enfant\" \/>\n<meta property=\"article:modified_time\" content=\"2024-10-17T08:44:13+00:00\" \/>\n<meta property=\"og:image\" content=\"https:\/\/i0.wp.com\/bice.org\/app\/uploads\/2021\/09\/images-publications-scaled.jpg?fit=2560%2C1485&ssl=1\" \/>\n\t<meta property=\"og:image:width\" content=\"2560\" \/>\n\t<meta property=\"og:image:height\" content=\"1485\" \/>\n\t<meta property=\"og:image:type\" content=\"image\/jpeg\" \/>\n<meta name=\"twitter:card\" content=\"summary_large_image\" \/>\n<meta name=\"twitter:label1\" content=\"Dur\u00e9e de lecture estim\u00e9e\" \/>\n\t<meta name=\"twitter:data1\" content=\"3 minutes\" \/>\n<!-- \/ Yoast SEO plugin. -->","yoast_head_json":{"title":"Publications du BICE | Plaidoyer | BICE","description":"Publications du BICE : retrouvez toutes les publications du BICE sur les droits de l\u2019enfant, la maltraitance, la r\u00e9silience et la spiritualit\u00e9.","robots":{"index":"index","follow":"follow","max-snippet":"max-snippet:-1","max-image-preview":"max-image-preview:large","max-video-preview":"max-video-preview:-1"},"canonical":"https:\/\/bice.org\/fr\/wp-json\/wp\/v2\/pages\/1949","og_locale":"fr_FR","og_type":"article","og_title":"Publications du BICE | Plaidoyer | BICE","og_description":"Publications du BICE : retrouvez toutes les publications du BICE sur les droits de l\u2019enfant, la maltraitance, la r\u00e9silience et la spiritualit\u00e9.","og_url":"https:\/\/bice.org\/fr\/le-bice\/publications-du-bice\/","og_site_name":"BICE - ONG de protection des droits de l&#039;enfant","article_modified_time":"2024-10-17T08:44:13+00:00","og_image":[{"width":2560,"height":1485,"url":"https:\/\/i0.wp.com\/bice.org\/app\/uploads\/2021\/09\/images-publications-scaled.jpg?fit=2560%2C1485&ssl=1","type":"image\/jpeg"}],"twitter_card":"summary_large_image","twitter_misc":{"Dur\u00e9e de lecture estim\u00e9e":"3 minutes"},"schema":{"@context":"https:\/\/schema.org","@graph":[{"@type":"WebPage","@id":"https:\/\/bice.org\/fr\/le-bice\/publications-du-bice\/","url":"https:\/\/bice.org\/fr\/le-bice\/publications-du-bice\/","name":"Publications du BICE | Plaidoyer | BICE","isPartOf":{"@id":"https:\/\/bice.org\/fr\/#website"},"primaryImageOfPage":{"@id":"https:\/\/bice.org\/fr\/le-bice\/publications-du-bice\/#primaryimage"},"image":{"@id":"https:\/\/bice.org\/fr\/le-bice\/publications-du-bice\/#primaryimage"},"thumbnailUrl":"https:\/\/i0.wp.com\/bice.org\/app\/uploads\/2021\/09\/images-publications-scaled.jpg?fit=2560%2C1485&ssl=1","datePublished":"2014-06-20T06:20:48+00:00","dateModified":"2024-10-17T08:44:13+00:00","description":"Publications du BICE : retrouvez toutes les publications du BICE sur les droits de l\u2019enfant, la maltraitance, la r\u00e9silience et la spiritualit\u00e9.","breadcrumb":{"@id":"https:\/\/bice.org\/fr\/le-bice\/publications-du-bice\/#breadcrumb"},"inLanguage":"fr-FR","potentialAction":[{"@type":"ReadAction","target":["https:\/\/bice.org\/fr\/le-bice\/publications-du-bice\/"]}]},{"@type":"ImageObject","inLanguage":"fr-FR","@id":"https:\/\/bice.org\/fr\/le-bice\/publications-du-bice\/#primaryimage","url":"https:\/\/i0.wp.com\/bice.org\/app\/uploads\/2021\/09\/images-publications-scaled.jpg?fit=2560%2C1485&ssl=1","contentUrl":"https:\/\/i0.wp.com\/bice.org\/app\/uploads\/2021\/09\/images-publications-scaled.jpg?fit=2560%2C1485&ssl=1","width":2560,"height":1485,"caption":"Publications du BICE"},{"@type":"BreadcrumbList","@id":"https:\/\/bice.org\/fr\/le-bice\/publications-du-bice\/#breadcrumb","itemListElement":[{"@type":"ListItem","position":1,"name":"Accueil","item":"https:\/\/bice.org\/fr\/"},{"@type":"ListItem","position":2,"name":"Le BICE, une ONG de protection des droits de l&#8217;enfant","item":"https:\/\/bice.org\/fr\/le-bice\/"},{"@type":"ListItem","position":3,"name":"Publications du BICE"}]},{"@type":"WebSite","@id":"https:\/\/bice.org\/fr\/#website","url":"https:\/\/bice.org\/fr\/","name":"BICE - ONG de protection des droits de l&#039;enfant","description":"Notre mission : D\u00e9fendre les droits et la dignit\u00e9 des enfants partout dans le monde","publisher":{"@id":"https:\/\/bice.org\/fr\/#organization"},"potentialAction":[{"@type":"SearchAction","target":{"@type":"EntryPoint","urlTemplate":"https:\/\/bice.org\/fr\/?s={search_term_string}"},"query-input":{"@type":"PropertyValueSpecification","valueRequired":true,"valueName":"search_term_string"}}],"inLanguage":"fr-FR"},{"@type":"Organization","@id":"https:\/\/bice.org\/fr\/#organization","name":"BICE","url":"https:\/\/bice.org\/fr\/","logo":{"@type":"ImageObject","inLanguage":"fr-FR","@id":"https:\/\/bice.org\/fr\/#\/schema\/logo\/image\/","url":"https:\/\/bice.org\/app\/uploads\/2022\/06\/favicon.ico","contentUrl":"https:\/\/bice.org\/app\/uploads\/2022\/06\/favicon.ico","width":64,"height":64,"caption":"BICE"},"image":{"@id":"https:\/\/bice.org\/fr\/#\/schema\/logo\/image\/"}}]}},"jetpack_sharing_enabled":true,"_links":{"self":[{"href":"https:\/\/bice.org\/fr\/wp-json\/wp\/v2\/pages\/1949","targetHints":{"allow":["GET"]}}],"collection":[{"href":"https:\/\/bice.org\/fr\/wp-json\/wp\/v2\/pages"}],"about":[{"href":"https:\/\/bice.org\/fr\/wp-json\/wp\/v2\/types\/page"}],"author":[{"embeddable":true,"href":"https:\/\/bice.org\/fr\/wp-json\/wp\/v2\/users\/1"}],"replies":[{"embeddable":true,"href":"https:\/\/bice.org\/fr\/wp-json\/wp\/v2\/comments?post=1949"}],"version-history":[{"count":0,"href":"https:\/\/bice.org\/fr\/wp-json\/wp\/v2\/pages\/1949\/revisions"}],"up":[{"embeddable":true,"href":"https:\/\/bice.org\/fr\/wp-json\/wp\/v2\/pages\/8898"}],"wp:featuredmedia":[{"embeddable":true,"href":"https:\/\/bice.org\/fr\/wp-json\/wp\/v2\/media\/61470"}],"wp:attachment":[{"href":"https:\/\/bice.org\/fr\/wp-json\/wp\/v2\/media?parent=1949"}],"curies":[{"name":"wp","href":"https:\/\/api.w.org\/{rel}","templated":true}]}}