{"id":22617,"date":"2017-02-28T15:59:55","date_gmt":"2017-02-28T15:59:55","guid":{"rendered":"https:\/\/bice.org\/?page_id=22617\/"},"modified":"2023-03-23T14:56:38","modified_gmt":"2023-03-23T13:56:38","slug":"droits-de-lenfant","status":"publish","type":"page","link":"https:\/\/bice.org\/fr\/droits-de-lenfant\/","title":{"rendered":"Droits de l&#8217;enfant"},"content":{"rendered":"<p>Le BICE a \u00e9t\u00e9 un acteur majeur dans l\u2019\u00e9laboration de la Convention relative aux droits de l\u2019enfant (CDE) adopt\u00e9e par les Nations unies en 1989. La d\u00e9fense des droits des enfants et le respect de la convention relative aux droits de l\u2019enfant (CDE) sont au c\u0153ur de ses actions de plaidoyer. Des actions qu&#8217;il m\u00e8ne aux Nations unies aupr\u00e8s du Comit\u00e9 des droits de l\u2019enfant, du Conseil des droits de l\u2019homme et de l\u2019Examen p\u00e9riodique universel.<\/p>\n","protected":false},"excerpt":{"rendered":"<p>Retrouvez dans cette partie, l&#8217;histoire des droits de l&#8217;enfant, la Convention relative aux droits de l&#8217;enfant et les principaux autres textes juridiques encadrant la condition des enfants dans le monde, ainsi que les actions de plaidoyer du BICE aupr\u00e8s des instances de l&#8217;ONU.<\/p>\n","protected":false},"author":1,"featured_media":60828,"parent":0,"menu_order":0,"comment_status":"closed","ping_status":"closed","template":"views\/page-node.blade.php","meta":{"_acf_changed":false,"footnotes":""},"class_list":["post-22617","page","type-page","status-publish","has-post-thumbnail","hentry"],"acf":[],"yoast_head":"<!-- This site is optimized with the Yoast SEO plugin v27.2 - https:\/\/yoast.com\/product\/yoast-seo-wordpress\/ -->\n<title>Les droits de l&#039;enfant, histoire et textes - BICE<\/title>\n<meta name=\"description\" content=\"Retrouvez ici l&#039;histoire des droits de l&#039;enfant, la Convention relative aux droits de l&#039;enfant et les actions de plaidoyer du BICE \u00e0 l&#039;ONU.\" \/>\n<meta name=\"robots\" content=\"index, follow, max-snippet:-1, max-image-preview:large, max-video-preview:-1\" \/>\n<link rel=\"canonical\" href=\"https:\/\/bice.org\/fr\/wp-json\/wp\/v2\/pages\/22617\" \/>\n<meta property=\"og:locale\" content=\"fr_FR\" \/>\n<meta property=\"og:type\" content=\"article\" \/>\n<meta property=\"og:title\" content=\"Les droits de l&#039;enfant, histoire et textes - BICE\" \/>\n<meta property=\"og:description\" content=\"Retrouvez ici l&#039;histoire des droits de l&#039;enfant, la Convention relative aux droits de l&#039;enfant et les actions de plaidoyer du BICE \u00e0 l&#039;ONU.\" \/>\n<meta property=\"og:url\" content=\"https:\/\/bice.org\/fr\/droits-de-lenfant\/\" \/>\n<meta property=\"og:site_name\" content=\"BICE - ONG de protection des droits de l&#039;enfant\" \/>\n<meta property=\"article:modified_time\" content=\"2023-03-23T13:56:38+00:00\" \/>\n<meta property=\"og:image\" content=\"https:\/\/i0.wp.com\/bice.org\/app\/uploads\/2021\/08\/enfants-Nepal-droits-de-enfant-scaled.jpg?fit=2560%2C1485&ssl=1\" \/>\n\t<meta property=\"og:image:width\" content=\"2560\" \/>\n\t<meta property=\"og:image:height\" content=\"1485\" \/>\n\t<meta property=\"og:image:type\" content=\"image\/jpeg\" \/>\n<meta name=\"twitter:card\" content=\"summary_large_image\" \/>\n<meta name=\"twitter:label1\" content=\"Dur\u00e9e de lecture estim\u00e9e\" \/>\n\t<meta name=\"twitter:data1\" content=\"1 minute\" \/>\n<!-- \/ Yoast SEO plugin. -->","yoast_head_json":{"title":"Les droits de l'enfant, histoire et textes - BICE","description":"Retrouvez ici l'histoire des droits de l'enfant, la Convention relative aux droits de l'enfant et les actions de plaidoyer du BICE \u00e0 l'ONU.","robots":{"index":"index","follow":"follow","max-snippet":"max-snippet:-1","max-image-preview":"max-image-preview:large","max-video-preview":"max-video-preview:-1"},"canonical":"https:\/\/bice.org\/fr\/wp-json\/wp\/v2\/pages\/22617","og_locale":"fr_FR","og_type":"article","og_title":"Les droits de l'enfant, histoire et textes - BICE","og_description":"Retrouvez ici l'histoire des droits de l'enfant, la Convention relative aux droits de l'enfant et les actions de plaidoyer du BICE \u00e0 l'ONU.","og_url":"https:\/\/bice.org\/fr\/droits-de-lenfant\/","og_site_name":"BICE - ONG de protection des droits de l&#039;enfant","article_modified_time":"2023-03-23T13:56:38+00:00","og_image":[{"width":2560,"height":1485,"url":"https:\/\/i0.wp.com\/bice.org\/app\/uploads\/2021\/08\/enfants-Nepal-droits-de-enfant-scaled.jpg?fit=2560%2C1485&ssl=1","type":"image\/jpeg"}],"twitter_card":"summary_large_image","twitter_misc":{"Dur\u00e9e de lecture estim\u00e9e":"1 minute"},"schema":{"@context":"https:\/\/schema.org","@graph":[{"@type":"WebPage","@id":"https:\/\/bice.org\/fr\/droits-de-lenfant\/","url":"https:\/\/bice.org\/fr\/droits-de-lenfant\/","name":"Les droits de l'enfant, histoire et textes - BICE","isPartOf":{"@id":"https:\/\/bice.org\/fr\/#website"},"primaryImageOfPage":{"@id":"https:\/\/bice.org\/fr\/droits-de-lenfant\/#primaryimage"},"image":{"@id":"https:\/\/bice.org\/fr\/droits-de-lenfant\/#primaryimage"},"thumbnailUrl":"https:\/\/i0.wp.com\/bice.org\/app\/uploads\/2021\/08\/enfants-Nepal-droits-de-enfant-scaled.jpg?fit=2560%2C1485&ssl=1","datePublished":"2017-02-28T15:59:55+00:00","dateModified":"2023-03-23T13:56:38+00:00","description":"Retrouvez ici l'histoire des droits de l'enfant, la Convention relative aux droits de l'enfant et les actions de plaidoyer du BICE \u00e0 l'ONU.","breadcrumb":{"@id":"https:\/\/bice.org\/fr\/droits-de-lenfant\/#breadcrumb"},"inLanguage":"fr-FR","potentialAction":[{"@type":"ReadAction","target":["https:\/\/bice.org\/fr\/droits-de-lenfant\/"]}]},{"@type":"ImageObject","inLanguage":"fr-FR","@id":"https:\/\/bice.org\/fr\/droits-de-lenfant\/#primaryimage","url":"https:\/\/i0.wp.com\/bice.org\/app\/uploads\/2021\/08\/enfants-Nepal-droits-de-enfant-scaled.jpg?fit=2560%2C1485&ssl=1","contentUrl":"https:\/\/i0.wp.com\/bice.org\/app\/uploads\/2021\/08\/enfants-Nepal-droits-de-enfant-scaled.jpg?fit=2560%2C1485&ssl=1","width":2560,"height":1485,"caption":"Droits de l'enfant"},{"@type":"BreadcrumbList","@id":"https:\/\/bice.org\/fr\/droits-de-lenfant\/#breadcrumb","itemListElement":[{"@type":"ListItem","position":1,"name":"Accueil","item":"https:\/\/bice.org\/fr\/"},{"@type":"ListItem","position":2,"name":"Droits de l&#8217;enfant"}]},{"@type":"WebSite","@id":"https:\/\/bice.org\/fr\/#website","url":"https:\/\/bice.org\/fr\/","name":"BICE - ONG de protection des droits de l&#039;enfant","description":"Notre mission : D\u00e9fendre les droits et la dignit\u00e9 des enfants partout dans le monde","publisher":{"@id":"https:\/\/bice.org\/fr\/#organization"},"potentialAction":[{"@type":"SearchAction","target":{"@type":"EntryPoint","urlTemplate":"https:\/\/bice.org\/fr\/?s={search_term_string}"},"query-input":{"@type":"PropertyValueSpecification","valueRequired":true,"valueName":"search_term_string"}}],"inLanguage":"fr-FR"},{"@type":"Organization","@id":"https:\/\/bice.org\/fr\/#organization","name":"BICE","url":"https:\/\/bice.org\/fr\/","logo":{"@type":"ImageObject","inLanguage":"fr-FR","@id":"https:\/\/bice.org\/fr\/#\/schema\/logo\/image\/","url":"https:\/\/bice.org\/app\/uploads\/2022\/06\/favicon.ico","contentUrl":"https:\/\/bice.org\/app\/uploads\/2022\/06\/favicon.ico","width":64,"height":64,"caption":"BICE"},"image":{"@id":"https:\/\/bice.org\/fr\/#\/schema\/logo\/image\/"}}]}},"jetpack_sharing_enabled":true,"_links":{"self":[{"href":"https:\/\/bice.org\/fr\/wp-json\/wp\/v2\/pages\/22617","targetHints":{"allow":["GET"]}}],"collection":[{"href":"https:\/\/bice.org\/fr\/wp-json\/wp\/v2\/pages"}],"about":[{"href":"https:\/\/bice.org\/fr\/wp-json\/wp\/v2\/types\/page"}],"author":[{"embeddable":true,"href":"https:\/\/bice.org\/fr\/wp-json\/wp\/v2\/users\/1"}],"replies":[{"embeddable":true,"href":"https:\/\/bice.org\/fr\/wp-json\/wp\/v2\/comments?post=22617"}],"version-history":[{"count":0,"href":"https:\/\/bice.org\/fr\/wp-json\/wp\/v2\/pages\/22617\/revisions"}],"wp:featuredmedia":[{"embeddable":true,"href":"https:\/\/bice.org\/fr\/wp-json\/wp\/v2\/media\/60828"}],"wp:attachment":[{"href":"https:\/\/bice.org\/fr\/wp-json\/wp\/v2\/media?parent=22617"}],"curies":[{"name":"wp","href":"https:\/\/api.w.org\/{rel}","templated":true}]}}