{"id":29613,"date":"2017-11-02T14:27:12","date_gmt":"2017-11-02T14:27:12","guid":{"rendered":"https:\/\/bice.org\/?page_id=29613\/"},"modified":"2026-02-05T10:10:57","modified_gmt":"2026-02-05T09:10:57","slug":"tuteurs-de-resilience","status":"publish","type":"page","link":"https:\/\/bice.org\/fr\/actions-de-terrain\/domaines-daction\/tuteurs-de-resilience\/","title":{"rendered":"Le BICE forme des tuteurs et accompagne les enfants vers un chemin de r\u00e9silience"},"content":{"rendered":"\n<h2 class=\"wp-block-heading\">La r\u00e9silience au c\u0153ur de l\u2019engagement du BICE<\/h2>\n\n\n\n<p>Le BICE est convaincu que la r\u00e9silience doit \u00eatre au c\u0153ur de l\u2019accompagnement des enfants en situation de vuln\u00e9rabilit\u00e9. Enfants maltrait\u00e9s, victimes d\u2019abus, d\u00e9plac\u00e9s \u00e0 cause de conflits ou de catastrophes naturelles ou en conflit avec la loi\u2026 <strong>Tous sont en mesure de trouver en eux les ressources n\u00e9cessaires pour cicatriser leurs blessures visibles et invisibles.<\/strong><\/p>\n\n\n\n<p><strong>Encore faut-il les y aider.<\/strong> Nombre d\u2019\u00e9tudes psychosociales ont d\u00e9montr\u00e9 qu\u2019il \u00e9tait possible d\u2019isoler, pour des groupes donn\u00e9s, des facteurs de protection et des facteurs de risques \u00e0 m\u00eame de renforcer, ou au contraire, d\u2019affaiblir cette capacit\u00e9 de r\u00e9silience. Comme le notait <a href=\"https:\/\/bice.org\/fr\/la-resilience-au-coeur-de-notre-action\/\">Stefan Vanistendael<\/a>, <em>\u00ab La capacit\u00e9 (de r\u00e9silience) n\u2019est ni fig\u00e9e, ni absolue mais se construit \u00e0 travers un processus d\u2019interactions avec l\u2019entourage. Il ne s\u2019agit pas de nier les probl\u00e8mes mais d\u2019apprendre \u00e0 chacun \u00e0 les d\u00e9passer. \u00bb<\/em>. C\u2019est le r\u00f4le des formations du BICE \u00ab Tuteurs de r\u00e9silience \u00bb.<\/p>\n\n\n\n<div class=\"wp-block-buttons is-content-justification-center is-layout-flex wp-container-core-buttons-is-layout-16018d1d wp-block-buttons-is-layout-flex\">\n<div class=\"wp-block-button is-style-fill\"><a class=\"wp-block-button__link wp-element-button\" href=\"https:\/\/bice.org\/fr\/la-resilience-au-coeur-de-notre-action\/quest-ce-que-la-resilience\/\">D\u00e9finition de la r\u00e9silience<\/a><\/div>\n<\/div>\n\n\n\n<h2 class=\"wp-block-heading\">Une r\u00e9flexion de 40 ans sur la r\u00e9silience<\/h2>\n\n\n\n<p>D\u00e8s les ann\u00e9es 1980, le BICE a plac\u00e9 la <a href=\"https:\/\/bice.org\/fr\/la-resilience-au-coeur-de-notre-action\/\">r\u00e9silience<\/a> au c\u0153ur de sa r\u00e9flexion. La capacit\u00e9 de r\u00e9silience de chaque enfant doit en effet \u00eatre reconnue, valoris\u00e9e, favoris\u00e9e.<\/p>\n\n\n\n<p>Cette conviction s\u2019appuie sur un vaste travail de recherches en interne et sur les apports d\u2019experts en lien avec le BICE. Ces r\u00e9flexions conceptuelles et les m\u00e9thodes mises au point sont r\u00e9unies dans des publications. R\u00e9dig\u00e9es en plusieurs langues, elles sont prioritairement destin\u00e9es aux membres du r\u00e9seau BICE, mais sont \u00e9galement disponibles pour d\u2019autres professionnels de l\u2019enfance.<\/p>\n\n\n\n<p>Des entretiens permettent \u00e9galement \u00e0 des sp\u00e9cialistes d\u2019apporter leur \u00e9clairage.<\/p>\n\n\n<figure class=\"wp-block-image size-large is-resized\"><\/figure>\n\n\n<h2 class=\"wp-block-heading\" id=\"le-bice-forme-des-tuteurs-de-resilience\">Le BICE forme des tuteurs de r\u00e9silience<\/h2>\n\n\n\n<div class=\"wp-block-columns is-layout-flex wp-container-core-columns-is-layout-9d6595d7 wp-block-columns-is-layout-flex\">\n<div class=\"wp-block-column is-vertically-aligned-center is-layout-flow wp-block-column-is-layout-flow\">\n<p>En r\u00e9ponse \u00e0 une demande r\u00e9guli\u00e8re de son r\u00e9seau d\u2019approfondir l\u2019approche r\u00e9silience, le BICE a d\u00e9velopp\u00e9 pour ses membres des formations de <a href=\"https:\/\/bice.org\/fr\/la-resilience-au-coeur-de-notre-action\/les-tuteurs-de-resilience\/\">tuteurs de r\u00e9silience<\/a> avec l\u2019apport scientifique de son partenaire, l\u2019Universit\u00e9 Catholique du Sacr\u00e9 C\u0153ur de Milan (UCSC).<\/p>\n\n\n\n<p>Ce programme est destin\u00e9 \u00e0 soutenir l\u2019action et \u00e0 enrichir la r\u00e9flexion des professionnels qui travaillent aupr\u00e8s des enfants en situation de vuln\u00e9rabilit\u00e9 : \u00e9ducateurs, psychologues, travailleurs sociaux\u2026 <\/p>\n\n\n\n<p>Son objectif est triple :<\/p>\n<\/div>\n\n\n\n<div class=\"wp-block-column is-layout-flow wp-block-column-is-layout-flow\">\n<figure class=\"wp-block-image alignright size-full is-resized\"><img data-recalc-dims=\"1\" decoding=\"async\" width=\"490\" height=\"399\" src=\"https:\/\/i0.wp.com\/bice.org\/app\/uploads\/2020\/05\/2019-formation-tuteurs-de-r%C3%A9silience-syracuse-web.jpg?resize=490%2C399&#038;ssl=1\" alt=\"Formation Tuteurs de r\u00e9silience \u00e0 Syracuse\" class=\"wp-image-47173\" style=\"width:414px;height:auto\" srcset=\"https:\/\/i0.wp.com\/bice.org\/app\/uploads\/2020\/05\/2019-formation-tuteurs-de-r%C3%A9silience-syracuse-web.jpg?w=490&amp;ssl=1 490w, https:\/\/i0.wp.com\/bice.org\/app\/uploads\/2020\/05\/2019-formation-tuteurs-de-r%C3%A9silience-syracuse-web.jpg?resize=300%2C244&amp;ssl=1 300w\" sizes=\"(max-width: 490px) 100vw, 490px\" \/><\/figure>\n<\/div>\n<\/div>\n\n\n\n<h3 class=\"wp-block-heading\">1. Donner aux b\u00e9n\u00e9ficiaires de la formation les outils pour faciliter la r\u00e9silience des enfants qu\u2019ils accompagnent<\/h3>\n\n\n\n<p>Les r\u00e9sultats attendus pour les enfants sont : <\/p>\n\n\n\n<ul class=\"wp-block-list\">\n<li>le bien-\u00eatre psychologique ; <\/li>\n\n\n\n<li>le renforcement de leur identit\u00e9 et des autres ressources internes ; <\/li>\n\n\n\n<li>la consolidation des ressources externes : groupes, pairs et familles.<\/li>\n<\/ul>\n\n\n\n<h3 class=\"wp-block-heading\">2. Favoriser le bien-\u00eatre des personnes en contact direct avec des r\u00e9alit\u00e9s psycho-sociales particuli\u00e8rement lourdes<\/h3>\n\n\n\n<p>Gr\u00e2ce \u00e0 son approche ouverte, positive et cr\u00e9ative, la r\u00e9silience permet de lutter contre la d\u00e9motivation, les tensions, voire la d\u00e9pression des membres des \u00e9quipes.<\/p>\n\n\n\n<h3 class=\"wp-block-heading\">3. Renforcer les liens et les synergies entre les diff\u00e9rentes organisations qui participent aux formations<\/h3>\n\n\n\n<p>Ces formations sont un moyen pour le BICE de partager ses connaissances, son savoir-faire et son exp\u00e9rience en mati\u00e8re de r\u00e9silience avec ses partenaires sur le terrain. Cela participe aussi \u00e0 faire vivre le r\u00e9seau BICE.<\/p>\n\n\n\n<p id=\"ateliers\">Des formations de 3 \u00e0 5 jours sont ainsi dispens\u00e9es \u00e0 des groupes de professionnels du r\u00e9seau BICE travaillant avec les enfants. Elles s\u2019adaptent \u00e0 chaque fois au contexte sp\u00e9cifique (situations d\u2019enfants concern\u00e9es, facteurs culturels\u2026). Des suivis sont effectu\u00e9s pour leur mise en \u0153uvre sur le terrain aupr\u00e8s des enfants.<\/p>\n\n\n\n<h2 class=\"wp-block-heading\">L\u2019approche r\u00e9silience int\u00e9gr\u00e9e \u00e0 de nombreux projets<\/h2>\n\n\n\n<p>Le BICE soutient des projets centr\u00e9s sur le soutien psychologique d\u2019enfants fragilis\u00e9s par des \u00e9v\u00e9nements traumatiques (<a href=\"https:\/\/bice.org\/fr\/actions-de-terrain\/domaines-daction\/le-bice-accompagne-les-enfants-refugies-et-deplaces-internes\/\">enfants r\u00e9fugi\u00e9s ou d\u00e9plac\u00e9s internes<\/a>, <a href=\"https:\/\/bice.org\/fr\/actions-de-terrain\/domaines-daction\/association-violence-enfance\/\">victimes de violences<\/a>, <a href=\"https:\/\/bice.org\/fr\/actions-de-terrain\/domaines-daction\/le-bice-aide-les-familles-a-se-reconstruire-face-aux-crises\/\">souffrant de la pauvret\u00e9<\/a>, <a href=\"https:\/\/bice.org\/fr\/actions-de-terrain\/domaines-daction\/le-bice-oeuvre-pour-le-developpement-dune-justice-reparatrice\/\">enfants et adolescents en rupture sociale<\/a>&#8230;). Et ce, dans plusieurs pays : Arm\u00e9nie, Ukraine, C\u00f4te d\u2019Ivoire, RD Congo, Syrie\u2026 En parall\u00e8le, de plusieurs autres programmes b\u00e9n\u00e9ficient d&#8217;un volet sur la r\u00e9silience. Afin que cette approche puisse b\u00e9n\u00e9ficier au plus grand nombre. Cela favorise la prise en charge globale des enfants et adolescents, ainsi leur r\u00e9int\u00e9gration sur le long terme. Les activit\u00e9s r\u00e9silience permettent en effet de travailler avec les jeunes sur l\u2019expression de leurs \u00e9motions, l\u2019identification de leurs ressources internes et externes. l&#8217;objectif \u00e9tant d&#8217;am\u00e9liorer leur bien-\u00eatre, de les aider \u00e0 faire face \u00e0 l\u2019adversit\u00e9 et \u00e0 se reconstruire.<\/p>\n\n\n<div class=\"grid-blueblocks section-children-categories \">\n\n        <article class=\"blueblocks\">\n        <a href=\"#\" class=\"project-list\" data-cid=\"-1\">            <img decoding=\"async\" width=\"1170\" height=\"679\" src=\"https:\/\/i0.wp.com\/bice.org\/app\/uploads\/2023\/10\/ukraine-espace-resilience-silent-book.jpg?fit=1170%2C679&amp;ssl=1\" class=\"attachment-full size-full\" alt=\"Ukraine espace r\u00e9silience de WCU - soutien psychologique apport\u00e9 aux enfants gr\u00e2ce notamment aux livres silencieux\" srcset=\"https:\/\/i0.wp.com\/bice.org\/app\/uploads\/2023\/10\/ukraine-espace-resilience-silent-book.jpg?w=1170&amp;ssl=1 1170w, https:\/\/i0.wp.com\/bice.org\/app\/uploads\/2023\/10\/ukraine-espace-resilience-silent-book.jpg?resize=300%2C174&amp;ssl=1 300w, https:\/\/i0.wp.com\/bice.org\/app\/uploads\/2023\/10\/ukraine-espace-resilience-silent-book.jpg?resize=1024%2C594&amp;ssl=1 1024w, https:\/\/i0.wp.com\/bice.org\/app\/uploads\/2023\/10\/ukraine-espace-resilience-silent-book.jpg?resize=768%2C446&amp;ssl=1 768w, https:\/\/i0.wp.com\/bice.org\/app\/uploads\/2023\/10\/ukraine-espace-resilience-silent-book.jpg?resize=1000%2C580&amp;ssl=1 1000w, https:\/\/i0.wp.com\/bice.org\/app\/uploads\/2023\/10\/ukraine-espace-resilience-silent-book.jpg?resize=600%2C348&amp;ssl=1 600w\" sizes=\"(max-width: 1000px) 100vw, 1000px\" \/>            <header>\n                <h3>Les projets du BICE<\/h3>\n                <i class=\"icon-plus\" id=\"projets_icon_-1\"><\/i>                <div class=\"projets_ul \" id=\"projets_-1\"><p class=\"entry-title\"><a href=\"https:\/\/bice.org\/fr\/goma-rdc-redonner-espoir-aux-enfants-et-adolescents-brises-par-la-guerre\/\">RDC :\u00a0Redonner espoir aux enfants et adolescents bris\u00e9s par la guerre (2026)<\/a><\/p>\n<p><a href=\"https:\/\/bice.org\/fr\/resilience-et-formation-un-projet-pour-la-jeunesse-burkinabee\/\">Burkina Faso : R\u00e9silience et formation (2026)<\/a><\/p>\n<p class=\"entry-title\"><a href=\"https:\/\/bice.org\/fr\/resilience-offrir-des-perspectives-davenir-aux-enfants-deplaces-en-armenie-projet-2024-2025\/\">Arm\u00e9nie : Offrir des perspectives d\u2019avenir aux enfants d\u00e9plac\u00e9s en Arm\u00e9nie (janv. 2024-d\u00e9c. 2025)<\/a><\/p>\n<p>&nbsp;<\/p>\n<p>&nbsp;<\/p>\n<p>&nbsp;<\/p>\n<\/div>            <\/header>\n                    <\/a>    <\/article>\n        <article class=\"blueblocks\">\n        <a href=\"#\" class=\"project-list\" data-cid=\"1472\">            <img decoding=\"async\" width=\"1000\" height=\"500\" src=\"https:\/\/i0.wp.com\/bice.org\/app\/uploads\/2017\/11\/Image-AtelierA3.jpg?fit=1000%2C500&amp;ssl=1\" class=\"attachment-full size-full\" alt=\"Dessin r\u00e9alis\u00e9 par un enfant lors d&#039;un atelier r\u00e9silience\" srcset=\"https:\/\/i0.wp.com\/bice.org\/app\/uploads\/2017\/11\/Image-AtelierA3.jpg?w=1000&amp;ssl=1 1000w, https:\/\/i0.wp.com\/bice.org\/app\/uploads\/2017\/11\/Image-AtelierA3.jpg?resize=300%2C150&amp;ssl=1 300w, https:\/\/i0.wp.com\/bice.org\/app\/uploads\/2017\/11\/Image-AtelierA3.jpg?resize=768%2C384&amp;ssl=1 768w, https:\/\/i0.wp.com\/bice.org\/app\/uploads\/2017\/11\/Image-AtelierA3.jpg?resize=600%2C300&amp;ssl=1 600w\" sizes=\"(max-width: 1000px) 100vw, 1000px\" \/>            <header>\n                <h3>Exemples d\u2019ateliers de r\u00e9silience<\/h3>\n                <i class=\"icon-plus\" id=\"projets_icon_1472\"><\/i>                                <ul class=\"projets_ul \" id=\"projets_1472\">\n                    <li><a href=\"https:\/\/bice.org\/fr\/atelier-resilience-sous-l-orage\/\">Les ateliers r\u00e9silience<\/a><\/li><li><a href=\"https:\/\/bice.org\/fr\/atelier-le-drapeau-du-groupe\/\">Atelier \u00ab Le drapeau du groupe \u00bb<\/a><\/li><li><a href=\"https:\/\/bice.org\/fr\/latelier-resilience-sous-lorage\/\">L\u2019atelier r\u00e9silience \u00ab Sous l\u2019orage \u00bb<\/a><\/li>                <\/ul>\n                            <\/header>\n                    <\/a>    <\/article>\n    \n<\/div>\n","protected":false},"excerpt":{"rendered":"<p>Depuis pr\u00e8s de 40 ans, la r\u00e9silience est au c\u0153ur de l\u2019action et de la r\u00e9flexion du BICE. En 2015, le BICE a franchi une nouvelle \u00e9tape en proposant un programme de tuteurs de r\u00e9silience. Depuis, plus de 2 500 tuteurs de r\u00e9silience ont \u00e9t\u00e9 form\u00e9s et plus de 100 000 enfants accompagn\u00e9s.<\/p>\n","protected":false},"author":3,"featured_media":58137,"parent":9558,"menu_order":5,"comment_status":"closed","ping_status":"closed","template":"","meta":{"_acf_changed":false,"footnotes":""},"class_list":["post-29613","page","type-page","status-publish","has-post-thumbnail","hentry"],"acf":[],"yoast_head":"<!-- This site is optimized with the Yoast SEO plugin v27.2 - https:\/\/yoast.com\/product\/yoast-seo-wordpress\/ -->\n<title>Tuteurs de r\u00e9silience pour favoriser la r\u00e9silience - le BICE<\/title>\n<meta name=\"description\" content=\"Depuis 2014, le BICE d\u00e9veloppe le programme de tuteurs de r\u00e9silience pour accompagner et aider les enfants victimes de traumatismes.\" \/>\n<meta name=\"robots\" content=\"index, follow, max-snippet:-1, max-image-preview:large, max-video-preview:-1\" \/>\n<link rel=\"canonical\" href=\"https:\/\/bice.org\/fr\/wp-json\/wp\/v2\/pages\/29613\" \/>\n<meta property=\"og:locale\" content=\"fr_FR\" \/>\n<meta property=\"og:type\" content=\"article\" \/>\n<meta property=\"og:title\" content=\"Tuteurs de r\u00e9silience pour favoriser la r\u00e9silience - le BICE\" \/>\n<meta property=\"og:description\" content=\"Depuis 2014, le BICE d\u00e9veloppe le programme de tuteurs de r\u00e9silience pour accompagner et aider les enfants victimes de traumatismes.\" \/>\n<meta property=\"og:url\" content=\"https:\/\/bice.org\/fr\/actions-de-terrain\/domaines-daction\/tuteurs-de-resilience\/\" \/>\n<meta property=\"og:site_name\" content=\"BICE - ONG de protection des droits de l&#039;enfant\" \/>\n<meta property=\"article:modified_time\" content=\"2026-02-05T09:10:57+00:00\" \/>\n<meta property=\"og:image\" content=\"https:\/\/bice.org\/app\/uploads\/2021\/04\/P1050754-scaled-e1736964656900.jpg\" \/>\n\t<meta property=\"og:image:width\" content=\"1000\" \/>\n\t<meta property=\"og:image:height\" content=\"580\" \/>\n\t<meta property=\"og:image:type\" content=\"image\/jpeg\" \/>\n<meta name=\"twitter:card\" content=\"summary_large_image\" \/>\n<meta name=\"twitter:label1\" content=\"Dur\u00e9e de lecture estim\u00e9e\" \/>\n\t<meta name=\"twitter:data1\" content=\"4 minutes\" \/>\n<!-- \/ Yoast SEO plugin. -->","yoast_head_json":{"title":"Tuteurs de r\u00e9silience pour favoriser la r\u00e9silience - le BICE","description":"Depuis 2014, le BICE d\u00e9veloppe le programme de tuteurs de r\u00e9silience pour accompagner et aider les enfants victimes de traumatismes.","robots":{"index":"index","follow":"follow","max-snippet":"max-snippet:-1","max-image-preview":"max-image-preview:large","max-video-preview":"max-video-preview:-1"},"canonical":"https:\/\/bice.org\/fr\/wp-json\/wp\/v2\/pages\/29613","og_locale":"fr_FR","og_type":"article","og_title":"Tuteurs de r\u00e9silience pour favoriser la r\u00e9silience - le BICE","og_description":"Depuis 2014, le BICE d\u00e9veloppe le programme de tuteurs de r\u00e9silience pour accompagner et aider les enfants victimes de traumatismes.","og_url":"https:\/\/bice.org\/fr\/actions-de-terrain\/domaines-daction\/tuteurs-de-resilience\/","og_site_name":"BICE - ONG de protection des droits de l&#039;enfant","article_modified_time":"2026-02-05T09:10:57+00:00","og_image":[{"width":1000,"height":580,"url":"https:\/\/bice.org\/app\/uploads\/2021\/04\/P1050754-scaled-e1736964656900.jpg","type":"image\/jpeg"}],"twitter_card":"summary_large_image","twitter_misc":{"Dur\u00e9e de lecture estim\u00e9e":"4 minutes"},"schema":{"@context":"https:\/\/schema.org","@graph":[{"@type":"WebPage","@id":"https:\/\/bice.org\/fr\/actions-de-terrain\/domaines-daction\/tuteurs-de-resilience\/","url":"https:\/\/bice.org\/fr\/actions-de-terrain\/domaines-daction\/tuteurs-de-resilience\/","name":"Tuteurs de r\u00e9silience pour favoriser la r\u00e9silience - le BICE","isPartOf":{"@id":"https:\/\/bice.org\/fr\/#website"},"primaryImageOfPage":{"@id":"https:\/\/bice.org\/fr\/actions-de-terrain\/domaines-daction\/tuteurs-de-resilience\/#primaryimage"},"image":{"@id":"https:\/\/bice.org\/fr\/actions-de-terrain\/domaines-daction\/tuteurs-de-resilience\/#primaryimage"},"thumbnailUrl":"https:\/\/i0.wp.com\/bice.org\/app\/uploads\/2021\/04\/P1050754-scaled-e1736964656900.jpg?fit=1000%2C580&ssl=1","datePublished":"2017-11-02T14:27:12+00:00","dateModified":"2026-02-05T09:10:57+00:00","description":"Depuis 2014, le BICE d\u00e9veloppe le programme de tuteurs de r\u00e9silience pour accompagner et aider les enfants victimes de traumatismes.","breadcrumb":{"@id":"https:\/\/bice.org\/fr\/actions-de-terrain\/domaines-daction\/tuteurs-de-resilience\/#breadcrumb"},"inLanguage":"fr-FR","potentialAction":[{"@type":"ReadAction","target":["https:\/\/bice.org\/fr\/actions-de-terrain\/domaines-daction\/tuteurs-de-resilience\/"]}]},{"@type":"ImageObject","inLanguage":"fr-FR","@id":"https:\/\/bice.org\/fr\/actions-de-terrain\/domaines-daction\/tuteurs-de-resilience\/#primaryimage","url":"https:\/\/i0.wp.com\/bice.org\/app\/uploads\/2021\/04\/P1050754-scaled-e1736964656900.jpg?fit=1000%2C580&ssl=1","contentUrl":"https:\/\/i0.wp.com\/bice.org\/app\/uploads\/2021\/04\/P1050754-scaled-e1736964656900.jpg?fit=1000%2C580&ssl=1","width":1000,"height":580,"caption":"R\u00e9silience"},{"@type":"BreadcrumbList","@id":"https:\/\/bice.org\/fr\/actions-de-terrain\/domaines-daction\/tuteurs-de-resilience\/#breadcrumb","itemListElement":[{"@type":"ListItem","position":1,"name":"Accueil","item":"https:\/\/bice.org\/fr\/"},{"@type":"ListItem","position":2,"name":"Nos actions de terrain","item":"https:\/\/bice.org\/fr\/actions-de-terrain\/"},{"@type":"ListItem","position":3,"name":"Domaines d&#8217;action","item":"https:\/\/bice.org\/fr\/actions-de-terrain\/domaines-daction\/"},{"@type":"ListItem","position":4,"name":"Le BICE forme des tuteurs et accompagne les enfants vers un chemin de r\u00e9silience"}]},{"@type":"WebSite","@id":"https:\/\/bice.org\/fr\/#website","url":"https:\/\/bice.org\/fr\/","name":"BICE - ONG de protection des droits de l&#039;enfant","description":"Notre mission : D\u00e9fendre les droits et la dignit\u00e9 des enfants partout dans le monde","publisher":{"@id":"https:\/\/bice.org\/fr\/#organization"},"potentialAction":[{"@type":"SearchAction","target":{"@type":"EntryPoint","urlTemplate":"https:\/\/bice.org\/fr\/?s={search_term_string}"},"query-input":{"@type":"PropertyValueSpecification","valueRequired":true,"valueName":"search_term_string"}}],"inLanguage":"fr-FR"},{"@type":"Organization","@id":"https:\/\/bice.org\/fr\/#organization","name":"BICE","url":"https:\/\/bice.org\/fr\/","logo":{"@type":"ImageObject","inLanguage":"fr-FR","@id":"https:\/\/bice.org\/fr\/#\/schema\/logo\/image\/","url":"https:\/\/bice.org\/app\/uploads\/2022\/06\/favicon.ico","contentUrl":"https:\/\/bice.org\/app\/uploads\/2022\/06\/favicon.ico","width":64,"height":64,"caption":"BICE"},"image":{"@id":"https:\/\/bice.org\/fr\/#\/schema\/logo\/image\/"}}]}},"jetpack_sharing_enabled":true,"_links":{"self":[{"href":"https:\/\/bice.org\/fr\/wp-json\/wp\/v2\/pages\/29613","targetHints":{"allow":["GET"]}}],"collection":[{"href":"https:\/\/bice.org\/fr\/wp-json\/wp\/v2\/pages"}],"about":[{"href":"https:\/\/bice.org\/fr\/wp-json\/wp\/v2\/types\/page"}],"author":[{"embeddable":true,"href":"https:\/\/bice.org\/fr\/wp-json\/wp\/v2\/users\/3"}],"replies":[{"embeddable":true,"href":"https:\/\/bice.org\/fr\/wp-json\/wp\/v2\/comments?post=29613"}],"version-history":[{"count":5,"href":"https:\/\/bice.org\/fr\/wp-json\/wp\/v2\/pages\/29613\/revisions"}],"predecessor-version":[{"id":316196,"href":"https:\/\/bice.org\/fr\/wp-json\/wp\/v2\/pages\/29613\/revisions\/316196"}],"up":[{"embeddable":true,"href":"https:\/\/bice.org\/fr\/wp-json\/wp\/v2\/pages\/9558"}],"wp:featuredmedia":[{"embeddable":true,"href":"https:\/\/bice.org\/fr\/wp-json\/wp\/v2\/media\/58137"}],"wp:attachment":[{"href":"https:\/\/bice.org\/fr\/wp-json\/wp\/v2\/media?parent=29613"}],"curies":[{"name":"wp","href":"https:\/\/api.w.org\/{rel}","templated":true}]}}