{"id":303880,"date":"2025-06-17T11:55:52","date_gmt":"2025-06-17T09:55:52","guid":{"rendered":"https:\/\/bice.org\/?page_id=303880"},"modified":"2025-07-17T13:46:19","modified_gmt":"2025-07-17T11:46:19","slug":"le-don-in-memoriam","status":"publish","type":"page","link":"https:\/\/bice.org\/fr\/le-don-in-memoriam\/","title":{"rendered":"Le don In memoriam"},"content":{"rendered":"\n<p>Au Bureau international catholique de l\u2019enfance (BICE), ce type de soutien contribue \u00e0 d\u00e9fendre et prot\u00e9ger les enfants, notamment les plus vuln\u00e9rables. Le don in memoriam peut \u00eatre affect\u00e9 plus sp\u00e9cifiquement \u00e0 nos projets \u00e9ducation. Il devient une aide concr\u00e8te : un tout-petit se d\u00e9veloppe avec des activit\u00e9s d\u2019\u00e9veil, une jeune fille d\u00e9scolaris\u00e9e retourne \u00e0 l\u2019\u00e9cole, un adolescent en rupture sociale acquiert une formation professionnelle\u2026<\/p>\n\n\n\n<p>Gr\u00e2ce \u00e0 vous, la m\u00e9moire de votre proche continue de vivre dans chaque regard d\u2019enfant qui retrouve confiance et espoir.<\/p>\n\n\n\n<p><strong>Le message de Monseigneur Vitillo, Assisant eccl\u00e9siastique du BICE<\/strong><\/p>\n\n\n\n<p>Le d\u00e9c\u00e8s d\u2019un \u00eatre cher provoque toujours douleur, chagrin et sentiment de perte. Mais dans la foi chr\u00e9tienne, cette peine est habit\u00e9e par l\u2019esp\u00e9rance :<\/p>\n\n\n\n<p>\u00ab <em>Si la loi de la mort nous afflige, la promesse de l\u2019immortalit\u00e9 nous apporte la consolation. Car pour ceux qui croient en toi, Seigneur, la vie n\u2019est pas d\u00e9truite, elle est transform\u00e9e ; et lorsque prend fin leur s\u00e9jour sur la terre, ils ont d\u00e9j\u00e0 une demeure \u00e9ternelle dans les cieux.<\/em> \u00bb<br>[<em>Pr\u00e9face n\u00b01 de la liturgie des fun\u00e9railles catholiques<\/em>]<\/p>\n\n\n\n<p>Dans cette esp\u00e9rance, de nombreux croyants et personnes de bonne volont\u00e9 choisissent d\u2019offrir un don en m\u00e9moire de ceux qu\u2019ils ont aim\u00e9s. Par ce geste, ils perp\u00e9tuent leur souvenir, manifestent leur respect et leur affection, et soutiennent une \u0153uvre caritative qui s\u2019engage, \u00e0 la suite du Christ, pour que d\u2019autres puissent \u00ab <em>avoir la vie, la vie en abondance<\/em> \u00bb (Jean 10,10).<\/p>\n\n\n\n<p>C\u2019est pourquoi le BICE est particuli\u00e8rement reconnaissant pour tous les dons re\u00e7us en m\u00e9moire d\u2019un proche. Gr\u00e2ce \u00e0 eux, nous pouvons accompagner des enfants en situation de vuln\u00e9rabilit\u00e9 et leur permettre de grandir physiquement, affectivement et spirituellement, dans la dignit\u00e9 unique et remplie de gr\u00e2ce que Dieu a d\u00e9pos\u00e9e en chacun de ses enfants.<\/p>\n\n\n\n<p>Soyez assur\u00e9s de nos pri\u00e8res pour toutes les personnes qui nous sont ainsi confi\u00e9es.<\/p>\n\n\n\n<h2 class=\"wp-block-heading\">Qu\u2019est-ce qu\u2019un don in memoriam ?<\/h2>\n\n\n\n<p>Un don in memoriam est un don r\u00e9alis\u00e9 en hommage \u00e0 une personne d\u00e9c\u00e9d\u00e9e. Il peut \u00eatre fait :<\/p>\n\n\n\n<ul class=\"wp-block-list\">\n<li>\u00e0 l\u2019occasion des obs\u00e8ques, en lieu et place de fleurs,<\/li>\n\n\n\n<li>\u00e0 une date symbolique (anniversaire, f\u00eate, Toussaint\u2026),<\/li>\n\n\n\n<li>ou spontan\u00e9ment, dans le prolongement des engagements du d\u00e9funt.<\/li>\n<\/ul>\n\n\n\n<p>Ce don permet, au-del\u00e0 de la douleur, de rendre hommage aux valeurs que portait cette personne, de s\u2019associer, par un acte g\u00e9n\u00e9reux, \u00e0 ce qu\u2019elle croyait juste, la d\u00e9fense de la dignit\u00e9 et des droits de l\u2019enfant.<\/p>\n\n\n\n<h2 class=\"wp-block-heading\">Comment faire un don in memoriam ?<\/h2>\n\n\n\n<p>\ud83d\udfe8 <strong>En ligne<\/strong><br>Vous pouvez faire votre don en quelques clics, en pr\u00e9cisant dans le formulaire, si vous le souhaitez, que ce don est fait \u00ab en m\u00e9moire de [Nom] \u00bb.<\/p>\n\n\n\n<div class=\"wp-block-buttons is-content-justification-center is-layout-flex wp-container-core-buttons-is-layout-16018d1d wp-block-buttons-is-layout-flex\">\n<div class=\"wp-block-button\"><a class=\"wp-block-button__link wp-element-button\" href=\"https:\/\/donner.bice.org\/in-memoriam\/\" target=\"_blank\" rel=\"noreferrer noopener\">\ud83d\udc49 Faire un don in memoriam<\/a><\/div>\n<\/div>\n\n\n\n<p>\ud83d\udfe8 <strong>Par ch\u00e8que<\/strong><br>Adressez votre don \u00e0 l\u2019ordre du BICE, en joignant un mot pr\u00e9cisant qu\u2019il s\u2019agit d\u2019un don en m\u00e9moire d\u2019une personne \u2013 que vous pouvez nommer &#8211; \u00e0 :<br>BICE \u2013 Don in memoriam<br>9 rue du Delta \u2013 75009 Paris<\/p>\n\n\n\n<h2 class=\"wp-block-heading\">Pour rendre un hommage collectif<\/h2>\n\n\n\n<p>Il est aussi possible de proposer \u00e0 la famille et aux amis de soutenir la cause des enfants ch\u00e8re \u00e0 la personne disparue en mentionnant le BICE dans le faire-part de d\u00e9c\u00e8s ou le livret de la c\u00e9r\u00e9monie des obs\u00e8ques. Les proches peuvent organiser une collecte et aussi \u00eatre invit\u00e9s \u00e0 aller directement sur la page de notre site consacr\u00e9e aux dons in memoriam.<\/p>\n\n\n\n<div class=\"wp-block-buttons is-content-justification-center is-layout-flex wp-container-core-buttons-is-layout-16018d1d wp-block-buttons-is-layout-flex\">\n<div class=\"wp-block-button\"><a class=\"wp-block-button__link wp-element-button\" href=\"https:\/\/donner.bice.org\/in-memoriam\/\" target=\"_blank\" rel=\"noreferrer noopener\">\ud83d\udc49 Faire un don in memoriam<\/a><\/div>\n<\/div>\n\n\n\n<p>\ud83d\udce9 Si vous souhaitez \u00eatre accompagn\u00e9 dans cette d\u00e9marche, contactez-nous en toute confidentialit\u00e9 :<\/p>\n\n\n\n<p>\ud83d\udc49 <a href=\"mailto:donateurs@bice.org\" target=\"_blank\" rel=\"noreferrer noopener\">donateurs@bice.org<\/a><\/p>\n\n\n\n<p>\ud83d\udcde 01 53 35 01 00<\/p>\n\n\n\n<h2 class=\"wp-block-heading\">Votre don, un h\u00e9ritage d\u2019esp\u00e9rance<\/h2>\n\n\n\n<p>Le don re\u00e7u en m\u00e9moire d\u2019un proche contribue au financement de l\u2019ensemble des missions du BICE ou peut \u00eatre affect\u00e9 \u00e0 nos projets \u00e9ducation men\u00e9s avec nos partenaires locaux. Ils \u0153uvrent par exemple \u00e0 :<\/p>\n\n\n\n<ul class=\"wp-block-list\">\n<li><em>\u00c9veil de tout-petits vivant dans des zones marginalis\u00e9es au Paraguay, en Inde ou au Cambodge<\/em><\/li>\n\n\n\n<li><em>Acc\u00e8s \u00e0 la formation professionnelle d\u2019adolescents dans des contextes fragiles en Colombie ou en R\u00e9publique d\u00e9mocratique du Congo<\/em><\/li>\n\n\n\n<li><em>Soutien scolaire d\u2019enfants dans un lieu s\u00e9curisant au Guatemala ou au Paraguay<\/em><\/li>\n\n\n\n<li><em>Retour \u00e0 l\u2019\u00e9cole pour les enfants d\u00e9plac\u00e9s par le conflit en R\u00e9publique d\u00e9mocratique du Congo<\/em><\/li>\n\n\n\n<li><em>\u00c9quipement d\u2019une biblioth\u00e8que et d\u2019une ludoth\u00e8que au Guatemala ou au Paraguay dans des quartiers des p\u00e9riph\u00e9ries<\/em><\/li>\n\n\n\n<li><em>Mise en place de biblioth\u00e8ques mobiles au Cambodge ou au Kirghizistan<\/em><\/li>\n\n\n\n<li><em>R\u00e9fection d\u2019une cantine scolaire en milieu rural en C\u00f4te d\u2019Ivoire<\/em><\/li>\n<\/ul>\n\n\n\n<p>Votre choix est \u00e0 mentionner sur papier libre en cas d\u2019envoi du don par courrier ou en cochant la case sur le formulaire de don en ligne.<\/p>\n\n\n\n<p>Nous accueillons chaque don in memoriam avec une immense gratitude. Il nous rappelle que chaque enfant que nous accompagnons est aussi le fruit de cette cha\u00eene invisible de solidarit\u00e9, nourrie par les liens, la m\u00e9moire et la foi en un monde meilleur.<\/p>\n\n\n\n<p>Avec le don in memoriam, vous confiez au BICE le souvenir d\u2019une personne ch\u00e8re. Nous la portons dans la pri\u00e8re lors de la messe annuelle c\u00e9l\u00e9br\u00e9e \u00e0 l\u2019intention de nos donateurs et testateurs.<\/p>\n\n\n\n<p><strong>Un geste d\u2019amour, un avenir pour un enfant.<\/strong><br>Avec un don in memoriam, vous transformez la m\u00e9moire d\u2019un proche en une promesse de vie pour des enfants en d\u00e9tresse. Soyez-en infiniment remerci\u00e9.<\/p>\n\n\n\n<div class=\"wp-block-buttons is-content-justification-center is-layout-flex wp-container-core-buttons-is-layout-16018d1d wp-block-buttons-is-layout-flex\">\n<div class=\"wp-block-button\"><a class=\"wp-block-button__link wp-element-button\" href=\"https:\/\/donner.bice.org\/in-memoriam\/\" target=\"_blank\" rel=\"noreferrer noopener\">\ud83d\udc49 Je fais un don en m\u00e9moire<\/a><\/div>\n<\/div>\n","protected":false},"excerpt":{"rendered":"<p>Faire un don en m\u00e9moire d\u2019un \u00eatre cher, c\u2019est poser un geste d\u2019amour et porteur de vie qui fait suite aux engagements de la personne disparue. Il prolonge une vie tourn\u00e9e vers les autres ; au c\u0153ur de la peine, il apporte un apaisement.<\/p>\n","protected":false},"author":18,"featured_media":0,"parent":0,"menu_order":0,"comment_status":"closed","ping_status":"closed","template":"","meta":{"_acf_changed":false,"footnotes":""},"class_list":["post-303880","page","type-page","status-publish","hentry"],"acf":[],"yoast_head":"<!-- This site is optimized with the Yoast SEO plugin v27.2 - https:\/\/yoast.com\/product\/yoast-seo-wordpress\/ -->\n<title>Le don In memoriam - BICE - ONG de protection des droits de l&#039;enfant<\/title>\n<meta name=\"robots\" content=\"index, follow, max-snippet:-1, max-image-preview:large, max-video-preview:-1\" \/>\n<link rel=\"canonical\" href=\"https:\/\/bice.org\/fr\/wp-json\/wp\/v2\/pages\/303880\" \/>\n<meta property=\"og:locale\" content=\"fr_FR\" \/>\n<meta property=\"og:type\" content=\"article\" \/>\n<meta property=\"og:title\" content=\"Le don In memoriam - BICE - ONG de protection des droits de l&#039;enfant\" \/>\n<meta property=\"og:description\" content=\"Faire un don en m\u00e9moire d\u2019un \u00eatre cher, c\u2019est poser un geste d\u2019amour et porteur de vie qui fait suite aux engagements de la personne disparue. Il prolonge une vie tourn\u00e9e vers les autres ; au c\u0153ur de la peine, il apporte un apaisement.\" \/>\n<meta property=\"og:url\" content=\"https:\/\/bice.org\/fr\/le-don-in-memoriam\/\" \/>\n<meta property=\"og:site_name\" content=\"BICE - ONG de protection des droits de l&#039;enfant\" \/>\n<meta property=\"article:modified_time\" content=\"2025-07-17T11:46:19+00:00\" \/>\n<meta name=\"twitter:card\" content=\"summary_large_image\" \/>\n<meta name=\"twitter:label1\" content=\"Dur\u00e9e de lecture estim\u00e9e\" \/>\n\t<meta name=\"twitter:data1\" content=\"5 minutes\" \/>\n<!-- \/ Yoast SEO plugin. -->","yoast_head_json":{"title":"Le don In memoriam - BICE - ONG de protection des droits de l&#039;enfant","robots":{"index":"index","follow":"follow","max-snippet":"max-snippet:-1","max-image-preview":"max-image-preview:large","max-video-preview":"max-video-preview:-1"},"canonical":"https:\/\/bice.org\/fr\/wp-json\/wp\/v2\/pages\/303880","og_locale":"fr_FR","og_type":"article","og_title":"Le don In memoriam - BICE - ONG de protection des droits de l&#039;enfant","og_description":"Faire un don en m\u00e9moire d\u2019un \u00eatre cher, c\u2019est poser un geste d\u2019amour et porteur de vie qui fait suite aux engagements de la personne disparue. Il prolonge une vie tourn\u00e9e vers les autres ; au c\u0153ur de la peine, il apporte un apaisement.","og_url":"https:\/\/bice.org\/fr\/le-don-in-memoriam\/","og_site_name":"BICE - ONG de protection des droits de l&#039;enfant","article_modified_time":"2025-07-17T11:46:19+00:00","twitter_card":"summary_large_image","twitter_misc":{"Dur\u00e9e de lecture estim\u00e9e":"5 minutes"},"schema":{"@context":"https:\/\/schema.org","@graph":[{"@type":"WebPage","@id":"https:\/\/bice.org\/fr\/le-don-in-memoriam\/","url":"https:\/\/bice.org\/fr\/le-don-in-memoriam\/","name":"Le don In memoriam - BICE - ONG de protection des droits de l&#039;enfant","isPartOf":{"@id":"https:\/\/bice.org\/fr\/#website"},"datePublished":"2025-06-17T09:55:52+00:00","dateModified":"2025-07-17T11:46:19+00:00","breadcrumb":{"@id":"https:\/\/bice.org\/fr\/le-don-in-memoriam\/#breadcrumb"},"inLanguage":"fr-FR","potentialAction":[{"@type":"ReadAction","target":["https:\/\/bice.org\/fr\/le-don-in-memoriam\/"]}]},{"@type":"BreadcrumbList","@id":"https:\/\/bice.org\/fr\/le-don-in-memoriam\/#breadcrumb","itemListElement":[{"@type":"ListItem","position":1,"name":"Accueil","item":"https:\/\/bice.org\/fr\/"},{"@type":"ListItem","position":2,"name":"Le don In memoriam"}]},{"@type":"WebSite","@id":"https:\/\/bice.org\/fr\/#website","url":"https:\/\/bice.org\/fr\/","name":"BICE - ONG de protection des droits de l&#039;enfant","description":"Notre mission : D\u00e9fendre les droits et la dignit\u00e9 des enfants partout dans le monde","publisher":{"@id":"https:\/\/bice.org\/fr\/#organization"},"potentialAction":[{"@type":"SearchAction","target":{"@type":"EntryPoint","urlTemplate":"https:\/\/bice.org\/fr\/?s={search_term_string}"},"query-input":{"@type":"PropertyValueSpecification","valueRequired":true,"valueName":"search_term_string"}}],"inLanguage":"fr-FR"},{"@type":"Organization","@id":"https:\/\/bice.org\/fr\/#organization","name":"BICE","url":"https:\/\/bice.org\/fr\/","logo":{"@type":"ImageObject","inLanguage":"fr-FR","@id":"https:\/\/bice.org\/fr\/#\/schema\/logo\/image\/","url":"https:\/\/bice.org\/app\/uploads\/2022\/06\/favicon.ico","contentUrl":"https:\/\/bice.org\/app\/uploads\/2022\/06\/favicon.ico","width":64,"height":64,"caption":"BICE"},"image":{"@id":"https:\/\/bice.org\/fr\/#\/schema\/logo\/image\/"}}]}},"jetpack_sharing_enabled":true,"_links":{"self":[{"href":"https:\/\/bice.org\/fr\/wp-json\/wp\/v2\/pages\/303880","targetHints":{"allow":["GET"]}}],"collection":[{"href":"https:\/\/bice.org\/fr\/wp-json\/wp\/v2\/pages"}],"about":[{"href":"https:\/\/bice.org\/fr\/wp-json\/wp\/v2\/types\/page"}],"author":[{"embeddable":true,"href":"https:\/\/bice.org\/fr\/wp-json\/wp\/v2\/users\/18"}],"replies":[{"embeddable":true,"href":"https:\/\/bice.org\/fr\/wp-json\/wp\/v2\/comments?post=303880"}],"version-history":[{"count":7,"href":"https:\/\/bice.org\/fr\/wp-json\/wp\/v2\/pages\/303880\/revisions"}],"predecessor-version":[{"id":307550,"href":"https:\/\/bice.org\/fr\/wp-json\/wp\/v2\/pages\/303880\/revisions\/307550"}],"wp:attachment":[{"href":"https:\/\/bice.org\/fr\/wp-json\/wp\/v2\/media?parent=303880"}],"curies":[{"name":"wp","href":"https:\/\/api.w.org\/{rel}","templated":true}]}}