{"id":32353,"date":"2018-04-20T12:18:01","date_gmt":"2018-04-20T10:18:01","guid":{"rendered":"https:\/\/bice.org\/?page_id=32353\/"},"modified":"2024-04-19T10:15:22","modified_gmt":"2024-04-19T08:15:22","slug":"notre-histoire","status":"publish","type":"page","link":"https:\/\/bice.org\/fr\/le-bice\/notre-histoire\/","title":{"rendered":"Notre histoire"},"content":{"rendered":"","protected":false},"excerpt":{"rendered":"<p>D\u00e9couvrez en images l&#8217;histoire du BICE et les avanc\u00e9es qui ont marqu\u00e9 les droits de l\u2019enfant depuis la cr\u00e9ation de notre association en 1948.<\/p>\n","protected":false},"author":1,"featured_media":50681,"parent":8898,"menu_order":2,"comment_status":"closed","ping_status":"closed","template":"views\/page-timeline.blade.php","meta":{"_acf_changed":false,"footnotes":""},"class_list":["post-32353","page","type-page","status-publish","has-post-thumbnail","hentry"],"acf":[],"yoast_head":"<!-- This site is optimized with the Yoast SEO plugin v27.2 - https:\/\/yoast.com\/product\/yoast-seo-wordpress\/ -->\n<title>Histoire du BICE, fond\u00e9 en 1948<\/title>\n<meta name=\"description\" content=\"Fond\u00e9 en 1948, le Bureau international catholique de l&#039;enfance (BICE) est une ONG sp\u00e9cialis\u00e9e dans la protection de l&#039;enfant dans le monde.\" \/>\n<meta name=\"robots\" content=\"index, follow, max-snippet:-1, max-image-preview:large, max-video-preview:-1\" \/>\n<link rel=\"canonical\" href=\"https:\/\/bice.org\/fr\/wp-json\/wp\/v2\/pages\/32353\" \/>\n<meta property=\"og:locale\" content=\"fr_FR\" \/>\n<meta property=\"og:type\" content=\"article\" \/>\n<meta property=\"og:title\" content=\"Histoire du BICE, fond\u00e9 en 1948\" \/>\n<meta property=\"og:description\" content=\"Fond\u00e9 en 1948, le Bureau international catholique de l&#039;enfance (BICE) est une ONG sp\u00e9cialis\u00e9e dans la protection de l&#039;enfant dans le monde.\" \/>\n<meta property=\"og:url\" content=\"https:\/\/bice.org\/fr\/le-bice\/notre-histoire\/\" \/>\n<meta property=\"og:site_name\" content=\"BICE - ONG de protection des droits de l&#039;enfant\" \/>\n<meta property=\"article:modified_time\" content=\"2024-04-19T08:15:22+00:00\" \/>\n<meta property=\"og:image\" content=\"https:\/\/i0.wp.com\/bice.org\/app\/uploads\/2020\/09\/paraguay-ecoles-sans-murs-e1623755087169.jpg?fit=1000%2C582&ssl=1\" \/>\n\t<meta property=\"og:image:width\" content=\"1000\" \/>\n\t<meta property=\"og:image:height\" content=\"582\" \/>\n\t<meta property=\"og:image:type\" content=\"image\/jpeg\" \/>\n<meta name=\"twitter:card\" content=\"summary_large_image\" \/>\n<meta name=\"twitter:label1\" content=\"Dur\u00e9e de lecture estim\u00e9e\" \/>\n\t<meta name=\"twitter:data1\" content=\"1 minute\" \/>\n<!-- \/ Yoast SEO plugin. -->","yoast_head_json":{"title":"Histoire du BICE, fond\u00e9 en 1948","description":"Fond\u00e9 en 1948, le Bureau international catholique de l'enfance (BICE) est une ONG sp\u00e9cialis\u00e9e dans la protection de l'enfant dans le monde.","robots":{"index":"index","follow":"follow","max-snippet":"max-snippet:-1","max-image-preview":"max-image-preview:large","max-video-preview":"max-video-preview:-1"},"canonical":"https:\/\/bice.org\/fr\/wp-json\/wp\/v2\/pages\/32353","og_locale":"fr_FR","og_type":"article","og_title":"Histoire du BICE, fond\u00e9 en 1948","og_description":"Fond\u00e9 en 1948, le Bureau international catholique de l'enfance (BICE) est une ONG sp\u00e9cialis\u00e9e dans la protection de l'enfant dans le monde.","og_url":"https:\/\/bice.org\/fr\/le-bice\/notre-histoire\/","og_site_name":"BICE - ONG de protection des droits de l&#039;enfant","article_modified_time":"2024-04-19T08:15:22+00:00","og_image":[{"width":1000,"height":582,"url":"https:\/\/i0.wp.com\/bice.org\/app\/uploads\/2020\/09\/paraguay-ecoles-sans-murs-e1623755087169.jpg?fit=1000%2C582&ssl=1","type":"image\/jpeg"}],"twitter_card":"summary_large_image","twitter_misc":{"Dur\u00e9e de lecture estim\u00e9e":"1 minute"},"schema":{"@context":"https:\/\/schema.org","@graph":[{"@type":"WebPage","@id":"https:\/\/bice.org\/fr\/le-bice\/notre-histoire\/","url":"https:\/\/bice.org\/fr\/le-bice\/notre-histoire\/","name":"Histoire du BICE, fond\u00e9 en 1948","isPartOf":{"@id":"https:\/\/bice.org\/fr\/#website"},"primaryImageOfPage":{"@id":"https:\/\/bice.org\/fr\/le-bice\/notre-histoire\/#primaryimage"},"image":{"@id":"https:\/\/bice.org\/fr\/le-bice\/notre-histoire\/#primaryimage"},"thumbnailUrl":"https:\/\/i0.wp.com\/bice.org\/app\/uploads\/2020\/09\/paraguay-ecoles-sans-murs-e1623755087169.jpg?fit=1000%2C582&ssl=1","datePublished":"2018-04-20T10:18:01+00:00","dateModified":"2024-04-19T08:15:22+00:00","description":"Fond\u00e9 en 1948, le Bureau international catholique de l'enfance (BICE) est une ONG sp\u00e9cialis\u00e9e dans la protection de l'enfant dans le monde.","breadcrumb":{"@id":"https:\/\/bice.org\/fr\/le-bice\/notre-histoire\/#breadcrumb"},"inLanguage":"fr-FR","potentialAction":[{"@type":"ReadAction","target":["https:\/\/bice.org\/fr\/le-bice\/notre-histoire\/"]}]},{"@type":"ImageObject","inLanguage":"fr-FR","@id":"https:\/\/bice.org\/fr\/le-bice\/notre-histoire\/#primaryimage","url":"https:\/\/i0.wp.com\/bice.org\/app\/uploads\/2020\/09\/paraguay-ecoles-sans-murs-e1623755087169.jpg?fit=1000%2C582&ssl=1","contentUrl":"https:\/\/i0.wp.com\/bice.org\/app\/uploads\/2020\/09\/paraguay-ecoles-sans-murs-e1623755087169.jpg?fit=1000%2C582&ssl=1","width":1000,"height":582,"caption":"paraguay \u00e9coles sans murs"},{"@type":"BreadcrumbList","@id":"https:\/\/bice.org\/fr\/le-bice\/notre-histoire\/#breadcrumb","itemListElement":[{"@type":"ListItem","position":1,"name":"Accueil","item":"https:\/\/bice.org\/fr\/"},{"@type":"ListItem","position":2,"name":"Le BICE, une ONG de protection des droits de l&#8217;enfant","item":"https:\/\/bice.org\/fr\/le-bice\/"},{"@type":"ListItem","position":3,"name":"Notre histoire"}]},{"@type":"WebSite","@id":"https:\/\/bice.org\/fr\/#website","url":"https:\/\/bice.org\/fr\/","name":"BICE - ONG de protection des droits de l&#039;enfant","description":"Notre mission : D\u00e9fendre les droits et la dignit\u00e9 des enfants partout dans le monde","publisher":{"@id":"https:\/\/bice.org\/fr\/#organization"},"potentialAction":[{"@type":"SearchAction","target":{"@type":"EntryPoint","urlTemplate":"https:\/\/bice.org\/fr\/?s={search_term_string}"},"query-input":{"@type":"PropertyValueSpecification","valueRequired":true,"valueName":"search_term_string"}}],"inLanguage":"fr-FR"},{"@type":"Organization","@id":"https:\/\/bice.org\/fr\/#organization","name":"BICE","url":"https:\/\/bice.org\/fr\/","logo":{"@type":"ImageObject","inLanguage":"fr-FR","@id":"https:\/\/bice.org\/fr\/#\/schema\/logo\/image\/","url":"https:\/\/bice.org\/app\/uploads\/2022\/06\/favicon.ico","contentUrl":"https:\/\/bice.org\/app\/uploads\/2022\/06\/favicon.ico","width":64,"height":64,"caption":"BICE"},"image":{"@id":"https:\/\/bice.org\/fr\/#\/schema\/logo\/image\/"}}]}},"jetpack_sharing_enabled":true,"_links":{"self":[{"href":"https:\/\/bice.org\/fr\/wp-json\/wp\/v2\/pages\/32353","targetHints":{"allow":["GET"]}}],"collection":[{"href":"https:\/\/bice.org\/fr\/wp-json\/wp\/v2\/pages"}],"about":[{"href":"https:\/\/bice.org\/fr\/wp-json\/wp\/v2\/types\/page"}],"author":[{"embeddable":true,"href":"https:\/\/bice.org\/fr\/wp-json\/wp\/v2\/users\/1"}],"replies":[{"embeddable":true,"href":"https:\/\/bice.org\/fr\/wp-json\/wp\/v2\/comments?post=32353"}],"version-history":[{"count":0,"href":"https:\/\/bice.org\/fr\/wp-json\/wp\/v2\/pages\/32353\/revisions"}],"up":[{"embeddable":true,"href":"https:\/\/bice.org\/fr\/wp-json\/wp\/v2\/pages\/8898"}],"wp:featuredmedia":[{"embeddable":true,"href":"https:\/\/bice.org\/fr\/wp-json\/wp\/v2\/media\/50681"}],"wp:attachment":[{"href":"https:\/\/bice.org\/fr\/wp-json\/wp\/v2\/media?parent=32353"}],"curies":[{"name":"wp","href":"https:\/\/api.w.org\/{rel}","templated":true}]}}