{"id":33071,"date":"2018-06-13T15:21:26","date_gmt":"2018-06-13T13:21:26","guid":{"rendered":"https:\/\/bice.org\/?page_id=33071\/"},"modified":"2025-11-14T10:20:37","modified_gmt":"2025-11-14T09:20:37","slug":"mission-vision-valeurs","status":"publish","type":"page","link":"https:\/\/bice.org\/fr\/le-bice\/mission-vision-valeurs\/","title":{"rendered":"Notre mission, notre vision, nos valeurs"},"content":{"rendered":"<h2 style=\"text-align: justify;\">Mission<\/h2>\n<p style=\"text-align: justify;\">Promouvoir et d\u00e9fendre l\u2019enfant, acteur de sa vie et dans la soci\u00e9t\u00e9. \u0152uvrer au respect de sa dignit\u00e9, de ses droits et de sa vie spirituelle en l\u2019accompagnant sur un chemin de r\u00e9silience.<\/p>\n<p style=\"text-align: justify;\">Le travail de recherche, la formation, le plaidoyer pour influencer les politiques publiques et les projets de terrain en faveur des enfants en situation de vuln\u00e9rabilit\u00e9 concourent \u00e0 cette mission.<\/p>\n<h2 style=\"text-align: justify;\">Vision<\/h2>\n<p style=\"text-align: justify;\">Le BICE contribue \u00e0 construire un monde juste et solidaire qui garantisse la croissance de tout enfant et de tout l\u2019enfant.<\/p>\n<h2 style=\"text-align: justify;\">Valeurs<\/h2>\n<p style=\"text-align: justify;\">Le respect :<\/p>\n<ul>\n<li style=\"text-align: justify;\">de la vie humaine et de la dignit\u00e9 de tout enfant, cr\u00e9\u00e9 \u00e0 l\u2019image de Dieu ;<\/li>\n<li style=\"text-align: justify;\">des enseignements de l\u2019\u00c9vangile ;<\/li>\n<li style=\"text-align: justify;\">de la libert\u00e9 de pens\u00e9e, de conscience et de religion ;<\/li>\n<li style=\"text-align: justify;\">de la diversit\u00e9 culturelle.<\/li>\n<\/ul>\n<h2>Principes d&#8217;action<\/h2>\n<h3>Le principe de non-discrimination<\/h3>\n<p>Selon ce principe, tous les droits reconnus dans la CDE doivent \u00eatre respect\u00e9s et garantis pour chaque enfant. Le terme \u00ab discrimination \u00bb se r\u00e9f\u00e8re \u00e0 toute distinction, exclusion, restriction ou pr\u00e9f\u00e9rence fond\u00e9e sur la race, la couleur, le sexe, la langue, la religion, les opinions politiques ou autres, l\u2019origine nationale ou sociale, la fortune, la naissance ou toute autre situation, et ayant pour but de d\u00e9truire la reconnaissance, la jouissance ou l\u2019exercice par tous, dans des conditions d\u2019\u00e9galit\u00e9, de l\u2019ensemble des droits de l\u2019homme et des libert\u00e9s fondamentales (<a href=\"https:\/\/bice.org\/fr\/droits-de-lenfant\/convention-relative-aux-droits-de-l-enfant\/\">Voir article 2 de la CDE<\/a>).<\/p>\n<h3>L\u2019int\u00e9r\u00eat sup\u00e9rieur de l\u2019enfant<\/h3>\n<p>L\u2019int\u00e9r\u00eat sup\u00e9rieur de l\u2019enfant vise \u00e0 assurer tant la r\u00e9alisation compl\u00e8te et effective de tous les droits reconnus dans la CDE que le d\u00e9veloppement global de l\u2019enfant. La pleine application de ce concept passe par l\u2019\u00e9laboration d\u2019une approche fond\u00e9e sur les droits de l\u2019homme, impliquant tous les acteurs, afin de garantir dans sa globalit\u00e9 l\u2019int\u00e9grit\u00e9 physique, psychologique, morale et spirituelle de l\u2019enfant et de promouvoir sa dignit\u00e9 humaine. L\u2019int\u00e9r\u00eat sup\u00e9rieur de l\u2019enfant est donc un concept triple car il s\u2019agit de : a) un droit de fond, b) un principe juridique interpr\u00e9tatif fondamental, c) une r\u00e8gle de proc\u00e9dure (<a href=\"https:\/\/bice.org\/fr\/droits-de-lenfant\/convention-relative-aux-droits-de-l-enfant\/\">Voir article 3 de la CDE<\/a> et Observation g\u00e9n\u00e9rale No 14 du Comit\u00e9 des droits de l\u2019enfant).<\/p>\n<h3>La participation de l\u2019enfant<\/h3>\n<p>Ce principe traite du statut juridique et social des enfants qui, d\u2019un c\u00f4t\u00e9, n\u2019ont pas l\u2019autonomie compl\u00e8te des adultes, mais, de l\u2019autre, sont sujets de droits. Ainsi, chaque enfant capable de discernement, a le droit d\u2019exprimer librement son opinion sur toute question l\u2019int\u00e9ressant ; les opinions de l\u2019enfant \u00e9tant d\u00fbment prises en compte eu \u00e9gard \u00e0 son \u00e2ge et \u00e0 son degr\u00e9 de maturit\u00e9. En particulier, l\u2019enfant doit avoir le droit d\u2019\u00eatre entendu dans toute proc\u00e9dure judiciaire ou administrative l\u2019int\u00e9ressant. Le terme \u00ab participation \u00bb a \u00e9volu\u00e9 et est maintenant largement utilis\u00e9 pour d\u00e9crire des processus continus, qui comprennent le partage d\u2019informations et le dialogue entre enfants et adultes, sur la base du respect mutuel, et par lesquels les enfants peuvent apprendre comment leurs vues et celles des adultes sont prises en compte et influent sur le r\u00e9sultat de ces processus (Voir <a href=\"https:\/\/bice.org\/fr\/droits-de-lenfant\/convention-relative-aux-droits-de-l-enfant\/\">article 12 de la CDE<\/a> et Observation g\u00e9n\u00e9rale No 12 du Comit\u00e9 des droits de l\u2019enfant).<\/p>\n<h3>La famille comme lieu privil\u00e9gi\u00e9 de soutien \u00e0 l\u2019enfant<\/h3>\n<p>Le Pr\u00e9ambule de la CDE d\u00e9finit la famille comme \u00ab unit\u00e9 fondamentale de la soci\u00e9t\u00e9 et milieu naturel pour la croissance et le bien-\u00eatre de tous ses membres, et en particulier des enfants \u00bb. De ce fait, elle doit recevoir la protection et l\u2019assistance dont elle a besoin pour pouvoir jouer pleinement son r\u00f4le dans la communaut\u00e9. Les Etats parties \u00e0 la CDE s\u2019engagent donc \u00e0 respecter la responsabilit\u00e9, le droit et le devoir qu\u2019ont les parents ou autres personnes l\u00e9galement responsables de l\u2019enfant, de donner \u00e0 celui-ci d\u2019une mani\u00e8re qui corresponde au d\u00e9veloppement de ses capacit\u00e9s, l\u2019orientation et les conseils appropri\u00e9s \u00e0 l\u2019exercice des droits que lui reconnait la CDE (Voir <a href=\"https:\/\/bice.org\/fr\/droits-de-lenfant\/convention-relative-aux-droits-de-l-enfant\/\">Pr\u00e9ambule et article 5 de la CDE<\/a>).<\/p>\n<h3>Le travail en r\u00e9seau et avec d\u2019autres r\u00e9seaux<\/h3>\n<p>Le BICE constitue un r\u00e9seau mondial d\u2019organisations engag\u00e9es pour la dignit\u00e9 et les droits de l\u2019enfant et une plate-forme de concertation pour la recherche et l\u2019action (Voir <a href=\"https:\/\/bice.org\/app\/uploads\/2025\/10\/Statuts-BICE-2025.pdf\" target=\"_blank\" rel=\"noopener\">Article 2 Objet et Article 3 Moyens d\u2019action &#8211; dernier alin\u00e9a des Statuts du BICE<\/a>). Le BICE et ses membres font, \u00e0 leur tour, partie de diff\u00e9rents r\u00e9seaux au niveau local, national, r\u00e9gional et international afin de maximiser et de d\u00e9multiplier l\u2019impact de leurs initiatives de protection de l&#8217;enfance.<\/p>\n<h3>Le principe de subsidiarit\u00e9<\/h3>\n<p>La d\u00e9marche du BICE est empreinte du principe \u00e9vang\u00e9lique de subsidiarit\u00e9 que l\u2019on retrouve dans l&#8217;encyclique <em>Rerum Novarum<\/em> (1891), premi\u00e8re formalisation de la doctrine sociale de l&#8217;\u00c9glise catholique. Il s\u2019agit de reconnaitre la capacit\u00e9 cr\u00e9atrice de toute personne ou de toute communaut\u00e9 locale. Ainsi, le principe de subsidiarit\u00e9 recommande que les d\u00e9cisions soient prises au plus pr\u00e8s possible des parties prenantes.<\/p>\n<h3>L\u2019action dans la dur\u00e9e<\/h3>\n<p>Les projets que le BICE met en \u0153uvre avec ses membres et partenaires se d\u00e9ploient sur le long terme pour garantir des actions p\u00e9rennes en vue de la croissance int\u00e9grale de l\u2019enfant.<\/p>\n<h3>La transparence et la probit\u00e9<\/h3>\n\n\n<p>Le financement du BICE est assur\u00e9 dans la plus grande transparence par des donateurs priv\u00e9s, garants de son ind\u00e9pendance, et par des bailleurs de fonds publics et priv\u00e9s. Le BICE est une association Don en Confiance depuis 2008. Don en Confiance est un organisme ind\u00e9pendant qui contr\u00f4le la bonne utilisation des dons. Le BICE a choisi de se soumettre volontairement et annuellement \u00e0 ce contr\u00f4le afin d\u2019obtenir la reconnaissance \u00ab Don en Confiance \u00bb qui implique le respect de cinq principes fondamentaux : Respect du donateur &#8211; Transparence &#8211; Recherche d\u2019efficacit\u00e9 &#8211; Probit\u00e9 et d\u00e9sint\u00e9ressement &#8211; Ethique et responsabilit\u00e9 soci\u00e9tale et environnementale. Les comptes du BICE sont annuellement audit\u00e9s par un cabinet international ind\u00e9pendant. Par ailleurs, lorsque le BICE obtient des financements pour des actions mises en \u0153uvre par ses membres et partenaires locaux, il s\u2019assure qu\u2019ils soient utilis\u00e9s \u00e0 bon escient et en conformit\u00e9 avec toutes les r\u00e8gles de d\u00e9ontologie.<\/p>\n\n\n\n<p><a href=\"https:\/\/bice.org\/app\/uploads\/2021\/05\/Mission-Vision-Valeurs.pdf\">Mission, Vision, Valeurs et note d&#8217;accompagnement<\/a><\/p>\n\n\n\n<p><\/p>\n","protected":false},"excerpt":{"rendered":"<p>Le Bureau International Catholique de l\u2019Enfance (BICE) est une organisation qui rassemble et anime un r\u00e9seau d\u2019acteurs engag\u00e9s pour promouvoir et d\u00e9fendre la dignit\u00e9 de chaque enfant, \u00eatre humain \u00e0 part enti\u00e8re et sujet de droits.<\/p>\n","protected":false},"author":3,"featured_media":58321,"parent":8898,"menu_order":3,"comment_status":"closed","ping_status":"closed","template":"","meta":{"_acf_changed":false,"footnotes":""},"class_list":["post-33071","page","type-page","status-publish","has-post-thumbnail","hentry"],"acf":[],"yoast_head":"<!-- This site is optimized with the Yoast SEO plugin v27.2 - https:\/\/yoast.com\/product\/yoast-seo-wordpress\/ -->\n<title>Mission, Vision, Valeurs du BICE - ONG droits de l&#039;enfant<\/title>\n<meta name=\"description\" content=\"Le Bureau International Catholique de l\u2019Enfance (BICE) d\u00e9fend la dignit\u00e9 de chaque enfant, \u00eatre humain \u00e0 part enti\u00e8re et sujet de droits.\" \/>\n<meta name=\"robots\" content=\"index, follow, max-snippet:-1, max-image-preview:large, max-video-preview:-1\" \/>\n<link rel=\"canonical\" href=\"https:\/\/bice.org\/fr\/wp-json\/wp\/v2\/pages\/33071\" \/>\n<meta property=\"og:locale\" content=\"fr_FR\" \/>\n<meta property=\"og:type\" content=\"article\" \/>\n<meta property=\"og:title\" content=\"Mission, Vision, Valeurs du BICE - ONG droits de l&#039;enfant\" \/>\n<meta property=\"og:description\" content=\"Le Bureau International Catholique de l\u2019Enfance (BICE) d\u00e9fend la dignit\u00e9 de chaque enfant, \u00eatre humain \u00e0 part enti\u00e8re et sujet de droits.\" \/>\n<meta property=\"og:url\" content=\"https:\/\/bice.org\/fr\/le-bice\/mission-vision-valeurs\/\" \/>\n<meta property=\"og:site_name\" content=\"BICE - ONG de protection des droits de l&#039;enfant\" \/>\n<meta property=\"article:modified_time\" content=\"2025-11-14T09:20:37+00:00\" \/>\n<meta property=\"og:image\" content=\"https:\/\/i0.wp.com\/bice.org\/app\/uploads\/2021\/05\/Site-decouvrir-le-BICE-scaled.jpg?fit=2560%2C1485&ssl=1\" \/>\n\t<meta property=\"og:image:width\" content=\"2560\" \/>\n\t<meta property=\"og:image:height\" content=\"1485\" \/>\n\t<meta property=\"og:image:type\" content=\"image\/jpeg\" \/>\n<meta name=\"twitter:card\" content=\"summary_large_image\" \/>\n<meta name=\"twitter:label1\" content=\"Dur\u00e9e de lecture estim\u00e9e\" \/>\n\t<meta name=\"twitter:data1\" content=\"6 minutes\" \/>\n<!-- \/ Yoast SEO plugin. -->","yoast_head_json":{"title":"Mission, Vision, Valeurs du BICE - ONG droits de l'enfant","description":"Le Bureau International Catholique de l\u2019Enfance (BICE) d\u00e9fend la dignit\u00e9 de chaque enfant, \u00eatre humain \u00e0 part enti\u00e8re et sujet de droits.","robots":{"index":"index","follow":"follow","max-snippet":"max-snippet:-1","max-image-preview":"max-image-preview:large","max-video-preview":"max-video-preview:-1"},"canonical":"https:\/\/bice.org\/fr\/wp-json\/wp\/v2\/pages\/33071","og_locale":"fr_FR","og_type":"article","og_title":"Mission, Vision, Valeurs du BICE - ONG droits de l'enfant","og_description":"Le Bureau International Catholique de l\u2019Enfance (BICE) d\u00e9fend la dignit\u00e9 de chaque enfant, \u00eatre humain \u00e0 part enti\u00e8re et sujet de droits.","og_url":"https:\/\/bice.org\/fr\/le-bice\/mission-vision-valeurs\/","og_site_name":"BICE - ONG de protection des droits de l&#039;enfant","article_modified_time":"2025-11-14T09:20:37+00:00","og_image":[{"width":2560,"height":1485,"url":"https:\/\/i0.wp.com\/bice.org\/app\/uploads\/2021\/05\/Site-decouvrir-le-BICE-scaled.jpg?fit=2560%2C1485&ssl=1","type":"image\/jpeg"}],"twitter_card":"summary_large_image","twitter_misc":{"Dur\u00e9e de lecture estim\u00e9e":"6 minutes"},"schema":{"@context":"https:\/\/schema.org","@graph":[{"@type":"WebPage","@id":"https:\/\/bice.org\/fr\/le-bice\/mission-vision-valeurs\/","url":"https:\/\/bice.org\/fr\/le-bice\/mission-vision-valeurs\/","name":"Mission, Vision, Valeurs du BICE - ONG droits de l'enfant","isPartOf":{"@id":"https:\/\/bice.org\/fr\/#website"},"primaryImageOfPage":{"@id":"https:\/\/bice.org\/fr\/le-bice\/mission-vision-valeurs\/#primaryimage"},"image":{"@id":"https:\/\/bice.org\/fr\/le-bice\/mission-vision-valeurs\/#primaryimage"},"thumbnailUrl":"https:\/\/i0.wp.com\/bice.org\/app\/uploads\/2021\/05\/Site-decouvrir-le-BICE-scaled.jpg?fit=2560%2C1485&ssl=1","datePublished":"2018-06-13T13:21:26+00:00","dateModified":"2025-11-14T09:20:37+00:00","description":"Le Bureau International Catholique de l\u2019Enfance (BICE) d\u00e9fend la dignit\u00e9 de chaque enfant, \u00eatre humain \u00e0 part enti\u00e8re et sujet de droits.","breadcrumb":{"@id":"https:\/\/bice.org\/fr\/le-bice\/mission-vision-valeurs\/#breadcrumb"},"inLanguage":"fr-FR","potentialAction":[{"@type":"ReadAction","target":["https:\/\/bice.org\/fr\/le-bice\/mission-vision-valeurs\/"]}]},{"@type":"ImageObject","inLanguage":"fr-FR","@id":"https:\/\/bice.org\/fr\/le-bice\/mission-vision-valeurs\/#primaryimage","url":"https:\/\/i0.wp.com\/bice.org\/app\/uploads\/2021\/05\/Site-decouvrir-le-BICE-scaled.jpg?fit=2560%2C1485&ssl=1","contentUrl":"https:\/\/i0.wp.com\/bice.org\/app\/uploads\/2021\/05\/Site-decouvrir-le-BICE-scaled.jpg?fit=2560%2C1485&ssl=1","width":2560,"height":1485,"caption":"\u00a9 T. Louapre"},{"@type":"BreadcrumbList","@id":"https:\/\/bice.org\/fr\/le-bice\/mission-vision-valeurs\/#breadcrumb","itemListElement":[{"@type":"ListItem","position":1,"name":"Accueil","item":"https:\/\/bice.org\/fr\/"},{"@type":"ListItem","position":2,"name":"Le BICE, une ONG de protection des droits de l&#8217;enfant","item":"https:\/\/bice.org\/fr\/le-bice\/"},{"@type":"ListItem","position":3,"name":"Notre mission, notre vision, nos valeurs"}]},{"@type":"WebSite","@id":"https:\/\/bice.org\/fr\/#website","url":"https:\/\/bice.org\/fr\/","name":"BICE - ONG de protection des droits de l&#039;enfant","description":"Notre mission : D\u00e9fendre les droits et la dignit\u00e9 des enfants partout dans le monde","publisher":{"@id":"https:\/\/bice.org\/fr\/#organization"},"potentialAction":[{"@type":"SearchAction","target":{"@type":"EntryPoint","urlTemplate":"https:\/\/bice.org\/fr\/?s={search_term_string}"},"query-input":{"@type":"PropertyValueSpecification","valueRequired":true,"valueName":"search_term_string"}}],"inLanguage":"fr-FR"},{"@type":"Organization","@id":"https:\/\/bice.org\/fr\/#organization","name":"BICE","url":"https:\/\/bice.org\/fr\/","logo":{"@type":"ImageObject","inLanguage":"fr-FR","@id":"https:\/\/bice.org\/fr\/#\/schema\/logo\/image\/","url":"https:\/\/bice.org\/app\/uploads\/2022\/06\/favicon.ico","contentUrl":"https:\/\/bice.org\/app\/uploads\/2022\/06\/favicon.ico","width":64,"height":64,"caption":"BICE"},"image":{"@id":"https:\/\/bice.org\/fr\/#\/schema\/logo\/image\/"}}]}},"jetpack_sharing_enabled":true,"_links":{"self":[{"href":"https:\/\/bice.org\/fr\/wp-json\/wp\/v2\/pages\/33071","targetHints":{"allow":["GET"]}}],"collection":[{"href":"https:\/\/bice.org\/fr\/wp-json\/wp\/v2\/pages"}],"about":[{"href":"https:\/\/bice.org\/fr\/wp-json\/wp\/v2\/types\/page"}],"author":[{"embeddable":true,"href":"https:\/\/bice.org\/fr\/wp-json\/wp\/v2\/users\/3"}],"replies":[{"embeddable":true,"href":"https:\/\/bice.org\/fr\/wp-json\/wp\/v2\/comments?post=33071"}],"version-history":[{"count":3,"href":"https:\/\/bice.org\/fr\/wp-json\/wp\/v2\/pages\/33071\/revisions"}],"predecessor-version":[{"id":314622,"href":"https:\/\/bice.org\/fr\/wp-json\/wp\/v2\/pages\/33071\/revisions\/314622"}],"up":[{"embeddable":true,"href":"https:\/\/bice.org\/fr\/wp-json\/wp\/v2\/pages\/8898"}],"wp:featuredmedia":[{"embeddable":true,"href":"https:\/\/bice.org\/fr\/wp-json\/wp\/v2\/media\/58321"}],"wp:attachment":[{"href":"https:\/\/bice.org\/fr\/wp-json\/wp\/v2\/media?parent=33071"}],"curies":[{"name":"wp","href":"https:\/\/api.w.org\/{rel}","templated":true}]}}