{"id":41216,"date":"2019-11-19T13:07:44","date_gmt":"2019-11-19T12:07:44","guid":{"rendered":"https:\/\/bice.org\/?page_id=41216\/"},"modified":"2024-07-31T15:32:42","modified_gmt":"2024-07-31T13:32:42","slug":"lutter-contre-la-violence","status":"publish","type":"page","link":"https:\/\/bice.org\/fr\/lutter-contre-la-violence\/","title":{"rendered":"Lutter contre la violence. Projet 2019-2021"},"content":{"rendered":"<p><strong>Lutte contre les violences : <a href=\"https:\/\/bice.org\/fr\/actions-de-terrain\/domaines-daction\/association-violence-enfance\/#maltraitanceenfant\">Retrouvez ici les projets du BICE en cours<\/a>\u00a0<\/strong><\/p>\n<p>Nous mettons en oeuvre ce programme de lutte contre la violence \u00e0 l&#8217;encontre des enfants dans 9 pays en coop\u00e9ration avec 10 partenaires locaux du BICE : Arevamanuk (Arm\u00e9nie), Base Educativa y Communitaria de Apoyo (Paraguay), Centro de Desarrollo y Asesor\u00eda Psicosocial (P\u00e9rou), Centro de Estudios Sociales y Publicaciones (P\u00e9rou), Children Support Centre (Lituanie), Doctors to Children (F\u00e9d\u00e9ration de Russie), Juventud para Cristo (Uruguay), Public Health Foundation (G\u00e9orgie), Vicaria Pastoral Social Caritas (Chili), et Women\u2019s Consortium of Ukraine (Ukraine).<\/p>\n<p>Il a un double objectif\u00a0:<\/p>\n<p>&#8211; Informer et sensibiliser les enfants et leur entourage afin d\u2019am\u00e9liorer la pr\u00e9vention de la violence.<\/p>\n<p>&#8211; Am\u00e9liorer la qualit\u00e9 de l\u2019accompagnement des enfants victimes de violence.<\/p>\n<p><strong>Nous mettons en place plusieurs activit\u00e9s dans le cadre du programme\u00a0:<\/strong><\/p>\n<h2>Pr\u00e9vention aupr\u00e8s des enfants, des parents et des adultes relais pour lutter contre la violence<\/h2>\n<ul>\n<li>Organisation d\u2019ateliers de sensibilisation \u00e0 l\u2019intention d\u2019enfants et d\u2019adolescents au sein d\u2019\u00e9tablissements scolaires et d\u2019organisations communautaires. Ces ateliers sont bas\u00e9s sur la m\u00e9thode \u00ab\u00a0Renforcer la r\u00e9silience des enfants \u2013 atelier pour la s\u00e9curit\u00e9 \u00bb.<\/li>\n<li>Organisation de cours individuels en faveur d\u2019enfants victimes de violences et d\u2019enfants \u00e0 risque.<\/li>\n<li>R\u00e9alisation d\u2019ateliers de pr\u00e9vention dans les \u00e9coles et les organisations communautaires bas\u00e9s sur la m\u00e9thode \u00ab\u00a0Grain de Sable\u00a0\u00bb.<\/li>\n<li>R\u00e9alisation de campagnes de sensibilisation \u00ab\u00a0Un trato por el buentrato\u00a0\u00bb dans des \u00e9tablissements scolaires.<\/li>\n<li>Travail sur les protocoles de protection interne aux \u00e9tablissements scolaires s\u00e9lectionn\u00e9s pour la mise en \u0153uvre de la m\u00e9thode \u00ab\u00a0Grain de Sable\u00a0\u00bb.<\/li>\n<li>Mise \u00e0 jour, consolidation et diffusion d\u2019outils de e-learning destin\u00e9s aux parents sur la pr\u00e9vention contre les violences sexuelles. Ils informent sur l&#8217;identification des signes de violences, les r\u00e9actions appropri\u00e9es lors d\u2019un d\u00e9voilement, ainsi qu&#8217;une meilleure compr\u00e9hension des besoins d\u2019un enfant victime.<\/li>\n<li>Organisation de formations, dispens\u00e9es par un psychologue, et de conf\u00e9rences publiques \u00e0 l\u2019intention de parents.<\/li>\n<\/ul>\n<h2>Renforcement des comp\u00e9tences des professionnels pour am\u00e9liorer la prise en charge des enfants et mieux lutter contre la violence<\/h2>\n<ul>\n<li>Organisation de formations, de tables rondes et de conf\u00e9rences multidisciplinaires. Elles sont destin\u00e9es aux professionnels de la protection de l\u2019enfance qui accompagnent les enfants victimes.<\/li>\n<li>Mise \u00e0 jour, consolidation et diffusion d\u2019outils de e-learning destin\u00e9s \u00e0 des psychologues scolaires et enseignants. Ils informent sur l\u2019identification des premiers signes de violences, les r\u00e9actions appropri\u00e9es lors d\u2019un d\u00e9voilement et le soutien n\u00e9cessaire aux victimes.<\/li>\n<li>Organisation de formations \u00e0 l\u2019intention de journalistes sur un traitement moins stigmatisant des cas impliquant des enfants victimes de violences.<\/li>\n<li>D\u00e9veloppement d\u2019une prise en charge judiciaire bienveillante pour les enfants victimes de violences.<\/li>\n<li>\u00c9valuation du fonctionnement des salles d\u2019audition en Arm\u00e9nie et en Ukraine.<\/li>\n<li>Formation du personnel des salles d\u2019audition \u00e0 la coop\u00e9ration multidisciplinaire.<\/li>\n<li>Formation des policiers et des enqu\u00eateurs aux pratiques d\u2019audition adapt\u00e9es aux besoins de l\u2019enfant victime.<\/li>\n<\/ul>\n<h2>Prise en charge multidisciplinaire des enfants victimes et auteurs des violences<\/h2>\n<ul>\n<li>Accompagnement multidisciplinaire des enfants victimes de diff\u00e9rents types de violence et de leurs familles.<\/li>\n<li>D\u00e9veloppement d\u2019une m\u00e9thode d\u2019accompagnement th\u00e9rapeutique des enfants ayant des comportements sexuels inappropri\u00e9s.<\/li>\n<li>Plaidoyer aupr\u00e8s des autorit\u00e9s nationales et internationales.<\/li>\n<li>R\u00e9alisation d\u2019actions de plaidoyer aupr\u00e8s des autorit\u00e9s nationales et internationales. Et participation \u00e0 des coalitions de lutte contre les violences faites aux enfants.<\/li>\n<li>Organisation des rencontres r\u00e9gionales des partenaires avec la mise en place des formations sur les strat\u00e9gies INSPIRE.<\/li>\n<li>Organisation du Congr\u00e8s international du BICE sur la th\u00e9matique. A destination de tous les partenaires, membres du r\u00e9seau BICE et autres acteurs institutionnels et \u00e9tatiques.<\/li>\n<\/ul>\n<h2>Les r\u00e9sultats attendus et les b\u00e9n\u00e9ficiaires<\/h2>\n<h6>R\u00e9sultat 1 &#8211; Les enfants, sensibilis\u00e9s \u00e0 la violence, en particulier de nature sexuelle, sont en mesure de r\u00e9agir et d\u2019identifier les acteurs de protection.<\/h6>\n<p>Ainsi, nous sensibilisons environ 5670 enfants \u00e0 la probl\u00e9matique de la violence, en particulier de nature sexuelle. Ils acqui\u00e8rent des comp\u00e9tences et des r\u00e9flexes qui les prot\u00e8gent et leur permet de faire face efficacement aux risques de violence. En effet, ils sont \u00e0 m\u00eame d\u2019identifier les situations \u00e0 risque. Ils savent donc y r\u00e9pondre et connaissent les recours et les personnes ressources.<\/p>\n<h6>R\u00e9sultat 2 &#8211; L\u2019entourage des enfants, mieux inform\u00e9 et form\u00e9, se mobilise \u00e0 leur c\u00f4t\u00e9 dans un souci de protection accrue.<\/h6>\n<p>Nous formons et sensibilisons environ 1560 parents et 1761 adultes relais \u00e0 la probl\u00e9matique de la violence, en particulier de nature sexuelle. Ainsi, ils sont \u00e0 m\u00eame d\u2019accompagner et de soutenir activement les enfants.<\/p>\n<h6>R\u00e9sultat 3 \u2013 Les enfants victimes de violence, en particulier de nature sexuelle, et leurs familles b\u00e9n\u00e9ficient d\u2019un accompagnement multidisciplinaire sp\u00e9cialis\u00e9 (m\u00e9dical, psychosocial et juridique) efficace.<\/h6>\n<p>&#8211; Au moins 619 enfants victimes de violence b\u00e9n\u00e9ficient ainsi d\u2019un soutien pluridisciplinaire de qualit\u00e9. Notons que ce chiffre sera largement d\u00e9pass\u00e9 puisque 700 enfants ont \u00e9t\u00e9 accompagn\u00e9s rien qu&#8217;en ann\u00e9e 1, ce qui nous am\u00e8ne \u00e0 r\u00e9estimer le nombre des enfants victimes accompagn\u00e9s \u00e0 1600.<\/p>\n<p>&#8211; Pr\u00e8s de 1400 sp\u00e9cialistes de la protection de l\u2019enfance acqui\u00e8rent de nouvelles connaissances et comp\u00e9tences professionnelles. Et ce, en mati\u00e8re d\u2019accompagnement sp\u00e9cialis\u00e9 des enfants victimes de violence sexuelle. Nous valorisons l&#8217;approche multidisciplinaire.<\/p>\n<p>&#8211; Au moins 200 enfants victimes de violence peuvent d\u00e9sormais t\u00e9moigner dans des salles d\u2019audition fonctionnelles et p\u00e9rennes, en pr\u00e9sence de sp\u00e9cialistes comp\u00e9tents.<\/p>\n<p>&#8211; Une strat\u00e9gie globale d\u2019intervention en mati\u00e8re de prise en charge des mineurs auteurs de violence et de la pr\u00e9vention de la r\u00e9cidive est \u00e9galement mise en place. Des sp\u00e9cialistes de la protection de l\u2019enfance acqui\u00e8rent ainsi de nouvelles comp\u00e9tences en la mati\u00e8re. Une collaboration multisectorielle est instaur\u00e9e et soutenue par les autorit\u00e9s. Et des mineurs auteurs b\u00e9n\u00e9ficient d\u2019un soutien psychologique sp\u00e9cialis\u00e9 de qualit\u00e9.<\/p>\n<p>&#8211; Nous interpellons les autorit\u00e9s concern\u00e9es sur la n\u00e9cessaire mise en conformit\u00e9 de la l\u00e9gislation nationale avec les standards r\u00e9gionaux et internationaux en mati\u00e8re de protection des enfants contre la violence.<\/p>\n<h6>R\u00e9sultat 4 &#8211; Les m\u00e9dias, sensibilis\u00e9s \u00e0 la probl\u00e9matique de la violence \u00e0 l\u2019\u00e9gard des enfants, y compris de nature sexuelle, adoptent une vision moins stigmatisante envers les victimes et respectueuse des droits de l\u2019enfant.<\/h6>\n<p>Nous formons actuellement 20 journalistes \u00e0 un traitement moins stigmatisant des enfants victimes de violence.<\/p>\n<h2>Avec le soutien de :<\/h2>\n\n\n<div class=\"wp-block-columns is-layout-flex wp-container-core-columns-is-layout-9d6595d7 wp-block-columns-is-layout-flex\">\n<div class=\"wp-block-column is-layout-flow wp-block-column-is-layout-flow\">\n<div class=\"wp-block-group is-layout-flow wp-block-group-is-layout-flow\">\n<figure class=\"wp-block-image size-large is-resized\"><img data-recalc-dims=\"1\" decoding=\"async\" width=\"400\" height=\"128\" src=\"https:\/\/i0.wp.com\/bice.org\/app\/uploads\/2019\/11\/oak_logo_colour-e1585237867170.jpg?resize=400%2C128&#038;ssl=1\" alt=\"OAK Foundation\" class=\"wp-image-41209\" style=\"width:241px;height:77px\"\/><\/figure>\n<\/div>\n<\/div>\n\n\n\n<div class=\"wp-block-column is-layout-flow wp-block-column-is-layout-flow\">\n<figure class=\"wp-block-image alignright size-large is-resized\"><img data-recalc-dims=\"1\" decoding=\"async\" width=\"400\" height=\"194\" src=\"https:\/\/i0.wp.com\/bice.org\/app\/uploads\/2019\/11\/logosolidaritebd-e1585237900727.jpg?resize=400%2C194&#038;ssl=1\" alt=\"Barreau de paris solidarit\u00e9\" class=\"wp-image-41206\" style=\"width:257px;height:124px\"\/><\/figure>\n<\/div>\n<\/div>\n\n\n\n<div class=\"wp-block-group is-layout-flow wp-block-group-is-layout-flow\"><\/div>\n\n\n\n<div class=\"wp-block-columns is-layout-flex wp-container-core-columns-is-layout-9d6595d7 wp-block-columns-is-layout-flex\">\n<div class=\"wp-block-column is-layout-flow wp-block-column-is-layout-flow\">\n<figure class=\"wp-block-image size-large\"><img data-recalc-dims=\"1\" decoding=\"async\" width=\"400\" height=\"114\" src=\"https:\/\/i0.wp.com\/bice.org\/app\/uploads\/2019\/11\/Logo-FAI-e1585238013310.jpg?resize=400%2C114&#038;ssl=1\" alt=\"Logo FAI\" class=\"wp-image-41197\"\/><\/figure>\n<\/div>\n\n\n\n<div class=\"wp-block-column is-layout-flow wp-block-column-is-layout-flow\">\n<figure class=\"wp-block-image size-large\"><img data-recalc-dims=\"1\" decoding=\"async\" width=\"400\" height=\"296\" src=\"https:\/\/i0.wp.com\/bice.org\/app\/uploads\/2019\/11\/Air-France_Logo3lignescouleurHD-e1585237961800.jpg?resize=400%2C296&#038;ssl=1\" alt=\"Air France_Logo\" class=\"wp-image-41200\"\/><\/figure>\n<\/div>\n\n\n\n<div class=\"wp-block-column is-layout-flow wp-block-column-is-layout-flow\">\n<figure class=\"wp-block-image size-large\"><img data-recalc-dims=\"1\" decoding=\"async\" width=\"400\" height=\"116\" src=\"https:\/\/i0.wp.com\/bice.org\/app\/uploads\/2019\/11\/EndViolence_LOGO_Partnership_HR-e1585237939406.png?resize=400%2C116&#038;ssl=1\" alt=\"EndViolence_LOGO\" class=\"wp-image-41203\"\/><\/figure>\n<\/div>\n<\/div>\n\n\n\n<p>Ce programme prolonge et compl\u00e8te le dispositif \u00ab Contre les abus \u00bb. Retrouvez toutes les infos sur ce programme pr\u00e9c\u00e9dent <a href=\"https:\/\/bice.org\/fr\/abus-sexuel\/\">ici<\/a>.<\/p>\n","protected":false},"excerpt":{"rendered":"<p>Un programme interr\u00e9gional \u00ab\u00a0Lutte contre la violence \u00e0 l\u2019encontre des enfants, en particulier de nature sexuelle \u00bb est men\u00e9 en Am\u00e9rique Latine et en Europe de l\u2019Est\u00a0 sur la p\u00e9riode 2019 \u2013 2021.<\/p>\n","protected":false},"author":19,"featured_media":58485,"parent":0,"menu_order":1,"comment_status":"closed","ping_status":"closed","template":"","meta":{"_acf_changed":false,"footnotes":""},"class_list":["post-41216","page","type-page","status-publish","has-post-thumbnail","hentry"],"acf":[],"yoast_head":"<!-- This site is optimized with the Yoast SEO plugin v27.2 - https:\/\/yoast.com\/product\/yoast-seo-wordpress\/ -->\n<title>Projet 2019-2021 de lutte contre la violence | BICE<\/title>\n<meta name=\"description\" content=\"Un programme de lutte contre la violence \u00e0 l&#039;encontre des enfants est men\u00e9 en Am\u00e9rique Latine et en Europe de l\u2019Est.\" \/>\n<meta name=\"robots\" content=\"index, follow, max-snippet:-1, max-image-preview:large, max-video-preview:-1\" \/>\n<link rel=\"canonical\" href=\"https:\/\/bice.org\/fr\/wp-json\/wp\/v2\/pages\/41216\" \/>\n<meta property=\"og:locale\" content=\"fr_FR\" \/>\n<meta property=\"og:type\" content=\"article\" \/>\n<meta property=\"og:title\" content=\"Projet 2019-2021 de lutte contre la violence | BICE\" \/>\n<meta property=\"og:description\" content=\"Un programme de lutte contre la violence \u00e0 l&#039;encontre des enfants est men\u00e9 en Am\u00e9rique Latine et en Europe de l\u2019Est.\" \/>\n<meta property=\"og:url\" content=\"https:\/\/bice.org\/fr\/lutter-contre-la-violence\/\" \/>\n<meta property=\"og:site_name\" content=\"BICE - ONG de protection des droits de l&#039;enfant\" \/>\n<meta property=\"article:modified_time\" content=\"2024-07-31T13:32:42+00:00\" \/>\n<meta property=\"og:image\" content=\"https:\/\/i0.wp.com\/bice.org\/app\/uploads\/2021\/05\/luttercontre-la-violence.jpg?fit=1000%2C580&ssl=1\" \/>\n\t<meta property=\"og:image:width\" content=\"1000\" \/>\n\t<meta property=\"og:image:height\" content=\"580\" \/>\n\t<meta property=\"og:image:type\" content=\"image\/jpeg\" \/>\n<meta name=\"twitter:card\" content=\"summary_large_image\" \/>\n<meta name=\"twitter:label1\" content=\"Dur\u00e9e de lecture estim\u00e9e\" \/>\n\t<meta name=\"twitter:data1\" content=\"7 minutes\" \/>\n<!-- \/ Yoast SEO plugin. -->","yoast_head_json":{"title":"Projet 2019-2021 de lutte contre la violence | BICE","description":"Un programme de lutte contre la violence \u00e0 l'encontre des enfants est men\u00e9 en Am\u00e9rique Latine et en Europe de l\u2019Est.","robots":{"index":"index","follow":"follow","max-snippet":"max-snippet:-1","max-image-preview":"max-image-preview:large","max-video-preview":"max-video-preview:-1"},"canonical":"https:\/\/bice.org\/fr\/wp-json\/wp\/v2\/pages\/41216","og_locale":"fr_FR","og_type":"article","og_title":"Projet 2019-2021 de lutte contre la violence | BICE","og_description":"Un programme de lutte contre la violence \u00e0 l'encontre des enfants est men\u00e9 en Am\u00e9rique Latine et en Europe de l\u2019Est.","og_url":"https:\/\/bice.org\/fr\/lutter-contre-la-violence\/","og_site_name":"BICE - ONG de protection des droits de l&#039;enfant","article_modified_time":"2024-07-31T13:32:42+00:00","og_image":[{"width":1000,"height":580,"url":"https:\/\/i0.wp.com\/bice.org\/app\/uploads\/2021\/05\/luttercontre-la-violence.jpg?fit=1000%2C580&ssl=1","type":"image\/jpeg"}],"twitter_card":"summary_large_image","twitter_misc":{"Dur\u00e9e de lecture estim\u00e9e":"7 minutes"},"schema":{"@context":"https:\/\/schema.org","@graph":[{"@type":"WebPage","@id":"https:\/\/bice.org\/fr\/lutter-contre-la-violence\/","url":"https:\/\/bice.org\/fr\/lutter-contre-la-violence\/","name":"Projet 2019-2021 de lutte contre la violence | BICE","isPartOf":{"@id":"https:\/\/bice.org\/fr\/#website"},"primaryImageOfPage":{"@id":"https:\/\/bice.org\/fr\/lutter-contre-la-violence\/#primaryimage"},"image":{"@id":"https:\/\/bice.org\/fr\/lutter-contre-la-violence\/#primaryimage"},"thumbnailUrl":"https:\/\/i0.wp.com\/bice.org\/app\/uploads\/2021\/05\/luttercontre-la-violence.jpg?fit=1000%2C580&ssl=1","datePublished":"2019-11-19T12:07:44+00:00","dateModified":"2024-07-31T13:32:42+00:00","description":"Un programme de lutte contre la violence \u00e0 l'encontre des enfants est men\u00e9 en Am\u00e9rique Latine et en Europe de l\u2019Est.","breadcrumb":{"@id":"https:\/\/bice.org\/fr\/lutter-contre-la-violence\/#breadcrumb"},"inLanguage":"fr-FR","potentialAction":[{"@type":"ReadAction","target":["https:\/\/bice.org\/fr\/lutter-contre-la-violence\/"]}]},{"@type":"ImageObject","inLanguage":"fr-FR","@id":"https:\/\/bice.org\/fr\/lutter-contre-la-violence\/#primaryimage","url":"https:\/\/i0.wp.com\/bice.org\/app\/uploads\/2021\/05\/luttercontre-la-violence.jpg?fit=1000%2C580&ssl=1","contentUrl":"https:\/\/i0.wp.com\/bice.org\/app\/uploads\/2021\/05\/luttercontre-la-violence.jpg?fit=1000%2C580&ssl=1","width":1000,"height":580,"caption":"lutter contre la violence"},{"@type":"BreadcrumbList","@id":"https:\/\/bice.org\/fr\/lutter-contre-la-violence\/#breadcrumb","itemListElement":[{"@type":"ListItem","position":1,"name":"Accueil","item":"https:\/\/bice.org\/fr\/"},{"@type":"ListItem","position":2,"name":"Lutter contre la violence. Projet 2019-2021"}]},{"@type":"WebSite","@id":"https:\/\/bice.org\/fr\/#website","url":"https:\/\/bice.org\/fr\/","name":"BICE - ONG de protection des droits de l&#039;enfant","description":"Notre mission : D\u00e9fendre les droits et la dignit\u00e9 des enfants partout dans le monde","publisher":{"@id":"https:\/\/bice.org\/fr\/#organization"},"potentialAction":[{"@type":"SearchAction","target":{"@type":"EntryPoint","urlTemplate":"https:\/\/bice.org\/fr\/?s={search_term_string}"},"query-input":{"@type":"PropertyValueSpecification","valueRequired":true,"valueName":"search_term_string"}}],"inLanguage":"fr-FR"},{"@type":"Organization","@id":"https:\/\/bice.org\/fr\/#organization","name":"BICE","url":"https:\/\/bice.org\/fr\/","logo":{"@type":"ImageObject","inLanguage":"fr-FR","@id":"https:\/\/bice.org\/fr\/#\/schema\/logo\/image\/","url":"https:\/\/bice.org\/app\/uploads\/2022\/06\/favicon.ico","contentUrl":"https:\/\/bice.org\/app\/uploads\/2022\/06\/favicon.ico","width":64,"height":64,"caption":"BICE"},"image":{"@id":"https:\/\/bice.org\/fr\/#\/schema\/logo\/image\/"}}]}},"jetpack_sharing_enabled":true,"_links":{"self":[{"href":"https:\/\/bice.org\/fr\/wp-json\/wp\/v2\/pages\/41216","targetHints":{"allow":["GET"]}}],"collection":[{"href":"https:\/\/bice.org\/fr\/wp-json\/wp\/v2\/pages"}],"about":[{"href":"https:\/\/bice.org\/fr\/wp-json\/wp\/v2\/types\/page"}],"author":[{"embeddable":true,"href":"https:\/\/bice.org\/fr\/wp-json\/wp\/v2\/users\/19"}],"replies":[{"embeddable":true,"href":"https:\/\/bice.org\/fr\/wp-json\/wp\/v2\/comments?post=41216"}],"version-history":[{"count":0,"href":"https:\/\/bice.org\/fr\/wp-json\/wp\/v2\/pages\/41216\/revisions"}],"wp:featuredmedia":[{"embeddable":true,"href":"https:\/\/bice.org\/fr\/wp-json\/wp\/v2\/media\/58485"}],"wp:attachment":[{"href":"https:\/\/bice.org\/fr\/wp-json\/wp\/v2\/media?parent=41216"}],"curies":[{"name":"wp","href":"https:\/\/api.w.org\/{rel}","templated":true}]}}