{"id":43058,"date":"2020-01-16T13:37:22","date_gmt":"2020-01-16T12:37:22","guid":{"rendered":"https:\/\/bice.org\/?page_id=43058\/"},"modified":"2024-04-16T16:06:29","modified_gmt":"2024-04-16T14:06:29","slug":"justice-juvenile-programme-enfance-sans-barreaux-2","status":"publish","type":"page","link":"https:\/\/bice.org\/fr\/justice-juvenile-programme-enfance-sans-barreaux-2\/","title":{"rendered":"Humaniser la justice juv\u00e9nile"},"content":{"rendered":"<p>Cette approche r\u00e9paratrice de la justice pour enfants privil\u00e9gie notamment les mesures extrajudiciaires ou les alternatives \u00e0 la privation de libert\u00e9. Elle met \u00e9galement l&#8217;accent sur la r\u00e9insertion socioprofessionnelle des enfants en conflit avec la loi (ECL). Et ce, dans le respect des <a href=\"https:\/\/bice.org\/fr\/droits-de-lenfant\/droits-fondamentaux-de-l-enfant\/\" data-wplink-edit=\"true\">droits de l&#8217;enfant<\/a>.<\/p>\n<p>Rappelons aussi que la justice juv\u00e9nile r\u00e9paratrice d\u00e9signe le traitement des ECL dont l\u2019objectif est la r\u00e9paration du dommage caus\u00e9 \u00e0 la victime, au lien social et \u00e0 la soci\u00e9t\u00e9. Cet objectif suppose la participation active et conjointe de l\u2019ECL, de la victime et des membres de la communaut\u00e9 le cas \u00e9ch\u00e9ant afin de r\u00e9soudre les probl\u00e8mes issus de l\u2019infraction.<\/p>\n<h2>Les partenaires de mise en \u0153uvre de ce programme d&#8217;am\u00e9lioration de la justice pour enfants<\/h2>\n<p><strong>Huit<\/strong> organisations partenaires de <strong>sept<\/strong> pays en Afrique et en Am\u00e9rique latine mettent en oeuvre le programme.<\/p>\n<table style=\"height: 598px;\" width=\"736\">\n<tbody>\n<tr>\n<td width=\"91\"><strong>R\u00e9gion <\/strong><\/td>\n<td width=\"252\"><strong>Partenaires<\/strong><\/td>\n<td width=\"180\"><strong>Sites de mise en \u0153uvre<\/strong><\/td>\n<td width=\"108\"><strong>Pays<\/strong><\/td>\n<\/tr>\n<tr>\n<td rowspan=\"4\" width=\"91\">AFRIQUE<\/td>\n<td width=\"252\">Dignit\u00e9 et Droits pour les Enfants en C\u00f4te d\u2019Ivoire (<a href=\"http:\/\/www.ongddeci.org\/\">DDE-CI<\/a>)<\/td>\n<td width=\"180\">Abidjan et Agboville<\/td>\n<td width=\"108\">C\u00f4te d\u2019Ivoire<\/td>\n<\/tr>\n<tr>\n<td width=\"252\">Bureau National Catholique de l\u2019Enfance du Mali (BNCE-Mali)<\/td>\n<td width=\"180\">Bamako et les r\u00e9gions de Mopti, S\u00e9gou et Sikasso<\/td>\n<td width=\"108\">Mali<\/td>\n<\/tr>\n<tr>\n<td width=\"252\">Bureau National Catholique de l\u2019Enfance de la R\u00e9publique d\u00e9mocratique du Congo (BNCE-RDC)<\/td>\n<td width=\"180\">Province de Kinshasa<\/td>\n<td width=\"108\">RDC<\/td>\n<\/tr>\n<tr>\n<td width=\"252\">Bureau National Catholique de l\u2019Enfance du Togo (BNCE-Togo)<\/td>\n<td width=\"180\">R\u00e9gions maritime et des Plateaux<\/td>\n<td width=\"108\">Togo<\/td>\n<\/tr>\n<tr>\n<td rowspan=\"4\" width=\"91\">AM\u00c9RIQUE<br \/>LATINE<\/td>\n<td width=\"252\">Religieux Tertiaires Capucins\u00a0 de Colombie (RTC)<\/td>\n<td width=\"180\">Bogot\u00e1 et Cundinamarca<\/td>\n<td width=\"108\">Colombie<\/td>\n<\/tr>\n<tr>\n<td width=\"252\">Instituto de Estudios Comparados en Ciencias Penales de Guatemala (<a href=\"https:\/\/iccpg.org.gt\/\">ICCPG<\/a>)<\/td>\n<td width=\"180\">D\u00e9partement de Guatemala<\/td>\n<td width=\"108\">Guatemala<\/td>\n<\/tr>\n<tr>\n<td width=\"252\">Compromiso desde la Infancia y la Adolescencia (<a href=\"https:\/\/cometaperu.org\/\">COMETA<\/a>)<\/td>\n<td width=\"180\">Lima, Tumbes, Piura, Chiclayo, Trujillo, Pucallpa, Iquitos, Cajamarca, Huancayo, Hu\u00e1nuco Ica, Ancash et Puno<\/td>\n<td width=\"108\">P\u00e9rou<\/td>\n<\/tr>\n<tr>\n<td width=\"252\">Observatorio de Prisiones de Arequipa \u2013 Ni\u00f1os libres (OPA)<\/td>\n<td width=\"180\">Arequipa et Cuzco<\/td>\n<td width=\"108\">P\u00e9rou<\/td>\n<\/tr>\n<\/tbody>\n<\/table>\n\n\n<div style=\"height:32px\" aria-hidden=\"true\" class=\"wp-block-spacer\"><\/div>\n\n\n\n<h2 class=\"wp-block-heading\">Les b\u00e9n\u00e9ficiaires<\/h2>\n\n\n\n<p><strong>22 730<\/strong> personnes en Afrique et en Am\u00e9rique latine b\u00e9n\u00e9ficient de Enfance sans barreaux 2<br><strong>6 610 <\/strong>enfants en conflit avec la loi<br><strong>7 360<\/strong> personnes dans l\u2019entourage des enfants<br><strong>2 760<\/strong> acteurs de la justice juv\u00e9nile (juges, personnel, police judiciaire, etc.)<br><strong>500<\/strong> membres des m\u00e9dias (radios communautaires et nationales, TV, presse \u00e9crite, etc.)<br><strong>5 500<\/strong> membres des communaut\u00e9s et de la soci\u00e9t\u00e9 civile<\/p>\n\n\n\n<h2 class=\"wp-block-heading\">Les objectifs<\/h2>\n\n\n\n<p>L\u2019<strong>objectif g\u00e9n\u00e9ral<\/strong> est de favoriser l\u2019adoption de politiques globales en mati\u00e8re de justice pour enfants respectueuses de la <a href=\"https:\/\/bice.org\/fr\/droits-de-lenfant\/convention-relative-aux-droits-de-l-enfant\/\">Convention relative aux droits de l\u2019enfant<\/a> (CDE). Ces politiques doivent int\u00e9grer la mise en place d\u2019une justice r\u00e9paratrice dans le traitement des ECL.<\/p>\n\n\n\n<p>L\u2019<strong>objectif sp\u00e9cifique<\/strong> est de d\u00e9velopper et de promouvoir des syst\u00e8mes de justice juv\u00e9nile pr\u00e9voyant l\u2019utilisation de mesures de substitution \u00e0 la privation de libert\u00e9, afin de favoriser la r\u00e9insertion durable des ECL.<\/p>\n\n\n\n<h2 class=\"wp-block-heading\">Les r\u00e9sultats attendus et les activit\u00e9s correspondantes<\/h2>\n\n\n\n<h5 class=\"wp-block-heading\"><strong><u>R\u00e9sultat 1 <\/u>:<\/strong> <strong>les acteurs de la justice ont mis en place et\/ou renforc\u00e9 les mesures alternatives \u00e0 la privation de libert\u00e9. Ils ont augment\u00e9 leur application en vue d\u2019une d\u00e9judiciarisation des litiges impliquant des ECL.<\/strong><\/h5>\n\n\n\n<p>Pour atteindre ce r\u00e9sultat, les activit\u00e9s suivantes sont mises en \u0153uvre :<\/p>\n\n\n\n<ul class=\"wp-block-list\">\n<li>Renforcement des comp\u00e9tences des acteurs de la justice sur la justice r\u00e9paratrice. Application de mesures non privatives de libert\u00e9, d\u00e9judiciarisation des litiges impliquant des ECL, m\u00e9diation p\u00e9nale.<\/li>\n\n\n\n<li>Plaidoyer pour la vulgarisation des droits des ECL et des pratiques r\u00e9paratrices.<\/li>\n\n\n\n<li>Renforcement du r\u00f4le des leaders communautaires dans la justice pour enfants par des s\u00e9ances de sensibilisation et de formation des leaders communautaires.<\/li>\n<\/ul>\n\n\n\n<h5 class=\"wp-block-heading\"><strong><u>R\u00e9sultat 2 :<\/u>&nbsp;un appui pluridisciplinaire a \u00e9t\u00e9 octroy\u00e9 aux ECL et des mesures de substitution \u00e0 la privation de libert\u00e9 ont \u00e9t\u00e9 \u00e9tablies, consolid\u00e9es et diversifi\u00e9es. Et ce, avec la participation des enfants, en collaboration avec les familles, les communaut\u00e9s et le secteur priv\u00e9.<\/strong><\/h5>\n\n\n\n<p>Pour atteindre ce r\u00e9sultat, les activit\u00e9s suivantes sont mises en \u0153uvre :<\/p>\n\n\n\n<ul class=\"wp-block-list\">\n<li>Humanisation des conditions de d\u00e9tention et renforcement de l\u2019appui aux ECL, notamment par le soutien direct et cibl\u00e9 aux ECL pour r\u00e9pondre \u00e0 leurs besoins fondamentaux (alimentaire, m\u00e9dical, sanitaire).<\/li>\n\n\n\n<li>Appui juridique.<\/li>\n\n\n\n<li>Pr\u00e9paration \u00e0 la r\u00e9insertion des ECL en s\u2019appuyant sur leur capacit\u00e9 de r\u00e9silience.<\/li>\n\n\n\n<li>D\u00e9veloppement et suivi de la r\u00e9insertion familiale, par l\u2019accompagnement et le soutien de parents d\u2019ECL.<\/li>\n\n\n\n<li>D\u00e9veloppement et suivi de la r\u00e9insertion socioprofessionnelle des ECL.<\/li>\n\n\n\n<li>\u00c9tudes et recherches.<\/li>\n<\/ul>\n\n\n\n<h5 class=\"wp-block-heading\"><strong><u>R\u00e9sultat 3&nbsp;&nbsp;<\/u>: les m\u00e9dias, soucieux d\u2019un traitement plus \u00e9quitable des ECL, ont mobilis\u00e9 leurs r\u00e9seaux et sensibilis\u00e9 le grand public au droit de ces enfants \u00e0 jouer un r\u00f4le constructif dans la soci\u00e9t\u00e9.<\/strong><\/h5>\n\n\n\n<p>Pour atteindre ce r\u00e9sultat, les activit\u00e9s suivantes sont mises en \u0153uvre :<\/p>\n\n\n\n<ul class=\"wp-block-list\">\n<li>Renforcement des connaissances des professionnels et \u00e9tudiants en communication (radios locales, presse \u00e9crite, TV) en mati\u00e8re de justice r\u00e9paratrice pour enfants.<\/li>\n\n\n\n<li>Campagnes de sensibilisation aupr\u00e8s du grand public.<\/li>\n\n\n\n<li>D\u00e9veloppement de r\u00e9seaux de journalistes sp\u00e9cialis\u00e9s et sensibilisation du grand public par des \u00e9missions dans diff\u00e9rents m\u00e9dias (interviews, etc.).<\/li>\n<\/ul>\n\n\n\n<h5 class=\"wp-block-heading\"><strong><u>R\u00e9sultat 4 <\/u>: les \u00e9changes d\u2019exp\u00e9riences et de bonnes pratiques Sud-Sud ainsi que les actions de plaidoyer \u00e9labor\u00e9es aux niveaux national, r\u00e9gional et international ont permis de faire adopter et de mettre en \u0153uvre des mesures de substitution \u00e0 la privation de libert\u00e9 et de sensibiliser les syst\u00e8mes de justice juv\u00e9nile \u00e0 l\u2019importance d\u2019une r\u00e9insertion r\u00e9ussie comme facteur de pr\u00e9vention de la d\u00e9linquance.<\/strong><\/h5>\n\n\n\n<p>Pour atteindre ce r\u00e9sultat, les activit\u00e9s suivantes sont mises en \u0153uvre :<\/p>\n\n\n\n<ul class=\"wp-block-list\">\n<li>\u00c9change d\u2019informations et partage d\u2019expertise entre les partenaires africains et latino-am\u00e9ricains. Par le biais d&#8217;organisation de r\u00e9unions interr\u00e9gionales, de s\u00e9minaires th\u00e9matiques r\u00e9gionaux (en Afrique et Am\u00e9rique latine respectivement). Et la r\u00e9alisation d&#8217;actions aupr\u00e8s du Conseil des droits de l\u2019homme de l\u2019ONU \u00e0 Gen\u00e8ve.<\/li>\n\n\n\n<li>Plaidoyer aupr\u00e8s du Conseil des droits de l\u2019homme de l\u2019ONU, son Examen p\u00e9riodique universel et ses proc\u00e9dures sp\u00e9ciales, et aupr\u00e8s du Comit\u00e9 des droits de l\u2019enfant ainsi qu\u2019aupr\u00e8s des autorit\u00e9s nationales.<\/li>\n\n\n\n<li>Recherche\/analyse par l\u2019actualisation des Recueils sur la justice pour enfants en Afrique et une \u00e9tude r\u00e9gionale en Am\u00e9rique latine.<\/li>\n<\/ul>\n\n\n<div class=\"grid-blueblocks section-children-categories \">\n\n        <article class=\"blueblocks\">\n        <a href=\"#\" class=\"project-list\" data-cid=\"1964\">            <img decoding=\"async\" width=\"708\" height=\"390\" src=\"https:\/\/i0.wp.com\/bice.org\/app\/uploads\/2020\/05\/carte-g%C3%A9n%C3%A9rique-2.jpg?fit=708%2C390&amp;ssl=1\" class=\"attachment-full size-full\" alt=\"Carte pays ESB2\" \/>            <header>\n                <h3>Actions par pays<\/h3>\n                <i class=\"icon-plus\" id=\"projets_icon_1964\"><\/i>                                <ul class=\"projets_ul \" id=\"projets_1964\">\n                    <li><a href=\"https:\/\/bice.org\/fr\/togo\/\">Togo<\/a><\/li><li><a href=\"https:\/\/bice.org\/fr\/republique-democratique-du-congo\/\">R\u00e9publique d\u00e9mocratique du Congo<\/a><\/li><li><a href=\"https:\/\/bice.org\/fr\/mali\/\">Mali<\/a><\/li><li><a href=\"https:\/\/bice.org\/fr\/cote-divoire\/\">C\u00f4te d&#8217;Ivoire<\/a><\/li><li><a href=\"https:\/\/bice.org\/fr\/perou\/\">P\u00e9rou<\/a><\/li><li><a href=\"https:\/\/bice.org\/fr\/guatemala\/\">Guatemala<\/a><\/li><li><a href=\"https:\/\/bice.org\/fr\/colombie\/\">Colombie<\/a><\/li>                <\/ul>\n                            <\/header>\n                    <\/a>    <\/article>\n        <article class=\"blueblocks\">\n        <a href=\"#\" class=\"project-list\" data-cid=\"1965\">            <img decoding=\"async\" width=\"935\" height=\"521\" src=\"https:\/\/i0.wp.com\/bice.org\/app\/uploads\/2020\/05\/publication-justice-juv%C3%A9nile-e1590408566753.jpg?fit=935%2C521&amp;ssl=1\" class=\"attachment-full size-full\" alt=\"Publications Justice Juv\u00e9nile\" \/>            <header>\n                <h3>Documentation sur la justice juv\u00e9nile<\/h3>\n                <i class=\"icon-plus\" id=\"projets_icon_1965\"><\/i>                <div class=\"projets_ul \" id=\"projets_1965\"><p><a href=\"https:\/\/bice.org\/fr\/le-bice\/des-ressources-pour-les-membres\/les-ressources-sur-la-justice-juvenile\/#publications-colombie\">Documents sur la justice juv\u00e9nile en Colombie<\/a><\/p>\n<p><a href=\"https:\/\/bice.org\/fr\/le-bice\/des-ressources-pour-les-membres\/les-ressources-sur-la-justice-juvenile\/#publications-cotedivoire\">Documents sur la justice juv\u00e9nile en C\u00f4te d&#8217;Ivoire<\/a><\/p>\n<p><a href=\"https:\/\/bice.org\/fr\/le-bice\/des-ressources-pour-les-membres\/les-ressources-sur-la-justice-juvenile\/#publications-guatemala\">Documents sur la justice juv\u00e9nile au Guatemala<\/a><\/p>\n<p><a href=\"https:\/\/bice.org\/fr\/le-bice\/des-ressources-pour-les-membres\/les-ressources-sur-la-justice-juvenile\/#publications-mali\">Documents sur la justice juv\u00e9nile au Mali<\/a><\/p>\n<p><a href=\"https:\/\/bice.org\/fr\/le-bice\/des-ressources-pour-les-membres\/les-ressources-sur-la-justice-juvenile\/#publications-perou\">Documents sur la justice juv\u00e9nile au P\u00e9rou<\/a><\/p>\n<p><a href=\"https:\/\/bice.org\/fr\/le-bice\/des-ressources-pour-les-membres\/les-ressources-sur-la-justice-juvenile\/#publications-RDC\">Documents sur la justice juv\u00e9nile en RDC<\/a><\/p>\n<p><a href=\"https:\/\/bice.org\/fr\/le-bice\/des-ressources-pour-les-membres\/les-ressources-sur-la-justice-juvenile\/#publications-togo\">Documents sur la justice juv\u00e9nile au Togo<\/a><\/p>\n<\/div>            <\/header>\n                    <\/a>    <\/article>\n    \n<\/div>\n\n\n\n<h2 class=\"wp-block-heading\"><strong>Avec le soutien de :<\/strong><\/h2>\n\n\n\n<div class=\"wp-block-columns is-layout-flex wp-container-core-columns-is-layout-9d6595d7 wp-block-columns-is-layout-flex\">\n<div class=\"wp-block-column is-layout-flow wp-block-column-is-layout-flow\">\n<figure class=\"wp-block-image size-large\"><img data-recalc-dims=\"1\" decoding=\"async\" width=\"1024\" height=\"542\" src=\"https:\/\/i0.wp.com\/bice.org\/app\/uploads\/2020\/01\/emblemeAFD_cmjn.jpg?resize=1024%2C542&#038;ssl=1\" alt=\"Logo AFD\" class=\"wp-image-43075\"\/><\/figure>\n<\/div>\n\n\n\n<div class=\"wp-block-column is-layout-flow wp-block-column-is-layout-flow\">\n<figure class=\"wp-block-image aligncenter size-large\"><img data-recalc-dims=\"1\" decoding=\"async\" width=\"259\" height=\"194\" src=\"https:\/\/i0.wp.com\/bice.org\/app\/uploads\/2020\/01\/geneve.png?resize=259%2C194&#038;ssl=1\" alt=\"Logo r\u00e9publqiue et canton de Gen\u00e8ve\" class=\"wp-image-43063\"\/><\/figure>\n<\/div>\n\n\n\n<div class=\"wp-block-column is-layout-flow wp-block-column-is-layout-flow\">\n<figure class=\"wp-block-image alignright size-large\"><img data-recalc-dims=\"1\" decoding=\"async\" width=\"200\" height=\"211\" src=\"https:\/\/i0.wp.com\/bice.org\/app\/uploads\/2020\/01\/KMW_Logo_web.jpg?resize=200%2C211&#038;ssl=1\" alt=\"Logo KMW\" class=\"wp-image-43078\"\/><\/figure>\n\n\n\n<p>&nbsp;<\/p>\n<\/div>\n<\/div>\n\n\n\n<div class=\"wp-block-columns is-layout-flex wp-container-core-columns-is-layout-9d6595d7 wp-block-columns-is-layout-flex\">\n<div class=\"wp-block-column is-layout-flow wp-block-column-is-layout-flow\">\n<figure class=\"wp-block-image size-large\"><img data-recalc-dims=\"1\" decoding=\"async\" width=\"512\" height=\"254\" src=\"https:\/\/i0.wp.com\/bice.org\/app\/uploads\/2020\/03\/Francophonie.jpg?resize=512%2C254&#038;ssl=1\" alt=\"Logo Francophonie\" class=\"wp-image-44142\" srcset=\"https:\/\/i0.wp.com\/bice.org\/app\/uploads\/2020\/03\/Francophonie.jpg?w=512&amp;ssl=1 512w, https:\/\/i0.wp.com\/bice.org\/app\/uploads\/2020\/03\/Francophonie.jpg?resize=300%2C149&amp;ssl=1 300w\" sizes=\"(max-width: 512px) 100vw, 512px\" \/><\/figure>\n<\/div>\n\n\n\n<div class=\"wp-block-column is-layout-flow wp-block-column-is-layout-flow\">\n<figure class=\"wp-block-image aligncenter size-large\"><img data-recalc-dims=\"1\" decoding=\"async\" width=\"595\" height=\"298\" src=\"https:\/\/i0.wp.com\/bice.org\/app\/uploads\/2020\/01\/logo_ville_de_geneve_social.jpg?resize=595%2C298&#038;ssl=1\" alt=\"Logo Ville de Gen\u00e8ve\" class=\"wp-image-43072\"\/><\/figure>\n<\/div>\n\n\n\n<div class=\"wp-block-column is-layout-flow wp-block-column-is-layout-flow\">\n<figure class=\"wp-block-image alignright size-large\"><img data-recalc-dims=\"1\" decoding=\"async\" width=\"104\" height=\"121\" src=\"https:\/\/i0.wp.com\/bice.org\/app\/uploads\/2020\/01\/Logo-Canton-du-Valais.png?resize=104%2C121&#038;ssl=1\" alt=\"Logo Canton du Valais\" class=\"wp-image-43069\"\/><\/figure>\n<\/div>\n<\/div>\n\n\n\n<div style=\"height:39px\" aria-hidden=\"true\" class=\"wp-block-spacer\"><\/div>\n\n\n\n<p>Retrouvez les informations sur le programme pr\u00e9c\u00e9dent<a href=\"https:\/\/bice.org\/fr\/justice-juvenile\/\"> ici<\/a>.<\/p>\n","protected":false},"excerpt":{"rendered":"<p>De 2017 \u00e0 2021, Enfance sans barreaux 2 (EsB2) vise \u00e0 renforcer les r\u00e9sultats obtenus lors de pr\u00e9c\u00e9dent programme EsB1 (2012-2015). Il se fonde sur une approche r\u00e9paratrice de la justice pour enfants.<\/p>\n","protected":false},"author":19,"featured_media":58488,"parent":0,"menu_order":4,"comment_status":"closed","ping_status":"closed","template":"","meta":{"_acf_changed":false,"footnotes":""},"class_list":["post-43058","page","type-page","status-publish","has-post-thumbnail","hentry"],"acf":[],"yoast_head":"<!-- This site is optimized with the Yoast SEO plugin v27.2 - https:\/\/yoast.com\/product\/yoast-seo-wordpress\/ -->\n<title>Humaniser la justice juv\u00e9nile - BICE - ONG de protection des droits de l&#039;enfant<\/title>\n<meta name=\"description\" content=\"Le programme Enfance sans barreaux 2 (EsB2) (2017-2021) du BICE se fonde sur une approche r\u00e9paratrice de la justice pour enfants.\" \/>\n<meta name=\"robots\" content=\"index, follow, max-snippet:-1, max-image-preview:large, max-video-preview:-1\" \/>\n<link rel=\"canonical\" href=\"https:\/\/bice.org\/fr\/wp-json\/wp\/v2\/pages\/43058\" \/>\n<meta property=\"og:locale\" content=\"fr_FR\" \/>\n<meta property=\"og:type\" content=\"article\" \/>\n<meta property=\"og:title\" content=\"Humaniser la justice juv\u00e9nile - BICE - ONG de protection des droits de l&#039;enfant\" \/>\n<meta property=\"og:description\" content=\"Le programme Enfance sans barreaux 2 (EsB2) (2017-2021) du BICE se fonde sur une approche r\u00e9paratrice de la justice pour enfants.\" \/>\n<meta property=\"og:url\" content=\"https:\/\/bice.org\/fr\/justice-juvenile-programme-enfance-sans-barreaux-2\/\" \/>\n<meta property=\"og:site_name\" content=\"BICE - ONG de protection des droits de l&#039;enfant\" \/>\n<meta property=\"article:modified_time\" content=\"2024-04-16T14:06:29+00:00\" \/>\n<meta property=\"og:image\" content=\"https:\/\/i0.wp.com\/bice.org\/app\/uploads\/2021\/05\/justice-juvenile-scaled-e1676448022153.jpg?fit=1600%2C928&ssl=1\" \/>\n\t<meta property=\"og:image:width\" content=\"1600\" \/>\n\t<meta property=\"og:image:height\" content=\"928\" \/>\n\t<meta property=\"og:image:type\" content=\"image\/jpeg\" \/>\n<meta name=\"twitter:card\" content=\"summary_large_image\" \/>\n<meta name=\"twitter:label1\" content=\"Dur\u00e9e de lecture estim\u00e9e\" \/>\n\t<meta name=\"twitter:data1\" content=\"7 minutes\" \/>\n<!-- \/ Yoast SEO plugin. -->","yoast_head_json":{"title":"Humaniser la justice juv\u00e9nile - BICE - ONG de protection des droits de l&#039;enfant","description":"Le programme Enfance sans barreaux 2 (EsB2) (2017-2021) du BICE se fonde sur une approche r\u00e9paratrice de la justice pour enfants.","robots":{"index":"index","follow":"follow","max-snippet":"max-snippet:-1","max-image-preview":"max-image-preview:large","max-video-preview":"max-video-preview:-1"},"canonical":"https:\/\/bice.org\/fr\/wp-json\/wp\/v2\/pages\/43058","og_locale":"fr_FR","og_type":"article","og_title":"Humaniser la justice juv\u00e9nile - BICE - ONG de protection des droits de l&#039;enfant","og_description":"Le programme Enfance sans barreaux 2 (EsB2) (2017-2021) du BICE se fonde sur une approche r\u00e9paratrice de la justice pour enfants.","og_url":"https:\/\/bice.org\/fr\/justice-juvenile-programme-enfance-sans-barreaux-2\/","og_site_name":"BICE - ONG de protection des droits de l&#039;enfant","article_modified_time":"2024-04-16T14:06:29+00:00","og_image":[{"width":1600,"height":928,"url":"https:\/\/i0.wp.com\/bice.org\/app\/uploads\/2021\/05\/justice-juvenile-scaled-e1676448022153.jpg?fit=1600%2C928&ssl=1","type":"image\/jpeg"}],"twitter_card":"summary_large_image","twitter_misc":{"Dur\u00e9e de lecture estim\u00e9e":"7 minutes"},"schema":{"@context":"https:\/\/schema.org","@graph":[{"@type":"WebPage","@id":"https:\/\/bice.org\/fr\/justice-juvenile-programme-enfance-sans-barreaux-2\/","url":"https:\/\/bice.org\/fr\/justice-juvenile-programme-enfance-sans-barreaux-2\/","name":"Humaniser la justice juv\u00e9nile - BICE - ONG de protection des droits de l&#039;enfant","isPartOf":{"@id":"https:\/\/bice.org\/fr\/#website"},"primaryImageOfPage":{"@id":"https:\/\/bice.org\/fr\/justice-juvenile-programme-enfance-sans-barreaux-2\/#primaryimage"},"image":{"@id":"https:\/\/bice.org\/fr\/justice-juvenile-programme-enfance-sans-barreaux-2\/#primaryimage"},"thumbnailUrl":"https:\/\/i0.wp.com\/bice.org\/app\/uploads\/2021\/05\/justice-juvenile-scaled-e1676448022153.jpg?fit=1600%2C928&ssl=1","datePublished":"2020-01-16T12:37:22+00:00","dateModified":"2024-04-16T14:06:29+00:00","description":"Le programme Enfance sans barreaux 2 (EsB2) (2017-2021) du BICE se fonde sur une approche r\u00e9paratrice de la justice pour enfants.","breadcrumb":{"@id":"https:\/\/bice.org\/fr\/justice-juvenile-programme-enfance-sans-barreaux-2\/#breadcrumb"},"inLanguage":"fr-FR","potentialAction":[{"@type":"ReadAction","target":["https:\/\/bice.org\/fr\/justice-juvenile-programme-enfance-sans-barreaux-2\/"]}]},{"@type":"ImageObject","inLanguage":"fr-FR","@id":"https:\/\/bice.org\/fr\/justice-juvenile-programme-enfance-sans-barreaux-2\/#primaryimage","url":"https:\/\/i0.wp.com\/bice.org\/app\/uploads\/2021\/05\/justice-juvenile-scaled-e1676448022153.jpg?fit=1600%2C928&ssl=1","contentUrl":"https:\/\/i0.wp.com\/bice.org\/app\/uploads\/2021\/05\/justice-juvenile-scaled-e1676448022153.jpg?fit=1600%2C928&ssl=1","width":1600,"height":928,"caption":"\u00a9 J. Derigny - L. Sadin"},{"@type":"BreadcrumbList","@id":"https:\/\/bice.org\/fr\/justice-juvenile-programme-enfance-sans-barreaux-2\/#breadcrumb","itemListElement":[{"@type":"ListItem","position":1,"name":"Accueil","item":"https:\/\/bice.org\/fr\/"},{"@type":"ListItem","position":2,"name":"Humaniser la justice juv\u00e9nile"}]},{"@type":"WebSite","@id":"https:\/\/bice.org\/fr\/#website","url":"https:\/\/bice.org\/fr\/","name":"BICE - ONG de protection des droits de l&#039;enfant","description":"Notre mission : D\u00e9fendre les droits et la dignit\u00e9 des enfants partout dans le monde","publisher":{"@id":"https:\/\/bice.org\/fr\/#organization"},"potentialAction":[{"@type":"SearchAction","target":{"@type":"EntryPoint","urlTemplate":"https:\/\/bice.org\/fr\/?s={search_term_string}"},"query-input":{"@type":"PropertyValueSpecification","valueRequired":true,"valueName":"search_term_string"}}],"inLanguage":"fr-FR"},{"@type":"Organization","@id":"https:\/\/bice.org\/fr\/#organization","name":"BICE","url":"https:\/\/bice.org\/fr\/","logo":{"@type":"ImageObject","inLanguage":"fr-FR","@id":"https:\/\/bice.org\/fr\/#\/schema\/logo\/image\/","url":"https:\/\/bice.org\/app\/uploads\/2022\/06\/favicon.ico","contentUrl":"https:\/\/bice.org\/app\/uploads\/2022\/06\/favicon.ico","width":64,"height":64,"caption":"BICE"},"image":{"@id":"https:\/\/bice.org\/fr\/#\/schema\/logo\/image\/"}}]}},"jetpack_sharing_enabled":true,"_links":{"self":[{"href":"https:\/\/bice.org\/fr\/wp-json\/wp\/v2\/pages\/43058","targetHints":{"allow":["GET"]}}],"collection":[{"href":"https:\/\/bice.org\/fr\/wp-json\/wp\/v2\/pages"}],"about":[{"href":"https:\/\/bice.org\/fr\/wp-json\/wp\/v2\/types\/page"}],"author":[{"embeddable":true,"href":"https:\/\/bice.org\/fr\/wp-json\/wp\/v2\/users\/19"}],"replies":[{"embeddable":true,"href":"https:\/\/bice.org\/fr\/wp-json\/wp\/v2\/comments?post=43058"}],"version-history":[{"count":0,"href":"https:\/\/bice.org\/fr\/wp-json\/wp\/v2\/pages\/43058\/revisions"}],"wp:featuredmedia":[{"embeddable":true,"href":"https:\/\/bice.org\/fr\/wp-json\/wp\/v2\/media\/58488"}],"wp:attachment":[{"href":"https:\/\/bice.org\/fr\/wp-json\/wp\/v2\/media?parent=43058"}],"curies":[{"name":"wp","href":"https:\/\/api.w.org\/{rel}","templated":true}]}}