{"id":46211,"date":"2020-05-06T13:33:42","date_gmt":"2020-05-06T11:33:42","guid":{"rendered":"https:\/\/bice.org\/?p=46211"},"modified":"2024-02-21T20:15:43","modified_gmt":"2024-02-21T19:15:43","slug":"former-des-tuteurs-de-resilience-pour-accompagner-les-enfants-victimes-de-traumatismes","status":"publish","type":"page","link":"https:\/\/bice.org\/fr\/former-des-tuteurs-de-resilience-pour-accompagner-les-enfants-victimes-de-traumatismes\/","title":{"rendered":"Former des tuteurs de r\u00e9silience pour accompagner les enfants victimes de traumatismes"},"content":{"rendered":"<h2>La situation sur le terrain<\/h2>\n<p>Qu\u2019il s\u2019agisse d\u2019enfants des rues, d\u2019enfants en conflit avec loi ou encore d\u2019enfants victimes de maltraitances, les \u00e9ducateurs se retrouvent confront\u00e9s \u00e0 des histoires tragiques auxquelles ils ne savent souvent pas comment faire face. Comment les aider \u00e0 prendre en compte les besoins psychologiques de l&#8217;enfant et \u00e0 y r\u00e9pondre de fa\u00e7on positive et constructive ?<\/p>\n<p>Former des tuteurs de r\u00e9silience est la r\u00e9ponse mise en place par le BICE en partenariat avec l\u2019Unit\u00e9 de recherche sur la r\u00e9silience de l\u2019Universit\u00e9 catholique de Milan. Elles sont l\u00e0 pour donner aux \u00e9ducateurs des outils pour mieux comprendre les enfants et les aider \u00e0 trouver leurs propres ressources pour se relever.<\/p>\n<h2>Le projet du BICE<\/h2>\n<p>Dans le cadre des formations \u00ab Tuteurs de r\u00e9silience \u00bb, les \u00e9ducateurs d\u00e9couvrent les m\u00e9thodes pour favoriser la r\u00e9silience chez les enfants. Ils apprennent \u00e0 mettre en place des ateliers de travaux manuels ludiques pour les aider \u00e0 exprimer leurs \u00e9motions. Mais dans de nombreux pays d\u2019Afrique, le mat\u00e9riel de base n\u2019est pas facilement disponible.<\/p>\n<p>Le BICE participe ainsi \u00e0 l&#8217;achat du mat\u00e9riel n\u00e9cessaire aux ateliers avec les enfants : feuilles de papier, crayons de couleur, gommes, ciseaux, colle, cordelettes\u2026 L&#8217;association a \u00e9galement financ\u00e9 la fabrication des jeux de soci\u00e9t\u00e9 con\u00e7us autour des principes de justice r\u00e9paratrice pour les ateliers avec les enfants en conflit avec la loi.<\/p>\n<p>Afin de s&#8217;assurer de la mise en application sur le terrain des \u00e9l\u00e9ments acquis lors des formations, le BICE met en place un suivi aupr\u00e8s des partenaires. Les \u00e9changes entre organisations b\u00e9n\u00e9ficiaires de la formation sont \u00e9galement favoris\u00e9s.<\/p>\n\n\n<div class=\"wp-block-group has-very-light-gray-background-color has-background is-layout-flow wp-block-group-is-layout-flow\">\n<figure class=\"wp-block-pullquote has-border-color\" style=\"border-color:#fcb900\"><blockquote><p>&#8220;\u00c7a marche, je crois que je ne suis plus le m\u00eame. Avant la formation, je pensais que la nourriture, les habits, les chaussures et les \u00e9tudes \u00e9taient seulement ce dont les enfants avaient besoin. Mais je me rends compte maintenant que leur parler et les \u00e9couter est tout aussi important. Je commence \u00e0 percevoir quelque chose qui \u00e9tait cach\u00e9 dans les enfants, quelque chose que je ne voyais pas avant.&#8221;<\/p><cite>M. Lebon, \u00e9ducateur aupr\u00e8s des enfants des rues en RDC, <br>form\u00e9 comme \u00ab Tuteur de r\u00e9silience \u00bb<\/cite><\/blockquote><\/figure>\n<\/div>\n","protected":false},"excerpt":{"rendered":"<p>Le BICE dispense dans plusieurs pays d&#8217;Afrique des formations Tuteurs de r\u00e9silience pour aider ses partenaires \u00e0 favoriser la r\u00e9silience chez les enfants.<\/p>\n","protected":false},"author":19,"featured_media":46214,"parent":0,"menu_order":0,"comment_status":"closed","ping_status":"closed","template":"","meta":{"_acf_changed":false,"footnotes":""},"class_list":["post-46211","page","type-page","status-publish","has-post-thumbnail","hentry"],"acf":[],"yoast_head":"<!-- This site is optimized with the Yoast SEO plugin v27.2 - https:\/\/yoast.com\/product\/yoast-seo-wordpress\/ -->\n<title>Former des tuteurs de r\u00e9silience pour accompagner les enfants victimes de traumatismes - BICE - ONG de protection des droits de l&#039;enfant<\/title>\n<meta name=\"description\" content=\"Le BICE dispense dans plusieurs pays d&#039;Afrique des formations Tuteurs de r\u00e9silience pour aider ses partenaires \u00e0 favoriser la r\u00e9silience chez les enfants.\" \/>\n<meta name=\"robots\" content=\"index, follow, max-snippet:-1, max-image-preview:large, max-video-preview:-1\" \/>\n<link rel=\"canonical\" href=\"https:\/\/bice.org\/fr\/wp-json\/wp\/v2\/pages\/46211\" \/>\n<meta property=\"og:locale\" content=\"fr_FR\" \/>\n<meta property=\"og:type\" content=\"article\" \/>\n<meta property=\"og:title\" content=\"Former des tuteurs de r\u00e9silience pour accompagner les enfants victimes de traumatismes - BICE - ONG de protection des droits de l&#039;enfant\" \/>\n<meta property=\"og:description\" content=\"Le BICE dispense dans plusieurs pays d&#039;Afrique des formations Tuteurs de r\u00e9silience pour aider ses partenaires \u00e0 favoriser la r\u00e9silience chez les enfants.\" \/>\n<meta property=\"og:url\" content=\"https:\/\/bice.org\/fr\/former-des-tuteurs-de-resilience-pour-accompagner-les-enfants-victimes-de-traumatismes\/\" \/>\n<meta property=\"og:site_name\" content=\"BICE - ONG de protection des droits de l&#039;enfant\" \/>\n<meta property=\"article:modified_time\" content=\"2024-02-21T19:15:43+00:00\" \/>\n<meta property=\"og:image\" content=\"https:\/\/i0.wp.com\/bice.org\/app\/uploads\/2020\/05\/r%C3%A9silience-scaled.jpg?fit=2560%2C1114&ssl=1\" \/>\n\t<meta property=\"og:image:width\" content=\"2560\" \/>\n\t<meta property=\"og:image:height\" content=\"1114\" \/>\n\t<meta property=\"og:image:type\" content=\"image\/jpeg\" \/>\n<meta name=\"twitter:card\" content=\"summary_large_image\" \/>\n<meta name=\"twitter:label1\" content=\"Dur\u00e9e de lecture estim\u00e9e\" \/>\n\t<meta name=\"twitter:data1\" content=\"2 minutes\" \/>\n<!-- \/ Yoast SEO plugin. -->","yoast_head_json":{"title":"Former des tuteurs de r\u00e9silience pour accompagner les enfants victimes de traumatismes - BICE - ONG de protection des droits de l&#039;enfant","description":"Le BICE dispense dans plusieurs pays d'Afrique des formations Tuteurs de r\u00e9silience pour aider ses partenaires \u00e0 favoriser la r\u00e9silience chez les enfants.","robots":{"index":"index","follow":"follow","max-snippet":"max-snippet:-1","max-image-preview":"max-image-preview:large","max-video-preview":"max-video-preview:-1"},"canonical":"https:\/\/bice.org\/fr\/wp-json\/wp\/v2\/pages\/46211","og_locale":"fr_FR","og_type":"article","og_title":"Former des tuteurs de r\u00e9silience pour accompagner les enfants victimes de traumatismes - BICE - ONG de protection des droits de l&#039;enfant","og_description":"Le BICE dispense dans plusieurs pays d'Afrique des formations Tuteurs de r\u00e9silience pour aider ses partenaires \u00e0 favoriser la r\u00e9silience chez les enfants.","og_url":"https:\/\/bice.org\/fr\/former-des-tuteurs-de-resilience-pour-accompagner-les-enfants-victimes-de-traumatismes\/","og_site_name":"BICE - ONG de protection des droits de l&#039;enfant","article_modified_time":"2024-02-21T19:15:43+00:00","og_image":[{"width":2560,"height":1114,"url":"https:\/\/i0.wp.com\/bice.org\/app\/uploads\/2020\/05\/r%C3%A9silience-scaled.jpg?fit=2560%2C1114&ssl=1","type":"image\/jpeg"}],"twitter_card":"summary_large_image","twitter_misc":{"Dur\u00e9e de lecture estim\u00e9e":"2 minutes"},"schema":{"@context":"https:\/\/schema.org","@graph":[{"@type":"WebPage","@id":"https:\/\/bice.org\/fr\/former-des-tuteurs-de-resilience-pour-accompagner-les-enfants-victimes-de-traumatismes\/","url":"https:\/\/bice.org\/fr\/former-des-tuteurs-de-resilience-pour-accompagner-les-enfants-victimes-de-traumatismes\/","name":"Former des tuteurs de r\u00e9silience pour accompagner les enfants victimes de traumatismes - BICE - ONG de protection des droits de l&#039;enfant","isPartOf":{"@id":"https:\/\/bice.org\/fr\/#website"},"primaryImageOfPage":{"@id":"https:\/\/bice.org\/fr\/former-des-tuteurs-de-resilience-pour-accompagner-les-enfants-victimes-de-traumatismes\/#primaryimage"},"image":{"@id":"https:\/\/bice.org\/fr\/former-des-tuteurs-de-resilience-pour-accompagner-les-enfants-victimes-de-traumatismes\/#primaryimage"},"thumbnailUrl":"https:\/\/i0.wp.com\/bice.org\/app\/uploads\/2020\/05\/r%C3%A9silience-scaled.jpg?fit=2560%2C1114&ssl=1","datePublished":"2020-05-06T11:33:42+00:00","dateModified":"2024-02-21T19:15:43+00:00","description":"Le BICE dispense dans plusieurs pays d'Afrique des formations Tuteurs de r\u00e9silience pour aider ses partenaires \u00e0 favoriser la r\u00e9silience chez les enfants.","breadcrumb":{"@id":"https:\/\/bice.org\/fr\/former-des-tuteurs-de-resilience-pour-accompagner-les-enfants-victimes-de-traumatismes\/#breadcrumb"},"inLanguage":"fr-FR","potentialAction":[{"@type":"ReadAction","target":["https:\/\/bice.org\/fr\/former-des-tuteurs-de-resilience-pour-accompagner-les-enfants-victimes-de-traumatismes\/"]}]},{"@type":"ImageObject","inLanguage":"fr-FR","@id":"https:\/\/bice.org\/fr\/former-des-tuteurs-de-resilience-pour-accompagner-les-enfants-victimes-de-traumatismes\/#primaryimage","url":"https:\/\/i0.wp.com\/bice.org\/app\/uploads\/2020\/05\/r%C3%A9silience-scaled.jpg?fit=2560%2C1114&ssl=1","contentUrl":"https:\/\/i0.wp.com\/bice.org\/app\/uploads\/2020\/05\/r%C3%A9silience-scaled.jpg?fit=2560%2C1114&ssl=1","width":2560,"height":1114,"caption":"R\u00e9silience"},{"@type":"BreadcrumbList","@id":"https:\/\/bice.org\/fr\/former-des-tuteurs-de-resilience-pour-accompagner-les-enfants-victimes-de-traumatismes\/#breadcrumb","itemListElement":[{"@type":"ListItem","position":1,"name":"Accueil","item":"https:\/\/bice.org\/fr\/"},{"@type":"ListItem","position":2,"name":"Former des tuteurs de r\u00e9silience pour accompagner les enfants victimes de traumatismes"}]},{"@type":"WebSite","@id":"https:\/\/bice.org\/fr\/#website","url":"https:\/\/bice.org\/fr\/","name":"BICE - ONG de protection des droits de l&#039;enfant","description":"Notre mission : D\u00e9fendre les droits et la dignit\u00e9 des enfants partout dans le monde","publisher":{"@id":"https:\/\/bice.org\/fr\/#organization"},"potentialAction":[{"@type":"SearchAction","target":{"@type":"EntryPoint","urlTemplate":"https:\/\/bice.org\/fr\/?s={search_term_string}"},"query-input":{"@type":"PropertyValueSpecification","valueRequired":true,"valueName":"search_term_string"}}],"inLanguage":"fr-FR"},{"@type":"Organization","@id":"https:\/\/bice.org\/fr\/#organization","name":"BICE","url":"https:\/\/bice.org\/fr\/","logo":{"@type":"ImageObject","inLanguage":"fr-FR","@id":"https:\/\/bice.org\/fr\/#\/schema\/logo\/image\/","url":"https:\/\/bice.org\/app\/uploads\/2022\/06\/favicon.ico","contentUrl":"https:\/\/bice.org\/app\/uploads\/2022\/06\/favicon.ico","width":64,"height":64,"caption":"BICE"},"image":{"@id":"https:\/\/bice.org\/fr\/#\/schema\/logo\/image\/"}}]}},"jetpack_sharing_enabled":true,"_links":{"self":[{"href":"https:\/\/bice.org\/fr\/wp-json\/wp\/v2\/pages\/46211","targetHints":{"allow":["GET"]}}],"collection":[{"href":"https:\/\/bice.org\/fr\/wp-json\/wp\/v2\/pages"}],"about":[{"href":"https:\/\/bice.org\/fr\/wp-json\/wp\/v2\/types\/page"}],"author":[{"embeddable":true,"href":"https:\/\/bice.org\/fr\/wp-json\/wp\/v2\/users\/19"}],"replies":[{"embeddable":true,"href":"https:\/\/bice.org\/fr\/wp-json\/wp\/v2\/comments?post=46211"}],"version-history":[{"count":0,"href":"https:\/\/bice.org\/fr\/wp-json\/wp\/v2\/pages\/46211\/revisions"}],"wp:featuredmedia":[{"embeddable":true,"href":"https:\/\/bice.org\/fr\/wp-json\/wp\/v2\/media\/46214"}],"wp:attachment":[{"href":"https:\/\/bice.org\/fr\/wp-json\/wp\/v2\/media?parent=46211"}],"curies":[{"name":"wp","href":"https:\/\/api.w.org\/{rel}","templated":true}]}}