{"id":51388,"date":"2020-10-09T15:32:41","date_gmt":"2020-10-09T13:32:41","guid":{"rendered":"https:\/\/bice.org\/?page_id=51388"},"modified":"2024-09-11T12:51:42","modified_gmt":"2024-09-11T10:51:42","slug":"revues-de-presse-2019","status":"publish","type":"page","link":"https:\/\/bice.org\/fr\/revues-de-presse-2019\/","title":{"rendered":"Revues de presse 2019"},"content":{"rendered":"<p>Pour toute information compl\u00e9mentaire, n\u2019h\u00e9sitez pas \u00e0 nous contacter.<br \/>\nT\u00e9l : 01 53 35 01 00<\/p>\n<h2>Le BICE<\/h2>\n<p>ALETEIA \u2013 Online \u2013 30 mai 2019<br \/>\nSur Qwant, les clics se transforment en dons pour associations<\/p>\n<p style=\"text-align: left;\">RUMEURS D\u2019ABIDJAN \u2013 Online \u2013 8 juin 2019<br \/>\nKoffi Victor, directeur d\u2019accueil pour enfants de Soubr\u00e9 : \u00ab Ce centre est la meilleure id\u00e9e pour sauver plusieurs enfants humili\u00e9s et maltrait\u00e9s \u00bb<\/p>\n<p>FACE AFRIQUE \u2013 Online \u2013 9 juin 2019<br \/>\nKoffi Victor, directeur d\u2019accueil pour enfants de Soubr\u00e9 : \u00ab Ce centre est la meilleure id\u00e9e pour sauver plusieurs enfants humili\u00e9s et maltrait\u00e9s \u00bb<\/p>\n<p>ABIDJAN \u2013 Online \u2013 14 ao\u00fbt 2019<br \/>\n<a href=\"https:\/\/news.abidjan.net\/h\/661858.html\">Des jeunes de Tiassal\u00e9 form\u00e9s au leadership et \u00e0 la culture de la paix<\/a><\/p>\n<p>PSYCOM \u2013 Online \u2013 7 octobre 2019<br \/>\n<a href=\"http:\/\/www.psycom.org\/Actualites\/Comment-agir\/Outil-Bayard-Jeunesse-realise-un-livret-de-prevention-des-violences-sexuelles-faites-aux-enfants\">Outil : Bayard Jeunesse r\u00e9alise un livret de pr\u00e9vention des violences sexuelles faites aux enfants<\/a><\/p>\n<p>RCF RADIO \u2013 Radio \u2013 17 octobre 2019<br \/>\n<a href=\"https:\/\/rcf.fr\/vie-quotidienne\/solidarite\/agir-pour-mettre-fin-la-pauvrete-des-enfants-et-de-leurs-familles\">Agir pour mettre fin \u00e0 la pauvret\u00e9 des enfants et de leurs familles<\/a><\/p>\n<p>SO WHAT ? \u2013 Online \u2013 20 novembre 2019<br \/>\n<a href=\"https:\/\/www.sowhat-magazine.fr\/tous-les-enfants-ont-des-droits\/\">Tous les enfants ont des droits<\/a><\/p>\n<p>AGENCE IVOIRIENNE DE PRESSE \u2013 Online \u2013 21 d\u00e9cembre 2019<br \/>\nUn arbre de No\u00ebl en faveur des enfants en difficult\u00e9 du BICE<\/p>\n<h2>Le Festival Enfances dans le monde<\/h2>\n<p>ENSEIGNEMENT CATHOLIQUE \u2013 Print \u2013 Octobre 2019<br \/>\nLe festival \u00ab Enfances dans le monde \u00bb<\/p>\n<p>SIGNIS \u2013 Online \u2013 10 octobre 2019<br \/>\n<a href=\"http:\/\/www.signis.net\/nouvelles\/culture\/10-10-2019\/le-festival-enfances-dans-le-monde-est-de-retour-pour-sa-9e-dition\">Le festival Enfances dans le monde est de retour pour sa 9e \u00e9dition<\/a><\/p>\n<p>DE LA CONVENTION AUX ACTES \u2013 Online \u2013 15 octobre 2019<br \/>\n<a href=\"https:\/\/www.delaconventionauxactes.org\/festival-de-documentaires-enfances-dans-le-monde\/\">Festival de documentaires Enfances dans le monde<\/a><\/p>\n<p>LE CAF\u00c9 P\u00c9DAGOGIQUE \u2013 Print \u2013 16 octobre 2019<br \/>\nEnfances : 9e \u00e9dition du festival Enfances dans le Monde<\/p>\n<p>T\u00c9L\u00c9RAMA SORTIR \u2013 Print \u2013 23 octobre 2019<br \/>\nL\u2019agenda des \u00e9v\u00e9nements<\/p>\n<p>ENSEIGNEMENT CATHOLIQUE \u2013 Online \u2013 25 octobre 2019<br \/>\n<a href=\"https:\/\/enseignement-catholique.fr\/les-droits-des-enfants-au-cinema\/\">Les droits des enfants au cin\u00e9ma<\/a><\/p>\n<p>RCF RADIO \u2013 Online \u2013 4 novembre 2019<br \/>\n<a href=\"https:\/\/rcf.fr\/vie-quotidienne\/autour-du-monde\/festival-enfances-dans-le-monde-les-enfants-ont-du-talent\">Festival Enfances dans le monde : les enfants ont du talent !<\/a><\/p>\n<p>LA VOIX DU 14e \u2013 Online \u2013 12 novembre 2019<br \/>\n<a href=\"http:\/\/lavoixdu14e.blogspirit.com\/archive\/2019\/10\/28\/festival-enfances-dans-le-monde-3142961.html#more\">Festival Enfances dans le monde 14 et 15 novembre au cin\u00e9ma les 7 Parnassiens<\/a><\/p>\n<p>RADIO NOTRE DAME \u2013 Online \u2013 12 novembre 2019<br \/>\n<a href=\"https:\/\/radionotredame.net\/emissions\/enquetedesens\/12-11-2019\/\">En qu\u00eate de sens<\/a><\/p>\n<p>\u00c9GLISE CATHOLIQUE EN FRANCE \u2013 Online \u2013 13 novembre 2019<br \/>\nLe seul festival de films documentaires d\u00e9di\u00e9 \u00e0 l\u2019enfance<\/p>\n<p>LA VOIX DE L\u2019ENFANT \u2013 Online \u2013 13 novembre 2019<br \/>\n<a href=\"https:\/\/www.lavoixdelenfant.org\/actualite\/la-9eme-edition-du-festival-enfances-dans-le-monde\/\">La 9e \u00e9dition du festival Enfances dans le monde<\/a><\/p>\n<p>ENFANCE MAJUSCULE \u2013 Online \u2013 14 novembre 2019<br \/>\n<a href=\"http:\/\/enfance-majuscule.fr\/festival-enfances-dans-le-monde\/\">Festival \u00ab Enfances dans le monde \u00bb<\/a><\/p>\n<h2>Le festival en ligne<\/h2>\n<p>FILM DOCUMENTAIRE \u2013 Online \u2013 25 octobre 2019<br \/>\nFestival de films documentaires sur les droits des enfants<\/p>\n<p>RCF RADIO \u2013 Radio \u2013 7 novembre 2019<br \/>\n<a href=\"https:\/\/rcf.fr\/culture\/le-bice-lance-le-festival-de-films-documentaires-sur-les-droits-de-l-enfant\">Le BICE lance le festival de films documentaires sur les droits de l\u2019enfant<\/a><\/p>\n<p>CFRT \u2013 Online \u2013 13 novembre 2019<br \/>\nFestival de films documentaires sur les droits de l\u2019enfant<\/p>\n<p>Retrouvez les revues de presse 2017,<a href=\"https:\/\/bice.org\/fr\/revues-de-presse\/\"> ici<\/a>.<\/p>\n","protected":false},"excerpt":{"rendered":"<p>ON PARLE DU BICE\u2026 Vous trouverez ci-dessous les revues de presse li\u00e9es aux actualit\u00e9s du BICE et aux \u00e9v\u00e9nements organis\u00e9s par l&#8217;association.<\/p>\n","protected":false},"author":19,"featured_media":41624,"parent":0,"menu_order":2,"comment_status":"closed","ping_status":"closed","template":"","meta":{"_acf_changed":false,"footnotes":""},"class_list":["post-51388","page","type-page","status-publish","has-post-thumbnail","hentry"],"acf":[],"yoast_head":"<!-- This site is optimized with the Yoast SEO plugin v27.2 - https:\/\/yoast.com\/product\/yoast-seo-wordpress\/ -->\n<title>Revues de presse 2019 - ONG protection droits de l&#039;enfant<\/title>\n<meta name=\"description\" content=\"ON PARLE DU BICE\u2026 Vous trouverez ci-dessous les revues de presse li\u00e9es aux actualit\u00e9s du BICE et aux \u00e9v\u00e9nements organis\u00e9s par l&#039;association.\" \/>\n<meta name=\"robots\" content=\"index, follow, max-snippet:-1, max-image-preview:large, max-video-preview:-1\" \/>\n<link rel=\"canonical\" href=\"https:\/\/bice.org\/fr\/wp-json\/wp\/v2\/pages\/51388\" \/>\n<meta property=\"og:locale\" content=\"fr_FR\" \/>\n<meta property=\"og:type\" content=\"article\" \/>\n<meta property=\"og:title\" content=\"Revues de presse 2019 - ONG protection droits de l&#039;enfant\" \/>\n<meta property=\"og:description\" content=\"ON PARLE DU BICE\u2026 Vous trouverez ci-dessous les revues de presse li\u00e9es aux actualit\u00e9s du BICE et aux \u00e9v\u00e9nements organis\u00e9s par l&#039;association.\" \/>\n<meta property=\"og:url\" content=\"https:\/\/bice.org\/fr\/revues-de-presse-2019\/\" \/>\n<meta property=\"og:site_name\" content=\"BICE - ONG de protection des droits de l&#039;enfant\" \/>\n<meta property=\"article:modified_time\" content=\"2024-09-11T10:51:42+00:00\" \/>\n<meta property=\"og:image\" content=\"https:\/\/i0.wp.com\/bice.org\/app\/uploads\/2019\/11\/festival11-e1641922070656.jpg?fit=1571%2C909&ssl=1\" \/>\n\t<meta property=\"og:image:width\" content=\"1571\" \/>\n\t<meta property=\"og:image:height\" content=\"909\" \/>\n\t<meta property=\"og:image:type\" content=\"image\/jpeg\" \/>\n<meta name=\"twitter:card\" content=\"summary_large_image\" \/>\n<meta name=\"twitter:label1\" content=\"Dur\u00e9e de lecture estim\u00e9e\" \/>\n\t<meta name=\"twitter:data1\" content=\"3 minutes\" \/>\n<!-- \/ Yoast SEO plugin. -->","yoast_head_json":{"title":"Revues de presse 2019 - ONG protection droits de l'enfant","description":"ON PARLE DU BICE\u2026 Vous trouverez ci-dessous les revues de presse li\u00e9es aux actualit\u00e9s du BICE et aux \u00e9v\u00e9nements organis\u00e9s par l'association.","robots":{"index":"index","follow":"follow","max-snippet":"max-snippet:-1","max-image-preview":"max-image-preview:large","max-video-preview":"max-video-preview:-1"},"canonical":"https:\/\/bice.org\/fr\/wp-json\/wp\/v2\/pages\/51388","og_locale":"fr_FR","og_type":"article","og_title":"Revues de presse 2019 - ONG protection droits de l'enfant","og_description":"ON PARLE DU BICE\u2026 Vous trouverez ci-dessous les revues de presse li\u00e9es aux actualit\u00e9s du BICE et aux \u00e9v\u00e9nements organis\u00e9s par l'association.","og_url":"https:\/\/bice.org\/fr\/revues-de-presse-2019\/","og_site_name":"BICE - ONG de protection des droits de l&#039;enfant","article_modified_time":"2024-09-11T10:51:42+00:00","og_image":[{"width":1571,"height":909,"url":"https:\/\/i0.wp.com\/bice.org\/app\/uploads\/2019\/11\/festival11-e1641922070656.jpg?fit=1571%2C909&ssl=1","type":"image\/jpeg"}],"twitter_card":"summary_large_image","twitter_misc":{"Dur\u00e9e de lecture estim\u00e9e":"3 minutes"},"schema":{"@context":"https:\/\/schema.org","@graph":[{"@type":"WebPage","@id":"https:\/\/bice.org\/fr\/revues-de-presse-2019\/","url":"https:\/\/bice.org\/fr\/revues-de-presse-2019\/","name":"Revues de presse 2019 - ONG protection droits de l'enfant","isPartOf":{"@id":"https:\/\/bice.org\/fr\/#website"},"primaryImageOfPage":{"@id":"https:\/\/bice.org\/fr\/revues-de-presse-2019\/#primaryimage"},"image":{"@id":"https:\/\/bice.org\/fr\/revues-de-presse-2019\/#primaryimage"},"thumbnailUrl":"https:\/\/i0.wp.com\/bice.org\/app\/uploads\/2019\/11\/festival11-e1641922070656.jpg?fit=1571%2C909&ssl=1","datePublished":"2020-10-09T13:32:41+00:00","dateModified":"2024-09-11T10:51:42+00:00","description":"ON PARLE DU BICE\u2026 Vous trouverez ci-dessous les revues de presse li\u00e9es aux actualit\u00e9s du BICE et aux \u00e9v\u00e9nements organis\u00e9s par l'association.","breadcrumb":{"@id":"https:\/\/bice.org\/fr\/revues-de-presse-2019\/#breadcrumb"},"inLanguage":"fr-FR","potentialAction":[{"@type":"ReadAction","target":["https:\/\/bice.org\/fr\/revues-de-presse-2019\/"]}]},{"@type":"ImageObject","inLanguage":"fr-FR","@id":"https:\/\/bice.org\/fr\/revues-de-presse-2019\/#primaryimage","url":"https:\/\/i0.wp.com\/bice.org\/app\/uploads\/2019\/11\/festival11-e1641922070656.jpg?fit=1571%2C909&ssl=1","contentUrl":"https:\/\/i0.wp.com\/bice.org\/app\/uploads\/2019\/11\/festival11-e1641922070656.jpg?fit=1571%2C909&ssl=1","width":1571,"height":909},{"@type":"BreadcrumbList","@id":"https:\/\/bice.org\/fr\/revues-de-presse-2019\/#breadcrumb","itemListElement":[{"@type":"ListItem","position":1,"name":"Accueil","item":"https:\/\/bice.org\/fr\/"},{"@type":"ListItem","position":2,"name":"Revues de presse 2019"}]},{"@type":"WebSite","@id":"https:\/\/bice.org\/fr\/#website","url":"https:\/\/bice.org\/fr\/","name":"BICE - ONG de protection des droits de l&#039;enfant","description":"Notre mission : D\u00e9fendre les droits et la dignit\u00e9 des enfants partout dans le monde","publisher":{"@id":"https:\/\/bice.org\/fr\/#organization"},"potentialAction":[{"@type":"SearchAction","target":{"@type":"EntryPoint","urlTemplate":"https:\/\/bice.org\/fr\/?s={search_term_string}"},"query-input":{"@type":"PropertyValueSpecification","valueRequired":true,"valueName":"search_term_string"}}],"inLanguage":"fr-FR"},{"@type":"Organization","@id":"https:\/\/bice.org\/fr\/#organization","name":"BICE","url":"https:\/\/bice.org\/fr\/","logo":{"@type":"ImageObject","inLanguage":"fr-FR","@id":"https:\/\/bice.org\/fr\/#\/schema\/logo\/image\/","url":"https:\/\/bice.org\/app\/uploads\/2022\/06\/favicon.ico","contentUrl":"https:\/\/bice.org\/app\/uploads\/2022\/06\/favicon.ico","width":64,"height":64,"caption":"BICE"},"image":{"@id":"https:\/\/bice.org\/fr\/#\/schema\/logo\/image\/"}}]}},"jetpack_sharing_enabled":true,"_links":{"self":[{"href":"https:\/\/bice.org\/fr\/wp-json\/wp\/v2\/pages\/51388","targetHints":{"allow":["GET"]}}],"collection":[{"href":"https:\/\/bice.org\/fr\/wp-json\/wp\/v2\/pages"}],"about":[{"href":"https:\/\/bice.org\/fr\/wp-json\/wp\/v2\/types\/page"}],"author":[{"embeddable":true,"href":"https:\/\/bice.org\/fr\/wp-json\/wp\/v2\/users\/19"}],"replies":[{"embeddable":true,"href":"https:\/\/bice.org\/fr\/wp-json\/wp\/v2\/comments?post=51388"}],"version-history":[{"count":0,"href":"https:\/\/bice.org\/fr\/wp-json\/wp\/v2\/pages\/51388\/revisions"}],"wp:featuredmedia":[{"embeddable":true,"href":"https:\/\/bice.org\/fr\/wp-json\/wp\/v2\/media\/41624"}],"wp:attachment":[{"href":"https:\/\/bice.org\/fr\/wp-json\/wp\/v2\/media?parent=51388"}],"curies":[{"name":"wp","href":"https:\/\/api.w.org\/{rel}","templated":true}]}}