{"id":60592,"date":"2021-08-18T15:57:27","date_gmt":"2021-08-18T13:57:27","guid":{"rendered":"https:\/\/bice.org\/?page_id=60592"},"modified":"2023-05-11T11:36:29","modified_gmt":"2023-05-11T09:36:29","slug":"des-ressources-pour-les-membres","status":"publish","type":"page","link":"https:\/\/bice.org\/fr\/le-bice\/des-ressources-pour-les-membres\/","title":{"rendered":"Des ressources documentaires"},"content":{"rendered":"","protected":false},"excerpt":{"rendered":"<p>Afin de renforcer les comp\u00e9tences de son r\u00e9seau international, le BICE met \u00e0 disposition diff\u00e9rentes ressources documentaires sur trois th\u00e9matiques : l&#8217;\u00e9ducation, la justice juv\u00e9nile et la lutte contre les violences.<\/p>\n","protected":false},"author":19,"featured_media":83636,"parent":8898,"menu_order":8,"comment_status":"closed","ping_status":"closed","template":"views\/page-node.blade.php","meta":{"_acf_changed":false,"footnotes":""},"class_list":["post-60592","page","type-page","status-publish","has-post-thumbnail","hentry"],"acf":[],"yoast_head":"<!-- This site is optimized with the Yoast SEO plugin v27.2 - https:\/\/yoast.com\/product\/yoast-seo-wordpress\/ -->\n<title>Ressources documentaires protection droits de l&#039;enfant<\/title>\n<meta name=\"description\" content=\"Le BICE met \u00e0 disposition des formations en ligne et autres ressources pour permettre au plus grand nombre de renforcer ses comp\u00e9tences.\" \/>\n<meta name=\"robots\" content=\"index, follow, max-snippet:-1, max-image-preview:large, max-video-preview:-1\" \/>\n<link rel=\"canonical\" href=\"https:\/\/bice.org\/fr\/wp-json\/wp\/v2\/pages\/60592\" \/>\n<meta property=\"og:locale\" content=\"fr_FR\" \/>\n<meta property=\"og:type\" content=\"article\" \/>\n<meta property=\"og:title\" content=\"Ressources documentaires protection droits de l&#039;enfant\" \/>\n<meta property=\"og:description\" content=\"Le BICE met \u00e0 disposition des formations en ligne et autres ressources pour permettre au plus grand nombre de renforcer ses comp\u00e9tences.\" \/>\n<meta property=\"og:url\" content=\"https:\/\/bice.org\/fr\/le-bice\/des-ressources-pour-les-membres\/\" \/>\n<meta property=\"og:site_name\" content=\"BICE - ONG de protection des droits de l&#039;enfant\" \/>\n<meta property=\"article:modified_time\" content=\"2023-05-11T09:36:29+00:00\" \/>\n<meta property=\"og:image\" content=\"https:\/\/i0.wp.com\/bice.org\/app\/uploads\/2022\/11\/livres-e1669196771152.jpg?fit=999%2C581&ssl=1\" \/>\n\t<meta property=\"og:image:width\" content=\"999\" \/>\n\t<meta property=\"og:image:height\" content=\"581\" \/>\n\t<meta property=\"og:image:type\" content=\"image\/jpeg\" \/>\n<meta name=\"twitter:card\" content=\"summary_large_image\" \/>\n<!-- \/ Yoast SEO plugin. -->","yoast_head_json":{"title":"Ressources documentaires protection droits de l'enfant","description":"Le BICE met \u00e0 disposition des formations en ligne et autres ressources pour permettre au plus grand nombre de renforcer ses comp\u00e9tences.","robots":{"index":"index","follow":"follow","max-snippet":"max-snippet:-1","max-image-preview":"max-image-preview:large","max-video-preview":"max-video-preview:-1"},"canonical":"https:\/\/bice.org\/fr\/wp-json\/wp\/v2\/pages\/60592","og_locale":"fr_FR","og_type":"article","og_title":"Ressources documentaires protection droits de l'enfant","og_description":"Le BICE met \u00e0 disposition des formations en ligne et autres ressources pour permettre au plus grand nombre de renforcer ses comp\u00e9tences.","og_url":"https:\/\/bice.org\/fr\/le-bice\/des-ressources-pour-les-membres\/","og_site_name":"BICE - ONG de protection des droits de l&#039;enfant","article_modified_time":"2023-05-11T09:36:29+00:00","og_image":[{"width":999,"height":581,"url":"https:\/\/i0.wp.com\/bice.org\/app\/uploads\/2022\/11\/livres-e1669196771152.jpg?fit=999%2C581&ssl=1","type":"image\/jpeg"}],"twitter_card":"summary_large_image","schema":{"@context":"https:\/\/schema.org","@graph":[{"@type":"WebPage","@id":"https:\/\/bice.org\/fr\/le-bice\/des-ressources-pour-les-membres\/","url":"https:\/\/bice.org\/fr\/le-bice\/des-ressources-pour-les-membres\/","name":"Ressources documentaires protection droits de l'enfant","isPartOf":{"@id":"https:\/\/bice.org\/fr\/#website"},"primaryImageOfPage":{"@id":"https:\/\/bice.org\/fr\/le-bice\/des-ressources-pour-les-membres\/#primaryimage"},"image":{"@id":"https:\/\/bice.org\/fr\/le-bice\/des-ressources-pour-les-membres\/#primaryimage"},"thumbnailUrl":"https:\/\/i0.wp.com\/bice.org\/app\/uploads\/2022\/11\/livres-e1669196771152.jpg?fit=999%2C581&ssl=1","datePublished":"2021-08-18T13:57:27+00:00","dateModified":"2023-05-11T09:36:29+00:00","description":"Le BICE met \u00e0 disposition des formations en ligne et autres ressources pour permettre au plus grand nombre de renforcer ses comp\u00e9tences.","breadcrumb":{"@id":"https:\/\/bice.org\/fr\/le-bice\/des-ressources-pour-les-membres\/#breadcrumb"},"inLanguage":"fr-FR","potentialAction":[{"@type":"ReadAction","target":["https:\/\/bice.org\/fr\/le-bice\/des-ressources-pour-les-membres\/"]}]},{"@type":"ImageObject","inLanguage":"fr-FR","@id":"https:\/\/bice.org\/fr\/le-bice\/des-ressources-pour-les-membres\/#primaryimage","url":"https:\/\/i0.wp.com\/bice.org\/app\/uploads\/2022\/11\/livres-e1669196771152.jpg?fit=999%2C581&ssl=1","contentUrl":"https:\/\/i0.wp.com\/bice.org\/app\/uploads\/2022\/11\/livres-e1669196771152.jpg?fit=999%2C581&ssl=1","width":999,"height":581,"caption":"centre de documentation enfance sans violences, \u00e9coles sans murs et enfance sans barreaux"},{"@type":"BreadcrumbList","@id":"https:\/\/bice.org\/fr\/le-bice\/des-ressources-pour-les-membres\/#breadcrumb","itemListElement":[{"@type":"ListItem","position":1,"name":"Accueil","item":"https:\/\/bice.org\/fr\/"},{"@type":"ListItem","position":2,"name":"Le BICE, une ONG de protection des droits de l&#8217;enfant","item":"https:\/\/bice.org\/fr\/le-bice\/"},{"@type":"ListItem","position":3,"name":"Des ressources documentaires"}]},{"@type":"WebSite","@id":"https:\/\/bice.org\/fr\/#website","url":"https:\/\/bice.org\/fr\/","name":"BICE - ONG de protection des droits de l&#039;enfant","description":"Notre mission : D\u00e9fendre les droits et la dignit\u00e9 des enfants partout dans le monde","publisher":{"@id":"https:\/\/bice.org\/fr\/#organization"},"potentialAction":[{"@type":"SearchAction","target":{"@type":"EntryPoint","urlTemplate":"https:\/\/bice.org\/fr\/?s={search_term_string}"},"query-input":{"@type":"PropertyValueSpecification","valueRequired":true,"valueName":"search_term_string"}}],"inLanguage":"fr-FR"},{"@type":"Organization","@id":"https:\/\/bice.org\/fr\/#organization","name":"BICE","url":"https:\/\/bice.org\/fr\/","logo":{"@type":"ImageObject","inLanguage":"fr-FR","@id":"https:\/\/bice.org\/fr\/#\/schema\/logo\/image\/","url":"https:\/\/bice.org\/app\/uploads\/2022\/06\/favicon.ico","contentUrl":"https:\/\/bice.org\/app\/uploads\/2022\/06\/favicon.ico","width":64,"height":64,"caption":"BICE"},"image":{"@id":"https:\/\/bice.org\/fr\/#\/schema\/logo\/image\/"}}]}},"jetpack_sharing_enabled":true,"_links":{"self":[{"href":"https:\/\/bice.org\/fr\/wp-json\/wp\/v2\/pages\/60592","targetHints":{"allow":["GET"]}}],"collection":[{"href":"https:\/\/bice.org\/fr\/wp-json\/wp\/v2\/pages"}],"about":[{"href":"https:\/\/bice.org\/fr\/wp-json\/wp\/v2\/types\/page"}],"author":[{"embeddable":true,"href":"https:\/\/bice.org\/fr\/wp-json\/wp\/v2\/users\/19"}],"replies":[{"embeddable":true,"href":"https:\/\/bice.org\/fr\/wp-json\/wp\/v2\/comments?post=60592"}],"version-history":[{"count":0,"href":"https:\/\/bice.org\/fr\/wp-json\/wp\/v2\/pages\/60592\/revisions"}],"up":[{"embeddable":true,"href":"https:\/\/bice.org\/fr\/wp-json\/wp\/v2\/pages\/8898"}],"wp:featuredmedia":[{"embeddable":true,"href":"https:\/\/bice.org\/fr\/wp-json\/wp\/v2\/media\/83636"}],"wp:attachment":[{"href":"https:\/\/bice.org\/fr\/wp-json\/wp\/v2\/media?parent=60592"}],"curies":[{"name":"wp","href":"https:\/\/api.w.org\/{rel}","templated":true}]}}