{"id":60769,"date":"2021-08-24T16:44:55","date_gmt":"2021-08-24T14:44:55","guid":{"rendered":"https:\/\/bice.org\/?page_id=60769"},"modified":"2025-10-22T16:36:55","modified_gmt":"2025-10-22T14:36:55","slug":"notre-plaidoyer-examen-periodique-universel","status":"publish","type":"page","link":"https:\/\/bice.org\/fr\/droits-de-lenfant\/notre-plaidoyer-examen-periodique-universel\/","title":{"rendered":"Examen p\u00e9riodique universel et plaidoyer du BICE"},"content":{"rendered":"\n<h2 class=\"wp-block-heading\"><strong>Qu&#8217;est-ce que l&#8217;Examen p\u00e9riodique universel (EPU) ?<\/strong><\/h2>\n\n\n\n<p>L\u2019Examen P\u00e9riodique Universel (EPU) a \u00e9t\u00e9 \u00e9tabli en 2006. Il consiste \u00e0 passer en revue les r\u00e9alisations de chaque \u00c9tat membre de l\u2019ONU dans le domaine des droits de l\u2019homme. Ainsi, tous les quatre ans, l\u2019\u00c9tat membre concern\u00e9 rend compte au Conseil des mesures prises pour am\u00e9liorer la situation des droits de l\u2019homme sur son territoire et remplir ses obligations en la mati\u00e8re. L\u2019EPU est fond\u00e9 sur l\u2019analyse de trois documents :<\/p>\n\n\n\n<ul class=\"wp-block-list\">\n<li>un rapport pr\u00e9sent\u00e9 par le pays concern\u00e9 ;<\/li>\n\n\n\n<li>un rapport du Haut-Commissariat aux Droits de l\u2019Homme r\u00e9sumant les informations rassembl\u00e9es par l\u2019ONU sur ce pays ;<\/li>\n\n\n\n<li>un rapport synth\u00e9tisant les contributions des ONG.<\/li>\n<\/ul>\n\n\n\n<p>Sont organis\u00e9es trois sessions par an ; 14 \u00e0 16 \u00c9tats sont examin\u00e9s par session. Les ONG soumettent des informations alternatives. Les \u00c9tats pr\u00e9sentent les mesures prises, les succ\u00e8s et les d\u00e9fis. Puis, l\u2019examen aboutit \u00e0 des recommandations que l\u2019\u00c9tat examin\u00e9 est cens\u00e9 mettre en \u0153uvre avant le prochain examen quatre ans plus tard. Le BICE et ses partenaires participent activement \u00e0 l\u2019<strong>Examen p\u00e9riodique universel (EPU)<\/strong>&nbsp;pour tous les pays o\u00f9 ils m\u00e8nent des actions de terrain.<\/p>\n\n\n\n<h2 class=\"wp-block-heading\">EPU en 2025<\/h2>\n\n\n\n<h3 class=\"wp-block-heading\"><strong><a href=\"https:\/\/www.ohchr.org\/en\/hr-bodies\/upr\/ci-index\">Paraguay<\/a><\/strong><\/h3>\n\n\n\n<p>Rapport conjoint de suivi sur la C\u00f4te d\u2019Ivoire au titre de la 52<sup>\u00e8me<\/sup> session,&nbsp;4-15 mai 2026<\/p>\n\n\n\n<ul class=\"wp-block-list\">\n<li><a href=\"https:\/\/bice.org\/app\/uploads\/2025\/10\/EPU52_Informe-de-seguimiento-EPU-Paraguay_BICE-Callescuela.pdf\" target=\"_blank\" rel=\"noreferrer noopener\">Rapport de suivi Examen p\u00e9riodique universel (EPU)<\/a> \u2013 4\u00e8me cycle<\/li>\n\n\n\n<li>Rapport final + recommandations<\/li>\n\n\n\n<li>R\u00e9actions de l\u2019Etat\/Addendum<\/li>\n<\/ul>\n\n\n\n<h2 class=\"wp-block-heading\">EPU en 2024<\/h2>\n\n\n\n<h3 class=\"wp-block-heading\"><strong><a href=\"https:\/\/www.ohchr.org\/en\/hr-bodies\/upr\/ci-index\">C\u00f4te d\u2019Ivoire<\/a><\/strong><\/h3>\n\n\n\n<p>Rapport conjoint de suivi sur la C\u00f4te d\u2019Ivoire au titre de la 47e session, <a href=\"https:\/\/www.ohchr.org\/sites\/default\/files\/documents\/hrbodies\/upr\/sessions\/session47\/UPR-47_timetable.docx\">4 \u2013 15 novembre 2024<\/a> \u2013 <a href=\"https:\/\/www.ohchr.org\/sites\/default\/files\/documents\/hrbodies\/upr\/sessions\/session47\/TROIKAS_UPR_47.doc\">Troika<\/a><\/p>\n\n\n\n<ul class=\"wp-block-list\">\n<li><a href=\"https:\/\/bice.org\/app\/uploads\/2024\/04\/EPU47_Soumission-Conjointe-BICE_DDE-CI_Cote-dIvoire_vf.pdf\" target=\"_blank\" rel=\"noreferrer noopener\">Rapport de suivi Examen p\u00e9riodique universel (EPU) \u2013 4\u00e8me cycle<\/a><\/li>\n\n\n\n<li>Rapport final + recommandations<\/li>\n\n\n\n<li>R\u00e9actions de l\u2019Etat\/Addendum<\/li>\n<\/ul>\n\n\n\n<h3 class=\"wp-block-heading\"><strong><a href=\"https:\/\/www.ohchr.org\/en\/hr-bodies\/upr\/cd-index\">R\u00e9publique d\u00e9mocratique du Congo<\/a><\/strong><\/h3>\n\n\n\n<p>Rapport conjoint de suivi sur la R\u00e9publique d\u00e9mocratique du Congo au titre de la 47e session, <a href=\"https:\/\/www.ohchr.org\/sites\/default\/files\/documents\/hrbodies\/upr\/sessions\/session47\/UPR-47_timetable.docx\">4 \u2013 15 novembre 2024<\/a> \u2013 <a href=\"https:\/\/www.ohchr.org\/sites\/default\/files\/documents\/hrbodies\/upr\/sessions\/session47\/TROIKAS_UPR_47.doc\">Troika<\/a><\/p>\n\n\n\n<ul class=\"wp-block-list\">\n<li><a href=\"https:\/\/bice.org\/app\/uploads\/2024\/04\/EPU47_Soumission-Conjointe_BICE_BNCE-RDC_RD-Congo_vf.pdf\" target=\"_blank\" rel=\"noreferrer noopener\">Rapport de suivi Examen p\u00e9riodique universel (EPU) \u2013 4\u00e8me cycle<\/a><\/li>\n\n\n\n<li>Rapport final + recommandations<\/li>\n\n\n\n<li>R\u00e9actions de l\u2019Etat\/Addendum<\/li>\n<\/ul>\n\n\n\n<p><a href=\"https:\/\/bice.org\/fr\/anciens-examens-periodiques-universels\/\">Retrouvez les informations sur les Examens p\u00e9riodiques universels ant\u00e9rieurs, ici<\/a>.<\/p>\n","protected":false},"excerpt":{"rendered":"<p>L\u2019Examen p\u00e9riodique universel (EPU) est un m\u00e9canisme intergouvernemental qui consiste \u00e0 examiner la situation des droits de l\u2019Homme, y compris des droits de l\u2019enfant, de chaque \u00c9tat membre de l\u2019ONU tous les quatre ans. Le BICE et ses partenaires participent activement \u00e0 l&#8217;EPU pour tous les pays o\u00f9 nous avons des actions de terrain.<\/p>\n","protected":false},"author":19,"featured_media":60777,"parent":22617,"menu_order":8,"comment_status":"closed","ping_status":"closed","template":"","meta":{"_acf_changed":false,"footnotes":""},"class_list":["post-60769","page","type-page","status-publish","has-post-thumbnail","hentry"],"acf":[],"yoast_head":"<!-- This site is optimized with the Yoast SEO plugin v27.2 - https:\/\/yoast.com\/product\/yoast-seo-wordpress\/ -->\n<title>Notre plaidoyer \u00e0 l&#039;Examen p\u00e9riodique universel - le BICE<\/title>\n<meta name=\"description\" content=\"L\u2019Examen p\u00e9riodique universel (EPU) est un m\u00e9canisme intergouvernemental qui consiste \u00e0 examiner la situation des droits de l\u2019Homme, y compris des droits de l\u2019enfant, de chaque \u00c9tat membre de l\u2019ONU tous les quatre ans. Le BICE et ses partenaires participent activement \u00e0 l&#039;EPU pour tous les pays o\u00f9 nous avons des actions de terrain.\" \/>\n<meta name=\"robots\" content=\"index, follow, max-snippet:-1, max-image-preview:large, max-video-preview:-1\" \/>\n<link rel=\"canonical\" href=\"https:\/\/bice.org\/fr\/wp-json\/wp\/v2\/pages\/60769\" \/>\n<meta property=\"og:locale\" content=\"fr_FR\" \/>\n<meta property=\"og:type\" content=\"article\" \/>\n<meta property=\"og:title\" content=\"Notre plaidoyer \u00e0 l&#039;Examen p\u00e9riodique universel - le BICE\" \/>\n<meta property=\"og:description\" content=\"L\u2019Examen p\u00e9riodique universel (EPU) est un m\u00e9canisme intergouvernemental qui consiste \u00e0 examiner la situation des droits de l\u2019Homme, y compris des droits de l\u2019enfant, de chaque \u00c9tat membre de l\u2019ONU tous les quatre ans. Le BICE et ses partenaires participent activement \u00e0 l&#039;EPU pour tous les pays o\u00f9 nous avons des actions de terrain.\" \/>\n<meta property=\"og:url\" content=\"https:\/\/bice.org\/fr\/droits-de-lenfant\/notre-plaidoyer-examen-periodique-universel\/\" \/>\n<meta property=\"og:site_name\" content=\"BICE - ONG de protection des droits de l&#039;enfant\" \/>\n<meta property=\"article:modified_time\" content=\"2025-10-22T14:36:55+00:00\" \/>\n<meta property=\"og:image\" content=\"https:\/\/i0.wp.com\/bice.org\/app\/uploads\/2021\/08\/Onu-EPU-1.jpg?fit=636%2C369&ssl=1\" \/>\n\t<meta property=\"og:image:width\" content=\"636\" \/>\n\t<meta property=\"og:image:height\" content=\"369\" \/>\n\t<meta property=\"og:image:type\" content=\"image\/jpeg\" \/>\n<meta name=\"twitter:card\" content=\"summary_large_image\" \/>\n<meta name=\"twitter:label1\" content=\"Dur\u00e9e de lecture estim\u00e9e\" \/>\n\t<meta name=\"twitter:data1\" content=\"2 minutes\" \/>\n<!-- \/ Yoast SEO plugin. -->","yoast_head_json":{"title":"Notre plaidoyer \u00e0 l'Examen p\u00e9riodique universel - le BICE","description":"L\u2019Examen p\u00e9riodique universel (EPU) est un m\u00e9canisme intergouvernemental qui consiste \u00e0 examiner la situation des droits de l\u2019Homme, y compris des droits de l\u2019enfant, de chaque \u00c9tat membre de l\u2019ONU tous les quatre ans. Le BICE et ses partenaires participent activement \u00e0 l'EPU pour tous les pays o\u00f9 nous avons des actions de terrain.","robots":{"index":"index","follow":"follow","max-snippet":"max-snippet:-1","max-image-preview":"max-image-preview:large","max-video-preview":"max-video-preview:-1"},"canonical":"https:\/\/bice.org\/fr\/wp-json\/wp\/v2\/pages\/60769","og_locale":"fr_FR","og_type":"article","og_title":"Notre plaidoyer \u00e0 l'Examen p\u00e9riodique universel - le BICE","og_description":"L\u2019Examen p\u00e9riodique universel (EPU) est un m\u00e9canisme intergouvernemental qui consiste \u00e0 examiner la situation des droits de l\u2019Homme, y compris des droits de l\u2019enfant, de chaque \u00c9tat membre de l\u2019ONU tous les quatre ans. Le BICE et ses partenaires participent activement \u00e0 l'EPU pour tous les pays o\u00f9 nous avons des actions de terrain.","og_url":"https:\/\/bice.org\/fr\/droits-de-lenfant\/notre-plaidoyer-examen-periodique-universel\/","og_site_name":"BICE - ONG de protection des droits de l&#039;enfant","article_modified_time":"2025-10-22T14:36:55+00:00","og_image":[{"width":636,"height":369,"url":"https:\/\/i0.wp.com\/bice.org\/app\/uploads\/2021\/08\/Onu-EPU-1.jpg?fit=636%2C369&ssl=1","type":"image\/jpeg"}],"twitter_card":"summary_large_image","twitter_misc":{"Dur\u00e9e de lecture estim\u00e9e":"2 minutes"},"schema":{"@context":"https:\/\/schema.org","@graph":[{"@type":"WebPage","@id":"https:\/\/bice.org\/fr\/droits-de-lenfant\/notre-plaidoyer-examen-periodique-universel\/","url":"https:\/\/bice.org\/fr\/droits-de-lenfant\/notre-plaidoyer-examen-periodique-universel\/","name":"Notre plaidoyer \u00e0 l'Examen p\u00e9riodique universel - le BICE","isPartOf":{"@id":"https:\/\/bice.org\/fr\/#website"},"primaryImageOfPage":{"@id":"https:\/\/bice.org\/fr\/droits-de-lenfant\/notre-plaidoyer-examen-periodique-universel\/#primaryimage"},"image":{"@id":"https:\/\/bice.org\/fr\/droits-de-lenfant\/notre-plaidoyer-examen-periodique-universel\/#primaryimage"},"thumbnailUrl":"https:\/\/i0.wp.com\/bice.org\/app\/uploads\/2021\/08\/Onu-EPU-1.jpg?fit=636%2C369&ssl=1","datePublished":"2021-08-24T14:44:55+00:00","dateModified":"2025-10-22T14:36:55+00:00","description":"L\u2019Examen p\u00e9riodique universel (EPU) est un m\u00e9canisme intergouvernemental qui consiste \u00e0 examiner la situation des droits de l\u2019Homme, y compris des droits de l\u2019enfant, de chaque \u00c9tat membre de l\u2019ONU tous les quatre ans. Le BICE et ses partenaires participent activement \u00e0 l'EPU pour tous les pays o\u00f9 nous avons des actions de terrain.","breadcrumb":{"@id":"https:\/\/bice.org\/fr\/droits-de-lenfant\/notre-plaidoyer-examen-periodique-universel\/#breadcrumb"},"inLanguage":"fr-FR","potentialAction":[{"@type":"ReadAction","target":["https:\/\/bice.org\/fr\/droits-de-lenfant\/notre-plaidoyer-examen-periodique-universel\/"]}]},{"@type":"ImageObject","inLanguage":"fr-FR","@id":"https:\/\/bice.org\/fr\/droits-de-lenfant\/notre-plaidoyer-examen-periodique-universel\/#primaryimage","url":"https:\/\/i0.wp.com\/bice.org\/app\/uploads\/2021\/08\/Onu-EPU-1.jpg?fit=636%2C369&ssl=1","contentUrl":"https:\/\/i0.wp.com\/bice.org\/app\/uploads\/2021\/08\/Onu-EPU-1.jpg?fit=636%2C369&ssl=1","width":636,"height":369,"caption":"EPU ONU examen p\u00e9riodique universel"},{"@type":"BreadcrumbList","@id":"https:\/\/bice.org\/fr\/droits-de-lenfant\/notre-plaidoyer-examen-periodique-universel\/#breadcrumb","itemListElement":[{"@type":"ListItem","position":1,"name":"Accueil","item":"https:\/\/bice.org\/fr\/"},{"@type":"ListItem","position":2,"name":"Droits de l&#8217;enfant","item":"https:\/\/bice.org\/fr\/droits-de-lenfant\/"},{"@type":"ListItem","position":3,"name":"Examen p\u00e9riodique universel et plaidoyer du BICE"}]},{"@type":"WebSite","@id":"https:\/\/bice.org\/fr\/#website","url":"https:\/\/bice.org\/fr\/","name":"BICE - ONG de protection des droits de l&#039;enfant","description":"Notre mission : D\u00e9fendre les droits et la dignit\u00e9 des enfants partout dans le monde","publisher":{"@id":"https:\/\/bice.org\/fr\/#organization"},"potentialAction":[{"@type":"SearchAction","target":{"@type":"EntryPoint","urlTemplate":"https:\/\/bice.org\/fr\/?s={search_term_string}"},"query-input":{"@type":"PropertyValueSpecification","valueRequired":true,"valueName":"search_term_string"}}],"inLanguage":"fr-FR"},{"@type":"Organization","@id":"https:\/\/bice.org\/fr\/#organization","name":"BICE","url":"https:\/\/bice.org\/fr\/","logo":{"@type":"ImageObject","inLanguage":"fr-FR","@id":"https:\/\/bice.org\/fr\/#\/schema\/logo\/image\/","url":"https:\/\/bice.org\/app\/uploads\/2022\/06\/favicon.ico","contentUrl":"https:\/\/bice.org\/app\/uploads\/2022\/06\/favicon.ico","width":64,"height":64,"caption":"BICE"},"image":{"@id":"https:\/\/bice.org\/fr\/#\/schema\/logo\/image\/"}}]}},"jetpack_sharing_enabled":true,"_links":{"self":[{"href":"https:\/\/bice.org\/fr\/wp-json\/wp\/v2\/pages\/60769","targetHints":{"allow":["GET"]}}],"collection":[{"href":"https:\/\/bice.org\/fr\/wp-json\/wp\/v2\/pages"}],"about":[{"href":"https:\/\/bice.org\/fr\/wp-json\/wp\/v2\/types\/page"}],"author":[{"embeddable":true,"href":"https:\/\/bice.org\/fr\/wp-json\/wp\/v2\/users\/19"}],"replies":[{"embeddable":true,"href":"https:\/\/bice.org\/fr\/wp-json\/wp\/v2\/comments?post=60769"}],"version-history":[{"count":2,"href":"https:\/\/bice.org\/fr\/wp-json\/wp\/v2\/pages\/60769\/revisions"}],"predecessor-version":[{"id":313779,"href":"https:\/\/bice.org\/fr\/wp-json\/wp\/v2\/pages\/60769\/revisions\/313779"}],"up":[{"embeddable":true,"href":"https:\/\/bice.org\/fr\/wp-json\/wp\/v2\/pages\/22617"}],"wp:featuredmedia":[{"embeddable":true,"href":"https:\/\/bice.org\/fr\/wp-json\/wp\/v2\/media\/60777"}],"wp:attachment":[{"href":"https:\/\/bice.org\/fr\/wp-json\/wp\/v2\/media?parent=60769"}],"curies":[{"name":"wp","href":"https:\/\/api.w.org\/{rel}","templated":true}]}}