{"id":60825,"date":"2021-08-26T11:20:05","date_gmt":"2021-08-26T09:20:05","guid":{"rendered":"https:\/\/bice.org\/?page_id=60825"},"modified":"2024-07-24T16:03:23","modified_gmt":"2024-07-24T14:03:23","slug":"representation-du-bice-dans-les-institutions-internationales","status":"publish","type":"page","link":"https:\/\/bice.org\/fr\/droits-de-lenfant\/representation-du-bice-dans-les-institutions-internationales\/","title":{"rendered":"Repr\u00e9sentation du BICE dans les institutions internationales et r\u00e9seaux d&#8217;ONG"},"content":{"rendered":"\n<h2 class=\"wp-block-heading\">Repr\u00e9sentations permanentes internationales et r\u00e9gionales<\/h2>\n\n\n\n<h3 class=\"wp-block-heading\"><a href=\"http:\/\/www.ohchr.org\/\" target=\"_blank\" rel=\"noreferrer noopener\">Nations Unies (Gen\u00e8ve, Suisse)<\/a><\/h3>\n\n\n\n<p>Le BICE est en particulier actif aupr\u00e8s du :<\/p>\n\n\n\n<h4 class=\"wp-block-heading\">Comit\u00e9 des droits de l\u2019enfant<\/h4>\n\n\n\n<p>Nous y intervenons lors de :<\/p>\n\n\n\n<ul class=\"wp-block-list\">\n<li>Pr\u00e9-session en pr\u00e9lude \u00e0 l\u2019examen lui-m\u00eame,<\/li>\n\n\n\n<li>L\u2019examen p\u00e9riodique des rapports \u00e9tatiques sur la situation des droits de l\u2019enfant,<\/li>\n\n\n\n<li>La r\u00e9daction des observations g\u00e9n\u00e9rales qui constituent des commentaires des principaux articles de la Convention,<\/li>\n\n\n\n<li>La journ\u00e9e de discussion g\u00e9n\u00e9rale qui aborde des th\u00e8mes d\u2019actualit\u00e9 relatifs \u00e0 l\u2019enfance,<\/li>\n\n\n\n<li>Autres \u00e9changes et interactions avec le Comit\u00e9, son secr\u00e9tariat et des experts.<\/li>\n<\/ul>\n\n\n\n<p><a href=\"https:\/\/bice.org\/fr\/droits-de-lenfant\/comite-des-droits-de-l-enfant\/\">En savoir plus sur nos actions au Comit\u00e9 des droits de l\u2019enfant.<\/a><\/p>\n\n\n\n<h4 class=\"wp-block-heading\">Conseil des droits de l\u2019homme<\/h4>\n\n\n\n<p>Nous intervenons au niveau :<\/p>\n\n\n\n<ul class=\"wp-block-list\">\n<li>Des proc\u00e9dures sp\u00e9ciales (Rapporteurs sp\u00e9ciaux sur la vente d\u2019enfants, la traite, la violence \u00e0 l\u2019\u00e9gard des enfants, le droit \u00e0 l\u2019\u00e9ducation, violence \u00e0 l\u2019\u00e9gard des femmes, le droit des handicap\u00e9s ainsi que le renouvellement des mandats, etc.),<\/li>\n\n\n\n<li>Du m\u00e9canisme de l\u2019examen p\u00e9riodique universel et les discussions sur l\u2019am\u00e9lioration du m\u00e9canisme,<\/li>\n\n\n\n<li>De divers dialogues interactifs, y compris avec la Repr\u00e9sentante sp\u00e9ciale du secr\u00e9taire g\u00e9n\u00e9ral des Nations Unies sur la violence \u00e0 l\u2019\u00e9gard des enfants<\/li>\n<\/ul>\n\n\n\n<p><a href=\"https:\/\/bice.org\/fr\/droits-de-lenfant\/conseil-des-droits-de-l-homme\/\">En savoir plus sur nos actions au Conseil des droits de l\u2019homme.<\/a><\/p>\n\n\n\n<h3 class=\"wp-block-heading\"><a href=\"http:\/\/fr.unesco.org\/\" target=\"_blank\" rel=\"noreferrer noopener\">UNESCO (Paris, France)<\/a><\/h3>\n\n\n\n<p>Avec les autres ONG repr\u00e9sent\u00e9es aupr\u00e8s de l\u2019organisation, et sous l\u2019\u00e9gide du Comit\u00e9 de liaison ONG-UNESCO, le BICE coop\u00e8re avec l\u2019UNESCO dans les domaines de comp\u00e9tence qui leur sont communs, en particulier le d\u00e9veloppement humain et la protection des droits de l\u2019enfant.<\/p>\n\n\n\n<p>Il est consult\u00e9 dans l\u2019\u00e9laboration des programmes de l\u2019UNESCO, qui peut participer au financement de certains projets. Il contribue en outre \u00e0 l\u2019organisation de forums internationaux, et de c\u00e9l\u00e9brations dans le cadre de journ\u00e9es internationales de l\u2019ONU (droits de l\u2019homme, des migrants, de l\u2019alphab\u00e9tisation etc.)<\/p>\n\n\n\n<h3 class=\"wp-block-heading\"><a href=\"https:\/\/www.coe.int\/fr\/\" target=\"_blank\" rel=\"noreferrer noopener\">Conseil de l\u2019Europe (Strasbourg, France)<\/a><\/h3>\n\n\n\n<p>Le BICE participe aux travaux des Organisations Internationales Non Gouvernementales ayant un statut participatif au Conseil de l\u2019Europe. Il regroupe 47 pays et constitue la r\u00e9f\u00e9rence continentale en mati\u00e8re des droits de l\u2019homme. Nous sommes notamment actifs au sein du regroupement ONG sur les droits de l\u2019homme.<\/p>\n\n\n\n<h3 class=\"wp-block-heading\"><a href=\"https:\/\/achpr.au.int\/fr\" target=\"_blank\" rel=\"noreferrer noopener\">Commission africaine des droits de l&#8217;Homme et des peuples (Banjul, Gambie)<\/a><\/h3>\n\n\n\n<p>Ses trois principales missions sont : la protection des droits de l&#8217;homme et des peuples, leur promotion, l&#8217;interpr\u00e9tation de la Charte africaine des droits de l&#8217;homme et des peuples.<\/p>\n\n\n\n<h3 class=\"wp-block-heading\"><a href=\"http:\/\/www.francophonie.org\/\" target=\"_blank\" rel=\"noreferrer noopener\">Organisation internationale de la Francophonie (Paris, France)<\/a><\/h3>\n\n\n\n<p>L\u2019OIF a pour but de promouvoir la paix, la d\u00e9mocratie et les droits de l\u2019homme parmi ses Etats membres. Depuis 2011, le BICE a un statut consultatif et apporte \u00e0 diff\u00e9rents r\u00e9seaux francophones (droits de l\u2019enfant, media\u2026) Son expertise dans le domaine de la promotion et de la protection des droits de l\u2019enfant et leur application dans les pays francophones.<\/p>\n\n\n\n<h2 class=\"wp-block-heading\">R\u00e9seaux d\u2019ONG internationales<\/h2>\n\n\n\n<h3 class=\"wp-block-heading\"><a href=\"http:\/\/www.childrightsconnect.org\/\" target=\"_blank\" rel=\"noreferrer noopener\">Child Rights Connect (anciennement Groupe des ONG pour le suivi de la Convention des Nations Unies relative aux Droits de l\u2019Enfant) (Gen\u00e8ve, Suisse)<\/a><\/h3>\n\n\n\n<p>Membre fondateur du groupe, nous participons \u00e0 quatre de ses groupes de travail sur :<\/p>\n\n\n\n<ul class=\"wp-block-list\">\n<li>les enfants de parents incarc\u00e9r\u00e9s,<\/li>\n\n\n\n<li>la violence \u00e0 l\u2019\u00e9gard des enfants<\/li>\n\n\n\n<li>le Conseil des droits de l\u2019homme<\/li>\n\n\n\n<li>la participation des enfants<\/li>\n<\/ul>\n\n\n\n<h3 class=\"wp-block-heading\"><a href=\"https:\/\/www.ohchr.org\/fr\/treaty-bodies\/crc\/united-nations-global-study-children-deprived-liberty\" target=\"_blank\" rel=\"noreferrer noopener\">Noyau des ONG pour le suivi de l\u2019\u00c9tude mondiale de l\u2019ONU sur la privation de libert\u00e9 des enfants (Gen\u00e8ve, Suisse)<\/a><\/h3>\n\n\n\n<h3 class=\"wp-block-heading\">Conf\u00e9rence internationale des ONG en partenariat officiel avec UNESCO (Paris, France)<\/h3>\n\n\n\n<h3 class=\"wp-block-heading\"><a href=\"https:\/\/www.delaconventionauxactes.org\/#:~:text=La%20Dynamique%20pour%20les%20Droits,France%20et%20%C3%A0%20l'international.\" target=\"_blank\" rel=\"noreferrer noopener\">Dynamique pour les Droits des Enfants (Paris, France)<\/a><\/h3>\n\n\n\n<h3 class=\"wp-block-heading\">Forum des ONG internationales d\u2019inspiration catholique (Rome, Italie, Gen\u00e8ve, Suisse et Strasbourg, France)<\/h3>\n\n\n\n<p>Le Forum a pour but d\u2019am\u00e9liorer l\u2019impact des ONGIC au sein des Nations unies et d\u2019autres structures intergouvernementales et de renforcer la collaboration entre elles et avec le Saint-Si\u00e8ge. A Gen\u00e8ve, le BICE coordonne les activit\u00e9s du Forum avec Caritas Internationalis.<\/p>\n\n\n\n<h2 class=\"wp-block-heading\">Repr\u00e9sentation permanente nationale<\/h2>\n\n\n\n<h3 class=\"wp-block-heading\"><a href=\"https:\/\/www.cofrade.org\/\" target=\"_blank\" rel=\"noreferrer noopener\">COFRADE, Conseil Fran\u00e7ais des Associations pour les Droits de l\u2019Enfant (Paris, France)<\/a><\/h3>\n\n\n\n<p>Le COFRADE, cr\u00e9\u00e9 \u00e0 l\u2019initiative du BICE et de l\u2019UNICEF en 1992, a pour objectif de promouvoir et de faire appliquer en France, par le dialogue avec les pouvoirs publics, la Convention relative aux Droits de l\u2019Enfant.<\/p>\n","protected":false},"excerpt":{"rendered":"<p>En tant qu\u2019expert sur les questions relatives aux droits de l\u2019enfant, le BICE intervient dans diff\u00e9rentes institutions internationales. Etre pr\u00e9sent aupr\u00e8s de ces instances nous permet de mieux porter la voix des enfants dans les organes-cl\u00e9s qui peuvent influer sur le cours des lois et des politiques publiques. Le BICE est \u00e9galement membre de r\u00e9seaux d&#8217;ONG internationales pour \u0153uvrer de concert \u00e0 la d\u00e9fense des droits de l&#8217;enfant.<\/p>\n","protected":false},"author":19,"featured_media":51458,"parent":22617,"menu_order":4,"comment_status":"closed","ping_status":"closed","template":"","meta":{"_acf_changed":false,"footnotes":""},"class_list":["post-60825","page","type-page","status-publish","has-post-thumbnail","hentry"],"acf":[],"yoast_head":"<!-- This site is optimized with the Yoast SEO plugin v27.2 - https:\/\/yoast.com\/product\/yoast-seo-wordpress\/ -->\n<title>Le BICE dans les institutions internationales<\/title>\n<meta name=\"description\" content=\"En tant qu\u2019expert des droits de l\u2019enfant, le BICE intervient dans des institutions internationales pour mieux porter la voix des enfants.\" \/>\n<meta name=\"robots\" content=\"index, follow, max-snippet:-1, max-image-preview:large, max-video-preview:-1\" \/>\n<link rel=\"canonical\" href=\"https:\/\/bice.org\/fr\/wp-json\/wp\/v2\/pages\/60825\" \/>\n<meta property=\"og:locale\" content=\"fr_FR\" \/>\n<meta property=\"og:type\" content=\"article\" \/>\n<meta property=\"og:title\" content=\"Le BICE dans les institutions internationales\" \/>\n<meta property=\"og:description\" content=\"En tant qu\u2019expert des droits de l\u2019enfant, le BICE intervient dans des institutions internationales pour mieux porter la voix des enfants.\" \/>\n<meta property=\"og:url\" content=\"https:\/\/bice.org\/fr\/droits-de-lenfant\/representation-du-bice-dans-les-institutions-internationales\/\" \/>\n<meta property=\"og:site_name\" content=\"BICE - ONG de protection des droits de l&#039;enfant\" \/>\n<meta property=\"article:modified_time\" content=\"2024-07-24T14:03:23+00:00\" \/>\n<meta property=\"og:image\" content=\"https:\/\/i0.wp.com\/bice.org\/app\/uploads\/2020\/10\/HRC45.2-e1721829781589.jpg?fit=856%2C435&ssl=1\" \/>\n\t<meta property=\"og:image:width\" content=\"856\" \/>\n\t<meta property=\"og:image:height\" content=\"435\" \/>\n\t<meta property=\"og:image:type\" content=\"image\/jpeg\" \/>\n<meta name=\"twitter:card\" content=\"summary_large_image\" \/>\n<meta name=\"twitter:label1\" content=\"Dur\u00e9e de lecture estim\u00e9e\" \/>\n\t<meta name=\"twitter:data1\" content=\"4 minutes\" \/>\n<!-- \/ Yoast SEO plugin. -->","yoast_head_json":{"title":"Le BICE dans les institutions internationales","description":"En tant qu\u2019expert des droits de l\u2019enfant, le BICE intervient dans des institutions internationales pour mieux porter la voix des enfants.","robots":{"index":"index","follow":"follow","max-snippet":"max-snippet:-1","max-image-preview":"max-image-preview:large","max-video-preview":"max-video-preview:-1"},"canonical":"https:\/\/bice.org\/fr\/wp-json\/wp\/v2\/pages\/60825","og_locale":"fr_FR","og_type":"article","og_title":"Le BICE dans les institutions internationales","og_description":"En tant qu\u2019expert des droits de l\u2019enfant, le BICE intervient dans des institutions internationales pour mieux porter la voix des enfants.","og_url":"https:\/\/bice.org\/fr\/droits-de-lenfant\/representation-du-bice-dans-les-institutions-internationales\/","og_site_name":"BICE - ONG de protection des droits de l&#039;enfant","article_modified_time":"2024-07-24T14:03:23+00:00","og_image":[{"width":856,"height":435,"url":"https:\/\/i0.wp.com\/bice.org\/app\/uploads\/2020\/10\/HRC45.2-e1721829781589.jpg?fit=856%2C435&ssl=1","type":"image\/jpeg"}],"twitter_card":"summary_large_image","twitter_misc":{"Dur\u00e9e de lecture estim\u00e9e":"4 minutes"},"schema":{"@context":"https:\/\/schema.org","@graph":[{"@type":"WebPage","@id":"https:\/\/bice.org\/fr\/droits-de-lenfant\/representation-du-bice-dans-les-institutions-internationales\/","url":"https:\/\/bice.org\/fr\/droits-de-lenfant\/representation-du-bice-dans-les-institutions-internationales\/","name":"Le BICE dans les institutions internationales","isPartOf":{"@id":"https:\/\/bice.org\/fr\/#website"},"primaryImageOfPage":{"@id":"https:\/\/bice.org\/fr\/droits-de-lenfant\/representation-du-bice-dans-les-institutions-internationales\/#primaryimage"},"image":{"@id":"https:\/\/bice.org\/fr\/droits-de-lenfant\/representation-du-bice-dans-les-institutions-internationales\/#primaryimage"},"thumbnailUrl":"https:\/\/i0.wp.com\/bice.org\/app\/uploads\/2020\/10\/HRC45.2-e1721829781589.jpg?fit=856%2C435&ssl=1","datePublished":"2021-08-26T09:20:05+00:00","dateModified":"2024-07-24T14:03:23+00:00","description":"En tant qu\u2019expert des droits de l\u2019enfant, le BICE intervient dans des institutions internationales pour mieux porter la voix des enfants.","breadcrumb":{"@id":"https:\/\/bice.org\/fr\/droits-de-lenfant\/representation-du-bice-dans-les-institutions-internationales\/#breadcrumb"},"inLanguage":"fr-FR","potentialAction":[{"@type":"ReadAction","target":["https:\/\/bice.org\/fr\/droits-de-lenfant\/representation-du-bice-dans-les-institutions-internationales\/"]}]},{"@type":"ImageObject","inLanguage":"fr-FR","@id":"https:\/\/bice.org\/fr\/droits-de-lenfant\/representation-du-bice-dans-les-institutions-internationales\/#primaryimage","url":"https:\/\/i0.wp.com\/bice.org\/app\/uploads\/2020\/10\/HRC45.2-e1721829781589.jpg?fit=856%2C435&ssl=1","contentUrl":"https:\/\/i0.wp.com\/bice.org\/app\/uploads\/2020\/10\/HRC45.2-e1721829781589.jpg?fit=856%2C435&ssl=1","width":856,"height":435,"caption":"Plaidoyer engagements volontaires ONU"},{"@type":"BreadcrumbList","@id":"https:\/\/bice.org\/fr\/droits-de-lenfant\/representation-du-bice-dans-les-institutions-internationales\/#breadcrumb","itemListElement":[{"@type":"ListItem","position":1,"name":"Accueil","item":"https:\/\/bice.org\/fr\/"},{"@type":"ListItem","position":2,"name":"Droits de l&#8217;enfant","item":"https:\/\/bice.org\/fr\/droits-de-lenfant\/"},{"@type":"ListItem","position":3,"name":"Repr\u00e9sentation du BICE dans les institutions internationales et r\u00e9seaux d&#8217;ONG"}]},{"@type":"WebSite","@id":"https:\/\/bice.org\/fr\/#website","url":"https:\/\/bice.org\/fr\/","name":"BICE - ONG de protection des droits de l&#039;enfant","description":"Notre mission : D\u00e9fendre les droits et la dignit\u00e9 des enfants partout dans le monde","publisher":{"@id":"https:\/\/bice.org\/fr\/#organization"},"potentialAction":[{"@type":"SearchAction","target":{"@type":"EntryPoint","urlTemplate":"https:\/\/bice.org\/fr\/?s={search_term_string}"},"query-input":{"@type":"PropertyValueSpecification","valueRequired":true,"valueName":"search_term_string"}}],"inLanguage":"fr-FR"},{"@type":"Organization","@id":"https:\/\/bice.org\/fr\/#organization","name":"BICE","url":"https:\/\/bice.org\/fr\/","logo":{"@type":"ImageObject","inLanguage":"fr-FR","@id":"https:\/\/bice.org\/fr\/#\/schema\/logo\/image\/","url":"https:\/\/bice.org\/app\/uploads\/2022\/06\/favicon.ico","contentUrl":"https:\/\/bice.org\/app\/uploads\/2022\/06\/favicon.ico","width":64,"height":64,"caption":"BICE"},"image":{"@id":"https:\/\/bice.org\/fr\/#\/schema\/logo\/image\/"}}]}},"jetpack_sharing_enabled":true,"_links":{"self":[{"href":"https:\/\/bice.org\/fr\/wp-json\/wp\/v2\/pages\/60825","targetHints":{"allow":["GET"]}}],"collection":[{"href":"https:\/\/bice.org\/fr\/wp-json\/wp\/v2\/pages"}],"about":[{"href":"https:\/\/bice.org\/fr\/wp-json\/wp\/v2\/types\/page"}],"author":[{"embeddable":true,"href":"https:\/\/bice.org\/fr\/wp-json\/wp\/v2\/users\/19"}],"replies":[{"embeddable":true,"href":"https:\/\/bice.org\/fr\/wp-json\/wp\/v2\/comments?post=60825"}],"version-history":[{"count":0,"href":"https:\/\/bice.org\/fr\/wp-json\/wp\/v2\/pages\/60825\/revisions"}],"up":[{"embeddable":true,"href":"https:\/\/bice.org\/fr\/wp-json\/wp\/v2\/pages\/22617"}],"wp:featuredmedia":[{"embeddable":true,"href":"https:\/\/bice.org\/fr\/wp-json\/wp\/v2\/media\/51458"}],"wp:attachment":[{"href":"https:\/\/bice.org\/fr\/wp-json\/wp\/v2\/media?parent=60825"}],"curies":[{"name":"wp","href":"https:\/\/api.w.org\/{rel}","templated":true}]}}