{"id":61023,"date":"2021-09-01T11:11:47","date_gmt":"2021-09-01T09:11:47","guid":{"rendered":"https:\/\/bice.org\/?page_id=61023"},"modified":"2024-05-15T12:15:42","modified_gmt":"2024-05-15T10:15:42","slug":"quest-ce-que-la-resilience","status":"publish","type":"page","link":"https:\/\/bice.org\/fr\/la-resilience-au-coeur-de-notre-action\/quest-ce-que-la-resilience\/","title":{"rendered":"Qu\u2019est-ce que la r\u00e9silience ?"},"content":{"rendered":"\n<h2 class=\"wp-block-heading\">Qu&#8217;est-ce qu&#8217;une personne r\u00e9siliente ? <\/h2>\n\n\n\n<div class=\"wp-block-columns is-layout-flex wp-container-core-columns-is-layout-9d6595d7 wp-block-columns-is-layout-flex\">\n<div class=\"wp-block-column is-layout-flow wp-block-column-is-layout-flow\">\n<p>Une personne r\u00e9siliente a la capacit\u00e9 d\u2019affronter et de surmonter des situations difficiles ou traumatiques. Elle peut parfois m\u00eame sortir de ces \u00e9preuves en \u00e9tant renforc\u00e9e. Chez un enfant, nous parlons de r\u00e9silience quand celui-ci a la capacit\u00e9 de s&#8217;adapter et de se d\u00e9velopper de mani\u00e8re \u00e9quilibr\u00e9e en d\u00e9pit de son exposition \u00e0 des situations de stress.<\/p>\n\n\n\n<h2 class=\"wp-block-heading\">Comment d\u00e9finir plus pr\u00e9cis\u00e9ment ce qu\u2019est la r\u00e9silience&nbsp;?<\/h2>\n\n\n\n<h3 class=\"wp-block-heading\">La r\u00e9silience induit un changement de regard<\/h3>\n\n\n\n<p>La r\u00e9silience est un processus qui implique qu\u2019une personne confront\u00e9e \u00e0 l\u2019adversit\u00e9&nbsp;<strong>d\u00e9veloppe une nouvelle interpr\u00e9tation<\/strong>&nbsp;de ce qu\u2019elle vit ou a v\u00e9cu. Un changement de regard qui ouvre la porte \u00e0 de nouvelles id\u00e9es et strat\u00e9gies d\u2019action (Stefan Vanistendael, sociologue et ancien responsable de l\u2019Unit\u00e9 Recherche et D\u00e9veloppement du BICE).<\/p>\n\n\n\n<p>Ainsi, tout en reconnaissant les probl\u00e8mes, la personne r\u00e9siliente cherche au-del\u00e0 de la simple r\u00e9paration, les ressources positives, m\u00eame modestes, qui l\u2019aideront \u00e0&nbsp;<strong>reconstruire sa vie<\/strong>.<\/p>\n<\/div>\n\n\n\n<div class=\"wp-block-column is-layout-flow wp-block-column-is-layout-flow\"><div class=\"bice-encadres \" style=\"background-color: #d7e2eb\">\n\n  <div class=\"bice-encadres-text\">\n\n    <h2>Comment \u00eatre plus r\u00e9silient ?<\/h2>\n\n    <p>Pour activer le processus de r\u00e9silience, l\u2019\u00eatre humain peut avoir besoin d\u2019une tierce personne qui l\u2019aide \u00e0 prendre conscience de ses ressources internes et externes. Des ressources essentielles pour faire face aux d\u00e9fis que la vie lui soumet. Ces personnes peuvent \u00eatre appel\u00e9e <a href=\"https:\/\/bice.org\/fr\/la-resilience-au-coeur-de-notre-action\/les-tuteurs-de-resilience\/\">tuteurs de r\u00e9silience<\/a>.<\/p>\n<p>Les tuteurs peuvent l\u2019\u00eatre sans en avoir r\u00e9ellement conscience. Ils font, dans ce cas-l\u00e0, en g\u00e9n\u00e9ral partie de l\u2019entourage (ami, famille\u2026). Les tuteurs peuvent aussi \u00eatre des professionnels form\u00e9s pour accompagner les personnes qui en ressentent le besoin dans ce processus de r\u00e9silience. Cela peut-\u00eatre par exemple des \u00e9ducateurs, des enseignants, des travailleurs sociaux, des psychologues.<\/p>\n\n\n  <\/div>\n\n  \n<\/div>\n<\/div>\n<\/div>\n\n\n\n<h3 class=\"wp-block-heading\">La r\u00e9silience est un processus de reconstruction&nbsp;&nbsp;&nbsp;<strong>&nbsp;&nbsp;&nbsp;&nbsp;&nbsp;&nbsp;&nbsp;&nbsp;&nbsp;<\/strong><\/h3>\n\n\n\n<p>Dans une perspective socio-\u00e9ducative et psychosociale,<strong>&nbsp;la r\u00e9silience peut \u00eatre d\u00e9finie comme un processus de reconstruction qui s\u2019appuie sur des facteurs personnels, internes, et des facteurs externes, li\u00e9s \u00e0 l\u2019environnement<\/strong>&nbsp;dans lequel vit la personne concern\u00e9e (Jos\u00e9 Mar\u00eda Madariaga, 2014). Ce n\u2019est pas une variable fixe ou lin\u00e9aire, ni une formule math\u00e9matique, d\u2019o\u00f9 sa complexit\u00e9. Elle se r\u00e9v\u00e8le en effet comme quelque chose de bien plus profond que la simple capacit\u00e9 de r\u00e9sistance \u00e0 laquelle elle est parfois associ\u00e9e.<\/p>\n\n\n\n<h2 class=\"wp-block-heading\">La r\u00e9silience : une association de quatre \u00e9l\u00e9ments fondamentaux<\/h2>\n\n\n\n<p>Ainsi quatre \u00e9l\u00e9ments fondamentaux forment la r\u00e9silience.<\/p>\n\n\n\n<ul class=\"wp-block-list\">\n<li>En premier lieu, la r\u00e9silience est une&nbsp;<strong>capacit\u00e9 de la personne&nbsp;<\/strong>et\/ou de la communaut\u00e9, ce qui signifie qu\u2019il est&nbsp;<strong>toujours possible de la renforce<\/strong>r. Certains la d\u00e9veloppent plus facilement que d\u2019autres, en fonction des ressources individuelles et du contexte du moment. (Jacques Lecomte, 2005 ; Suniya S. Luthar &amp; Gretta Cushing, 1999 ; A.S. Masten &amp; J.L. Powell, 2003).<\/li>\n\n\n\n<li>Le deuxi\u00e8me pilier est li\u00e9 \u00e0 l\u2019<strong>adaptation<\/strong>. La r\u00e9silience implique un processus d\u2019adaptation&nbsp;; au cours duquel le sujet panse ses blessures, se reconstruit.&nbsp;<strong>Certaines personnes peuvent \u00eatre r\u00e9silientes en un an, d\u2019autres en dix<\/strong>. C\u2019est un processus subjectif, il ne faut donc pas mettre de dates ou de limites de temps. G\u00e9n\u00e9ralement, la personne prend conscience d\u2019avoir v\u00e9cu un processus de r\u00e9silience des ann\u00e9es apr\u00e8s les \u00e9v\u00e9nements.<\/li>\n\n\n\n<li>Le&nbsp;<strong>processus de r\u00e9silience se traduit par une adaptation positive<\/strong>, c\u2019est le troisi\u00e8me point. Il s\u2019agit d\u2019une adaptation positive car elle apporte une \u00e9volution et de nouveaux d\u00e9fis que la personne n\u2019avait peut-\u00eatre jamais envisag\u00e9s auparavant.&nbsp;<strong>C\u2019est une reprojection dans l\u2019avenir et non un recommencement \u00e0 z\u00e9ro<\/strong>. Ce n\u2019est donc pas un retour \u00e0 l\u2019\u00e9tat ant\u00e9rieur aux blessures.&nbsp;<strong>Il s\u2019agit de donner un sens aux blessures<\/strong>.<\/li>\n\n\n\n<li>Le dernier point est li\u00e9 au <strong>r\u00f4le des ressources internes et externes de chacun<\/strong> dans le processus de r\u00e9silience. Pour chaque personne, ces facteurs de r\u00e9silience peuvent \u00eatre identifi\u00e9s. \u00c0 noter qu\u2019ils peuvent aussi \u00e9voluer dans le temps, selon la situation. Parmi les \u00e9l\u00e9ments qui contribuent \u00e0 la r\u00e9silience, il peut y avoir <strong>le sentiment d\u2019\u00eatre fondamentalement accept\u00e9 par une autre personne<\/strong> (famille, ami\u2026) \u2013 sans que cela implique n\u00e9cessairement approbation de tous les comportements -, <strong>la capacit\u00e9 de trouver un sens \u00e0 sa vie, l\u2019estime de soi ou encore un sens de l\u2019humour constructif<\/strong>. Ainsi pour accompagner une personne vivant dans une situation difficile, il est essentiel d\u2019aller au-del\u00e0 de sa vuln\u00e9rabilit\u00e9. Il est primordial de prendre en compte le r\u00f4le des diff\u00e9rents facteurs. Car s\u2019il y a des facteurs internes et externes de r\u00e9silience, il existe aussi des facteurs internes et externes de non-r\u00e9silience.<\/li>\n<\/ul>\n\n\n\n<h2 class=\"wp-block-heading\">Une citatrice toujours pr\u00e9sente, mais moins profonde<\/h2>\n\n\n\n<p><strong>En r\u00e9sum\u00e9, nous pouvons dire que la r\u00e9silience est la capacit\u00e9 d\u2019un \u00eatre humain ou d\u2019une communaut\u00e9 \u00e0 faire face \u00e0 des exp\u00e9riences difficiles et \u00e0 en sortir renforc\u00e9<\/strong>. Et ce, gr\u00e2ce \u00e0 un processus li\u00e9 \u00e0 des&nbsp;<a href=\"https:\/\/bice.org\/fr\/la-resilience-au-coeur-de-notre-action\/les-facteurs-de-resilience-et-de-non-resilience\/\">facteurs internes et externes<\/a>&nbsp;qui am\u00e8ne l\u2019\u00eatre humain ou la communaut\u00e9 \u00e0 s\u2019adapter positivement \u00e0 la nouvelle r\u00e9alit\u00e9, \u00e0 grandir. Ainsi, la cicatrice est toujours pr\u00e9sente&nbsp;; elle fait partie de cette nouvelle vie, mais avec un autre niveau de profondeur (S. Vanistendael, 2005).<\/p>\n\n\n\n<p>Pour finir, pr\u00e9cisons que le processus de r\u00e9silience ne s\u2019observe pas en tant que tel. Ce sont ses cons\u00e9quences qui peuvent \u00eatre constat\u00e9es&nbsp;: <strong>des parcours de vie qui surprennent<\/strong>. C\u2019est \u00e0 dire des personnes dont la vie a \u00e9t\u00e9 tr\u00e8s difficile et qui malgr\u00e9 cela restent positives, souriantes, engag\u00e9es, sans pr\u00e9tention.&nbsp;<\/p>\n\n\n\n<p>Ainsi, la r\u00e9silience reste difficile \u00e0 \u00e9tudier. Cette complexit\u00e9 est un d\u00e9fi auquel tous les chercheurs sont confront\u00e9s. Mais cela a aussi permis d\u2019enrichir le d\u00e9bat et de conduire ce concept vers de nouvelles fronti\u00e8res (B. Cyrulnik, 2014 ; Gran\u00e9 &amp; For\u00e9s, 2019 ; G. Puig &amp; J.L. Rubio, 2011 ; M. Ungar, 2018 ; S. Vanistendael, 2014). <strong>Aujourd\u2019hui, on parle en effet de r\u00e9silience dans les sciences humaines et sociales, mais aussi en \u00e9conomie, urbanisme, biologie, etc<\/strong>.<\/p>\n\n\n\n<div class=\"wp-block-buttons is-content-justification-center is-layout-flex wp-container-core-buttons-is-layout-16018d1d wp-block-buttons-is-layout-flex\">\n<div class=\"wp-block-button is-style-outline is-style-outline--1\"><a class=\"wp-block-button__link wp-element-button\" href=\"https:\/\/bice.org\/fr\/la-resilience-au-coeur-de-notre-action\/\">La r\u00e9silience au c\u0153ur des actions du BICE<\/a><\/div>\n<\/div>\n\n\n<div class=\"bice-encadres \" style=\"background-color: #d7e2eb\">\n\n  <div class=\"bice-encadres-text\">\n\n    <h2>Quelques d\u00e9finitions de la r\u00e9silience <\/h2>\n\n    <p>La r\u00e9silience est ancr\u00e9e dans la vie quotidienne, c&#8217;est pourquoi la litt\u00e9rature nous en propose diff\u00e9rentes d\u00e9finitions. En voici quelques-unes :<\/p>\n<p>\u00ab <em>La r\u00e9silience est la capacit\u00e9 d&#8217;un individu ou d&#8217;un groupe \u00e0 surmonter de grandes difficult\u00e9s et \u00e0 s&#8217;\u00e9panouir en pr\u00e9sence de grands risques. Il peut s&#8217;agir d&#8217;un traumatisme, de l&#8217;extr\u00eame pauvret\u00e9, d&#8217;une maladie grave, d&#8217;un deuil ou d&#8217;autres probl\u00e8mes. Le journal d&#8217;Anne Frank ou la vie de Nelson Mandela en sont des exemples c\u00e9l\u00e8bres.<\/em>\u00a0\u00bb Stefan Vanistendael, sociologue et responsable de l&#8217;unit\u00e9 Recherche et D\u00e9veloppement du BICE de 1979 \u00e0 2016.<\/p>\n<p>\u00ab <em>La r\u00e9silience est cette vertu de g\u00e9n\u00e9rer des espaces de possibilit\u00e9s qui nous permettent d&#8217;atteindre l&#8217;excellence humaine, le plus haut potentiel humain pour vivre une vie meilleure.<\/em>\u00a0\u00bb (Anna For\u00e9s et Jordi Gran\u00e9, 2019). Dans cette perspective, tous les \u00eatres humains et toutes les communaut\u00e9s sont invit\u00e9s \u00e0 l&#8217;exercice de la r\u00e9silience, en s&#8217;adaptant constamment.<\/p>\n<p>\u00ab <em>La r\u00e9silience est la capacit\u00e9 d&#8217;un syst\u00e8me \u00e0 s&#8217;adapter, avec succ\u00e8s, face aux menaces et aux risques qui mettent en danger sa fonction, son d\u00e9veloppement ou sa viabilit\u00e9\u2026 Le concept peut \u00eatre appliqu\u00e9 \u00e0 divers types de syst\u00e8mes, avec diff\u00e9rents niveaux d&#8217;interaction : un micro-organisme, un enfant, une famille, un syst\u00e8me de s\u00e9curit\u00e9, un syst\u00e8me \u00e9conomique ou le changement climatique.<\/em>\u00a0\u00bb Anna S. Masten (2014) montre \u00e9galement la n\u00e9cessit\u00e9 d&#8217;une approche multidisciplinaire avec une approche holistique, globale.<\/p>\n<p>\u00ab <em>La r\u00e9silience est la capacit\u00e9 \u00e0 rebondir face \u00e0 l&#8217;adversit\u00e9, \u00e0 s&#8217;adapter, \u00e0 se r\u00e9tablir et \u00e0 retrouver l&#8217;acc\u00e8s \u00e0 une vie pleine de sens et productive<\/em>.\u00a0\u00bb Jorge Rodr\u00edguez, M\u00f4nica Zaccarelli &amp; Davoli Ricardo P\u00e9rez(2006) mettent ici l&#8217;accent sur le fait de donner un sens aux \u00e9v\u00e9nements.<\/p>\n<p>\u00ab <em>La r\u00e9silience humaine est d\u00e9finie comme la capacit\u00e9 d&#8217;un biosyst\u00e8me (personne, famille ou communaut\u00e9) \u00e0 s&#8217;orienter vers certaines ressources susceptibles de maintenir son fonctionnement positif dans des situations de stress. Cette fa\u00e7on de g\u00e9rer lui permet d\u2019obtenir les ressources qui lui permettent de donner un sens \u00e0 l&#8217;exp\u00e9rience v\u00e9cue.<\/em>\u00a0\u00bb Michael Ungar (2011), comprend des \u00e9l\u00e9ments au-del\u00e0 de la personne.<\/p>\n<p>\u00ab <em>Ressources des groupes humains ou des soci\u00e9t\u00e9s pour faire face aux adversit\u00e9s et rechercher ensemble la r\u00e9alisation de leur bien-\u00eatre<\/em>.\u00a0\u00bb Suarez Ojeda, en relation avec la r\u00e9silience de la communaut\u00e9.<\/p>\n\n\n  <\/div>\n\n  \n<\/div>\n\n\n\n<div style=\"height:84px\" aria-hidden=\"true\" class=\"wp-block-spacer\"><\/div>\n\n\n\n<h4 class=\"wp-block-heading\">Pour aller plus loin :<\/h4>\n\n\n\n<div class=\"wp-block-columns is-layout-flex wp-container-core-columns-is-layout-9d6595d7 wp-block-columns-is-layout-flex\">\n<div class=\"wp-block-column is-layout-flow wp-block-column-is-layout-flow\">\n<figure class=\"wp-block-embed is-type-wp-embed is-provider-bice-ong-de-protection-des-droits-de-l-039-enfant wp-block-embed-bice-ong-de-protection-des-droits-de-l-039-enfant\"><div class=\"wp-block-embed__wrapper\">\n<blockquote class=\"wp-embedded-content\" data-secret=\"dVVIRKTtvU\"><a href=\"https:\/\/bice.org\/fr\/la-resilience-au-coeur-de-notre-action\/images-de-resilience-et-de-non-resilience\/\">Images de r\u00e9silience et de non-r\u00e9silience<\/a><\/blockquote><iframe class=\"wp-embedded-content\" sandbox=\"allow-scripts\" security=\"restricted\" style=\"position: absolute; clip: rect(1px, 1px, 1px, 1px);\" title=\"\u00ab\u00a0Images de r\u00e9silience et de non-r\u00e9silience\u00a0\u00bb &#8212; BICE - ONG de protection des droits de l&#039;enfant\" src=\"https:\/\/bice.org\/fr\/la-resilience-au-coeur-de-notre-action\/images-de-resilience-et-de-non-resilience\/embed\/#?secret=r5F79Dm8SH#?secret=dVVIRKTtvU\" data-secret=\"dVVIRKTtvU\" width=\"500\" height=\"282\" frameborder=\"0\" marginwidth=\"0\" marginheight=\"0\" scrolling=\"no\"><\/iframe>\n<\/div><\/figure>\n<\/div>\n\n\n\n<div class=\"wp-block-column is-layout-flow wp-block-column-is-layout-flow\">\n<figure class=\"wp-block-embed is-type-wp-embed is-provider-bice-ong-de-protection-des-droits-de-l-039-enfant wp-block-embed-bice-ong-de-protection-des-droits-de-l-039-enfant\"><div class=\"wp-block-embed__wrapper\">\n<blockquote class=\"wp-embedded-content\" data-secret=\"9SpWJDEzty\"><a href=\"https:\/\/bice.org\/fr\/la-resilience-au-coeur-de-notre-action\/histoire-du-concept-de-resilience\/\">Histoire du concept de r\u00e9silience<\/a><\/blockquote><iframe class=\"wp-embedded-content\" sandbox=\"allow-scripts\" security=\"restricted\" style=\"position: absolute; clip: rect(1px, 1px, 1px, 1px);\" title=\"\u00ab\u00a0Histoire du concept de r\u00e9silience\u00a0\u00bb &#8212; BICE - ONG de protection des droits de l&#039;enfant\" src=\"https:\/\/bice.org\/fr\/la-resilience-au-coeur-de-notre-action\/histoire-du-concept-de-resilience\/embed\/#?secret=S6MehBKo5o#?secret=9SpWJDEzty\" data-secret=\"9SpWJDEzty\" width=\"500\" height=\"282\" frameborder=\"0\" marginwidth=\"0\" marginheight=\"0\" scrolling=\"no\"><\/iframe>\n<\/div><\/figure>\n<\/div>\n\n\n\n<div class=\"wp-block-column is-layout-flow wp-block-column-is-layout-flow\">\n<figure class=\"wp-block-embed is-type-wp-embed is-provider-bice-ong-de-protection-des-droits-de-l-039-enfant wp-block-embed-bice-ong-de-protection-des-droits-de-l-039-enfant\"><div class=\"wp-block-embed__wrapper\">\n<blockquote class=\"wp-embedded-content\" data-secret=\"86KtlqlQA4\"><a href=\"https:\/\/bice.org\/fr\/la-resilience-au-coeur-de-notre-action\/modeles-explicatifs-pour-la-promotion-de-la-resilience\/\">Mod\u00e8les explicatifs pour promouvoir la r\u00e9silience<\/a><\/blockquote><iframe class=\"wp-embedded-content\" sandbox=\"allow-scripts\" security=\"restricted\" style=\"position: absolute; clip: rect(1px, 1px, 1px, 1px);\" title=\"\u00ab\u00a0Mod\u00e8les explicatifs pour promouvoir la r\u00e9silience\u00a0\u00bb &#8212; BICE - ONG de protection des droits de l&#039;enfant\" src=\"https:\/\/bice.org\/fr\/la-resilience-au-coeur-de-notre-action\/modeles-explicatifs-pour-la-promotion-de-la-resilience\/embed\/#?secret=Et7Jgk97qd#?secret=86KtlqlQA4\" data-secret=\"86KtlqlQA4\" width=\"500\" height=\"282\" frameborder=\"0\" marginwidth=\"0\" marginheight=\"0\" scrolling=\"no\"><\/iframe>\n<\/div><\/figure>\n<\/div>\n<\/div>\n\n\n\n<div style=\"height:74px\" aria-hidden=\"true\" class=\"wp-block-spacer\"><\/div>\n\n\n\n<h2 class=\"wp-block-heading\">Bibliographie<\/h2>\n\n\n\n<p>Cyrulnik B. &amp; Jorland G. (2012). <em>La r\u00e9silience&nbsp;: connaissances de base.<\/em> Odile Jacob&nbsp;<\/p>\n\n\n\n<p>Cyrulnik B. (2014). La resiliencia en el siglo XXI. In J. Madariaga (Ed.), <em>Nuevas miradas sobre la resiliencia<\/em>. Gedisa.<\/p>\n\n\n\n<p>Gran\u00e9 J. &amp; For\u00e9s A. (2019). <em>Los patitos feos y los cisnes negros<\/em>. Plataforma Editorial.<\/p>\n\n\n\n<p>Lecomte J. (2005). Les caract\u00e9ristiques des tuteurs de r\u00e9silience. <em>Recherche en soins infirmiers<\/em>, N\u00b0 82(3), 22. <a href=\"https:\/\/doi.org\/10.3917\/rsi.082.0022\">https:\/\/doi.org\/10.3917\/rsi.082.0022<\/a><\/p>\n\n\n\n<p>Luthar S.S. &amp; Cushing, G. (1999). The construct of resilience: Implications for interventions and social policy. <em>Development and Psychopathology<\/em>, <em>26<\/em>(2), 353\u2013372.<\/p>\n\n\n\n<p>Masten A.S. &amp; Powell, J. L. (2003). A Resilience Framework for Research, Policy, and Practice. In S. S. Luthar (Ed.), <em>Resilience and Vulnerability<\/em> (pp. 1\u201326). Cambridge University Press. <a href=\"https:\/\/doi.org\/10.1017\/CBO9780511615788.003\">https:\/\/doi.org\/10.1017\/CBO9780511615788.003<\/a><\/p>\n\n\n\n<p>Masten A.S. (2014). Global Perspectives on Resilience in Children and Youth. <em>Child Development<\/em>, 85(1), 6\u201320. <a href=\"https:\/\/doi.org\/10.1111\/cdev.12205\">https:\/\/doi.org\/10.1111\/cdev.12205<\/a><\/p>\n\n\n\n<p>Puig G. &amp; Rubio J.L. (2011). <em>Manual de resiliencia aplicada<\/em>. Gedisa.<\/p>\n\n\n\n<p>Ungar M. (2018). Systemic resilience\u202f: principles and processes for a science of change. In <em>Ecology and Society 23<\/em>, <em>23<\/em>(4). https:\/\/doi.org\/https:\/\/doi.org\/10.5751\/ES-10385-230434<\/p>\n\n\n\n<p>Vanistendael S. (2014). Resiliencia: el reto del cambio de mirada. In B. Cyrulnik (Ed.), <em>Nuevas miradas sobre la resiliencia<\/em>. Gedisa. Mettre les pubications BICE de St\u00e9phane<\/p>\n\n\n\n<p>Vanistendael S. (2005). La resiliencia: desde una inspiraci\u00f3n hacia cambios pr\u00e1cticos. <em>2 Congreso Internacional de Los Transtornos Del Comportamiento En Ni\u00f1os y Adolescentes<\/em>, pagina 8, 1\u201313.<\/p>\n\n\n\n<p>Vanistendael S. (2015). <em>La R\u00e9silience ou le r\u00e9alisme de l\u2019esp\u00e9rance : Bless\u00e9, mais pas vaincu.<\/em> Ed. actualis\u00e9e, Les Cahiers du BICE.<\/p>\n","protected":false},"excerpt":{"rendered":"<p>Qu\u2019est-ce qu\u2019une personne r\u00e9siliente ? Comment d\u00e9finir le processus de r\u00e9silience ? Vous trouverez ci-dessous des \u00e9l\u00e9ments de r\u00e9ponse. Ainsi que, dans un encadr\u00e9 en bas de l\u2019article, plusieurs d\u00e9finitions de ce concept relativement r\u00e9cent, donn\u00e9es par des sociologues ou psychologues. <\/p>\n","protected":false},"author":19,"featured_media":61032,"parent":61017,"menu_order":2,"comment_status":"closed","ping_status":"closed","template":"","meta":{"_acf_changed":false,"footnotes":""},"class_list":["post-61023","page","type-page","status-publish","has-post-thumbnail","hentry"],"acf":[],"yoast_head":"<!-- This site is optimized with the Yoast SEO plugin v27.2 - https:\/\/yoast.com\/product\/yoast-seo-wordpress\/ -->\n<title>Qu\u2019est-ce que la r\u00e9silience ? | le BICE<\/title>\n<meta name=\"description\" content=\"La r\u00e9silience est un concept relativement r\u00e9cent, complexe et en constante \u00e9volution, pour lequel il existe plusieurs d\u00e9finitions.\" \/>\n<meta name=\"robots\" content=\"index, follow, max-snippet:-1, max-image-preview:large, max-video-preview:-1\" \/>\n<link rel=\"canonical\" href=\"https:\/\/bice.org\/fr\/wp-json\/wp\/v2\/pages\/61023\" \/>\n<meta property=\"og:locale\" content=\"fr_FR\" \/>\n<meta property=\"og:type\" content=\"article\" \/>\n<meta property=\"og:title\" content=\"Qu\u2019est-ce que la r\u00e9silience ? | le BICE\" \/>\n<meta property=\"og:description\" content=\"La r\u00e9silience est un concept relativement r\u00e9cent, complexe et en constante \u00e9volution, pour lequel il existe plusieurs d\u00e9finitions.\" \/>\n<meta property=\"og:url\" content=\"https:\/\/bice.org\/fr\/la-resilience-au-coeur-de-notre-action\/quest-ce-que-la-resilience\/\" \/>\n<meta property=\"og:site_name\" content=\"BICE - ONG de protection des droits de l&#039;enfant\" \/>\n<meta property=\"article:modified_time\" content=\"2024-05-15T10:15:42+00:00\" \/>\n<meta property=\"og:image\" content=\"https:\/\/i0.wp.com\/bice.org\/app\/uploads\/2021\/09\/enfant-sourire.jpg?fit=1920%2C1113&ssl=1\" \/>\n\t<meta property=\"og:image:width\" content=\"1920\" \/>\n\t<meta property=\"og:image:height\" content=\"1113\" \/>\n\t<meta property=\"og:image:type\" content=\"image\/jpeg\" \/>\n<meta name=\"twitter:card\" content=\"summary_large_image\" \/>\n<meta name=\"twitter:label1\" content=\"Dur\u00e9e de lecture estim\u00e9e\" \/>\n\t<meta name=\"twitter:data1\" content=\"6 minutes\" \/>\n<!-- \/ Yoast SEO plugin. -->","yoast_head_json":{"title":"Qu\u2019est-ce que la r\u00e9silience ? | le BICE","description":"La r\u00e9silience est un concept relativement r\u00e9cent, complexe et en constante \u00e9volution, pour lequel il existe plusieurs d\u00e9finitions.","robots":{"index":"index","follow":"follow","max-snippet":"max-snippet:-1","max-image-preview":"max-image-preview:large","max-video-preview":"max-video-preview:-1"},"canonical":"https:\/\/bice.org\/fr\/wp-json\/wp\/v2\/pages\/61023","og_locale":"fr_FR","og_type":"article","og_title":"Qu\u2019est-ce que la r\u00e9silience ? | le BICE","og_description":"La r\u00e9silience est un concept relativement r\u00e9cent, complexe et en constante \u00e9volution, pour lequel il existe plusieurs d\u00e9finitions.","og_url":"https:\/\/bice.org\/fr\/la-resilience-au-coeur-de-notre-action\/quest-ce-que-la-resilience\/","og_site_name":"BICE - ONG de protection des droits de l&#039;enfant","article_modified_time":"2024-05-15T10:15:42+00:00","og_image":[{"width":1920,"height":1113,"url":"https:\/\/i0.wp.com\/bice.org\/app\/uploads\/2021\/09\/enfant-sourire.jpg?fit=1920%2C1113&ssl=1","type":"image\/jpeg"}],"twitter_card":"summary_large_image","twitter_misc":{"Dur\u00e9e de lecture estim\u00e9e":"6 minutes"},"schema":{"@context":"https:\/\/schema.org","@graph":[{"@type":"WebPage","@id":"https:\/\/bice.org\/fr\/la-resilience-au-coeur-de-notre-action\/quest-ce-que-la-resilience\/","url":"https:\/\/bice.org\/fr\/la-resilience-au-coeur-de-notre-action\/quest-ce-que-la-resilience\/","name":"Qu\u2019est-ce que la r\u00e9silience ? | le BICE","isPartOf":{"@id":"https:\/\/bice.org\/fr\/#website"},"primaryImageOfPage":{"@id":"https:\/\/bice.org\/fr\/la-resilience-au-coeur-de-notre-action\/quest-ce-que-la-resilience\/#primaryimage"},"image":{"@id":"https:\/\/bice.org\/fr\/la-resilience-au-coeur-de-notre-action\/quest-ce-que-la-resilience\/#primaryimage"},"thumbnailUrl":"https:\/\/i0.wp.com\/bice.org\/app\/uploads\/2021\/09\/enfant-sourire.jpg?fit=1920%2C1113&ssl=1","datePublished":"2021-09-01T09:11:47+00:00","dateModified":"2024-05-15T10:15:42+00:00","description":"La r\u00e9silience est un concept relativement r\u00e9cent, complexe et en constante \u00e9volution, pour lequel il existe plusieurs d\u00e9finitions.","breadcrumb":{"@id":"https:\/\/bice.org\/fr\/la-resilience-au-coeur-de-notre-action\/quest-ce-que-la-resilience\/#breadcrumb"},"inLanguage":"fr-FR","potentialAction":[{"@type":"ReadAction","target":["https:\/\/bice.org\/fr\/la-resilience-au-coeur-de-notre-action\/quest-ce-que-la-resilience\/"]}]},{"@type":"ImageObject","inLanguage":"fr-FR","@id":"https:\/\/bice.org\/fr\/la-resilience-au-coeur-de-notre-action\/quest-ce-que-la-resilience\/#primaryimage","url":"https:\/\/i0.wp.com\/bice.org\/app\/uploads\/2021\/09\/enfant-sourire.jpg?fit=1920%2C1113&ssl=1","contentUrl":"https:\/\/i0.wp.com\/bice.org\/app\/uploads\/2021\/09\/enfant-sourire.jpg?fit=1920%2C1113&ssl=1","width":1920,"height":1113,"caption":"d\u00e9finitions r\u00e9silience"},{"@type":"BreadcrumbList","@id":"https:\/\/bice.org\/fr\/la-resilience-au-coeur-de-notre-action\/quest-ce-que-la-resilience\/#breadcrumb","itemListElement":[{"@type":"ListItem","position":1,"name":"Accueil","item":"https:\/\/bice.org\/fr\/"},{"@type":"ListItem","position":2,"name":"La r\u00e9silience au c\u0153ur de notre action","item":"https:\/\/bice.org\/fr\/la-resilience-au-coeur-de-notre-action\/"},{"@type":"ListItem","position":3,"name":"Qu\u2019est-ce que la r\u00e9silience ?"}]},{"@type":"WebSite","@id":"https:\/\/bice.org\/fr\/#website","url":"https:\/\/bice.org\/fr\/","name":"BICE - ONG de protection des droits de l&#039;enfant","description":"Notre mission : D\u00e9fendre les droits et la dignit\u00e9 des enfants partout dans le monde","publisher":{"@id":"https:\/\/bice.org\/fr\/#organization"},"potentialAction":[{"@type":"SearchAction","target":{"@type":"EntryPoint","urlTemplate":"https:\/\/bice.org\/fr\/?s={search_term_string}"},"query-input":{"@type":"PropertyValueSpecification","valueRequired":true,"valueName":"search_term_string"}}],"inLanguage":"fr-FR"},{"@type":"Organization","@id":"https:\/\/bice.org\/fr\/#organization","name":"BICE","url":"https:\/\/bice.org\/fr\/","logo":{"@type":"ImageObject","inLanguage":"fr-FR","@id":"https:\/\/bice.org\/fr\/#\/schema\/logo\/image\/","url":"https:\/\/bice.org\/app\/uploads\/2022\/06\/favicon.ico","contentUrl":"https:\/\/bice.org\/app\/uploads\/2022\/06\/favicon.ico","width":64,"height":64,"caption":"BICE"},"image":{"@id":"https:\/\/bice.org\/fr\/#\/schema\/logo\/image\/"}}]}},"jetpack_sharing_enabled":true,"_links":{"self":[{"href":"https:\/\/bice.org\/fr\/wp-json\/wp\/v2\/pages\/61023","targetHints":{"allow":["GET"]}}],"collection":[{"href":"https:\/\/bice.org\/fr\/wp-json\/wp\/v2\/pages"}],"about":[{"href":"https:\/\/bice.org\/fr\/wp-json\/wp\/v2\/types\/page"}],"author":[{"embeddable":true,"href":"https:\/\/bice.org\/fr\/wp-json\/wp\/v2\/users\/19"}],"replies":[{"embeddable":true,"href":"https:\/\/bice.org\/fr\/wp-json\/wp\/v2\/comments?post=61023"}],"version-history":[{"count":0,"href":"https:\/\/bice.org\/fr\/wp-json\/wp\/v2\/pages\/61023\/revisions"}],"up":[{"embeddable":true,"href":"https:\/\/bice.org\/fr\/wp-json\/wp\/v2\/pages\/61017"}],"wp:featuredmedia":[{"embeddable":true,"href":"https:\/\/bice.org\/fr\/wp-json\/wp\/v2\/media\/61032"}],"wp:attachment":[{"href":"https:\/\/bice.org\/fr\/wp-json\/wp\/v2\/media?parent=61023"}],"curies":[{"name":"wp","href":"https:\/\/api.w.org\/{rel}","templated":true}]}}