{"id":61045,"date":"2021-09-01T15:53:12","date_gmt":"2021-09-01T13:53:12","guid":{"rendered":"https:\/\/bice.org\/?page_id=61045"},"modified":"2024-10-02T15:50:47","modified_gmt":"2024-10-02T13:50:47","slug":"les-facteurs-de-resilience-et-de-non-resilience","status":"publish","type":"page","link":"https:\/\/bice.org\/fr\/la-resilience-au-coeur-de-notre-action\/les-facteurs-de-resilience-et-de-non-resilience\/","title":{"rendered":"Les facteurs de r\u00e9silience et de non-r\u00e9silience"},"content":{"rendered":"\n<p>Ces deux termes, pr\u00e9conis\u00e9s par M. Rutter, permettent de d\u00e9finir un ensemble d&#8217;\u00e9l\u00e9ments qui peuvent faciliter ou au contraire entraver les processus de <a href=\"https:\/\/bice.org\/fr\/la-resilience-au-coeur-de-notre-action\/quest-ce-que-la-resilience\/\">r\u00e9silience<\/a> chez une personne ou dans une communaut\u00e9. Ces \u00e9l\u00e9ments \u00e9voluent, car l&#8217;interaction entre le sujet et son environnement est toujours constante et dynamique. Par cons\u00e9quent, les facteurs de r\u00e9silience ne seront jamais absolus, ils peuvent changer \u00e0 chaque moment de la vie.<\/p>\n\n\n\n<h2 class=\"wp-block-heading\">Des facteurs flexibles<\/h2>\n\n\n\n<p>Des auteurs comme Michael Ungar, Stefan Vanistendael et Gema Puig soulignent que les facteurs de risque sont des \u00e9v\u00e9nements, des conditions ou des exp\u00e9riences qui augmentent, chez ceux qui les vivent, la possibilit\u00e9 d&#8217;un d\u00e9veloppement inad\u00e9quat (physique, cognitif, social ou \u00e9motionnel) avec des r\u00e9sultats n\u00e9gatifs dans le futur. Alors que les facteurs de protection sont des ressources, des caract\u00e9ristiques, des comp\u00e9tences ou des situations li\u00e9es \u00e0 la personne et \u00e0 son environnement qui aident \u00e0 combattre les effets n\u00e9gatifs des facteurs de risque. Il convient de noter que la pr\u00e9sence d&#8217;un ou plusieurs facteurs de risque ne d\u00e9termine pas n\u00e9cessairement une issue n\u00e9gative. Parfois, un seul facteur de protection suffit \u00e0 att\u00e9nuer les cons\u00e9quences d&#8217;une situation d\u00e9favorable.<\/p>\n\n\n\n<p>Ces derni\u00e8res ann\u00e9es, sur la base du mod\u00e8le holistique de Gloria Gil, l&#8217;expression&nbsp;\u00ab&nbsp;facteurs de risque et de protection&nbsp;\u00bb a \u00e9t\u00e9 remplac\u00e9e par \u00ab&nbsp;facteurs de r\u00e9silience et de non-r\u00e9silience&nbsp;\u00bb. Dans certains cas, le risque et la protection peuvent en effet \u00eatre r\u00e9ducteurs et limiter la compr\u00e9hension du contexte. Comme le souligne S. Vanistendael, sociologue et ancien responsable de l\u2019<a href=\"https:\/\/bice.org\/fr\/publications-du-bice\/\">Unit\u00e9 Recherche et D\u00e9veloppement du BICE<\/a>, rappelons que ces facteurs font partie de la vie, ce qui les rend flexibles. Tout facteur de r\u00e9silience peut \u00eatre perverti et devenir un facteur de risque. Et vice-versa.<\/p>\n\n\n\n<p>Par exemple, des situations de violence intrafamiliale envers les enfants transforment le foyer, habituellement protecteur, en lieu dangereux. Autre exemple&nbsp;: une estime de soi excessive peut rendre une personne arrogante ou obtuse ; une foi pervertie peut conduire \u00e0 l&#8217;extr\u00e9misme. Ces facteurs de protection se transforment alors en facteurs de risque.<\/p>\n\n\n\n<div class=\"wp-block-buttons is-content-justification-center is-layout-flex wp-container-core-buttons-is-layout-16018d1d wp-block-buttons-is-layout-flex\">\n<div class=\"wp-block-button is-style-fill\"><a class=\"wp-block-button__link wp-element-button\" href=\"https:\/\/bice.org\/fr\/la-resilience-au-coeur-de-notre-action\/\">La r\u00e9silience au c\u0153ur des actions du BICE<\/a><\/div>\n<\/div>\n\n\n\n<h2 class=\"wp-block-heading\">Quelques exemples<\/h2>\n\n\n\n<p>L\u2019identification des facteurs de r\u00e9silience et de non-r\u00e9silience est \u00e9galement complexe. Car ces facteurs vivent dans de multiples dimensions, toutes interconnect\u00e9es. En g\u00e9n\u00e9ral, on parle de facteurs aux niveaux personnel, familial et communautaire. Bien que les facteurs ne soient jamais absolus, voici un bref aper\u00e7u de certains d&#8217;entre eux :<\/p>\n\n\n\n<figure class=\"wp-block-table\"><table class=\"has-fixed-layout\"><tbody><tr><td class=\"has-text-align-center\" data-align=\"center\"><\/td><td> <h3>Facteurs de r\u00e9silience<\/h3><\/td><td><h3> Facteurs de non-r\u00e9silience<\/h3><\/td><\/tr><tr><td class=\"has-text-align-center\" data-align=\"center\"><h3>Personnels<\/h3><\/td><td>&#8211; Comp\u00e9tences cognitives (intelligence, cr\u00e9ativit\u00e9, r\u00e9solution de probl\u00e8mes)<br>&#8211; Comp\u00e9tences sociales<br>&#8211;\n          Intelligence \u00e9motionnelle et gestion des \u00e9motions<br>&#8211; Altruisme et capacit\u00e9 \u00e0 aider les autres<br>&#8211;\n          Projection dans l&#8217;avenir, esp\u00e9rance, r\u00eaves et id\u00e9aux<br>&#8211; Valeurs telles que l&#8217;honn\u00eatet\u00e9, la solidarit\u00e9, le\n          partage<br>&#8211; Spiritualit\u00e9, croyances religieuses<br>&#8211; Sens de l&#8217;humour<br>&#8211; Estime de soi positive<\/td><td>&#8211; Troubles mentaux<br>&#8211; Addictions<br>&#8211; Faible estime de soi<br>&#8211; Mauvaise gestion des \u00e9motions<br>&#8211; Besoins\n          fondamentaux non satisfaits (malnutrition)<\/td><\/tr><tr><td class=\"has-text-align-center\" data-align=\"center\"><h3>Familiaux<\/h3><\/td><td>&#8211; Communication entre les membres de la famille<br>&#8211; Soutien familial<br>&#8211; Rituels familiaux (c\u00e9l\u00e9brer les\n          anniversaires, d\u00eener ensemble, etc.)<\/td><td>&#8211; Proches atteints d\u2019une maladie ou souffrant d\u2019une addiction<br>&#8211; Mauvaise communication entre les membres\n          de la famille<br>&#8211; Manque de r\u00e9seau de soutien<br>&#8211; Violence domestique<br>&#8211; Ch\u00f4mage<\/td><\/tr><tr><td class=\"has-text-align-center\" data-align=\"center\"><h3>Communautaires<\/h3><\/td><td>&#8211; R\u00e9seaux sociaux sains : amis, voisins, groupes de pairs.<br>&#8211; Tuteurs ou facilitateurs de r\u00e9silience<br>&#8211;\n          Espaces de loisirs s\u00fbrs<br>&#8211; Acc\u00e8s \u00e0 l&#8217;\u00e9ducation<\/td><td>&#8211; Manque de r\u00e9seau de soutien<br>&#8211; R\u00e9seaux \u00e0 risque<br>&#8211; Discrimination<br>&#8211; Isolement social<br>&#8211; Violence,\n          mauvais traitements et abus<br>&#8211; Machisme, culture patriarcale<br>&#8211; Travail des enfants<\/td><\/tr><\/tbody><\/table><\/figure>\n\n\n\n<p>Afin de promouvoir les processus de r\u00e9silience, il est important de comprendre les facteurs contextuels (objectifs et subjectifs) de l&#8217;enfant, de l&#8217;adolescent, de la famille ou de la communaut\u00e9. Ceux-ci fournissent les informations n\u00e9cessaires \u00e0 la conception d&#8217;une strat\u00e9gie de soutien \u00e0 la r\u00e9silience&nbsp;; la cl\u00e9 \u00e9tant de renforcer les facteurs de r\u00e9silience afin de r\u00e9duire l&#8217;impact des facteurs de non-r\u00e9silience. Cette t\u00e2che n\u00e9cessite l&#8217;intervention de tuteurs ou de facilitateurs de la r\u00e9silience.&nbsp;<\/p>\n\n\n\n<h2 class=\"wp-block-heading\">Bibliographie<\/h2>\n\n\n\n<p>Mateu P\u00e9rez R., Garc\u00eda-Renedo M., Gil Beltr\u00e1n J.M. &amp; Caballer Miedes A. (2010). <a href=\"http:\/\/dialnet.unirioja.es\/servlet\/articulo?codigo=4718263&amp;orden=1&amp;info=link%5Cnhttp:\/\/dialnet.unirioja.es\/servlet\/extart?codigo=4718263\">\u00bfQu\u00e9 es la resiliencia? Hacia un modelo integrador<\/a>. <em>F\u00f2rum de Recerca<\/em>, <em>15<\/em>, pp. 231\u2013248. <\/p>\n\n\n\n<p>Puig, G. &amp; Rubio J.L. (2011). <em>Manual de resiliencia aplicada<\/em>. Gedisa.<\/p>\n\n\n\n<p>Rutter M. (1993). <a href=\"https:\/\/doi.org\/10.1016\/1054-139X(93)90196-V\">Resilience: Some conceptual considerations<\/a>. <em>Journal of Adolescent Health<\/em>, <em>14<\/em>(8), pp. 626\u2013631. <\/p>\n\n\n\n<p>Ungar M. (2012). <em><a href=\"https:\/\/doi.org\/10.1007\/978-1-4614-0586-3\">The Social Ecology of Resilience: A handbook of theory and practice<\/a><\/em> (M. Ungar (ed.)). Springer New York. <\/p>\n\n\n\n<p>Vanistendael S. &amp; Lecomte J. (2006). <em>La felicidad es posible<\/em>. Gedisa.<\/p>\n\n\n\n<p>Vanistendael S. (2015). <em>La R\u00e9silience ou le r\u00e9alisme de l\u2019esp\u00e9rance : Bless\u00e9, mais pas vaincu.<\/em> Ed.actualis\u00e9e, Les Cahiers du BICE.<\/p>\n\n\n\n<div style=\"height:73px\" aria-hidden=\"true\" class=\"wp-block-spacer\"><\/div>\n\n\n\n<h4 class=\"wp-block-heading\">Pour aller plus loin&#8230;<\/h4>\n\n\n\n<div class=\"wp-block-columns is-layout-flex wp-container-core-columns-is-layout-9d6595d7 wp-block-columns-is-layout-flex\">\n<div class=\"wp-block-column is-layout-flow wp-block-column-is-layout-flow\">\n<figure class=\"wp-block-embed is-type-wp-embed is-provider-bice-ong-de-protection-des-droits-de-l-039-enfant wp-block-embed-bice-ong-de-protection-des-droits-de-l-039-enfant\"><div class=\"wp-block-embed__wrapper\">\n<blockquote class=\"wp-embedded-content\" data-secret=\"hzaDtOPlEr\"><a href=\"https:\/\/bice.org\/fr\/la-resilience-au-coeur-de-notre-action\/modeles-explicatifs-pour-la-promotion-de-la-resilience\/\">Mod\u00e8les explicatifs pour promouvoir la r\u00e9silience<\/a><\/blockquote><iframe class=\"wp-embedded-content\" sandbox=\"allow-scripts\" security=\"restricted\" style=\"position: absolute; clip: rect(1px, 1px, 1px, 1px);\" title=\"\u00ab\u00a0Mod\u00e8les explicatifs pour promouvoir la r\u00e9silience\u00a0\u00bb &#8212; BICE - ONG de protection des droits de l&#039;enfant\" src=\"https:\/\/bice.org\/fr\/la-resilience-au-coeur-de-notre-action\/modeles-explicatifs-pour-la-promotion-de-la-resilience\/embed\/#?secret=LthRDkYGwo#?secret=hzaDtOPlEr\" data-secret=\"hzaDtOPlEr\" width=\"500\" height=\"282\" frameborder=\"0\" marginwidth=\"0\" marginheight=\"0\" scrolling=\"no\"><\/iframe>\n<\/div><\/figure>\n<\/div>\n\n\n\n<div class=\"wp-block-column is-layout-flow wp-block-column-is-layout-flow\">\n<figure class=\"wp-block-embed is-type-wp-embed is-provider-bice-ong-de-protection-des-droits-de-l-039-enfant wp-block-embed-bice-ong-de-protection-des-droits-de-l-039-enfant\"><div class=\"wp-block-embed__wrapper\">\n<blockquote class=\"wp-embedded-content\" data-secret=\"sMKX3iXQN2\"><a href=\"https:\/\/bice.org\/fr\/la-resilience-au-coeur-de-notre-action\/les-tuteurs-de-resilience\/\">Les tuteurs de r\u00e9silience<\/a><\/blockquote><iframe class=\"wp-embedded-content\" sandbox=\"allow-scripts\" security=\"restricted\" style=\"position: absolute; clip: rect(1px, 1px, 1px, 1px);\" title=\"\u00ab\u00a0Les tuteurs de r\u00e9silience\u00a0\u00bb &#8212; BICE - ONG de protection des droits de l&#039;enfant\" src=\"https:\/\/bice.org\/fr\/la-resilience-au-coeur-de-notre-action\/les-tuteurs-de-resilience\/embed\/#?secret=vNW02Nm4zx#?secret=sMKX3iXQN2\" data-secret=\"sMKX3iXQN2\" width=\"500\" height=\"282\" frameborder=\"0\" marginwidth=\"0\" marginheight=\"0\" scrolling=\"no\"><\/iframe>\n<\/div><\/figure>\n<\/div>\n\n\n\n<div class=\"wp-block-column is-layout-flow wp-block-column-is-layout-flow\">\n<figure class=\"wp-block-embed is-type-wp-embed is-provider-bice-ong-de-protection-des-droits-de-l-039-enfant wp-block-embed-bice-ong-de-protection-des-droits-de-l-039-enfant\"><div class=\"wp-block-embed__wrapper\">\n<blockquote class=\"wp-embedded-content\" data-secret=\"nObFj2Vz3M\"><a href=\"https:\/\/bice.org\/fr\/le-sport-allie-de-leducateur-pour-promouvoir-la-resilience\/\">\u00ab Le sport, alli\u00e9 de l\u2019\u00e9ducateur pour promouvoir la r\u00e9silience \u00bb<\/a><\/blockquote><iframe class=\"wp-embedded-content\" sandbox=\"allow-scripts\" security=\"restricted\" style=\"position: absolute; clip: rect(1px, 1px, 1px, 1px);\" title=\"\u00ab\u00a0\u00ab Le sport, alli\u00e9 de l\u2019\u00e9ducateur pour promouvoir la r\u00e9silience \u00bb\u00a0\u00bb &#8212; BICE - ONG de protection des droits de l&#039;enfant\" src=\"https:\/\/bice.org\/fr\/le-sport-allie-de-leducateur-pour-promouvoir-la-resilience\/embed\/#?secret=bsr81ehS8x#?secret=nObFj2Vz3M\" data-secret=\"nObFj2Vz3M\" width=\"500\" height=\"282\" frameborder=\"0\" marginwidth=\"0\" marginheight=\"0\" scrolling=\"no\"><\/iframe>\n<\/div><\/figure>\n<\/div>\n<\/div>\n","protected":false},"excerpt":{"rendered":"<p>Au d\u00e9but des ann\u00e9es 1990, avec Michael Rutter, les chercheurs ont commenc\u00e9 \u00e0 comprendre la r\u00e9silience comme un processus dynamique, dans lequel divers facteurs inh\u00e9rents \u00e0 la personne et \u00e0 son environnement interagissent. Concevoir la r\u00e9silience comme un processus am\u00e8ne le concept \u00e0 un niveau de compr\u00e9hension et d&#8217;application plus complexe, d&#8217;o\u00f9 \u00e9mergent les notions de facteurs de risque et de facteurs de protection de la r\u00e9silience.<\/p>\n","protected":false},"author":19,"featured_media":61047,"parent":61017,"menu_order":4,"comment_status":"closed","ping_status":"closed","template":"","meta":{"_acf_changed":false,"footnotes":""},"class_list":["post-61045","page","type-page","status-publish","has-post-thumbnail","hentry"],"acf":[],"yoast_head":"<!-- This site is optimized with the Yoast SEO plugin v27.2 - https:\/\/yoast.com\/product\/yoast-seo-wordpress\/ -->\n<title>Les facteurs de r\u00e9silience et de non-r\u00e9silience | BICE<\/title>\n<meta name=\"description\" content=\"Concevoir la r\u00e9silience comme un processus fait \u00e9merger les notions de facteurs de risque et de facteurs de protection de la r\u00e9silience.\" \/>\n<meta name=\"robots\" content=\"index, follow, max-snippet:-1, max-image-preview:large, max-video-preview:-1\" \/>\n<link rel=\"canonical\" href=\"https:\/\/bice.org\/fr\/wp-json\/wp\/v2\/pages\/61045\" \/>\n<meta property=\"og:locale\" content=\"fr_FR\" \/>\n<meta property=\"og:type\" content=\"article\" \/>\n<meta property=\"og:title\" content=\"Les facteurs de r\u00e9silience et de non-r\u00e9silience | BICE\" \/>\n<meta property=\"og:description\" content=\"Concevoir la r\u00e9silience comme un processus fait \u00e9merger les notions de facteurs de risque et de facteurs de protection de la r\u00e9silience.\" \/>\n<meta property=\"og:url\" content=\"https:\/\/bice.org\/fr\/la-resilience-au-coeur-de-notre-action\/les-facteurs-de-resilience-et-de-non-resilience\/\" \/>\n<meta property=\"og:site_name\" content=\"BICE - ONG de protection des droits de l&#039;enfant\" \/>\n<meta property=\"article:modified_time\" content=\"2024-10-02T13:50:47+00:00\" \/>\n<meta property=\"og:image\" content=\"https:\/\/i0.wp.com\/bice.org\/app\/uploads\/2021\/09\/main-sur-main.jpg?fit=1734%2C1006&ssl=1\" \/>\n\t<meta property=\"og:image:width\" content=\"1734\" \/>\n\t<meta property=\"og:image:height\" content=\"1006\" \/>\n\t<meta property=\"og:image:type\" content=\"image\/jpeg\" \/>\n<meta name=\"twitter:card\" content=\"summary_large_image\" \/>\n<meta name=\"twitter:label1\" content=\"Dur\u00e9e de lecture estim\u00e9e\" \/>\n\t<meta name=\"twitter:data1\" content=\"4 minutes\" \/>\n<!-- \/ Yoast SEO plugin. -->","yoast_head_json":{"title":"Les facteurs de r\u00e9silience et de non-r\u00e9silience | BICE","description":"Concevoir la r\u00e9silience comme un processus fait \u00e9merger les notions de facteurs de risque et de facteurs de protection de la r\u00e9silience.","robots":{"index":"index","follow":"follow","max-snippet":"max-snippet:-1","max-image-preview":"max-image-preview:large","max-video-preview":"max-video-preview:-1"},"canonical":"https:\/\/bice.org\/fr\/wp-json\/wp\/v2\/pages\/61045","og_locale":"fr_FR","og_type":"article","og_title":"Les facteurs de r\u00e9silience et de non-r\u00e9silience | BICE","og_description":"Concevoir la r\u00e9silience comme un processus fait \u00e9merger les notions de facteurs de risque et de facteurs de protection de la r\u00e9silience.","og_url":"https:\/\/bice.org\/fr\/la-resilience-au-coeur-de-notre-action\/les-facteurs-de-resilience-et-de-non-resilience\/","og_site_name":"BICE - ONG de protection des droits de l&#039;enfant","article_modified_time":"2024-10-02T13:50:47+00:00","og_image":[{"width":1734,"height":1006,"url":"https:\/\/i0.wp.com\/bice.org\/app\/uploads\/2021\/09\/main-sur-main.jpg?fit=1734%2C1006&ssl=1","type":"image\/jpeg"}],"twitter_card":"summary_large_image","twitter_misc":{"Dur\u00e9e de lecture estim\u00e9e":"4 minutes"},"schema":{"@context":"https:\/\/schema.org","@graph":[{"@type":"WebPage","@id":"https:\/\/bice.org\/fr\/la-resilience-au-coeur-de-notre-action\/les-facteurs-de-resilience-et-de-non-resilience\/","url":"https:\/\/bice.org\/fr\/la-resilience-au-coeur-de-notre-action\/les-facteurs-de-resilience-et-de-non-resilience\/","name":"Les facteurs de r\u00e9silience et de non-r\u00e9silience | BICE","isPartOf":{"@id":"https:\/\/bice.org\/fr\/#website"},"primaryImageOfPage":{"@id":"https:\/\/bice.org\/fr\/la-resilience-au-coeur-de-notre-action\/les-facteurs-de-resilience-et-de-non-resilience\/#primaryimage"},"image":{"@id":"https:\/\/bice.org\/fr\/la-resilience-au-coeur-de-notre-action\/les-facteurs-de-resilience-et-de-non-resilience\/#primaryimage"},"thumbnailUrl":"https:\/\/i0.wp.com\/bice.org\/app\/uploads\/2021\/09\/main-sur-main.jpg?fit=1734%2C1006&ssl=1","datePublished":"2021-09-01T13:53:12+00:00","dateModified":"2024-10-02T13:50:47+00:00","description":"Concevoir la r\u00e9silience comme un processus fait \u00e9merger les notions de facteurs de risque et de facteurs de protection de la r\u00e9silience.","breadcrumb":{"@id":"https:\/\/bice.org\/fr\/la-resilience-au-coeur-de-notre-action\/les-facteurs-de-resilience-et-de-non-resilience\/#breadcrumb"},"inLanguage":"fr-FR","potentialAction":[{"@type":"ReadAction","target":["https:\/\/bice.org\/fr\/la-resilience-au-coeur-de-notre-action\/les-facteurs-de-resilience-et-de-non-resilience\/"]}]},{"@type":"ImageObject","inLanguage":"fr-FR","@id":"https:\/\/bice.org\/fr\/la-resilience-au-coeur-de-notre-action\/les-facteurs-de-resilience-et-de-non-resilience\/#primaryimage","url":"https:\/\/i0.wp.com\/bice.org\/app\/uploads\/2021\/09\/main-sur-main.jpg?fit=1734%2C1006&ssl=1","contentUrl":"https:\/\/i0.wp.com\/bice.org\/app\/uploads\/2021\/09\/main-sur-main.jpg?fit=1734%2C1006&ssl=1","width":1734,"height":1006,"caption":"facteurs de r\u00e9silience"},{"@type":"BreadcrumbList","@id":"https:\/\/bice.org\/fr\/la-resilience-au-coeur-de-notre-action\/les-facteurs-de-resilience-et-de-non-resilience\/#breadcrumb","itemListElement":[{"@type":"ListItem","position":1,"name":"Accueil","item":"https:\/\/bice.org\/fr\/"},{"@type":"ListItem","position":2,"name":"La r\u00e9silience au c\u0153ur de notre action","item":"https:\/\/bice.org\/fr\/la-resilience-au-coeur-de-notre-action\/"},{"@type":"ListItem","position":3,"name":"Les facteurs de r\u00e9silience et de non-r\u00e9silience"}]},{"@type":"WebSite","@id":"https:\/\/bice.org\/fr\/#website","url":"https:\/\/bice.org\/fr\/","name":"BICE - ONG de protection des droits de l&#039;enfant","description":"Notre mission : D\u00e9fendre les droits et la dignit\u00e9 des enfants partout dans le monde","publisher":{"@id":"https:\/\/bice.org\/fr\/#organization"},"potentialAction":[{"@type":"SearchAction","target":{"@type":"EntryPoint","urlTemplate":"https:\/\/bice.org\/fr\/?s={search_term_string}"},"query-input":{"@type":"PropertyValueSpecification","valueRequired":true,"valueName":"search_term_string"}}],"inLanguage":"fr-FR"},{"@type":"Organization","@id":"https:\/\/bice.org\/fr\/#organization","name":"BICE","url":"https:\/\/bice.org\/fr\/","logo":{"@type":"ImageObject","inLanguage":"fr-FR","@id":"https:\/\/bice.org\/fr\/#\/schema\/logo\/image\/","url":"https:\/\/bice.org\/app\/uploads\/2022\/06\/favicon.ico","contentUrl":"https:\/\/bice.org\/app\/uploads\/2022\/06\/favicon.ico","width":64,"height":64,"caption":"BICE"},"image":{"@id":"https:\/\/bice.org\/fr\/#\/schema\/logo\/image\/"}}]}},"jetpack_sharing_enabled":true,"_links":{"self":[{"href":"https:\/\/bice.org\/fr\/wp-json\/wp\/v2\/pages\/61045","targetHints":{"allow":["GET"]}}],"collection":[{"href":"https:\/\/bice.org\/fr\/wp-json\/wp\/v2\/pages"}],"about":[{"href":"https:\/\/bice.org\/fr\/wp-json\/wp\/v2\/types\/page"}],"author":[{"embeddable":true,"href":"https:\/\/bice.org\/fr\/wp-json\/wp\/v2\/users\/19"}],"replies":[{"embeddable":true,"href":"https:\/\/bice.org\/fr\/wp-json\/wp\/v2\/comments?post=61045"}],"version-history":[{"count":0,"href":"https:\/\/bice.org\/fr\/wp-json\/wp\/v2\/pages\/61045\/revisions"}],"up":[{"embeddable":true,"href":"https:\/\/bice.org\/fr\/wp-json\/wp\/v2\/pages\/61017"}],"wp:featuredmedia":[{"embeddable":true,"href":"https:\/\/bice.org\/fr\/wp-json\/wp\/v2\/media\/61047"}],"wp:attachment":[{"href":"https:\/\/bice.org\/fr\/wp-json\/wp\/v2\/media?parent=61045"}],"curies":[{"name":"wp","href":"https:\/\/api.w.org\/{rel}","templated":true}]}}