{"id":61082,"date":"2021-09-01T17:39:50","date_gmt":"2021-09-01T15:39:50","guid":{"rendered":"https:\/\/bice.org\/?page_id=61082"},"modified":"2025-01-14T11:21:01","modified_gmt":"2025-01-14T10:21:01","slug":"les-tuteurs-de-resilience","status":"publish","type":"page","link":"https:\/\/bice.org\/fr\/la-resilience-au-coeur-de-notre-action\/les-tuteurs-de-resilience\/","title":{"rendered":"Les tuteurs de r\u00e9silience"},"content":{"rendered":"\n<h2 class=\"wp-block-heading\" id=\"qui-sont-les-tuteurs-de-resilience\">Qui sont les tuteurs de r\u00e9silience ?<\/h2>\n\n\n\n<p>Ce terme appliqu\u00e9 dans le contexte psycho socio-\u00e9ducatif par Boris Cyrulnik peut \u00e9voquer \u00ab&nbsp;<em>une personne, un lieu, un \u00e9v\u00e9nement, un objet, une \u0153uvre d&#8217;art qui provoque une renaissance du d\u00e9veloppement psychologique apr\u00e8s un traumatisme&nbsp;<\/em>\u00bb.&nbsp;<\/p>\n\n\n\n<p>Teresa Barata-Salgueiro soutient qu&#8217;il est possible de classer les tuteurs en deux cat\u00e9gories :<\/p>\n\n\n\n<h3 class=\"wp-block-heading\">Les tuteurs implicites <\/h3>\n\n\n\n<p>Ce sont des personnes de l&#8217;environnement quotidien, vers lesquelles le sujet peut s&#8217;orienter \u00e0 la recherche d&#8217;un soutien. Elles sont issues de l&#8217;environnement familial, social et culturel. Elles n&#8217;ont pas de formation sp\u00e9cifique et ne sont pas conscientes de leur r\u00f4le.<\/p>\n\n\n\n<h3 class=\"wp-block-heading\">Les tuteurs explicites <\/h3>\n\n\n\n<p>Il s&#8217;agit de personnes qui d\u00e9cident consciemment de cr\u00e9er un lien de soutien, en accompagnant l&#8217;autre dans une situation d&#8217;adversit\u00e9. Les tuteurs explicites stimulent le d\u00e9veloppement de la <a href=\"https:\/\/bice.org\/fr\/la-resilience-au-coeur-de-notre-action\/quest-ce-que-la-resilience\/\">r\u00e9silience<\/a>, guident le processus de reconstruction, \u00e0 travers une relation d&#8217;aide horizontale avec le sujet. Comme le soulignent Gema Puig &amp; Jos\u00e9 Luis Rubio, un tuteur explicite est une personne qui accompagne une personne qui vit une situation d\u00e9favorable, devenant un soutien, amenant \u00e0 parts \u00e9gales \u00e0 la confiance et l\u2019autonomie, tout au long de la dynamique de r\u00e9silience, sans savoir si la relation sera ou non significative et transformatrice.&nbsp;<\/p>\n\n\n\n<p>N&#8217;oublions pas que ces cat\u00e9gories peuvent parfois se recouper, c&#8217;est-\u00e0-dire qu&#8217;un tuteur peut \u00eatre \u00e0 la fois implicite et explicite.<\/p>\n\n\n\n<h2 class=\"wp-block-heading\" id=\"focus-sur-l-accompagnement-par-un-professionnel\">L\u2019accompagnement par un professionnel<\/h2>\n\n\n\n<p>Les professionnels travaillant sur le terrain \u2013 \u00e9ducateurs, travailleurs sociaux, psychologues, enseignants, etc. &nbsp;\u2013 font partie de l&#8217;environnement de l&#8217;enfant ou de l\u2019adulte vivant en situation de vuln\u00e9rabilit\u00e9. Ce sont ainsi des tuteurs de r\u00e9silience potentiels.<\/p>\n\n\n\n<p>Ces tuteurs cr\u00e9ent une relation d\u2019aide, au moyen notamment d\u2019ateliers, d\u2019actions \u00e9ducatives, visant \u00e0 soutenir le processus de r\u00e9silience chez un enfant, un adolescent, un adulte, une famille ou une communaut\u00e9. Pour ce faire, ils doivent gagner la confiance de la personne accompagn\u00e9e et l\u2019aider \u00e0 renforcer ses capacit\u00e9s et les ressources externes, en valorisant le soutien social et le sentiment d&#8217;appartenance \u00e0 un ou plusieurs groupes (famille, pairs, \u00e9cole, etc.). Il est donc important qu&#8217;il soit correctement form\u00e9 et sache identifier <a href=\"https:\/\/bice.org\/fr\/la-resilience-au-coeur-de-notre-action\/les-facteurs-de-resilience-et-de-non-resilience\/\">les facteurs de r\u00e9silience et de non-r\u00e9silience<\/a>, puis mobiliser les ressources de la personne et de la communaut\u00e9.<\/p>\n\n\n\n<p>Dans le d\u00e9tail, le tuteur apporte \u00e0 la personne accompagn\u00e9e :<\/p>\n\n\n\n<h3 class=\"wp-block-heading\">Un soutien dans les moments difficiles <\/h3>\n\n\n\n<p>Cela contribue \u00e0 d\u00e9velopper son autonomie et l\u2019estime de soi.<\/p>\n\n\n\n<h3 class=\"wp-block-heading\">Une protection face \u00e0 l&#8217;adversit\u00e9<\/h3>\n\n\n\n<p>Mais attention, prot\u00e9ger ne signifie pas \u00e9liminer la menace mais renforcer les capacit\u00e9s d&#8217;agir, les comp\u00e9tences et les connaissances n\u00e9cessaires pour s\u2019y confronter et la surmonter.<\/p>\n\n\n\n<h3 class=\"wp-block-heading\">Une \u00e9coute<\/h3>\n\n\n\n<p>Elle permet l&#8217;expression des \u00e9motions&nbsp;n\u00e9gatives (peurs, col\u00e8re, tristesse\u2026) mais aussi positives.<\/p>\n\n\n\n<p>Des auteurs comme Boris Cyrulnik, Jacques Lecomte et Stefan Vanistendael, sociologue et ancien responsable de l\u2019<a href=\"https:\/\/bice.org\/fr\/publications-du-bice\/\">Unit\u00e9 Recherche et D\u00e9veloppement du BICE<\/a>, reconnaissent comme qualit\u00e9s du tuteur : l&#8217;empathie et l&#8217;affection, l&#8217;int\u00e9r\u00eat pour les aspects positifs de la personne, la modestie, la patience, le fait de savoir accepter et mettre en pratique la libert\u00e9 de parler et\/ou de se taire de l&#8217;autre.<\/p>\n\n\n\n<h2 class=\"wp-block-heading\" id=\"pourquoi-investir-dans-des-programmes-qui-favorisent-la-resilience\">Pourquoi investir dans des programmes qui favorisent la r\u00e9silience ?<\/h2>\n\n\n\n<p>Il existe de plus en plus de programmes qui cherchent \u00e0 promouvoir la r\u00e9silience chez les personnes et dans les environnements o\u00f9 elles \u00e9voluent. Des auteurs tels que Michael Ungar, Anna For\u00e9s, Jordi<strong> <\/strong>Gran\u00e9 et Cristina Castelli s&#8217;accordent \u00e0 dire que de tels programmes permettent une r\u00e9flexion en fonction des exigences de divers sc\u00e9narios (aspects sociaux, \u00e9ducatifs, \u00e9conomiques, politiques et environnementaux). Fonctionnant sur la base des potentialit\u00e9s et non des d\u00e9ficiences, <strong>ils offrent une perspective durable, positive et transformatrice.<\/strong><\/p>\n\n\n\n<p>Les interventions bas\u00e9es sur la promotion de la r\u00e9silience se caract\u00e9risent par :<\/p>\n\n\n\n<p>&#8211; La personnalisation de l\u2019approche. Elles s\u2019adressent en pratique \u00e0 un \u00eatre humain en tenant compte \u00e0 la fois de sa personnalit\u00e9, de son histoire, de ses besoins.<\/p>\n\n\n\n<p>&#8211; L\u2019interg\u00e9n\u00e9rationnel. Elles couvrent toutes les phases du d\u00e9veloppement humain, de l\u2019enfance \u00e0 l\u2019\u00e2ge avanc\u00e9.<\/p>\n\n\n\n<p>&#8211; L\u2019adaptabilit\u00e9. Elles peuvent \u00eatre appliqu\u00e9es dans diverses situations (catastrophes naturelles, conflits arm\u00e9s, d\u00e9placements forc\u00e9s, abus et violence) et dans des pays diff\u00e9rents, avec un respect des variables culturelles.<\/p>\n\n\n\n<p>&#8211; La collaboration. Elles favorisent les actions de travail multidisciplinaire entre \u00e9ducateurs, psychologues, ou d\u2019autres intervenants plus ponctuels tels que des architectes, avocats, etc.<\/p>\n\n\n\n<h2 class=\"wp-block-heading\" id=\"quel-est-l-apport-du-bice-sur-ce-sujet\">Quel est l\u2019apport du BICE sur ce sujet&nbsp;?<\/h2>\n\n\n\n<p>La r\u00e9silience est l\u2019un des piliers du travail de recherche et d\u2019action du BICE depuis les ann\u00e9es 1990. Il a mis au point, en partenariat avec l\u2019Universit\u00e9 catholique du Sacr\u00e9 C\u0153ur de Milan, des <a href=\"https:\/\/bice.org\/fr\/actions-de-terrain\/domaines-daction\/tuteurs-de-resilience\/\">formations \u00ab&nbsp;Tuteurs de r\u00e9silience&nbsp;\u00bb<\/a> qui donnent aux \u00e9ducateurs qui entourent des enfants victimes de traumatismes des outils et m\u00e9thodes pour favoriser le processus de r\u00e9silience. Souvent, ces enfants n\u2019ont pas d\u2019espaces pour parler de leurs souffrances. Or, quand ils sont accompagn\u00e9s sur la dur\u00e9e, par un professionnel form\u00e9, ils trouvent aupr\u00e8s de lui un soutien psycho-affectif s\u00e9curisant qui leur permet d\u2019exprimer leurs \u00e9motions. Ils retrouvent la paix ou au moins une certaine s\u00e9r\u00e9nit\u00e9&nbsp;; et peuvent alors cro\u00eetre dans la vie malgr\u00e9 leur v\u00e9cu.<\/p>\n\n\n\n<blockquote class=\"wp-block-quote has-text-align-left is-style-large is-layout-flow wp-block-quote-is-layout-flow\">\n<p><em>Avant une formation \u00e0 Ha\u00efti, un professeur me racontait que quelques jours avant notre<\/em> <em>formation, l\u2019un de ses \u00e9l\u00e8ves s\u2019\u00e9tait<\/em> <em>pr\u00e9sent\u00e9 en classe le corps couvert<\/em> <em>d\u2019h\u00e9matomes. Il pouvait \u00e0 peine<\/em> <em>marcher. L\u2019enfant qui n\u2019avait pas de jouets avait voulu<\/em> <em>caresser la poule de la maison et sa m\u00e8re l\u2019avait rou\u00e9<\/em> <em>de coups\u2026 Des histoires de ce type sont courantes,<\/em> <em>car la violence aujourd\u2019hui emporte tout. Notre travail,<\/em> <em>c\u2019est de sortir les adultes de cet \u00e9tat de fureur et de col\u00e8re<\/em> <em>g\u00e9n\u00e9ralis\u00e9 qui s\u2019exprime dans toutes les relations, y compris<\/em> <em>bien s\u00fbr avec les plus petits. Ils doivent changer de regard<\/em> <em>sur les enfants, ne plus les consid\u00e9rer comme des sources<\/em> <em>de probl\u00e8mes, mais comme des sujets de droit et des<\/em> <em>ressources. Dans ce contexte de violence et de d\u00e9nuement<\/em> <em>complet, l\u2019\u00e9cole doit \u00eatre un refuge et savoir ouvrir<\/em> <em>de nouvelles voies.<\/em> <\/p>\n<cite>Veronica Hurtubia, p\u00e9dagogue aupr\u00e8s de l&#8217;Unit\u00e9 de recherche sur la r\u00e9silience de l&#8217;universit\u00e9 catholique du Sacr\u00e9 Coeur de Milan, partenaire du BICE<\/cite><\/blockquote>\n\n\n\n<div class=\"wp-block-buttons is-content-justification-center is-layout-flex wp-container-core-buttons-is-layout-16018d1d wp-block-buttons-is-layout-flex\">\n<div class=\"wp-block-button is-style-fill\"><a class=\"wp-block-button__link wp-element-button\" href=\"https:\/\/bice.org\/fr\/la-resilience-au-coeur-de-notre-action\/\">La r\u00e9silience au c\u0153ur des actions du BICE<\/a><\/div>\n<\/div>\n\n\n\n<div style=\"height:36px\" aria-hidden=\"true\" class=\"wp-block-spacer\"><\/div>\n\n\n\n<h2 class=\"wp-block-heading\" id=\"bibliographie\">Bibliographie<\/h2>\n\n\n\n<p>BICE (2024). <a href=\"https:\/\/bice.org\/app\/uploads\/2025\/01\/EsB3-RESILIENCE-PARTIE-1formateur.pdf\" target=\"_blank\" rel=\"noreferrer noopener\">Vers la r\u00e9insertion des enfants en conflit avec la loi en Afrique- Fondamentaux de l\u2019approche r\u00e9silience et m\u00e9thodologie d\u2019accompagnement- guide Th\u00e9orique<\/a><\/p>\n\n\n\n<p>BICE (2024). <a href=\"https:\/\/bice.org\/app\/uploads\/2025\/01\/EsB3-RESILIENCE-PARTIE-2.pdf\" target=\"_blank\" rel=\"noreferrer noopener\">Vers la r\u00e9insertion des enfants en conflit avec la loi en Afrique- Fondamentaux de l\u2019approche r\u00e9silience et m\u00e9thodologie d\u2019accompagnement- guide pratique<\/a><\/p>\n\n\n\n<p>Castelli C. (2015). <em>Tutori di Resilienza<\/em>. Educatt.<\/p>\n\n\n\n<p>Cyrulnik B. (1999).&nbsp;<em>Un merveilleux malheur<\/em>, O. Jacob.<\/p>\n\n\n\n<p>Cyrulnik B. (2003). Comment un professionnel peut-il devenir un tuteur de r\u00e9silience, in B. Cyrulnik, Cl. Seron :&nbsp;<em>La r\u00e9silience ou comment rena\u00eetre de sa souffrance<\/em>, pp. 23-43.<\/p>\n\n\n\n<p>For\u00e9s A. &amp; Gran\u00e9, J. (2012). <em>La resiliencia en entorno socioeducativos<\/em>. Narcea Ediciones.<\/p>\n\n\n\n<p>Madariaga J. M. (2014). <em>Nuevas miradas sobre la resiliencia\u202f: ampliando \u00e1mbitos y pr\u00e1cticas<\/em>. Editorial Gedisa,.<\/p>\n\n\n\n<p>Munist M., Su\u00e1rez, B., &amp; Alonso, M. (2018). \u00bfDe qu\u00e9 hablamos cuando hablamos de resiliencia comunitaria? In M. Simpson, M. Munist, E. Santa Cruz, M. Kotliarenco, E. Klasse, &amp; A. Melillo (Eds.), <em>Resiliencia comunitaria<\/em> (p. 360). Editorial Dunken.<\/p>\n\n\n\n<p>Rubio J. L. &amp; Puig G. (2015). <em>TUTORES DE RESILIENCIA<\/em>. Gedisa.<\/p>\n\n\n\n<p>S\u00e1nchez A. &amp; Guti\u00e9rrez L. (2016). <em>Criterios de resiliencia entrevista a Boris Cyrulnik<\/em>. Gedisa.<\/p>\n\n\n\n<p>Ungar M. (2018). <em><a href=\"https:\/\/resilienceresearch.org\/files\/WhatWorks-Ungar-WebVersion.pdf\">What Works: A Manual for Designing Programs that Build Resilience<\/a><\/em>. <\/p>\n\n\n\n<p>V\u00e4likangas L. (2010). <em>he resilient organization\u202f: how adaptive cultures thrive even when strategy fails<\/em>.<\/p>\n\n\n\n<div style=\"height:75px\" aria-hidden=\"true\" class=\"wp-block-spacer\"><\/div>\n\n\n\n<h4 class=\"wp-block-heading\" id=\"pour-aller-plus-loin\">Pour aller plus loin&#8230;<\/h4>\n\n\n\n<div class=\"wp-block-columns is-layout-flex wp-container-core-columns-is-layout-9d6595d7 wp-block-columns-is-layout-flex\">\n<div class=\"wp-block-column is-layout-flow wp-block-column-is-layout-flow\">\n<figure class=\"wp-block-embed is-type-wp-embed is-provider-bice-ong-de-protection-des-droits-de-l-039-enfant wp-block-embed-bice-ong-de-protection-des-droits-de-l-039-enfant\"><div class=\"wp-block-embed__wrapper\">\n<blockquote class=\"wp-embedded-content\" data-secret=\"9BZyfetuAq\"><a href=\"https:\/\/bice.org\/fr\/la-resilience-au-coeur-de-notre-action\/images-de-resilience-et-de-non-resilience\/\">Images de r\u00e9silience et de non-r\u00e9silience<\/a><\/blockquote><iframe class=\"wp-embedded-content\" sandbox=\"allow-scripts\" security=\"restricted\" style=\"position: absolute; visibility: hidden;\" title=\"\u00ab\u00a0Images de r\u00e9silience et de non-r\u00e9silience\u00a0\u00bb &#8212; BICE - ONG de protection des droits de l&#039;enfant\" src=\"https:\/\/bice.org\/fr\/la-resilience-au-coeur-de-notre-action\/images-de-resilience-et-de-non-resilience\/embed\/#?secret=2m8f5Boqwq#?secret=9BZyfetuAq\" data-secret=\"9BZyfetuAq\" width=\"500\" height=\"282\" frameborder=\"0\" marginwidth=\"0\" marginheight=\"0\" scrolling=\"no\"><\/iframe>\n<\/div><\/figure>\n<\/div>\n\n\n\n<div class=\"wp-block-column is-layout-flow wp-block-column-is-layout-flow\">\n<figure class=\"wp-block-embed is-type-wp-embed is-provider-bice-ong-de-protection-des-droits-de-l-039-enfant wp-block-embed-bice-ong-de-protection-des-droits-de-l-039-enfant\"><div class=\"wp-block-embed__wrapper\">\n<blockquote class=\"wp-embedded-content\" data-secret=\"rxYf3LmEjx\"><a href=\"https:\/\/bice.org\/fr\/la-resilience-au-coeur-de-notre-action\/quest-ce-que-la-resilience\/\">Qu\u2019est-ce que la r\u00e9silience ?<\/a><\/blockquote><iframe class=\"wp-embedded-content\" sandbox=\"allow-scripts\" security=\"restricted\" style=\"position: absolute; visibility: hidden;\" title=\"\u00ab\u00a0Qu\u2019est-ce que la r\u00e9silience ?\u00a0\u00bb &#8212; BICE - ONG de protection des droits de l&#039;enfant\" src=\"https:\/\/bice.org\/fr\/la-resilience-au-coeur-de-notre-action\/quest-ce-que-la-resilience\/embed\/#?secret=QXAhuRVj8s#?secret=rxYf3LmEjx\" data-secret=\"rxYf3LmEjx\" width=\"500\" height=\"282\" frameborder=\"0\" marginwidth=\"0\" marginheight=\"0\" scrolling=\"no\"><\/iframe>\n<\/div><\/figure>\n<\/div>\n\n\n\n<div class=\"wp-block-column is-layout-flow wp-block-column-is-layout-flow\">\n<figure class=\"wp-block-embed is-type-wp-embed is-provider-bice-ong-de-protection-des-droits-de-l-039-enfant wp-block-embed-bice-ong-de-protection-des-droits-de-l-039-enfant\"><div class=\"wp-block-embed__wrapper\">\n<blockquote class=\"wp-embedded-content\" data-secret=\"SU5toMqZKb\"><a href=\"https:\/\/bice.org\/fr\/la-promotion-de-la-resilience-nest-efficace-que-dans-le-respect-des-differences-culturelles\/\">\u00ab La promotion de la r\u00e9silience n\u2019est efficace que dans le respect des diff\u00e9rences culturelles \u00bb<\/a><\/blockquote><iframe class=\"wp-embedded-content\" sandbox=\"allow-scripts\" security=\"restricted\" style=\"position: absolute; visibility: hidden;\" title=\"\u00ab\u00a0\u00ab La promotion de la r\u00e9silience n\u2019est efficace que dans le respect des diff\u00e9rences culturelles \u00bb\u00a0\u00bb &#8212; BICE - ONG de protection des droits de l&#039;enfant\" src=\"https:\/\/bice.org\/fr\/la-promotion-de-la-resilience-nest-efficace-que-dans-le-respect-des-differences-culturelles\/embed\/#?secret=OUcgxbvy60#?secret=SU5toMqZKb\" data-secret=\"SU5toMqZKb\" width=\"500\" height=\"282\" frameborder=\"0\" marginwidth=\"0\" marginheight=\"0\" scrolling=\"no\"><\/iframe>\n<\/div><\/figure>\n<\/div>\n<\/div>\n","protected":false},"excerpt":{"rendered":"<p>Les tuteurs de r\u00e9silience aident les personnes qu\u2019ils accompagnent \u00e0 reconna\u00eetre, valoriser et d\u00e9velopper leur r\u00e9silience. Et ainsi \u00e0 reprendre leur chemin de vie.<\/p>\n","protected":false},"author":19,"featured_media":56081,"parent":61017,"menu_order":6,"comment_status":"closed","ping_status":"closed","template":"","meta":{"_acf_changed":false,"footnotes":""},"class_list":["post-61082","page","type-page","status-publish","has-post-thumbnail","hentry"],"acf":[],"yoast_head":"<!-- This site is optimized with the Yoast SEO plugin v27.2 - https:\/\/yoast.com\/product\/yoast-seo-wordpress\/ -->\n<title>Les tuteurs de r\u00e9silience | le BICE<\/title>\n<meta name=\"description\" content=\"Les tuteurs de r\u00e9silience aident les personnes qu\u2019ils soutiennent \u00e0 reconna\u00eetre et d\u00e9velopper leur r\u00e9silience. \u00c0 reprendre leur chemin de vie.\" \/>\n<meta name=\"robots\" content=\"index, follow, max-snippet:-1, max-image-preview:large, max-video-preview:-1\" \/>\n<link rel=\"canonical\" href=\"https:\/\/bice.org\/fr\/wp-json\/wp\/v2\/pages\/61082\" \/>\n<meta property=\"og:locale\" content=\"fr_FR\" \/>\n<meta property=\"og:type\" content=\"article\" \/>\n<meta property=\"og:title\" content=\"Les tuteurs de r\u00e9silience | le BICE\" \/>\n<meta property=\"og:description\" content=\"Les tuteurs de r\u00e9silience aident les personnes qu\u2019ils soutiennent \u00e0 reconna\u00eetre et d\u00e9velopper leur r\u00e9silience. \u00c0 reprendre leur chemin de vie.\" \/>\n<meta property=\"og:url\" content=\"https:\/\/bice.org\/fr\/la-resilience-au-coeur-de-notre-action\/les-tuteurs-de-resilience\/\" \/>\n<meta property=\"og:site_name\" content=\"BICE - ONG de protection des droits de l&#039;enfant\" \/>\n<meta property=\"article:modified_time\" content=\"2025-01-14T10:21:01+00:00\" \/>\n<meta property=\"og:image\" content=\"https:\/\/i0.wp.com\/bice.org\/app\/uploads\/2021\/03\/PA024633-scaled-e1630510750940.jpg?fit=2483%2C1440&ssl=1\" \/>\n\t<meta property=\"og:image:width\" content=\"2483\" \/>\n\t<meta property=\"og:image:height\" content=\"1440\" \/>\n\t<meta property=\"og:image:type\" content=\"image\/jpeg\" \/>\n<meta name=\"twitter:card\" content=\"summary_large_image\" \/>\n<meta name=\"twitter:label1\" content=\"Dur\u00e9e de lecture estim\u00e9e\" \/>\n\t<meta name=\"twitter:data1\" content=\"6 minutes\" \/>\n<!-- \/ Yoast SEO plugin. -->","yoast_head_json":{"title":"Les tuteurs de r\u00e9silience | le BICE","description":"Les tuteurs de r\u00e9silience aident les personnes qu\u2019ils soutiennent \u00e0 reconna\u00eetre et d\u00e9velopper leur r\u00e9silience. \u00c0 reprendre leur chemin de vie.","robots":{"index":"index","follow":"follow","max-snippet":"max-snippet:-1","max-image-preview":"max-image-preview:large","max-video-preview":"max-video-preview:-1"},"canonical":"https:\/\/bice.org\/fr\/wp-json\/wp\/v2\/pages\/61082","og_locale":"fr_FR","og_type":"article","og_title":"Les tuteurs de r\u00e9silience | le BICE","og_description":"Les tuteurs de r\u00e9silience aident les personnes qu\u2019ils soutiennent \u00e0 reconna\u00eetre et d\u00e9velopper leur r\u00e9silience. \u00c0 reprendre leur chemin de vie.","og_url":"https:\/\/bice.org\/fr\/la-resilience-au-coeur-de-notre-action\/les-tuteurs-de-resilience\/","og_site_name":"BICE - ONG de protection des droits de l&#039;enfant","article_modified_time":"2025-01-14T10:21:01+00:00","og_image":[{"width":2483,"height":1440,"url":"https:\/\/i0.wp.com\/bice.org\/app\/uploads\/2021\/03\/PA024633-scaled-e1630510750940.jpg?fit=2483%2C1440&ssl=1","type":"image\/jpeg"}],"twitter_card":"summary_large_image","twitter_misc":{"Dur\u00e9e de lecture estim\u00e9e":"6 minutes"},"schema":{"@context":"https:\/\/schema.org","@graph":[{"@type":"WebPage","@id":"https:\/\/bice.org\/fr\/la-resilience-au-coeur-de-notre-action\/les-tuteurs-de-resilience\/","url":"https:\/\/bice.org\/fr\/la-resilience-au-coeur-de-notre-action\/les-tuteurs-de-resilience\/","name":"Les tuteurs de r\u00e9silience | le BICE","isPartOf":{"@id":"https:\/\/bice.org\/fr\/#website"},"primaryImageOfPage":{"@id":"https:\/\/bice.org\/fr\/la-resilience-au-coeur-de-notre-action\/les-tuteurs-de-resilience\/#primaryimage"},"image":{"@id":"https:\/\/bice.org\/fr\/la-resilience-au-coeur-de-notre-action\/les-tuteurs-de-resilience\/#primaryimage"},"thumbnailUrl":"https:\/\/i0.wp.com\/bice.org\/app\/uploads\/2021\/03\/PA024633-scaled-e1630510750940.jpg?fit=2483%2C1440&ssl=1","datePublished":"2021-09-01T15:39:50+00:00","dateModified":"2025-01-14T10:21:01+00:00","description":"Les tuteurs de r\u00e9silience aident les personnes qu\u2019ils soutiennent \u00e0 reconna\u00eetre et d\u00e9velopper leur r\u00e9silience. \u00c0 reprendre leur chemin de vie.","breadcrumb":{"@id":"https:\/\/bice.org\/fr\/la-resilience-au-coeur-de-notre-action\/les-tuteurs-de-resilience\/#breadcrumb"},"inLanguage":"fr-FR","potentialAction":[{"@type":"ReadAction","target":["https:\/\/bice.org\/fr\/la-resilience-au-coeur-de-notre-action\/les-tuteurs-de-resilience\/"]}]},{"@type":"ImageObject","inLanguage":"fr-FR","@id":"https:\/\/bice.org\/fr\/la-resilience-au-coeur-de-notre-action\/les-tuteurs-de-resilience\/#primaryimage","url":"https:\/\/i0.wp.com\/bice.org\/app\/uploads\/2021\/03\/PA024633-scaled-e1630510750940.jpg?fit=2483%2C1440&ssl=1","contentUrl":"https:\/\/i0.wp.com\/bice.org\/app\/uploads\/2021\/03\/PA024633-scaled-e1630510750940.jpg?fit=2483%2C1440&ssl=1","width":2483,"height":1440,"caption":"Mozambique \u00a9 Veronica Hurtubia"},{"@type":"BreadcrumbList","@id":"https:\/\/bice.org\/fr\/la-resilience-au-coeur-de-notre-action\/les-tuteurs-de-resilience\/#breadcrumb","itemListElement":[{"@type":"ListItem","position":1,"name":"Accueil","item":"https:\/\/bice.org\/fr\/"},{"@type":"ListItem","position":2,"name":"La r\u00e9silience au c\u0153ur de notre action","item":"https:\/\/bice.org\/fr\/la-resilience-au-coeur-de-notre-action\/"},{"@type":"ListItem","position":3,"name":"Les tuteurs de r\u00e9silience"}]},{"@type":"WebSite","@id":"https:\/\/bice.org\/fr\/#website","url":"https:\/\/bice.org\/fr\/","name":"BICE - ONG de protection des droits de l&#039;enfant","description":"Notre mission : D\u00e9fendre les droits et la dignit\u00e9 des enfants partout dans le monde","publisher":{"@id":"https:\/\/bice.org\/fr\/#organization"},"potentialAction":[{"@type":"SearchAction","target":{"@type":"EntryPoint","urlTemplate":"https:\/\/bice.org\/fr\/?s={search_term_string}"},"query-input":{"@type":"PropertyValueSpecification","valueRequired":true,"valueName":"search_term_string"}}],"inLanguage":"fr-FR"},{"@type":"Organization","@id":"https:\/\/bice.org\/fr\/#organization","name":"BICE","url":"https:\/\/bice.org\/fr\/","logo":{"@type":"ImageObject","inLanguage":"fr-FR","@id":"https:\/\/bice.org\/fr\/#\/schema\/logo\/image\/","url":"https:\/\/bice.org\/app\/uploads\/2022\/06\/favicon.ico","contentUrl":"https:\/\/bice.org\/app\/uploads\/2022\/06\/favicon.ico","width":64,"height":64,"caption":"BICE"},"image":{"@id":"https:\/\/bice.org\/fr\/#\/schema\/logo\/image\/"}}]}},"jetpack_sharing_enabled":true,"_links":{"self":[{"href":"https:\/\/bice.org\/fr\/wp-json\/wp\/v2\/pages\/61082","targetHints":{"allow":["GET"]}}],"collection":[{"href":"https:\/\/bice.org\/fr\/wp-json\/wp\/v2\/pages"}],"about":[{"href":"https:\/\/bice.org\/fr\/wp-json\/wp\/v2\/types\/page"}],"author":[{"embeddable":true,"href":"https:\/\/bice.org\/fr\/wp-json\/wp\/v2\/users\/19"}],"replies":[{"embeddable":true,"href":"https:\/\/bice.org\/fr\/wp-json\/wp\/v2\/comments?post=61082"}],"version-history":[{"count":2,"href":"https:\/\/bice.org\/fr\/wp-json\/wp\/v2\/pages\/61082\/revisions"}],"predecessor-version":[{"id":297721,"href":"https:\/\/bice.org\/fr\/wp-json\/wp\/v2\/pages\/61082\/revisions\/297721"}],"up":[{"embeddable":true,"href":"https:\/\/bice.org\/fr\/wp-json\/wp\/v2\/pages\/61017"}],"wp:featuredmedia":[{"embeddable":true,"href":"https:\/\/bice.org\/fr\/wp-json\/wp\/v2\/media\/56081"}],"wp:attachment":[{"href":"https:\/\/bice.org\/fr\/wp-json\/wp\/v2\/media?parent=61082"}],"curies":[{"name":"wp","href":"https:\/\/api.w.org\/{rel}","templated":true}]}}