{"id":61202,"date":"2021-09-07T13:31:44","date_gmt":"2021-09-07T11:31:44","guid":{"rendered":"https:\/\/bice.org\/?page_id=61202"},"modified":"2024-03-19T11:59:05","modified_gmt":"2024-03-19T10:59:05","slug":"entretiens-sur-la-resilience","status":"publish","type":"page","link":"https:\/\/bice.org\/fr\/la-resilience-au-coeur-de-notre-action\/entretiens-sur-la-resilience\/","title":{"rendered":"Entretiens sur la r\u00e9silience"},"content":{"rendered":"","protected":false},"excerpt":{"rendered":"<p>Le concept de r\u00e9silience des enfants guide toutes nos actions. Le BICE a donc \u00e0 c\u0153ur de questionner ce concept, de l&#8217;\u00e9tudier sous toutes ses coutures. Et ce, notamment \u00e0 travers des entretiens de plusieurs sp\u00e9cialistes.<\/p>\n","protected":false},"author":19,"featured_media":61203,"parent":61017,"menu_order":7,"comment_status":"closed","ping_status":"closed","template":"views\/page-node.blade.php","meta":{"_acf_changed":false,"footnotes":""},"class_list":["post-61202","page","type-page","status-publish","has-post-thumbnail","hentry"],"acf":[],"yoast_head":"<!-- This site is optimized with the Yoast SEO plugin v27.2 - https:\/\/yoast.com\/product\/yoast-seo-wordpress\/ -->\n<title>Entretiens sur la r\u00e9silience - le BICE<\/title>\n<meta name=\"description\" content=\"Le concept de r\u00e9silience des enfants guide toutes nos actions. Le BICE tient \u00e0 questionner ce concept, \u00e0 l&#039;\u00e9tudier sous toutes ses coutures.\" \/>\n<meta name=\"robots\" content=\"index, follow, max-snippet:-1, max-image-preview:large, max-video-preview:-1\" \/>\n<link rel=\"canonical\" href=\"https:\/\/bice.org\/fr\/wp-json\/wp\/v2\/pages\/61202\" \/>\n<meta property=\"og:locale\" content=\"fr_FR\" \/>\n<meta property=\"og:type\" content=\"article\" \/>\n<meta property=\"og:title\" content=\"Entretiens sur la r\u00e9silience - le BICE\" \/>\n<meta property=\"og:description\" content=\"Le concept de r\u00e9silience des enfants guide toutes nos actions. Le BICE tient \u00e0 questionner ce concept, \u00e0 l&#039;\u00e9tudier sous toutes ses coutures.\" \/>\n<meta property=\"og:url\" content=\"https:\/\/bice.org\/fr\/la-resilience-au-coeur-de-notre-action\/entretiens-sur-la-resilience\/\" \/>\n<meta property=\"og:site_name\" content=\"BICE - ONG de protection des droits de l&#039;enfant\" \/>\n<meta property=\"article:modified_time\" content=\"2024-03-19T10:59:05+00:00\" \/>\n<meta property=\"og:image\" content=\"https:\/\/i0.wp.com\/bice.org\/app\/uploads\/2021\/09\/entretien.jpg?fit=1920%2C1113&ssl=1\" \/>\n\t<meta property=\"og:image:width\" content=\"1920\" \/>\n\t<meta property=\"og:image:height\" content=\"1113\" \/>\n\t<meta property=\"og:image:type\" content=\"image\/jpeg\" \/>\n<meta name=\"twitter:card\" content=\"summary_large_image\" \/>\n<meta name=\"twitter:label1\" content=\"Dur\u00e9e de lecture estim\u00e9e\" \/>\n\t<meta name=\"twitter:data1\" content=\"1 minute\" \/>\n<!-- \/ Yoast SEO plugin. -->","yoast_head_json":{"title":"Entretiens sur la r\u00e9silience - le BICE","description":"Le concept de r\u00e9silience des enfants guide toutes nos actions. Le BICE tient \u00e0 questionner ce concept, \u00e0 l'\u00e9tudier sous toutes ses coutures.","robots":{"index":"index","follow":"follow","max-snippet":"max-snippet:-1","max-image-preview":"max-image-preview:large","max-video-preview":"max-video-preview:-1"},"canonical":"https:\/\/bice.org\/fr\/wp-json\/wp\/v2\/pages\/61202","og_locale":"fr_FR","og_type":"article","og_title":"Entretiens sur la r\u00e9silience - le BICE","og_description":"Le concept de r\u00e9silience des enfants guide toutes nos actions. Le BICE tient \u00e0 questionner ce concept, \u00e0 l'\u00e9tudier sous toutes ses coutures.","og_url":"https:\/\/bice.org\/fr\/la-resilience-au-coeur-de-notre-action\/entretiens-sur-la-resilience\/","og_site_name":"BICE - ONG de protection des droits de l&#039;enfant","article_modified_time":"2024-03-19T10:59:05+00:00","og_image":[{"width":1920,"height":1113,"url":"https:\/\/i0.wp.com\/bice.org\/app\/uploads\/2021\/09\/entretien.jpg?fit=1920%2C1113&ssl=1","type":"image\/jpeg"}],"twitter_card":"summary_large_image","twitter_misc":{"Dur\u00e9e de lecture estim\u00e9e":"1 minute"},"schema":{"@context":"https:\/\/schema.org","@graph":[{"@type":"WebPage","@id":"https:\/\/bice.org\/fr\/la-resilience-au-coeur-de-notre-action\/entretiens-sur-la-resilience\/","url":"https:\/\/bice.org\/fr\/la-resilience-au-coeur-de-notre-action\/entretiens-sur-la-resilience\/","name":"Entretiens sur la r\u00e9silience - le BICE","isPartOf":{"@id":"https:\/\/bice.org\/fr\/#website"},"primaryImageOfPage":{"@id":"https:\/\/bice.org\/fr\/la-resilience-au-coeur-de-notre-action\/entretiens-sur-la-resilience\/#primaryimage"},"image":{"@id":"https:\/\/bice.org\/fr\/la-resilience-au-coeur-de-notre-action\/entretiens-sur-la-resilience\/#primaryimage"},"thumbnailUrl":"https:\/\/i0.wp.com\/bice.org\/app\/uploads\/2021\/09\/entretien.jpg?fit=1920%2C1113&ssl=1","datePublished":"2021-09-07T11:31:44+00:00","dateModified":"2024-03-19T10:59:05+00:00","description":"Le concept de r\u00e9silience des enfants guide toutes nos actions. Le BICE tient \u00e0 questionner ce concept, \u00e0 l'\u00e9tudier sous toutes ses coutures.","breadcrumb":{"@id":"https:\/\/bice.org\/fr\/la-resilience-au-coeur-de-notre-action\/entretiens-sur-la-resilience\/#breadcrumb"},"inLanguage":"fr-FR","potentialAction":[{"@type":"ReadAction","target":["https:\/\/bice.org\/fr\/la-resilience-au-coeur-de-notre-action\/entretiens-sur-la-resilience\/"]}]},{"@type":"ImageObject","inLanguage":"fr-FR","@id":"https:\/\/bice.org\/fr\/la-resilience-au-coeur-de-notre-action\/entretiens-sur-la-resilience\/#primaryimage","url":"https:\/\/i0.wp.com\/bice.org\/app\/uploads\/2021\/09\/entretien.jpg?fit=1920%2C1113&ssl=1","contentUrl":"https:\/\/i0.wp.com\/bice.org\/app\/uploads\/2021\/09\/entretien.jpg?fit=1920%2C1113&ssl=1","width":1920,"height":1113,"caption":"entretien r\u00e9silience"},{"@type":"BreadcrumbList","@id":"https:\/\/bice.org\/fr\/la-resilience-au-coeur-de-notre-action\/entretiens-sur-la-resilience\/#breadcrumb","itemListElement":[{"@type":"ListItem","position":1,"name":"Accueil","item":"https:\/\/bice.org\/fr\/"},{"@type":"ListItem","position":2,"name":"La r\u00e9silience au c\u0153ur de notre action","item":"https:\/\/bice.org\/fr\/la-resilience-au-coeur-de-notre-action\/"},{"@type":"ListItem","position":3,"name":"Entretiens sur la r\u00e9silience"}]},{"@type":"WebSite","@id":"https:\/\/bice.org\/fr\/#website","url":"https:\/\/bice.org\/fr\/","name":"BICE - ONG de protection des droits de l&#039;enfant","description":"Notre mission : D\u00e9fendre les droits et la dignit\u00e9 des enfants partout dans le monde","publisher":{"@id":"https:\/\/bice.org\/fr\/#organization"},"potentialAction":[{"@type":"SearchAction","target":{"@type":"EntryPoint","urlTemplate":"https:\/\/bice.org\/fr\/?s={search_term_string}"},"query-input":{"@type":"PropertyValueSpecification","valueRequired":true,"valueName":"search_term_string"}}],"inLanguage":"fr-FR"},{"@type":"Organization","@id":"https:\/\/bice.org\/fr\/#organization","name":"BICE","url":"https:\/\/bice.org\/fr\/","logo":{"@type":"ImageObject","inLanguage":"fr-FR","@id":"https:\/\/bice.org\/fr\/#\/schema\/logo\/image\/","url":"https:\/\/bice.org\/app\/uploads\/2022\/06\/favicon.ico","contentUrl":"https:\/\/bice.org\/app\/uploads\/2022\/06\/favicon.ico","width":64,"height":64,"caption":"BICE"},"image":{"@id":"https:\/\/bice.org\/fr\/#\/schema\/logo\/image\/"}}]}},"jetpack_sharing_enabled":true,"_links":{"self":[{"href":"https:\/\/bice.org\/fr\/wp-json\/wp\/v2\/pages\/61202","targetHints":{"allow":["GET"]}}],"collection":[{"href":"https:\/\/bice.org\/fr\/wp-json\/wp\/v2\/pages"}],"about":[{"href":"https:\/\/bice.org\/fr\/wp-json\/wp\/v2\/types\/page"}],"author":[{"embeddable":true,"href":"https:\/\/bice.org\/fr\/wp-json\/wp\/v2\/users\/19"}],"replies":[{"embeddable":true,"href":"https:\/\/bice.org\/fr\/wp-json\/wp\/v2\/comments?post=61202"}],"version-history":[{"count":0,"href":"https:\/\/bice.org\/fr\/wp-json\/wp\/v2\/pages\/61202\/revisions"}],"up":[{"embeddable":true,"href":"https:\/\/bice.org\/fr\/wp-json\/wp\/v2\/pages\/61017"}],"wp:featuredmedia":[{"embeddable":true,"href":"https:\/\/bice.org\/fr\/wp-json\/wp\/v2\/media\/61203"}],"wp:attachment":[{"href":"https:\/\/bice.org\/fr\/wp-json\/wp\/v2\/media?parent=61202"}],"curies":[{"name":"wp","href":"https:\/\/api.w.org\/{rel}","templated":true}]}}