{"id":61452,"date":"2021-09-13T10:45:52","date_gmt":"2021-09-13T08:45:52","guid":{"rendered":"https:\/\/bice.org\/?page_id=61452"},"modified":"2024-09-10T14:35:09","modified_gmt":"2024-09-10T12:35:09","slug":"resilience-et-spiritualite","status":"publish","type":"page","link":"https:\/\/bice.org\/fr\/la-resilience-au-coeur-de-notre-action\/resilience-et-spiritualite\/","title":{"rendered":"R\u00e9silience et spiritualit\u00e9"},"content":{"rendered":"\n<p><\/p>\n\n\n\n<p>Dans la communaut\u00e9 scientifique internationale, l&#8217;expression n&#8217;est devenue courante que <a href=\"https:\/\/bice.org\/fr\/la-resilience-au-coeur-de-notre-action\/histoire-du-concept-de-resilience\/\">r\u00e9cemment<\/a>. Mais, en tant que r\u00e9alit\u00e9 humaine, la r\u00e9silience est probablement n\u00e9e avec l&#8217;humanit\u00e9 elle-m\u00eame. La <a href=\"https:\/\/bice.org\/fr\/la-resilience-au-coeur-de-notre-action\/quest-ce-que-la-resilience\/\">r\u00e9silience<\/a> appara\u00eet notamment dans de nombreux \u00e9crits de l\u2019\u00c9glise catholique qui parlent d&#8217;esp\u00e9rance, m\u00eame en pr\u00e9sence de souffrance. Et qui expriment une profonde confiance dans les forces positives dont dispose l&#8217;\u00eatre humain, dont la foi.<\/p>\n\n\n\n<p>\u00ab&nbsp;<em>Je vous rappelle la bonne nouvelle qui nous a \u00e9t\u00e9 donn\u00e9e au matin de la R\u00e9surrection. \u00c0 savoir que dans toutes les situations sombres et douloureuses dont nous parlons, il y a une issue.&nbsp;<\/em>\u00bb (Pape Fran\u00e7ois, <a href=\"https:\/\/eglise.catholique.fr\/vatican\/exhortations-apostoliques\/exhortation-apostolique-christus-vivit\/\"><em>Cristus Vivit &#8211; Il vit, le Christ<\/em> &#8211; Exhortation apostolique post-synodale aux jeunes et \u00e0 tout le peuple de Dieu<\/a>, n\u00b0 103, 2019)<\/p>\n\n\n\n<p>&nbsp;\u00ab&nbsp;<em>Il nous a \u00e9t\u00e9 donn\u00e9 une esp\u00e9rance, une esp\u00e9rance fiable, en vertu de laquelle nous pouvons affronter notre pr\u00e9sent . Le pr\u00e9sent, m\u00eame fatigant, peut \u00eatre v\u00e9cu et accept\u00e9 s&#8217;il conduit vers un but et si nous pouvons \u00eatre s\u00fbrs de ce but. Si ce but est si grand qu&#8217;il justifie l&#8217;effort du voyage.&nbsp;<\/em>\u00bb (Pape Beno\u00eet XVI, <em><a href=\"https:\/\/www.vatican.va\/content\/benedict-xvi\/fr\/encyclicals\/documents\/hf_ben-xvi_enc_20071130_spe-salvi.html\">Spe Salvi \u2013 Sauv\u00e9 dans l\u2019esp\u00e9rance<\/a><\/em>, 1, 2007). La r\u00e9silience se comprend donc ici comme la force d&#8217;\u00e2me qui permet de continuer malgr\u00e9 les difficult\u00e9s et les obstacles \u00ab&nbsp;<em>dans l&#8217;espoir certain que Dieu tient le monde entre ses mains et que, malgr\u00e9 toutes les t\u00e9n\u00e8bres, il gagne&#8230; Il est la lumi\u00e8re qui \u00e9claire toujours \u00e0 nouveau un monde sombre et nous donne le courage de vivre et d&#8217;agir.&nbsp;<\/em>\u00bb (<a href=\"https:\/\/www.vatican.va\/content\/benedict-xvi\/fr\/encyclicals\/documents\/hf_ben-xvi_enc_20051225_deus-caritas-est.html\">Encyclique <em>Deus Caritas Est \u2013 Dieu est amour<\/em><\/a>, 39, 2005)<\/p>\n\n\n\n<p>Il s&#8217;agit de d\u00e9clarations qui interpr\u00e8tent le sens profond du terme r\u00e9silience, m\u00eame sans le nommer ; dans la mesure o\u00f9 elles reconnaissent le courage et l&#8217;espoir comme des ressources fondamentales pour affronter les difficult\u00e9s que la vie nous r\u00e9serve.<\/p>\n\n\n\n<h2 class=\"wp-block-heading\">Le concept de r\u00e9silience, en lien avec la spiritualit\u00e9<\/h2>\n\n\n\n<p>Le terme r\u00e9silience vient du latin \u00ab&nbsp;re-salio&nbsp;\u00bb, qui signifie \u00ab&nbsp;rebondir&nbsp;\u00bb ou \u00ab&nbsp;sauter en arri\u00e8re&nbsp;\u00bb. Il a \u00e9t\u00e9 utilis\u00e9 pour la premi\u00e8re fois en physique pour d\u00e9finir la capacit\u00e9 d&#8217;un mat\u00e9riau \u00e0 retrouver sa forme initiale apr\u00e8s avoir \u00e9t\u00e9 d\u00e9form\u00e9 par de fortes pressions. Dans le langage psychologique, la r\u00e9silience d\u00e9signe la capacit\u00e9 d&#8217;une personne ou d&#8217;un syst\u00e8me social \u00e0 se d\u00e9velopper et \u00e0 cro\u00eetre en trouvant un nouvel \u00e9quilibre, malgr\u00e9 les coups durs de la vie. <\/p>\n\n\n\n<p>Comme l&#8217;ont montr\u00e9 les recherches dans le domaine psycho-socio-\u00e9ducatif, apr\u00e8s des \u00e9v\u00e9nements traumatiques, existe la possibilit\u00e9 d&#8217;une r\u00e9cup\u00e9ration \u00e9volutive et d&#8217;un d\u00e9veloppement \u00e9quilibr\u00e9 et r\u00e9silient. Et ce, gr\u00e2ce \u00e0 des <a href=\"https:\/\/bice.org\/fr\/la-resilience-au-coeur-de-notre-action\/les-facteurs-de-resilience-et-de-non-resilience\/\">facteurs de protection<\/a> li\u00e9s \u00e0 l&#8217;individu lui-m\u00eame et aux soutiens culturels, sociaux et spirituels qu&#8217;il rencontre dans son environnement. Un exemple, celui de Jos\u00e9phine Bakhita, aujourd&#8217;hui sainte, enlev\u00e9e \u00e0 l&#8217;\u00e2ge de 8 ans par des commer\u00e7ants arabes, tortur\u00e9e et vendue. Son courage, sa foi et sa charit\u00e9 lui ont permis de ne plus se sentir esclave ; mais, dans la s\u00e9r\u00e9nit\u00e9, enfant libre de Dieu. (cit\u00e9 par Beno\u00eet XVI dans <em>Spe Salvi<\/em>)<\/p>\n\n\n\n<p>J\u00e9sus-Christ nous a r\u00e9v\u00e9l\u00e9 que, quoi qu&#8217;il arrive, la vie est plus forte que la mort. M\u00eame les blessures peuvent \u00eatre recousues et r\u00e9g\u00e9n\u00e9r\u00e9es en une vie nouvelle. L\u2019espoir fait vraiment partie de la vie. Cela ne justifie ni ne glorifie la souffrance ; mais peut contribuer \u00e0 all\u00e9ger le d\u00e9sespoir face \u00e0 des blessures qui seraient sinon de la pure destruction. L&#8217;image de Thomas rencontrant J\u00e9sus apr\u00e8s sa R\u00e9surrection en est une d\u00e9monstration puissante. Toutes les blessures du Christ demeurent mais sont devenues une chemin nouveau et inattendu pour l&#8217;atteindre. (Jean 20.27)&nbsp;&nbsp;&nbsp;&nbsp;<\/p>\n\n\n\n<div class=\"wp-block-buttons is-content-justification-center is-layout-flex wp-container-core-buttons-is-layout-16018d1d wp-block-buttons-is-layout-flex\">\n<div class=\"wp-block-button is-style-outline is-style-outline--1\"><a class=\"wp-block-button__link wp-element-button\" href=\"https:\/\/bice.org\/fr\/la-resilience-au-coeur-de-notre-action\/\">La r\u00e9silience au c\u0153ur des actions du BICE<\/a><\/div>\n<\/div>\n\n\n\n<h2 class=\"wp-block-heading\">R\u00e9silience et r\u00e9surrection : un point de vue chr\u00e9tien<\/h2>\n\n\n\n<p>Nous disposons d\u2019un fil rouge tr\u00e8s pr\u00e9sent de l&#8217;espoir, de la possibilit\u00e9 de revenir \u00e0 la vie ; qui atteint certainement son apog\u00e9e dans la R\u00e9surrection du Christ, dans l&#8217;h\u00e9ritage biblique jud\u00e9o-chr\u00e9tien. La Doctrine sociale de l&#8217;\u00c9glise s\u2019y r\u00e9f\u00e8re, ainsi qu\u2019aux textes post\u00e9rieurs, lorsqu&#8217;elle enseigne, avec une pr\u00e9occupation constante pour les graves probl\u00e8mes du monde contemporain, qu&#8217;il y a dans le c\u0153ur de chaque \u00eatre humain une \u00e9tincelle qui le pousse \u00e0 agir en accord avec sa dignit\u00e9. Une \u00e9tincelle qui ne peut \u00eatre compl\u00e8tement \u00e9teinte par des forces contraires.&nbsp;<\/p>\n\n\n\n<p>La possibilit\u00e9 que la vie bless\u00e9e par des \u00e9v\u00e9nements adverses puisse se transformer en une existence nouvelle, inesp\u00e9r\u00e9e, est au c\u0153ur du message chr\u00e9tien. Elle est aussi au c\u0153ur de la dynamique de la r\u00e9silience. Comme le confirme la recherche scientifique, les situations douloureuses ne doivent pas se percevoir comme un destin in\u00e9luctable. Face aux \u00e9preuves de la vie, l&#8217;homme est capable de trouver de nouvelles voies&nbsp;; d&#8217;att\u00e9nuer les dimensions traumatiques gr\u00e2ce au soutien humain, culturel et social qu&#8217;il rencontre. On ne peut donc manquer d&#8217;\u00eatre frapp\u00e9 par l&#8217;\u00e9tonnante coh\u00e9rence entre les d\u00e9ductions th\u00e9oriques et pratiques pr\u00e9sentes dans les \u00e9tudes sur la r\u00e9silience d&#8217;une part et les textes \u00e9vang\u00e9liques d&#8217;autre part.<\/p>\n\n\n\n<p>De nombreux documents eccl\u00e9siastiques &#8211; et le pape Fran\u00e7ois aujourd&#8217;hui &#8211; nous invitent \u00e0 ne pas baisser les bras et indiquent que la force de l&#8217;espoir est la cl\u00e9 pour surmonter les peurs, les ins\u00e9curit\u00e9s et les angoisses de l&#8217;humanit\u00e9. \u00ab&nbsp;<em>N&#8217;ayez pas peur de la fragilit\u00e9. Dans la marche, l&#8217;important n&#8217;est pas de ne pas tomber, mais de ne pas rester \u00e0 terre. L\u00e8ve-toi vite, maintenant, et continue \u00e0 avancer.&nbsp;<\/em>\u00bb (Pape Fran\u00e7ois, Journ\u00e9es mondiales de la jeunesse, Panama, 2019). La r\u00e9silience ne signifie pas s&#8217;asseoir et attendre que la douleur passe ; mais continuer \u00e0 avancer, en marchant en communaut\u00e9, en faisant confiance \u00e0 la Providence. Dans ce sens, nous parlons de parcours de r\u00e9silience, qui ne sont pas lin\u00e9aires ; mais avec des hauts et des bas, des r\u00e9cup\u00e9rations et des rechutes li\u00e9es \u00e0 l&#8217;intensit\u00e9, \u00e0 la dur\u00e9e de l&#8217;\u00e9v\u00e9nement traumatique v\u00e9cu, aux ressources personnelles et environnementales de chacun.<\/p>\n\n\n\n<h2 class=\"wp-block-heading\">Les voies de la r\u00e9silience essentiellement relationnelles<\/h2>\n\n\n\n<p>C&#8217;est pr\u00e9cis\u00e9ment ce sur quoi la Doctrine sociale de l&#8217;\u00c9glise se penche ; consciente que la promotion de la r\u00e9silience de ceux qui vivent des situations indignes et injustes d\u00e9pend de l&#8217;attention et la proximit\u00e9 de personnes capables d&#8217;empathie et d&#8217;affection.<\/p>\n\n\n\n<p>Ainsi les voies de la r\u00e9silience sont essentiellement relationnelles, tout comme la vie humaine : \u00ab&nbsp;<em>La r\u00e9cente pand\u00e9mie nous a permis de retrouver et d&#8217;appr\u00e9cier de nombreux compagnons de route qui, dans la peur, ont r\u00e9agi en donnant leur vie. Nous avons pu constater que nos vies sont entrelac\u00e9es. &nbsp;Que nos vies sont soutenues par des personnes ordinaires qui<\/em> <em>ont \u00e9crit les \u00e9v\u00e9nements d\u00e9cisifs de notre histoire commune<\/em>. <em>M\u00e9decins, infirmi\u00e8res et infirmiers, pharmaciens, employ\u00e9s de supermarch\u00e9, personnel de nettoyage, soignants, transporteurs, hommes et femmes travaillant pour assurer les services essentiels et la s\u00e9curit\u00e9, b\u00e9n\u00e9voles, pr\u00eatres, religieuses&#8230; Ces personnes ont compris que personne n&#8217;est sauv\u00e9 seul.&nbsp;<\/em>\u00bb (Encyclique<em> <a href=\"https:\/\/www.vatican.va\/content\/francesco\/fr\/encyclicals\/documents\/papa-francesco_20201003_enciclica-fratelli-tutti.html\">Fratelli tutti \u2013 Tous fr\u00e8res<\/a><\/em>, 54, 2020). <\/p>\n\n\n\n<p>Ainsi, elles ont su interpr\u00e9ter l&#8217;esprit d&#8217;<em><a href=\"https:\/\/www.vatican.va\/content\/francesco\/fr\/apost_exhortations\/documents\/papa-francesco_esortazione-ap_20131124_evangelii-gaudium.html\">Evangelii Gaudium<\/a> <\/em>(<em>La joie de l\u2019\u00c9vangile<\/em>, 2013). \u00ab&nbsp;<em>Petits mais forts dans l&#8217;amour de Dieu, comme Saint Fran\u00e7ois d&#8217;Assise, appel\u00e9s \u00e0 prendre soin de la fragilit\u00e9 des personnes et du monde dans lequel nous vivons.<\/em>&nbsp;\u00bb (EG, 216)<\/p>\n\n\n\n<div style=\"height:46px\" aria-hidden=\"true\" class=\"wp-block-spacer\"><\/div>\n\n\n<div class=\"bice-encadres \" style=\"background-color: #d7e2eb\">\n\n  <div class=\"bice-encadres-text\">\n\n    <h2>Bibliographie<\/h2>\n\n    <p><!-- wp:heading --><\/p>\n<p>Cameron P. (2010). <em>Un jour, cette douleurte servira<\/em>, Rivages, Paris<\/p>\n<p><!-- \/wp:paragraph --> <!-- wp:paragraph --><\/p>\n<p>Castelli C. (2011). <em>Resilienza e creativit\u00e0,. Teorie e tecniche nei contesti di vulnerabilit\u00e0<\/em>, Franco Angeli, Milano<\/p>\n<p><!-- \/wp:paragraph --> <!-- wp:paragraph --><\/p>\n<p>Cyrulnik B. (1999). <em>Un merveilleux malheur<\/em>, Odile Jacob, Paris<\/p>\n<p><!-- \/wp:paragraph --> <!-- wp:paragraph --><\/p>\n<p>Sandrin L. (2018). <em>Resilienza- La forza di camminare controvento<\/em>, Cittadella Editrice, Assisi<\/p>\n<p><!-- \/wp:paragraph --> <!-- wp:paragraph --><\/p>\n<p>Vanistendael S. et Lecomte J. (2000). <em>Le bonheur est<\/em> <em>toujours possible. Construire la r\u00e9silience<\/em>, Bayard, Paris<\/p>\n<p><!-- \/wp:paragraph --> <!-- wp:paragraph --><\/p>\n<p>Vanistendael S. (2012). <a href=\"https:\/\/bice.org\/fr\/produit\/resilience-et-spiritualite\/\"><em>R\u00e9silience et spiritualit\u00e9. Le r\u00e9alisme de la foi<\/em><\/a>, Les Cahiers du BICE, Gen\u00e8ve<\/p>\n<p><em>Vanistendael S. (2012). La r\u00e9silience : \u00e0 la recherche d\u2019une esp\u00e9rance r\u00e9aliste, <\/em><a href=\"https:\/\/hokhma.net\/lesite\/\">Hokhma<\/a> <em>n\u00b0102\/2012, p. 19-34.<br \/>\n<\/em>R\u00e9sum\u00e9 : La r\u00e9alit\u00e9 de vie de la r\u00e9silience est reconnue \u00e0 travers diff\u00e9rents continents et cultures. Le pr\u00e9sent article rappelle le changement de perspective introduit par la recherche fondatrice de la r\u00e9silience, ainsi qu&#8217;une s\u00e9rie de nuances \u00e9mergeant de l&#8217;exp\u00e9rience de vie ou des recherches scientifiques. Il explore comment la r\u00e9silience est tr\u00e8s pr\u00e9sente dans la Bible, comme dynamique fondamentale de vie, en articulant esp\u00e9rance et r\u00e9alisme. Ce texte sugg\u00e8re que la r\u00e9silience jette une lumi\u00e8re nouvelle sur un myst\u00e8re cl\u00e9 de la foi chr\u00e9tienne, la r\u00e9surrection, sans que ce myst\u00e8re soit expliqu\u00e9. Il est \u00e0 souligner que cet article est le r\u00e9sultat d&#8217;une \u00e9troite collaboration oecum\u00e9nique entre l&#8217;auteur et le comit\u00e9 de r\u00e9daction de la revue.<\/p>\n<p><!-- \/wp:paragraph --><\/p>\n\n\n  <\/div>\n\n  \n<\/div>\n\n\n\n<p><\/p>\n","protected":false},"excerpt":{"rendered":"<p>La r\u00e9silience est la capacit\u00e9 d&#8217;un individu, d&#8217;un groupe ou d&#8217;une communaut\u00e9 \u00e0 faire face aux adversit\u00e9s de la vie et \u00e0 les surmonter. Les \u00e9crits de l\u2019\u00c9glise catholique, bien que n&#8217;envisageant pas le terme de r\u00e9silience, en ont toujours interpr\u00e9t\u00e9 l&#8217;esprit et le sens.<\/p>\n","protected":false},"author":19,"featured_media":61453,"parent":61017,"menu_order":7,"comment_status":"closed","ping_status":"closed","template":"","meta":{"_acf_changed":false,"footnotes":""},"class_list":["post-61452","page","type-page","status-publish","has-post-thumbnail","hentry"],"acf":[],"yoast_head":"<!-- This site is optimized with the Yoast SEO plugin v27.2 - https:\/\/yoast.com\/product\/yoast-seo-wordpress\/ -->\n<title>R\u00e9silience et spiritualit\u00e9 | BICE<\/title>\n<meta name=\"description\" content=\"Les \u00e9crits de l\u2019\u00c9glise catholique, bien que n&#039;envisageant pas le terme de r\u00e9silience, en ont toujours interpr\u00e9t\u00e9 l&#039;esprit et le sens.\" \/>\n<meta name=\"robots\" content=\"index, follow, max-snippet:-1, max-image-preview:large, max-video-preview:-1\" \/>\n<link rel=\"canonical\" href=\"https:\/\/bice.org\/fr\/wp-json\/wp\/v2\/pages\/61452\" \/>\n<meta property=\"og:locale\" content=\"fr_FR\" \/>\n<meta property=\"og:type\" content=\"article\" \/>\n<meta property=\"og:title\" content=\"R\u00e9silience et spiritualit\u00e9 | BICE\" \/>\n<meta property=\"og:description\" content=\"Les \u00e9crits de l\u2019\u00c9glise catholique, bien que n&#039;envisageant pas le terme de r\u00e9silience, en ont toujours interpr\u00e9t\u00e9 l&#039;esprit et le sens.\" \/>\n<meta property=\"og:url\" content=\"https:\/\/bice.org\/fr\/la-resilience-au-coeur-de-notre-action\/resilience-et-spiritualite\/\" \/>\n<meta property=\"og:site_name\" content=\"BICE - ONG de protection des droits de l&#039;enfant\" \/>\n<meta property=\"article:modified_time\" content=\"2024-09-10T12:35:09+00:00\" \/>\n<meta property=\"og:image\" content=\"https:\/\/i0.wp.com\/bice.org\/app\/uploads\/2021\/09\/BICE-resilience-et-spiritualite-scaled.jpg?fit=2560%2C1484&ssl=1\" \/>\n\t<meta property=\"og:image:width\" content=\"2560\" \/>\n\t<meta property=\"og:image:height\" content=\"1484\" \/>\n\t<meta property=\"og:image:type\" content=\"image\/jpeg\" \/>\n<meta name=\"twitter:card\" content=\"summary_large_image\" \/>\n<meta name=\"twitter:label1\" content=\"Dur\u00e9e de lecture estim\u00e9e\" \/>\n\t<meta name=\"twitter:data1\" content=\"6 minutes\" \/>\n<!-- \/ Yoast SEO plugin. -->","yoast_head_json":{"title":"R\u00e9silience et spiritualit\u00e9 | BICE","description":"Les \u00e9crits de l\u2019\u00c9glise catholique, bien que n'envisageant pas le terme de r\u00e9silience, en ont toujours interpr\u00e9t\u00e9 l'esprit et le sens.","robots":{"index":"index","follow":"follow","max-snippet":"max-snippet:-1","max-image-preview":"max-image-preview:large","max-video-preview":"max-video-preview:-1"},"canonical":"https:\/\/bice.org\/fr\/wp-json\/wp\/v2\/pages\/61452","og_locale":"fr_FR","og_type":"article","og_title":"R\u00e9silience et spiritualit\u00e9 | BICE","og_description":"Les \u00e9crits de l\u2019\u00c9glise catholique, bien que n'envisageant pas le terme de r\u00e9silience, en ont toujours interpr\u00e9t\u00e9 l'esprit et le sens.","og_url":"https:\/\/bice.org\/fr\/la-resilience-au-coeur-de-notre-action\/resilience-et-spiritualite\/","og_site_name":"BICE - ONG de protection des droits de l&#039;enfant","article_modified_time":"2024-09-10T12:35:09+00:00","og_image":[{"width":2560,"height":1484,"url":"https:\/\/i0.wp.com\/bice.org\/app\/uploads\/2021\/09\/BICE-resilience-et-spiritualite-scaled.jpg?fit=2560%2C1484&ssl=1","type":"image\/jpeg"}],"twitter_card":"summary_large_image","twitter_misc":{"Dur\u00e9e de lecture estim\u00e9e":"6 minutes"},"schema":{"@context":"https:\/\/schema.org","@graph":[{"@type":"WebPage","@id":"https:\/\/bice.org\/fr\/la-resilience-au-coeur-de-notre-action\/resilience-et-spiritualite\/","url":"https:\/\/bice.org\/fr\/la-resilience-au-coeur-de-notre-action\/resilience-et-spiritualite\/","name":"R\u00e9silience et spiritualit\u00e9 | BICE","isPartOf":{"@id":"https:\/\/bice.org\/fr\/#website"},"primaryImageOfPage":{"@id":"https:\/\/bice.org\/fr\/la-resilience-au-coeur-de-notre-action\/resilience-et-spiritualite\/#primaryimage"},"image":{"@id":"https:\/\/bice.org\/fr\/la-resilience-au-coeur-de-notre-action\/resilience-et-spiritualite\/#primaryimage"},"thumbnailUrl":"https:\/\/i0.wp.com\/bice.org\/app\/uploads\/2021\/09\/BICE-resilience-et-spiritualite-scaled.jpg?fit=2560%2C1484&ssl=1","datePublished":"2021-09-13T08:45:52+00:00","dateModified":"2024-09-10T12:35:09+00:00","description":"Les \u00e9crits de l\u2019\u00c9glise catholique, bien que n'envisageant pas le terme de r\u00e9silience, en ont toujours interpr\u00e9t\u00e9 l'esprit et le sens.","breadcrumb":{"@id":"https:\/\/bice.org\/fr\/la-resilience-au-coeur-de-notre-action\/resilience-et-spiritualite\/#breadcrumb"},"inLanguage":"fr-FR","potentialAction":[{"@type":"ReadAction","target":["https:\/\/bice.org\/fr\/la-resilience-au-coeur-de-notre-action\/resilience-et-spiritualite\/"]}]},{"@type":"ImageObject","inLanguage":"fr-FR","@id":"https:\/\/bice.org\/fr\/la-resilience-au-coeur-de-notre-action\/resilience-et-spiritualite\/#primaryimage","url":"https:\/\/i0.wp.com\/bice.org\/app\/uploads\/2021\/09\/BICE-resilience-et-spiritualite-scaled.jpg?fit=2560%2C1484&ssl=1","contentUrl":"https:\/\/i0.wp.com\/bice.org\/app\/uploads\/2021\/09\/BICE-resilience-et-spiritualite-scaled.jpg?fit=2560%2C1484&ssl=1","width":2560,"height":1484,"caption":"\u00a9 T. Louapre"},{"@type":"BreadcrumbList","@id":"https:\/\/bice.org\/fr\/la-resilience-au-coeur-de-notre-action\/resilience-et-spiritualite\/#breadcrumb","itemListElement":[{"@type":"ListItem","position":1,"name":"Accueil","item":"https:\/\/bice.org\/fr\/"},{"@type":"ListItem","position":2,"name":"La r\u00e9silience au c\u0153ur de notre action","item":"https:\/\/bice.org\/fr\/la-resilience-au-coeur-de-notre-action\/"},{"@type":"ListItem","position":3,"name":"R\u00e9silience et spiritualit\u00e9"}]},{"@type":"WebSite","@id":"https:\/\/bice.org\/fr\/#website","url":"https:\/\/bice.org\/fr\/","name":"BICE - ONG de protection des droits de l&#039;enfant","description":"Notre mission : D\u00e9fendre les droits et la dignit\u00e9 des enfants partout dans le monde","publisher":{"@id":"https:\/\/bice.org\/fr\/#organization"},"potentialAction":[{"@type":"SearchAction","target":{"@type":"EntryPoint","urlTemplate":"https:\/\/bice.org\/fr\/?s={search_term_string}"},"query-input":{"@type":"PropertyValueSpecification","valueRequired":true,"valueName":"search_term_string"}}],"inLanguage":"fr-FR"},{"@type":"Organization","@id":"https:\/\/bice.org\/fr\/#organization","name":"BICE","url":"https:\/\/bice.org\/fr\/","logo":{"@type":"ImageObject","inLanguage":"fr-FR","@id":"https:\/\/bice.org\/fr\/#\/schema\/logo\/image\/","url":"https:\/\/bice.org\/app\/uploads\/2022\/06\/favicon.ico","contentUrl":"https:\/\/bice.org\/app\/uploads\/2022\/06\/favicon.ico","width":64,"height":64,"caption":"BICE"},"image":{"@id":"https:\/\/bice.org\/fr\/#\/schema\/logo\/image\/"}}]}},"jetpack_sharing_enabled":true,"_links":{"self":[{"href":"https:\/\/bice.org\/fr\/wp-json\/wp\/v2\/pages\/61452","targetHints":{"allow":["GET"]}}],"collection":[{"href":"https:\/\/bice.org\/fr\/wp-json\/wp\/v2\/pages"}],"about":[{"href":"https:\/\/bice.org\/fr\/wp-json\/wp\/v2\/types\/page"}],"author":[{"embeddable":true,"href":"https:\/\/bice.org\/fr\/wp-json\/wp\/v2\/users\/19"}],"replies":[{"embeddable":true,"href":"https:\/\/bice.org\/fr\/wp-json\/wp\/v2\/comments?post=61452"}],"version-history":[{"count":0,"href":"https:\/\/bice.org\/fr\/wp-json\/wp\/v2\/pages\/61452\/revisions"}],"up":[{"embeddable":true,"href":"https:\/\/bice.org\/fr\/wp-json\/wp\/v2\/pages\/61017"}],"wp:featuredmedia":[{"embeddable":true,"href":"https:\/\/bice.org\/fr\/wp-json\/wp\/v2\/media\/61453"}],"wp:attachment":[{"href":"https:\/\/bice.org\/fr\/wp-json\/wp\/v2\/media?parent=61452"}],"curies":[{"name":"wp","href":"https:\/\/api.w.org\/{rel}","templated":true}]}}