{"id":67294,"date":"2022-02-21T15:18:29","date_gmt":"2022-02-21T14:18:29","guid":{"rendered":"https:\/\/bice.org\/?page_id=67294"},"modified":"2024-09-11T12:39:08","modified_gmt":"2024-09-11T10:39:08","slug":"revue-de-presse-2021","status":"publish","type":"page","link":"https:\/\/bice.org\/fr\/revue-de-presse-2021\/","title":{"rendered":"Revue de presse 2021"},"content":{"rendered":"\n<p>Pour toute information compl\u00e9mentaire, n\u2019h\u00e9sitez pas \u00e0 nous contacter.<br>T\u00e9l : 01 53 35 01 00<\/p>\n\n\n\n<h2 class=\"wp-block-heading\" id=\"les-actions-du-bice\">Les actions du BICE<\/h2>\n\n\n\n<p>TEMOIGNAGE CHRETIEN (suppl\u00e9ment) \u2013 Print \u2013 Janvier 2021<br><em>Enfance &#8211;&nbsp; Une \u00e9cole hors les murs<\/em><\/p>\n\n\n\n<p>RCF RADIO \u2013 chronique hebdomadaire de 3 mn \u2013 Janvier \u00e0 d\u00e9cembre 2021 <br><em><a href=\"https:\/\/rcf.fr\/ecologie-et-solidarite\/enfants-du-monde-avec-le-bice\">Enfants du monde avec le BICE<\/a><\/em><\/p>\n\n\n\n<p>GLOBAL CATHOLIC EDUCATION \u2013 Online \u2013 F\u00e9vrier 2021<br><a href=\"https:\/\/e09c9478-419d-4177-930b-8abd3c6e96ac.filesusr.com\/ugd\/b9597a_c2a4f90199634b8eb134c44db9411204.pdf\"><em>Entretien avec Alessandra Aula, secr\u00e9taire g\u00e9n\u00e9rale du BICE<\/em><\/a> <\/p>\n\n\n\n<p>COURRIER FRAN\u00c7AIS (\u00e9dition Dordogne) \u2013 Print \u2013 19 f\u00e9vrier 2021<br><em>Une figure pour la jeunesse<\/em><\/p>\n\n\n\n<p>PATAPON \u2013 Print \u2013 Mars 2021<br>Article sur l&#8217;Inde et le travail de notre partenaire Aina Trust<\/p>\n\n\n\n<p>MEDIAPART \u2013 Online \u2013 18 mars 2021<br><em><a href=\"https:\/\/blogs.mediapart.fr\/freddy-mulongo\/blog\/180321\/onu-debats-generaux-sur-les-organismes-mecanismes-de-protection-des-droits\">ONU&nbsp;: d\u00e9bats g\u00e9n\u00e9raux sur les organismes, m\u00e9canismes de protection des droits de l\u2019homme et sur l\u2019EPU<\/a><\/em><\/p>\n\n\n\n<p>MEDIAPART \u2013 Online \u2013 22 mars 2021<br><em><a href=\"file:\/\/\/U:\/RETOMBEES%20MEDIAS\/2021\/2021-03-22-blogs.mediapart.fr-22%20mars%202021-50000000350411769.pdf\">Violences \u00e0 l\u2019Est du Congo&nbsp;: Michelle Bachelet, cheffe des droits de l\u2019ONU s\u2019inqui\u00e8te&nbsp;!<\/a><\/em><\/p>\n\n\n\n<p>EL ESPECTATOR (Colombie) \u2013 Online \u2013 24 mars 2021<br><em><a href=\"https:\/\/www.elespectador.com\/colombia\/mas-regiones\/a-los-jovenes-hay-que-darles-oportunidades-article\/\">A los j\u00f3venes hay que darles oportunidades<\/a><\/em><\/p>\n\n\n\n<p>PATAPON \u2013 Print \u2013 Juillet-Ao\u00fbt 2021<br><em>Article sur la R\u00e9publique d\u00e9mocratique du Congo et sur notre partenaire Peder<\/em><\/p>\n\n\n\n<p>COURRIER FRAN\u00c7AIS (\u00e9dition Dordogne) \u2013 Print \u2013 20 ao\u00fbt 2021<br><em>Ce que vous faites aux plus \u00ab&nbsp;petits&nbsp;\u00bb<\/em><\/p>\n\n\n\n<p>ABIDJAN.NET (C\u00f4te d&#8217;Ivoire) \u2013 Online \u2013 2 septembre 2021<br><em><a href=\"https:\/\/news.abidjan.net\/articles\/697011\/des-ong-engagees-dans-la-lutte-contre-les-vbg-en-formation-a-abidjan\">Des ONG engag\u00e9es dans la lutte contre les VBG en formation \u00e0 Abidjan<\/a><\/em><\/p>\n\n\n\n<p>LA DOCTRINE SOCIALE SUR LE FIL \u2013 Online \u2013 7 septembre 2021<br><em><a href=\"https:\/\/doctrine-sociale.blogs.la-croix.com\/les-catholiques-et-les-personnes-handicapees-en-france\/2021\/09\/07\/\">Les catholiques et les personnes handicap\u00e9es en France<\/a><\/em><\/p>\n\n\n\n<p>ABIDJAN.NET (C\u00f4te d&#8217;Ivoire) \u2013 Online \u2013 7 septembre 2021<br><em><a href=\"https:\/\/news.abidjan.net\/articles\/697227\/long-dde-ci-salue-les-initiatives-de-letat-en-matiere-de-justice-juvenile-reparatrice\">L\u2019ONG DDE-CI salue les initiatives de l\u2019Etat en mati\u00e8re de justice juv\u00e9nile r\u00e9paratrice<\/a><\/em><\/p>\n\n\n\n<p>Journ\u00e9e mondiale du refus de la mis\u00e8re, ATD QUART MONDE \u2013 Online \u2013 17 octobre 2021<br><em><a href=\"https:\/\/www.atd-quartmonde.fr\/une-aide-precieuse-pour-reprendre-ma-vie-en-main\/\">Une aide pr\u00e9cieuse pour reprendre ma vie en main<\/a><\/em><\/p>\n\n\n\n<p>PATAPON \u2013 Print \u2013 Novembre 2021<br>Article sur des familles d\u00e9favoris\u00e9es Quechua en Bolivie et sur notre partenaire Bolivia Digna<\/p>\n\n\n\n<h2 class=\"wp-block-heading\" id=\"zoom-sur-le-festival-enfances-dans-le-monde\">Zoom sur le festival Enfances dans le Monde<\/h2>\n\n\n\n<p>PHOSPHORE \u2013 Online \u2013 Octobre 2021<br><em><a href=\"https:\/\/www.phosphore.com\/actu-en-clair\/comment-rediger-une-critique-de-film\/\">Comment r\u00e9diger une critique de film ?<\/a><\/em><\/p>\n\n\n\n<p>\u00c9GLISE CATHOLIQUE EN FRANCE  \u2013 Online \u2013 Octobre 2021<br><em><a href=\"https:\/\/eglise.catholique.fr\/sengager-dans-la-societe\/culture\/leglise-et-le-cinema\/490425-les-festivals-chretiens-de-cinema\/\">Les festivals chr\u00e9tiens de cin\u00e9ma<\/a><\/em><\/p>\n\n\n\n<p>RCF RADIO &#8211; \u00c9mission de radio &#8211; 9 novembre 2021<br><em><a href=\"https:\/\/rcf.fr\/articles\/culture-et-societe\/enfances-dans-le-monde-un-festival-de-films-documentaires-consacre-a\">Enfances dans le monde, un festival de films documentaires consacr\u00e9 \u00e0 l&#8217;enfance<\/a><\/em><\/p>\n","protected":false},"excerpt":{"rendered":"<p>ON PARLE DU BICE\u2026 Vous trouverez ci-dessous la revue de presse li\u00e9e aux actualit\u00e9s du BICE et aux \u00e9v\u00e9nements organis\u00e9s par l&#8217;association.<\/p>\n","protected":false},"author":19,"featured_media":65799,"parent":0,"menu_order":1,"comment_status":"closed","ping_status":"closed","template":"","meta":{"_acf_changed":false,"footnotes":""},"class_list":["post-67294","page","type-page","status-publish","has-post-thumbnail","hentry"],"acf":[],"yoast_head":"<!-- This site is optimized with the Yoast SEO plugin v27.2 - https:\/\/yoast.com\/product\/yoast-seo-wordpress\/ -->\n<title>Revue de presse 2021 | BICE<\/title>\n<meta name=\"description\" content=\"ON PARLE DU BICE\u2026 Vous trouverez ci-dessous la revue de presse li\u00e9e aux actualit\u00e9s du BICE et aux \u00e9v\u00e9nements organis\u00e9s par l&#039;association.\" \/>\n<meta name=\"robots\" content=\"index, follow, max-snippet:-1, max-image-preview:large, max-video-preview:-1\" \/>\n<link rel=\"canonical\" href=\"https:\/\/bice.org\/fr\/wp-json\/wp\/v2\/pages\/67294\" \/>\n<meta property=\"og:locale\" content=\"fr_FR\" \/>\n<meta property=\"og:type\" content=\"article\" \/>\n<meta property=\"og:title\" content=\"Revue de presse 2021 | BICE\" \/>\n<meta property=\"og:description\" content=\"ON PARLE DU BICE\u2026 Vous trouverez ci-dessous la revue de presse li\u00e9e aux actualit\u00e9s du BICE et aux \u00e9v\u00e9nements organis\u00e9s par l&#039;association.\" \/>\n<meta property=\"og:url\" content=\"https:\/\/bice.org\/fr\/revue-de-presse-2021\/\" \/>\n<meta property=\"og:site_name\" content=\"BICE - ONG de protection des droits de l&#039;enfant\" \/>\n<meta property=\"article:modified_time\" content=\"2024-09-11T10:39:08+00:00\" \/>\n<meta property=\"og:image\" content=\"https:\/\/i0.wp.com\/bice.org\/app\/uploads\/2022\/01\/ParaguayCEPISantaAna-3.jpg-3.jpg?fit=1000%2C580&ssl=1\" \/>\n\t<meta property=\"og:image:width\" content=\"1000\" \/>\n\t<meta property=\"og:image:height\" content=\"580\" \/>\n\t<meta property=\"og:image:type\" content=\"image\/jpeg\" \/>\n<meta name=\"twitter:card\" content=\"summary_large_image\" \/>\n<meta name=\"twitter:label1\" content=\"Dur\u00e9e de lecture estim\u00e9e\" \/>\n\t<meta name=\"twitter:data1\" content=\"2 minutes\" \/>\n<!-- \/ Yoast SEO plugin. -->","yoast_head_json":{"title":"Revue de presse 2021 | BICE","description":"ON PARLE DU BICE\u2026 Vous trouverez ci-dessous la revue de presse li\u00e9e aux actualit\u00e9s du BICE et aux \u00e9v\u00e9nements organis\u00e9s par l'association.","robots":{"index":"index","follow":"follow","max-snippet":"max-snippet:-1","max-image-preview":"max-image-preview:large","max-video-preview":"max-video-preview:-1"},"canonical":"https:\/\/bice.org\/fr\/wp-json\/wp\/v2\/pages\/67294","og_locale":"fr_FR","og_type":"article","og_title":"Revue de presse 2021 | BICE","og_description":"ON PARLE DU BICE\u2026 Vous trouverez ci-dessous la revue de presse li\u00e9e aux actualit\u00e9s du BICE et aux \u00e9v\u00e9nements organis\u00e9s par l'association.","og_url":"https:\/\/bice.org\/fr\/revue-de-presse-2021\/","og_site_name":"BICE - ONG de protection des droits de l&#039;enfant","article_modified_time":"2024-09-11T10:39:08+00:00","og_image":[{"width":1000,"height":580,"url":"https:\/\/i0.wp.com\/bice.org\/app\/uploads\/2022\/01\/ParaguayCEPISantaAna-3.jpg-3.jpg?fit=1000%2C580&ssl=1","type":"image\/jpeg"}],"twitter_card":"summary_large_image","twitter_misc":{"Dur\u00e9e de lecture estim\u00e9e":"2 minutes"},"schema":{"@context":"https:\/\/schema.org","@graph":[{"@type":"WebPage","@id":"https:\/\/bice.org\/fr\/revue-de-presse-2021\/","url":"https:\/\/bice.org\/fr\/revue-de-presse-2021\/","name":"Revue de presse 2021 | BICE","isPartOf":{"@id":"https:\/\/bice.org\/fr\/#website"},"primaryImageOfPage":{"@id":"https:\/\/bice.org\/fr\/revue-de-presse-2021\/#primaryimage"},"image":{"@id":"https:\/\/bice.org\/fr\/revue-de-presse-2021\/#primaryimage"},"thumbnailUrl":"https:\/\/i0.wp.com\/bice.org\/app\/uploads\/2022\/01\/ParaguayCEPISantaAna-3.jpg-3.jpg?fit=1000%2C580&ssl=1","datePublished":"2022-02-21T14:18:29+00:00","dateModified":"2024-09-11T10:39:08+00:00","description":"ON PARLE DU BICE\u2026 Vous trouverez ci-dessous la revue de presse li\u00e9e aux actualit\u00e9s du BICE et aux \u00e9v\u00e9nements organis\u00e9s par l'association.","breadcrumb":{"@id":"https:\/\/bice.org\/fr\/revue-de-presse-2021\/#breadcrumb"},"inLanguage":"fr-FR","potentialAction":[{"@type":"ReadAction","target":["https:\/\/bice.org\/fr\/revue-de-presse-2021\/"]}]},{"@type":"ImageObject","inLanguage":"fr-FR","@id":"https:\/\/bice.org\/fr\/revue-de-presse-2021\/#primaryimage","url":"https:\/\/i0.wp.com\/bice.org\/app\/uploads\/2022\/01\/ParaguayCEPISantaAna-3.jpg-3.jpg?fit=1000%2C580&ssl=1","contentUrl":"https:\/\/i0.wp.com\/bice.org\/app\/uploads\/2022\/01\/ParaguayCEPISantaAna-3.jpg-3.jpg?fit=1000%2C580&ssl=1","width":1000,"height":580,"caption":"\u00a9 Callescuela, Paraguay"},{"@type":"BreadcrumbList","@id":"https:\/\/bice.org\/fr\/revue-de-presse-2021\/#breadcrumb","itemListElement":[{"@type":"ListItem","position":1,"name":"Accueil","item":"https:\/\/bice.org\/fr\/"},{"@type":"ListItem","position":2,"name":"Revue de presse 2021"}]},{"@type":"WebSite","@id":"https:\/\/bice.org\/fr\/#website","url":"https:\/\/bice.org\/fr\/","name":"BICE - ONG de protection des droits de l&#039;enfant","description":"Notre mission : D\u00e9fendre les droits et la dignit\u00e9 des enfants partout dans le monde","publisher":{"@id":"https:\/\/bice.org\/fr\/#organization"},"potentialAction":[{"@type":"SearchAction","target":{"@type":"EntryPoint","urlTemplate":"https:\/\/bice.org\/fr\/?s={search_term_string}"},"query-input":{"@type":"PropertyValueSpecification","valueRequired":true,"valueName":"search_term_string"}}],"inLanguage":"fr-FR"},{"@type":"Organization","@id":"https:\/\/bice.org\/fr\/#organization","name":"BICE","url":"https:\/\/bice.org\/fr\/","logo":{"@type":"ImageObject","inLanguage":"fr-FR","@id":"https:\/\/bice.org\/fr\/#\/schema\/logo\/image\/","url":"https:\/\/bice.org\/app\/uploads\/2022\/06\/favicon.ico","contentUrl":"https:\/\/bice.org\/app\/uploads\/2022\/06\/favicon.ico","width":64,"height":64,"caption":"BICE"},"image":{"@id":"https:\/\/bice.org\/fr\/#\/schema\/logo\/image\/"}}]}},"jetpack_sharing_enabled":true,"_links":{"self":[{"href":"https:\/\/bice.org\/fr\/wp-json\/wp\/v2\/pages\/67294","targetHints":{"allow":["GET"]}}],"collection":[{"href":"https:\/\/bice.org\/fr\/wp-json\/wp\/v2\/pages"}],"about":[{"href":"https:\/\/bice.org\/fr\/wp-json\/wp\/v2\/types\/page"}],"author":[{"embeddable":true,"href":"https:\/\/bice.org\/fr\/wp-json\/wp\/v2\/users\/19"}],"replies":[{"embeddable":true,"href":"https:\/\/bice.org\/fr\/wp-json\/wp\/v2\/comments?post=67294"}],"version-history":[{"count":0,"href":"https:\/\/bice.org\/fr\/wp-json\/wp\/v2\/pages\/67294\/revisions"}],"wp:featuredmedia":[{"embeddable":true,"href":"https:\/\/bice.org\/fr\/wp-json\/wp\/v2\/media\/65799"}],"wp:attachment":[{"href":"https:\/\/bice.org\/fr\/wp-json\/wp\/v2\/media?parent=67294"}],"curies":[{"name":"wp","href":"https:\/\/api.w.org\/{rel}","templated":true}]}}