{"id":7606,"date":"2015-10-26T14:35:34","date_gmt":"2015-10-26T14:35:34","guid":{"rendered":"https:\/\/bice.org\/fr\/boutique\/"},"modified":"2023-04-25T13:08:47","modified_gmt":"2023-04-25T11:08:47","slug":"boutique","status":"publish","type":"page","link":"https:\/\/bice.org\/fr\/nous-soutenir\/boutique\/","title":{"rendered":"Boutique"},"content":{"rendered":"\n<p>Vous trouverez de tr\u00e8s beaux lots de cartes de v\u0153ux ainsi que toute une s\u00e9rie d\u2019ouvrages sur la r\u00e9silience \u00e9dit\u00e9s par le BICE, fruits d\u2019ann\u00e9es de recherches et d\u2019observations sur le terrain. Ces produits sont vendus uniquement sur notre site.<\/p>\n\n\n\n<p>Seul le r\u00e8glement par ch\u00e8que est possible\u00a0: vos produits vous seront adress\u00e9s d\u00e8s r\u00e9ception de votre paiement. N\u2019h\u00e9sitez pas \u00e0 nous contacter pour toute question au 01 53 35 01 00 ou par mail : <a href=\"mailto:contact@bice.org\" target=\"_blank\" rel=\"noreferrer noopener\">contact@bice.org<\/a><\/p>\n","protected":false},"excerpt":{"rendered":"<p>La boutique du BICE vous propose des cartes et des ouvrages \u00e9dit\u00e9s en exclusivit\u00e9 par le BICE. L\u2019int\u00e9gralit\u00e9 du produit de la vente vient soutenir nos missions aux c\u00f4t\u00e9s des enfants.<\/p>\n","protected":false},"author":1,"featured_media":101015,"parent":10180,"menu_order":8,"comment_status":"closed","ping_status":"closed","template":"","meta":{"_acf_changed":false,"footnotes":""},"class_list":["post-7606","page","type-page","status-publish","has-post-thumbnail","hentry"],"acf":[],"yoast_head":"<!-- This site is optimized with the Yoast SEO plugin v27.2 - https:\/\/yoast.com\/product\/yoast-seo-wordpress\/ -->\n<title>Boutique en ligne | Faites un cadeau solidaire | BICE<\/title>\n<meta name=\"description\" content=\"Boutique du BICE : cartes de v\u0153ux catholiques, publications du BICE\u2026 Faites un cadeau solidaire et soutenez nos projets pour l&#039;enfance !\" \/>\n<meta name=\"robots\" content=\"index, follow, max-snippet:-1, max-image-preview:large, max-video-preview:-1\" \/>\n<link rel=\"canonical\" href=\"https:\/\/bice.org\/fr\/wp-json\/wp\/v2\/pages\/7606\" \/>\n<meta property=\"og:locale\" content=\"fr_FR\" \/>\n<meta property=\"og:type\" content=\"article\" \/>\n<meta property=\"og:title\" content=\"Boutique en ligne | Faites un cadeau solidaire | BICE\" \/>\n<meta property=\"og:description\" content=\"Boutique du BICE : cartes de v\u0153ux catholiques, publications du BICE\u2026 Faites un cadeau solidaire et soutenez nos projets pour l&#039;enfance !\" \/>\n<meta property=\"og:url\" content=\"https:\/\/bice.org\/fr\/nous-soutenir\/boutique\/\" \/>\n<meta property=\"og:site_name\" content=\"BICE - ONG de protection des droits de l&#039;enfant\" \/>\n<meta property=\"article:modified_time\" content=\"2023-04-25T11:08:47+00:00\" \/>\n<meta property=\"og:image\" content=\"https:\/\/i0.wp.com\/bice.org\/app\/uploads\/2023\/03\/vierge-a-l-enfantv2.jpg?fit=604%2C350&ssl=1\" \/>\n\t<meta property=\"og:image:width\" content=\"604\" \/>\n\t<meta property=\"og:image:height\" content=\"350\" \/>\n\t<meta property=\"og:image:type\" content=\"image\/jpeg\" \/>\n<meta name=\"twitter:card\" content=\"summary_large_image\" \/>\n<meta name=\"twitter:label1\" content=\"Dur\u00e9e de lecture estim\u00e9e\" \/>\n\t<meta name=\"twitter:data1\" content=\"1 minute\" \/>\n<!-- \/ Yoast SEO plugin. -->","yoast_head_json":{"title":"Boutique en ligne | Faites un cadeau solidaire | BICE","description":"Boutique du BICE : cartes de v\u0153ux catholiques, publications du BICE\u2026 Faites un cadeau solidaire et soutenez nos projets pour l'enfance !","robots":{"index":"index","follow":"follow","max-snippet":"max-snippet:-1","max-image-preview":"max-image-preview:large","max-video-preview":"max-video-preview:-1"},"canonical":"https:\/\/bice.org\/fr\/wp-json\/wp\/v2\/pages\/7606","og_locale":"fr_FR","og_type":"article","og_title":"Boutique en ligne | Faites un cadeau solidaire | BICE","og_description":"Boutique du BICE : cartes de v\u0153ux catholiques, publications du BICE\u2026 Faites un cadeau solidaire et soutenez nos projets pour l'enfance !","og_url":"https:\/\/bice.org\/fr\/nous-soutenir\/boutique\/","og_site_name":"BICE - ONG de protection des droits de l&#039;enfant","article_modified_time":"2023-04-25T11:08:47+00:00","og_image":[{"width":604,"height":350,"url":"https:\/\/i0.wp.com\/bice.org\/app\/uploads\/2023\/03\/vierge-a-l-enfantv2.jpg?fit=604%2C350&ssl=1","type":"image\/jpeg"}],"twitter_card":"summary_large_image","twitter_misc":{"Dur\u00e9e de lecture estim\u00e9e":"1 minute"},"schema":{"@context":"https:\/\/schema.org","@graph":[{"@type":"WebPage","@id":"https:\/\/bice.org\/fr\/nous-soutenir\/boutique\/","url":"https:\/\/bice.org\/fr\/nous-soutenir\/boutique\/","name":"Boutique en ligne | Faites un cadeau solidaire | BICE","isPartOf":{"@id":"https:\/\/bice.org\/fr\/#website"},"primaryImageOfPage":{"@id":"https:\/\/bice.org\/fr\/nous-soutenir\/boutique\/#primaryimage"},"image":{"@id":"https:\/\/bice.org\/fr\/nous-soutenir\/boutique\/#primaryimage"},"thumbnailUrl":"https:\/\/i0.wp.com\/bice.org\/app\/uploads\/2023\/03\/vierge-a-l-enfantv2.jpg?fit=604%2C350&ssl=1","datePublished":"2015-10-26T14:35:34+00:00","dateModified":"2023-04-25T11:08:47+00:00","description":"Boutique du BICE : cartes de v\u0153ux catholiques, publications du BICE\u2026 Faites un cadeau solidaire et soutenez nos projets pour l'enfance !","breadcrumb":{"@id":"https:\/\/bice.org\/fr\/nous-soutenir\/boutique\/#breadcrumb"},"inLanguage":"fr-FR","potentialAction":[{"@type":"ReadAction","target":["https:\/\/bice.org\/fr\/nous-soutenir\/boutique\/"]}]},{"@type":"ImageObject","inLanguage":"fr-FR","@id":"https:\/\/bice.org\/fr\/nous-soutenir\/boutique\/#primaryimage","url":"https:\/\/i0.wp.com\/bice.org\/app\/uploads\/2023\/03\/vierge-a-l-enfantv2.jpg?fit=604%2C350&ssl=1","contentUrl":"https:\/\/i0.wp.com\/bice.org\/app\/uploads\/2023\/03\/vierge-a-l-enfantv2.jpg?fit=604%2C350&ssl=1","width":604,"height":350,"caption":"Vierge a l'enfant carte de voeux boutique en ligne"},{"@type":"BreadcrumbList","@id":"https:\/\/bice.org\/fr\/nous-soutenir\/boutique\/#breadcrumb","itemListElement":[{"@type":"ListItem","position":1,"name":"Accueil","item":"https:\/\/bice.org\/fr\/"},{"@type":"ListItem","position":2,"name":"Nous soutenir","item":"https:\/\/bice.org\/fr\/nous-soutenir\/"},{"@type":"ListItem","position":3,"name":"Boutique"}]},{"@type":"WebSite","@id":"https:\/\/bice.org\/fr\/#website","url":"https:\/\/bice.org\/fr\/","name":"BICE - ONG de protection des droits de l&#039;enfant","description":"Notre mission : D\u00e9fendre les droits et la dignit\u00e9 des enfants partout dans le monde","publisher":{"@id":"https:\/\/bice.org\/fr\/#organization"},"potentialAction":[{"@type":"SearchAction","target":{"@type":"EntryPoint","urlTemplate":"https:\/\/bice.org\/fr\/?s={search_term_string}"},"query-input":{"@type":"PropertyValueSpecification","valueRequired":true,"valueName":"search_term_string"}}],"inLanguage":"fr-FR"},{"@type":"Organization","@id":"https:\/\/bice.org\/fr\/#organization","name":"BICE","url":"https:\/\/bice.org\/fr\/","logo":{"@type":"ImageObject","inLanguage":"fr-FR","@id":"https:\/\/bice.org\/fr\/#\/schema\/logo\/image\/","url":"https:\/\/bice.org\/app\/uploads\/2022\/06\/favicon.ico","contentUrl":"https:\/\/bice.org\/app\/uploads\/2022\/06\/favicon.ico","width":64,"height":64,"caption":"BICE"},"image":{"@id":"https:\/\/bice.org\/fr\/#\/schema\/logo\/image\/"}}]}},"jetpack_sharing_enabled":true,"_links":{"self":[{"href":"https:\/\/bice.org\/fr\/wp-json\/wp\/v2\/pages\/7606","targetHints":{"allow":["GET"]}}],"collection":[{"href":"https:\/\/bice.org\/fr\/wp-json\/wp\/v2\/pages"}],"about":[{"href":"https:\/\/bice.org\/fr\/wp-json\/wp\/v2\/types\/page"}],"author":[{"embeddable":true,"href":"https:\/\/bice.org\/fr\/wp-json\/wp\/v2\/users\/1"}],"replies":[{"embeddable":true,"href":"https:\/\/bice.org\/fr\/wp-json\/wp\/v2\/comments?post=7606"}],"version-history":[{"count":0,"href":"https:\/\/bice.org\/fr\/wp-json\/wp\/v2\/pages\/7606\/revisions"}],"up":[{"embeddable":true,"href":"https:\/\/bice.org\/fr\/wp-json\/wp\/v2\/pages\/10180"}],"wp:featuredmedia":[{"embeddable":true,"href":"https:\/\/bice.org\/fr\/wp-json\/wp\/v2\/media\/101015"}],"wp:attachment":[{"href":"https:\/\/bice.org\/fr\/wp-json\/wp\/v2\/media?parent=7606"}],"curies":[{"name":"wp","href":"https:\/\/api.w.org\/{rel}","templated":true}]}}