{"id":78454,"date":"2022-08-30T17:25:02","date_gmt":"2022-08-30T15:25:02","guid":{"rendered":"https:\/\/bice.org\/?page_id=78454"},"modified":"2025-05-02T09:13:43","modified_gmt":"2025-05-02T07:13:43","slug":"association-violence-enfance","status":"publish","type":"page","link":"https:\/\/bice.org\/fr\/actions-de-terrain\/domaines-daction\/association-violence-enfance\/","title":{"rendered":"Le BICE agit contre les violences faites aux enfants"},"content":{"rendered":"\n<div class=\"wp-block-columns is-layout-flex wp-container-core-columns-is-layout-9d6595d7 wp-block-columns-is-layout-flex\">\n<div class=\"wp-block-column is-layout-flow wp-block-column-is-layout-flow\">\n<p class=\"has-text-align-left\"><a href=\"#chiffres\">Quelques chiffres<\/a><\/p>\n<\/div>\n\n\n\n<div class=\"wp-block-column is-layout-flow wp-block-column-is-layout-flow\">\n<p class=\"has-text-align-left\"><a href=\"#formesviolence\">Les diff\u00e9rentes formes de violence<\/a> <\/p>\n<\/div>\n\n\n\n<div class=\"wp-block-column is-layout-flow wp-block-column-is-layout-flow\">\n<p class=\"has-text-align-left\">  <a href=\"#actionsBICE\">Les actions du BICE pour lutter contre les violences<\/a><\/p>\n<\/div>\n<\/div>\n\n\n\n<p><\/p>\n\n\n\n<h2 class=\"wp-block-heading\" id=\"chiffres\">Violence infantile&nbsp;: 1 enfant sur 2 en est victime dans le monde<\/h2>\n\n\n\n<p>Les chiffres sont alarmants, douloureux. Chaque ann\u00e9e, selon les agences des Nations unies<strong>, un milliard d\u2019enfants &#8211; soit un enfant sur deux dans le monde &#8211; sont victimes d&#8217;actes de violence physique, sexuelle ou psychologique<\/strong>. Il est, plus pr\u00e9cis\u00e9ment, estim\u00e9 qu\u20191 sur 4 est victime de violence physique. Et qu\u2019une 1 fille sur 5 est victime de violence sexuelle au moins une fois dans sa vie*. Des violences dont l\u2019intensit\u00e9 et la fr\u00e9quence ont augment\u00e9 pendant la crise sanitaire et les mesures de confinement prises pour enrayer la pand\u00e9mie de covid-19.<\/p>\n\n\n\n<h3 class=\"wp-block-heading\">Un exemple&nbsp;: des chiffres sur la violence \u00e0 l\u2019encontre des enfants en France<\/h3>\n\n\n\n<p>Ces actes de violences \u00e0 l\u2019\u00e9gard des enfants touchent tous les pays du monde. Pour ne donner qu\u2019un exemple, en France, en 2018, 80 enfants ont \u00e9t\u00e9 tu\u00e9s dans le cadre de violences intrafamiliales. Un tous les quatre jours. 130 000 filles et 35 000 gar\u00e7ons subissent chaque ann\u00e9e en France des viols et tentatives de viols, selon une \u00e9tude Ipsos publi\u00e9e fin 2019. Les victimes ont, toujours selon cette \u00e9tude, 10 ans en moyenne. Derniers chiffres&nbsp;: 700 000 \u00e9l\u00e8ves sont victimes de harc\u00e8lement scolaire en France. Dont la moiti\u00e9 subissent des actes de cyberviolence.<\/p>\n\n\n\n<h2 class=\"wp-block-heading\" id=\"formesviolence\">Les diff\u00e9rentes formes de violence \u00e0 l\u2019\u00e9gard des enfants <\/h2>\n\n\n\n<p>La notion de violence \u00e0 l\u2019\u00e9gard des enfants couvre toutes les formes de violence subies par les personnes jusqu\u2019\u00e0 l\u2019\u00e2ge de 18 ans. Selon l\u2019Organisation mondiale de la sant\u00e9 (OMS), la violence est \u00ab <em>l\u2019utilisation intentionnelle de la force physique, de menaces \u00e0 l\u2019encontre des autres ou de soi-m\u00eame, contre un groupe ou une communaut\u00e9, qui entra\u00eene ou risque fortement d\u2019entrainer un traumatisme, des dommages psychologiques, des probl\u00e8mes de d\u00e9veloppement ou un d\u00e9c\u00e8s<\/em> \u00bb. Dans la plupart des cas, nous retrouvons au moins l\u2019une des sept principales formes de violence interpersonnelle survenant \u00e0 diff\u00e9rents stades du d\u00e9veloppement de l\u2019enfant.<\/p>\n\n\n\n<h3 class=\"wp-block-heading\">La maltraitance<\/h3>\n\n\n\n<p>La maltraitance (y compris tous ch\u00e2timents corporels) comprend&nbsp;: les violences physiques, sexuelles et psychologiques\/\u00e9motionnelles, ainsi que la n\u00e9gligence des nourrissons, des enfants et des adolescents de la part des parents, des personnes ayant la charge d\u2019enfants et d\u2019autres figures de l\u2019autorit\u00e9. Le plus souvent au domicile mais aussi dans d\u2019autres cadres comme les \u00e9coles et les orphelinats.<\/p>\n\n\n\n<h3 class=\"wp-block-heading\">Les violences psychologiques ou affectives <\/h3>\n\n\n\n<p>Sont compris dans cette forme de violence&nbsp;: la limitation des mouvements d\u2019un enfant, le d\u00e9nigrement, l\u2019humiliation, les menaces et l\u2019intimidation, la discrimination, le rejet et d\u2019autres formes non physiques de traitement hostile. Les enfants t\u00e9moins de violence entre deux ou plusieurs personnes ou forc\u00e9s d\u2019assister \u00e0 un acte de violence sont \u00e9galement des victimes. Cela a ind\u00e9niablement un impact psychologique n\u00e9gatif sur eux et les place en situation de danger.<\/p>\n\n\n\n<h3 class=\"wp-block-heading\">Les violences sexuelles<\/h3>\n\n\n\n<p>Par violence sexuelle sur un enfant, on entend tout acte sexuel ou toute tentative d\u2019acte sexuel non consenti exerc\u00e9 par autrui, avec ou sans contact physique (comme le voyeurisme ou le harc\u00e8lement sexuel), les actes de traite \u00e0 des fins sexuelles, ainsi que la prostitution et l\u2019exploitation en ligne.<\/p>\n\n\n\n<h3 class=\"wp-block-heading\">Les violences entre partenaires intimes (violences domestiques) <\/h3>\n\n\n\n<p>Ce type de violence peut \u00eatre physique, sexuel ou \u00e9motionnel Et est le fait d\u2019un partenaire ou ex-partenaire intime, notamment dans le cadre d\u2019une relation amoureuse entre des adolescents non mari\u00e9s. Bien que les hommes puissent aussi en \u00eatre victimes, elle touche de mani\u00e8re disproportionn\u00e9e les femmes. Les filles en sont fr\u00e9quemment victimes du fait des mariages pr\u00e9coces \/ forc\u00e9s.<\/p>\n\n\n\n<h3 class=\"wp-block-heading\">Le harc\u00e8lement <\/h3>\n\n\n\n<p>Le harc\u00e8lement est le fait de subir, de mani\u00e8re r\u00e9p\u00e9t\u00e9e, des moqueries, critiques, insultes ou attaques de la part d\u2019une ou plusieurs autres personnes. En d\u2019autre terme, le comportement des autres \u00e0 son \u00e9gard devient du harc\u00e8lement d\u00e8s lors qu\u2019il est pers\u00e9cutant ou mal v\u00e9cu. C\u2019est pourquoi il peut rev\u00eatir diff\u00e9rentes formes. <\/p>\n\n\n\n<p>Le harc\u00e8lement peut \u00eatre physique (bagarres, claques, bousculades\u2026), moral (injures, rumeurs moqueries, chantage, menaces, intimidations\u2026), sexuel (provocations sexuelles), d\u2019appropriation (racket). Fond\u00e9 en g\u00e9n\u00e9ral sur le rejet de la diff\u00e9rence et sa stigmatisation, il peut porter sur l&#8217;apparence physique, l&#8217;identit\u00e9 de genre, les handicaps, l&#8217;appartenance \u00e0 une minorit\u00e9 ethnique, religieuse ou culturelle.<\/p>\n\n\n\n<p>Le harc\u00e8lement peut se produire dans diff\u00e9rents lieux o\u00f9 se rassemblent les enfants et notamment \u00e0 l&#8217;\u00e9cole (harc\u00e8lement scolaire). Toutes ces formes de harc\u00e8lement peuvent aussi avoir lieu sur Internet, c&#8217;est ce qu&#8217;on appelle le cyberharc\u00e8lement.<\/p>\n\n\n\n<h3 class=\"wp-block-heading\">La violence des jeunes<\/h3>\n\n\n\n<p>La violence des jeunes se concentre chez les adolescents et les jeunes adultes. Elle s\u2019observe le plus souvent dans le cadre communautaire entre des groupes de connaissances et des inconnus. Elle peut comporter du harc\u00e8lement et des agressions physiques, avec ou sans armes. Et concerne souvent des enfants impliqu\u00e9s dans des bandes.<\/p>\n\n\n\n<h3 class=\"wp-block-heading\">Les violences en ligne <\/h3>\n\n\n\n<p>Tous les types de violence se produisent sur Internet. Ils peuvent se produire sur tout appareil \u00e9lectronique connect\u00e9 au web&nbsp;: t\u00e9l\u00e9vision, ordinateur, tablette, t\u00e9l\u00e9phone portable, console vid\u00e9o&#8230; Les principaux types de violence en ligne sont le cyberbullying ou cyberharc\u00e8lement, le grooming, le sexting, la violence sexuelle et l\u2019exploitation. <\/p>\n\n\n\n<p>Le grooming est le fait pour une personne d&#8217;\u00e9tablir une relation avec un enfant afin de pouvoir l&#8217;abuser sexuellement, l&#8217;exploiter ou en faire du trafic. On parle de sexting lorsqu&#8217;une personne partage des images ou des vid\u00e9os sexuelles, nues ou semi-nues, d&#8217;elle-m\u00eame ou d&#8217;autres personnes, ou envoie des messages \u00e0 caract\u00e8re sexuel. On parle d\u2019exploitation sexuelle en ligne lorsque l\u2019enfant est persuad\u00e9 ou forc\u00e9 de cr\u00e9er des photos ou des vid\u00e9os sexuellement explicites ou d&#8217;avoir des conversations sexuelles.<\/p>\n\n\n\n<p>Tous ces types de violence, s\u2019ils sont commis contre des filles ou des gar\u00e7ons du fait de leur sexe biologique ou de leur identit\u00e9 sexuelle, peuvent aussi constituer des violences fond\u00e9es sur le genre.<\/p>\n\n\n\n<h2 class=\"wp-block-heading\" id=\"actionsBICE\">Lutter contre les violences \u00e0 l\u2019encontre des enfants&nbsp;: les actions du BICE et de ses partenaires<\/h2>\n\n\n\n<p>Dans la lutte contre les violences \u00e0 l\u2019\u00e9gard des enfants, le BICE et ses partenaires (associations, ONG, universit\u00e9s, congr\u00e9gations\u2026) d\u00e9veloppent une approche globale. Ils agissent, en Afrique, Am\u00e9rique latine et Europe, sur trois volets&nbsp;: la pr\u00e9vention, l\u2019accompagnement des enfants victimes et le plaidoyer.<\/p>\n\n\n\n<h3 class=\"wp-block-heading\">Pr\u00e9vention de la violence et sensibilisation \u00e0 la bientraitance<\/h3>\n\n\n\n<p>Certaines formes de maltraitance sont parfois encore socialement accept\u00e9es en tant que forme traditionnelle d\u2019\u00e9ducation. Dans ce contexte, les actions de sensibilisation \u00e0 la bientraitance et contre l\u2019usage de la violence sont primordiales. Car, nous le rappelons, aucune violence contre les enfants et adolescents n\u2019est justifiable, ni acceptable, y compris comme forme d\u2019\u00e9ducation.<\/p>\n\n\n\n<p>Le BICE et ses partenaires locaux s\u2019attachent ainsi \u00e0 sensibiliser les parents \u00e0 la bientraitance et \u00e0 la parentalit\u00e9 positive et responsable. Ils forment \u00e9galement les enseignants, les directeurs d\u2019\u00e9coles et les \u00e9ducateurs \u00e0 l\u2019\u00e9ducation bienveillante. Et m\u00e8nent aupr\u00e8s des enfants des ateliers de pr\u00e9vention de la violence pour qu\u2019ils puissent reconna\u00eetre une situation de danger pour eux ou pour un autre enfant. Ces ateliers leur permettent \u00e9galement de devenir, \u00e0 leur tour, actifs dans la promotion d\u2019une culture de tol\u00e9rance et de bientraitance. La participation des enfants est en effet un pilier du concept de bientraitance : ils doivent pouvoir exprimer leurs opinions et construire une image positive d\u2019eux-m\u00eames.<\/p>\n\n\n\n<p>Rappelons que la bientraitance trouve ses fondements dans le respect de la personne, de sa dignit\u00e9 et de sa singularit\u00e9. C\u2019est un ensemble de comportements positifs et encourageants adopt\u00e9s pour soi-m\u00eame et pour aborder les autres. Et ce, afin de respecter, chez l\u2019enfant notamment, son int\u00e9grit\u00e9 physique, psychique et affective en consid\u00e9rant son rythme, ses habitudes, sa fa\u00e7on d\u2019\u00eatre et toutes ses sp\u00e9cificit\u00e9s (\u00e2ge, niveau de maturit\u00e9, \u2026) et de garantir son \u00e9panouissement au moment de son accompagnement. Dans le domaine de l\u2019enfance, le concept de bientraitance s\u2019applique globalement \u00e0 la fa\u00e7on d\u2019\u00eatre avec l\u2019enfant, en respectant ses libert\u00e9s et ses droits dont celui d\u2019\u00eatre entendu quand il exprime son opinion et ses besoins. La bientraitance favorise ainsi, chez l\u2019enfant, la croissance et le d\u00e9veloppement personnel ainsi que la reconnaissance, l\u2019empathie, la communication et le respect envers l\u2019autre.<\/p>\n\n\n\n<h3 class=\"wp-block-heading\">L\u2019accompagnement des enfants victimes de violence<\/h3>\n\n\n\n<p>Le BICE et ses partenaires proposent un accompagnement judiciaire et psychosocial aux enfants victimes de violence et \u00e0 leurs familles. Ils travaillent notamment sur la capacit\u00e9 de&nbsp;<a href=\"https:\/\/bice.org\/fr\/la-resilience-au-coeur-de-notre-action\/\">r\u00e9silience&nbsp;des enfants<\/a>. Ils soutiennent la reconstruction psychologique et physique des enfants victimes de maltraitance et les aident \u00e0 mettre en \u0153uvre un nouveau projet de vie.<\/p>\n\n\n\n<p>En vue de d\u00e9velopper les comp\u00e9tences des professionnels de la protection de l\u2019enfance et d\u2019am\u00e9liorer ainsi la prise en charge des enfants, des formations sont r\u00e9guli\u00e8rement organis\u00e9es. Des formations en direction des enqu\u00eateurs et policiers sont \u00e9galement men\u00e9es dans le domaine de l\u2019audition des enfants victimes.<\/p>\n\n\n\n<h3 class=\"wp-block-heading\" id=\"maltraitanceenfant\">Plaidoyer contre la maltraitance des enfants<\/h3>\n\n\n\n<p>Notre association, le BICE, s\u2019investit largement pour que les droits des enfants et les lois relatives \u00e0 la protection de l\u2019enfance soient appliqu\u00e9s. Il accompagne ainsi ses partenaires de terrain dans le but de d\u00e9velopper localement des politiques publiques sur la protection int\u00e9grale de l\u2019enfant. Il m\u00e8ne \u00e9galement des actions de plaidoyer contre les violences \u00e0 l\u2019\u00e9gard des enfants aupr\u00e8s des instances internationales&nbsp;: le Conseil des droits de l\u2019homme de l\u2019ONU et le Comit\u00e9 des droits de l\u2019enfant de l\u2019ONU.<\/p>\n\n\n\n<p class=\"has-small-font-size\">**75% des violences sexuelles \u00e0 l\u2019encontre d\u2019un enfant sont commises par un proche. (<a href=\"https:\/\/www.who.int\/fr\/publications-detail\/9789240006379\">Rapport de situation 2020 sur la pr\u00e9vention de la violence \u00e0 l\u2019encontre des enfants dans le monde : r\u00e9sum\u00e9 d\u2019orientation (who.int)<\/a>)<\/p>\n\n\n<div class=\"grid-blueblocks section-children-categories \">\n\n        <article class=\"blueblocks\">\n        <a href=\"#\" class=\"project-list\" data-cid=\"-1\">            <img decoding=\"async\" width=\"4096\" height=\"2375\" src=\"https:\/\/i0.wp.com\/bice.org\/app\/uploads\/2021\/12\/1.violence-perou-AL-A2.jpg?fit=4096%2C2375&amp;ssl=1\" class=\"attachment-full size-full\" alt=\"Grain de sable contre la violence\" srcset=\"https:\/\/i0.wp.com\/bice.org\/app\/uploads\/2021\/12\/1.violence-perou-AL-A2.jpg?w=4096&amp;ssl=1 4096w, https:\/\/i0.wp.com\/bice.org\/app\/uploads\/2021\/12\/1.violence-perou-AL-A2.jpg?resize=300%2C174&amp;ssl=1 300w, https:\/\/i0.wp.com\/bice.org\/app\/uploads\/2021\/12\/1.violence-perou-AL-A2.jpg?resize=1024%2C594&amp;ssl=1 1024w, https:\/\/i0.wp.com\/bice.org\/app\/uploads\/2021\/12\/1.violence-perou-AL-A2.jpg?resize=768%2C445&amp;ssl=1 768w, https:\/\/i0.wp.com\/bice.org\/app\/uploads\/2021\/12\/1.violence-perou-AL-A2.jpg?resize=1536%2C891&amp;ssl=1 1536w, https:\/\/i0.wp.com\/bice.org\/app\/uploads\/2021\/12\/1.violence-perou-AL-A2.jpg?resize=2048%2C1188&amp;ssl=1 2048w, https:\/\/i0.wp.com\/bice.org\/app\/uploads\/2021\/12\/1.violence-perou-AL-A2.jpg?resize=1000%2C580&amp;ssl=1 1000w, https:\/\/i0.wp.com\/bice.org\/app\/uploads\/2021\/12\/1.violence-perou-AL-A2.jpg?resize=600%2C348&amp;ssl=1 600w, https:\/\/i0.wp.com\/bice.org\/app\/uploads\/2021\/12\/1.violence-perou-AL-A2.jpg?w=3000&amp;ssl=1 3000w\" sizes=\"(max-width: 1000px) 100vw, 1000px\" \/>            <header>\n                <h3>Les projets du BICE<\/h3>\n                <i class=\"icon-plus\" id=\"projets_icon_-1\"><\/i>                <div class=\"projets_ul \" id=\"projets_-1\"><p><a href=\"https:\/\/bice.org\/fr\/moldavie-un-refuge-pour-lenfance-vulnerable\/\">Un refuge pour l&#8217;enfance vuln\u00e9rable en Moldavie (janv. &#8211; avril 2025)<\/a><\/p>\n<p><a href=\"https:\/\/bice.org\/fr\/lutte-contre-les-violences-sexuelles-au-togo-les-actions-de-la2pejf\/\">Togo : Actions de lutte contre les violences sexuelles (juin 2024 &#8211; nov. 2025\u00a0<\/a><\/p>\n<p><a href=\"https:\/\/bice.org\/fr\/actions-de-terrain\/domaines-daction\/association-violence-enfance\/projet-multi-pays-enfance-sans-violences-briser-le-cycle-de-la-violence\/\">Projet multi-pays Enfance sans violences : Briser le cycle de la violence (janv. 2022 &#8211; d\u00e9c. 2024)<\/a><\/p>\n<p><a href=\"https:\/\/bice.org\/fr\/ameliorer-la-sante-mentale-des-enfants-vulnerables-au-guatemala\/\">Guatemala : Un projet autour de la bientraitance et la sant\u00e9 mentale (janv. &#8211; d\u00e9c. 2025)<\/a><\/p>\n<p><a href=\"https:\/\/bice.org\/fr\/lutte-contre-la-violence-au-chili-actions-et-evaluation-des-resultats-en-continu\/\">Lutter contre les violences au Chili (sept. 2022 &#8211; juin 2025)<\/a><\/p>\n<p><a href=\"https:\/\/bice.org\/fr\/en-argentine-aupres-des-enfants-aux-prises-avec-la-violence-des-favelas\/\">Agir aupr\u00e8s des enfants aux prises avec la violence des favelas en\u00a0 Argentine (avril 2022 &#8211; mars 2024)<\/a><\/p>\n<p><a href=\"https:\/\/bice.org\/fr\/favoriser-la-scolarisation-des-enfants-victimes-de-violences-a-bogota\/\">Favoriser la scolarisation des enfants victimes de violence \u00e0 Bogota (juil. &#8211; oct. 2024)<\/a><\/p>\n<p>&nbsp;<\/p>\n<\/div>            <\/header>\n                    <\/a>    <\/article>\n        <article class=\"blueblocks\">\n        <a href=\"#\" class=\"project-list\" data-cid=\"-2\">            <img decoding=\"async\" width=\"999\" height=\"581\" src=\"https:\/\/i0.wp.com\/bice.org\/app\/uploads\/2022\/11\/livres-e1669196771152.jpg?fit=999%2C581&amp;ssl=1\" class=\"attachment-full size-full\" alt=\"centre de documentation enfance sans violences, \u00e9coles sans murs et enfance sans barreaux\" srcset=\"https:\/\/i0.wp.com\/bice.org\/app\/uploads\/2022\/11\/livres-e1669196771152.jpg?w=999&amp;ssl=1 999w, https:\/\/i0.wp.com\/bice.org\/app\/uploads\/2022\/11\/livres-e1669196771152.jpg?resize=300%2C174&amp;ssl=1 300w, https:\/\/i0.wp.com\/bice.org\/app\/uploads\/2022\/11\/livres-e1669196771152.jpg?resize=768%2C447&amp;ssl=1 768w, https:\/\/i0.wp.com\/bice.org\/app\/uploads\/2022\/11\/livres-e1669196771152.jpg?resize=997%2C580&amp;ssl=1 997w, https:\/\/i0.wp.com\/bice.org\/app\/uploads\/2022\/11\/livres-e1669196771152.jpg?resize=600%2C349&amp;ssl=1 600w\" sizes=\"(max-width: 999px) 100vw, 999px\" \/>            <header>\n                <h3>Le centre de documentation <\/h3>\n                <i class=\"icon-plus\" id=\"projets_icon_-2\"><\/i>                <div class=\"projets_ul \" id=\"projets_-2\"><p><a href=\"https:\/\/bice.org\/fr\/le-bice\/des-ressources-pour-les-membres\/centre-de-documentation-esv\/\">Centre de documentation Enfance sans violences<\/a><\/p>\n<\/div>            <\/header>\n                    <\/a>    <\/article>\n    \n<\/div>\n","protected":false},"excerpt":{"rendered":"<p>L\u2019objectif premier de notre association, le BICE, est de lutter contre toutes les formes de violence, d\u2019am\u00e9liorer la protection de l\u2019enfance dans le monde et de promouvoir un environnement bientraitant.<\/p>\n","protected":false},"author":19,"featured_media":78541,"parent":9558,"menu_order":1,"comment_status":"closed","ping_status":"closed","template":"","meta":{"_acf_changed":false,"footnotes":""},"class_list":["post-78454","page","type-page","status-publish","has-post-thumbnail","hentry"],"acf":[],"yoast_head":"<!-- This site is optimized with the Yoast SEO plugin v27.2 - https:\/\/yoast.com\/product\/yoast-seo-wordpress\/ -->\n<title>Violences envers les enfants, le BICE agit<\/title>\n<meta name=\"description\" content=\"L\u2019objectif premier de notre association, le BICE, est de lutter contre les violences, d\u2019am\u00e9liorer la protection de l\u2019enfance dans le monde.\" \/>\n<meta name=\"robots\" content=\"index, follow, max-snippet:-1, max-image-preview:large, max-video-preview:-1\" \/>\n<link rel=\"canonical\" href=\"https:\/\/bice.org\/fr\/wp-json\/wp\/v2\/pages\/78454\" \/>\n<meta property=\"og:locale\" content=\"fr_FR\" \/>\n<meta property=\"og:type\" content=\"article\" \/>\n<meta property=\"og:title\" content=\"Violences envers les enfants, le BICE agit\" \/>\n<meta property=\"og:description\" content=\"L\u2019objectif premier de notre association, le BICE, est de lutter contre les violences, d\u2019am\u00e9liorer la protection de l\u2019enfance dans le monde.\" \/>\n<meta property=\"og:url\" content=\"https:\/\/bice.org\/fr\/actions-de-terrain\/domaines-daction\/association-violence-enfance\/\" \/>\n<meta property=\"og:site_name\" content=\"BICE - ONG de protection des droits de l&#039;enfant\" \/>\n<meta property=\"article:modified_time\" content=\"2025-05-02T07:13:43+00:00\" \/>\n<meta property=\"og:image\" content=\"https:\/\/i0.wp.com\/bice.org\/app\/uploads\/2022\/08\/image-violence-projet.jpg?fit=1000%2C580&ssl=1\" \/>\n\t<meta property=\"og:image:width\" content=\"1000\" \/>\n\t<meta property=\"og:image:height\" content=\"580\" \/>\n\t<meta property=\"og:image:type\" content=\"image\/jpeg\" \/>\n<meta name=\"twitter:card\" content=\"summary_large_image\" \/>\n<meta name=\"twitter:label1\" content=\"Dur\u00e9e de lecture estim\u00e9e\" \/>\n\t<meta name=\"twitter:data1\" content=\"9 minutes\" \/>\n<!-- \/ Yoast SEO plugin. -->","yoast_head_json":{"title":"Violences envers les enfants, le BICE agit","description":"L\u2019objectif premier de notre association, le BICE, est de lutter contre les violences, d\u2019am\u00e9liorer la protection de l\u2019enfance dans le monde.","robots":{"index":"index","follow":"follow","max-snippet":"max-snippet:-1","max-image-preview":"max-image-preview:large","max-video-preview":"max-video-preview:-1"},"canonical":"https:\/\/bice.org\/fr\/wp-json\/wp\/v2\/pages\/78454","og_locale":"fr_FR","og_type":"article","og_title":"Violences envers les enfants, le BICE agit","og_description":"L\u2019objectif premier de notre association, le BICE, est de lutter contre les violences, d\u2019am\u00e9liorer la protection de l\u2019enfance dans le monde.","og_url":"https:\/\/bice.org\/fr\/actions-de-terrain\/domaines-daction\/association-violence-enfance\/","og_site_name":"BICE - ONG de protection des droits de l&#039;enfant","article_modified_time":"2025-05-02T07:13:43+00:00","og_image":[{"width":1000,"height":580,"url":"https:\/\/i0.wp.com\/bice.org\/app\/uploads\/2022\/08\/image-violence-projet.jpg?fit=1000%2C580&ssl=1","type":"image\/jpeg"}],"twitter_card":"summary_large_image","twitter_misc":{"Dur\u00e9e de lecture estim\u00e9e":"9 minutes"},"schema":{"@context":"https:\/\/schema.org","@graph":[{"@type":"WebPage","@id":"https:\/\/bice.org\/fr\/actions-de-terrain\/domaines-daction\/association-violence-enfance\/","url":"https:\/\/bice.org\/fr\/actions-de-terrain\/domaines-daction\/association-violence-enfance\/","name":"Violences envers les enfants, le BICE agit","isPartOf":{"@id":"https:\/\/bice.org\/fr\/#website"},"primaryImageOfPage":{"@id":"https:\/\/bice.org\/fr\/actions-de-terrain\/domaines-daction\/association-violence-enfance\/#primaryimage"},"image":{"@id":"https:\/\/bice.org\/fr\/actions-de-terrain\/domaines-daction\/association-violence-enfance\/#primaryimage"},"thumbnailUrl":"https:\/\/i0.wp.com\/bice.org\/app\/uploads\/2022\/08\/image-violence-projet.jpg?fit=1000%2C580&ssl=1","datePublished":"2022-08-30T15:25:02+00:00","dateModified":"2025-05-02T07:13:43+00:00","description":"L\u2019objectif premier de notre association, le BICE, est de lutter contre les violences, d\u2019am\u00e9liorer la protection de l\u2019enfance dans le monde.","breadcrumb":{"@id":"https:\/\/bice.org\/fr\/actions-de-terrain\/domaines-daction\/association-violence-enfance\/#breadcrumb"},"inLanguage":"fr-FR","potentialAction":[{"@type":"ReadAction","target":["https:\/\/bice.org\/fr\/actions-de-terrain\/domaines-daction\/association-violence-enfance\/"]}]},{"@type":"ImageObject","inLanguage":"fr-FR","@id":"https:\/\/bice.org\/fr\/actions-de-terrain\/domaines-daction\/association-violence-enfance\/#primaryimage","url":"https:\/\/i0.wp.com\/bice.org\/app\/uploads\/2022\/08\/image-violence-projet.jpg?fit=1000%2C580&ssl=1","contentUrl":"https:\/\/i0.wp.com\/bice.org\/app\/uploads\/2022\/08\/image-violence-projet.jpg?fit=1000%2C580&ssl=1","width":1000,"height":580,"caption":"\u00a9 Shutterstock"},{"@type":"BreadcrumbList","@id":"https:\/\/bice.org\/fr\/actions-de-terrain\/domaines-daction\/association-violence-enfance\/#breadcrumb","itemListElement":[{"@type":"ListItem","position":1,"name":"Accueil","item":"https:\/\/bice.org\/fr\/"},{"@type":"ListItem","position":2,"name":"Nos actions de terrain","item":"https:\/\/bice.org\/fr\/actions-de-terrain\/"},{"@type":"ListItem","position":3,"name":"Domaines d&#8217;action","item":"https:\/\/bice.org\/fr\/actions-de-terrain\/domaines-daction\/"},{"@type":"ListItem","position":4,"name":"Le BICE agit contre les violences faites aux enfants"}]},{"@type":"WebSite","@id":"https:\/\/bice.org\/fr\/#website","url":"https:\/\/bice.org\/fr\/","name":"BICE - ONG de protection des droits de l&#039;enfant","description":"Notre mission : D\u00e9fendre les droits et la dignit\u00e9 des enfants partout dans le monde","publisher":{"@id":"https:\/\/bice.org\/fr\/#organization"},"potentialAction":[{"@type":"SearchAction","target":{"@type":"EntryPoint","urlTemplate":"https:\/\/bice.org\/fr\/?s={search_term_string}"},"query-input":{"@type":"PropertyValueSpecification","valueRequired":true,"valueName":"search_term_string"}}],"inLanguage":"fr-FR"},{"@type":"Organization","@id":"https:\/\/bice.org\/fr\/#organization","name":"BICE","url":"https:\/\/bice.org\/fr\/","logo":{"@type":"ImageObject","inLanguage":"fr-FR","@id":"https:\/\/bice.org\/fr\/#\/schema\/logo\/image\/","url":"https:\/\/bice.org\/app\/uploads\/2022\/06\/favicon.ico","contentUrl":"https:\/\/bice.org\/app\/uploads\/2022\/06\/favicon.ico","width":64,"height":64,"caption":"BICE"},"image":{"@id":"https:\/\/bice.org\/fr\/#\/schema\/logo\/image\/"}}]}},"jetpack_sharing_enabled":true,"_links":{"self":[{"href":"https:\/\/bice.org\/fr\/wp-json\/wp\/v2\/pages\/78454","targetHints":{"allow":["GET"]}}],"collection":[{"href":"https:\/\/bice.org\/fr\/wp-json\/wp\/v2\/pages"}],"about":[{"href":"https:\/\/bice.org\/fr\/wp-json\/wp\/v2\/types\/page"}],"author":[{"embeddable":true,"href":"https:\/\/bice.org\/fr\/wp-json\/wp\/v2\/users\/19"}],"replies":[{"embeddable":true,"href":"https:\/\/bice.org\/fr\/wp-json\/wp\/v2\/comments?post=78454"}],"version-history":[{"count":3,"href":"https:\/\/bice.org\/fr\/wp-json\/wp\/v2\/pages\/78454\/revisions"}],"predecessor-version":[{"id":302142,"href":"https:\/\/bice.org\/fr\/wp-json\/wp\/v2\/pages\/78454\/revisions\/302142"}],"up":[{"embeddable":true,"href":"https:\/\/bice.org\/fr\/wp-json\/wp\/v2\/pages\/9558"}],"wp:featuredmedia":[{"embeddable":true,"href":"https:\/\/bice.org\/fr\/wp-json\/wp\/v2\/media\/78541"}],"wp:attachment":[{"href":"https:\/\/bice.org\/fr\/wp-json\/wp\/v2\/media?parent=78454"}],"curies":[{"name":"wp","href":"https:\/\/api.w.org\/{rel}","templated":true}]}}