{"id":79680,"date":"2022-09-16T15:38:57","date_gmt":"2022-09-16T13:38:57","guid":{"rendered":"https:\/\/bice.org\/?page_id=79680"},"modified":"2025-12-19T11:58:33","modified_gmt":"2025-12-19T10:58:33","slug":"le-bice-aide-les-familles-a-se-reconstruire-face-aux-crises","status":"publish","type":"page","link":"https:\/\/bice.org\/fr\/actions-de-terrain\/domaines-daction\/le-bice-aide-les-familles-a-se-reconstruire-face-aux-crises\/","title":{"rendered":"Le BICE soutient les jeunes et les familles confront\u00e9s \u00e0 la pauvret\u00e9\u00a0"},"content":{"rendered":"\n<p>Fin 2021, l\u2019Unicef confirmait les effets d\u00e9vastateurs de la pand\u00e9mie sur les droits de l\u2019enfant*. La crise sanitaire a en effet stopp\u00e9 la plupart des progr\u00e8s r\u00e9alis\u00e9s sur les plans de la sant\u00e9, de l\u2019\u00e9ducation, de l\u2019alimentation, de la protection de l\u2019enfance, de la situation \u00e9conomique des familles. Les populations souffrent de surcro\u00eet de<em> <\/em>l\u2019augmentation des prix de produits de premi\u00e8re n\u00e9cessit\u00e9, cons\u00e9quence de la guerre en Ukraine. Dans ce contexte, la pauvret\u00e9 et les in\u00e9galit\u00e9s se sont consid\u00e9rablement accrues et continuent de s\u2019accro\u00eetre.<\/p>\n\n\n\n<h2 class=\"wp-block-heading\">Baisse du niveau de vie des familles&nbsp;: la pauvret\u00e9 et l\u2019extr\u00eame pauvret\u00e9 s\u2019aggravent&nbsp;<\/h2>\n\n\n\n<p>En septembre 2023, l&#8217;Unicef et la Banque mondiale publiaient une nouvelle \u00e9tude**. Et les chiffres sont sans appel. <strong>Environ 333 millions d\u2019enfants dans le monde \u2013 soit 1 enfant sur 6 \u2013 vivent dans une situation d\u2019extr\u00eame pauvret\u00e9. <\/strong> <strong>&#8220;<\/strong><em>Bien que le nombre d\u2019enfants vivant avec moins de 2,15 dollars par jour a diminu\u00e9 de 383 millions \u00e0 333 millions (soit 13 %) entre 2013 et 2022, l\u2019impact \u00e9conomique de la covid-19 a entra\u00een\u00e9 un retard dans les progr\u00e8s r\u00e9alis\u00e9s de pr\u00e8s de trois ans.&nbsp;En l\u2019absence des perturbations li\u00e9es \u00e0 la COVID-19, ce sont 30 millions d\u2019enfants suppl\u00e9mentaires qui auraient d\u00fb passer au-dessus du seuil de pauvret\u00e9<\/em>&#8220;, souligne l&#8217;\u00e9tude.<\/p>\n\n\n\n<p>Ces taux \u00e9lev\u00e9s de pauvret\u00e9 ont un fort impact sur le respect des droits de l\u2019enfant. Lau pauvret\u00e9 est notamment l\u2019une des principales causes de la hausse du&nbsp;<strong>travail des enfants<\/strong>. Beaucoup pour contribuer au revenu familial.<\/p>\n\n\n\n<h2 class=\"wp-block-heading\" id=\"travailenfant\">Le travail des enfants en forte hausse<\/h2>\n\n\n\n<p>En 2020, il \u00e9tait estim\u00e9 \u00e0 <strong>160&nbsp;millions le nombre d\u2019enfants<\/strong> contraints de travailler. Soit pr\u00e8s d\u2019un enfant sur dix dans le monde. Avec 8,4 millions d\u2019enfants travailleurs de plus qu\u2019en 2016***, c\u2019est la premi\u00e8re fois depuis 20 ans que ce chiffre augmente. Et ce n\u2019est pas fini. Puisqu\u2019une nouvelle hausse de 9 millions est \u00e0 craindre d\u2019ici \u00e0 fin 2022, selon l\u2019Organisation internationale du travail et l\u2019Unicef.<\/p>\n\n\n\n<p>Le constat est pr\u00e9occupant. D\u2019autant qu\u2019est&nbsp;observ\u00e9e une croissance importante du nombre d\u2019enfants de 5 \u00e0 11 ans contraints de travailler. Ils repr\u00e9sentent aujourd\u2019hui plus de la moiti\u00e9 de l\u2019effectif total. Le nombre d\u2019enfants \u00e2g\u00e9s entre 5 et 17 ans astreints \u00e0 des <strong>travaux dangereux<\/strong>**** a lui aussi augment\u00e9 (+ 6,5 millions depuis 2016) pour atteindre 79 millions en 2020.<\/p>\n\n\n\n<p>Autres donn\u00e9es&nbsp;: 70% des enfants travaillent dans&nbsp;le secteur agricole, 20% dans les services et 10% dans l\u2019industrie. Enfin, l\u2019Afrique subsaharienne est la zone la plus touch\u00e9e par ce fl\u00e9au.<\/p>\n\n\n\n<h2 class=\"wp-block-heading\">L\u2019esclavage moderne&nbsp;: une personne sur 150 victime dans le monde<\/h2>\n\n\n\n<p>La pauvret\u00e9 et les crises r\u00e9currentes, auxquelles s\u2019ajoutent des mesures de protection sociale inadapt\u00e9es, ont une autre cons\u00e9quence, li\u00e9e \u00e0 la d\u00e9t\u00e9rioration des conditions de travail et \u00e0 une hausse de l\u2019endettement des travailleurs&nbsp;: l\u2019augmentation du nombre de personnes contraintes \u00e0 des <strong>formes modernes d\u2019esclavage<\/strong>. Selon un rapport de l\u2019OIT, publi\u00e9 d\u00e9but septembre 2022, il concerne d\u00e9sormais 50 millions de personnes (10 millions de plus qu\u2019en 2016). Pr\u00e8s de 27,6 millions sont soumises au <strong>travail forc\u00e9<\/strong> et 22 millions contraintes \u00e0 un <strong>mariage forc\u00e9<\/strong>*****.<\/p>\n\n\n\n<p>Les femmes et les enfants restent vuln\u00e9rables de mani\u00e8re disproportionn\u00e9e. Ainsi, pr\u00e8s d\u2019un travailleur forc\u00e9 sur huit est un enfant. Et plus de la moiti\u00e9 d\u2019entre eux sont victimes d\u2019exploitation sexuelle commerciale. Les <strong>travailleurs migrants<\/strong> sont, eux, trois fois plus susceptibles d\u2019\u00eatre soumis au travail forc\u00e9 que les travailleurs adultes non migrants.<\/p>\n\n\n\n<p>\u00c0 l\u2019\u00e9chelle mondiale, <strong>l\u2019Asie et le Pacifique<\/strong> abritent plus de la moiti\u00e9 des travailleurs forc\u00e9s. Plusieurs organes des Nations unies ont r\u00e9cemment soulev\u00e9 des pr\u00e9occupations concernant le travail forc\u00e9 en Chine. Y compris au Xinjiang, la r\u00e9gion qui abrite la population Ou\u00efghoure.<\/p>\n\n\n\n<p>Concernant le mariage forc\u00e9, les <strong>femmes et les filles<\/strong> repr\u00e9sentent plus des deux tiers des personnes victimes de cette forme d\u2019esclavage.<\/p>\n\n\n\n<h2 class=\"wp-block-heading\">Des impacts sur la sant\u00e9 et l\u2019\u00e9ducation<\/h2>\n\n\n\n<p>Et qui dit pauvret\u00e9, travail des enfants, esclavage moderne, dit <strong>d\u00e9gradation de la sant\u00e9,<\/strong> y compris mentale, des enfants, avec notamment des taux de <strong>malnutrition<\/strong> qui ont flamb\u00e9, et un <strong>recul de l\u2019acc\u00e8s \u00e0 l\u2019\u00e9ducation<\/strong> (\u00c0 lire aussi l\u2019article sur l\u2019\u00e9tat de la <a href=\"https:\/\/bice.org\/fr\/actions-de-terrain\/domaines-daction\/le-bice-une-association-qui-agit-pour-le-droit-a-leducation-de-tous-les-enfants\/\">scolarisation dans le monde <\/a>et les actions du BICE dans ce domaine).<\/p>\n\n\n\n<p>Les situations de crise sanitaire, \u00e9conomique, sociale, climatique engendrent \u00e9galement souvent plus de violences \u00e0 l\u2019encontre des enfants. <strong>Violences<\/strong> dans les sph\u00e8res priv\u00e9e et publique. L\u2019esclavage moderne en fait d\u2019ailleurs partie. (\u00c0 lire aussi l\u2019article sur les <a href=\"https:\/\/bice.org\/fr\/actions-de-terrain\/domaines-daction\/association-violence-enfance\/\">diff\u00e9rentes formes de violence <\/a>et les actions du BICE pour lutter contre).<\/p>\n\n\n\n<h2 class=\"wp-block-heading\">Les actions du BICE et de ses partenaires pour aider les familles \u00e0 reprendre leur vie en main<\/h2>\n\n\n\n<div class=\"wp-block-columns is-layout-flex wp-container-core-columns-is-layout-9d6595d7 wp-block-columns-is-layout-flex\">\n<div class=\"wp-block-column is-layout-flow wp-block-column-is-layout-flow\">\n<p>Pour faire face aux effets multiples des crises et de la pauvret\u00e9 sur les familles et les enfants, le BICE et ses partenaires d\u00e9veloppent divers projets adapt\u00e9s aux situations et besoins observ\u00e9s sur le terrain. Des projets qui allient l\u2019aide d\u2019urgence \u00e0 une action sur le plus long terme.<\/p>\n\n\n\n<p>Certains programmes sont ax\u00e9s sur le lancement ou le <strong>d\u00e9veloppement d\u2019activit\u00e9s g\u00e9n\u00e9ratrices de revenus<\/strong> pour que les parents et\/ou les jeunes retrouvent leur autonomie financi\u00e8re. Ces projets comportent tous un volet formation. D\u2019autres programmes sont ax\u00e9s sur la sensibilisation des familles \u00e0 la <strong>parentalit\u00e9 positive<\/strong> avec la mise \u00e0 disposition d\u2019espaces qui favorisent les \u00e9changes entre parents et \u00e9ducateurs sur l\u2019\u00e9ducation et la bientraitance. Et qui permettent le d\u00e9veloppement des liens affectifs entre parents et enfants autour de jeux par exemple.<\/p>\n<\/div>\n\n\n\n<div class=\"wp-block-column is-layout-flow wp-block-column-is-layout-flow\"><div class=\"grid-blueblocks section-children-categories \">\n\n        <article class=\"blueblocks\">\n        <a href=\"#\" class=\"project-list\" data-cid=\"-1\">            <img decoding=\"async\" width=\"1391\" height=\"921\" src=\"https:\/\/i0.wp.com\/bice.org\/app\/uploads\/2022\/01\/poulailler.jpg?fit=1391%2C921&amp;ssl=1\" class=\"attachment-full size-full\" alt=\"Bolivie - poulailler\" srcset=\"https:\/\/i0.wp.com\/bice.org\/app\/uploads\/2022\/01\/poulailler.jpg?w=1391&amp;ssl=1 1391w, https:\/\/i0.wp.com\/bice.org\/app\/uploads\/2022\/01\/poulailler.jpg?resize=300%2C199&amp;ssl=1 300w, https:\/\/i0.wp.com\/bice.org\/app\/uploads\/2022\/01\/poulailler.jpg?resize=1024%2C678&amp;ssl=1 1024w, https:\/\/i0.wp.com\/bice.org\/app\/uploads\/2022\/01\/poulailler.jpg?resize=768%2C509&amp;ssl=1 768w, https:\/\/i0.wp.com\/bice.org\/app\/uploads\/2022\/01\/poulailler.jpg?resize=876%2C580&amp;ssl=1 876w, https:\/\/i0.wp.com\/bice.org\/app\/uploads\/2022\/01\/poulailler.jpg?resize=600%2C397&amp;ssl=1 600w\" sizes=\"(max-width: 1000px) 100vw, 1000px\" \/>            <header>\n                <h3>Les projets du BICE<\/h3>\n                <i class=\"icon-plus\" id=\"projets_icon_-1\"><\/i>                <div class=\"projets_ul \" id=\"projets_-1\"><p><a href=\"https:\/\/bice.org\/fr\/nourrir-eduquer-proteger-un-projet-au-service-des-enfants-vulnerables-au-togo\/\">Distribution de repas dans des centres d&#8217;accueil petite-enfance au Togo (janv. &#8211; d\u00e9c. 2026)<\/a><\/p>\n<p><a href=\"https:\/\/bice.org\/fr\/lutte-contre-la-precarite-alimentaire-en-amerique-latine\/\">Lutter contre la pr\u00e9carit\u00e9 alimentaire en Bolivie, Colombie et au P\u00e9rou (fin 2025 &#8211; mi 2026)<\/a><\/p>\n<p><a href=\"https:\/\/bice.org\/fr\/haiti-lutter-contre-la-faim-et-la-descolarisation\/\">Une projet alimentaire \u00e0 Ha\u00efti pour soutenir les enfants \u00e0 risque d&#8217;exploitation (nov. 2025 &#8211; oct. 2026)<\/a><\/p>\n<p><a href=\"https:\/\/bice.org\/fr\/liban-liberes-de-la-faim-des-droits-retrouves\/\">Soutien alimentaire dans un centre \u00e9ducatif au Liban (oct. 2025 &#8211; sept. 2026)<\/a><\/p>\n<p><a href=\"https:\/\/bice.org\/fr\/inde-soutenir-les-meres-pour-changer-le-destin-des-enfants\/\">Inde : Favoriser l&#8217;ind\u00e9pendance \u00e9conomique des familles (janv. &#8211; d\u00e9c. 2025)<\/a><\/p>\n<p><a href=\"https:\/\/bice.org\/fr\/paraguay-la-boulangerie-au-coeur-dun-projet-en-faveur-de-jeunes-defavorises\/\">Paraguay : La boulangerie au c\u0153ur d&#8217;un projet en faveur de jeunes d\u00e9favoris\u00e9s (d\u00e9c. 2023 &#8211; mars 2025)<\/a><\/p>\n<p>&nbsp;<\/p>\n<\/div>            <\/header>\n                    <\/a>    <\/article>\n    \n<\/div>\n<\/div>\n<\/div>\n\n\n\n<p>Enfin, le BICE d\u00e9veloppe des actions centr\u00e9es sur le <strong>bien-\u00eatre des enfants<\/strong> et adolescents, et notamment sur l\u2019am\u00e9lioration de leur <strong>sant\u00e9 mentale<\/strong>. Pour ce faire, des consultations psychologiques sont propos\u00e9es en ligne ou en pr\u00e9sentiel. La r\u00e9silience des enfants fragilis\u00e9s est \u00e9galement favoris\u00e9e dans les structures \u00e9ducatives.<\/p>\n\n\n\n<div style=\"height:51px\" aria-hidden=\"true\" class=\"wp-block-spacer\"><\/div>\n\n\n\n<p class=\"has-small-font-size\">*OIT et Unicef,&nbsp;<em>Travail des enfants : estimations mondiales 2020 \u2013 les tendances et le chemin \u00e0 suivre<\/em>, juin 2021<\/p>\n\n\n\n<p>**Unicef, <em><a href=\"https:\/\/www.unicef.fr\/article\/333-millions-denfants-dans-le-monde-vivent-sous-le-seuil-de-pauvrete\">333 millions d\u2019enfants dans le monde vivent sous le seuil de pauvret\u00e9<\/a><\/em>, 13 septembre 2023<\/p>\n\n\n\n<p class=\"has-small-font-size\">***Alors qu\u2019entre 2000 et 2016, le travail des enfants avait recul\u00e9 de 94 millions, on assiste depuis 2016 \u00e0 une inversion de la tendance.&nbsp;<\/p>\n\n\n\n<p class=\"has-small-font-size\">****Travail susceptible de nuire \u00e0 la sant\u00e9, la s\u00e9curit\u00e9 ou le d\u00e9veloppement moral des enfants.<\/p>\n\n\n\n<p class=\"has-small-font-size\">*****Ces deux situations rel\u00e8vent de l&#8217;esclavage moderne car elles renvoient \u00e0 des situations d&#8217;exploitation qu&#8217;une personne ne peut refuser ou auxquelles elle ne peut \u00e9chapper en raison de menaces, de violence, de coercition, de tromperie ou d&#8217;abus de pouvoir.<\/p>\n\n\n\n<div style=\"height:44px\" aria-hidden=\"true\" class=\"wp-block-spacer\"><\/div>\n\n\n\n<p>\u00c0 lire aussi un article sur les <a href=\"https:\/\/bice.org\/fr\/actions-de-terrain\/domaines-daction\/le-bice-accompagne-les-enfants-refugies-et-deplaces-internes\/\">enfants r\u00e9fugi\u00e9s et d\u00e9plac\u00e9s internes<\/a>.<\/p>\n\n\n\n<p>Retrouvez, <a href=\"https:\/\/bice.org\/fr\/aider-les-enfants-a-affronter-la-crise\/\">ici,<\/a> les informations li\u00e9es aux projets mis en place pr\u00e9c\u00e9demment pour faire face \u00e0 la covid-19.<\/p>\n","protected":false},"excerpt":{"rendered":"<p>Les enfants sont particuli\u00e8rement vuln\u00e9rables face aux crises sociales, \u00e9conomiques, sanitaires ou climatiques. La pand\u00e9mie de covid-19 a repr\u00e9sent\u00e9 l\u2019une des pires crises pour les enfants depuis 75 ans. Avec notamment une forte augmentation de la pauvret\u00e9 partout dans le monde. Face \u00e0 cette r\u00e9alit\u00e9, le BICE a choisi de d\u00e9velopper des projets o\u00f9 il allie l\u2019aide d\u2019urgence \u00e0 un soutien sur le plus long terme centr\u00e9, selon les besoins, sur l\u2019autonomisation financi\u00e8re des familles ou jeunes adultes, sur la parentalit\u00e9 positive et\/ou sur le bien-\u00eatre psychologique des enfants.<\/p>\n","protected":false},"author":19,"featured_media":79681,"parent":9558,"menu_order":3,"comment_status":"closed","ping_status":"closed","template":"","meta":{"_acf_changed":false,"footnotes":""},"class_list":["post-79680","page","type-page","status-publish","has-post-thumbnail","hentry"],"acf":[],"yoast_head":"<!-- This site is optimized with the Yoast SEO plugin v27.2 - https:\/\/yoast.com\/product\/yoast-seo-wordpress\/ -->\n<title>Le BICE lutte contre la pauvret\u00e9 des enfants et des familles<\/title>\n<meta name=\"description\" content=\"Les enfants sont vuln\u00e9rables face aux crises sociales, \u00e9conomiques, sanitaires ou climatiques. Face \u00e0 cette r\u00e9alit\u00e9, le BICE agit.\" \/>\n<meta name=\"robots\" content=\"index, follow, max-snippet:-1, max-image-preview:large, max-video-preview:-1\" \/>\n<link rel=\"canonical\" href=\"https:\/\/bice.org\/fr\/wp-json\/wp\/v2\/pages\/79680\" \/>\n<meta property=\"og:locale\" content=\"fr_FR\" \/>\n<meta property=\"og:type\" content=\"article\" \/>\n<meta property=\"og:title\" content=\"Le BICE lutte contre la pauvret\u00e9 des enfants et des familles\" \/>\n<meta property=\"og:description\" content=\"Les enfants sont vuln\u00e9rables face aux crises sociales, \u00e9conomiques, sanitaires ou climatiques. Face \u00e0 cette r\u00e9alit\u00e9, le BICE agit.\" \/>\n<meta property=\"og:url\" content=\"https:\/\/bice.org\/fr\/actions-de-terrain\/domaines-daction\/le-bice-aide-les-familles-a-se-reconstruire-face-aux-crises\/\" \/>\n<meta property=\"og:site_name\" content=\"BICE - ONG de protection des droits de l&#039;enfant\" \/>\n<meta property=\"article:modified_time\" content=\"2025-12-19T10:58:33+00:00\" \/>\n<meta property=\"og:image\" content=\"https:\/\/i0.wp.com\/bice.org\/app\/uploads\/2022\/09\/page-crise.jpg?fit=1000%2C580&ssl=1\" \/>\n\t<meta property=\"og:image:width\" content=\"1000\" \/>\n\t<meta property=\"og:image:height\" content=\"580\" \/>\n\t<meta property=\"og:image:type\" content=\"image\/jpeg\" \/>\n<meta name=\"twitter:card\" content=\"summary_large_image\" \/>\n<meta name=\"twitter:label1\" content=\"Dur\u00e9e de lecture estim\u00e9e\" \/>\n\t<meta name=\"twitter:data1\" content=\"6 minutes\" \/>\n<!-- \/ Yoast SEO plugin. -->","yoast_head_json":{"title":"Le BICE lutte contre la pauvret\u00e9 des enfants et des familles","description":"Les enfants sont vuln\u00e9rables face aux crises sociales, \u00e9conomiques, sanitaires ou climatiques. Face \u00e0 cette r\u00e9alit\u00e9, le BICE agit.","robots":{"index":"index","follow":"follow","max-snippet":"max-snippet:-1","max-image-preview":"max-image-preview:large","max-video-preview":"max-video-preview:-1"},"canonical":"https:\/\/bice.org\/fr\/wp-json\/wp\/v2\/pages\/79680","og_locale":"fr_FR","og_type":"article","og_title":"Le BICE lutte contre la pauvret\u00e9 des enfants et des familles","og_description":"Les enfants sont vuln\u00e9rables face aux crises sociales, \u00e9conomiques, sanitaires ou climatiques. Face \u00e0 cette r\u00e9alit\u00e9, le BICE agit.","og_url":"https:\/\/bice.org\/fr\/actions-de-terrain\/domaines-daction\/le-bice-aide-les-familles-a-se-reconstruire-face-aux-crises\/","og_site_name":"BICE - ONG de protection des droits de l&#039;enfant","article_modified_time":"2025-12-19T10:58:33+00:00","og_image":[{"width":1000,"height":580,"url":"https:\/\/i0.wp.com\/bice.org\/app\/uploads\/2022\/09\/page-crise.jpg?fit=1000%2C580&ssl=1","type":"image\/jpeg"}],"twitter_card":"summary_large_image","twitter_misc":{"Dur\u00e9e de lecture estim\u00e9e":"6 minutes"},"schema":{"@context":"https:\/\/schema.org","@graph":[{"@type":"WebPage","@id":"https:\/\/bice.org\/fr\/actions-de-terrain\/domaines-daction\/le-bice-aide-les-familles-a-se-reconstruire-face-aux-crises\/","url":"https:\/\/bice.org\/fr\/actions-de-terrain\/domaines-daction\/le-bice-aide-les-familles-a-se-reconstruire-face-aux-crises\/","name":"Le BICE lutte contre la pauvret\u00e9 des enfants et des familles","isPartOf":{"@id":"https:\/\/bice.org\/fr\/#website"},"primaryImageOfPage":{"@id":"https:\/\/bice.org\/fr\/actions-de-terrain\/domaines-daction\/le-bice-aide-les-familles-a-se-reconstruire-face-aux-crises\/#primaryimage"},"image":{"@id":"https:\/\/bice.org\/fr\/actions-de-terrain\/domaines-daction\/le-bice-aide-les-familles-a-se-reconstruire-face-aux-crises\/#primaryimage"},"thumbnailUrl":"https:\/\/i0.wp.com\/bice.org\/app\/uploads\/2022\/09\/page-crise.jpg?fit=1000%2C580&ssl=1","datePublished":"2022-09-16T13:38:57+00:00","dateModified":"2025-12-19T10:58:33+00:00","description":"Les enfants sont vuln\u00e9rables face aux crises sociales, \u00e9conomiques, sanitaires ou climatiques. Face \u00e0 cette r\u00e9alit\u00e9, le BICE agit.","breadcrumb":{"@id":"https:\/\/bice.org\/fr\/actions-de-terrain\/domaines-daction\/le-bice-aide-les-familles-a-se-reconstruire-face-aux-crises\/#breadcrumb"},"inLanguage":"fr-FR","potentialAction":[{"@type":"ReadAction","target":["https:\/\/bice.org\/fr\/actions-de-terrain\/domaines-daction\/le-bice-aide-les-familles-a-se-reconstruire-face-aux-crises\/"]}]},{"@type":"ImageObject","inLanguage":"fr-FR","@id":"https:\/\/bice.org\/fr\/actions-de-terrain\/domaines-daction\/le-bice-aide-les-familles-a-se-reconstruire-face-aux-crises\/#primaryimage","url":"https:\/\/i0.wp.com\/bice.org\/app\/uploads\/2022\/09\/page-crise.jpg?fit=1000%2C580&ssl=1","contentUrl":"https:\/\/i0.wp.com\/bice.org\/app\/uploads\/2022\/09\/page-crise.jpg?fit=1000%2C580&ssl=1","width":1000,"height":580,"caption":"\u00a9 Gewevuca"},{"@type":"BreadcrumbList","@id":"https:\/\/bice.org\/fr\/actions-de-terrain\/domaines-daction\/le-bice-aide-les-familles-a-se-reconstruire-face-aux-crises\/#breadcrumb","itemListElement":[{"@type":"ListItem","position":1,"name":"Accueil","item":"https:\/\/bice.org\/fr\/"},{"@type":"ListItem","position":2,"name":"Nos actions de terrain","item":"https:\/\/bice.org\/fr\/actions-de-terrain\/"},{"@type":"ListItem","position":3,"name":"Domaines d&#8217;action","item":"https:\/\/bice.org\/fr\/actions-de-terrain\/domaines-daction\/"},{"@type":"ListItem","position":4,"name":"Le BICE soutient les jeunes et les familles confront\u00e9s \u00e0 la pauvret\u00e9\u00a0"}]},{"@type":"WebSite","@id":"https:\/\/bice.org\/fr\/#website","url":"https:\/\/bice.org\/fr\/","name":"BICE - ONG de protection des droits de l&#039;enfant","description":"Notre mission : D\u00e9fendre les droits et la dignit\u00e9 des enfants partout dans le monde","publisher":{"@id":"https:\/\/bice.org\/fr\/#organization"},"potentialAction":[{"@type":"SearchAction","target":{"@type":"EntryPoint","urlTemplate":"https:\/\/bice.org\/fr\/?s={search_term_string}"},"query-input":{"@type":"PropertyValueSpecification","valueRequired":true,"valueName":"search_term_string"}}],"inLanguage":"fr-FR"},{"@type":"Organization","@id":"https:\/\/bice.org\/fr\/#organization","name":"BICE","url":"https:\/\/bice.org\/fr\/","logo":{"@type":"ImageObject","inLanguage":"fr-FR","@id":"https:\/\/bice.org\/fr\/#\/schema\/logo\/image\/","url":"https:\/\/bice.org\/app\/uploads\/2022\/06\/favicon.ico","contentUrl":"https:\/\/bice.org\/app\/uploads\/2022\/06\/favicon.ico","width":64,"height":64,"caption":"BICE"},"image":{"@id":"https:\/\/bice.org\/fr\/#\/schema\/logo\/image\/"}}]}},"jetpack_sharing_enabled":true,"_links":{"self":[{"href":"https:\/\/bice.org\/fr\/wp-json\/wp\/v2\/pages\/79680","targetHints":{"allow":["GET"]}}],"collection":[{"href":"https:\/\/bice.org\/fr\/wp-json\/wp\/v2\/pages"}],"about":[{"href":"https:\/\/bice.org\/fr\/wp-json\/wp\/v2\/types\/page"}],"author":[{"embeddable":true,"href":"https:\/\/bice.org\/fr\/wp-json\/wp\/v2\/users\/19"}],"replies":[{"embeddable":true,"href":"https:\/\/bice.org\/fr\/wp-json\/wp\/v2\/comments?post=79680"}],"version-history":[{"count":5,"href":"https:\/\/bice.org\/fr\/wp-json\/wp\/v2\/pages\/79680\/revisions"}],"predecessor-version":[{"id":315342,"href":"https:\/\/bice.org\/fr\/wp-json\/wp\/v2\/pages\/79680\/revisions\/315342"}],"up":[{"embeddable":true,"href":"https:\/\/bice.org\/fr\/wp-json\/wp\/v2\/pages\/9558"}],"wp:featuredmedia":[{"embeddable":true,"href":"https:\/\/bice.org\/fr\/wp-json\/wp\/v2\/media\/79681"}],"wp:attachment":[{"href":"https:\/\/bice.org\/fr\/wp-json\/wp\/v2\/media?parent=79680"}],"curies":[{"name":"wp","href":"https:\/\/api.w.org\/{rel}","templated":true}]}}