{"id":8898,"date":"2015-11-04T12:10:09","date_gmt":"2015-11-04T12:10:09","guid":{"rendered":"https:\/\/bice.org\/fr\/?page_id=8898"},"modified":"2024-09-10T10:01:39","modified_gmt":"2024-09-10T08:01:39","slug":"le-bice","status":"publish","type":"page","link":"https:\/\/bice.org\/fr\/le-bice\/","title":{"rendered":"Le BICE, une ONG de protection des droits de l&#8217;enfant"},"content":{"rendered":"\n<p>Association de droit fran\u00e7ais (loi 1901), le BICE<strong> <\/strong>travaille au service de tous les enfants, sans discrimination ni pros\u00e9lytisme, quelle que soit leur origine, leur culture, leur nationalit\u00e9 ou leur religion. <\/p>\n\n\n\n<p><a href=\"https:\/\/bice.org\/fr\/le-bice\/qui-sommes-nous\/\">Association catholique internationale<\/a> cr\u00e9\u00e9e en 1948 \u00e0 l&#8217;appel du Pape, le BICE agit dans plus de 30 pays avec des organisations locales. Son r\u00e9seau comprend ainsi plus de 80 structures, en Afrique, en Am\u00e9rique latine, en Asie, en Europe et au Proche-Orient, engag\u00e9es dans la protection de l\u2019enfance.<\/p>\n\n\n\n<p>Le si\u00e8ge social de notre ONG est situ\u00e9 en France, \u00e0 Paris. Gr\u00e2ce \u00e0 son statut consultatif, le BICE intervient r\u00e9guli\u00e8rement au Conseil des droits de l\u2019homme de l\u2019ONU et au Comit\u00e9 des droits de l\u2019enfant de l\u2019ONU situ\u00e9s tous les deux \u00e0 Gen\u00e8ve, et dispose \u00e0 cet effet d\u2019un bureau en Suisse.<\/p>\n\n\n\n<p class=\"has-small-font-size\"><strong>Plus de renseignements ci-dessous. Vous pouvez aussi nous contacter via notre&nbsp;<a href=\"https:\/\/bice.org\/fr\/contact\/\">page de contact<\/a>, <a href=\"mailto:contact@bice.org\">par email<\/a> ou par t\u00e9l\u00e9phone au 01 53 35 01 00.<\/strong><\/p>\n","protected":false},"excerpt":{"rendered":"<p>Le Bureau International Catholique de l\u2019Enfance (BICE), cr\u00e9\u00e9 en 1948 et reconnue par le Saint-Si\u00e8ge, est une association de d\u00e9fense de la dignit\u00e9 et des droits de l\u2019enfant.<\/p>\n","protected":false},"author":1,"featured_media":144321,"parent":0,"menu_order":0,"comment_status":"closed","ping_status":"closed","template":"views\/page-node.blade.php","meta":{"_acf_changed":false,"footnotes":""},"class_list":["post-8898","page","type-page","status-publish","has-post-thumbnail","hentry"],"acf":[],"yoast_head":"<!-- This site is optimized with the Yoast SEO plugin v27.2 - https:\/\/yoast.com\/product\/yoast-seo-wordpress\/ -->\n<title>Le BICE, une ONG de protection des droits de l&#039;enfant - BICE - ONG de protection des droits de l&#039;enfant<\/title>\n<meta name=\"robots\" content=\"index, follow, max-snippet:-1, max-image-preview:large, max-video-preview:-1\" \/>\n<link rel=\"canonical\" href=\"https:\/\/bice.org\/fr\/wp-json\/wp\/v2\/pages\/8898\" \/>\n<meta property=\"og:locale\" content=\"fr_FR\" \/>\n<meta property=\"og:type\" content=\"article\" \/>\n<meta property=\"og:title\" content=\"Le BICE, une ONG de protection des droits de l&#039;enfant - BICE - ONG de protection des droits de l&#039;enfant\" \/>\n<meta property=\"og:description\" content=\"Le Bureau International Catholique de l\u2019Enfance (BICE), cr\u00e9\u00e9 en 1948 et reconnue par le Saint-Si\u00e8ge, est une association de d\u00e9fense de la dignit\u00e9 et des droits de l\u2019enfant.\" \/>\n<meta property=\"og:url\" content=\"https:\/\/bice.org\/fr\/le-bice\/\" \/>\n<meta property=\"og:site_name\" content=\"BICE - ONG de protection des droits de l&#039;enfant\" \/>\n<meta property=\"article:modified_time\" content=\"2024-09-10T08:01:39+00:00\" \/>\n<meta property=\"og:image\" content=\"https:\/\/i0.wp.com\/bice.org\/app\/uploads\/2023\/04\/cote-divoire.jpg?fit=1000%2C580&ssl=1\" \/>\n\t<meta property=\"og:image:width\" content=\"1000\" \/>\n\t<meta property=\"og:image:height\" content=\"580\" \/>\n\t<meta property=\"og:image:type\" content=\"image\/jpeg\" \/>\n<meta name=\"twitter:card\" content=\"summary_large_image\" \/>\n<meta name=\"twitter:label1\" content=\"Dur\u00e9e de lecture estim\u00e9e\" \/>\n\t<meta name=\"twitter:data1\" content=\"1 minute\" \/>\n<!-- \/ Yoast SEO plugin. -->","yoast_head_json":{"title":"Le BICE, une ONG de protection des droits de l'enfant - BICE - ONG de protection des droits de l&#039;enfant","robots":{"index":"index","follow":"follow","max-snippet":"max-snippet:-1","max-image-preview":"max-image-preview:large","max-video-preview":"max-video-preview:-1"},"canonical":"https:\/\/bice.org\/fr\/wp-json\/wp\/v2\/pages\/8898","og_locale":"fr_FR","og_type":"article","og_title":"Le BICE, une ONG de protection des droits de l'enfant - BICE - ONG de protection des droits de l&#039;enfant","og_description":"Le Bureau International Catholique de l\u2019Enfance (BICE), cr\u00e9\u00e9 en 1948 et reconnue par le Saint-Si\u00e8ge, est une association de d\u00e9fense de la dignit\u00e9 et des droits de l\u2019enfant.","og_url":"https:\/\/bice.org\/fr\/le-bice\/","og_site_name":"BICE - ONG de protection des droits de l&#039;enfant","article_modified_time":"2024-09-10T08:01:39+00:00","og_image":[{"width":1000,"height":580,"url":"https:\/\/i0.wp.com\/bice.org\/app\/uploads\/2023\/04\/cote-divoire.jpg?fit=1000%2C580&ssl=1","type":"image\/jpeg"}],"twitter_card":"summary_large_image","twitter_misc":{"Dur\u00e9e de lecture estim\u00e9e":"1 minute"},"schema":{"@context":"https:\/\/schema.org","@graph":[{"@type":"WebPage","@id":"https:\/\/bice.org\/fr\/le-bice\/","url":"https:\/\/bice.org\/fr\/le-bice\/","name":"Le BICE, une ONG de protection des droits de l'enfant - BICE - ONG de protection des droits de l&#039;enfant","isPartOf":{"@id":"https:\/\/bice.org\/fr\/#website"},"primaryImageOfPage":{"@id":"https:\/\/bice.org\/fr\/le-bice\/#primaryimage"},"image":{"@id":"https:\/\/bice.org\/fr\/le-bice\/#primaryimage"},"thumbnailUrl":"https:\/\/i0.wp.com\/bice.org\/app\/uploads\/2023\/04\/cote-divoire.jpg?fit=1000%2C580&ssl=1","datePublished":"2015-11-04T12:10:09+00:00","dateModified":"2024-09-10T08:01:39+00:00","breadcrumb":{"@id":"https:\/\/bice.org\/fr\/le-bice\/#breadcrumb"},"inLanguage":"fr-FR","potentialAction":[{"@type":"ReadAction","target":["https:\/\/bice.org\/fr\/le-bice\/"]}]},{"@type":"ImageObject","inLanguage":"fr-FR","@id":"https:\/\/bice.org\/fr\/le-bice\/#primaryimage","url":"https:\/\/i0.wp.com\/bice.org\/app\/uploads\/2023\/04\/cote-divoire.jpg?fit=1000%2C580&ssl=1","contentUrl":"https:\/\/i0.wp.com\/bice.org\/app\/uploads\/2023\/04\/cote-divoire.jpg?fit=1000%2C580&ssl=1","width":1000,"height":580,"caption":"\u00a9 T.P. \/ BICE, C\u00f4te d'Ivoire"},{"@type":"BreadcrumbList","@id":"https:\/\/bice.org\/fr\/le-bice\/#breadcrumb","itemListElement":[{"@type":"ListItem","position":1,"name":"Accueil","item":"https:\/\/bice.org\/fr\/"},{"@type":"ListItem","position":2,"name":"Le BICE, une ONG de protection des droits de l&#8217;enfant"}]},{"@type":"WebSite","@id":"https:\/\/bice.org\/fr\/#website","url":"https:\/\/bice.org\/fr\/","name":"BICE - ONG de protection des droits de l&#039;enfant","description":"Notre mission : D\u00e9fendre les droits et la dignit\u00e9 des enfants partout dans le monde","publisher":{"@id":"https:\/\/bice.org\/fr\/#organization"},"potentialAction":[{"@type":"SearchAction","target":{"@type":"EntryPoint","urlTemplate":"https:\/\/bice.org\/fr\/?s={search_term_string}"},"query-input":{"@type":"PropertyValueSpecification","valueRequired":true,"valueName":"search_term_string"}}],"inLanguage":"fr-FR"},{"@type":"Organization","@id":"https:\/\/bice.org\/fr\/#organization","name":"BICE","url":"https:\/\/bice.org\/fr\/","logo":{"@type":"ImageObject","inLanguage":"fr-FR","@id":"https:\/\/bice.org\/fr\/#\/schema\/logo\/image\/","url":"https:\/\/bice.org\/app\/uploads\/2022\/06\/favicon.ico","contentUrl":"https:\/\/bice.org\/app\/uploads\/2022\/06\/favicon.ico","width":64,"height":64,"caption":"BICE"},"image":{"@id":"https:\/\/bice.org\/fr\/#\/schema\/logo\/image\/"}}]}},"jetpack_sharing_enabled":true,"_links":{"self":[{"href":"https:\/\/bice.org\/fr\/wp-json\/wp\/v2\/pages\/8898","targetHints":{"allow":["GET"]}}],"collection":[{"href":"https:\/\/bice.org\/fr\/wp-json\/wp\/v2\/pages"}],"about":[{"href":"https:\/\/bice.org\/fr\/wp-json\/wp\/v2\/types\/page"}],"author":[{"embeddable":true,"href":"https:\/\/bice.org\/fr\/wp-json\/wp\/v2\/users\/1"}],"replies":[{"embeddable":true,"href":"https:\/\/bice.org\/fr\/wp-json\/wp\/v2\/comments?post=8898"}],"version-history":[{"count":0,"href":"https:\/\/bice.org\/fr\/wp-json\/wp\/v2\/pages\/8898\/revisions"}],"wp:featuredmedia":[{"embeddable":true,"href":"https:\/\/bice.org\/fr\/wp-json\/wp\/v2\/media\/144321"}],"wp:attachment":[{"href":"https:\/\/bice.org\/fr\/wp-json\/wp\/v2\/media?parent=8898"}],"curies":[{"name":"wp","href":"https:\/\/api.w.org\/{rel}","templated":true}]}}